{"id":198484,"date":"2024-05-15T16:48:45","date_gmt":"2024-05-15T14:48:45","guid":{"rendered":"https:\/\/shop.bantam.ch\/produit\/pann-solaire-compact-campere-plugn-light\/"},"modified":"2026-04-17T23:10:32","modified_gmt":"2026-04-17T21:10:32","slug":"pann-solaire-compact-campere-plugn-light","status":"publish","type":"product","link":"https:\/\/shop.bantam.ch\/fr\/produit\/pann-solaire-compact-campere-plugn-light\/","title":{"rendered":"Pann solaire Compact campere Plug&rsquo;n Light"},"content":{"rendered":"<p>Module monocristallin avec cellules First Choice v\u00e9rifi\u00e9es (78 x 39 mm)<\/p>\n<p>Avec les produits campere comme les modules solaires de 25 et 105, vous obtenez une utilisation optimale de la surface libre disponible.<\/p>\n<ul>\n<li>Extension simple de l&rsquo;installation possible gr\u00e2ce au Plug &amp; Play, pas de pose de c\u00e2bles co\u00fbteuse n\u00e9cessaire.<\/li>\n<li>Possibilit\u00e9 d&rsquo;extension \u00e0 moindre co\u00fbt, en cas d&rsquo;\u00e9quipement ult\u00e9rieur, les frais d&rsquo;installation sont minimes.<\/li>\n<li>Montage facile avec des c\u00e2bles et des connecteurs d\u00e9j\u00e0 configur\u00e9s. Possibilit\u00e9 de combiner des modules de diff\u00e9rentes tailles et puissances.<\/li>\n<li>Extension simple de l&rsquo;installation solaire sur le toit gr\u00e2ce \u00e0 des accessoires et extensible \u00e0 volont\u00e9.<\/li>\n<li>Connexion facile gr\u00e2ce au plug and play.<\/li>\n<li>Connexions \u00e9tanches \u00e0 l&rsquo;eau<\/li>\n<li>Cadre int\u00e9gr\u00e9<\/li>\n<li>Modules faciles \u00e0 coller<\/li>\n<li>Ventilation arri\u00e8re optimale<\/li>\n<li>Utilisation optimale de la surface du toit gr\u00e2ce \u00e0 des modules l\u00e9gers et compacts<\/li>\n<li>Configuration individuelle gr\u00e2ce au syst\u00e8me modulaire<\/li>\n<li>Connexions d\u00e9tachables en cas de besoin<\/li>\n<li>C\u00e2ble puissant de 6 mm<\/li>\n<li>Modules avec connecteurs MC4 mont\u00e9s<\/li>\n<li>Rendement suppl\u00e9mentaire de plusieurs zones\u00ae gr\u00e2ce \u00e0 une connexion optimis\u00e9e des cellules<\/li>\n<li>Extensible comme un jeu d&rsquo;enfant Haute performance, longue dur\u00e9e de vie des modules<\/li>\n<li>Prot\u00e9g\u00e9 par un brevet<\/li>\n<\/ul>\n<p>Moins de perte de puissance en cas d&rsquo;ombrage partiel.<\/p>\n<p>\nSi, lors d&rsquo;un montage classique en s\u00e9rie, un module solaire est partiellement ombrag\u00e9, cela r\u00e9duit le rendement \u00e9lectrique de tous les autres modules. Le montage en parall\u00e8le innovant des modules solaires campere SPL25 et SPL105 de LILIE emp\u00eache cet effet. \u00c9tant donn\u00e9 que la tension reste la m\u00eame dans un circuit parall\u00e8le, seule la puissance des modules partiellement ombrag\u00e9s est limit\u00e9e. Tous les autres modules continuent \u00e0 fournir une pleine puissance.<\/p>\n<p>Relier diff\u00e9rentes intensit\u00e9s de courant avec les modules solaires campere de LILIE. Contrairement au montage classique en s\u00e9rie, les modules solaires campere mont\u00e9s en parall\u00e8le peuvent \u00e9galement \u00eatre connect\u00e9s avec des intensit\u00e9s de courant diff\u00e9rentes. L&rsquo;intensit\u00e9 du courant de tous les modules est additionn\u00e9e et constitue ainsi l&rsquo;intensit\u00e9 totale du courant. Les modules solaires doivent simplement pr\u00e9senter la m\u00eame tension.<\/p>\n<p>Certifications<\/p>\n<ul>\n<li>CEI 61215 Classe de s\u00e9curit\u00e9 II<\/li>\n<li>CEI 61730-1\u00e5, CEI 61730-2<\/li>\n<li>CE 2006\/95\/EC<\/li>\n<\/ul>\n<p>Mat\u00e9riau : monocristallin, cadre creux en aluminium, verre sp\u00e9cial incassable<\/p>\n","protected":false},"excerpt":{"rendered":"<p>Module monocristallin avec cellules First Choice v\u00e9rifi\u00e9es (78 x 39 mm) Avec les produits campere comme les modules solaires de 25 et 105, vous obtenez une utilisation optimale de la surface libre disponible. Extension simple de l&rsquo;installation possible gr\u00e2ce au Plug &amp; Play, pas de pose de c\u00e2bles co\u00fbteuse n\u00e9cessaire. Possibilit\u00e9 d&rsquo;extension \u00e0 moindre co\u00fbt, [&hellip;]<\/p>\n","protected":false},"featured_media":207252,"template":"","meta":{"_acf_changed":false},"product_featured_cat":[],"product_brand":[5263],"product_cat":[4883],"product_tag":[],"class_list":{"0":"post-198484","1":"product","2":"type-product","3":"status-publish","4":"has-post-thumbnail","6":"product_brand-campere","7":"product_cat-modules-solaires","9":"first","10":"instock","11":"taxable","12":"shipping-taxable","13":"purchasable","14":"product-type-simple"},"acf":[],"yoast_head":"<!-- This site is optimized with the Yoast SEO plugin v27.4 - https:\/\/yoast.com\/product\/yoast-seo-wordpress\/ -->\n<title>Pann solaire Compact campere Plug&#039;n Light - Bantam Wankm\u00fcller SA<\/title>\n<meta name=\"robots\" content=\"index, follow, max-snippet:-1, max-image-preview:large, max-video-preview:-1\" \/>\n<link rel=\"canonical\" href=\"https:\/\/shop.bantam.ch\/fr\/produit\/pann-solaire-compact-campere-plugn-light\/\" \/>\n<meta property=\"og:locale\" content=\"fr_FR\" \/>\n<meta property=\"og:type\" content=\"article\" \/>\n<meta property=\"og:title\" content=\"Pann solaire Compact campere Plug&#039;n Light - Bantam Wankm\u00fcller SA\" \/>\n<meta property=\"og:description\" content=\"Module monocristallin avec cellules First Choice v\u00e9rifi\u00e9es (78 x 39 mm) Avec les produits campere comme les modules solaires de 25 et 105, vous obtenez une utilisation optimale de la surface libre disponible. Extension simple de l&rsquo;installation possible gr\u00e2ce au Plug &amp; Play, pas de pose de c\u00e2bles co\u00fbteuse n\u00e9cessaire. Possibilit\u00e9 d&rsquo;extension \u00e0 moindre co\u00fbt, [&hellip;]\" \/>\n<meta property=\"og:url\" content=\"https:\/\/shop.bantam.ch\/fr\/produit\/pann-solaire-compact-campere-plugn-light\/\" \/>\n<meta property=\"og:site_name\" content=\"Bantam Wankm\u00fcller SA\" \/>\n<meta property=\"article:modified_time\" content=\"2026-04-17T21:10:32+00:00\" \/>\n<meta property=\"og:image\" content=\"https:\/\/shop.bantam.ch\/wp-content\/uploads\/2024\/05\/Movera-L-9962242100.jpg\" \/>\n\t<meta property=\"og:image:width\" content=\"640\" \/>\n\t<meta property=\"og:image:height\" content=\"360\" \/>\n\t<meta property=\"og:image:type\" content=\"image\/jpeg\" \/>\n<meta name=\"twitter:card\" content=\"summary_large_image\" \/>\n<meta name=\"twitter:label1\" content=\"Dur\u00e9e de lecture estim\u00e9e\" \/>\n\t<meta name=\"twitter:data1\" content=\"2 minutes\" \/>\n<script type=\"application\/ld+json\" class=\"yoast-schema-graph\">{\"@context\":\"https:\\\/\\\/schema.org\",\"@graph\":[{\"@type\":\"WebPage\",\"@id\":\"https:\\\/\\\/shop.bantam.ch\\\/fr\\\/produit\\\/pann-solaire-compact-campere-plugn-light\\\/\",\"url\":\"https:\\\/\\\/shop.bantam.ch\\\/fr\\\/produit\\\/pann-solaire-compact-campere-plugn-light\\\/\",\"name\":\"Pann solaire Compact campere Plug'n Light - Bantam Wankm\u00fcller SA\",\"isPartOf\":{\"@id\":\"https:\\\/\\\/shop.bantam.ch\\\/fr\\\/#website\"},\"primaryImageOfPage\":{\"@id\":\"https:\\\/\\\/shop.bantam.ch\\\/fr\\\/produit\\\/pann-solaire-compact-campere-plugn-light\\\/#primaryimage\"},\"image\":{\"@id\":\"https:\\\/\\\/shop.bantam.ch\\\/fr\\\/produit\\\/pann-solaire-compact-campere-plugn-light\\\/#primaryimage\"},\"thumbnailUrl\":\"https:\\\/\\\/shop.bantam.ch\\\/wp-content\\\/uploads\\\/2024\\\/09\\\/Movera-L-9962242100.jpg\",\"datePublished\":\"2024-05-15T14:48:45+00:00\",\"dateModified\":\"2026-04-17T21:10:32+00:00\",\"breadcrumb\":{\"@id\":\"https:\\\/\\\/shop.bantam.ch\\\/fr\\\/produit\\\/pann-solaire-compact-campere-plugn-light\\\/#breadcrumb\"},\"inLanguage\":\"fr-FR\",\"potentialAction\":[{\"@type\":\"ReadAction\",\"target\":[\"https:\\\/\\\/shop.bantam.ch\\\/fr\\\/produit\\\/pann-solaire-compact-campere-plugn-light\\\/\"]}]},{\"@type\":\"ImageObject\",\"inLanguage\":\"fr-FR\",\"@id\":\"https:\\\/\\\/shop.bantam.ch\\\/fr\\\/produit\\\/pann-solaire-compact-campere-plugn-light\\\/#primaryimage\",\"url\":\"https:\\\/\\\/shop.bantam.ch\\\/wp-content\\\/uploads\\\/2024\\\/09\\\/Movera-L-9962242100.jpg\",\"contentUrl\":\"https:\\\/\\\/shop.bantam.ch\\\/wp-content\\\/uploads\\\/2024\\\/09\\\/Movera-L-9962242100.jpg\",\"width\":640,\"height\":360},{\"@type\":\"BreadcrumbList\",\"@id\":\"https:\\\/\\\/shop.bantam.ch\\\/fr\\\/produit\\\/pann-solaire-compact-campere-plugn-light\\\/#breadcrumb\",\"itemListElement\":[{\"@type\":\"ListItem\",\"position\":1,\"name\":\"Accueil\",\"item\":\"https:\\\/\\\/shop.bantam.ch\\\/fr\\\/\"},{\"@type\":\"ListItem\",\"position\":2,\"name\":\"Boutique\",\"item\":\"https:\\\/\\\/shop.bantam.ch\\\/fr\\\/boutique\\\/\"},{\"@type\":\"ListItem\",\"position\":3,\"name\":\"Pann solaire Compact campere Plug&#8217;n Light\"}]},{\"@type\":\"WebSite\",\"@id\":\"https:\\\/\\\/shop.bantam.ch\\\/fr\\\/#website\",\"url\":\"https:\\\/\\\/shop.bantam.ch\\\/fr\\\/\",\"name\":\"Bantam Wankm\u00fcller SA\",\"description\":\"\",\"publisher\":{\"@id\":\"https:\\\/\\\/shop.bantam.ch\\\/fr\\\/#organization\"},\"inLanguage\":\"fr-FR\"},{\"@type\":\"Organization\",\"@id\":\"https:\\\/\\\/shop.bantam.ch\\\/fr\\\/#organization\",\"name\":\"Bantam Wankm\u00fcller SA\",\"url\":\"https:\\\/\\\/shop.bantam.ch\\\/fr\\\/\",\"logo\":{\"@type\":\"ImageObject\",\"inLanguage\":\"fr-FR\",\"@id\":\"https:\\\/\\\/shop.bantam.ch\\\/fr\\\/#\\\/schema\\\/logo\\\/image\\\/\",\"url\":\"https:\\\/\\\/shop.bantam.ch\\\/wp-content\\\/uploads\\\/2022\\\/12\\\/bantam-logo.png\",\"contentUrl\":\"https:\\\/\\\/shop.bantam.ch\\\/wp-content\\\/uploads\\\/2022\\\/12\\\/bantam-logo.png\",\"width\":320,\"height\":71,\"caption\":\"Bantam Wankm\u00fcller SA\"},\"image\":{\"@id\":\"https:\\\/\\\/shop.bantam.ch\\\/fr\\\/#\\\/schema\\\/logo\\\/image\\\/\"}}]}<\/script>\n<!-- \/ Yoast SEO plugin. -->","yoast_head_json":{"title":"Pann solaire Compact campere Plug'n Light - Bantam Wankm\u00fcller SA","robots":{"index":"index","follow":"follow","max-snippet":"max-snippet:-1","max-image-preview":"max-image-preview:large","max-video-preview":"max-video-preview:-1"},"canonical":"https:\/\/shop.bantam.ch\/fr\/produit\/pann-solaire-compact-campere-plugn-light\/","og_locale":"fr_FR","og_type":"article","og_title":"Pann solaire Compact campere Plug'n Light - Bantam Wankm\u00fcller SA","og_description":"Module monocristallin avec cellules First Choice v\u00e9rifi\u00e9es (78 x 39 mm) Avec les produits campere comme les modules solaires de 25 et 105, vous obtenez une utilisation optimale de la surface libre disponible. Extension simple de l&rsquo;installation possible gr\u00e2ce au Plug &amp; Play, pas de pose de c\u00e2bles co\u00fbteuse n\u00e9cessaire. Possibilit\u00e9 d&rsquo;extension \u00e0 moindre co\u00fbt, [&hellip;]","og_url":"https:\/\/shop.bantam.ch\/fr\/produit\/pann-solaire-compact-campere-plugn-light\/","og_site_name":"Bantam Wankm\u00fcller SA","article_modified_time":"2026-04-17T21:10:32+00:00","og_image":[{"width":640,"height":360,"url":"https:\/\/shop.bantam.ch\/wp-content\/uploads\/2024\/05\/Movera-L-9962242100.jpg","type":"image\/jpeg"}],"twitter_card":"summary_large_image","twitter_misc":{"Dur\u00e9e de lecture estim\u00e9e":"2 minutes"},"schema":{"@context":"https:\/\/schema.org","@graph":[{"@type":"WebPage","@id":"https:\/\/shop.bantam.ch\/fr\/produit\/pann-solaire-compact-campere-plugn-light\/","url":"https:\/\/shop.bantam.ch\/fr\/produit\/pann-solaire-compact-campere-plugn-light\/","name":"Pann solaire Compact campere Plug'n Light - Bantam Wankm\u00fcller SA","isPartOf":{"@id":"https:\/\/shop.bantam.ch\/fr\/#website"},"primaryImageOfPage":{"@id":"https:\/\/shop.bantam.ch\/fr\/produit\/pann-solaire-compact-campere-plugn-light\/#primaryimage"},"image":{"@id":"https:\/\/shop.bantam.ch\/fr\/produit\/pann-solaire-compact-campere-plugn-light\/#primaryimage"},"thumbnailUrl":"https:\/\/shop.bantam.ch\/wp-content\/uploads\/2024\/09\/Movera-L-9962242100.jpg","datePublished":"2024-05-15T14:48:45+00:00","dateModified":"2026-04-17T21:10:32+00:00","breadcrumb":{"@id":"https:\/\/shop.bantam.ch\/fr\/produit\/pann-solaire-compact-campere-plugn-light\/#breadcrumb"},"inLanguage":"fr-FR","potentialAction":[{"@type":"ReadAction","target":["https:\/\/shop.bantam.ch\/fr\/produit\/pann-solaire-compact-campere-plugn-light\/"]}]},{"@type":"ImageObject","inLanguage":"fr-FR","@id":"https:\/\/shop.bantam.ch\/fr\/produit\/pann-solaire-compact-campere-plugn-light\/#primaryimage","url":"https:\/\/shop.bantam.ch\/wp-content\/uploads\/2024\/09\/Movera-L-9962242100.jpg","contentUrl":"https:\/\/shop.bantam.ch\/wp-content\/uploads\/2024\/09\/Movera-L-9962242100.jpg","width":640,"height":360},{"@type":"BreadcrumbList","@id":"https:\/\/shop.bantam.ch\/fr\/produit\/pann-solaire-compact-campere-plugn-light\/#breadcrumb","itemListElement":[{"@type":"ListItem","position":1,"name":"Accueil","item":"https:\/\/shop.bantam.ch\/fr\/"},{"@type":"ListItem","position":2,"name":"Boutique","item":"https:\/\/shop.bantam.ch\/fr\/boutique\/"},{"@type":"ListItem","position":3,"name":"Pann solaire Compact campere Plug&#8217;n Light"}]},{"@type":"WebSite","@id":"https:\/\/shop.bantam.ch\/fr\/#website","url":"https:\/\/shop.bantam.ch\/fr\/","name":"Bantam Wankm\u00fcller SA","description":"","publisher":{"@id":"https:\/\/shop.bantam.ch\/fr\/#organization"},"inLanguage":"fr-FR"},{"@type":"Organization","@id":"https:\/\/shop.bantam.ch\/fr\/#organization","name":"Bantam Wankm\u00fcller SA","url":"https:\/\/shop.bantam.ch\/fr\/","logo":{"@type":"ImageObject","inLanguage":"fr-FR","@id":"https:\/\/shop.bantam.ch\/fr\/#\/schema\/logo\/image\/","url":"https:\/\/shop.bantam.ch\/wp-content\/uploads\/2022\/12\/bantam-logo.png","contentUrl":"https:\/\/shop.bantam.ch\/wp-content\/uploads\/2022\/12\/bantam-logo.png","width":320,"height":71,"caption":"Bantam Wankm\u00fcller SA"},"image":{"@id":"https:\/\/shop.bantam.ch\/fr\/#\/schema\/logo\/image\/"}}]}},"_links":{"self":[{"href":"https:\/\/shop.bantam.ch\/fr\/wp-json\/wp\/v2\/product\/198484","targetHints":{"allow":["GET"]}}],"collection":[{"href":"https:\/\/shop.bantam.ch\/fr\/wp-json\/wp\/v2\/product"}],"about":[{"href":"https:\/\/shop.bantam.ch\/fr\/wp-json\/wp\/v2\/types\/product"}],"wp:featuredmedia":[{"embeddable":true,"href":"https:\/\/shop.bantam.ch\/fr\/wp-json\/wp\/v2\/media\/207252"}],"wp:attachment":[{"href":"https:\/\/shop.bantam.ch\/fr\/wp-json\/wp\/v2\/media?parent=198484"}],"wp:term":[{"taxonomy":"product_featured_cat","embeddable":true,"href":"https:\/\/shop.bantam.ch\/fr\/wp-json\/wp\/v2\/product_featured_cat?post=198484"},{"taxonomy":"product_brand","embeddable":true,"href":"https:\/\/shop.bantam.ch\/fr\/wp-json\/wp\/v2\/product_brand?post=198484"},{"taxonomy":"product_cat","embeddable":true,"href":"https:\/\/shop.bantam.ch\/fr\/wp-json\/wp\/v2\/product_cat?post=198484"},{"taxonomy":"product_tag","embeddable":true,"href":"https:\/\/shop.bantam.ch\/fr\/wp-json\/wp\/v2\/product_tag?post=198484"}],"curies":[{"name":"wp","href":"https:\/\/api.w.org\/{rel}","templated":true}]}}