{"id":198468,"date":"2024-05-15T16:48:19","date_gmt":"2024-05-15T14:48:19","guid":{"rendered":"https:\/\/shop.bantam.ch\/produit\/routeur-alden-i-net-512-5g-4g-cat_20-2-sim-4x-lan\/"},"modified":"2026-05-11T23:08:15","modified_gmt":"2026-05-11T21:08:15","slug":"routeur-alden-i-net-512-5g-4g-cat_20-2-sim-4x-lan","status":"publish","type":"product","link":"https:\/\/shop.bantam.ch\/fr\/produit\/routeur-alden-i-net-512-5g-4g-cat_20-2-sim-4x-lan\/","title":{"rendered":"Routeur Alden I-Net-512 5G \/ 4G \/ CAT_20 \/ 2 SIM \/ 4x LAN"},"content":{"rendered":"<p>Le routeur ALDEN I-NET512 de cat\u00e9gorie 20, \u00e9quip\u00e9 d&rsquo;un processeur de derni\u00e8re g\u00e9n\u00e9ration, offre une solution optimale pour l&rsquo;Internet mobile rapide dans les v\u00e9hicules. Profitez d&rsquo;une exp\u00e9rience de voyage en r\u00e9seau sans faille dans les camping-cars, les fourgonnettes ou les caravanes et utilisez la connexion Internet mobile et\/ou Wi-Fi avec jusqu&rsquo;\u00e0 150 appareils connect\u00e9s.<br \/>\nLe kit I-NET Camp 512, compos\u00e9 d&rsquo;un routeur mobile haute performance et d&rsquo;une antenne panoramique 5G \/ 4G, a \u00e9t\u00e9 sp\u00e9cialement con\u00e7u pour les voyages en Europe et en dehors de l&rsquo;Europe, et sp\u00e9cialement adapt\u00e9 aux besoins des voyageurs.<\/p>\n<ul>\n<li>5G \/ LTE CAT_20 \/ jusqu&rsquo;\u00e0 3.3 Gbps<\/li>\n<li>Connexion de jusqu&rsquo;\u00e0 150 appareils<\/li>\n<li>R\u00e9seaux mobiles 5G \/ 4G \/ 3G<\/li>\n<li>Facile \u00e0 installer via WEB-APP<\/li>\n<p>.<\/p>\n<li>2 x emplacements pour cartes SIM, 4 x LAN \/ 1x WAN<\/li>\n<li>Wifi 2.4 Ghz \/ 5.0 Ghz<\/li>\n<li>Entr\u00e9es : 4x SMA pour 5G \/ 4G \/ 2x WiFi \/ 1x GPS<\/li>\n<li>Alimentation \u00e9lectrique : 12 V (9-50 V)<\/li>\n<li>&nbsp;<\/li>\n<\/ul>\n","protected":false},"excerpt":{"rendered":"<p>Le routeur ALDEN I-NET512 de cat\u00e9gorie 20, \u00e9quip\u00e9 d&rsquo;un processeur de derni\u00e8re g\u00e9n\u00e9ration, offre une solution optimale pour l&rsquo;Internet mobile rapide dans les v\u00e9hicules. Profitez d&rsquo;une exp\u00e9rience de voyage en r\u00e9seau sans faille dans les camping-cars, les fourgonnettes ou les caravanes et utilisez la connexion Internet mobile et\/ou Wi-Fi avec jusqu&rsquo;\u00e0 150 appareils connect\u00e9s. Le [&hellip;]<\/p>\n","protected":false},"featured_media":207250,"template":"","meta":{"_acf_changed":false},"product_featured_cat":[],"product_brand":[3076],"product_cat":[5151],"product_tag":[],"class_list":{"0":"post-198468","1":"product","2":"type-product","3":"status-publish","4":"has-post-thumbnail","6":"product_brand-alden","7":"product_cat-antennes-wlan-et-lte","9":"first","10":"instock","11":"taxable","12":"shipping-taxable","13":"purchasable","14":"product-type-simple"},"acf":[],"yoast_head":"<!-- This site is optimized with the Yoast SEO plugin v27.5 - https:\/\/yoast.com\/product\/yoast-seo-wordpress\/ -->\n<title>Routeur Alden I-Net-512 5G \/ 4G \/ CAT_20 \/ 2 SIM \/ 4x LAN - Bantam<\/title>\n<meta name=\"robots\" content=\"index, follow, max-snippet:-1, max-image-preview:large, max-video-preview:-1\" \/>\n<link rel=\"canonical\" href=\"https:\/\/shop.bantam.ch\/fr\/produit\/routeur-alden-i-net-512-5g-4g-cat_20-2-sim-4x-lan\/\" \/>\n<meta property=\"og:locale\" content=\"fr_FR\" \/>\n<meta property=\"og:type\" content=\"article\" \/>\n<meta property=\"og:title\" content=\"Routeur Alden I-Net-512 5G \/ 4G \/ CAT_20 \/ 2 SIM \/ 4x LAN - Bantam\" \/>\n<meta property=\"og:description\" content=\"Le routeur ALDEN I-NET512 de cat\u00e9gorie 20, \u00e9quip\u00e9 d&rsquo;un processeur de derni\u00e8re g\u00e9n\u00e9ration, offre une solution optimale pour l&rsquo;Internet mobile rapide dans les v\u00e9hicules. Profitez d&rsquo;une exp\u00e9rience de voyage en r\u00e9seau sans faille dans les camping-cars, les fourgonnettes ou les caravanes et utilisez la connexion Internet mobile et\/ou Wi-Fi avec jusqu&rsquo;\u00e0 150 appareils connect\u00e9s. Le [&hellip;]\" \/>\n<meta property=\"og:url\" content=\"https:\/\/shop.bantam.ch\/fr\/produit\/routeur-alden-i-net-512-5g-4g-cat_20-2-sim-4x-lan\/\" \/>\n<meta property=\"og:site_name\" content=\"Bantam\" \/>\n<meta property=\"article:modified_time\" content=\"2026-05-11T21:08:15+00:00\" \/>\n<meta property=\"og:image\" content=\"https:\/\/shop.bantam.ch\/wp-content\/uploads\/2024\/05\/Movera-L-9963668100.jpg\" \/>\n\t<meta property=\"og:image:width\" content=\"640\" \/>\n\t<meta property=\"og:image:height\" content=\"515\" \/>\n\t<meta property=\"og:image:type\" content=\"image\/jpeg\" \/>\n<meta name=\"twitter:card\" content=\"summary_large_image\" \/>\n<meta name=\"twitter:label1\" content=\"Dur\u00e9e de lecture estim\u00e9e\" \/>\n\t<meta name=\"twitter:data1\" content=\"1 minute\" \/>\n<script type=\"application\/ld+json\" class=\"yoast-schema-graph\">{\"@context\":\"https:\\\/\\\/schema.org\",\"@graph\":[{\"@type\":\"WebPage\",\"@id\":\"https:\\\/\\\/shop.bantam.ch\\\/fr\\\/produit\\\/routeur-alden-i-net-512-5g-4g-cat_20-2-sim-4x-lan\\\/\",\"url\":\"https:\\\/\\\/shop.bantam.ch\\\/fr\\\/produit\\\/routeur-alden-i-net-512-5g-4g-cat_20-2-sim-4x-lan\\\/\",\"name\":\"Routeur Alden I-Net-512 5G \\\/ 4G \\\/ CAT_20 \\\/ 2 SIM \\\/ 4x LAN - Bantam\",\"isPartOf\":{\"@id\":\"https:\\\/\\\/shop.bantam.ch\\\/fr\\\/#website\"},\"primaryImageOfPage\":{\"@id\":\"https:\\\/\\\/shop.bantam.ch\\\/fr\\\/produit\\\/routeur-alden-i-net-512-5g-4g-cat_20-2-sim-4x-lan\\\/#primaryimage\"},\"image\":{\"@id\":\"https:\\\/\\\/shop.bantam.ch\\\/fr\\\/produit\\\/routeur-alden-i-net-512-5g-4g-cat_20-2-sim-4x-lan\\\/#primaryimage\"},\"thumbnailUrl\":\"https:\\\/\\\/shop.bantam.ch\\\/wp-content\\\/uploads\\\/2024\\\/09\\\/Movera-L-9963668100.jpg\",\"datePublished\":\"2024-05-15T14:48:19+00:00\",\"dateModified\":\"2026-05-11T21:08:15+00:00\",\"breadcrumb\":{\"@id\":\"https:\\\/\\\/shop.bantam.ch\\\/fr\\\/produit\\\/routeur-alden-i-net-512-5g-4g-cat_20-2-sim-4x-lan\\\/#breadcrumb\"},\"inLanguage\":\"fr-FR\",\"potentialAction\":[{\"@type\":\"ReadAction\",\"target\":[\"https:\\\/\\\/shop.bantam.ch\\\/fr\\\/produit\\\/routeur-alden-i-net-512-5g-4g-cat_20-2-sim-4x-lan\\\/\"]}]},{\"@type\":\"ImageObject\",\"inLanguage\":\"fr-FR\",\"@id\":\"https:\\\/\\\/shop.bantam.ch\\\/fr\\\/produit\\\/routeur-alden-i-net-512-5g-4g-cat_20-2-sim-4x-lan\\\/#primaryimage\",\"url\":\"https:\\\/\\\/shop.bantam.ch\\\/wp-content\\\/uploads\\\/2024\\\/09\\\/Movera-L-9963668100.jpg\",\"contentUrl\":\"https:\\\/\\\/shop.bantam.ch\\\/wp-content\\\/uploads\\\/2024\\\/09\\\/Movera-L-9963668100.jpg\",\"width\":640,\"height\":515},{\"@type\":\"BreadcrumbList\",\"@id\":\"https:\\\/\\\/shop.bantam.ch\\\/fr\\\/produit\\\/routeur-alden-i-net-512-5g-4g-cat_20-2-sim-4x-lan\\\/#breadcrumb\",\"itemListElement\":[{\"@type\":\"ListItem\",\"position\":1,\"name\":\"Accueil\",\"item\":\"https:\\\/\\\/shop.bantam.ch\\\/fr\\\/\"},{\"@type\":\"ListItem\",\"position\":2,\"name\":\"Boutique\",\"item\":\"https:\\\/\\\/shop.bantam.ch\\\/fr\\\/boutique\\\/\"},{\"@type\":\"ListItem\",\"position\":3,\"name\":\"Routeur Alden I-Net-512 5G \\\/ 4G \\\/ CAT_20 \\\/ 2 SIM \\\/ 4x LAN\"}]},{\"@type\":\"WebSite\",\"@id\":\"https:\\\/\\\/shop.bantam.ch\\\/fr\\\/#website\",\"url\":\"https:\\\/\\\/shop.bantam.ch\\\/fr\\\/\",\"name\":\"Bantam\",\"description\":\"\",\"publisher\":{\"@id\":\"https:\\\/\\\/shop.bantam.ch\\\/fr\\\/#organization\"},\"inLanguage\":\"fr-FR\"},{\"@type\":\"Organization\",\"@id\":\"https:\\\/\\\/shop.bantam.ch\\\/fr\\\/#organization\",\"name\":\"Bantam\",\"url\":\"https:\\\/\\\/shop.bantam.ch\\\/fr\\\/\",\"logo\":{\"@type\":\"ImageObject\",\"inLanguage\":\"fr-FR\",\"@id\":\"https:\\\/\\\/shop.bantam.ch\\\/fr\\\/#\\\/schema\\\/logo\\\/image\\\/\",\"url\":\"https:\\\/\\\/shop.bantam.ch\\\/wp-content\\\/uploads\\\/2022\\\/12\\\/bantam-logo.png\",\"contentUrl\":\"https:\\\/\\\/shop.bantam.ch\\\/wp-content\\\/uploads\\\/2022\\\/12\\\/bantam-logo.png\",\"width\":320,\"height\":71,\"caption\":\"Bantam\"},\"image\":{\"@id\":\"https:\\\/\\\/shop.bantam.ch\\\/fr\\\/#\\\/schema\\\/logo\\\/image\\\/\"}}]}<\/script>\n<!-- \/ Yoast SEO plugin. -->","yoast_head_json":{"title":"Routeur Alden I-Net-512 5G \/ 4G \/ CAT_20 \/ 2 SIM \/ 4x LAN - Bantam","robots":{"index":"index","follow":"follow","max-snippet":"max-snippet:-1","max-image-preview":"max-image-preview:large","max-video-preview":"max-video-preview:-1"},"canonical":"https:\/\/shop.bantam.ch\/fr\/produit\/routeur-alden-i-net-512-5g-4g-cat_20-2-sim-4x-lan\/","og_locale":"fr_FR","og_type":"article","og_title":"Routeur Alden I-Net-512 5G \/ 4G \/ CAT_20 \/ 2 SIM \/ 4x LAN - Bantam","og_description":"Le routeur ALDEN I-NET512 de cat\u00e9gorie 20, \u00e9quip\u00e9 d&rsquo;un processeur de derni\u00e8re g\u00e9n\u00e9ration, offre une solution optimale pour l&rsquo;Internet mobile rapide dans les v\u00e9hicules. Profitez d&rsquo;une exp\u00e9rience de voyage en r\u00e9seau sans faille dans les camping-cars, les fourgonnettes ou les caravanes et utilisez la connexion Internet mobile et\/ou Wi-Fi avec jusqu&rsquo;\u00e0 150 appareils connect\u00e9s. Le [&hellip;]","og_url":"https:\/\/shop.bantam.ch\/fr\/produit\/routeur-alden-i-net-512-5g-4g-cat_20-2-sim-4x-lan\/","og_site_name":"Bantam","article_modified_time":"2026-05-11T21:08:15+00:00","og_image":[{"width":640,"height":515,"url":"https:\/\/shop.bantam.ch\/wp-content\/uploads\/2024\/05\/Movera-L-9963668100.jpg","type":"image\/jpeg"}],"twitter_card":"summary_large_image","twitter_misc":{"Dur\u00e9e de lecture estim\u00e9e":"1 minute"},"schema":{"@context":"https:\/\/schema.org","@graph":[{"@type":"WebPage","@id":"https:\/\/shop.bantam.ch\/fr\/produit\/routeur-alden-i-net-512-5g-4g-cat_20-2-sim-4x-lan\/","url":"https:\/\/shop.bantam.ch\/fr\/produit\/routeur-alden-i-net-512-5g-4g-cat_20-2-sim-4x-lan\/","name":"Routeur Alden I-Net-512 5G \/ 4G \/ CAT_20 \/ 2 SIM \/ 4x LAN - Bantam","isPartOf":{"@id":"https:\/\/shop.bantam.ch\/fr\/#website"},"primaryImageOfPage":{"@id":"https:\/\/shop.bantam.ch\/fr\/produit\/routeur-alden-i-net-512-5g-4g-cat_20-2-sim-4x-lan\/#primaryimage"},"image":{"@id":"https:\/\/shop.bantam.ch\/fr\/produit\/routeur-alden-i-net-512-5g-4g-cat_20-2-sim-4x-lan\/#primaryimage"},"thumbnailUrl":"https:\/\/shop.bantam.ch\/wp-content\/uploads\/2024\/09\/Movera-L-9963668100.jpg","datePublished":"2024-05-15T14:48:19+00:00","dateModified":"2026-05-11T21:08:15+00:00","breadcrumb":{"@id":"https:\/\/shop.bantam.ch\/fr\/produit\/routeur-alden-i-net-512-5g-4g-cat_20-2-sim-4x-lan\/#breadcrumb"},"inLanguage":"fr-FR","potentialAction":[{"@type":"ReadAction","target":["https:\/\/shop.bantam.ch\/fr\/produit\/routeur-alden-i-net-512-5g-4g-cat_20-2-sim-4x-lan\/"]}]},{"@type":"ImageObject","inLanguage":"fr-FR","@id":"https:\/\/shop.bantam.ch\/fr\/produit\/routeur-alden-i-net-512-5g-4g-cat_20-2-sim-4x-lan\/#primaryimage","url":"https:\/\/shop.bantam.ch\/wp-content\/uploads\/2024\/09\/Movera-L-9963668100.jpg","contentUrl":"https:\/\/shop.bantam.ch\/wp-content\/uploads\/2024\/09\/Movera-L-9963668100.jpg","width":640,"height":515},{"@type":"BreadcrumbList","@id":"https:\/\/shop.bantam.ch\/fr\/produit\/routeur-alden-i-net-512-5g-4g-cat_20-2-sim-4x-lan\/#breadcrumb","itemListElement":[{"@type":"ListItem","position":1,"name":"Accueil","item":"https:\/\/shop.bantam.ch\/fr\/"},{"@type":"ListItem","position":2,"name":"Boutique","item":"https:\/\/shop.bantam.ch\/fr\/boutique\/"},{"@type":"ListItem","position":3,"name":"Routeur Alden I-Net-512 5G \/ 4G \/ CAT_20 \/ 2 SIM \/ 4x LAN"}]},{"@type":"WebSite","@id":"https:\/\/shop.bantam.ch\/fr\/#website","url":"https:\/\/shop.bantam.ch\/fr\/","name":"Bantam","description":"","publisher":{"@id":"https:\/\/shop.bantam.ch\/fr\/#organization"},"inLanguage":"fr-FR"},{"@type":"Organization","@id":"https:\/\/shop.bantam.ch\/fr\/#organization","name":"Bantam","url":"https:\/\/shop.bantam.ch\/fr\/","logo":{"@type":"ImageObject","inLanguage":"fr-FR","@id":"https:\/\/shop.bantam.ch\/fr\/#\/schema\/logo\/image\/","url":"https:\/\/shop.bantam.ch\/wp-content\/uploads\/2022\/12\/bantam-logo.png","contentUrl":"https:\/\/shop.bantam.ch\/wp-content\/uploads\/2022\/12\/bantam-logo.png","width":320,"height":71,"caption":"Bantam"},"image":{"@id":"https:\/\/shop.bantam.ch\/fr\/#\/schema\/logo\/image\/"}}]}},"_links":{"self":[{"href":"https:\/\/shop.bantam.ch\/fr\/wp-json\/wp\/v2\/product\/198468","targetHints":{"allow":["GET"]}}],"collection":[{"href":"https:\/\/shop.bantam.ch\/fr\/wp-json\/wp\/v2\/product"}],"about":[{"href":"https:\/\/shop.bantam.ch\/fr\/wp-json\/wp\/v2\/types\/product"}],"wp:featuredmedia":[{"embeddable":true,"href":"https:\/\/shop.bantam.ch\/fr\/wp-json\/wp\/v2\/media\/207250"}],"wp:attachment":[{"href":"https:\/\/shop.bantam.ch\/fr\/wp-json\/wp\/v2\/media?parent=198468"}],"wp:term":[{"taxonomy":"product_featured_cat","embeddable":true,"href":"https:\/\/shop.bantam.ch\/fr\/wp-json\/wp\/v2\/product_featured_cat?post=198468"},{"taxonomy":"product_brand","embeddable":true,"href":"https:\/\/shop.bantam.ch\/fr\/wp-json\/wp\/v2\/product_brand?post=198468"},{"taxonomy":"product_cat","embeddable":true,"href":"https:\/\/shop.bantam.ch\/fr\/wp-json\/wp\/v2\/product_cat?post=198468"},{"taxonomy":"product_tag","embeddable":true,"href":"https:\/\/shop.bantam.ch\/fr\/wp-json\/wp\/v2\/product_tag?post=198468"}],"curies":[{"name":"wp","href":"https:\/\/api.w.org\/{rel}","templated":true}]}}