{"id":198434,"date":"2024-05-15T16:47:39","date_gmt":"2024-05-15T14:47:39","guid":{"rendered":"https:\/\/shop.bantam.ch\/produit\/energy-generation-kit-phaesun-power-pack-li-on-135-500\/"},"modified":"2026-04-20T23:11:23","modified_gmt":"2026-04-20T21:11:23","slug":"energy-generation-kit-phaesun-power-pack-li-on-135-500","status":"publish","type":"product","link":"https:\/\/shop.bantam.ch\/fr\/produit\/energy-generation-kit-phaesun-power-pack-li-on-135-500\/","title":{"rendered":"Energy Generation Kit Phaesun Power Pack Li-on 135 \/ 500"},"content":{"rendered":"<p>Ce kit permet de disposer de toutes les alimentations possibles pour les loisirs et les activit\u00e9s de plein air.<br \/>\nactivit\u00e9s sont disponibles dans un kit compact et portable. Enti\u00e8rement ind\u00e9pendant<br \/>\ndu r\u00e9seau \u00e9lectrique, la batterie peut \u00eatre recharg\u00e9e avec le module solaire pliable<br \/>\npeut \u00eatre recharg\u00e9. L&rsquo;alimentation convient aussi bien pour les consommateurs AC que pour les<br \/>\nles appareils USB et les consommateurs classiques de 12V. Si le soleil ne suffit pas, il est possible de<br \/>\nIl est \u00e9galement possible de recharger la batterie \u00e0 l&rsquo;aide d&rsquo;un bloc d&rsquo;alimentation et d&rsquo;un adaptateur de voiture.<\/p>\n","protected":false},"excerpt":{"rendered":"<p>Ce kit permet de disposer de toutes les alimentations possibles pour les loisirs et les activit\u00e9s de plein air. activit\u00e9s sont disponibles dans un kit compact et portable. Enti\u00e8rement ind\u00e9pendant du r\u00e9seau \u00e9lectrique, la batterie peut \u00eatre recharg\u00e9e avec le module solaire pliable peut \u00eatre recharg\u00e9. L&rsquo;alimentation convient aussi bien pour les consommateurs AC que [&hellip;]<\/p>\n","protected":false},"featured_media":207246,"template":"","meta":{"_acf_changed":false},"product_featured_cat":[],"product_brand":[3320],"product_cat":[5129],"product_tag":[],"class_list":{"0":"post-198434","1":"product","2":"type-product","3":"status-publish","4":"has-post-thumbnail","6":"product_brand-phaesun","7":"product_cat-batteries-portables","9":"first","10":"instock","11":"taxable","12":"shipping-taxable","13":"purchasable","14":"product-type-simple"},"acf":[],"yoast_head":"<!-- This site is optimized with the Yoast SEO plugin v27.4 - https:\/\/yoast.com\/product\/yoast-seo-wordpress\/ -->\n<title>Energy Generation Kit Phaesun Power Pack Li-on 135 \/ 500 - Bantam Wankm\u00fcller SA<\/title>\n<meta name=\"robots\" content=\"index, follow, max-snippet:-1, max-image-preview:large, max-video-preview:-1\" \/>\n<link rel=\"canonical\" href=\"https:\/\/shop.bantam.ch\/fr\/produit\/energy-generation-kit-phaesun-power-pack-li-on-135-500\/\" \/>\n<meta property=\"og:locale\" content=\"fr_FR\" \/>\n<meta property=\"og:type\" content=\"article\" \/>\n<meta property=\"og:title\" content=\"Energy Generation Kit Phaesun Power Pack Li-on 135 \/ 500 - Bantam Wankm\u00fcller SA\" \/>\n<meta property=\"og:description\" content=\"Ce kit permet de disposer de toutes les alimentations possibles pour les loisirs et les activit\u00e9s de plein air. activit\u00e9s sont disponibles dans un kit compact et portable. Enti\u00e8rement ind\u00e9pendant du r\u00e9seau \u00e9lectrique, la batterie peut \u00eatre recharg\u00e9e avec le module solaire pliable peut \u00eatre recharg\u00e9. L&rsquo;alimentation convient aussi bien pour les consommateurs AC que [&hellip;]\" \/>\n<meta property=\"og:url\" content=\"https:\/\/shop.bantam.ch\/fr\/produit\/energy-generation-kit-phaesun-power-pack-li-on-135-500\/\" \/>\n<meta property=\"og:site_name\" content=\"Bantam Wankm\u00fcller SA\" \/>\n<meta property=\"article:modified_time\" content=\"2026-04-20T21:11:23+00:00\" \/>\n<meta property=\"og:image\" content=\"https:\/\/shop.bantam.ch\/wp-content\/uploads\/2024\/05\/Movera-L-9962238100.jpg\" \/>\n\t<meta property=\"og:image:width\" content=\"640\" \/>\n\t<meta property=\"og:image:height\" content=\"640\" \/>\n\t<meta property=\"og:image:type\" content=\"image\/jpeg\" \/>\n<meta name=\"twitter:card\" content=\"summary_large_image\" \/>\n<script type=\"application\/ld+json\" class=\"yoast-schema-graph\">{\"@context\":\"https:\\\/\\\/schema.org\",\"@graph\":[{\"@type\":\"WebPage\",\"@id\":\"https:\\\/\\\/shop.bantam.ch\\\/fr\\\/produit\\\/energy-generation-kit-phaesun-power-pack-li-on-135-500\\\/\",\"url\":\"https:\\\/\\\/shop.bantam.ch\\\/fr\\\/produit\\\/energy-generation-kit-phaesun-power-pack-li-on-135-500\\\/\",\"name\":\"Energy Generation Kit Phaesun Power Pack Li-on 135 \\\/ 500 - Bantam Wankm\u00fcller SA\",\"isPartOf\":{\"@id\":\"https:\\\/\\\/shop.bantam.ch\\\/fr\\\/#website\"},\"primaryImageOfPage\":{\"@id\":\"https:\\\/\\\/shop.bantam.ch\\\/fr\\\/produit\\\/energy-generation-kit-phaesun-power-pack-li-on-135-500\\\/#primaryimage\"},\"image\":{\"@id\":\"https:\\\/\\\/shop.bantam.ch\\\/fr\\\/produit\\\/energy-generation-kit-phaesun-power-pack-li-on-135-500\\\/#primaryimage\"},\"thumbnailUrl\":\"https:\\\/\\\/shop.bantam.ch\\\/wp-content\\\/uploads\\\/2024\\\/09\\\/Movera-L-9962238100.jpg\",\"datePublished\":\"2024-05-15T14:47:39+00:00\",\"dateModified\":\"2026-04-20T21:11:23+00:00\",\"breadcrumb\":{\"@id\":\"https:\\\/\\\/shop.bantam.ch\\\/fr\\\/produit\\\/energy-generation-kit-phaesun-power-pack-li-on-135-500\\\/#breadcrumb\"},\"inLanguage\":\"fr-FR\",\"potentialAction\":[{\"@type\":\"ReadAction\",\"target\":[\"https:\\\/\\\/shop.bantam.ch\\\/fr\\\/produit\\\/energy-generation-kit-phaesun-power-pack-li-on-135-500\\\/\"]}]},{\"@type\":\"ImageObject\",\"inLanguage\":\"fr-FR\",\"@id\":\"https:\\\/\\\/shop.bantam.ch\\\/fr\\\/produit\\\/energy-generation-kit-phaesun-power-pack-li-on-135-500\\\/#primaryimage\",\"url\":\"https:\\\/\\\/shop.bantam.ch\\\/wp-content\\\/uploads\\\/2024\\\/09\\\/Movera-L-9962238100.jpg\",\"contentUrl\":\"https:\\\/\\\/shop.bantam.ch\\\/wp-content\\\/uploads\\\/2024\\\/09\\\/Movera-L-9962238100.jpg\",\"width\":640,\"height\":640},{\"@type\":\"BreadcrumbList\",\"@id\":\"https:\\\/\\\/shop.bantam.ch\\\/fr\\\/produit\\\/energy-generation-kit-phaesun-power-pack-li-on-135-500\\\/#breadcrumb\",\"itemListElement\":[{\"@type\":\"ListItem\",\"position\":1,\"name\":\"Accueil\",\"item\":\"https:\\\/\\\/shop.bantam.ch\\\/fr\\\/\"},{\"@type\":\"ListItem\",\"position\":2,\"name\":\"Boutique\",\"item\":\"https:\\\/\\\/shop.bantam.ch\\\/fr\\\/boutique\\\/\"},{\"@type\":\"ListItem\",\"position\":3,\"name\":\"Energy Generation Kit Phaesun Power Pack Li-on 135 \\\/ 500\"}]},{\"@type\":\"WebSite\",\"@id\":\"https:\\\/\\\/shop.bantam.ch\\\/fr\\\/#website\",\"url\":\"https:\\\/\\\/shop.bantam.ch\\\/fr\\\/\",\"name\":\"Bantam Wankm\u00fcller SA\",\"description\":\"\",\"publisher\":{\"@id\":\"https:\\\/\\\/shop.bantam.ch\\\/fr\\\/#organization\"},\"inLanguage\":\"fr-FR\"},{\"@type\":\"Organization\",\"@id\":\"https:\\\/\\\/shop.bantam.ch\\\/fr\\\/#organization\",\"name\":\"Bantam Wankm\u00fcller SA\",\"url\":\"https:\\\/\\\/shop.bantam.ch\\\/fr\\\/\",\"logo\":{\"@type\":\"ImageObject\",\"inLanguage\":\"fr-FR\",\"@id\":\"https:\\\/\\\/shop.bantam.ch\\\/fr\\\/#\\\/schema\\\/logo\\\/image\\\/\",\"url\":\"https:\\\/\\\/shop.bantam.ch\\\/wp-content\\\/uploads\\\/2022\\\/12\\\/bantam-logo.png\",\"contentUrl\":\"https:\\\/\\\/shop.bantam.ch\\\/wp-content\\\/uploads\\\/2022\\\/12\\\/bantam-logo.png\",\"width\":320,\"height\":71,\"caption\":\"Bantam Wankm\u00fcller SA\"},\"image\":{\"@id\":\"https:\\\/\\\/shop.bantam.ch\\\/fr\\\/#\\\/schema\\\/logo\\\/image\\\/\"}}]}<\/script>\n<!-- \/ Yoast SEO plugin. -->","yoast_head_json":{"title":"Energy Generation Kit Phaesun Power Pack Li-on 135 \/ 500 - Bantam Wankm\u00fcller SA","robots":{"index":"index","follow":"follow","max-snippet":"max-snippet:-1","max-image-preview":"max-image-preview:large","max-video-preview":"max-video-preview:-1"},"canonical":"https:\/\/shop.bantam.ch\/fr\/produit\/energy-generation-kit-phaesun-power-pack-li-on-135-500\/","og_locale":"fr_FR","og_type":"article","og_title":"Energy Generation Kit Phaesun Power Pack Li-on 135 \/ 500 - Bantam Wankm\u00fcller SA","og_description":"Ce kit permet de disposer de toutes les alimentations possibles pour les loisirs et les activit\u00e9s de plein air. activit\u00e9s sont disponibles dans un kit compact et portable. Enti\u00e8rement ind\u00e9pendant du r\u00e9seau \u00e9lectrique, la batterie peut \u00eatre recharg\u00e9e avec le module solaire pliable peut \u00eatre recharg\u00e9. L&rsquo;alimentation convient aussi bien pour les consommateurs AC que [&hellip;]","og_url":"https:\/\/shop.bantam.ch\/fr\/produit\/energy-generation-kit-phaesun-power-pack-li-on-135-500\/","og_site_name":"Bantam Wankm\u00fcller SA","article_modified_time":"2026-04-20T21:11:23+00:00","og_image":[{"width":640,"height":640,"url":"https:\/\/shop.bantam.ch\/wp-content\/uploads\/2024\/05\/Movera-L-9962238100.jpg","type":"image\/jpeg"}],"twitter_card":"summary_large_image","schema":{"@context":"https:\/\/schema.org","@graph":[{"@type":"WebPage","@id":"https:\/\/shop.bantam.ch\/fr\/produit\/energy-generation-kit-phaesun-power-pack-li-on-135-500\/","url":"https:\/\/shop.bantam.ch\/fr\/produit\/energy-generation-kit-phaesun-power-pack-li-on-135-500\/","name":"Energy Generation Kit Phaesun Power Pack Li-on 135 \/ 500 - Bantam Wankm\u00fcller SA","isPartOf":{"@id":"https:\/\/shop.bantam.ch\/fr\/#website"},"primaryImageOfPage":{"@id":"https:\/\/shop.bantam.ch\/fr\/produit\/energy-generation-kit-phaesun-power-pack-li-on-135-500\/#primaryimage"},"image":{"@id":"https:\/\/shop.bantam.ch\/fr\/produit\/energy-generation-kit-phaesun-power-pack-li-on-135-500\/#primaryimage"},"thumbnailUrl":"https:\/\/shop.bantam.ch\/wp-content\/uploads\/2024\/09\/Movera-L-9962238100.jpg","datePublished":"2024-05-15T14:47:39+00:00","dateModified":"2026-04-20T21:11:23+00:00","breadcrumb":{"@id":"https:\/\/shop.bantam.ch\/fr\/produit\/energy-generation-kit-phaesun-power-pack-li-on-135-500\/#breadcrumb"},"inLanguage":"fr-FR","potentialAction":[{"@type":"ReadAction","target":["https:\/\/shop.bantam.ch\/fr\/produit\/energy-generation-kit-phaesun-power-pack-li-on-135-500\/"]}]},{"@type":"ImageObject","inLanguage":"fr-FR","@id":"https:\/\/shop.bantam.ch\/fr\/produit\/energy-generation-kit-phaesun-power-pack-li-on-135-500\/#primaryimage","url":"https:\/\/shop.bantam.ch\/wp-content\/uploads\/2024\/09\/Movera-L-9962238100.jpg","contentUrl":"https:\/\/shop.bantam.ch\/wp-content\/uploads\/2024\/09\/Movera-L-9962238100.jpg","width":640,"height":640},{"@type":"BreadcrumbList","@id":"https:\/\/shop.bantam.ch\/fr\/produit\/energy-generation-kit-phaesun-power-pack-li-on-135-500\/#breadcrumb","itemListElement":[{"@type":"ListItem","position":1,"name":"Accueil","item":"https:\/\/shop.bantam.ch\/fr\/"},{"@type":"ListItem","position":2,"name":"Boutique","item":"https:\/\/shop.bantam.ch\/fr\/boutique\/"},{"@type":"ListItem","position":3,"name":"Energy Generation Kit Phaesun Power Pack Li-on 135 \/ 500"}]},{"@type":"WebSite","@id":"https:\/\/shop.bantam.ch\/fr\/#website","url":"https:\/\/shop.bantam.ch\/fr\/","name":"Bantam Wankm\u00fcller SA","description":"","publisher":{"@id":"https:\/\/shop.bantam.ch\/fr\/#organization"},"inLanguage":"fr-FR"},{"@type":"Organization","@id":"https:\/\/shop.bantam.ch\/fr\/#organization","name":"Bantam Wankm\u00fcller SA","url":"https:\/\/shop.bantam.ch\/fr\/","logo":{"@type":"ImageObject","inLanguage":"fr-FR","@id":"https:\/\/shop.bantam.ch\/fr\/#\/schema\/logo\/image\/","url":"https:\/\/shop.bantam.ch\/wp-content\/uploads\/2022\/12\/bantam-logo.png","contentUrl":"https:\/\/shop.bantam.ch\/wp-content\/uploads\/2022\/12\/bantam-logo.png","width":320,"height":71,"caption":"Bantam Wankm\u00fcller SA"},"image":{"@id":"https:\/\/shop.bantam.ch\/fr\/#\/schema\/logo\/image\/"}}]}},"_links":{"self":[{"href":"https:\/\/shop.bantam.ch\/fr\/wp-json\/wp\/v2\/product\/198434","targetHints":{"allow":["GET"]}}],"collection":[{"href":"https:\/\/shop.bantam.ch\/fr\/wp-json\/wp\/v2\/product"}],"about":[{"href":"https:\/\/shop.bantam.ch\/fr\/wp-json\/wp\/v2\/types\/product"}],"wp:featuredmedia":[{"embeddable":true,"href":"https:\/\/shop.bantam.ch\/fr\/wp-json\/wp\/v2\/media\/207246"}],"wp:attachment":[{"href":"https:\/\/shop.bantam.ch\/fr\/wp-json\/wp\/v2\/media?parent=198434"}],"wp:term":[{"taxonomy":"product_featured_cat","embeddable":true,"href":"https:\/\/shop.bantam.ch\/fr\/wp-json\/wp\/v2\/product_featured_cat?post=198434"},{"taxonomy":"product_brand","embeddable":true,"href":"https:\/\/shop.bantam.ch\/fr\/wp-json\/wp\/v2\/product_brand?post=198434"},{"taxonomy":"product_cat","embeddable":true,"href":"https:\/\/shop.bantam.ch\/fr\/wp-json\/wp\/v2\/product_cat?post=198434"},{"taxonomy":"product_tag","embeddable":true,"href":"https:\/\/shop.bantam.ch\/fr\/wp-json\/wp\/v2\/product_tag?post=198434"}],"curies":[{"name":"wp","href":"https:\/\/api.w.org\/{rel}","templated":true}]}}