{"id":198430,"date":"2024-05-15T16:47:33","date_gmt":"2024-05-15T14:47:33","guid":{"rendered":"https:\/\/shop.bantam.ch\/produit\/kit-module-phaesun-fly-weight-135-premium-mppt\/"},"modified":"2026-04-17T23:10:26","modified_gmt":"2026-04-17T21:10:26","slug":"kit-module-phaesun-fly-weight-135-premium-mppt","status":"publish","type":"product","link":"https:\/\/shop.bantam.ch\/fr\/produit\/kit-module-phaesun-fly-weight-135-premium-mppt\/","title":{"rendered":"Kit module Phaesun Fly Weight 135 Premium MPPT"},"content":{"rendered":"<p>Le Fly Weight fait honneur \u00e0 son nom avec un rendement \u00e9nerg\u00e9tique \u00e9lev\u00e9 dans un espace r\u00e9duit et un poids minime. Pli\u00e9 dans son cadre textile et sangl\u00e9, ce module est un compagnon discret. Les c\u00e2bles n\u00e9cessaires sont rang\u00e9s dans la poche ext\u00e9rieure.<\/p>\n<p>Contient un chargeur pour charger une batterie de 12V.<\/p>\n<p>Disponible en trois variantes :<\/p>\n<ul>\n<li>Sans r\u00e9gulateur de charge<\/li>\n<li>Avec r\u00e9gulateur de charge qui poss\u00e8de un \u00e9cran LCD, un enregistreur de donn\u00e9es et une sortie USB (r\u00e9glable pour plomb\/acide, gel, AGM, LiFePO4)<\/li>\n<li>Avec r\u00e9gulateur de charge MPPT (compatible bluetooth)<\/li>\n<li>Des entretoises int\u00e9gr\u00e9es et escamotables permettent une mise en hauteur.<\/li>\n<li>Le module peut \u00eatre hauban\u00e9 gr\u00e2ce aux \u0153illets int\u00e9gr\u00e9s<\/li>\n<li>Diff\u00e9rents c\u00e2bles de raccordement inclus<\/li>\n<li>Gr\u00e2ce \u00e0 la feuille arri\u00e8re renforc\u00e9e, encore moins sensible au<\/li>\n<li>pliage<\/li>\n<li>Le lamin\u00e9 ETFE est extr\u00eamement translucide et se distingue par sa durabilit\u00e9.<\/li>\n<li>long\u00e9vit\u00e9 et r\u00e9sistance<\/li>\n<\/ul>\n","protected":false},"excerpt":{"rendered":"<p>Le Fly Weight fait honneur \u00e0 son nom avec un rendement \u00e9nerg\u00e9tique \u00e9lev\u00e9 dans un espace r\u00e9duit et un poids minime. Pli\u00e9 dans son cadre textile et sangl\u00e9, ce module est un compagnon discret. Les c\u00e2bles n\u00e9cessaires sont rang\u00e9s dans la poche ext\u00e9rieure. Contient un chargeur pour charger une batterie de 12V. Disponible en trois [&hellip;]<\/p>\n","protected":false},"featured_media":207244,"template":"","meta":{"_acf_changed":false},"product_featured_cat":[],"product_brand":[3320],"product_cat":[4883],"product_tag":[],"class_list":{"0":"post-198430","1":"product","2":"type-product","3":"status-publish","4":"has-post-thumbnail","6":"product_brand-phaesun","7":"product_cat-modules-solaires","9":"first","10":"instock","11":"taxable","12":"shipping-taxable","13":"purchasable","14":"product-type-simple"},"acf":[],"yoast_head":"<!-- This site is optimized with the Yoast SEO plugin v27.4 - https:\/\/yoast.com\/product\/yoast-seo-wordpress\/ -->\n<title>Kit module Phaesun Fly Weight 135 Premium MPPT - Bantam Wankm\u00fcller SA<\/title>\n<meta name=\"robots\" content=\"index, follow, max-snippet:-1, max-image-preview:large, max-video-preview:-1\" \/>\n<link rel=\"canonical\" href=\"https:\/\/shop.bantam.ch\/fr\/produit\/kit-module-phaesun-fly-weight-135-premium-mppt\/\" \/>\n<meta property=\"og:locale\" content=\"fr_FR\" \/>\n<meta property=\"og:type\" content=\"article\" \/>\n<meta property=\"og:title\" content=\"Kit module Phaesun Fly Weight 135 Premium MPPT - Bantam Wankm\u00fcller SA\" \/>\n<meta property=\"og:description\" content=\"Le Fly Weight fait honneur \u00e0 son nom avec un rendement \u00e9nerg\u00e9tique \u00e9lev\u00e9 dans un espace r\u00e9duit et un poids minime. Pli\u00e9 dans son cadre textile et sangl\u00e9, ce module est un compagnon discret. Les c\u00e2bles n\u00e9cessaires sont rang\u00e9s dans la poche ext\u00e9rieure. Contient un chargeur pour charger une batterie de 12V. Disponible en trois [&hellip;]\" \/>\n<meta property=\"og:url\" content=\"https:\/\/shop.bantam.ch\/fr\/produit\/kit-module-phaesun-fly-weight-135-premium-mppt\/\" \/>\n<meta property=\"og:site_name\" content=\"Bantam Wankm\u00fcller SA\" \/>\n<meta property=\"article:modified_time\" content=\"2026-04-17T21:10:26+00:00\" \/>\n<meta property=\"og:image\" content=\"https:\/\/shop.bantam.ch\/wp-content\/uploads\/2024\/05\/Movera-L-9962237100.jpg\" \/>\n\t<meta property=\"og:image:width\" content=\"640\" \/>\n\t<meta property=\"og:image:height\" content=\"364\" \/>\n\t<meta property=\"og:image:type\" content=\"image\/jpeg\" \/>\n<meta name=\"twitter:card\" content=\"summary_large_image\" \/>\n<meta name=\"twitter:label1\" content=\"Dur\u00e9e de lecture estim\u00e9e\" \/>\n\t<meta name=\"twitter:data1\" content=\"1 minute\" \/>\n<script type=\"application\/ld+json\" class=\"yoast-schema-graph\">{\"@context\":\"https:\\\/\\\/schema.org\",\"@graph\":[{\"@type\":\"WebPage\",\"@id\":\"https:\\\/\\\/shop.bantam.ch\\\/fr\\\/produit\\\/kit-module-phaesun-fly-weight-135-premium-mppt\\\/\",\"url\":\"https:\\\/\\\/shop.bantam.ch\\\/fr\\\/produit\\\/kit-module-phaesun-fly-weight-135-premium-mppt\\\/\",\"name\":\"Kit module Phaesun Fly Weight 135 Premium MPPT - Bantam Wankm\u00fcller SA\",\"isPartOf\":{\"@id\":\"https:\\\/\\\/shop.bantam.ch\\\/fr\\\/#website\"},\"primaryImageOfPage\":{\"@id\":\"https:\\\/\\\/shop.bantam.ch\\\/fr\\\/produit\\\/kit-module-phaesun-fly-weight-135-premium-mppt\\\/#primaryimage\"},\"image\":{\"@id\":\"https:\\\/\\\/shop.bantam.ch\\\/fr\\\/produit\\\/kit-module-phaesun-fly-weight-135-premium-mppt\\\/#primaryimage\"},\"thumbnailUrl\":\"https:\\\/\\\/shop.bantam.ch\\\/wp-content\\\/uploads\\\/2024\\\/09\\\/Movera-L-9962237100.jpg\",\"datePublished\":\"2024-05-15T14:47:33+00:00\",\"dateModified\":\"2026-04-17T21:10:26+00:00\",\"breadcrumb\":{\"@id\":\"https:\\\/\\\/shop.bantam.ch\\\/fr\\\/produit\\\/kit-module-phaesun-fly-weight-135-premium-mppt\\\/#breadcrumb\"},\"inLanguage\":\"fr-FR\",\"potentialAction\":[{\"@type\":\"ReadAction\",\"target\":[\"https:\\\/\\\/shop.bantam.ch\\\/fr\\\/produit\\\/kit-module-phaesun-fly-weight-135-premium-mppt\\\/\"]}]},{\"@type\":\"ImageObject\",\"inLanguage\":\"fr-FR\",\"@id\":\"https:\\\/\\\/shop.bantam.ch\\\/fr\\\/produit\\\/kit-module-phaesun-fly-weight-135-premium-mppt\\\/#primaryimage\",\"url\":\"https:\\\/\\\/shop.bantam.ch\\\/wp-content\\\/uploads\\\/2024\\\/09\\\/Movera-L-9962237100.jpg\",\"contentUrl\":\"https:\\\/\\\/shop.bantam.ch\\\/wp-content\\\/uploads\\\/2024\\\/09\\\/Movera-L-9962237100.jpg\",\"width\":640,\"height\":364},{\"@type\":\"BreadcrumbList\",\"@id\":\"https:\\\/\\\/shop.bantam.ch\\\/fr\\\/produit\\\/kit-module-phaesun-fly-weight-135-premium-mppt\\\/#breadcrumb\",\"itemListElement\":[{\"@type\":\"ListItem\",\"position\":1,\"name\":\"Accueil\",\"item\":\"https:\\\/\\\/shop.bantam.ch\\\/fr\\\/\"},{\"@type\":\"ListItem\",\"position\":2,\"name\":\"Boutique\",\"item\":\"https:\\\/\\\/shop.bantam.ch\\\/fr\\\/boutique\\\/\"},{\"@type\":\"ListItem\",\"position\":3,\"name\":\"Kit module Phaesun Fly Weight 135 Premium MPPT\"}]},{\"@type\":\"WebSite\",\"@id\":\"https:\\\/\\\/shop.bantam.ch\\\/fr\\\/#website\",\"url\":\"https:\\\/\\\/shop.bantam.ch\\\/fr\\\/\",\"name\":\"Bantam Wankm\u00fcller SA\",\"description\":\"\",\"publisher\":{\"@id\":\"https:\\\/\\\/shop.bantam.ch\\\/fr\\\/#organization\"},\"inLanguage\":\"fr-FR\"},{\"@type\":\"Organization\",\"@id\":\"https:\\\/\\\/shop.bantam.ch\\\/fr\\\/#organization\",\"name\":\"Bantam Wankm\u00fcller SA\",\"url\":\"https:\\\/\\\/shop.bantam.ch\\\/fr\\\/\",\"logo\":{\"@type\":\"ImageObject\",\"inLanguage\":\"fr-FR\",\"@id\":\"https:\\\/\\\/shop.bantam.ch\\\/fr\\\/#\\\/schema\\\/logo\\\/image\\\/\",\"url\":\"https:\\\/\\\/shop.bantam.ch\\\/wp-content\\\/uploads\\\/2022\\\/12\\\/bantam-logo.png\",\"contentUrl\":\"https:\\\/\\\/shop.bantam.ch\\\/wp-content\\\/uploads\\\/2022\\\/12\\\/bantam-logo.png\",\"width\":320,\"height\":71,\"caption\":\"Bantam Wankm\u00fcller SA\"},\"image\":{\"@id\":\"https:\\\/\\\/shop.bantam.ch\\\/fr\\\/#\\\/schema\\\/logo\\\/image\\\/\"}}]}<\/script>\n<!-- \/ Yoast SEO plugin. -->","yoast_head_json":{"title":"Kit module Phaesun Fly Weight 135 Premium MPPT - Bantam Wankm\u00fcller SA","robots":{"index":"index","follow":"follow","max-snippet":"max-snippet:-1","max-image-preview":"max-image-preview:large","max-video-preview":"max-video-preview:-1"},"canonical":"https:\/\/shop.bantam.ch\/fr\/produit\/kit-module-phaesun-fly-weight-135-premium-mppt\/","og_locale":"fr_FR","og_type":"article","og_title":"Kit module Phaesun Fly Weight 135 Premium MPPT - Bantam Wankm\u00fcller SA","og_description":"Le Fly Weight fait honneur \u00e0 son nom avec un rendement \u00e9nerg\u00e9tique \u00e9lev\u00e9 dans un espace r\u00e9duit et un poids minime. Pli\u00e9 dans son cadre textile et sangl\u00e9, ce module est un compagnon discret. Les c\u00e2bles n\u00e9cessaires sont rang\u00e9s dans la poche ext\u00e9rieure. Contient un chargeur pour charger une batterie de 12V. Disponible en trois [&hellip;]","og_url":"https:\/\/shop.bantam.ch\/fr\/produit\/kit-module-phaesun-fly-weight-135-premium-mppt\/","og_site_name":"Bantam Wankm\u00fcller SA","article_modified_time":"2026-04-17T21:10:26+00:00","og_image":[{"width":640,"height":364,"url":"https:\/\/shop.bantam.ch\/wp-content\/uploads\/2024\/05\/Movera-L-9962237100.jpg","type":"image\/jpeg"}],"twitter_card":"summary_large_image","twitter_misc":{"Dur\u00e9e de lecture estim\u00e9e":"1 minute"},"schema":{"@context":"https:\/\/schema.org","@graph":[{"@type":"WebPage","@id":"https:\/\/shop.bantam.ch\/fr\/produit\/kit-module-phaesun-fly-weight-135-premium-mppt\/","url":"https:\/\/shop.bantam.ch\/fr\/produit\/kit-module-phaesun-fly-weight-135-premium-mppt\/","name":"Kit module Phaesun Fly Weight 135 Premium MPPT - Bantam Wankm\u00fcller SA","isPartOf":{"@id":"https:\/\/shop.bantam.ch\/fr\/#website"},"primaryImageOfPage":{"@id":"https:\/\/shop.bantam.ch\/fr\/produit\/kit-module-phaesun-fly-weight-135-premium-mppt\/#primaryimage"},"image":{"@id":"https:\/\/shop.bantam.ch\/fr\/produit\/kit-module-phaesun-fly-weight-135-premium-mppt\/#primaryimage"},"thumbnailUrl":"https:\/\/shop.bantam.ch\/wp-content\/uploads\/2024\/09\/Movera-L-9962237100.jpg","datePublished":"2024-05-15T14:47:33+00:00","dateModified":"2026-04-17T21:10:26+00:00","breadcrumb":{"@id":"https:\/\/shop.bantam.ch\/fr\/produit\/kit-module-phaesun-fly-weight-135-premium-mppt\/#breadcrumb"},"inLanguage":"fr-FR","potentialAction":[{"@type":"ReadAction","target":["https:\/\/shop.bantam.ch\/fr\/produit\/kit-module-phaesun-fly-weight-135-premium-mppt\/"]}]},{"@type":"ImageObject","inLanguage":"fr-FR","@id":"https:\/\/shop.bantam.ch\/fr\/produit\/kit-module-phaesun-fly-weight-135-premium-mppt\/#primaryimage","url":"https:\/\/shop.bantam.ch\/wp-content\/uploads\/2024\/09\/Movera-L-9962237100.jpg","contentUrl":"https:\/\/shop.bantam.ch\/wp-content\/uploads\/2024\/09\/Movera-L-9962237100.jpg","width":640,"height":364},{"@type":"BreadcrumbList","@id":"https:\/\/shop.bantam.ch\/fr\/produit\/kit-module-phaesun-fly-weight-135-premium-mppt\/#breadcrumb","itemListElement":[{"@type":"ListItem","position":1,"name":"Accueil","item":"https:\/\/shop.bantam.ch\/fr\/"},{"@type":"ListItem","position":2,"name":"Boutique","item":"https:\/\/shop.bantam.ch\/fr\/boutique\/"},{"@type":"ListItem","position":3,"name":"Kit module Phaesun Fly Weight 135 Premium MPPT"}]},{"@type":"WebSite","@id":"https:\/\/shop.bantam.ch\/fr\/#website","url":"https:\/\/shop.bantam.ch\/fr\/","name":"Bantam Wankm\u00fcller SA","description":"","publisher":{"@id":"https:\/\/shop.bantam.ch\/fr\/#organization"},"inLanguage":"fr-FR"},{"@type":"Organization","@id":"https:\/\/shop.bantam.ch\/fr\/#organization","name":"Bantam Wankm\u00fcller SA","url":"https:\/\/shop.bantam.ch\/fr\/","logo":{"@type":"ImageObject","inLanguage":"fr-FR","@id":"https:\/\/shop.bantam.ch\/fr\/#\/schema\/logo\/image\/","url":"https:\/\/shop.bantam.ch\/wp-content\/uploads\/2022\/12\/bantam-logo.png","contentUrl":"https:\/\/shop.bantam.ch\/wp-content\/uploads\/2022\/12\/bantam-logo.png","width":320,"height":71,"caption":"Bantam Wankm\u00fcller SA"},"image":{"@id":"https:\/\/shop.bantam.ch\/fr\/#\/schema\/logo\/image\/"}}]}},"_links":{"self":[{"href":"https:\/\/shop.bantam.ch\/fr\/wp-json\/wp\/v2\/product\/198430","targetHints":{"allow":["GET"]}}],"collection":[{"href":"https:\/\/shop.bantam.ch\/fr\/wp-json\/wp\/v2\/product"}],"about":[{"href":"https:\/\/shop.bantam.ch\/fr\/wp-json\/wp\/v2\/types\/product"}],"wp:featuredmedia":[{"embeddable":true,"href":"https:\/\/shop.bantam.ch\/fr\/wp-json\/wp\/v2\/media\/207244"}],"wp:attachment":[{"href":"https:\/\/shop.bantam.ch\/fr\/wp-json\/wp\/v2\/media?parent=198430"}],"wp:term":[{"taxonomy":"product_featured_cat","embeddable":true,"href":"https:\/\/shop.bantam.ch\/fr\/wp-json\/wp\/v2\/product_featured_cat?post=198430"},{"taxonomy":"product_brand","embeddable":true,"href":"https:\/\/shop.bantam.ch\/fr\/wp-json\/wp\/v2\/product_brand?post=198430"},{"taxonomy":"product_cat","embeddable":true,"href":"https:\/\/shop.bantam.ch\/fr\/wp-json\/wp\/v2\/product_cat?post=198430"},{"taxonomy":"product_tag","embeddable":true,"href":"https:\/\/shop.bantam.ch\/fr\/wp-json\/wp\/v2\/product_tag?post=198430"}],"curies":[{"name":"wp","href":"https:\/\/api.w.org\/{rel}","templated":true}]}}