{"id":198410,"date":"2024-05-15T16:46:59","date_gmt":"2024-05-15T14:46:59","guid":{"rendered":"https:\/\/shop.bantam.ch\/produit\/prise-cour-usb-pr-bande-cond-lanciano-h-a-b-a-2x-usb-a-noir\/"},"modified":"2026-04-18T23:13:34","modified_gmt":"2026-04-18T21:13:34","slug":"prise-cour-usb-pr-bande-cond-lanciano-h-a-b-a-2x-usb-a-noir","status":"publish","type":"product","link":"https:\/\/shop.bantam.ch\/fr\/produit\/prise-cour-usb-pr-bande-cond-lanciano-h-a-b-a-2x-usb-a-noir\/","title":{"rendered":"Prise cour. USB pr bande cond. Lanciano H.A.B.A. 2x USB-A, noir"},"content":{"rendered":"<p>La solution parfaite pour l&rsquo;\u00e9clairage et la connectivit\u00e9 ! Le syst\u00e8me Lanciano Rail est une barre de montage polyvalente et efficace pour l&rsquo;installation de spots et de prises USB.<\/p>\n<p>Cette prise USB facile \u00e0 installer (tension 12 V, puissance 36 W) vous permet de recharger facilement vos smartphones et tablettes en m\u00eame temps.<\/p>\n","protected":false},"excerpt":{"rendered":"<p>La solution parfaite pour l&rsquo;\u00e9clairage et la connectivit\u00e9 ! Le syst\u00e8me Lanciano Rail est une barre de montage polyvalente et efficace pour l&rsquo;installation de spots et de prises USB. Cette prise USB facile \u00e0 installer (tension 12 V, puissance 36 W) vous permet de recharger facilement vos smartphones et tablettes en m\u00eame temps.<\/p>\n","protected":false},"featured_media":207240,"template":"","meta":{"_acf_changed":false},"product_featured_cat":[],"product_brand":[3178],"product_cat":[4179],"product_tag":[],"class_list":{"0":"post-198410","1":"product","2":"type-product","3":"status-publish","4":"has-post-thumbnail","6":"product_brand-h-a-b-a","7":"product_cat-prises-et-interrupteurs","9":"first","10":"instock","11":"taxable","12":"shipping-taxable","13":"purchasable","14":"product-type-simple"},"acf":[],"yoast_head":"<!-- This site is optimized with the Yoast SEO plugin v27.4 - https:\/\/yoast.com\/product\/yoast-seo-wordpress\/ -->\n<title>Prise cour. USB pr bande cond. Lanciano H.A.B.A. 2x USB-A, noir - Bantam Wankm\u00fcller SA<\/title>\n<meta name=\"robots\" content=\"index, follow, max-snippet:-1, max-image-preview:large, max-video-preview:-1\" \/>\n<link rel=\"canonical\" href=\"https:\/\/shop.bantam.ch\/fr\/produit\/prise-cour-usb-pr-bande-cond-lanciano-h-a-b-a-2x-usb-a-noir\/\" \/>\n<meta property=\"og:locale\" content=\"fr_FR\" \/>\n<meta property=\"og:type\" content=\"article\" \/>\n<meta property=\"og:title\" content=\"Prise cour. USB pr bande cond. Lanciano H.A.B.A. 2x USB-A, noir - Bantam Wankm\u00fcller SA\" \/>\n<meta property=\"og:description\" content=\"La solution parfaite pour l&rsquo;\u00e9clairage et la connectivit\u00e9 ! Le syst\u00e8me Lanciano Rail est une barre de montage polyvalente et efficace pour l&rsquo;installation de spots et de prises USB. Cette prise USB facile \u00e0 installer (tension 12 V, puissance 36 W) vous permet de recharger facilement vos smartphones et tablettes en m\u00eame temps.\" \/>\n<meta property=\"og:url\" content=\"https:\/\/shop.bantam.ch\/fr\/produit\/prise-cour-usb-pr-bande-cond-lanciano-h-a-b-a-2x-usb-a-noir\/\" \/>\n<meta property=\"og:site_name\" content=\"Bantam Wankm\u00fcller SA\" \/>\n<meta property=\"article:modified_time\" content=\"2026-04-18T21:13:34+00:00\" \/>\n<meta property=\"og:image\" content=\"https:\/\/shop.bantam.ch\/wp-content\/uploads\/2024\/05\/Movera-L-9962233100.png\" \/>\n\t<meta property=\"og:image:width\" content=\"280\" \/>\n\t<meta property=\"og:image:height\" content=\"348\" \/>\n\t<meta property=\"og:image:type\" content=\"image\/png\" \/>\n<meta name=\"twitter:card\" content=\"summary_large_image\" \/>\n<script type=\"application\/ld+json\" class=\"yoast-schema-graph\">{\"@context\":\"https:\\\/\\\/schema.org\",\"@graph\":[{\"@type\":\"WebPage\",\"@id\":\"https:\\\/\\\/shop.bantam.ch\\\/fr\\\/produit\\\/prise-cour-usb-pr-bande-cond-lanciano-h-a-b-a-2x-usb-a-noir\\\/\",\"url\":\"https:\\\/\\\/shop.bantam.ch\\\/fr\\\/produit\\\/prise-cour-usb-pr-bande-cond-lanciano-h-a-b-a-2x-usb-a-noir\\\/\",\"name\":\"Prise cour. USB pr bande cond. Lanciano H.A.B.A. 2x USB-A, noir - Bantam Wankm\u00fcller SA\",\"isPartOf\":{\"@id\":\"https:\\\/\\\/shop.bantam.ch\\\/fr\\\/#website\"},\"primaryImageOfPage\":{\"@id\":\"https:\\\/\\\/shop.bantam.ch\\\/fr\\\/produit\\\/prise-cour-usb-pr-bande-cond-lanciano-h-a-b-a-2x-usb-a-noir\\\/#primaryimage\"},\"image\":{\"@id\":\"https:\\\/\\\/shop.bantam.ch\\\/fr\\\/produit\\\/prise-cour-usb-pr-bande-cond-lanciano-h-a-b-a-2x-usb-a-noir\\\/#primaryimage\"},\"thumbnailUrl\":\"https:\\\/\\\/shop.bantam.ch\\\/wp-content\\\/uploads\\\/2024\\\/09\\\/Movera-L-9962233100.png\",\"datePublished\":\"2024-05-15T14:46:59+00:00\",\"dateModified\":\"2026-04-18T21:13:34+00:00\",\"breadcrumb\":{\"@id\":\"https:\\\/\\\/shop.bantam.ch\\\/fr\\\/produit\\\/prise-cour-usb-pr-bande-cond-lanciano-h-a-b-a-2x-usb-a-noir\\\/#breadcrumb\"},\"inLanguage\":\"fr-FR\",\"potentialAction\":[{\"@type\":\"ReadAction\",\"target\":[\"https:\\\/\\\/shop.bantam.ch\\\/fr\\\/produit\\\/prise-cour-usb-pr-bande-cond-lanciano-h-a-b-a-2x-usb-a-noir\\\/\"]}]},{\"@type\":\"ImageObject\",\"inLanguage\":\"fr-FR\",\"@id\":\"https:\\\/\\\/shop.bantam.ch\\\/fr\\\/produit\\\/prise-cour-usb-pr-bande-cond-lanciano-h-a-b-a-2x-usb-a-noir\\\/#primaryimage\",\"url\":\"https:\\\/\\\/shop.bantam.ch\\\/wp-content\\\/uploads\\\/2024\\\/09\\\/Movera-L-9962233100.png\",\"contentUrl\":\"https:\\\/\\\/shop.bantam.ch\\\/wp-content\\\/uploads\\\/2024\\\/09\\\/Movera-L-9962233100.png\",\"width\":280,\"height\":348},{\"@type\":\"BreadcrumbList\",\"@id\":\"https:\\\/\\\/shop.bantam.ch\\\/fr\\\/produit\\\/prise-cour-usb-pr-bande-cond-lanciano-h-a-b-a-2x-usb-a-noir\\\/#breadcrumb\",\"itemListElement\":[{\"@type\":\"ListItem\",\"position\":1,\"name\":\"Accueil\",\"item\":\"https:\\\/\\\/shop.bantam.ch\\\/fr\\\/\"},{\"@type\":\"ListItem\",\"position\":2,\"name\":\"Boutique\",\"item\":\"https:\\\/\\\/shop.bantam.ch\\\/fr\\\/boutique\\\/\"},{\"@type\":\"ListItem\",\"position\":3,\"name\":\"Prise cour. USB pr bande cond. Lanciano H.A.B.A. 2x USB-A, noir\"}]},{\"@type\":\"WebSite\",\"@id\":\"https:\\\/\\\/shop.bantam.ch\\\/fr\\\/#website\",\"url\":\"https:\\\/\\\/shop.bantam.ch\\\/fr\\\/\",\"name\":\"Bantam Wankm\u00fcller SA\",\"description\":\"\",\"publisher\":{\"@id\":\"https:\\\/\\\/shop.bantam.ch\\\/fr\\\/#organization\"},\"inLanguage\":\"fr-FR\"},{\"@type\":\"Organization\",\"@id\":\"https:\\\/\\\/shop.bantam.ch\\\/fr\\\/#organization\",\"name\":\"Bantam Wankm\u00fcller SA\",\"url\":\"https:\\\/\\\/shop.bantam.ch\\\/fr\\\/\",\"logo\":{\"@type\":\"ImageObject\",\"inLanguage\":\"fr-FR\",\"@id\":\"https:\\\/\\\/shop.bantam.ch\\\/fr\\\/#\\\/schema\\\/logo\\\/image\\\/\",\"url\":\"https:\\\/\\\/shop.bantam.ch\\\/wp-content\\\/uploads\\\/2022\\\/12\\\/bantam-logo.png\",\"contentUrl\":\"https:\\\/\\\/shop.bantam.ch\\\/wp-content\\\/uploads\\\/2022\\\/12\\\/bantam-logo.png\",\"width\":320,\"height\":71,\"caption\":\"Bantam Wankm\u00fcller SA\"},\"image\":{\"@id\":\"https:\\\/\\\/shop.bantam.ch\\\/fr\\\/#\\\/schema\\\/logo\\\/image\\\/\"}}]}<\/script>\n<!-- \/ Yoast SEO plugin. -->","yoast_head_json":{"title":"Prise cour. USB pr bande cond. Lanciano H.A.B.A. 2x USB-A, noir - Bantam Wankm\u00fcller SA","robots":{"index":"index","follow":"follow","max-snippet":"max-snippet:-1","max-image-preview":"max-image-preview:large","max-video-preview":"max-video-preview:-1"},"canonical":"https:\/\/shop.bantam.ch\/fr\/produit\/prise-cour-usb-pr-bande-cond-lanciano-h-a-b-a-2x-usb-a-noir\/","og_locale":"fr_FR","og_type":"article","og_title":"Prise cour. USB pr bande cond. Lanciano H.A.B.A. 2x USB-A, noir - Bantam Wankm\u00fcller SA","og_description":"La solution parfaite pour l&rsquo;\u00e9clairage et la connectivit\u00e9 ! Le syst\u00e8me Lanciano Rail est une barre de montage polyvalente et efficace pour l&rsquo;installation de spots et de prises USB. Cette prise USB facile \u00e0 installer (tension 12 V, puissance 36 W) vous permet de recharger facilement vos smartphones et tablettes en m\u00eame temps.","og_url":"https:\/\/shop.bantam.ch\/fr\/produit\/prise-cour-usb-pr-bande-cond-lanciano-h-a-b-a-2x-usb-a-noir\/","og_site_name":"Bantam Wankm\u00fcller SA","article_modified_time":"2026-04-18T21:13:34+00:00","og_image":[{"width":280,"height":348,"url":"https:\/\/shop.bantam.ch\/wp-content\/uploads\/2024\/05\/Movera-L-9962233100.png","type":"image\/png"}],"twitter_card":"summary_large_image","schema":{"@context":"https:\/\/schema.org","@graph":[{"@type":"WebPage","@id":"https:\/\/shop.bantam.ch\/fr\/produit\/prise-cour-usb-pr-bande-cond-lanciano-h-a-b-a-2x-usb-a-noir\/","url":"https:\/\/shop.bantam.ch\/fr\/produit\/prise-cour-usb-pr-bande-cond-lanciano-h-a-b-a-2x-usb-a-noir\/","name":"Prise cour. USB pr bande cond. Lanciano H.A.B.A. 2x USB-A, noir - Bantam Wankm\u00fcller SA","isPartOf":{"@id":"https:\/\/shop.bantam.ch\/fr\/#website"},"primaryImageOfPage":{"@id":"https:\/\/shop.bantam.ch\/fr\/produit\/prise-cour-usb-pr-bande-cond-lanciano-h-a-b-a-2x-usb-a-noir\/#primaryimage"},"image":{"@id":"https:\/\/shop.bantam.ch\/fr\/produit\/prise-cour-usb-pr-bande-cond-lanciano-h-a-b-a-2x-usb-a-noir\/#primaryimage"},"thumbnailUrl":"https:\/\/shop.bantam.ch\/wp-content\/uploads\/2024\/09\/Movera-L-9962233100.png","datePublished":"2024-05-15T14:46:59+00:00","dateModified":"2026-04-18T21:13:34+00:00","breadcrumb":{"@id":"https:\/\/shop.bantam.ch\/fr\/produit\/prise-cour-usb-pr-bande-cond-lanciano-h-a-b-a-2x-usb-a-noir\/#breadcrumb"},"inLanguage":"fr-FR","potentialAction":[{"@type":"ReadAction","target":["https:\/\/shop.bantam.ch\/fr\/produit\/prise-cour-usb-pr-bande-cond-lanciano-h-a-b-a-2x-usb-a-noir\/"]}]},{"@type":"ImageObject","inLanguage":"fr-FR","@id":"https:\/\/shop.bantam.ch\/fr\/produit\/prise-cour-usb-pr-bande-cond-lanciano-h-a-b-a-2x-usb-a-noir\/#primaryimage","url":"https:\/\/shop.bantam.ch\/wp-content\/uploads\/2024\/09\/Movera-L-9962233100.png","contentUrl":"https:\/\/shop.bantam.ch\/wp-content\/uploads\/2024\/09\/Movera-L-9962233100.png","width":280,"height":348},{"@type":"BreadcrumbList","@id":"https:\/\/shop.bantam.ch\/fr\/produit\/prise-cour-usb-pr-bande-cond-lanciano-h-a-b-a-2x-usb-a-noir\/#breadcrumb","itemListElement":[{"@type":"ListItem","position":1,"name":"Accueil","item":"https:\/\/shop.bantam.ch\/fr\/"},{"@type":"ListItem","position":2,"name":"Boutique","item":"https:\/\/shop.bantam.ch\/fr\/boutique\/"},{"@type":"ListItem","position":3,"name":"Prise cour. USB pr bande cond. Lanciano H.A.B.A. 2x USB-A, noir"}]},{"@type":"WebSite","@id":"https:\/\/shop.bantam.ch\/fr\/#website","url":"https:\/\/shop.bantam.ch\/fr\/","name":"Bantam Wankm\u00fcller SA","description":"","publisher":{"@id":"https:\/\/shop.bantam.ch\/fr\/#organization"},"inLanguage":"fr-FR"},{"@type":"Organization","@id":"https:\/\/shop.bantam.ch\/fr\/#organization","name":"Bantam Wankm\u00fcller SA","url":"https:\/\/shop.bantam.ch\/fr\/","logo":{"@type":"ImageObject","inLanguage":"fr-FR","@id":"https:\/\/shop.bantam.ch\/fr\/#\/schema\/logo\/image\/","url":"https:\/\/shop.bantam.ch\/wp-content\/uploads\/2022\/12\/bantam-logo.png","contentUrl":"https:\/\/shop.bantam.ch\/wp-content\/uploads\/2022\/12\/bantam-logo.png","width":320,"height":71,"caption":"Bantam Wankm\u00fcller SA"},"image":{"@id":"https:\/\/shop.bantam.ch\/fr\/#\/schema\/logo\/image\/"}}]}},"_links":{"self":[{"href":"https:\/\/shop.bantam.ch\/fr\/wp-json\/wp\/v2\/product\/198410","targetHints":{"allow":["GET"]}}],"collection":[{"href":"https:\/\/shop.bantam.ch\/fr\/wp-json\/wp\/v2\/product"}],"about":[{"href":"https:\/\/shop.bantam.ch\/fr\/wp-json\/wp\/v2\/types\/product"}],"wp:featuredmedia":[{"embeddable":true,"href":"https:\/\/shop.bantam.ch\/fr\/wp-json\/wp\/v2\/media\/207240"}],"wp:attachment":[{"href":"https:\/\/shop.bantam.ch\/fr\/wp-json\/wp\/v2\/media?parent=198410"}],"wp:term":[{"taxonomy":"product_featured_cat","embeddable":true,"href":"https:\/\/shop.bantam.ch\/fr\/wp-json\/wp\/v2\/product_featured_cat?post=198410"},{"taxonomy":"product_brand","embeddable":true,"href":"https:\/\/shop.bantam.ch\/fr\/wp-json\/wp\/v2\/product_brand?post=198410"},{"taxonomy":"product_cat","embeddable":true,"href":"https:\/\/shop.bantam.ch\/fr\/wp-json\/wp\/v2\/product_cat?post=198410"},{"taxonomy":"product_tag","embeddable":true,"href":"https:\/\/shop.bantam.ch\/fr\/wp-json\/wp\/v2\/product_tag?post=198410"}],"curies":[{"name":"wp","href":"https:\/\/api.w.org\/{rel}","templated":true}]}}