{"id":198406,"date":"2024-05-15T16:46:53","date_gmt":"2024-05-15T14:46:53","guid":{"rendered":"https:\/\/shop.bantam.ch\/produit\/bande-conductrice-h-a-b-a-lanciano-rali-700-mm-noir\/"},"modified":"2026-04-22T23:10:45","modified_gmt":"2026-04-22T21:10:45","slug":"bande-conductrice-h-a-b-a-lanciano-rali-700-mm-noir","status":"publish","type":"product","link":"https:\/\/shop.bantam.ch\/fr\/produit\/bande-conductrice-h-a-b-a-lanciano-rali-700-mm-noir\/","title":{"rendered":"Bande conductrice H.A.B.A. Lanciano Rali 700 mm noir"},"content":{"rendered":"<p>La solution parfaite pour l&rsquo;\u00e9clairage et la connectivit\u00e9 ! Le syst\u00e8me Lanciano Rail est une r\u00e9glette en saillie polyvalente et efficace pour le montage de spots et de prises USB. La r\u00e9glette est facile \u00e0 installer et se connecte sans probl\u00e8me \u00e0 l&rsquo;alimentation \u00e9lectrique, garantissant ainsi une connexion \u00e9lectrique fiable pour tous les appareils connect\u00e9s. Les spots ou les prises USB sont simplement enfich\u00e9s sur la r\u00e9glette. Tension de 12 V.<br \/>\nLa s\u00e9rie Lanciano est utilis\u00e9e dans les v\u00e9hicules de camping de P\u00f6ssl, Dethleffs et Hobby.<\/p>\n","protected":false},"excerpt":{"rendered":"<p>La solution parfaite pour l&rsquo;\u00e9clairage et la connectivit\u00e9 ! Le syst\u00e8me Lanciano Rail est une r\u00e9glette en saillie polyvalente et efficace pour le montage de spots et de prises USB. La r\u00e9glette est facile \u00e0 installer et se connecte sans probl\u00e8me \u00e0 l&rsquo;alimentation \u00e9lectrique, garantissant ainsi une connexion \u00e9lectrique fiable pour tous les appareils connect\u00e9s. [&hellip;]<\/p>\n","protected":false},"featured_media":207238,"template":"","meta":{"_acf_changed":false},"product_featured_cat":[],"product_brand":[3178],"product_cat":[4179],"product_tag":[],"class_list":{"0":"post-198406","1":"product","2":"type-product","3":"status-publish","4":"has-post-thumbnail","6":"product_brand-h-a-b-a","7":"product_cat-prises-et-interrupteurs","9":"first","10":"instock","11":"taxable","12":"shipping-taxable","13":"purchasable","14":"product-type-simple"},"acf":[],"yoast_head":"<!-- This site is optimized with the Yoast SEO plugin v27.4 - https:\/\/yoast.com\/product\/yoast-seo-wordpress\/ -->\n<title>Bande conductrice H.A.B.A. Lanciano Rali 700 mm noir - Bantam Wankm\u00fcller SA<\/title>\n<meta name=\"robots\" content=\"index, follow, max-snippet:-1, max-image-preview:large, max-video-preview:-1\" \/>\n<link rel=\"canonical\" href=\"https:\/\/shop.bantam.ch\/fr\/produit\/bande-conductrice-h-a-b-a-lanciano-rali-700-mm-noir\/\" \/>\n<meta property=\"og:locale\" content=\"fr_FR\" \/>\n<meta property=\"og:type\" content=\"article\" \/>\n<meta property=\"og:title\" content=\"Bande conductrice H.A.B.A. Lanciano Rali 700 mm noir - Bantam Wankm\u00fcller SA\" \/>\n<meta property=\"og:description\" content=\"La solution parfaite pour l&rsquo;\u00e9clairage et la connectivit\u00e9 ! Le syst\u00e8me Lanciano Rail est une r\u00e9glette en saillie polyvalente et efficace pour le montage de spots et de prises USB. La r\u00e9glette est facile \u00e0 installer et se connecte sans probl\u00e8me \u00e0 l&rsquo;alimentation \u00e9lectrique, garantissant ainsi une connexion \u00e9lectrique fiable pour tous les appareils connect\u00e9s. [&hellip;]\" \/>\n<meta property=\"og:url\" content=\"https:\/\/shop.bantam.ch\/fr\/produit\/bande-conductrice-h-a-b-a-lanciano-rali-700-mm-noir\/\" \/>\n<meta property=\"og:site_name\" content=\"Bantam Wankm\u00fcller SA\" \/>\n<meta property=\"article:modified_time\" content=\"2026-04-22T21:10:45+00:00\" \/>\n<meta property=\"og:image\" content=\"https:\/\/shop.bantam.ch\/wp-content\/uploads\/2024\/05\/Movera-L-9962232100.jpg\" \/>\n\t<meta property=\"og:image:width\" content=\"640\" \/>\n\t<meta property=\"og:image:height\" content=\"427\" \/>\n\t<meta property=\"og:image:type\" content=\"image\/jpeg\" \/>\n<meta name=\"twitter:card\" content=\"summary_large_image\" \/>\n<script type=\"application\/ld+json\" class=\"yoast-schema-graph\">{\"@context\":\"https:\\\/\\\/schema.org\",\"@graph\":[{\"@type\":\"WebPage\",\"@id\":\"https:\\\/\\\/shop.bantam.ch\\\/fr\\\/produit\\\/bande-conductrice-h-a-b-a-lanciano-rali-700-mm-noir\\\/\",\"url\":\"https:\\\/\\\/shop.bantam.ch\\\/fr\\\/produit\\\/bande-conductrice-h-a-b-a-lanciano-rali-700-mm-noir\\\/\",\"name\":\"Bande conductrice H.A.B.A. Lanciano Rali 700 mm noir - Bantam Wankm\u00fcller SA\",\"isPartOf\":{\"@id\":\"https:\\\/\\\/shop.bantam.ch\\\/fr\\\/#website\"},\"primaryImageOfPage\":{\"@id\":\"https:\\\/\\\/shop.bantam.ch\\\/fr\\\/produit\\\/bande-conductrice-h-a-b-a-lanciano-rali-700-mm-noir\\\/#primaryimage\"},\"image\":{\"@id\":\"https:\\\/\\\/shop.bantam.ch\\\/fr\\\/produit\\\/bande-conductrice-h-a-b-a-lanciano-rali-700-mm-noir\\\/#primaryimage\"},\"thumbnailUrl\":\"https:\\\/\\\/shop.bantam.ch\\\/wp-content\\\/uploads\\\/2024\\\/09\\\/Movera-L-9962232100.jpg\",\"datePublished\":\"2024-05-15T14:46:53+00:00\",\"dateModified\":\"2026-04-22T21:10:45+00:00\",\"breadcrumb\":{\"@id\":\"https:\\\/\\\/shop.bantam.ch\\\/fr\\\/produit\\\/bande-conductrice-h-a-b-a-lanciano-rali-700-mm-noir\\\/#breadcrumb\"},\"inLanguage\":\"fr-FR\",\"potentialAction\":[{\"@type\":\"ReadAction\",\"target\":[\"https:\\\/\\\/shop.bantam.ch\\\/fr\\\/produit\\\/bande-conductrice-h-a-b-a-lanciano-rali-700-mm-noir\\\/\"]}]},{\"@type\":\"ImageObject\",\"inLanguage\":\"fr-FR\",\"@id\":\"https:\\\/\\\/shop.bantam.ch\\\/fr\\\/produit\\\/bande-conductrice-h-a-b-a-lanciano-rali-700-mm-noir\\\/#primaryimage\",\"url\":\"https:\\\/\\\/shop.bantam.ch\\\/wp-content\\\/uploads\\\/2024\\\/09\\\/Movera-L-9962232100.jpg\",\"contentUrl\":\"https:\\\/\\\/shop.bantam.ch\\\/wp-content\\\/uploads\\\/2024\\\/09\\\/Movera-L-9962232100.jpg\",\"width\":640,\"height\":427},{\"@type\":\"BreadcrumbList\",\"@id\":\"https:\\\/\\\/shop.bantam.ch\\\/fr\\\/produit\\\/bande-conductrice-h-a-b-a-lanciano-rali-700-mm-noir\\\/#breadcrumb\",\"itemListElement\":[{\"@type\":\"ListItem\",\"position\":1,\"name\":\"Accueil\",\"item\":\"https:\\\/\\\/shop.bantam.ch\\\/fr\\\/\"},{\"@type\":\"ListItem\",\"position\":2,\"name\":\"Boutique\",\"item\":\"https:\\\/\\\/shop.bantam.ch\\\/fr\\\/boutique\\\/\"},{\"@type\":\"ListItem\",\"position\":3,\"name\":\"Bande conductrice H.A.B.A. Lanciano Rali 700 mm noir\"}]},{\"@type\":\"WebSite\",\"@id\":\"https:\\\/\\\/shop.bantam.ch\\\/fr\\\/#website\",\"url\":\"https:\\\/\\\/shop.bantam.ch\\\/fr\\\/\",\"name\":\"Bantam Wankm\u00fcller SA\",\"description\":\"\",\"publisher\":{\"@id\":\"https:\\\/\\\/shop.bantam.ch\\\/fr\\\/#organization\"},\"inLanguage\":\"fr-FR\"},{\"@type\":\"Organization\",\"@id\":\"https:\\\/\\\/shop.bantam.ch\\\/fr\\\/#organization\",\"name\":\"Bantam Wankm\u00fcller SA\",\"url\":\"https:\\\/\\\/shop.bantam.ch\\\/fr\\\/\",\"logo\":{\"@type\":\"ImageObject\",\"inLanguage\":\"fr-FR\",\"@id\":\"https:\\\/\\\/shop.bantam.ch\\\/fr\\\/#\\\/schema\\\/logo\\\/image\\\/\",\"url\":\"https:\\\/\\\/shop.bantam.ch\\\/wp-content\\\/uploads\\\/2022\\\/12\\\/bantam-logo.png\",\"contentUrl\":\"https:\\\/\\\/shop.bantam.ch\\\/wp-content\\\/uploads\\\/2022\\\/12\\\/bantam-logo.png\",\"width\":320,\"height\":71,\"caption\":\"Bantam Wankm\u00fcller SA\"},\"image\":{\"@id\":\"https:\\\/\\\/shop.bantam.ch\\\/fr\\\/#\\\/schema\\\/logo\\\/image\\\/\"}}]}<\/script>\n<!-- \/ Yoast SEO plugin. -->","yoast_head_json":{"title":"Bande conductrice H.A.B.A. Lanciano Rali 700 mm noir - Bantam Wankm\u00fcller SA","robots":{"index":"index","follow":"follow","max-snippet":"max-snippet:-1","max-image-preview":"max-image-preview:large","max-video-preview":"max-video-preview:-1"},"canonical":"https:\/\/shop.bantam.ch\/fr\/produit\/bande-conductrice-h-a-b-a-lanciano-rali-700-mm-noir\/","og_locale":"fr_FR","og_type":"article","og_title":"Bande conductrice H.A.B.A. Lanciano Rali 700 mm noir - Bantam Wankm\u00fcller SA","og_description":"La solution parfaite pour l&rsquo;\u00e9clairage et la connectivit\u00e9 ! Le syst\u00e8me Lanciano Rail est une r\u00e9glette en saillie polyvalente et efficace pour le montage de spots et de prises USB. La r\u00e9glette est facile \u00e0 installer et se connecte sans probl\u00e8me \u00e0 l&rsquo;alimentation \u00e9lectrique, garantissant ainsi une connexion \u00e9lectrique fiable pour tous les appareils connect\u00e9s. [&hellip;]","og_url":"https:\/\/shop.bantam.ch\/fr\/produit\/bande-conductrice-h-a-b-a-lanciano-rali-700-mm-noir\/","og_site_name":"Bantam Wankm\u00fcller SA","article_modified_time":"2026-04-22T21:10:45+00:00","og_image":[{"width":640,"height":427,"url":"https:\/\/shop.bantam.ch\/wp-content\/uploads\/2024\/05\/Movera-L-9962232100.jpg","type":"image\/jpeg"}],"twitter_card":"summary_large_image","schema":{"@context":"https:\/\/schema.org","@graph":[{"@type":"WebPage","@id":"https:\/\/shop.bantam.ch\/fr\/produit\/bande-conductrice-h-a-b-a-lanciano-rali-700-mm-noir\/","url":"https:\/\/shop.bantam.ch\/fr\/produit\/bande-conductrice-h-a-b-a-lanciano-rali-700-mm-noir\/","name":"Bande conductrice H.A.B.A. Lanciano Rali 700 mm noir - Bantam Wankm\u00fcller SA","isPartOf":{"@id":"https:\/\/shop.bantam.ch\/fr\/#website"},"primaryImageOfPage":{"@id":"https:\/\/shop.bantam.ch\/fr\/produit\/bande-conductrice-h-a-b-a-lanciano-rali-700-mm-noir\/#primaryimage"},"image":{"@id":"https:\/\/shop.bantam.ch\/fr\/produit\/bande-conductrice-h-a-b-a-lanciano-rali-700-mm-noir\/#primaryimage"},"thumbnailUrl":"https:\/\/shop.bantam.ch\/wp-content\/uploads\/2024\/09\/Movera-L-9962232100.jpg","datePublished":"2024-05-15T14:46:53+00:00","dateModified":"2026-04-22T21:10:45+00:00","breadcrumb":{"@id":"https:\/\/shop.bantam.ch\/fr\/produit\/bande-conductrice-h-a-b-a-lanciano-rali-700-mm-noir\/#breadcrumb"},"inLanguage":"fr-FR","potentialAction":[{"@type":"ReadAction","target":["https:\/\/shop.bantam.ch\/fr\/produit\/bande-conductrice-h-a-b-a-lanciano-rali-700-mm-noir\/"]}]},{"@type":"ImageObject","inLanguage":"fr-FR","@id":"https:\/\/shop.bantam.ch\/fr\/produit\/bande-conductrice-h-a-b-a-lanciano-rali-700-mm-noir\/#primaryimage","url":"https:\/\/shop.bantam.ch\/wp-content\/uploads\/2024\/09\/Movera-L-9962232100.jpg","contentUrl":"https:\/\/shop.bantam.ch\/wp-content\/uploads\/2024\/09\/Movera-L-9962232100.jpg","width":640,"height":427},{"@type":"BreadcrumbList","@id":"https:\/\/shop.bantam.ch\/fr\/produit\/bande-conductrice-h-a-b-a-lanciano-rali-700-mm-noir\/#breadcrumb","itemListElement":[{"@type":"ListItem","position":1,"name":"Accueil","item":"https:\/\/shop.bantam.ch\/fr\/"},{"@type":"ListItem","position":2,"name":"Boutique","item":"https:\/\/shop.bantam.ch\/fr\/boutique\/"},{"@type":"ListItem","position":3,"name":"Bande conductrice H.A.B.A. Lanciano Rali 700 mm noir"}]},{"@type":"WebSite","@id":"https:\/\/shop.bantam.ch\/fr\/#website","url":"https:\/\/shop.bantam.ch\/fr\/","name":"Bantam Wankm\u00fcller SA","description":"","publisher":{"@id":"https:\/\/shop.bantam.ch\/fr\/#organization"},"inLanguage":"fr-FR"},{"@type":"Organization","@id":"https:\/\/shop.bantam.ch\/fr\/#organization","name":"Bantam Wankm\u00fcller SA","url":"https:\/\/shop.bantam.ch\/fr\/","logo":{"@type":"ImageObject","inLanguage":"fr-FR","@id":"https:\/\/shop.bantam.ch\/fr\/#\/schema\/logo\/image\/","url":"https:\/\/shop.bantam.ch\/wp-content\/uploads\/2022\/12\/bantam-logo.png","contentUrl":"https:\/\/shop.bantam.ch\/wp-content\/uploads\/2022\/12\/bantam-logo.png","width":320,"height":71,"caption":"Bantam Wankm\u00fcller SA"},"image":{"@id":"https:\/\/shop.bantam.ch\/fr\/#\/schema\/logo\/image\/"}}]}},"_links":{"self":[{"href":"https:\/\/shop.bantam.ch\/fr\/wp-json\/wp\/v2\/product\/198406","targetHints":{"allow":["GET"]}}],"collection":[{"href":"https:\/\/shop.bantam.ch\/fr\/wp-json\/wp\/v2\/product"}],"about":[{"href":"https:\/\/shop.bantam.ch\/fr\/wp-json\/wp\/v2\/types\/product"}],"wp:featuredmedia":[{"embeddable":true,"href":"https:\/\/shop.bantam.ch\/fr\/wp-json\/wp\/v2\/media\/207238"}],"wp:attachment":[{"href":"https:\/\/shop.bantam.ch\/fr\/wp-json\/wp\/v2\/media?parent=198406"}],"wp:term":[{"taxonomy":"product_featured_cat","embeddable":true,"href":"https:\/\/shop.bantam.ch\/fr\/wp-json\/wp\/v2\/product_featured_cat?post=198406"},{"taxonomy":"product_brand","embeddable":true,"href":"https:\/\/shop.bantam.ch\/fr\/wp-json\/wp\/v2\/product_brand?post=198406"},{"taxonomy":"product_cat","embeddable":true,"href":"https:\/\/shop.bantam.ch\/fr\/wp-json\/wp\/v2\/product_cat?post=198406"},{"taxonomy":"product_tag","embeddable":true,"href":"https:\/\/shop.bantam.ch\/fr\/wp-json\/wp\/v2\/product_tag?post=198406"}],"curies":[{"name":"wp","href":"https:\/\/api.w.org\/{rel}","templated":true}]}}