{"id":198398,"date":"2024-05-15T16:46:46","date_gmt":"2024-05-15T14:46:46","guid":{"rendered":"https:\/\/shop.bantam.ch\/produit\/eclairage-de-cabine-h-a-b-a-cabiate\/"},"modified":"2026-05-08T23:11:01","modified_gmt":"2026-05-08T21:11:01","slug":"eclairage-de-cabine-h-a-b-a-cabiate","status":"publish","type":"product","link":"https:\/\/shop.bantam.ch\/fr\/produit\/eclairage-de-cabine-h-a-b-a-cabiate\/","title":{"rendered":"\u00c9clairage de cabine H.A.B.A. Cabiate"},"content":{"rendered":"<p>Le Cabiate est un \u00e9clairage de cabine sp\u00e9cialement con\u00e7u pour la cabine des camping-cars. Cette lampe est un m\u00e9lange de fonctionnalit\u00e9 et de design innovant pour les mod\u00e8les Fiat Ducato, Peugeot Boxer et Citro\u00ebn Jumper de 2006 \u00e0 2023. La Cabiate offre deux lampes \u00e0 commande ind\u00e9pendante, ce qui vous donne la flexibilit\u00e9 d&rsquo;adapter votre environnement lumineux \u00e0 vos besoins. La lampe de cabine Cabiate offre une puissance lumineuse impressionnante de 580 lumens dans une lumi\u00e8re blanche chaude. Vous pouvez faire varier l&rsquo;intensit\u00e9 de la lumi\u00e8re et cr\u00e9er ainsi l&rsquo;ambiance parfaite pour chaque occasion. La commande Touch-Switch simplifie la convivialit\u00e9 tout en lui conf\u00e9rant un aspect moderne et high-tech. La fonction de m\u00e9moire int\u00e9gr\u00e9e permet m\u00eame de rappeler le dernier r\u00e9glage d&rsquo;\u00e9clairage utilis\u00e9, pour une exp\u00e9rience personnalis\u00e9e \u00e0 chaque fois que vous entrez dans votre v\u00e9hicule.<\/p>\n","protected":false},"excerpt":{"rendered":"<p>Le Cabiate est un \u00e9clairage de cabine sp\u00e9cialement con\u00e7u pour la cabine des camping-cars. Cette lampe est un m\u00e9lange de fonctionnalit\u00e9 et de design innovant pour les mod\u00e8les Fiat Ducato, Peugeot Boxer et Citro\u00ebn Jumper de 2006 \u00e0 2023. La Cabiate offre deux lampes \u00e0 commande ind\u00e9pendante, ce qui vous donne la flexibilit\u00e9 d&rsquo;adapter votre [&hellip;]<\/p>\n","protected":false},"featured_media":207236,"template":"","meta":{"_acf_changed":false},"product_featured_cat":[],"product_brand":[3178],"product_cat":[4887],"product_tag":[],"class_list":{"0":"post-198398","1":"product","2":"type-product","3":"status-publish","4":"has-post-thumbnail","6":"product_brand-h-a-b-a","7":"product_cat-lampes-de-cockpit","9":"first","10":"instock","11":"taxable","12":"shipping-taxable","13":"purchasable","14":"product-type-simple"},"acf":[],"yoast_head":"<!-- This site is optimized with the Yoast SEO plugin v27.5 - https:\/\/yoast.com\/product\/yoast-seo-wordpress\/ -->\n<title>\u00c9clairage de cabine H.A.B.A. Cabiate - Bantam<\/title>\n<meta name=\"robots\" content=\"index, follow, max-snippet:-1, max-image-preview:large, max-video-preview:-1\" \/>\n<link rel=\"canonical\" href=\"https:\/\/shop.bantam.ch\/fr\/produit\/eclairage-de-cabine-h-a-b-a-cabiate\/\" \/>\n<meta property=\"og:locale\" content=\"fr_FR\" \/>\n<meta property=\"og:type\" content=\"article\" \/>\n<meta property=\"og:title\" content=\"\u00c9clairage de cabine H.A.B.A. Cabiate - Bantam\" \/>\n<meta property=\"og:description\" content=\"Le Cabiate est un \u00e9clairage de cabine sp\u00e9cialement con\u00e7u pour la cabine des camping-cars. Cette lampe est un m\u00e9lange de fonctionnalit\u00e9 et de design innovant pour les mod\u00e8les Fiat Ducato, Peugeot Boxer et Citro\u00ebn Jumper de 2006 \u00e0 2023. La Cabiate offre deux lampes \u00e0 commande ind\u00e9pendante, ce qui vous donne la flexibilit\u00e9 d&rsquo;adapter votre [&hellip;]\" \/>\n<meta property=\"og:url\" content=\"https:\/\/shop.bantam.ch\/fr\/produit\/eclairage-de-cabine-h-a-b-a-cabiate\/\" \/>\n<meta property=\"og:site_name\" content=\"Bantam\" \/>\n<meta property=\"article:modified_time\" content=\"2026-05-08T21:11:01+00:00\" \/>\n<meta property=\"og:image\" content=\"https:\/\/shop.bantam.ch\/wp-content\/uploads\/2024\/05\/Movera-L-9962231100.png\" \/>\n\t<meta property=\"og:image:width\" content=\"640\" \/>\n\t<meta property=\"og:image:height\" content=\"427\" \/>\n\t<meta property=\"og:image:type\" content=\"image\/png\" \/>\n<meta name=\"twitter:card\" content=\"summary_large_image\" \/>\n<meta name=\"twitter:label1\" content=\"Dur\u00e9e de lecture estim\u00e9e\" \/>\n\t<meta name=\"twitter:data1\" content=\"1 minute\" \/>\n<script type=\"application\/ld+json\" class=\"yoast-schema-graph\">{\"@context\":\"https:\\\/\\\/schema.org\",\"@graph\":[{\"@type\":\"WebPage\",\"@id\":\"https:\\\/\\\/shop.bantam.ch\\\/fr\\\/produit\\\/eclairage-de-cabine-h-a-b-a-cabiate\\\/\",\"url\":\"https:\\\/\\\/shop.bantam.ch\\\/fr\\\/produit\\\/eclairage-de-cabine-h-a-b-a-cabiate\\\/\",\"name\":\"\u00c9clairage de cabine H.A.B.A. Cabiate - Bantam\",\"isPartOf\":{\"@id\":\"https:\\\/\\\/shop.bantam.ch\\\/fr\\\/#website\"},\"primaryImageOfPage\":{\"@id\":\"https:\\\/\\\/shop.bantam.ch\\\/fr\\\/produit\\\/eclairage-de-cabine-h-a-b-a-cabiate\\\/#primaryimage\"},\"image\":{\"@id\":\"https:\\\/\\\/shop.bantam.ch\\\/fr\\\/produit\\\/eclairage-de-cabine-h-a-b-a-cabiate\\\/#primaryimage\"},\"thumbnailUrl\":\"https:\\\/\\\/shop.bantam.ch\\\/wp-content\\\/uploads\\\/2024\\\/09\\\/Movera-L-9962231100.png\",\"datePublished\":\"2024-05-15T14:46:46+00:00\",\"dateModified\":\"2026-05-08T21:11:01+00:00\",\"breadcrumb\":{\"@id\":\"https:\\\/\\\/shop.bantam.ch\\\/fr\\\/produit\\\/eclairage-de-cabine-h-a-b-a-cabiate\\\/#breadcrumb\"},\"inLanguage\":\"fr-FR\",\"potentialAction\":[{\"@type\":\"ReadAction\",\"target\":[\"https:\\\/\\\/shop.bantam.ch\\\/fr\\\/produit\\\/eclairage-de-cabine-h-a-b-a-cabiate\\\/\"]}]},{\"@type\":\"ImageObject\",\"inLanguage\":\"fr-FR\",\"@id\":\"https:\\\/\\\/shop.bantam.ch\\\/fr\\\/produit\\\/eclairage-de-cabine-h-a-b-a-cabiate\\\/#primaryimage\",\"url\":\"https:\\\/\\\/shop.bantam.ch\\\/wp-content\\\/uploads\\\/2024\\\/09\\\/Movera-L-9962231100.png\",\"contentUrl\":\"https:\\\/\\\/shop.bantam.ch\\\/wp-content\\\/uploads\\\/2024\\\/09\\\/Movera-L-9962231100.png\",\"width\":640,\"height\":427},{\"@type\":\"BreadcrumbList\",\"@id\":\"https:\\\/\\\/shop.bantam.ch\\\/fr\\\/produit\\\/eclairage-de-cabine-h-a-b-a-cabiate\\\/#breadcrumb\",\"itemListElement\":[{\"@type\":\"ListItem\",\"position\":1,\"name\":\"Accueil\",\"item\":\"https:\\\/\\\/shop.bantam.ch\\\/fr\\\/\"},{\"@type\":\"ListItem\",\"position\":2,\"name\":\"Boutique\",\"item\":\"https:\\\/\\\/shop.bantam.ch\\\/fr\\\/boutique\\\/\"},{\"@type\":\"ListItem\",\"position\":3,\"name\":\"\u00c9clairage de cabine H.A.B.A. Cabiate\"}]},{\"@type\":\"WebSite\",\"@id\":\"https:\\\/\\\/shop.bantam.ch\\\/fr\\\/#website\",\"url\":\"https:\\\/\\\/shop.bantam.ch\\\/fr\\\/\",\"name\":\"Bantam\",\"description\":\"\",\"publisher\":{\"@id\":\"https:\\\/\\\/shop.bantam.ch\\\/fr\\\/#organization\"},\"inLanguage\":\"fr-FR\"},{\"@type\":\"Organization\",\"@id\":\"https:\\\/\\\/shop.bantam.ch\\\/fr\\\/#organization\",\"name\":\"Bantam\",\"url\":\"https:\\\/\\\/shop.bantam.ch\\\/fr\\\/\",\"logo\":{\"@type\":\"ImageObject\",\"inLanguage\":\"fr-FR\",\"@id\":\"https:\\\/\\\/shop.bantam.ch\\\/fr\\\/#\\\/schema\\\/logo\\\/image\\\/\",\"url\":\"https:\\\/\\\/shop.bantam.ch\\\/wp-content\\\/uploads\\\/2022\\\/12\\\/bantam-logo.png\",\"contentUrl\":\"https:\\\/\\\/shop.bantam.ch\\\/wp-content\\\/uploads\\\/2022\\\/12\\\/bantam-logo.png\",\"width\":320,\"height\":71,\"caption\":\"Bantam\"},\"image\":{\"@id\":\"https:\\\/\\\/shop.bantam.ch\\\/fr\\\/#\\\/schema\\\/logo\\\/image\\\/\"}}]}<\/script>\n<!-- \/ Yoast SEO plugin. -->","yoast_head_json":{"title":"\u00c9clairage de cabine H.A.B.A. Cabiate - Bantam","robots":{"index":"index","follow":"follow","max-snippet":"max-snippet:-1","max-image-preview":"max-image-preview:large","max-video-preview":"max-video-preview:-1"},"canonical":"https:\/\/shop.bantam.ch\/fr\/produit\/eclairage-de-cabine-h-a-b-a-cabiate\/","og_locale":"fr_FR","og_type":"article","og_title":"\u00c9clairage de cabine H.A.B.A. Cabiate - Bantam","og_description":"Le Cabiate est un \u00e9clairage de cabine sp\u00e9cialement con\u00e7u pour la cabine des camping-cars. Cette lampe est un m\u00e9lange de fonctionnalit\u00e9 et de design innovant pour les mod\u00e8les Fiat Ducato, Peugeot Boxer et Citro\u00ebn Jumper de 2006 \u00e0 2023. La Cabiate offre deux lampes \u00e0 commande ind\u00e9pendante, ce qui vous donne la flexibilit\u00e9 d&rsquo;adapter votre [&hellip;]","og_url":"https:\/\/shop.bantam.ch\/fr\/produit\/eclairage-de-cabine-h-a-b-a-cabiate\/","og_site_name":"Bantam","article_modified_time":"2026-05-08T21:11:01+00:00","og_image":[{"width":640,"height":427,"url":"https:\/\/shop.bantam.ch\/wp-content\/uploads\/2024\/05\/Movera-L-9962231100.png","type":"image\/png"}],"twitter_card":"summary_large_image","twitter_misc":{"Dur\u00e9e de lecture estim\u00e9e":"1 minute"},"schema":{"@context":"https:\/\/schema.org","@graph":[{"@type":"WebPage","@id":"https:\/\/shop.bantam.ch\/fr\/produit\/eclairage-de-cabine-h-a-b-a-cabiate\/","url":"https:\/\/shop.bantam.ch\/fr\/produit\/eclairage-de-cabine-h-a-b-a-cabiate\/","name":"\u00c9clairage de cabine H.A.B.A. Cabiate - Bantam","isPartOf":{"@id":"https:\/\/shop.bantam.ch\/fr\/#website"},"primaryImageOfPage":{"@id":"https:\/\/shop.bantam.ch\/fr\/produit\/eclairage-de-cabine-h-a-b-a-cabiate\/#primaryimage"},"image":{"@id":"https:\/\/shop.bantam.ch\/fr\/produit\/eclairage-de-cabine-h-a-b-a-cabiate\/#primaryimage"},"thumbnailUrl":"https:\/\/shop.bantam.ch\/wp-content\/uploads\/2024\/09\/Movera-L-9962231100.png","datePublished":"2024-05-15T14:46:46+00:00","dateModified":"2026-05-08T21:11:01+00:00","breadcrumb":{"@id":"https:\/\/shop.bantam.ch\/fr\/produit\/eclairage-de-cabine-h-a-b-a-cabiate\/#breadcrumb"},"inLanguage":"fr-FR","potentialAction":[{"@type":"ReadAction","target":["https:\/\/shop.bantam.ch\/fr\/produit\/eclairage-de-cabine-h-a-b-a-cabiate\/"]}]},{"@type":"ImageObject","inLanguage":"fr-FR","@id":"https:\/\/shop.bantam.ch\/fr\/produit\/eclairage-de-cabine-h-a-b-a-cabiate\/#primaryimage","url":"https:\/\/shop.bantam.ch\/wp-content\/uploads\/2024\/09\/Movera-L-9962231100.png","contentUrl":"https:\/\/shop.bantam.ch\/wp-content\/uploads\/2024\/09\/Movera-L-9962231100.png","width":640,"height":427},{"@type":"BreadcrumbList","@id":"https:\/\/shop.bantam.ch\/fr\/produit\/eclairage-de-cabine-h-a-b-a-cabiate\/#breadcrumb","itemListElement":[{"@type":"ListItem","position":1,"name":"Accueil","item":"https:\/\/shop.bantam.ch\/fr\/"},{"@type":"ListItem","position":2,"name":"Boutique","item":"https:\/\/shop.bantam.ch\/fr\/boutique\/"},{"@type":"ListItem","position":3,"name":"\u00c9clairage de cabine H.A.B.A. Cabiate"}]},{"@type":"WebSite","@id":"https:\/\/shop.bantam.ch\/fr\/#website","url":"https:\/\/shop.bantam.ch\/fr\/","name":"Bantam","description":"","publisher":{"@id":"https:\/\/shop.bantam.ch\/fr\/#organization"},"inLanguage":"fr-FR"},{"@type":"Organization","@id":"https:\/\/shop.bantam.ch\/fr\/#organization","name":"Bantam","url":"https:\/\/shop.bantam.ch\/fr\/","logo":{"@type":"ImageObject","inLanguage":"fr-FR","@id":"https:\/\/shop.bantam.ch\/fr\/#\/schema\/logo\/image\/","url":"https:\/\/shop.bantam.ch\/wp-content\/uploads\/2022\/12\/bantam-logo.png","contentUrl":"https:\/\/shop.bantam.ch\/wp-content\/uploads\/2022\/12\/bantam-logo.png","width":320,"height":71,"caption":"Bantam"},"image":{"@id":"https:\/\/shop.bantam.ch\/fr\/#\/schema\/logo\/image\/"}}]}},"_links":{"self":[{"href":"https:\/\/shop.bantam.ch\/fr\/wp-json\/wp\/v2\/product\/198398","targetHints":{"allow":["GET"]}}],"collection":[{"href":"https:\/\/shop.bantam.ch\/fr\/wp-json\/wp\/v2\/product"}],"about":[{"href":"https:\/\/shop.bantam.ch\/fr\/wp-json\/wp\/v2\/types\/product"}],"wp:featuredmedia":[{"embeddable":true,"href":"https:\/\/shop.bantam.ch\/fr\/wp-json\/wp\/v2\/media\/207236"}],"wp:attachment":[{"href":"https:\/\/shop.bantam.ch\/fr\/wp-json\/wp\/v2\/media?parent=198398"}],"wp:term":[{"taxonomy":"product_featured_cat","embeddable":true,"href":"https:\/\/shop.bantam.ch\/fr\/wp-json\/wp\/v2\/product_featured_cat?post=198398"},{"taxonomy":"product_brand","embeddable":true,"href":"https:\/\/shop.bantam.ch\/fr\/wp-json\/wp\/v2\/product_brand?post=198398"},{"taxonomy":"product_cat","embeddable":true,"href":"https:\/\/shop.bantam.ch\/fr\/wp-json\/wp\/v2\/product_cat?post=198398"},{"taxonomy":"product_tag","embeddable":true,"href":"https:\/\/shop.bantam.ch\/fr\/wp-json\/wp\/v2\/product_tag?post=198398"}],"curies":[{"name":"wp","href":"https:\/\/api.w.org\/{rel}","templated":true}]}}