{"id":198286,"date":"2024-05-15T16:44:13","date_gmt":"2024-05-15T14:44:13","guid":{"rendered":"https:\/\/shop.bantam.ch\/produit\/systeme-satellite-automatique-oyster-5-premium-85-single-skew-anthracite-incl-televiseur-intelligent\/"},"modified":"2026-04-18T01:17:51","modified_gmt":"2026-04-17T23:17:51","slug":"systeme-satellite-automatique-oyster-5-premium-85-single-skew-anthracite-incl-televiseur-intelligent","status":"publish","type":"product","link":"https:\/\/shop.bantam.ch\/fr\/produit\/systeme-satellite-automatique-oyster-5-premium-85-single-skew-anthracite-incl-televiseur-intelligent\/","title":{"rendered":"Syst\u00e8me satellite automatique Oyster 5 Premium 85 Single SKEW anthracite incl.  T\u00e9l\u00e9viseur intelligent"},"content":{"rendered":"<p>Avec l&rsquo;Oyster V, l&rsquo;entreprise ten Haaft ouvre un nouveau chapitre dans la technologie des antennes mobiles : moins de poids, une construction plus compacte, des affinements techniques par rapport au mod\u00e8le pr\u00e9c\u00e9dent. Ce qui reste inchang\u00e9, c&rsquo;est la qualit\u00e9 sup\u00e9rieure. Jugez-en par vous-m\u00eame et captez la nouvelle Oyster V! NOUVEAU &#8211; maintenant aussi en anthracite!<\/p>\n<p>Avec la nouvelle s\u00e9rie Oyster Smart TV Pro, vous d\u00e9couvrez une technologie de premi\u00e8re classe. La t\u00e9l\u00e9vision classique et les fonctions informatiques fusionnent en un seul appareil et apportent le monde de l&rsquo;Internet \u00e0 l&rsquo;\u00e9cran.<br \/>\nQu&rsquo;il s&rsquo;agisse de surfer ou de streamer, les nouveaux Oyster Smart TV ont le package complet \u00e0 bord: WLAN int\u00e9gr\u00e9, services de streaming, applications de divertissement &amp; Co. Que vous souhaitiez parcourir les diff\u00e9rents CamperChannels sur YouTube ou avoir des informations sur la m\u00e9t\u00e9o locale, les applications pr\u00e9install\u00e9es de l&rsquo;Oyster Smart TV le permettent! Mais les grandes m\u00e9diath\u00e8ques des cha\u00eenes de t\u00e9l\u00e9vision publiques mises \u00e0 votre disposition vous permettent \u00e9galement de diffuser confortablement en d\u00e9placement.<\/p>\n<p>Caract\u00e9ristiques particuli\u00e8res<\/p>\n<ul>\n<li>Appareil haut de gamme au design ultraplat<\/li>\n<li>WLAN 2,4 GHz et 5 GHz int\u00e9gr\u00e9<\/li>\n<li>Configuration WLAN avec WPS (\u00e0 condition que la source WLAN soit compatible, par ex. Oyster Connect, Oyster Access et Oyster EasyNet)<\/li>\n<li>Bluetooth 5.1<\/li>\n<li>Tuner int\u00e9gr\u00e9 pour DVB-S2, Tuner DVB-T2 HD\/H.265<\/li>\n<li>Syst\u00e8me d&rsquo;exploitation VIDAA avec acc\u00e8s complet \u00e0 toutes les applications du Google Play Store comme les services de streaming ou le navigateur web<\/li>\n<li>HbbTV (Hybrid broadcast broadband TeleVision)<\/li>\n<li>Listes multiples de cha\u00eenes favorites (par ex. pour l&rsquo;Allemagne, l&rsquo;Autriche, la Suisse, etc.)<\/li>\n<li>WIDI\/Miracast<\/li>\n<li>OTA (mise \u00e0 jour logicielle Over-The-Air via Internet)<\/li>\n<li>Possibilit\u00e9 de connexion via USB 2.0 et HDMI<\/li>\n<li>Entr\u00e9es de signaux pouvant \u00eatre librement nomm\u00e9es<\/li>\n<li>Montage universel gr\u00e2ce au support standard VESA<\/li>\n<li>T\u00e9l\u00e9commande syst\u00e8me: une seule t\u00e9l\u00e9commande pour le syst\u00e8me satellite et le t\u00e9l\u00e9viseur Oyster\u00ae Smart TV<\/li>\n<li>EPG Guide \u00e9lectronique des programmes avec aper\u00e7u sur 7 jours<\/li>\n<li>Affichage ON-SCREEN pour la tension d&rsquo;alimentation<\/li>\n<li>Fonction audio uniquement<\/li>\n<li>Utilisation sans barri\u00e8re<\/li>\n<li>Emplacement pour module CI \/ CI+<\/li>\n<li>Construction robuste pour une utilisation mobile en camping-car et en caravane<\/li>\n<li>Listes de cha\u00eenes pr\u00e9programm\u00e9es pour D\/AT\/CH\/FR et support de mise \u00e0 jour par ten Haaft<\/li>\n<li>Interrupteur d&rsquo;alimentation On \/ Off<\/li>\n<\/ul>\n","protected":false},"excerpt":{"rendered":"<p>Avec l&rsquo;Oyster V, l&rsquo;entreprise ten Haaft ouvre un nouveau chapitre dans la technologie des antennes mobiles : moins de poids, une construction plus compacte, des affinements techniques par rapport au mod\u00e8le pr\u00e9c\u00e9dent. Ce qui reste inchang\u00e9, c&rsquo;est la qualit\u00e9 sup\u00e9rieure. Jugez-en par vous-m\u00eame et captez la nouvelle Oyster V! NOUVEAU &#8211; maintenant aussi en anthracite! [&hellip;]<\/p>\n","protected":false},"featured_media":198282,"template":"","meta":{"_acf_changed":false},"product_featured_cat":[],"product_brand":[3126],"product_cat":[4529],"product_tag":[],"class_list":{"0":"post-198286","1":"product","2":"type-product","3":"status-publish","4":"has-post-thumbnail","6":"product_brand-oyster","7":"product_cat-systemes-complets-de-satellites-et-televiseurs","9":"first","10":"instock","11":"taxable","12":"shipping-taxable","13":"purchasable","14":"product-type-variable"},"acf":[],"yoast_head":"<!-- This site is optimized with the Yoast SEO plugin v27.4 - https:\/\/yoast.com\/product\/yoast-seo-wordpress\/ -->\n<title>Syst\u00e8me satellite automatique Oyster 5 Premium 85 Single SKEW anthracite incl. T\u00e9l\u00e9viseur intelligent - Bantam Wankm\u00fcller SA<\/title>\n<meta name=\"robots\" content=\"index, follow, max-snippet:-1, max-image-preview:large, max-video-preview:-1\" \/>\n<link rel=\"canonical\" href=\"https:\/\/shop.bantam.ch\/fr\/produit\/systeme-satellite-automatique-oyster-5-premium-85-single-skew-anthracite-incl-televiseur-intelligent\/\" \/>\n<meta property=\"og:locale\" content=\"fr_FR\" \/>\n<meta property=\"og:type\" content=\"article\" \/>\n<meta property=\"og:title\" content=\"Syst\u00e8me satellite automatique Oyster 5 Premium 85 Single SKEW anthracite incl. T\u00e9l\u00e9viseur intelligent - Bantam Wankm\u00fcller SA\" \/>\n<meta property=\"og:description\" content=\"Avec l&rsquo;Oyster V, l&rsquo;entreprise ten Haaft ouvre un nouveau chapitre dans la technologie des antennes mobiles : moins de poids, une construction plus compacte, des affinements techniques par rapport au mod\u00e8le pr\u00e9c\u00e9dent. Ce qui reste inchang\u00e9, c&rsquo;est la qualit\u00e9 sup\u00e9rieure. Jugez-en par vous-m\u00eame et captez la nouvelle Oyster V! NOUVEAU &#8211; maintenant aussi en anthracite! [&hellip;]\" \/>\n<meta property=\"og:url\" content=\"https:\/\/shop.bantam.ch\/fr\/produit\/systeme-satellite-automatique-oyster-5-premium-85-single-skew-anthracite-incl-televiseur-intelligent\/\" \/>\n<meta property=\"og:site_name\" content=\"Bantam Wankm\u00fcller SA\" \/>\n<meta property=\"article:modified_time\" content=\"2026-04-17T23:17:51+00:00\" \/>\n<meta property=\"og:image\" content=\"https:\/\/shop.bantam.ch\/wp-content\/uploads\/2024\/05\/Movera-L-0106808100.jpg\" \/>\n\t<meta property=\"og:image:width\" content=\"640\" \/>\n\t<meta property=\"og:image:height\" content=\"859\" \/>\n\t<meta property=\"og:image:type\" content=\"image\/jpeg\" \/>\n<meta name=\"twitter:card\" content=\"summary_large_image\" \/>\n<meta name=\"twitter:label1\" content=\"Dur\u00e9e de lecture estim\u00e9e\" \/>\n\t<meta name=\"twitter:data1\" content=\"2 minutes\" \/>\n<script type=\"application\/ld+json\" class=\"yoast-schema-graph\">{\"@context\":\"https:\\\/\\\/schema.org\",\"@graph\":[{\"@type\":\"WebPage\",\"@id\":\"https:\\\/\\\/shop.bantam.ch\\\/fr\\\/produit\\\/systeme-satellite-automatique-oyster-5-premium-85-single-skew-anthracite-incl-televiseur-intelligent\\\/\",\"url\":\"https:\\\/\\\/shop.bantam.ch\\\/fr\\\/produit\\\/systeme-satellite-automatique-oyster-5-premium-85-single-skew-anthracite-incl-televiseur-intelligent\\\/\",\"name\":\"Syst\u00e8me satellite automatique Oyster 5 Premium 85 Single SKEW anthracite incl. T\u00e9l\u00e9viseur intelligent - Bantam Wankm\u00fcller SA\",\"isPartOf\":{\"@id\":\"https:\\\/\\\/shop.bantam.ch\\\/fr\\\/#website\"},\"primaryImageOfPage\":{\"@id\":\"https:\\\/\\\/shop.bantam.ch\\\/fr\\\/produit\\\/systeme-satellite-automatique-oyster-5-premium-85-single-skew-anthracite-incl-televiseur-intelligent\\\/#primaryimage\"},\"image\":{\"@id\":\"https:\\\/\\\/shop.bantam.ch\\\/fr\\\/produit\\\/systeme-satellite-automatique-oyster-5-premium-85-single-skew-anthracite-incl-televiseur-intelligent\\\/#primaryimage\"},\"thumbnailUrl\":\"https:\\\/\\\/shop.bantam.ch\\\/wp-content\\\/uploads\\\/2024\\\/05\\\/Movera-L-0106808100.jpg\",\"datePublished\":\"2024-05-15T14:44:13+00:00\",\"dateModified\":\"2026-04-17T23:17:51+00:00\",\"breadcrumb\":{\"@id\":\"https:\\\/\\\/shop.bantam.ch\\\/fr\\\/produit\\\/systeme-satellite-automatique-oyster-5-premium-85-single-skew-anthracite-incl-televiseur-intelligent\\\/#breadcrumb\"},\"inLanguage\":\"fr-FR\",\"potentialAction\":[{\"@type\":\"ReadAction\",\"target\":[\"https:\\\/\\\/shop.bantam.ch\\\/fr\\\/produit\\\/systeme-satellite-automatique-oyster-5-premium-85-single-skew-anthracite-incl-televiseur-intelligent\\\/\"]}]},{\"@type\":\"ImageObject\",\"inLanguage\":\"fr-FR\",\"@id\":\"https:\\\/\\\/shop.bantam.ch\\\/fr\\\/produit\\\/systeme-satellite-automatique-oyster-5-premium-85-single-skew-anthracite-incl-televiseur-intelligent\\\/#primaryimage\",\"url\":\"https:\\\/\\\/shop.bantam.ch\\\/wp-content\\\/uploads\\\/2024\\\/05\\\/Movera-L-0106808100.jpg\",\"contentUrl\":\"https:\\\/\\\/shop.bantam.ch\\\/wp-content\\\/uploads\\\/2024\\\/05\\\/Movera-L-0106808100.jpg\",\"width\":640,\"height\":859},{\"@type\":\"BreadcrumbList\",\"@id\":\"https:\\\/\\\/shop.bantam.ch\\\/fr\\\/produit\\\/systeme-satellite-automatique-oyster-5-premium-85-single-skew-anthracite-incl-televiseur-intelligent\\\/#breadcrumb\",\"itemListElement\":[{\"@type\":\"ListItem\",\"position\":1,\"name\":\"Accueil\",\"item\":\"https:\\\/\\\/shop.bantam.ch\\\/fr\\\/\"},{\"@type\":\"ListItem\",\"position\":2,\"name\":\"Boutique\",\"item\":\"https:\\\/\\\/shop.bantam.ch\\\/fr\\\/boutique\\\/\"},{\"@type\":\"ListItem\",\"position\":3,\"name\":\"Syst\u00e8me satellite automatique Oyster 5 Premium 85 Single SKEW anthracite incl. T\u00e9l\u00e9viseur intelligent\"}]},{\"@type\":\"WebSite\",\"@id\":\"https:\\\/\\\/shop.bantam.ch\\\/fr\\\/#website\",\"url\":\"https:\\\/\\\/shop.bantam.ch\\\/fr\\\/\",\"name\":\"Bantam Wankm\u00fcller SA\",\"description\":\"\",\"publisher\":{\"@id\":\"https:\\\/\\\/shop.bantam.ch\\\/fr\\\/#organization\"},\"inLanguage\":\"fr-FR\"},{\"@type\":\"Organization\",\"@id\":\"https:\\\/\\\/shop.bantam.ch\\\/fr\\\/#organization\",\"name\":\"Bantam Wankm\u00fcller SA\",\"url\":\"https:\\\/\\\/shop.bantam.ch\\\/fr\\\/\",\"logo\":{\"@type\":\"ImageObject\",\"inLanguage\":\"fr-FR\",\"@id\":\"https:\\\/\\\/shop.bantam.ch\\\/fr\\\/#\\\/schema\\\/logo\\\/image\\\/\",\"url\":\"https:\\\/\\\/shop.bantam.ch\\\/wp-content\\\/uploads\\\/2022\\\/12\\\/bantam-logo.png\",\"contentUrl\":\"https:\\\/\\\/shop.bantam.ch\\\/wp-content\\\/uploads\\\/2022\\\/12\\\/bantam-logo.png\",\"width\":320,\"height\":71,\"caption\":\"Bantam Wankm\u00fcller SA\"},\"image\":{\"@id\":\"https:\\\/\\\/shop.bantam.ch\\\/fr\\\/#\\\/schema\\\/logo\\\/image\\\/\"}}]}<\/script>\n<!-- \/ Yoast SEO plugin. -->","yoast_head_json":{"title":"Syst\u00e8me satellite automatique Oyster 5 Premium 85 Single SKEW anthracite incl. T\u00e9l\u00e9viseur intelligent - Bantam Wankm\u00fcller SA","robots":{"index":"index","follow":"follow","max-snippet":"max-snippet:-1","max-image-preview":"max-image-preview:large","max-video-preview":"max-video-preview:-1"},"canonical":"https:\/\/shop.bantam.ch\/fr\/produit\/systeme-satellite-automatique-oyster-5-premium-85-single-skew-anthracite-incl-televiseur-intelligent\/","og_locale":"fr_FR","og_type":"article","og_title":"Syst\u00e8me satellite automatique Oyster 5 Premium 85 Single SKEW anthracite incl. T\u00e9l\u00e9viseur intelligent - Bantam Wankm\u00fcller SA","og_description":"Avec l&rsquo;Oyster V, l&rsquo;entreprise ten Haaft ouvre un nouveau chapitre dans la technologie des antennes mobiles : moins de poids, une construction plus compacte, des affinements techniques par rapport au mod\u00e8le pr\u00e9c\u00e9dent. Ce qui reste inchang\u00e9, c&rsquo;est la qualit\u00e9 sup\u00e9rieure. Jugez-en par vous-m\u00eame et captez la nouvelle Oyster V! NOUVEAU &#8211; maintenant aussi en anthracite! [&hellip;]","og_url":"https:\/\/shop.bantam.ch\/fr\/produit\/systeme-satellite-automatique-oyster-5-premium-85-single-skew-anthracite-incl-televiseur-intelligent\/","og_site_name":"Bantam Wankm\u00fcller SA","article_modified_time":"2026-04-17T23:17:51+00:00","og_image":[{"width":640,"height":859,"url":"https:\/\/shop.bantam.ch\/wp-content\/uploads\/2024\/05\/Movera-L-0106808100.jpg","type":"image\/jpeg"}],"twitter_card":"summary_large_image","twitter_misc":{"Dur\u00e9e de lecture estim\u00e9e":"2 minutes"},"schema":{"@context":"https:\/\/schema.org","@graph":[{"@type":"WebPage","@id":"https:\/\/shop.bantam.ch\/fr\/produit\/systeme-satellite-automatique-oyster-5-premium-85-single-skew-anthracite-incl-televiseur-intelligent\/","url":"https:\/\/shop.bantam.ch\/fr\/produit\/systeme-satellite-automatique-oyster-5-premium-85-single-skew-anthracite-incl-televiseur-intelligent\/","name":"Syst\u00e8me satellite automatique Oyster 5 Premium 85 Single SKEW anthracite incl. T\u00e9l\u00e9viseur intelligent - Bantam Wankm\u00fcller SA","isPartOf":{"@id":"https:\/\/shop.bantam.ch\/fr\/#website"},"primaryImageOfPage":{"@id":"https:\/\/shop.bantam.ch\/fr\/produit\/systeme-satellite-automatique-oyster-5-premium-85-single-skew-anthracite-incl-televiseur-intelligent\/#primaryimage"},"image":{"@id":"https:\/\/shop.bantam.ch\/fr\/produit\/systeme-satellite-automatique-oyster-5-premium-85-single-skew-anthracite-incl-televiseur-intelligent\/#primaryimage"},"thumbnailUrl":"https:\/\/shop.bantam.ch\/wp-content\/uploads\/2024\/05\/Movera-L-0106808100.jpg","datePublished":"2024-05-15T14:44:13+00:00","dateModified":"2026-04-17T23:17:51+00:00","breadcrumb":{"@id":"https:\/\/shop.bantam.ch\/fr\/produit\/systeme-satellite-automatique-oyster-5-premium-85-single-skew-anthracite-incl-televiseur-intelligent\/#breadcrumb"},"inLanguage":"fr-FR","potentialAction":[{"@type":"ReadAction","target":["https:\/\/shop.bantam.ch\/fr\/produit\/systeme-satellite-automatique-oyster-5-premium-85-single-skew-anthracite-incl-televiseur-intelligent\/"]}]},{"@type":"ImageObject","inLanguage":"fr-FR","@id":"https:\/\/shop.bantam.ch\/fr\/produit\/systeme-satellite-automatique-oyster-5-premium-85-single-skew-anthracite-incl-televiseur-intelligent\/#primaryimage","url":"https:\/\/shop.bantam.ch\/wp-content\/uploads\/2024\/05\/Movera-L-0106808100.jpg","contentUrl":"https:\/\/shop.bantam.ch\/wp-content\/uploads\/2024\/05\/Movera-L-0106808100.jpg","width":640,"height":859},{"@type":"BreadcrumbList","@id":"https:\/\/shop.bantam.ch\/fr\/produit\/systeme-satellite-automatique-oyster-5-premium-85-single-skew-anthracite-incl-televiseur-intelligent\/#breadcrumb","itemListElement":[{"@type":"ListItem","position":1,"name":"Accueil","item":"https:\/\/shop.bantam.ch\/fr\/"},{"@type":"ListItem","position":2,"name":"Boutique","item":"https:\/\/shop.bantam.ch\/fr\/boutique\/"},{"@type":"ListItem","position":3,"name":"Syst\u00e8me satellite automatique Oyster 5 Premium 85 Single SKEW anthracite incl. T\u00e9l\u00e9viseur intelligent"}]},{"@type":"WebSite","@id":"https:\/\/shop.bantam.ch\/fr\/#website","url":"https:\/\/shop.bantam.ch\/fr\/","name":"Bantam Wankm\u00fcller SA","description":"","publisher":{"@id":"https:\/\/shop.bantam.ch\/fr\/#organization"},"inLanguage":"fr-FR"},{"@type":"Organization","@id":"https:\/\/shop.bantam.ch\/fr\/#organization","name":"Bantam Wankm\u00fcller SA","url":"https:\/\/shop.bantam.ch\/fr\/","logo":{"@type":"ImageObject","inLanguage":"fr-FR","@id":"https:\/\/shop.bantam.ch\/fr\/#\/schema\/logo\/image\/","url":"https:\/\/shop.bantam.ch\/wp-content\/uploads\/2022\/12\/bantam-logo.png","contentUrl":"https:\/\/shop.bantam.ch\/wp-content\/uploads\/2022\/12\/bantam-logo.png","width":320,"height":71,"caption":"Bantam Wankm\u00fcller SA"},"image":{"@id":"https:\/\/shop.bantam.ch\/fr\/#\/schema\/logo\/image\/"}}]}},"_links":{"self":[{"href":"https:\/\/shop.bantam.ch\/fr\/wp-json\/wp\/v2\/product\/198286","targetHints":{"allow":["GET"]}}],"collection":[{"href":"https:\/\/shop.bantam.ch\/fr\/wp-json\/wp\/v2\/product"}],"about":[{"href":"https:\/\/shop.bantam.ch\/fr\/wp-json\/wp\/v2\/types\/product"}],"wp:featuredmedia":[{"embeddable":true,"href":"https:\/\/shop.bantam.ch\/fr\/wp-json\/wp\/v2\/media\/198282"}],"wp:attachment":[{"href":"https:\/\/shop.bantam.ch\/fr\/wp-json\/wp\/v2\/media?parent=198286"}],"wp:term":[{"taxonomy":"product_featured_cat","embeddable":true,"href":"https:\/\/shop.bantam.ch\/fr\/wp-json\/wp\/v2\/product_featured_cat?post=198286"},{"taxonomy":"product_brand","embeddable":true,"href":"https:\/\/shop.bantam.ch\/fr\/wp-json\/wp\/v2\/product_brand?post=198286"},{"taxonomy":"product_cat","embeddable":true,"href":"https:\/\/shop.bantam.ch\/fr\/wp-json\/wp\/v2\/product_cat?post=198286"},{"taxonomy":"product_tag","embeddable":true,"href":"https:\/\/shop.bantam.ch\/fr\/wp-json\/wp\/v2\/product_tag?post=198286"}],"curies":[{"name":"wp","href":"https:\/\/api.w.org\/{rel}","templated":true}]}}