{"id":198136,"date":"2024-05-15T16:40:46","date_gmt":"2024-05-15T14:40:46","guid":{"rendered":"https:\/\/shop.bantam.ch\/produit\/antenne-wifi-oyster-easy-net-v1-45\/"},"modified":"2026-05-11T23:08:00","modified_gmt":"2026-05-11T21:08:00","slug":"antenne-wifi-oyster-easy-net-v1-45","status":"publish","type":"product","link":"https:\/\/shop.bantam.ch\/fr\/produit\/antenne-wifi-oyster-easy-net-v1-45\/","title":{"rendered":"Antenne WiFi Oyster Easy Net V1 &#8211; 45"},"content":{"rendered":"<p>Sur mesure pour les besoins du campeur<br \/>.<br \/>\nComme tous les produits ten Haaft, les nouveaux syst\u00e8mes Internet Oyster Access et Oyster EasyNet ont \u00e9t\u00e9 d\u00e9velopp\u00e9s en fonction des besoins r\u00e9els du campeur. L&rsquo;int\u00e9r\u00eat d&rsquo;un tel syst\u00e8me est que tous les appareils pr\u00e9sents dans le v\u00e9hicule peuvent partager une connexion Internet<br \/>\npeuvent utiliser. Pour ce faire, un WLAN bibande priv\u00e9 et un LAN c\u00e2bl\u00e9 sont mis \u00e0 disposition \u00e0 l&rsquo;int\u00e9rieur du v\u00e9hicule, il y a donc trois modules WLAN s\u00e9par\u00e9s.<br \/>\nLa connexion entre l&rsquo;Oyster Access \/ l&rsquo;Oyster EasyNet et Internet peut se faire de deux mani\u00e8res diff\u00e9rentes :<\/p>\n<ul>\n<li>Par une connexion LTE via le r\u00e9seau mobile, au moyen d&rsquo;une carte SIM ins\u00e9r\u00e9e par le client<\/li>\n<p>.<\/p>\n<li>Utilisation d&rsquo;un WLAN local accessible au public (par ex. sur un camping\/emplacement ou autres hotspots WLAN publics<\/li>\n<p>).\n<\/ul>\n<p>Ce qui a fait ses preuves a \u00e9t\u00e9 conserv\u00e9, mais tout est nouveau<br \/>.<br \/>\nTant pour le nouvel Oyster Access que pour le nouvel Oyster EasyNet, le syst\u00e8me se compose d&rsquo;une unit\u00e9 \u00e9lectronique install\u00e9e dans le v\u00e9hicule et d&rsquo;une antenne ext\u00e9rieure install\u00e9e sur le toit du v\u00e9hicule. La connexion entre l&rsquo;unit\u00e9 \u00e9lectronique et l&rsquo;antenne ext\u00e9rieure de l&rsquo;Oyster Access et de l&rsquo;Oyster EasyNet se fait de mani\u00e8re classique par quatre c\u00e2bles d&rsquo;antenne coaxiaux de haute qualit\u00e9. Contrairement \u00e0 l&rsquo;Oyster Connect, toute l&rsquo;\u00e9lectronique est concentr\u00e9e dans un bo\u00eetier commun et compact \u00e0 l&rsquo;int\u00e9rieur du v\u00e9hicule. Cela permet \u00e9galement de placer les lecteurs de cartes SIM \u00e0 port\u00e9e de main sur la face avant de l&rsquo;Oyster Access et de l&rsquo;Oyster EasyNet.<br \/>\nRemarque : les syst\u00e8mes d&rsquo;exploitation Android et Apple offrent tous deux la possibilit\u00e9 de placer une page web comme une application sur l&rsquo;\u00e9cran d&rsquo;accueil.<\/p>\n<ul>\n<li>Antenne ext\u00e9rieure h\u00e9misph\u00e9rique peu encombrante avec passage de c\u00e2ble int\u00e9gr\u00e9<\/li>\n<p>.<\/p>\n<li>Antenne compacte avec 2x LTE et 2x WLAN MIMO<\/li>\n<li>4x c\u00e2ble d&rsquo;antenne \u00e0 faible perte, solidement reli\u00e9 c\u00f4t\u00e9 antenne, 1,5 m\u00e8tre<\/li>\n<li>Longueur de filetage 27 ou 45 mm disponible<\/li>\n<\/ul>\n<p>Unit\u00e9 \u00e9lectronique<\/p>\n<ul>\n<li>WLAN bibande 2,4 GHz + 5 GHz pour r\u00e9seau priv\u00e9<\/li>\n<li>Port LAN pour le r\u00e9seau priv\u00e9<\/li>\n<li>Module WLAN 2,4 \/ 5 GHz pour la connexion \u00e0 un WLAN externe via une antenne ext\u00e9rieure<\/li>\n<p>.<\/p>\n<li>Module LTE pour une utilisation dans la zone EMEA<\/li>\n<p>.<\/p>\n<li>Deux lecteurs de cartes SIM<\/li>\n<li>Bus CI\/LIN en option<\/li>\n<li>Bus CAN optionnel<\/li>\n<li>Gestion thermique active<\/li>\n<p>.\n<\/ul>\n","protected":false},"excerpt":{"rendered":"<p>Sur mesure pour les besoins du campeur. Comme tous les produits ten Haaft, les nouveaux syst\u00e8mes Internet Oyster Access et Oyster EasyNet ont \u00e9t\u00e9 d\u00e9velopp\u00e9s en fonction des besoins r\u00e9els du campeur. L&rsquo;int\u00e9r\u00eat d&rsquo;un tel syst\u00e8me est que tous les appareils pr\u00e9sents dans le v\u00e9hicule peuvent partager une connexion Internet peuvent utiliser. Pour ce faire, [&hellip;]<\/p>\n","protected":false},"featured_media":207226,"template":"","meta":{"_acf_changed":false},"product_featured_cat":[],"product_brand":[3126],"product_cat":[5151],"product_tag":[],"class_list":{"0":"post-198136","1":"product","2":"type-product","3":"status-publish","4":"has-post-thumbnail","6":"product_brand-oyster","7":"product_cat-antennes-wlan-et-lte","9":"first","10":"instock","11":"taxable","12":"shipping-taxable","13":"purchasable","14":"product-type-simple"},"acf":[],"yoast_head":"<!-- This site is optimized with the Yoast SEO plugin v27.5 - https:\/\/yoast.com\/product\/yoast-seo-wordpress\/ -->\n<title>Antenne WiFi Oyster Easy Net V1 - 45 - Bantam<\/title>\n<meta name=\"robots\" content=\"index, follow, max-snippet:-1, max-image-preview:large, max-video-preview:-1\" \/>\n<link rel=\"canonical\" href=\"https:\/\/shop.bantam.ch\/fr\/produit\/antenne-wifi-oyster-easy-net-v1-45\/\" \/>\n<meta property=\"og:locale\" content=\"fr_FR\" \/>\n<meta property=\"og:type\" content=\"article\" \/>\n<meta property=\"og:title\" content=\"Antenne WiFi Oyster Easy Net V1 - 45 - Bantam\" \/>\n<meta property=\"og:description\" content=\"Sur mesure pour les besoins du campeur. Comme tous les produits ten Haaft, les nouveaux syst\u00e8mes Internet Oyster Access et Oyster EasyNet ont \u00e9t\u00e9 d\u00e9velopp\u00e9s en fonction des besoins r\u00e9els du campeur. L&rsquo;int\u00e9r\u00eat d&rsquo;un tel syst\u00e8me est que tous les appareils pr\u00e9sents dans le v\u00e9hicule peuvent partager une connexion Internet peuvent utiliser. Pour ce faire, [&hellip;]\" \/>\n<meta property=\"og:url\" content=\"https:\/\/shop.bantam.ch\/fr\/produit\/antenne-wifi-oyster-easy-net-v1-45\/\" \/>\n<meta property=\"og:site_name\" content=\"Bantam\" \/>\n<meta property=\"article:modified_time\" content=\"2026-05-11T21:08:00+00:00\" \/>\n<meta property=\"og:image\" content=\"https:\/\/shop.bantam.ch\/wp-content\/uploads\/2024\/05\/Movera-L-9963363100.jpg\" \/>\n\t<meta property=\"og:image:width\" content=\"640\" \/>\n\t<meta property=\"og:image:height\" content=\"468\" \/>\n\t<meta property=\"og:image:type\" content=\"image\/jpeg\" \/>\n<meta name=\"twitter:card\" content=\"summary_large_image\" \/>\n<meta name=\"twitter:label1\" content=\"Dur\u00e9e de lecture estim\u00e9e\" \/>\n\t<meta name=\"twitter:data1\" content=\"2 minutes\" \/>\n<script type=\"application\/ld+json\" class=\"yoast-schema-graph\">{\"@context\":\"https:\\\/\\\/schema.org\",\"@graph\":[{\"@type\":\"WebPage\",\"@id\":\"https:\\\/\\\/shop.bantam.ch\\\/fr\\\/produit\\\/antenne-wifi-oyster-easy-net-v1-45\\\/\",\"url\":\"https:\\\/\\\/shop.bantam.ch\\\/fr\\\/produit\\\/antenne-wifi-oyster-easy-net-v1-45\\\/\",\"name\":\"Antenne WiFi Oyster Easy Net V1 - 45 - Bantam\",\"isPartOf\":{\"@id\":\"https:\\\/\\\/shop.bantam.ch\\\/fr\\\/#website\"},\"primaryImageOfPage\":{\"@id\":\"https:\\\/\\\/shop.bantam.ch\\\/fr\\\/produit\\\/antenne-wifi-oyster-easy-net-v1-45\\\/#primaryimage\"},\"image\":{\"@id\":\"https:\\\/\\\/shop.bantam.ch\\\/fr\\\/produit\\\/antenne-wifi-oyster-easy-net-v1-45\\\/#primaryimage\"},\"thumbnailUrl\":\"https:\\\/\\\/shop.bantam.ch\\\/wp-content\\\/uploads\\\/2024\\\/09\\\/Movera-L-9963363100.jpg\",\"datePublished\":\"2024-05-15T14:40:46+00:00\",\"dateModified\":\"2026-05-11T21:08:00+00:00\",\"breadcrumb\":{\"@id\":\"https:\\\/\\\/shop.bantam.ch\\\/fr\\\/produit\\\/antenne-wifi-oyster-easy-net-v1-45\\\/#breadcrumb\"},\"inLanguage\":\"fr-FR\",\"potentialAction\":[{\"@type\":\"ReadAction\",\"target\":[\"https:\\\/\\\/shop.bantam.ch\\\/fr\\\/produit\\\/antenne-wifi-oyster-easy-net-v1-45\\\/\"]}]},{\"@type\":\"ImageObject\",\"inLanguage\":\"fr-FR\",\"@id\":\"https:\\\/\\\/shop.bantam.ch\\\/fr\\\/produit\\\/antenne-wifi-oyster-easy-net-v1-45\\\/#primaryimage\",\"url\":\"https:\\\/\\\/shop.bantam.ch\\\/wp-content\\\/uploads\\\/2024\\\/09\\\/Movera-L-9963363100.jpg\",\"contentUrl\":\"https:\\\/\\\/shop.bantam.ch\\\/wp-content\\\/uploads\\\/2024\\\/09\\\/Movera-L-9963363100.jpg\",\"width\":640,\"height\":468},{\"@type\":\"BreadcrumbList\",\"@id\":\"https:\\\/\\\/shop.bantam.ch\\\/fr\\\/produit\\\/antenne-wifi-oyster-easy-net-v1-45\\\/#breadcrumb\",\"itemListElement\":[{\"@type\":\"ListItem\",\"position\":1,\"name\":\"Accueil\",\"item\":\"https:\\\/\\\/shop.bantam.ch\\\/fr\\\/\"},{\"@type\":\"ListItem\",\"position\":2,\"name\":\"Boutique\",\"item\":\"https:\\\/\\\/shop.bantam.ch\\\/fr\\\/boutique\\\/\"},{\"@type\":\"ListItem\",\"position\":3,\"name\":\"Antenne WiFi Oyster Easy Net V1 &#8211; 45\"}]},{\"@type\":\"WebSite\",\"@id\":\"https:\\\/\\\/shop.bantam.ch\\\/fr\\\/#website\",\"url\":\"https:\\\/\\\/shop.bantam.ch\\\/fr\\\/\",\"name\":\"Bantam\",\"description\":\"\",\"publisher\":{\"@id\":\"https:\\\/\\\/shop.bantam.ch\\\/fr\\\/#organization\"},\"inLanguage\":\"fr-FR\"},{\"@type\":\"Organization\",\"@id\":\"https:\\\/\\\/shop.bantam.ch\\\/fr\\\/#organization\",\"name\":\"Bantam\",\"url\":\"https:\\\/\\\/shop.bantam.ch\\\/fr\\\/\",\"logo\":{\"@type\":\"ImageObject\",\"inLanguage\":\"fr-FR\",\"@id\":\"https:\\\/\\\/shop.bantam.ch\\\/fr\\\/#\\\/schema\\\/logo\\\/image\\\/\",\"url\":\"https:\\\/\\\/shop.bantam.ch\\\/wp-content\\\/uploads\\\/2022\\\/12\\\/bantam-logo.png\",\"contentUrl\":\"https:\\\/\\\/shop.bantam.ch\\\/wp-content\\\/uploads\\\/2022\\\/12\\\/bantam-logo.png\",\"width\":320,\"height\":71,\"caption\":\"Bantam\"},\"image\":{\"@id\":\"https:\\\/\\\/shop.bantam.ch\\\/fr\\\/#\\\/schema\\\/logo\\\/image\\\/\"}}]}<\/script>\n<!-- \/ Yoast SEO plugin. -->","yoast_head_json":{"title":"Antenne WiFi Oyster Easy Net V1 - 45 - Bantam","robots":{"index":"index","follow":"follow","max-snippet":"max-snippet:-1","max-image-preview":"max-image-preview:large","max-video-preview":"max-video-preview:-1"},"canonical":"https:\/\/shop.bantam.ch\/fr\/produit\/antenne-wifi-oyster-easy-net-v1-45\/","og_locale":"fr_FR","og_type":"article","og_title":"Antenne WiFi Oyster Easy Net V1 - 45 - Bantam","og_description":"Sur mesure pour les besoins du campeur. Comme tous les produits ten Haaft, les nouveaux syst\u00e8mes Internet Oyster Access et Oyster EasyNet ont \u00e9t\u00e9 d\u00e9velopp\u00e9s en fonction des besoins r\u00e9els du campeur. L&rsquo;int\u00e9r\u00eat d&rsquo;un tel syst\u00e8me est que tous les appareils pr\u00e9sents dans le v\u00e9hicule peuvent partager une connexion Internet peuvent utiliser. Pour ce faire, [&hellip;]","og_url":"https:\/\/shop.bantam.ch\/fr\/produit\/antenne-wifi-oyster-easy-net-v1-45\/","og_site_name":"Bantam","article_modified_time":"2026-05-11T21:08:00+00:00","og_image":[{"width":640,"height":468,"url":"https:\/\/shop.bantam.ch\/wp-content\/uploads\/2024\/05\/Movera-L-9963363100.jpg","type":"image\/jpeg"}],"twitter_card":"summary_large_image","twitter_misc":{"Dur\u00e9e de lecture estim\u00e9e":"2 minutes"},"schema":{"@context":"https:\/\/schema.org","@graph":[{"@type":"WebPage","@id":"https:\/\/shop.bantam.ch\/fr\/produit\/antenne-wifi-oyster-easy-net-v1-45\/","url":"https:\/\/shop.bantam.ch\/fr\/produit\/antenne-wifi-oyster-easy-net-v1-45\/","name":"Antenne WiFi Oyster Easy Net V1 - 45 - Bantam","isPartOf":{"@id":"https:\/\/shop.bantam.ch\/fr\/#website"},"primaryImageOfPage":{"@id":"https:\/\/shop.bantam.ch\/fr\/produit\/antenne-wifi-oyster-easy-net-v1-45\/#primaryimage"},"image":{"@id":"https:\/\/shop.bantam.ch\/fr\/produit\/antenne-wifi-oyster-easy-net-v1-45\/#primaryimage"},"thumbnailUrl":"https:\/\/shop.bantam.ch\/wp-content\/uploads\/2024\/09\/Movera-L-9963363100.jpg","datePublished":"2024-05-15T14:40:46+00:00","dateModified":"2026-05-11T21:08:00+00:00","breadcrumb":{"@id":"https:\/\/shop.bantam.ch\/fr\/produit\/antenne-wifi-oyster-easy-net-v1-45\/#breadcrumb"},"inLanguage":"fr-FR","potentialAction":[{"@type":"ReadAction","target":["https:\/\/shop.bantam.ch\/fr\/produit\/antenne-wifi-oyster-easy-net-v1-45\/"]}]},{"@type":"ImageObject","inLanguage":"fr-FR","@id":"https:\/\/shop.bantam.ch\/fr\/produit\/antenne-wifi-oyster-easy-net-v1-45\/#primaryimage","url":"https:\/\/shop.bantam.ch\/wp-content\/uploads\/2024\/09\/Movera-L-9963363100.jpg","contentUrl":"https:\/\/shop.bantam.ch\/wp-content\/uploads\/2024\/09\/Movera-L-9963363100.jpg","width":640,"height":468},{"@type":"BreadcrumbList","@id":"https:\/\/shop.bantam.ch\/fr\/produit\/antenne-wifi-oyster-easy-net-v1-45\/#breadcrumb","itemListElement":[{"@type":"ListItem","position":1,"name":"Accueil","item":"https:\/\/shop.bantam.ch\/fr\/"},{"@type":"ListItem","position":2,"name":"Boutique","item":"https:\/\/shop.bantam.ch\/fr\/boutique\/"},{"@type":"ListItem","position":3,"name":"Antenne WiFi Oyster Easy Net V1 &#8211; 45"}]},{"@type":"WebSite","@id":"https:\/\/shop.bantam.ch\/fr\/#website","url":"https:\/\/shop.bantam.ch\/fr\/","name":"Bantam","description":"","publisher":{"@id":"https:\/\/shop.bantam.ch\/fr\/#organization"},"inLanguage":"fr-FR"},{"@type":"Organization","@id":"https:\/\/shop.bantam.ch\/fr\/#organization","name":"Bantam","url":"https:\/\/shop.bantam.ch\/fr\/","logo":{"@type":"ImageObject","inLanguage":"fr-FR","@id":"https:\/\/shop.bantam.ch\/fr\/#\/schema\/logo\/image\/","url":"https:\/\/shop.bantam.ch\/wp-content\/uploads\/2022\/12\/bantam-logo.png","contentUrl":"https:\/\/shop.bantam.ch\/wp-content\/uploads\/2022\/12\/bantam-logo.png","width":320,"height":71,"caption":"Bantam"},"image":{"@id":"https:\/\/shop.bantam.ch\/fr\/#\/schema\/logo\/image\/"}}]}},"_links":{"self":[{"href":"https:\/\/shop.bantam.ch\/fr\/wp-json\/wp\/v2\/product\/198136","targetHints":{"allow":["GET"]}}],"collection":[{"href":"https:\/\/shop.bantam.ch\/fr\/wp-json\/wp\/v2\/product"}],"about":[{"href":"https:\/\/shop.bantam.ch\/fr\/wp-json\/wp\/v2\/types\/product"}],"wp:featuredmedia":[{"embeddable":true,"href":"https:\/\/shop.bantam.ch\/fr\/wp-json\/wp\/v2\/media\/207226"}],"wp:attachment":[{"href":"https:\/\/shop.bantam.ch\/fr\/wp-json\/wp\/v2\/media?parent=198136"}],"wp:term":[{"taxonomy":"product_featured_cat","embeddable":true,"href":"https:\/\/shop.bantam.ch\/fr\/wp-json\/wp\/v2\/product_featured_cat?post=198136"},{"taxonomy":"product_brand","embeddable":true,"href":"https:\/\/shop.bantam.ch\/fr\/wp-json\/wp\/v2\/product_brand?post=198136"},{"taxonomy":"product_cat","embeddable":true,"href":"https:\/\/shop.bantam.ch\/fr\/wp-json\/wp\/v2\/product_cat?post=198136"},{"taxonomy":"product_tag","embeddable":true,"href":"https:\/\/shop.bantam.ch\/fr\/wp-json\/wp\/v2\/product_tag?post=198136"}],"curies":[{"name":"wp","href":"https:\/\/api.w.org\/{rel}","templated":true}]}}