{"id":198120,"date":"2024-05-15T16:40:31","date_gmt":"2024-05-15T14:40:31","guid":{"rendered":"https:\/\/shop.bantam.ch\/produit\/antenne-wifi-oyster-access\/"},"modified":"2026-05-11T23:07:59","modified_gmt":"2026-05-11T21:07:59","slug":"antenne-wifi-oyster-access","status":"publish","type":"product","link":"https:\/\/shop.bantam.ch\/fr\/produit\/antenne-wifi-oyster-access\/","title":{"rendered":"Antenne WiFi Oyster Access"},"content":{"rendered":"<p>Con\u00e7u pour r\u00e9pondre aux besoins du campeur<br \/>\nComme tous les produits ten Haaft, les nouveaux syst\u00e8mes Internet Oyster\u00ae Access et Oyster\u00ae EasyNet ont \u00e9t\u00e9 d\u00e9velopp\u00e9s en fonction des besoins r\u00e9els des campeurs. L&rsquo;utilit\u00e9 d&rsquo;un tel syst\u00e8me r\u00e9side dans le fait que tous les appareils pr\u00e9sents dans le v\u00e9hicule peuvent utiliser une connexion Internet commune.<br \/>\npeuvent utiliser. Pour ce faire, un r\u00e9seau WLAN bibande priv\u00e9 et un r\u00e9seau LAN c\u00e2bl\u00e9 sont mis \u00e0 disposition \u00e0 l&rsquo;int\u00e9rieur du v\u00e9hicule, il y a donc trois modules WLAN s\u00e9par\u00e9s. La connexion entre l&rsquo;Oyster\u00ae Access \/ l&rsquo;Oyster\u00ae EasyNet et Internet peut se faire de deux mani\u00e8res diff\u00e9rentes :<br \/>\n&#8211; Par une connexion LTE via le r\u00e9seau mobile, au moyen d&rsquo;une carte SIM ins\u00e9r\u00e9e par le client.<br \/>\n&#8211; Utilisation d&rsquo;un WLAN local accessible au public (par ex. sur un camping\/emplacement ou autres hotspots WLAN publics).<\/p>\n<p>&nbsp;<\/p>\n<p>Ce qui a fait ses preuves a \u00e9t\u00e9 conserv\u00e9, mais tout est nouveau<br \/>\nTant pour le nouvel Oyster\u00ae Access que pour le nouvel Oyster\u00ae EasyNet, le syst\u00e8me se compose d&rsquo;une unit\u00e9 \u00e9lectronique install\u00e9e dans le v\u00e9hicule et d&rsquo;une antenne ext\u00e9rieure install\u00e9e sur le toit du v\u00e9hicule. La connexion entre l&rsquo;unit\u00e9 \u00e9lectronique et l&rsquo;antenne ext\u00e9rieure de l&rsquo;Oyster\u00ae Access et de l&rsquo;Oyster\u00ae EasyNet s&rsquo;effectue de mani\u00e8re classique \u00e0 l&rsquo;aide de quatre c\u00e2bles d&rsquo;antenne coaxiaux de haute qualit\u00e9. Contrairement \u00e0 l&rsquo;Oyster\u00ae Connect, toute l&rsquo;\u00e9lectronique est concentr\u00e9e dans un bo\u00eetier commun et compact \u00e0 l&rsquo;int\u00e9rieur du v\u00e9hicule. Cela permet \u00e9galement de placer les lecteurs de carte SIM \u00e0 port\u00e9e de main sur la fa\u00e7ade de l&rsquo;Oyster\u00ae Access et de l&rsquo;Oyster\u00ae EasyNet.<\/p>\n<p>&nbsp;<\/p>\n<p>Remarque : les syst\u00e8mes d&rsquo;exploitation Android et Apple permettent de placer une page web comme une application sur l&rsquo;\u00e9cran d&rsquo;accueil.<\/p>\n<p>&nbsp;<\/p>\n<p>Unit\u00e9 \u00e9lectronique Oyster\u00ae Access \/ Oyster EasyNet<\/p>\n<ul>\n<li>WLAN bibande 2,4 GHz + 5 GHz pour le r\u00e9seau priv\u00e9<\/li>\n<li>Connexion LAN pour le r\u00e9seau priv\u00e9<\/li>\n<li>Module WLAN 2,4 \/ 5 GHz pour la connexion \u00e0 un WLAN externe via une antenne ext\u00e9rieure<\/li>\n<li>Module LTE pour une utilisation dans la zone EMEA<\/li>\n<li>Deux lecteurs de carte SIM<\/li>\n<li>Bus CI\/LIN en option<\/li>\n<li>Bus CAN en option<\/li>\n<li>gestion thermique active<\/li>\n<\/ul>\n<p>&nbsp;<\/p>\n<p>Antenne ext\u00e9rieure Oyster\u00ae Access<\/p>\n<ul>\n<li>Antenne full-size avec passage de toit s\u00e9par\u00e9 pour les c\u00e2bles d&rsquo;antenne<\/li>\n<li>2x antenne LTE toutes bandes avec technologie Diversity<\/li>\n<li>4x antenne WLAN pour 2,4 GHz et 5 GHz MIMO<\/li>\n<li>4x c\u00e2ble d&rsquo;antenne Haute Qualit\u00e9 dans gaine de protection, amovible des deux c\u00f4t\u00e9s, 2 m\u00e8tres<\/li>\n<\/ul>\n","protected":false},"excerpt":{"rendered":"<p>Con\u00e7u pour r\u00e9pondre aux besoins du campeur Comme tous les produits ten Haaft, les nouveaux syst\u00e8mes Internet Oyster\u00ae Access et Oyster\u00ae EasyNet ont \u00e9t\u00e9 d\u00e9velopp\u00e9s en fonction des besoins r\u00e9els des campeurs. L&rsquo;utilit\u00e9 d&rsquo;un tel syst\u00e8me r\u00e9side dans le fait que tous les appareils pr\u00e9sents dans le v\u00e9hicule peuvent utiliser une connexion Internet commune. peuvent [&hellip;]<\/p>\n","protected":false},"featured_media":207222,"template":"","meta":{"_acf_changed":false},"product_featured_cat":[],"product_brand":[3126],"product_cat":[5151],"product_tag":[],"class_list":{"0":"post-198120","1":"product","2":"type-product","3":"status-publish","4":"has-post-thumbnail","6":"product_brand-oyster","7":"product_cat-antennes-wlan-et-lte","9":"first","10":"instock","11":"taxable","12":"shipping-taxable","13":"purchasable","14":"product-type-simple"},"acf":[],"yoast_head":"<!-- This site is optimized with the Yoast SEO plugin v27.5 - https:\/\/yoast.com\/product\/yoast-seo-wordpress\/ -->\n<title>Antenne WiFi Oyster Access - Bantam<\/title>\n<meta name=\"robots\" content=\"index, follow, max-snippet:-1, max-image-preview:large, max-video-preview:-1\" \/>\n<link rel=\"canonical\" href=\"https:\/\/shop.bantam.ch\/fr\/produit\/antenne-wifi-oyster-access\/\" \/>\n<meta property=\"og:locale\" content=\"fr_FR\" \/>\n<meta property=\"og:type\" content=\"article\" \/>\n<meta property=\"og:title\" content=\"Antenne WiFi Oyster Access - Bantam\" \/>\n<meta property=\"og:description\" content=\"Con\u00e7u pour r\u00e9pondre aux besoins du campeur Comme tous les produits ten Haaft, les nouveaux syst\u00e8mes Internet Oyster\u00ae Access et Oyster\u00ae EasyNet ont \u00e9t\u00e9 d\u00e9velopp\u00e9s en fonction des besoins r\u00e9els des campeurs. L&rsquo;utilit\u00e9 d&rsquo;un tel syst\u00e8me r\u00e9side dans le fait que tous les appareils pr\u00e9sents dans le v\u00e9hicule peuvent utiliser une connexion Internet commune. peuvent [&hellip;]\" \/>\n<meta property=\"og:url\" content=\"https:\/\/shop.bantam.ch\/fr\/produit\/antenne-wifi-oyster-access\/\" \/>\n<meta property=\"og:site_name\" content=\"Bantam\" \/>\n<meta property=\"article:modified_time\" content=\"2026-05-11T21:07:59+00:00\" \/>\n<meta property=\"og:image\" content=\"https:\/\/shop.bantam.ch\/wp-content\/uploads\/2024\/05\/Movera-L-9963361100.jpg\" \/>\n\t<meta property=\"og:image:width\" content=\"640\" \/>\n\t<meta property=\"og:image:height\" content=\"427\" \/>\n\t<meta property=\"og:image:type\" content=\"image\/jpeg\" \/>\n<meta name=\"twitter:card\" content=\"summary_large_image\" \/>\n<meta name=\"twitter:label1\" content=\"Dur\u00e9e de lecture estim\u00e9e\" \/>\n\t<meta name=\"twitter:data1\" content=\"2 minutes\" \/>\n<script type=\"application\/ld+json\" class=\"yoast-schema-graph\">{\"@context\":\"https:\\\/\\\/schema.org\",\"@graph\":[{\"@type\":\"WebPage\",\"@id\":\"https:\\\/\\\/shop.bantam.ch\\\/fr\\\/produit\\\/antenne-wifi-oyster-access\\\/\",\"url\":\"https:\\\/\\\/shop.bantam.ch\\\/fr\\\/produit\\\/antenne-wifi-oyster-access\\\/\",\"name\":\"Antenne WiFi Oyster Access - Bantam\",\"isPartOf\":{\"@id\":\"https:\\\/\\\/shop.bantam.ch\\\/fr\\\/#website\"},\"primaryImageOfPage\":{\"@id\":\"https:\\\/\\\/shop.bantam.ch\\\/fr\\\/produit\\\/antenne-wifi-oyster-access\\\/#primaryimage\"},\"image\":{\"@id\":\"https:\\\/\\\/shop.bantam.ch\\\/fr\\\/produit\\\/antenne-wifi-oyster-access\\\/#primaryimage\"},\"thumbnailUrl\":\"https:\\\/\\\/shop.bantam.ch\\\/wp-content\\\/uploads\\\/2024\\\/09\\\/Movera-L-9963361100.jpg\",\"datePublished\":\"2024-05-15T14:40:31+00:00\",\"dateModified\":\"2026-05-11T21:07:59+00:00\",\"breadcrumb\":{\"@id\":\"https:\\\/\\\/shop.bantam.ch\\\/fr\\\/produit\\\/antenne-wifi-oyster-access\\\/#breadcrumb\"},\"inLanguage\":\"fr-FR\",\"potentialAction\":[{\"@type\":\"ReadAction\",\"target\":[\"https:\\\/\\\/shop.bantam.ch\\\/fr\\\/produit\\\/antenne-wifi-oyster-access\\\/\"]}]},{\"@type\":\"ImageObject\",\"inLanguage\":\"fr-FR\",\"@id\":\"https:\\\/\\\/shop.bantam.ch\\\/fr\\\/produit\\\/antenne-wifi-oyster-access\\\/#primaryimage\",\"url\":\"https:\\\/\\\/shop.bantam.ch\\\/wp-content\\\/uploads\\\/2024\\\/09\\\/Movera-L-9963361100.jpg\",\"contentUrl\":\"https:\\\/\\\/shop.bantam.ch\\\/wp-content\\\/uploads\\\/2024\\\/09\\\/Movera-L-9963361100.jpg\",\"width\":640,\"height\":427},{\"@type\":\"BreadcrumbList\",\"@id\":\"https:\\\/\\\/shop.bantam.ch\\\/fr\\\/produit\\\/antenne-wifi-oyster-access\\\/#breadcrumb\",\"itemListElement\":[{\"@type\":\"ListItem\",\"position\":1,\"name\":\"Accueil\",\"item\":\"https:\\\/\\\/shop.bantam.ch\\\/fr\\\/\"},{\"@type\":\"ListItem\",\"position\":2,\"name\":\"Boutique\",\"item\":\"https:\\\/\\\/shop.bantam.ch\\\/fr\\\/boutique\\\/\"},{\"@type\":\"ListItem\",\"position\":3,\"name\":\"Antenne WiFi Oyster Access\"}]},{\"@type\":\"WebSite\",\"@id\":\"https:\\\/\\\/shop.bantam.ch\\\/fr\\\/#website\",\"url\":\"https:\\\/\\\/shop.bantam.ch\\\/fr\\\/\",\"name\":\"Bantam\",\"description\":\"\",\"publisher\":{\"@id\":\"https:\\\/\\\/shop.bantam.ch\\\/fr\\\/#organization\"},\"inLanguage\":\"fr-FR\"},{\"@type\":\"Organization\",\"@id\":\"https:\\\/\\\/shop.bantam.ch\\\/fr\\\/#organization\",\"name\":\"Bantam\",\"url\":\"https:\\\/\\\/shop.bantam.ch\\\/fr\\\/\",\"logo\":{\"@type\":\"ImageObject\",\"inLanguage\":\"fr-FR\",\"@id\":\"https:\\\/\\\/shop.bantam.ch\\\/fr\\\/#\\\/schema\\\/logo\\\/image\\\/\",\"url\":\"https:\\\/\\\/shop.bantam.ch\\\/wp-content\\\/uploads\\\/2022\\\/12\\\/bantam-logo.png\",\"contentUrl\":\"https:\\\/\\\/shop.bantam.ch\\\/wp-content\\\/uploads\\\/2022\\\/12\\\/bantam-logo.png\",\"width\":320,\"height\":71,\"caption\":\"Bantam\"},\"image\":{\"@id\":\"https:\\\/\\\/shop.bantam.ch\\\/fr\\\/#\\\/schema\\\/logo\\\/image\\\/\"}}]}<\/script>\n<!-- \/ Yoast SEO plugin. -->","yoast_head_json":{"title":"Antenne WiFi Oyster Access - Bantam","robots":{"index":"index","follow":"follow","max-snippet":"max-snippet:-1","max-image-preview":"max-image-preview:large","max-video-preview":"max-video-preview:-1"},"canonical":"https:\/\/shop.bantam.ch\/fr\/produit\/antenne-wifi-oyster-access\/","og_locale":"fr_FR","og_type":"article","og_title":"Antenne WiFi Oyster Access - Bantam","og_description":"Con\u00e7u pour r\u00e9pondre aux besoins du campeur Comme tous les produits ten Haaft, les nouveaux syst\u00e8mes Internet Oyster\u00ae Access et Oyster\u00ae EasyNet ont \u00e9t\u00e9 d\u00e9velopp\u00e9s en fonction des besoins r\u00e9els des campeurs. L&rsquo;utilit\u00e9 d&rsquo;un tel syst\u00e8me r\u00e9side dans le fait que tous les appareils pr\u00e9sents dans le v\u00e9hicule peuvent utiliser une connexion Internet commune. peuvent [&hellip;]","og_url":"https:\/\/shop.bantam.ch\/fr\/produit\/antenne-wifi-oyster-access\/","og_site_name":"Bantam","article_modified_time":"2026-05-11T21:07:59+00:00","og_image":[{"width":640,"height":427,"url":"https:\/\/shop.bantam.ch\/wp-content\/uploads\/2024\/05\/Movera-L-9963361100.jpg","type":"image\/jpeg"}],"twitter_card":"summary_large_image","twitter_misc":{"Dur\u00e9e de lecture estim\u00e9e":"2 minutes"},"schema":{"@context":"https:\/\/schema.org","@graph":[{"@type":"WebPage","@id":"https:\/\/shop.bantam.ch\/fr\/produit\/antenne-wifi-oyster-access\/","url":"https:\/\/shop.bantam.ch\/fr\/produit\/antenne-wifi-oyster-access\/","name":"Antenne WiFi Oyster Access - Bantam","isPartOf":{"@id":"https:\/\/shop.bantam.ch\/fr\/#website"},"primaryImageOfPage":{"@id":"https:\/\/shop.bantam.ch\/fr\/produit\/antenne-wifi-oyster-access\/#primaryimage"},"image":{"@id":"https:\/\/shop.bantam.ch\/fr\/produit\/antenne-wifi-oyster-access\/#primaryimage"},"thumbnailUrl":"https:\/\/shop.bantam.ch\/wp-content\/uploads\/2024\/09\/Movera-L-9963361100.jpg","datePublished":"2024-05-15T14:40:31+00:00","dateModified":"2026-05-11T21:07:59+00:00","breadcrumb":{"@id":"https:\/\/shop.bantam.ch\/fr\/produit\/antenne-wifi-oyster-access\/#breadcrumb"},"inLanguage":"fr-FR","potentialAction":[{"@type":"ReadAction","target":["https:\/\/shop.bantam.ch\/fr\/produit\/antenne-wifi-oyster-access\/"]}]},{"@type":"ImageObject","inLanguage":"fr-FR","@id":"https:\/\/shop.bantam.ch\/fr\/produit\/antenne-wifi-oyster-access\/#primaryimage","url":"https:\/\/shop.bantam.ch\/wp-content\/uploads\/2024\/09\/Movera-L-9963361100.jpg","contentUrl":"https:\/\/shop.bantam.ch\/wp-content\/uploads\/2024\/09\/Movera-L-9963361100.jpg","width":640,"height":427},{"@type":"BreadcrumbList","@id":"https:\/\/shop.bantam.ch\/fr\/produit\/antenne-wifi-oyster-access\/#breadcrumb","itemListElement":[{"@type":"ListItem","position":1,"name":"Accueil","item":"https:\/\/shop.bantam.ch\/fr\/"},{"@type":"ListItem","position":2,"name":"Boutique","item":"https:\/\/shop.bantam.ch\/fr\/boutique\/"},{"@type":"ListItem","position":3,"name":"Antenne WiFi Oyster Access"}]},{"@type":"WebSite","@id":"https:\/\/shop.bantam.ch\/fr\/#website","url":"https:\/\/shop.bantam.ch\/fr\/","name":"Bantam","description":"","publisher":{"@id":"https:\/\/shop.bantam.ch\/fr\/#organization"},"inLanguage":"fr-FR"},{"@type":"Organization","@id":"https:\/\/shop.bantam.ch\/fr\/#organization","name":"Bantam","url":"https:\/\/shop.bantam.ch\/fr\/","logo":{"@type":"ImageObject","inLanguage":"fr-FR","@id":"https:\/\/shop.bantam.ch\/fr\/#\/schema\/logo\/image\/","url":"https:\/\/shop.bantam.ch\/wp-content\/uploads\/2022\/12\/bantam-logo.png","contentUrl":"https:\/\/shop.bantam.ch\/wp-content\/uploads\/2022\/12\/bantam-logo.png","width":320,"height":71,"caption":"Bantam"},"image":{"@id":"https:\/\/shop.bantam.ch\/fr\/#\/schema\/logo\/image\/"}}]}},"_links":{"self":[{"href":"https:\/\/shop.bantam.ch\/fr\/wp-json\/wp\/v2\/product\/198120","targetHints":{"allow":["GET"]}}],"collection":[{"href":"https:\/\/shop.bantam.ch\/fr\/wp-json\/wp\/v2\/product"}],"about":[{"href":"https:\/\/shop.bantam.ch\/fr\/wp-json\/wp\/v2\/types\/product"}],"wp:featuredmedia":[{"embeddable":true,"href":"https:\/\/shop.bantam.ch\/fr\/wp-json\/wp\/v2\/media\/207222"}],"wp:attachment":[{"href":"https:\/\/shop.bantam.ch\/fr\/wp-json\/wp\/v2\/media?parent=198120"}],"wp:term":[{"taxonomy":"product_featured_cat","embeddable":true,"href":"https:\/\/shop.bantam.ch\/fr\/wp-json\/wp\/v2\/product_featured_cat?post=198120"},{"taxonomy":"product_brand","embeddable":true,"href":"https:\/\/shop.bantam.ch\/fr\/wp-json\/wp\/v2\/product_brand?post=198120"},{"taxonomy":"product_cat","embeddable":true,"href":"https:\/\/shop.bantam.ch\/fr\/wp-json\/wp\/v2\/product_cat?post=198120"},{"taxonomy":"product_tag","embeddable":true,"href":"https:\/\/shop.bantam.ch\/fr\/wp-json\/wp\/v2\/product_tag?post=198120"}],"curies":[{"name":"wp","href":"https:\/\/api.w.org\/{rel}","templated":true}]}}