{"id":198108,"date":"2024-05-15T16:40:17","date_gmt":"2024-05-15T14:40:17","guid":{"rendered":"https:\/\/shop.bantam.ch\/produit\/camera-de-recul-zenec-ze-rvsc62-mk2\/"},"modified":"2026-04-18T23:13:19","modified_gmt":"2026-04-18T21:13:19","slug":"camera-de-recul-zenec-ze-rvsc62-mk2","status":"publish","type":"product","link":"https:\/\/shop.bantam.ch\/fr\/produit\/camera-de-recul-zenec-ze-rvsc62-mk2\/","title":{"rendered":"Cam\u00e9ra de recul ZENEC ZE-RVSC62-MK2"},"content":{"rendered":"<p>La cam\u00e9ra de recul ZE-RVSC62-MK2 de ZENEC a \u00e9t\u00e9 sp\u00e9cialement con\u00e7ue pour une utilisation dans le domaine Motor Home &#8211; camping-cars, caravanes, camionnettes, remorques &#8211; et convainc par son design innovant et son \u00e9quipement pratique.<br \/>\nLa ZE-RVSC62-MK2, de couleur argent\u00e9e discr\u00e8te, dispose d&rsquo;un bo\u00eetier en aluminium moul\u00e9 sous pression r\u00e9sistant \u00e0 la corrosion. L&rsquo;utilisation de mat\u00e9riaux de qualit\u00e9 sup\u00e9rieure, associ\u00e9e \u00e0 une construction intelligente conforme \u00e0 la classe de protection IP69K, la norme de protection la plus \u00e9lev\u00e9e pour la protection contre les contacts, les corps \u00e9trangers, l&rsquo;eau et l&rsquo;humidit\u00e9, garantit une grande r\u00e9sistance aux intemp\u00e9ries et une longue dur\u00e9e de vie.<br \/>\nLa cam\u00e9ra de recul compacte \u00e0 haute r\u00e9solution est \u00e9quip\u00e9e d&rsquo;un capteur de cam\u00e9ra SONY CMOS de haute qualit\u00e9 qui, gr\u00e2ce \u00e0 sa haute sensibilit\u00e9, peut \u00e9galement d\u00e9tecter des situations de tr\u00e8s faible luminosit\u00e9. Les puissantes LED IR de vision nocturne qui \u00e9clairent la zone situ\u00e9e derri\u00e8re le camping-car garantissent une excellente visibilit\u00e9 m\u00eame dans l&rsquo;obscurit\u00e9. Le passage du mode jour au mode nuit se fait automatiquement.<br \/>\nAvec un angle de vision de 170\u00f8 en diagonale, cette cam\u00e9ra de recul offre une tr\u00e8s bonne vue d&rsquo;ensemble lors des man\u0153uvres. La ZE-RVSC62-MK2 est dot\u00e9e d&rsquo;un microphone \u00e9tanche int\u00e9gr\u00e9, ce qui permet d&rsquo;entendre simultan\u00e9ment ce qui se passe derri\u00e8re le v\u00e9hicule.<br \/>\nLa ZE-RVSC62-MK2 peut \u00eatre combin\u00e9e en mode normal ou par inversion d&rsquo;image avec un grand nombre de syst\u00e8mes multim\u00e9dias et de navigation ou de moniteurs. Dimensions (H x L x P) : 39 x 30 x 40 mm. Contenu de la livraison : cam\u00e9ra, c\u00e2ble d&rsquo;extension principal (15 m) avec connecteurs c\u00f4t\u00e9 HU, vis de fixation, accessoires de montage et instructions de montage.<\/p>\n<p>\nCaract\u00e9ristiques de la cam\u00e9ra :<\/p>\n<p>Cam\u00e9ra de recul compacte \u00e0 haute r\u00e9solution<br \/>\nMode jour et nuit automatique avec quatre LED IR de vision nocturne<br \/>\nMicrophone int\u00e9gr\u00e9<br \/>\nSortie d&rsquo;image normale ou invers\u00e9e<br \/>\nBo\u00eetier en aluminium moul\u00e9 sous pression<\/p>\n<p>\nSp\u00e9cifications techniques :<\/p>\n<p>Syst\u00e8me de cam\u00e9ra : capteur CMOS SONY IMX225LQR 6.09 mm<br \/>\nLongueur focale de la lentille : f 2.3<br \/>\nSyst\u00e8me TV : NTSC \/ 30 fps<br \/>\nAngle de vision : 170\u00f8 (D) x 135\u00f8 (H) x 90\u00f8 (V)<br \/>\nR\u00e9solution native du capteur : 1305 (H) x 977 (V) pixels<br \/>\nR\u00e9solution du signal de sortie : &gt; 420 lignes TV<br \/>\nRapport signal\/bruit : &gt; 48 dB<br \/>\nSensibilit\u00e9 \u00e0 la lumi\u00e8re : 0,3 lux<br \/>\nSortie vid\u00e9o : 1.0 Vp-p, 75 Ohm CVBS<br \/>\nCorrection gamma : 0.45<br \/>\nBalance des blancs, compensation d&rsquo;exposition, compensation de luminosit\u00e9, synchronisation : automatique<br \/>\nAlimentation \u00e9lectrique : DC 6 &#8211; 24 V<br \/>\nConsommation \u00e9lectrique : 70 mA @12 V DC, ? 840 mW<br \/>\nClasse de protection : IP69K<br \/>\nTemp\u00e9rature de fonctionnement : -30\u00f8 C \u00e0 env. +75\u00f8<br \/>\nDimensions (H x L x P) : 39 x 30 x 40 mm<\/p>\n<p>&nbsp;<\/p>\n<p>Contenu de la livraison :<br \/>\nCam\u00e9ra<br \/>\nC\u00e2ble d&rsquo;extension principal (15 m) y compris connecteurs HU lat\u00e9raux<br \/>\nVis de fixation<br \/>\nAccessoires de montage<br \/>\nInstructions de montage<\/p>\n","protected":false},"excerpt":{"rendered":"<p>La cam\u00e9ra de recul ZE-RVSC62-MK2 de ZENEC a \u00e9t\u00e9 sp\u00e9cialement con\u00e7ue pour une utilisation dans le domaine Motor Home &#8211; camping-cars, caravanes, camionnettes, remorques &#8211; et convainc par son design innovant et son \u00e9quipement pratique. La ZE-RVSC62-MK2, de couleur argent\u00e9e discr\u00e8te, dispose d&rsquo;un bo\u00eetier en aluminium moul\u00e9 sous pression r\u00e9sistant \u00e0 la corrosion. L&rsquo;utilisation de [&hellip;]<\/p>\n","protected":false},"featured_media":207218,"template":"","meta":{"_acf_changed":false},"product_featured_cat":[],"product_brand":[3212],"product_cat":[5001],"product_tag":[],"class_list":{"0":"post-198108","1":"product","2":"type-product","3":"status-publish","4":"has-post-thumbnail","6":"product_brand-zenec","7":"product_cat-cameras","9":"first","10":"instock","11":"taxable","12":"shipping-taxable","13":"purchasable","14":"product-type-simple"},"acf":[],"yoast_head":"<!-- This site is optimized with the Yoast SEO plugin v27.4 - https:\/\/yoast.com\/product\/yoast-seo-wordpress\/ -->\n<title>Cam\u00e9ra de recul ZENEC ZE-RVSC62-MK2 - Bantam Wankm\u00fcller SA<\/title>\n<meta name=\"robots\" content=\"index, follow, max-snippet:-1, max-image-preview:large, max-video-preview:-1\" \/>\n<link rel=\"canonical\" href=\"https:\/\/shop.bantam.ch\/fr\/produit\/camera-de-recul-zenec-ze-rvsc62-mk2\/\" \/>\n<meta property=\"og:locale\" content=\"fr_FR\" \/>\n<meta property=\"og:type\" content=\"article\" \/>\n<meta property=\"og:title\" content=\"Cam\u00e9ra de recul ZENEC ZE-RVSC62-MK2 - Bantam Wankm\u00fcller SA\" \/>\n<meta property=\"og:description\" content=\"La cam\u00e9ra de recul ZE-RVSC62-MK2 de ZENEC a \u00e9t\u00e9 sp\u00e9cialement con\u00e7ue pour une utilisation dans le domaine Motor Home &#8211; camping-cars, caravanes, camionnettes, remorques &#8211; et convainc par son design innovant et son \u00e9quipement pratique. La ZE-RVSC62-MK2, de couleur argent\u00e9e discr\u00e8te, dispose d&rsquo;un bo\u00eetier en aluminium moul\u00e9 sous pression r\u00e9sistant \u00e0 la corrosion. L&rsquo;utilisation de [&hellip;]\" \/>\n<meta property=\"og:url\" content=\"https:\/\/shop.bantam.ch\/fr\/produit\/camera-de-recul-zenec-ze-rvsc62-mk2\/\" \/>\n<meta property=\"og:site_name\" content=\"Bantam Wankm\u00fcller SA\" \/>\n<meta property=\"article:modified_time\" content=\"2026-04-18T21:13:19+00:00\" \/>\n<meta property=\"og:image\" content=\"https:\/\/shop.bantam.ch\/wp-content\/uploads\/2024\/05\/Movera-L-9963323100.jpg\" \/>\n\t<meta property=\"og:image:width\" content=\"640\" \/>\n\t<meta property=\"og:image:height\" content=\"427\" \/>\n\t<meta property=\"og:image:type\" content=\"image\/jpeg\" \/>\n<meta name=\"twitter:card\" content=\"summary_large_image\" \/>\n<meta name=\"twitter:label1\" content=\"Dur\u00e9e de lecture estim\u00e9e\" \/>\n\t<meta name=\"twitter:data1\" content=\"2 minutes\" \/>\n<script type=\"application\/ld+json\" class=\"yoast-schema-graph\">{\"@context\":\"https:\\\/\\\/schema.org\",\"@graph\":[{\"@type\":\"WebPage\",\"@id\":\"https:\\\/\\\/shop.bantam.ch\\\/fr\\\/produit\\\/camera-de-recul-zenec-ze-rvsc62-mk2\\\/\",\"url\":\"https:\\\/\\\/shop.bantam.ch\\\/fr\\\/produit\\\/camera-de-recul-zenec-ze-rvsc62-mk2\\\/\",\"name\":\"Cam\u00e9ra de recul ZENEC ZE-RVSC62-MK2 - Bantam Wankm\u00fcller SA\",\"isPartOf\":{\"@id\":\"https:\\\/\\\/shop.bantam.ch\\\/fr\\\/#website\"},\"primaryImageOfPage\":{\"@id\":\"https:\\\/\\\/shop.bantam.ch\\\/fr\\\/produit\\\/camera-de-recul-zenec-ze-rvsc62-mk2\\\/#primaryimage\"},\"image\":{\"@id\":\"https:\\\/\\\/shop.bantam.ch\\\/fr\\\/produit\\\/camera-de-recul-zenec-ze-rvsc62-mk2\\\/#primaryimage\"},\"thumbnailUrl\":\"https:\\\/\\\/shop.bantam.ch\\\/wp-content\\\/uploads\\\/2024\\\/09\\\/Movera-L-9963323100.jpg\",\"datePublished\":\"2024-05-15T14:40:17+00:00\",\"dateModified\":\"2026-04-18T21:13:19+00:00\",\"breadcrumb\":{\"@id\":\"https:\\\/\\\/shop.bantam.ch\\\/fr\\\/produit\\\/camera-de-recul-zenec-ze-rvsc62-mk2\\\/#breadcrumb\"},\"inLanguage\":\"fr-FR\",\"potentialAction\":[{\"@type\":\"ReadAction\",\"target\":[\"https:\\\/\\\/shop.bantam.ch\\\/fr\\\/produit\\\/camera-de-recul-zenec-ze-rvsc62-mk2\\\/\"]}]},{\"@type\":\"ImageObject\",\"inLanguage\":\"fr-FR\",\"@id\":\"https:\\\/\\\/shop.bantam.ch\\\/fr\\\/produit\\\/camera-de-recul-zenec-ze-rvsc62-mk2\\\/#primaryimage\",\"url\":\"https:\\\/\\\/shop.bantam.ch\\\/wp-content\\\/uploads\\\/2024\\\/09\\\/Movera-L-9963323100.jpg\",\"contentUrl\":\"https:\\\/\\\/shop.bantam.ch\\\/wp-content\\\/uploads\\\/2024\\\/09\\\/Movera-L-9963323100.jpg\",\"width\":640,\"height\":427},{\"@type\":\"BreadcrumbList\",\"@id\":\"https:\\\/\\\/shop.bantam.ch\\\/fr\\\/produit\\\/camera-de-recul-zenec-ze-rvsc62-mk2\\\/#breadcrumb\",\"itemListElement\":[{\"@type\":\"ListItem\",\"position\":1,\"name\":\"Accueil\",\"item\":\"https:\\\/\\\/shop.bantam.ch\\\/fr\\\/\"},{\"@type\":\"ListItem\",\"position\":2,\"name\":\"Boutique\",\"item\":\"https:\\\/\\\/shop.bantam.ch\\\/fr\\\/boutique\\\/\"},{\"@type\":\"ListItem\",\"position\":3,\"name\":\"Cam\u00e9ra de recul ZENEC ZE-RVSC62-MK2\"}]},{\"@type\":\"WebSite\",\"@id\":\"https:\\\/\\\/shop.bantam.ch\\\/fr\\\/#website\",\"url\":\"https:\\\/\\\/shop.bantam.ch\\\/fr\\\/\",\"name\":\"Bantam Wankm\u00fcller SA\",\"description\":\"\",\"publisher\":{\"@id\":\"https:\\\/\\\/shop.bantam.ch\\\/fr\\\/#organization\"},\"inLanguage\":\"fr-FR\"},{\"@type\":\"Organization\",\"@id\":\"https:\\\/\\\/shop.bantam.ch\\\/fr\\\/#organization\",\"name\":\"Bantam Wankm\u00fcller SA\",\"url\":\"https:\\\/\\\/shop.bantam.ch\\\/fr\\\/\",\"logo\":{\"@type\":\"ImageObject\",\"inLanguage\":\"fr-FR\",\"@id\":\"https:\\\/\\\/shop.bantam.ch\\\/fr\\\/#\\\/schema\\\/logo\\\/image\\\/\",\"url\":\"https:\\\/\\\/shop.bantam.ch\\\/wp-content\\\/uploads\\\/2022\\\/12\\\/bantam-logo.png\",\"contentUrl\":\"https:\\\/\\\/shop.bantam.ch\\\/wp-content\\\/uploads\\\/2022\\\/12\\\/bantam-logo.png\",\"width\":320,\"height\":71,\"caption\":\"Bantam Wankm\u00fcller SA\"},\"image\":{\"@id\":\"https:\\\/\\\/shop.bantam.ch\\\/fr\\\/#\\\/schema\\\/logo\\\/image\\\/\"}}]}<\/script>\n<!-- \/ Yoast SEO plugin. -->","yoast_head_json":{"title":"Cam\u00e9ra de recul ZENEC ZE-RVSC62-MK2 - Bantam Wankm\u00fcller SA","robots":{"index":"index","follow":"follow","max-snippet":"max-snippet:-1","max-image-preview":"max-image-preview:large","max-video-preview":"max-video-preview:-1"},"canonical":"https:\/\/shop.bantam.ch\/fr\/produit\/camera-de-recul-zenec-ze-rvsc62-mk2\/","og_locale":"fr_FR","og_type":"article","og_title":"Cam\u00e9ra de recul ZENEC ZE-RVSC62-MK2 - Bantam Wankm\u00fcller SA","og_description":"La cam\u00e9ra de recul ZE-RVSC62-MK2 de ZENEC a \u00e9t\u00e9 sp\u00e9cialement con\u00e7ue pour une utilisation dans le domaine Motor Home &#8211; camping-cars, caravanes, camionnettes, remorques &#8211; et convainc par son design innovant et son \u00e9quipement pratique. La ZE-RVSC62-MK2, de couleur argent\u00e9e discr\u00e8te, dispose d&rsquo;un bo\u00eetier en aluminium moul\u00e9 sous pression r\u00e9sistant \u00e0 la corrosion. L&rsquo;utilisation de [&hellip;]","og_url":"https:\/\/shop.bantam.ch\/fr\/produit\/camera-de-recul-zenec-ze-rvsc62-mk2\/","og_site_name":"Bantam Wankm\u00fcller SA","article_modified_time":"2026-04-18T21:13:19+00:00","og_image":[{"width":640,"height":427,"url":"https:\/\/shop.bantam.ch\/wp-content\/uploads\/2024\/05\/Movera-L-9963323100.jpg","type":"image\/jpeg"}],"twitter_card":"summary_large_image","twitter_misc":{"Dur\u00e9e de lecture estim\u00e9e":"2 minutes"},"schema":{"@context":"https:\/\/schema.org","@graph":[{"@type":"WebPage","@id":"https:\/\/shop.bantam.ch\/fr\/produit\/camera-de-recul-zenec-ze-rvsc62-mk2\/","url":"https:\/\/shop.bantam.ch\/fr\/produit\/camera-de-recul-zenec-ze-rvsc62-mk2\/","name":"Cam\u00e9ra de recul ZENEC ZE-RVSC62-MK2 - Bantam Wankm\u00fcller SA","isPartOf":{"@id":"https:\/\/shop.bantam.ch\/fr\/#website"},"primaryImageOfPage":{"@id":"https:\/\/shop.bantam.ch\/fr\/produit\/camera-de-recul-zenec-ze-rvsc62-mk2\/#primaryimage"},"image":{"@id":"https:\/\/shop.bantam.ch\/fr\/produit\/camera-de-recul-zenec-ze-rvsc62-mk2\/#primaryimage"},"thumbnailUrl":"https:\/\/shop.bantam.ch\/wp-content\/uploads\/2024\/09\/Movera-L-9963323100.jpg","datePublished":"2024-05-15T14:40:17+00:00","dateModified":"2026-04-18T21:13:19+00:00","breadcrumb":{"@id":"https:\/\/shop.bantam.ch\/fr\/produit\/camera-de-recul-zenec-ze-rvsc62-mk2\/#breadcrumb"},"inLanguage":"fr-FR","potentialAction":[{"@type":"ReadAction","target":["https:\/\/shop.bantam.ch\/fr\/produit\/camera-de-recul-zenec-ze-rvsc62-mk2\/"]}]},{"@type":"ImageObject","inLanguage":"fr-FR","@id":"https:\/\/shop.bantam.ch\/fr\/produit\/camera-de-recul-zenec-ze-rvsc62-mk2\/#primaryimage","url":"https:\/\/shop.bantam.ch\/wp-content\/uploads\/2024\/09\/Movera-L-9963323100.jpg","contentUrl":"https:\/\/shop.bantam.ch\/wp-content\/uploads\/2024\/09\/Movera-L-9963323100.jpg","width":640,"height":427},{"@type":"BreadcrumbList","@id":"https:\/\/shop.bantam.ch\/fr\/produit\/camera-de-recul-zenec-ze-rvsc62-mk2\/#breadcrumb","itemListElement":[{"@type":"ListItem","position":1,"name":"Accueil","item":"https:\/\/shop.bantam.ch\/fr\/"},{"@type":"ListItem","position":2,"name":"Boutique","item":"https:\/\/shop.bantam.ch\/fr\/boutique\/"},{"@type":"ListItem","position":3,"name":"Cam\u00e9ra de recul ZENEC ZE-RVSC62-MK2"}]},{"@type":"WebSite","@id":"https:\/\/shop.bantam.ch\/fr\/#website","url":"https:\/\/shop.bantam.ch\/fr\/","name":"Bantam Wankm\u00fcller SA","description":"","publisher":{"@id":"https:\/\/shop.bantam.ch\/fr\/#organization"},"inLanguage":"fr-FR"},{"@type":"Organization","@id":"https:\/\/shop.bantam.ch\/fr\/#organization","name":"Bantam Wankm\u00fcller SA","url":"https:\/\/shop.bantam.ch\/fr\/","logo":{"@type":"ImageObject","inLanguage":"fr-FR","@id":"https:\/\/shop.bantam.ch\/fr\/#\/schema\/logo\/image\/","url":"https:\/\/shop.bantam.ch\/wp-content\/uploads\/2022\/12\/bantam-logo.png","contentUrl":"https:\/\/shop.bantam.ch\/wp-content\/uploads\/2022\/12\/bantam-logo.png","width":320,"height":71,"caption":"Bantam Wankm\u00fcller SA"},"image":{"@id":"https:\/\/shop.bantam.ch\/fr\/#\/schema\/logo\/image\/"}}]}},"_links":{"self":[{"href":"https:\/\/shop.bantam.ch\/fr\/wp-json\/wp\/v2\/product\/198108","targetHints":{"allow":["GET"]}}],"collection":[{"href":"https:\/\/shop.bantam.ch\/fr\/wp-json\/wp\/v2\/product"}],"about":[{"href":"https:\/\/shop.bantam.ch\/fr\/wp-json\/wp\/v2\/types\/product"}],"wp:featuredmedia":[{"embeddable":true,"href":"https:\/\/shop.bantam.ch\/fr\/wp-json\/wp\/v2\/media\/207218"}],"wp:attachment":[{"href":"https:\/\/shop.bantam.ch\/fr\/wp-json\/wp\/v2\/media?parent=198108"}],"wp:term":[{"taxonomy":"product_featured_cat","embeddable":true,"href":"https:\/\/shop.bantam.ch\/fr\/wp-json\/wp\/v2\/product_featured_cat?post=198108"},{"taxonomy":"product_brand","embeddable":true,"href":"https:\/\/shop.bantam.ch\/fr\/wp-json\/wp\/v2\/product_brand?post=198108"},{"taxonomy":"product_cat","embeddable":true,"href":"https:\/\/shop.bantam.ch\/fr\/wp-json\/wp\/v2\/product_cat?post=198108"},{"taxonomy":"product_tag","embeddable":true,"href":"https:\/\/shop.bantam.ch\/fr\/wp-json\/wp\/v2\/product_tag?post=198108"}],"curies":[{"name":"wp","href":"https:\/\/api.w.org\/{rel}","templated":true}]}}