{"id":198088,"date":"2024-05-15T16:39:45","date_gmt":"2024-05-15T14:39:45","guid":{"rendered":"https:\/\/shop.bantam.ch\/produit\/ligne-tv-alphatronics-sla-dw\/"},"modified":"2026-04-18T01:16:55","modified_gmt":"2026-04-17T23:16:55","slug":"ligne-tv-alphatronics-sla-dw","status":"publish","type":"product","link":"https:\/\/shop.bantam.ch\/fr\/produit\/ligne-tv-alphatronics-sla-dw\/","title":{"rendered":"Ligne TV alphatronics SLA-DW"},"content":{"rendered":"<p>Faites l&rsquo;exp\u00e9rience d&rsquo;un son de premi\u00e8re qualit\u00e9 avec notre ligne SLA+ ! Gr\u00e2ce \u00e0 la barre de son int\u00e9gr\u00e9e et aux haut-parleurs qui rayonnent vers l&rsquo;avant, l&rsquo;exp\u00e9rience t\u00e9l\u00e9visuelle atteint un nouveau niveau. Plongez dans un son clair et inoubliable et profitez de vos contenus avec une qualit\u00e9 audio in\u00e9gal\u00e9e. Le c\u0153ur de ces appareils portant l&rsquo;abr\u00e9viation \u00ab\u00a0DW\u00a0\u00bb est le syst\u00e8me d&rsquo;exploitation. Il s&rsquo;agit du webOS Hub dans sa prochaine version, qui apporte une multitude de nouvelles fonctionnalit\u00e9s, dont les enregistrements PVR, Timeshift, Apple AirPlay et HomeKit ainsi que l&rsquo;int\u00e9gration du standard Matter Smart Home. Le syst\u00e8me d&rsquo;exploitation se caract\u00e9rise ici par une grande offre d&rsquo;applications (via le Content Store) ainsi que par une utilisation tr\u00e8s intuitive. Afin de garantir que tous les appareils soient toujours \u00e0 jour et disposent de toutes les fonctions, des mises \u00e0 jour sont r\u00e9guli\u00e8rement mises \u00e0 disposition par OTA (Over-The-Air). Votre exp\u00e9rience reste ainsi toujours unique et \u00e0 l&rsquo;\u00e9preuve du temps. La SLA-Line+ est disponible dans les tailles d&rsquo;\u00e9cran 22 pouces, 24 pouces, 27 pouces ainsi que dans le mod\u00e8le 4K 32 pouces. La t\u00e9l\u00e9commande \u00ab\u00a0Magic Remote\u00a0\u00bb fournie permet d&rsquo;effectuer des entr\u00e9es via AirMouse (pointeur num\u00e9rique de la souris et mouvement de la t\u00e9l\u00e9commande) ainsi que par la voix.<br \/>\nLes mod\u00e8les sont \u00e9quip\u00e9s d&rsquo;un triple tuner (DVB-S\/S2, DVB-T\/T2, DVB-C), HbbTV, CI+, lecteur DVD (sauf mod\u00e8le 4K), 2x port USB, 2x port HDMI\u2122, Bluetooth\u00ae version 5.0 ainsi que d&rsquo;une connexion par ondes lumineuses (SPIDF \/ Toslink), qui permet \u00e9galement de connecter des barres de son num\u00e9riques ou des appareils auditifs. Une caract\u00e9ristique unique de la marque est que tous les t\u00e9l\u00e9viseurs sont assembl\u00e9s et soigneusement test\u00e9s \u00e0 Nuremberg (Bavi\u00e8re). En outre, seuls des panneaux \/ \u00e9crans de la plus haute qualit\u00e9 (classe de pixels 0 &#8211; aucun d\u00e9faut de pixel autoris\u00e9) sont utilis\u00e9s.<br \/>\nDes techniques \u00e9prouv\u00e9es telles que l&rsquo;alphatronicsView en combinaison avec l&rsquo;alphatronicsCIS ont \u00e9galement \u00e9t\u00e9 perfectionn\u00e9es afin de r\u00e9aliser une repr\u00e9sentation d&rsquo;image encore meilleure en combinaison avec l&rsquo;\u00e9cran mat grand angle \u00e9prouv\u00e9 (178\u00b0 horizontalement et verticalement). Les caract\u00e9ristiques d&rsquo;\u00e9quipement connues du pass\u00e9 telles que la tension d&rsquo;entr\u00e9e de 10,5-30V DC, une protection contre l&rsquo;inversion de polarit\u00e9, un interrupteur physique marche\/arr\u00eat ou encore une \u00e9lectronique prot\u00e9g\u00e9e contre la corrosion sont bien entendu toujours pr\u00e9sentes. Les t\u00e9l\u00e9viseurs peuvent \u00eatre connect\u00e9s via WIFI aussi bien avec un r\u00e9seau de 2,4 GHz qu&rsquo;avec un r\u00e9seau de 5,0 GHz. Une antenne WIFI externe offre toujours la r\u00e9ception maximale possible. Tous les mod\u00e8les sont livr\u00e9s avec l&rsquo;antenne DVB-T AN5.<br \/>\n\u00c9quipement:<\/p>\n<ul>\n<li>Barre de son int\u00e9gr\u00e9e sous le t\u00e9l\u00e9viseur<\/li>\n<li>Processeur de son sp\u00e9cial<\/li>\n<li>Hub webOS de nouvelle g\u00e9n\u00e9ration<\/li>\n<li>Triple tuner (DVB-S\/S2, DVB-T\/T2, DVB-C)<\/li>\n<li>Emplacement CI+ et HbbTV<\/li>\n<li>Support Apple AirPlay &amp; HomeKit<\/li>\n<li>\u00c9crans grand angle de la plus haute qualit\u00e9<\/li>\n<li>WIFI 2.4 GHz \/ 5 GHz et Bluetooth\u00ae version 5.0<\/li>\n<\/ul>\n<p>Contenu de la livraison:<br \/>\nContenu de la livraison Antenne DVB-T (AN5) incluse<\/p>\n<p>&nbsp;<\/p>\n<p>Remarque:<br \/>\nLe poids et les dimensions se r\u00e9f\u00e8rent au t\u00e9l\u00e9viseur sans pied.<\/p>\n","protected":false},"excerpt":{"rendered":"<p>Faites l&rsquo;exp\u00e9rience d&rsquo;un son de premi\u00e8re qualit\u00e9 avec notre ligne SLA+ ! Gr\u00e2ce \u00e0 la barre de son int\u00e9gr\u00e9e et aux haut-parleurs qui rayonnent vers l&rsquo;avant, l&rsquo;exp\u00e9rience t\u00e9l\u00e9visuelle atteint un nouveau niveau. Plongez dans un son clair et inoubliable et profitez de vos contenus avec une qualit\u00e9 audio in\u00e9gal\u00e9e. Le c\u0153ur de ces appareils portant [&hellip;]<\/p>\n","protected":false},"featured_media":198084,"template":"","meta":{"_acf_changed":false},"product_featured_cat":[],"product_brand":[3128],"product_cat":[4505],"product_tag":[],"class_list":{"0":"post-198088","1":"product","2":"type-product","3":"status-publish","4":"has-post-thumbnail","6":"product_brand-alphatronics","7":"product_cat-televiseurs","9":"first","10":"instock","11":"taxable","12":"shipping-taxable","13":"purchasable","14":"product-type-variable"},"acf":[],"yoast_head":"<!-- This site is optimized with the Yoast SEO plugin v27.4 - https:\/\/yoast.com\/product\/yoast-seo-wordpress\/ -->\n<title>Ligne TV alphatronics SLA-DW - Bantam Wankm\u00fcller SA<\/title>\n<meta name=\"robots\" content=\"index, follow, max-snippet:-1, max-image-preview:large, max-video-preview:-1\" \/>\n<link rel=\"canonical\" href=\"https:\/\/shop.bantam.ch\/fr\/produit\/ligne-tv-alphatronics-sla-dw\/\" \/>\n<meta property=\"og:locale\" content=\"fr_FR\" \/>\n<meta property=\"og:type\" content=\"article\" \/>\n<meta property=\"og:title\" content=\"Ligne TV alphatronics SLA-DW - Bantam Wankm\u00fcller SA\" \/>\n<meta property=\"og:description\" content=\"Faites l&rsquo;exp\u00e9rience d&rsquo;un son de premi\u00e8re qualit\u00e9 avec notre ligne SLA+ ! Gr\u00e2ce \u00e0 la barre de son int\u00e9gr\u00e9e et aux haut-parleurs qui rayonnent vers l&rsquo;avant, l&rsquo;exp\u00e9rience t\u00e9l\u00e9visuelle atteint un nouveau niveau. Plongez dans un son clair et inoubliable et profitez de vos contenus avec une qualit\u00e9 audio in\u00e9gal\u00e9e. Le c\u0153ur de ces appareils portant [&hellip;]\" \/>\n<meta property=\"og:url\" content=\"https:\/\/shop.bantam.ch\/fr\/produit\/ligne-tv-alphatronics-sla-dw\/\" \/>\n<meta property=\"og:site_name\" content=\"Bantam Wankm\u00fcller SA\" \/>\n<meta property=\"article:modified_time\" content=\"2026-04-17T23:16:55+00:00\" \/>\n<meta property=\"og:image\" content=\"https:\/\/shop.bantam.ch\/wp-content\/uploads\/2024\/05\/Movera-L-0106759100.jpg\" \/>\n\t<meta property=\"og:image:width\" content=\"640\" \/>\n\t<meta property=\"og:image:height\" content=\"640\" \/>\n\t<meta property=\"og:image:type\" content=\"image\/jpeg\" \/>\n<meta name=\"twitter:card\" content=\"summary_large_image\" \/>\n<meta name=\"twitter:label1\" content=\"Dur\u00e9e de lecture estim\u00e9e\" \/>\n\t<meta name=\"twitter:data1\" content=\"3 minutes\" \/>\n<script type=\"application\/ld+json\" class=\"yoast-schema-graph\">{\"@context\":\"https:\\\/\\\/schema.org\",\"@graph\":[{\"@type\":\"WebPage\",\"@id\":\"https:\\\/\\\/shop.bantam.ch\\\/fr\\\/produit\\\/ligne-tv-alphatronics-sla-dw\\\/\",\"url\":\"https:\\\/\\\/shop.bantam.ch\\\/fr\\\/produit\\\/ligne-tv-alphatronics-sla-dw\\\/\",\"name\":\"Ligne TV alphatronics SLA-DW - Bantam Wankm\u00fcller SA\",\"isPartOf\":{\"@id\":\"https:\\\/\\\/shop.bantam.ch\\\/fr\\\/#website\"},\"primaryImageOfPage\":{\"@id\":\"https:\\\/\\\/shop.bantam.ch\\\/fr\\\/produit\\\/ligne-tv-alphatronics-sla-dw\\\/#primaryimage\"},\"image\":{\"@id\":\"https:\\\/\\\/shop.bantam.ch\\\/fr\\\/produit\\\/ligne-tv-alphatronics-sla-dw\\\/#primaryimage\"},\"thumbnailUrl\":\"https:\\\/\\\/shop.bantam.ch\\\/wp-content\\\/uploads\\\/2024\\\/05\\\/Movera-L-0106759100.jpg\",\"datePublished\":\"2024-05-15T14:39:45+00:00\",\"dateModified\":\"2026-04-17T23:16:55+00:00\",\"breadcrumb\":{\"@id\":\"https:\\\/\\\/shop.bantam.ch\\\/fr\\\/produit\\\/ligne-tv-alphatronics-sla-dw\\\/#breadcrumb\"},\"inLanguage\":\"fr-FR\",\"potentialAction\":[{\"@type\":\"ReadAction\",\"target\":[\"https:\\\/\\\/shop.bantam.ch\\\/fr\\\/produit\\\/ligne-tv-alphatronics-sla-dw\\\/\"]}]},{\"@type\":\"ImageObject\",\"inLanguage\":\"fr-FR\",\"@id\":\"https:\\\/\\\/shop.bantam.ch\\\/fr\\\/produit\\\/ligne-tv-alphatronics-sla-dw\\\/#primaryimage\",\"url\":\"https:\\\/\\\/shop.bantam.ch\\\/wp-content\\\/uploads\\\/2024\\\/05\\\/Movera-L-0106759100.jpg\",\"contentUrl\":\"https:\\\/\\\/shop.bantam.ch\\\/wp-content\\\/uploads\\\/2024\\\/05\\\/Movera-L-0106759100.jpg\",\"width\":640,\"height\":640},{\"@type\":\"BreadcrumbList\",\"@id\":\"https:\\\/\\\/shop.bantam.ch\\\/fr\\\/produit\\\/ligne-tv-alphatronics-sla-dw\\\/#breadcrumb\",\"itemListElement\":[{\"@type\":\"ListItem\",\"position\":1,\"name\":\"Accueil\",\"item\":\"https:\\\/\\\/shop.bantam.ch\\\/fr\\\/\"},{\"@type\":\"ListItem\",\"position\":2,\"name\":\"Boutique\",\"item\":\"https:\\\/\\\/shop.bantam.ch\\\/fr\\\/boutique\\\/\"},{\"@type\":\"ListItem\",\"position\":3,\"name\":\"Ligne TV alphatronics SLA-DW\"}]},{\"@type\":\"WebSite\",\"@id\":\"https:\\\/\\\/shop.bantam.ch\\\/fr\\\/#website\",\"url\":\"https:\\\/\\\/shop.bantam.ch\\\/fr\\\/\",\"name\":\"Bantam Wankm\u00fcller SA\",\"description\":\"\",\"publisher\":{\"@id\":\"https:\\\/\\\/shop.bantam.ch\\\/fr\\\/#organization\"},\"inLanguage\":\"fr-FR\"},{\"@type\":\"Organization\",\"@id\":\"https:\\\/\\\/shop.bantam.ch\\\/fr\\\/#organization\",\"name\":\"Bantam Wankm\u00fcller SA\",\"url\":\"https:\\\/\\\/shop.bantam.ch\\\/fr\\\/\",\"logo\":{\"@type\":\"ImageObject\",\"inLanguage\":\"fr-FR\",\"@id\":\"https:\\\/\\\/shop.bantam.ch\\\/fr\\\/#\\\/schema\\\/logo\\\/image\\\/\",\"url\":\"https:\\\/\\\/shop.bantam.ch\\\/wp-content\\\/uploads\\\/2022\\\/12\\\/bantam-logo.png\",\"contentUrl\":\"https:\\\/\\\/shop.bantam.ch\\\/wp-content\\\/uploads\\\/2022\\\/12\\\/bantam-logo.png\",\"width\":320,\"height\":71,\"caption\":\"Bantam Wankm\u00fcller SA\"},\"image\":{\"@id\":\"https:\\\/\\\/shop.bantam.ch\\\/fr\\\/#\\\/schema\\\/logo\\\/image\\\/\"}}]}<\/script>\n<!-- \/ Yoast SEO plugin. -->","yoast_head_json":{"title":"Ligne TV alphatronics SLA-DW - Bantam Wankm\u00fcller SA","robots":{"index":"index","follow":"follow","max-snippet":"max-snippet:-1","max-image-preview":"max-image-preview:large","max-video-preview":"max-video-preview:-1"},"canonical":"https:\/\/shop.bantam.ch\/fr\/produit\/ligne-tv-alphatronics-sla-dw\/","og_locale":"fr_FR","og_type":"article","og_title":"Ligne TV alphatronics SLA-DW - Bantam Wankm\u00fcller SA","og_description":"Faites l&rsquo;exp\u00e9rience d&rsquo;un son de premi\u00e8re qualit\u00e9 avec notre ligne SLA+ ! Gr\u00e2ce \u00e0 la barre de son int\u00e9gr\u00e9e et aux haut-parleurs qui rayonnent vers l&rsquo;avant, l&rsquo;exp\u00e9rience t\u00e9l\u00e9visuelle atteint un nouveau niveau. Plongez dans un son clair et inoubliable et profitez de vos contenus avec une qualit\u00e9 audio in\u00e9gal\u00e9e. Le c\u0153ur de ces appareils portant [&hellip;]","og_url":"https:\/\/shop.bantam.ch\/fr\/produit\/ligne-tv-alphatronics-sla-dw\/","og_site_name":"Bantam Wankm\u00fcller SA","article_modified_time":"2026-04-17T23:16:55+00:00","og_image":[{"width":640,"height":640,"url":"https:\/\/shop.bantam.ch\/wp-content\/uploads\/2024\/05\/Movera-L-0106759100.jpg","type":"image\/jpeg"}],"twitter_card":"summary_large_image","twitter_misc":{"Dur\u00e9e de lecture estim\u00e9e":"3 minutes"},"schema":{"@context":"https:\/\/schema.org","@graph":[{"@type":"WebPage","@id":"https:\/\/shop.bantam.ch\/fr\/produit\/ligne-tv-alphatronics-sla-dw\/","url":"https:\/\/shop.bantam.ch\/fr\/produit\/ligne-tv-alphatronics-sla-dw\/","name":"Ligne TV alphatronics SLA-DW - Bantam Wankm\u00fcller SA","isPartOf":{"@id":"https:\/\/shop.bantam.ch\/fr\/#website"},"primaryImageOfPage":{"@id":"https:\/\/shop.bantam.ch\/fr\/produit\/ligne-tv-alphatronics-sla-dw\/#primaryimage"},"image":{"@id":"https:\/\/shop.bantam.ch\/fr\/produit\/ligne-tv-alphatronics-sla-dw\/#primaryimage"},"thumbnailUrl":"https:\/\/shop.bantam.ch\/wp-content\/uploads\/2024\/05\/Movera-L-0106759100.jpg","datePublished":"2024-05-15T14:39:45+00:00","dateModified":"2026-04-17T23:16:55+00:00","breadcrumb":{"@id":"https:\/\/shop.bantam.ch\/fr\/produit\/ligne-tv-alphatronics-sla-dw\/#breadcrumb"},"inLanguage":"fr-FR","potentialAction":[{"@type":"ReadAction","target":["https:\/\/shop.bantam.ch\/fr\/produit\/ligne-tv-alphatronics-sla-dw\/"]}]},{"@type":"ImageObject","inLanguage":"fr-FR","@id":"https:\/\/shop.bantam.ch\/fr\/produit\/ligne-tv-alphatronics-sla-dw\/#primaryimage","url":"https:\/\/shop.bantam.ch\/wp-content\/uploads\/2024\/05\/Movera-L-0106759100.jpg","contentUrl":"https:\/\/shop.bantam.ch\/wp-content\/uploads\/2024\/05\/Movera-L-0106759100.jpg","width":640,"height":640},{"@type":"BreadcrumbList","@id":"https:\/\/shop.bantam.ch\/fr\/produit\/ligne-tv-alphatronics-sla-dw\/#breadcrumb","itemListElement":[{"@type":"ListItem","position":1,"name":"Accueil","item":"https:\/\/shop.bantam.ch\/fr\/"},{"@type":"ListItem","position":2,"name":"Boutique","item":"https:\/\/shop.bantam.ch\/fr\/boutique\/"},{"@type":"ListItem","position":3,"name":"Ligne TV alphatronics SLA-DW"}]},{"@type":"WebSite","@id":"https:\/\/shop.bantam.ch\/fr\/#website","url":"https:\/\/shop.bantam.ch\/fr\/","name":"Bantam Wankm\u00fcller SA","description":"","publisher":{"@id":"https:\/\/shop.bantam.ch\/fr\/#organization"},"inLanguage":"fr-FR"},{"@type":"Organization","@id":"https:\/\/shop.bantam.ch\/fr\/#organization","name":"Bantam Wankm\u00fcller SA","url":"https:\/\/shop.bantam.ch\/fr\/","logo":{"@type":"ImageObject","inLanguage":"fr-FR","@id":"https:\/\/shop.bantam.ch\/fr\/#\/schema\/logo\/image\/","url":"https:\/\/shop.bantam.ch\/wp-content\/uploads\/2022\/12\/bantam-logo.png","contentUrl":"https:\/\/shop.bantam.ch\/wp-content\/uploads\/2022\/12\/bantam-logo.png","width":320,"height":71,"caption":"Bantam Wankm\u00fcller SA"},"image":{"@id":"https:\/\/shop.bantam.ch\/fr\/#\/schema\/logo\/image\/"}}]}},"_links":{"self":[{"href":"https:\/\/shop.bantam.ch\/fr\/wp-json\/wp\/v2\/product\/198088","targetHints":{"allow":["GET"]}}],"collection":[{"href":"https:\/\/shop.bantam.ch\/fr\/wp-json\/wp\/v2\/product"}],"about":[{"href":"https:\/\/shop.bantam.ch\/fr\/wp-json\/wp\/v2\/types\/product"}],"wp:featuredmedia":[{"embeddable":true,"href":"https:\/\/shop.bantam.ch\/fr\/wp-json\/wp\/v2\/media\/198084"}],"wp:attachment":[{"href":"https:\/\/shop.bantam.ch\/fr\/wp-json\/wp\/v2\/media?parent=198088"}],"wp:term":[{"taxonomy":"product_featured_cat","embeddable":true,"href":"https:\/\/shop.bantam.ch\/fr\/wp-json\/wp\/v2\/product_featured_cat?post=198088"},{"taxonomy":"product_brand","embeddable":true,"href":"https:\/\/shop.bantam.ch\/fr\/wp-json\/wp\/v2\/product_brand?post=198088"},{"taxonomy":"product_cat","embeddable":true,"href":"https:\/\/shop.bantam.ch\/fr\/wp-json\/wp\/v2\/product_cat?post=198088"},{"taxonomy":"product_tag","embeddable":true,"href":"https:\/\/shop.bantam.ch\/fr\/wp-json\/wp\/v2\/product_tag?post=198088"}],"curies":[{"name":"wp","href":"https:\/\/api.w.org\/{rel}","templated":true}]}}