{"id":198037,"date":"2024-05-15T16:38:22","date_gmt":"2024-05-15T14:38:22","guid":{"rendered":"https:\/\/shop.bantam.ch\/produit\/vw-t1-bus-siku\/"},"modified":"2026-04-22T23:10:30","modified_gmt":"2026-04-22T21:10:30","slug":"vw-t1-bus-siku","status":"publish","type":"product","link":"https:\/\/shop.bantam.ch\/fr\/produit\/vw-t1-bus-siku\/","title":{"rendered":"VW T1 Bus siku"},"content":{"rendered":"<p>Le T1 de Volkswagen est plus qu&rsquo;un v\u00e9hicule &#8211; c&rsquo;est une l\u00e9gende ! L&rsquo;histoire \u00e0 succ\u00e8s du minibus allemand, affectueusement appel\u00e9 \u00ab\u00a0Bulli\u00a0\u00bb par ses fans, a commenc\u00e9 d\u00e8s les ann\u00e9es 1950. Il \u00e9tait consid\u00e9r\u00e9 comme le symbole du miracle \u00e9conomique allemand, et aux \u00c9tats-Unis, ce mod\u00e8le \u00e9tait culte chez les hippies. Avec son design arrondi, sa peinture brillante et ses pare-chocs chrom\u00e9s, il s\u00e9duit encore aujourd&rsquo;hui un grand nombre de fans par son caract\u00e8re vintage. En tant que mod\u00e8le siku, l&rsquo;autobus culte VW T1 est bien s\u00fbr disponible dans l&rsquo;incomparable combinaison de couleurs blanc-rouge avec des roues fid\u00e8les \u00e0 l&rsquo;original. La carrosserie et les portes sont en m\u00e9tal, la caisse est en plastique. Deux portes s&rsquo;ouvrent sur le c\u00f4t\u00e9 droit du v\u00e9hicule. Gr\u00e2ce \u00e0 son attelage de remorque, le T1 peut \u00eatre combin\u00e9 avec de nombreuses remorques.&nbsp;Echelle 1:50.<\/p>\n","protected":false},"excerpt":{"rendered":"<p>Le T1 de Volkswagen est plus qu&rsquo;un v\u00e9hicule &#8211; c&rsquo;est une l\u00e9gende ! L&rsquo;histoire \u00e0 succ\u00e8s du minibus allemand, affectueusement appel\u00e9 \u00ab\u00a0Bulli\u00a0\u00bb par ses fans, a commenc\u00e9 d\u00e8s les ann\u00e9es 1950. Il \u00e9tait consid\u00e9r\u00e9 comme le symbole du miracle \u00e9conomique allemand, et aux \u00c9tats-Unis, ce mod\u00e8le \u00e9tait culte chez les hippies. Avec son design arrondi, [&hellip;]<\/p>\n","protected":false},"featured_media":207208,"template":"","meta":{"_acf_changed":false},"product_featured_cat":[],"product_brand":[3416],"product_cat":[4457],"product_tag":[],"class_list":{"0":"post-198037","1":"product","2":"type-product","3":"status-publish","4":"has-post-thumbnail","6":"product_brand-siku","7":"product_cat-jouets","9":"first","10":"instock","11":"taxable","12":"shipping-taxable","13":"purchasable","14":"product-type-simple"},"acf":[],"yoast_head":"<!-- This site is optimized with the Yoast SEO plugin v27.4 - https:\/\/yoast.com\/product\/yoast-seo-wordpress\/ -->\n<title>VW T1 Bus siku - Bantam Wankm\u00fcller SA<\/title>\n<meta name=\"robots\" content=\"index, follow, max-snippet:-1, max-image-preview:large, max-video-preview:-1\" \/>\n<link rel=\"canonical\" href=\"https:\/\/shop.bantam.ch\/fr\/produit\/vw-t1-bus-siku\/\" \/>\n<meta property=\"og:locale\" content=\"fr_FR\" \/>\n<meta property=\"og:type\" content=\"article\" \/>\n<meta property=\"og:title\" content=\"VW T1 Bus siku - Bantam Wankm\u00fcller SA\" \/>\n<meta property=\"og:description\" content=\"Le T1 de Volkswagen est plus qu&rsquo;un v\u00e9hicule &#8211; c&rsquo;est une l\u00e9gende ! L&rsquo;histoire \u00e0 succ\u00e8s du minibus allemand, affectueusement appel\u00e9 \u00ab\u00a0Bulli\u00a0\u00bb par ses fans, a commenc\u00e9 d\u00e8s les ann\u00e9es 1950. Il \u00e9tait consid\u00e9r\u00e9 comme le symbole du miracle \u00e9conomique allemand, et aux \u00c9tats-Unis, ce mod\u00e8le \u00e9tait culte chez les hippies. Avec son design arrondi, [&hellip;]\" \/>\n<meta property=\"og:url\" content=\"https:\/\/shop.bantam.ch\/fr\/produit\/vw-t1-bus-siku\/\" \/>\n<meta property=\"og:site_name\" content=\"Bantam Wankm\u00fcller SA\" \/>\n<meta property=\"article:modified_time\" content=\"2026-04-22T21:10:30+00:00\" \/>\n<meta property=\"og:image\" content=\"https:\/\/shop.bantam.ch\/wp-content\/uploads\/2024\/05\/Movera-L-9962228100.jpg\" \/>\n\t<meta property=\"og:image:width\" content=\"640\" \/>\n\t<meta property=\"og:image:height\" content=\"435\" \/>\n\t<meta property=\"og:image:type\" content=\"image\/jpeg\" \/>\n<meta name=\"twitter:card\" content=\"summary_large_image\" \/>\n<meta name=\"twitter:label1\" content=\"Dur\u00e9e de lecture estim\u00e9e\" \/>\n\t<meta name=\"twitter:data1\" content=\"1 minute\" \/>\n<script type=\"application\/ld+json\" class=\"yoast-schema-graph\">{\"@context\":\"https:\\\/\\\/schema.org\",\"@graph\":[{\"@type\":\"WebPage\",\"@id\":\"https:\\\/\\\/shop.bantam.ch\\\/fr\\\/produit\\\/vw-t1-bus-siku\\\/\",\"url\":\"https:\\\/\\\/shop.bantam.ch\\\/fr\\\/produit\\\/vw-t1-bus-siku\\\/\",\"name\":\"VW T1 Bus siku - Bantam Wankm\u00fcller SA\",\"isPartOf\":{\"@id\":\"https:\\\/\\\/shop.bantam.ch\\\/fr\\\/#website\"},\"primaryImageOfPage\":{\"@id\":\"https:\\\/\\\/shop.bantam.ch\\\/fr\\\/produit\\\/vw-t1-bus-siku\\\/#primaryimage\"},\"image\":{\"@id\":\"https:\\\/\\\/shop.bantam.ch\\\/fr\\\/produit\\\/vw-t1-bus-siku\\\/#primaryimage\"},\"thumbnailUrl\":\"https:\\\/\\\/shop.bantam.ch\\\/wp-content\\\/uploads\\\/2024\\\/09\\\/Movera-L-9962228100.jpg\",\"datePublished\":\"2024-05-15T14:38:22+00:00\",\"dateModified\":\"2026-04-22T21:10:30+00:00\",\"breadcrumb\":{\"@id\":\"https:\\\/\\\/shop.bantam.ch\\\/fr\\\/produit\\\/vw-t1-bus-siku\\\/#breadcrumb\"},\"inLanguage\":\"fr-FR\",\"potentialAction\":[{\"@type\":\"ReadAction\",\"target\":[\"https:\\\/\\\/shop.bantam.ch\\\/fr\\\/produit\\\/vw-t1-bus-siku\\\/\"]}]},{\"@type\":\"ImageObject\",\"inLanguage\":\"fr-FR\",\"@id\":\"https:\\\/\\\/shop.bantam.ch\\\/fr\\\/produit\\\/vw-t1-bus-siku\\\/#primaryimage\",\"url\":\"https:\\\/\\\/shop.bantam.ch\\\/wp-content\\\/uploads\\\/2024\\\/09\\\/Movera-L-9962228100.jpg\",\"contentUrl\":\"https:\\\/\\\/shop.bantam.ch\\\/wp-content\\\/uploads\\\/2024\\\/09\\\/Movera-L-9962228100.jpg\",\"width\":640,\"height\":435},{\"@type\":\"BreadcrumbList\",\"@id\":\"https:\\\/\\\/shop.bantam.ch\\\/fr\\\/produit\\\/vw-t1-bus-siku\\\/#breadcrumb\",\"itemListElement\":[{\"@type\":\"ListItem\",\"position\":1,\"name\":\"Accueil\",\"item\":\"https:\\\/\\\/shop.bantam.ch\\\/fr\\\/\"},{\"@type\":\"ListItem\",\"position\":2,\"name\":\"Boutique\",\"item\":\"https:\\\/\\\/shop.bantam.ch\\\/fr\\\/boutique\\\/\"},{\"@type\":\"ListItem\",\"position\":3,\"name\":\"VW T1 Bus siku\"}]},{\"@type\":\"WebSite\",\"@id\":\"https:\\\/\\\/shop.bantam.ch\\\/fr\\\/#website\",\"url\":\"https:\\\/\\\/shop.bantam.ch\\\/fr\\\/\",\"name\":\"Bantam Wankm\u00fcller SA\",\"description\":\"\",\"publisher\":{\"@id\":\"https:\\\/\\\/shop.bantam.ch\\\/fr\\\/#organization\"},\"inLanguage\":\"fr-FR\"},{\"@type\":\"Organization\",\"@id\":\"https:\\\/\\\/shop.bantam.ch\\\/fr\\\/#organization\",\"name\":\"Bantam Wankm\u00fcller SA\",\"url\":\"https:\\\/\\\/shop.bantam.ch\\\/fr\\\/\",\"logo\":{\"@type\":\"ImageObject\",\"inLanguage\":\"fr-FR\",\"@id\":\"https:\\\/\\\/shop.bantam.ch\\\/fr\\\/#\\\/schema\\\/logo\\\/image\\\/\",\"url\":\"https:\\\/\\\/shop.bantam.ch\\\/wp-content\\\/uploads\\\/2022\\\/12\\\/bantam-logo.png\",\"contentUrl\":\"https:\\\/\\\/shop.bantam.ch\\\/wp-content\\\/uploads\\\/2022\\\/12\\\/bantam-logo.png\",\"width\":320,\"height\":71,\"caption\":\"Bantam Wankm\u00fcller SA\"},\"image\":{\"@id\":\"https:\\\/\\\/shop.bantam.ch\\\/fr\\\/#\\\/schema\\\/logo\\\/image\\\/\"}}]}<\/script>\n<!-- \/ Yoast SEO plugin. -->","yoast_head_json":{"title":"VW T1 Bus siku - Bantam Wankm\u00fcller SA","robots":{"index":"index","follow":"follow","max-snippet":"max-snippet:-1","max-image-preview":"max-image-preview:large","max-video-preview":"max-video-preview:-1"},"canonical":"https:\/\/shop.bantam.ch\/fr\/produit\/vw-t1-bus-siku\/","og_locale":"fr_FR","og_type":"article","og_title":"VW T1 Bus siku - Bantam Wankm\u00fcller SA","og_description":"Le T1 de Volkswagen est plus qu&rsquo;un v\u00e9hicule &#8211; c&rsquo;est une l\u00e9gende ! L&rsquo;histoire \u00e0 succ\u00e8s du minibus allemand, affectueusement appel\u00e9 \u00ab\u00a0Bulli\u00a0\u00bb par ses fans, a commenc\u00e9 d\u00e8s les ann\u00e9es 1950. Il \u00e9tait consid\u00e9r\u00e9 comme le symbole du miracle \u00e9conomique allemand, et aux \u00c9tats-Unis, ce mod\u00e8le \u00e9tait culte chez les hippies. Avec son design arrondi, [&hellip;]","og_url":"https:\/\/shop.bantam.ch\/fr\/produit\/vw-t1-bus-siku\/","og_site_name":"Bantam Wankm\u00fcller SA","article_modified_time":"2026-04-22T21:10:30+00:00","og_image":[{"width":640,"height":435,"url":"https:\/\/shop.bantam.ch\/wp-content\/uploads\/2024\/05\/Movera-L-9962228100.jpg","type":"image\/jpeg"}],"twitter_card":"summary_large_image","twitter_misc":{"Dur\u00e9e de lecture estim\u00e9e":"1 minute"},"schema":{"@context":"https:\/\/schema.org","@graph":[{"@type":"WebPage","@id":"https:\/\/shop.bantam.ch\/fr\/produit\/vw-t1-bus-siku\/","url":"https:\/\/shop.bantam.ch\/fr\/produit\/vw-t1-bus-siku\/","name":"VW T1 Bus siku - Bantam Wankm\u00fcller SA","isPartOf":{"@id":"https:\/\/shop.bantam.ch\/fr\/#website"},"primaryImageOfPage":{"@id":"https:\/\/shop.bantam.ch\/fr\/produit\/vw-t1-bus-siku\/#primaryimage"},"image":{"@id":"https:\/\/shop.bantam.ch\/fr\/produit\/vw-t1-bus-siku\/#primaryimage"},"thumbnailUrl":"https:\/\/shop.bantam.ch\/wp-content\/uploads\/2024\/09\/Movera-L-9962228100.jpg","datePublished":"2024-05-15T14:38:22+00:00","dateModified":"2026-04-22T21:10:30+00:00","breadcrumb":{"@id":"https:\/\/shop.bantam.ch\/fr\/produit\/vw-t1-bus-siku\/#breadcrumb"},"inLanguage":"fr-FR","potentialAction":[{"@type":"ReadAction","target":["https:\/\/shop.bantam.ch\/fr\/produit\/vw-t1-bus-siku\/"]}]},{"@type":"ImageObject","inLanguage":"fr-FR","@id":"https:\/\/shop.bantam.ch\/fr\/produit\/vw-t1-bus-siku\/#primaryimage","url":"https:\/\/shop.bantam.ch\/wp-content\/uploads\/2024\/09\/Movera-L-9962228100.jpg","contentUrl":"https:\/\/shop.bantam.ch\/wp-content\/uploads\/2024\/09\/Movera-L-9962228100.jpg","width":640,"height":435},{"@type":"BreadcrumbList","@id":"https:\/\/shop.bantam.ch\/fr\/produit\/vw-t1-bus-siku\/#breadcrumb","itemListElement":[{"@type":"ListItem","position":1,"name":"Accueil","item":"https:\/\/shop.bantam.ch\/fr\/"},{"@type":"ListItem","position":2,"name":"Boutique","item":"https:\/\/shop.bantam.ch\/fr\/boutique\/"},{"@type":"ListItem","position":3,"name":"VW T1 Bus siku"}]},{"@type":"WebSite","@id":"https:\/\/shop.bantam.ch\/fr\/#website","url":"https:\/\/shop.bantam.ch\/fr\/","name":"Bantam Wankm\u00fcller SA","description":"","publisher":{"@id":"https:\/\/shop.bantam.ch\/fr\/#organization"},"inLanguage":"fr-FR"},{"@type":"Organization","@id":"https:\/\/shop.bantam.ch\/fr\/#organization","name":"Bantam Wankm\u00fcller SA","url":"https:\/\/shop.bantam.ch\/fr\/","logo":{"@type":"ImageObject","inLanguage":"fr-FR","@id":"https:\/\/shop.bantam.ch\/fr\/#\/schema\/logo\/image\/","url":"https:\/\/shop.bantam.ch\/wp-content\/uploads\/2022\/12\/bantam-logo.png","contentUrl":"https:\/\/shop.bantam.ch\/wp-content\/uploads\/2022\/12\/bantam-logo.png","width":320,"height":71,"caption":"Bantam Wankm\u00fcller SA"},"image":{"@id":"https:\/\/shop.bantam.ch\/fr\/#\/schema\/logo\/image\/"}}]}},"_links":{"self":[{"href":"https:\/\/shop.bantam.ch\/fr\/wp-json\/wp\/v2\/product\/198037","targetHints":{"allow":["GET"]}}],"collection":[{"href":"https:\/\/shop.bantam.ch\/fr\/wp-json\/wp\/v2\/product"}],"about":[{"href":"https:\/\/shop.bantam.ch\/fr\/wp-json\/wp\/v2\/types\/product"}],"wp:featuredmedia":[{"embeddable":true,"href":"https:\/\/shop.bantam.ch\/fr\/wp-json\/wp\/v2\/media\/207208"}],"wp:attachment":[{"href":"https:\/\/shop.bantam.ch\/fr\/wp-json\/wp\/v2\/media?parent=198037"}],"wp:term":[{"taxonomy":"product_featured_cat","embeddable":true,"href":"https:\/\/shop.bantam.ch\/fr\/wp-json\/wp\/v2\/product_featured_cat?post=198037"},{"taxonomy":"product_brand","embeddable":true,"href":"https:\/\/shop.bantam.ch\/fr\/wp-json\/wp\/v2\/product_brand?post=198037"},{"taxonomy":"product_cat","embeddable":true,"href":"https:\/\/shop.bantam.ch\/fr\/wp-json\/wp\/v2\/product_cat?post=198037"},{"taxonomy":"product_tag","embeddable":true,"href":"https:\/\/shop.bantam.ch\/fr\/wp-json\/wp\/v2\/product_tag?post=198037"}],"curies":[{"name":"wp","href":"https:\/\/api.w.org\/{rel}","templated":true}]}}