{"id":198031,"date":"2024-05-15T16:38:15","date_gmt":"2024-05-15T14:38:15","guid":{"rendered":"https:\/\/shop.bantam.ch\/produit\/kochbuch-gu-vegan-one-pot-meals\/"},"modified":"2026-05-11T23:07:51","modified_gmt":"2026-05-11T21:07:51","slug":"kochbuch-gu-vegan-one-pot-meals","status":"publish","type":"product","link":"https:\/\/shop.bantam.ch\/fr\/produit\/kochbuch-gu-vegan-one-pot-meals\/","title":{"rendered":"Kochbuch GU Vegan One-Pot-Meals"},"content":{"rendered":"<p>D\u00e9couvrir la cuisine v\u00e9g\u00e9talienne, tomber amoureux de cette tendance culinaire saine &#8211; et faire cause commune ? Le guide de cuisine \u00ab\u00a0Vegane One-Pot-Meals\u00a0\u00bb est le portail de rencontre de deux types de r\u00e9ussite : L&rsquo;alimentation sans animaux rencontre le plaisir sans stress ! Une casserole, une po\u00eale, une plaque de four &#8211; il n&rsquo;en faut pas plus pour ouvrir l&rsquo;app\u00e9tit. En plus, des recettes simples et rapides comme l&rsquo;\u00e9clair, si color\u00e9es et s\u00e9duisantes que m\u00eame les non-v\u00e9g\u00e9taliens* seront \u00e0 coup s\u00fbr intrigu\u00e9s. La marmite de pois chiches au tahin, le rago\u00fbt de gnocchi et de champignons ou les patates douces grill\u00e9es au houmous c\u00e9l\u00e8brent le minimalisme sain dans la cuisine : z\u00e9ro effort, z\u00e9ro vaisselle et un maximum de plaisir \u00e0 manger en famille, entre amis ou avec des invit\u00e9s. Cela pourrait bien \u00eatre l&rsquo;amour de toute une vie !<\/p>\n","protected":false},"excerpt":{"rendered":"<p>D\u00e9couvrir la cuisine v\u00e9g\u00e9talienne, tomber amoureux de cette tendance culinaire saine &#8211; et faire cause commune ? Le guide de cuisine \u00ab\u00a0Vegane One-Pot-Meals\u00a0\u00bb est le portail de rencontre de deux types de r\u00e9ussite : L&rsquo;alimentation sans animaux rencontre le plaisir sans stress ! Une casserole, une po\u00eale, une plaque de four &#8211; il n&rsquo;en faut [&hellip;]<\/p>\n","protected":false},"featured_media":207206,"template":"","meta":{"_acf_changed":false},"product_featured_cat":[],"product_brand":[3512],"product_cat":[4347],"product_tag":[],"class_list":{"0":"post-198031","1":"product","2":"type-product","3":"status-publish","4":"has-post-thumbnail","6":"product_brand-gu","7":"product_cat-livres-de-cuisine","9":"first","10":"instock","11":"taxable","12":"shipping-taxable","13":"purchasable","14":"product-type-simple"},"acf":[],"yoast_head":"<!-- This site is optimized with the Yoast SEO plugin v27.5 - https:\/\/yoast.com\/product\/yoast-seo-wordpress\/ -->\n<title>Kochbuch GU Vegan One-Pot-Meals - Bantam<\/title>\n<meta name=\"robots\" content=\"index, follow, max-snippet:-1, max-image-preview:large, max-video-preview:-1\" \/>\n<link rel=\"canonical\" href=\"https:\/\/shop.bantam.ch\/fr\/produit\/kochbuch-gu-vegan-one-pot-meals\/\" \/>\n<meta property=\"og:locale\" content=\"fr_FR\" \/>\n<meta property=\"og:type\" content=\"article\" \/>\n<meta property=\"og:title\" content=\"Kochbuch GU Vegan One-Pot-Meals - Bantam\" \/>\n<meta property=\"og:description\" content=\"D\u00e9couvrir la cuisine v\u00e9g\u00e9talienne, tomber amoureux de cette tendance culinaire saine &#8211; et faire cause commune ? Le guide de cuisine \u00ab\u00a0Vegane One-Pot-Meals\u00a0\u00bb est le portail de rencontre de deux types de r\u00e9ussite : L&rsquo;alimentation sans animaux rencontre le plaisir sans stress ! Une casserole, une po\u00eale, une plaque de four &#8211; il n&rsquo;en faut [&hellip;]\" \/>\n<meta property=\"og:url\" content=\"https:\/\/shop.bantam.ch\/fr\/produit\/kochbuch-gu-vegan-one-pot-meals\/\" \/>\n<meta property=\"og:site_name\" content=\"Bantam\" \/>\n<meta property=\"article:modified_time\" content=\"2026-05-11T21:07:51+00:00\" \/>\n<meta property=\"og:image\" content=\"https:\/\/shop.bantam.ch\/wp-content\/uploads\/2024\/05\/Movera-L-9962227100.jpg\" \/>\n\t<meta property=\"og:image:width\" content=\"640\" \/>\n\t<meta property=\"og:image:height\" content=\"769\" \/>\n\t<meta property=\"og:image:type\" content=\"image\/jpeg\" \/>\n<meta name=\"twitter:card\" content=\"summary_large_image\" \/>\n<meta name=\"twitter:label1\" content=\"Dur\u00e9e de lecture estim\u00e9e\" \/>\n\t<meta name=\"twitter:data1\" content=\"1 minute\" \/>\n<script type=\"application\/ld+json\" class=\"yoast-schema-graph\">{\"@context\":\"https:\\\/\\\/schema.org\",\"@graph\":[{\"@type\":\"WebPage\",\"@id\":\"https:\\\/\\\/shop.bantam.ch\\\/fr\\\/produit\\\/kochbuch-gu-vegan-one-pot-meals\\\/\",\"url\":\"https:\\\/\\\/shop.bantam.ch\\\/fr\\\/produit\\\/kochbuch-gu-vegan-one-pot-meals\\\/\",\"name\":\"Kochbuch GU Vegan One-Pot-Meals - Bantam\",\"isPartOf\":{\"@id\":\"https:\\\/\\\/shop.bantam.ch\\\/fr\\\/#website\"},\"primaryImageOfPage\":{\"@id\":\"https:\\\/\\\/shop.bantam.ch\\\/fr\\\/produit\\\/kochbuch-gu-vegan-one-pot-meals\\\/#primaryimage\"},\"image\":{\"@id\":\"https:\\\/\\\/shop.bantam.ch\\\/fr\\\/produit\\\/kochbuch-gu-vegan-one-pot-meals\\\/#primaryimage\"},\"thumbnailUrl\":\"https:\\\/\\\/shop.bantam.ch\\\/wp-content\\\/uploads\\\/2024\\\/09\\\/Movera-L-9962227100.jpg\",\"datePublished\":\"2024-05-15T14:38:15+00:00\",\"dateModified\":\"2026-05-11T21:07:51+00:00\",\"breadcrumb\":{\"@id\":\"https:\\\/\\\/shop.bantam.ch\\\/fr\\\/produit\\\/kochbuch-gu-vegan-one-pot-meals\\\/#breadcrumb\"},\"inLanguage\":\"fr-FR\",\"potentialAction\":[{\"@type\":\"ReadAction\",\"target\":[\"https:\\\/\\\/shop.bantam.ch\\\/fr\\\/produit\\\/kochbuch-gu-vegan-one-pot-meals\\\/\"]}]},{\"@type\":\"ImageObject\",\"inLanguage\":\"fr-FR\",\"@id\":\"https:\\\/\\\/shop.bantam.ch\\\/fr\\\/produit\\\/kochbuch-gu-vegan-one-pot-meals\\\/#primaryimage\",\"url\":\"https:\\\/\\\/shop.bantam.ch\\\/wp-content\\\/uploads\\\/2024\\\/09\\\/Movera-L-9962227100.jpg\",\"contentUrl\":\"https:\\\/\\\/shop.bantam.ch\\\/wp-content\\\/uploads\\\/2024\\\/09\\\/Movera-L-9962227100.jpg\",\"width\":640,\"height\":769},{\"@type\":\"BreadcrumbList\",\"@id\":\"https:\\\/\\\/shop.bantam.ch\\\/fr\\\/produit\\\/kochbuch-gu-vegan-one-pot-meals\\\/#breadcrumb\",\"itemListElement\":[{\"@type\":\"ListItem\",\"position\":1,\"name\":\"Accueil\",\"item\":\"https:\\\/\\\/shop.bantam.ch\\\/fr\\\/\"},{\"@type\":\"ListItem\",\"position\":2,\"name\":\"Boutique\",\"item\":\"https:\\\/\\\/shop.bantam.ch\\\/fr\\\/boutique\\\/\"},{\"@type\":\"ListItem\",\"position\":3,\"name\":\"Kochbuch GU Vegan One-Pot-Meals\"}]},{\"@type\":\"WebSite\",\"@id\":\"https:\\\/\\\/shop.bantam.ch\\\/fr\\\/#website\",\"url\":\"https:\\\/\\\/shop.bantam.ch\\\/fr\\\/\",\"name\":\"Bantam\",\"description\":\"\",\"publisher\":{\"@id\":\"https:\\\/\\\/shop.bantam.ch\\\/fr\\\/#organization\"},\"inLanguage\":\"fr-FR\"},{\"@type\":\"Organization\",\"@id\":\"https:\\\/\\\/shop.bantam.ch\\\/fr\\\/#organization\",\"name\":\"Bantam\",\"url\":\"https:\\\/\\\/shop.bantam.ch\\\/fr\\\/\",\"logo\":{\"@type\":\"ImageObject\",\"inLanguage\":\"fr-FR\",\"@id\":\"https:\\\/\\\/shop.bantam.ch\\\/fr\\\/#\\\/schema\\\/logo\\\/image\\\/\",\"url\":\"https:\\\/\\\/shop.bantam.ch\\\/wp-content\\\/uploads\\\/2022\\\/12\\\/bantam-logo.png\",\"contentUrl\":\"https:\\\/\\\/shop.bantam.ch\\\/wp-content\\\/uploads\\\/2022\\\/12\\\/bantam-logo.png\",\"width\":320,\"height\":71,\"caption\":\"Bantam\"},\"image\":{\"@id\":\"https:\\\/\\\/shop.bantam.ch\\\/fr\\\/#\\\/schema\\\/logo\\\/image\\\/\"}}]}<\/script>\n<!-- \/ Yoast SEO plugin. -->","yoast_head_json":{"title":"Kochbuch GU Vegan One-Pot-Meals - Bantam","robots":{"index":"index","follow":"follow","max-snippet":"max-snippet:-1","max-image-preview":"max-image-preview:large","max-video-preview":"max-video-preview:-1"},"canonical":"https:\/\/shop.bantam.ch\/fr\/produit\/kochbuch-gu-vegan-one-pot-meals\/","og_locale":"fr_FR","og_type":"article","og_title":"Kochbuch GU Vegan One-Pot-Meals - Bantam","og_description":"D\u00e9couvrir la cuisine v\u00e9g\u00e9talienne, tomber amoureux de cette tendance culinaire saine &#8211; et faire cause commune ? Le guide de cuisine \u00ab\u00a0Vegane One-Pot-Meals\u00a0\u00bb est le portail de rencontre de deux types de r\u00e9ussite : L&rsquo;alimentation sans animaux rencontre le plaisir sans stress ! Une casserole, une po\u00eale, une plaque de four &#8211; il n&rsquo;en faut [&hellip;]","og_url":"https:\/\/shop.bantam.ch\/fr\/produit\/kochbuch-gu-vegan-one-pot-meals\/","og_site_name":"Bantam","article_modified_time":"2026-05-11T21:07:51+00:00","og_image":[{"width":640,"height":769,"url":"https:\/\/shop.bantam.ch\/wp-content\/uploads\/2024\/05\/Movera-L-9962227100.jpg","type":"image\/jpeg"}],"twitter_card":"summary_large_image","twitter_misc":{"Dur\u00e9e de lecture estim\u00e9e":"1 minute"},"schema":{"@context":"https:\/\/schema.org","@graph":[{"@type":"WebPage","@id":"https:\/\/shop.bantam.ch\/fr\/produit\/kochbuch-gu-vegan-one-pot-meals\/","url":"https:\/\/shop.bantam.ch\/fr\/produit\/kochbuch-gu-vegan-one-pot-meals\/","name":"Kochbuch GU Vegan One-Pot-Meals - Bantam","isPartOf":{"@id":"https:\/\/shop.bantam.ch\/fr\/#website"},"primaryImageOfPage":{"@id":"https:\/\/shop.bantam.ch\/fr\/produit\/kochbuch-gu-vegan-one-pot-meals\/#primaryimage"},"image":{"@id":"https:\/\/shop.bantam.ch\/fr\/produit\/kochbuch-gu-vegan-one-pot-meals\/#primaryimage"},"thumbnailUrl":"https:\/\/shop.bantam.ch\/wp-content\/uploads\/2024\/09\/Movera-L-9962227100.jpg","datePublished":"2024-05-15T14:38:15+00:00","dateModified":"2026-05-11T21:07:51+00:00","breadcrumb":{"@id":"https:\/\/shop.bantam.ch\/fr\/produit\/kochbuch-gu-vegan-one-pot-meals\/#breadcrumb"},"inLanguage":"fr-FR","potentialAction":[{"@type":"ReadAction","target":["https:\/\/shop.bantam.ch\/fr\/produit\/kochbuch-gu-vegan-one-pot-meals\/"]}]},{"@type":"ImageObject","inLanguage":"fr-FR","@id":"https:\/\/shop.bantam.ch\/fr\/produit\/kochbuch-gu-vegan-one-pot-meals\/#primaryimage","url":"https:\/\/shop.bantam.ch\/wp-content\/uploads\/2024\/09\/Movera-L-9962227100.jpg","contentUrl":"https:\/\/shop.bantam.ch\/wp-content\/uploads\/2024\/09\/Movera-L-9962227100.jpg","width":640,"height":769},{"@type":"BreadcrumbList","@id":"https:\/\/shop.bantam.ch\/fr\/produit\/kochbuch-gu-vegan-one-pot-meals\/#breadcrumb","itemListElement":[{"@type":"ListItem","position":1,"name":"Accueil","item":"https:\/\/shop.bantam.ch\/fr\/"},{"@type":"ListItem","position":2,"name":"Boutique","item":"https:\/\/shop.bantam.ch\/fr\/boutique\/"},{"@type":"ListItem","position":3,"name":"Kochbuch GU Vegan One-Pot-Meals"}]},{"@type":"WebSite","@id":"https:\/\/shop.bantam.ch\/fr\/#website","url":"https:\/\/shop.bantam.ch\/fr\/","name":"Bantam","description":"","publisher":{"@id":"https:\/\/shop.bantam.ch\/fr\/#organization"},"inLanguage":"fr-FR"},{"@type":"Organization","@id":"https:\/\/shop.bantam.ch\/fr\/#organization","name":"Bantam","url":"https:\/\/shop.bantam.ch\/fr\/","logo":{"@type":"ImageObject","inLanguage":"fr-FR","@id":"https:\/\/shop.bantam.ch\/fr\/#\/schema\/logo\/image\/","url":"https:\/\/shop.bantam.ch\/wp-content\/uploads\/2022\/12\/bantam-logo.png","contentUrl":"https:\/\/shop.bantam.ch\/wp-content\/uploads\/2022\/12\/bantam-logo.png","width":320,"height":71,"caption":"Bantam"},"image":{"@id":"https:\/\/shop.bantam.ch\/fr\/#\/schema\/logo\/image\/"}}]}},"_links":{"self":[{"href":"https:\/\/shop.bantam.ch\/fr\/wp-json\/wp\/v2\/product\/198031","targetHints":{"allow":["GET"]}}],"collection":[{"href":"https:\/\/shop.bantam.ch\/fr\/wp-json\/wp\/v2\/product"}],"about":[{"href":"https:\/\/shop.bantam.ch\/fr\/wp-json\/wp\/v2\/types\/product"}],"wp:featuredmedia":[{"embeddable":true,"href":"https:\/\/shop.bantam.ch\/fr\/wp-json\/wp\/v2\/media\/207206"}],"wp:attachment":[{"href":"https:\/\/shop.bantam.ch\/fr\/wp-json\/wp\/v2\/media?parent=198031"}],"wp:term":[{"taxonomy":"product_featured_cat","embeddable":true,"href":"https:\/\/shop.bantam.ch\/fr\/wp-json\/wp\/v2\/product_featured_cat?post=198031"},{"taxonomy":"product_brand","embeddable":true,"href":"https:\/\/shop.bantam.ch\/fr\/wp-json\/wp\/v2\/product_brand?post=198031"},{"taxonomy":"product_cat","embeddable":true,"href":"https:\/\/shop.bantam.ch\/fr\/wp-json\/wp\/v2\/product_cat?post=198031"},{"taxonomy":"product_tag","embeddable":true,"href":"https:\/\/shop.bantam.ch\/fr\/wp-json\/wp\/v2\/product_tag?post=198031"}],"curies":[{"name":"wp","href":"https:\/\/api.w.org\/{rel}","templated":true}]}}