{"id":198019,"date":"2024-05-15T16:37:52","date_gmt":"2024-05-15T14:37:52","guid":{"rendered":"https:\/\/shop.bantam.ch\/produit\/reisebuch-womo-venetien-und-friaul\/"},"modified":"2026-04-19T23:15:50","modified_gmt":"2026-04-19T21:15:50","slug":"reisebuch-womo-venetien-und-friaul","status":"publish","type":"product","link":"https:\/\/shop.bantam.ch\/fr\/produit\/reisebuch-womo-venetien-und-friaul\/","title":{"rendered":"Reisebuch WOMO Venetien und Friaul"},"content":{"rendered":"<p>Les guides de voyage WOMO vous permettent de planifier des itin\u00e9raires complets, de consulter des suggestions ou de cr\u00e9er vos propres itin\u00e9raires. R\u00e9guli\u00e8rement mis \u00e0 jour, les guides de voyage WOMO vous fournissent toutes les informations n\u00e9cessaires et vous conduisent non seulement vers les \u00ab\u00a0points forts\u00a0\u00bb des r\u00e9gions touristiques, mais vous font \u00e9galement d\u00e9couvrir des joyaux cach\u00e9s que vous ne trouverez dans aucun guide de voyage classique.<\/p>\n","protected":false},"excerpt":{"rendered":"<p>Les guides de voyage WOMO vous permettent de planifier des itin\u00e9raires complets, de consulter des suggestions ou de cr\u00e9er vos propres itin\u00e9raires. R\u00e9guli\u00e8rement mis \u00e0 jour, les guides de voyage WOMO vous fournissent toutes les informations n\u00e9cessaires et vous conduisent non seulement vers les \u00ab\u00a0points forts\u00a0\u00bb des r\u00e9gions touristiques, mais vous font \u00e9galement d\u00e9couvrir des [&hellip;]<\/p>\n","protected":false},"featured_media":207200,"template":"","meta":{"_acf_changed":false},"product_featured_cat":[],"product_brand":[3124],"product_cat":[4351],"product_tag":[],"class_list":{"0":"post-198019","1":"product","2":"type-product","3":"status-publish","4":"has-post-thumbnail","6":"product_brand-womo","7":"product_cat-guides-de-voyage","9":"first","10":"instock","11":"taxable","12":"shipping-taxable","13":"purchasable","14":"product-type-simple"},"acf":[],"yoast_head":"<!-- This site is optimized with the Yoast SEO plugin v27.4 - https:\/\/yoast.com\/product\/yoast-seo-wordpress\/ -->\n<title>Reisebuch WOMO Venetien und Friaul - Bantam Wankm\u00fcller SA<\/title>\n<meta name=\"robots\" content=\"index, follow, max-snippet:-1, max-image-preview:large, max-video-preview:-1\" \/>\n<link rel=\"canonical\" href=\"https:\/\/shop.bantam.ch\/fr\/produit\/reisebuch-womo-venetien-und-friaul\/\" \/>\n<meta property=\"og:locale\" content=\"fr_FR\" \/>\n<meta property=\"og:type\" content=\"article\" \/>\n<meta property=\"og:title\" content=\"Reisebuch WOMO Venetien und Friaul - Bantam Wankm\u00fcller SA\" \/>\n<meta property=\"og:description\" content=\"Les guides de voyage WOMO vous permettent de planifier des itin\u00e9raires complets, de consulter des suggestions ou de cr\u00e9er vos propres itin\u00e9raires. R\u00e9guli\u00e8rement mis \u00e0 jour, les guides de voyage WOMO vous fournissent toutes les informations n\u00e9cessaires et vous conduisent non seulement vers les \u00ab\u00a0points forts\u00a0\u00bb des r\u00e9gions touristiques, mais vous font \u00e9galement d\u00e9couvrir des [&hellip;]\" \/>\n<meta property=\"og:url\" content=\"https:\/\/shop.bantam.ch\/fr\/produit\/reisebuch-womo-venetien-und-friaul\/\" \/>\n<meta property=\"og:site_name\" content=\"Bantam Wankm\u00fcller SA\" \/>\n<meta property=\"article:modified_time\" content=\"2026-04-19T21:15:50+00:00\" \/>\n<meta property=\"og:image\" content=\"https:\/\/shop.bantam.ch\/wp-content\/uploads\/2024\/05\/Movera-L-9962224100.jpg\" \/>\n\t<meta property=\"og:image:width\" content=\"640\" \/>\n\t<meta property=\"og:image:height\" content=\"1232\" \/>\n\t<meta property=\"og:image:type\" content=\"image\/jpeg\" \/>\n<meta name=\"twitter:card\" content=\"summary_large_image\" \/>\n<script type=\"application\/ld+json\" class=\"yoast-schema-graph\">{\"@context\":\"https:\\\/\\\/schema.org\",\"@graph\":[{\"@type\":\"WebPage\",\"@id\":\"https:\\\/\\\/shop.bantam.ch\\\/fr\\\/produit\\\/reisebuch-womo-venetien-und-friaul\\\/\",\"url\":\"https:\\\/\\\/shop.bantam.ch\\\/fr\\\/produit\\\/reisebuch-womo-venetien-und-friaul\\\/\",\"name\":\"Reisebuch WOMO Venetien und Friaul - Bantam Wankm\u00fcller SA\",\"isPartOf\":{\"@id\":\"https:\\\/\\\/shop.bantam.ch\\\/fr\\\/#website\"},\"primaryImageOfPage\":{\"@id\":\"https:\\\/\\\/shop.bantam.ch\\\/fr\\\/produit\\\/reisebuch-womo-venetien-und-friaul\\\/#primaryimage\"},\"image\":{\"@id\":\"https:\\\/\\\/shop.bantam.ch\\\/fr\\\/produit\\\/reisebuch-womo-venetien-und-friaul\\\/#primaryimage\"},\"thumbnailUrl\":\"https:\\\/\\\/shop.bantam.ch\\\/wp-content\\\/uploads\\\/2024\\\/09\\\/Movera-L-9962224100.jpg\",\"datePublished\":\"2024-05-15T14:37:52+00:00\",\"dateModified\":\"2026-04-19T21:15:50+00:00\",\"breadcrumb\":{\"@id\":\"https:\\\/\\\/shop.bantam.ch\\\/fr\\\/produit\\\/reisebuch-womo-venetien-und-friaul\\\/#breadcrumb\"},\"inLanguage\":\"fr-FR\",\"potentialAction\":[{\"@type\":\"ReadAction\",\"target\":[\"https:\\\/\\\/shop.bantam.ch\\\/fr\\\/produit\\\/reisebuch-womo-venetien-und-friaul\\\/\"]}]},{\"@type\":\"ImageObject\",\"inLanguage\":\"fr-FR\",\"@id\":\"https:\\\/\\\/shop.bantam.ch\\\/fr\\\/produit\\\/reisebuch-womo-venetien-und-friaul\\\/#primaryimage\",\"url\":\"https:\\\/\\\/shop.bantam.ch\\\/wp-content\\\/uploads\\\/2024\\\/09\\\/Movera-L-9962224100.jpg\",\"contentUrl\":\"https:\\\/\\\/shop.bantam.ch\\\/wp-content\\\/uploads\\\/2024\\\/09\\\/Movera-L-9962224100.jpg\",\"width\":640,\"height\":1232},{\"@type\":\"BreadcrumbList\",\"@id\":\"https:\\\/\\\/shop.bantam.ch\\\/fr\\\/produit\\\/reisebuch-womo-venetien-und-friaul\\\/#breadcrumb\",\"itemListElement\":[{\"@type\":\"ListItem\",\"position\":1,\"name\":\"Accueil\",\"item\":\"https:\\\/\\\/shop.bantam.ch\\\/fr\\\/\"},{\"@type\":\"ListItem\",\"position\":2,\"name\":\"Boutique\",\"item\":\"https:\\\/\\\/shop.bantam.ch\\\/fr\\\/boutique\\\/\"},{\"@type\":\"ListItem\",\"position\":3,\"name\":\"Reisebuch WOMO Venetien und Friaul\"}]},{\"@type\":\"WebSite\",\"@id\":\"https:\\\/\\\/shop.bantam.ch\\\/fr\\\/#website\",\"url\":\"https:\\\/\\\/shop.bantam.ch\\\/fr\\\/\",\"name\":\"Bantam Wankm\u00fcller SA\",\"description\":\"\",\"publisher\":{\"@id\":\"https:\\\/\\\/shop.bantam.ch\\\/fr\\\/#organization\"},\"inLanguage\":\"fr-FR\"},{\"@type\":\"Organization\",\"@id\":\"https:\\\/\\\/shop.bantam.ch\\\/fr\\\/#organization\",\"name\":\"Bantam Wankm\u00fcller SA\",\"url\":\"https:\\\/\\\/shop.bantam.ch\\\/fr\\\/\",\"logo\":{\"@type\":\"ImageObject\",\"inLanguage\":\"fr-FR\",\"@id\":\"https:\\\/\\\/shop.bantam.ch\\\/fr\\\/#\\\/schema\\\/logo\\\/image\\\/\",\"url\":\"https:\\\/\\\/shop.bantam.ch\\\/wp-content\\\/uploads\\\/2022\\\/12\\\/bantam-logo.png\",\"contentUrl\":\"https:\\\/\\\/shop.bantam.ch\\\/wp-content\\\/uploads\\\/2022\\\/12\\\/bantam-logo.png\",\"width\":320,\"height\":71,\"caption\":\"Bantam Wankm\u00fcller SA\"},\"image\":{\"@id\":\"https:\\\/\\\/shop.bantam.ch\\\/fr\\\/#\\\/schema\\\/logo\\\/image\\\/\"}}]}<\/script>\n<!-- \/ Yoast SEO plugin. -->","yoast_head_json":{"title":"Reisebuch WOMO Venetien und Friaul - Bantam Wankm\u00fcller SA","robots":{"index":"index","follow":"follow","max-snippet":"max-snippet:-1","max-image-preview":"max-image-preview:large","max-video-preview":"max-video-preview:-1"},"canonical":"https:\/\/shop.bantam.ch\/fr\/produit\/reisebuch-womo-venetien-und-friaul\/","og_locale":"fr_FR","og_type":"article","og_title":"Reisebuch WOMO Venetien und Friaul - Bantam Wankm\u00fcller SA","og_description":"Les guides de voyage WOMO vous permettent de planifier des itin\u00e9raires complets, de consulter des suggestions ou de cr\u00e9er vos propres itin\u00e9raires. R\u00e9guli\u00e8rement mis \u00e0 jour, les guides de voyage WOMO vous fournissent toutes les informations n\u00e9cessaires et vous conduisent non seulement vers les \u00ab\u00a0points forts\u00a0\u00bb des r\u00e9gions touristiques, mais vous font \u00e9galement d\u00e9couvrir des [&hellip;]","og_url":"https:\/\/shop.bantam.ch\/fr\/produit\/reisebuch-womo-venetien-und-friaul\/","og_site_name":"Bantam Wankm\u00fcller SA","article_modified_time":"2026-04-19T21:15:50+00:00","og_image":[{"width":640,"height":1232,"url":"https:\/\/shop.bantam.ch\/wp-content\/uploads\/2024\/05\/Movera-L-9962224100.jpg","type":"image\/jpeg"}],"twitter_card":"summary_large_image","schema":{"@context":"https:\/\/schema.org","@graph":[{"@type":"WebPage","@id":"https:\/\/shop.bantam.ch\/fr\/produit\/reisebuch-womo-venetien-und-friaul\/","url":"https:\/\/shop.bantam.ch\/fr\/produit\/reisebuch-womo-venetien-und-friaul\/","name":"Reisebuch WOMO Venetien und Friaul - Bantam Wankm\u00fcller SA","isPartOf":{"@id":"https:\/\/shop.bantam.ch\/fr\/#website"},"primaryImageOfPage":{"@id":"https:\/\/shop.bantam.ch\/fr\/produit\/reisebuch-womo-venetien-und-friaul\/#primaryimage"},"image":{"@id":"https:\/\/shop.bantam.ch\/fr\/produit\/reisebuch-womo-venetien-und-friaul\/#primaryimage"},"thumbnailUrl":"https:\/\/shop.bantam.ch\/wp-content\/uploads\/2024\/09\/Movera-L-9962224100.jpg","datePublished":"2024-05-15T14:37:52+00:00","dateModified":"2026-04-19T21:15:50+00:00","breadcrumb":{"@id":"https:\/\/shop.bantam.ch\/fr\/produit\/reisebuch-womo-venetien-und-friaul\/#breadcrumb"},"inLanguage":"fr-FR","potentialAction":[{"@type":"ReadAction","target":["https:\/\/shop.bantam.ch\/fr\/produit\/reisebuch-womo-venetien-und-friaul\/"]}]},{"@type":"ImageObject","inLanguage":"fr-FR","@id":"https:\/\/shop.bantam.ch\/fr\/produit\/reisebuch-womo-venetien-und-friaul\/#primaryimage","url":"https:\/\/shop.bantam.ch\/wp-content\/uploads\/2024\/09\/Movera-L-9962224100.jpg","contentUrl":"https:\/\/shop.bantam.ch\/wp-content\/uploads\/2024\/09\/Movera-L-9962224100.jpg","width":640,"height":1232},{"@type":"BreadcrumbList","@id":"https:\/\/shop.bantam.ch\/fr\/produit\/reisebuch-womo-venetien-und-friaul\/#breadcrumb","itemListElement":[{"@type":"ListItem","position":1,"name":"Accueil","item":"https:\/\/shop.bantam.ch\/fr\/"},{"@type":"ListItem","position":2,"name":"Boutique","item":"https:\/\/shop.bantam.ch\/fr\/boutique\/"},{"@type":"ListItem","position":3,"name":"Reisebuch WOMO Venetien und Friaul"}]},{"@type":"WebSite","@id":"https:\/\/shop.bantam.ch\/fr\/#website","url":"https:\/\/shop.bantam.ch\/fr\/","name":"Bantam Wankm\u00fcller SA","description":"","publisher":{"@id":"https:\/\/shop.bantam.ch\/fr\/#organization"},"inLanguage":"fr-FR"},{"@type":"Organization","@id":"https:\/\/shop.bantam.ch\/fr\/#organization","name":"Bantam Wankm\u00fcller SA","url":"https:\/\/shop.bantam.ch\/fr\/","logo":{"@type":"ImageObject","inLanguage":"fr-FR","@id":"https:\/\/shop.bantam.ch\/fr\/#\/schema\/logo\/image\/","url":"https:\/\/shop.bantam.ch\/wp-content\/uploads\/2022\/12\/bantam-logo.png","contentUrl":"https:\/\/shop.bantam.ch\/wp-content\/uploads\/2022\/12\/bantam-logo.png","width":320,"height":71,"caption":"Bantam Wankm\u00fcller SA"},"image":{"@id":"https:\/\/shop.bantam.ch\/fr\/#\/schema\/logo\/image\/"}}]}},"_links":{"self":[{"href":"https:\/\/shop.bantam.ch\/fr\/wp-json\/wp\/v2\/product\/198019","targetHints":{"allow":["GET"]}}],"collection":[{"href":"https:\/\/shop.bantam.ch\/fr\/wp-json\/wp\/v2\/product"}],"about":[{"href":"https:\/\/shop.bantam.ch\/fr\/wp-json\/wp\/v2\/types\/product"}],"wp:featuredmedia":[{"embeddable":true,"href":"https:\/\/shop.bantam.ch\/fr\/wp-json\/wp\/v2\/media\/207200"}],"wp:attachment":[{"href":"https:\/\/shop.bantam.ch\/fr\/wp-json\/wp\/v2\/media?parent=198019"}],"wp:term":[{"taxonomy":"product_featured_cat","embeddable":true,"href":"https:\/\/shop.bantam.ch\/fr\/wp-json\/wp\/v2\/product_featured_cat?post=198019"},{"taxonomy":"product_brand","embeddable":true,"href":"https:\/\/shop.bantam.ch\/fr\/wp-json\/wp\/v2\/product_brand?post=198019"},{"taxonomy":"product_cat","embeddable":true,"href":"https:\/\/shop.bantam.ch\/fr\/wp-json\/wp\/v2\/product_cat?post=198019"},{"taxonomy":"product_tag","embeddable":true,"href":"https:\/\/shop.bantam.ch\/fr\/wp-json\/wp\/v2\/product_tag?post=198019"}],"curies":[{"name":"wp","href":"https:\/\/api.w.org\/{rel}","templated":true}]}}