{"id":197859,"date":"2024-05-15T16:33:49","date_gmt":"2024-05-15T14:33:49","guid":{"rendered":"https:\/\/shop.bantam.ch\/produit\/glaciere-bo-camp-arctic-12-litres-12-v-coloris-noir\/"},"modified":"2026-05-03T23:07:32","modified_gmt":"2026-05-03T21:07:32","slug":"glaciere-bo-camp-arctic-12-litres-12-v-coloris-noir","status":"publish","type":"product","link":"https:\/\/shop.bantam.ch\/fr\/produit\/glaciere-bo-camp-arctic-12-litres-12-v-coloris-noir\/","title":{"rendered":"Glaci\u00e8re Bo-Camp Arctic 12\u00a0litres, 12\u00a0V coloris noir"},"content":{"rendered":"<p>Une glaci\u00e8re l\u00e9g\u00e8re et tr\u00e8s compacte avec une connexion 12 volts. Cette glaci\u00e8re a une taille compacte. Cela rend cette glaci\u00e8re id\u00e9ale derri\u00e8re le si\u00e8ge de la voiture, dans la sacoche du v\u00e9lo, \u00e0 la plage ou au parc. La poign\u00e9e est utilis\u00e9e pour bloquer le couvercle et fermer la glaci\u00e8re. Dimensions int\u00e9rieures : 37 x 14 x 22 cm (L x H x P).<\/p>\n","protected":false},"excerpt":{"rendered":"<p>Une glaci\u00e8re l\u00e9g\u00e8re et tr\u00e8s compacte avec une connexion 12 volts. Cette glaci\u00e8re a une taille compacte. Cela rend cette glaci\u00e8re id\u00e9ale derri\u00e8re le si\u00e8ge de la voiture, dans la sacoche du v\u00e9lo, \u00e0 la plage ou au parc. La poign\u00e9e est utilis\u00e9e pour bloquer le couvercle et fermer la glaci\u00e8re. Dimensions int\u00e9rieures : 37 [&hellip;]<\/p>\n","protected":false},"featured_media":207142,"template":"","meta":{"_acf_changed":false},"product_featured_cat":[],"product_brand":[3430],"product_cat":[4543],"product_tag":[],"class_list":{"0":"post-197859","1":"product","2":"type-product","3":"status-publish","4":"has-post-thumbnail","6":"product_brand-bo-camp","7":"product_cat-glacieres-thermoelectriques","9":"first","10":"instock","11":"taxable","12":"shipping-taxable","13":"purchasable","14":"product-type-simple"},"acf":[],"yoast_head":"<!-- This site is optimized with the Yoast SEO plugin v27.5 - https:\/\/yoast.com\/product\/yoast-seo-wordpress\/ -->\n<title>Glaci\u00e8re Bo-Camp Arctic 12\u00a0litres, 12\u00a0V coloris noir - Bantam<\/title>\n<meta name=\"robots\" content=\"index, follow, max-snippet:-1, max-image-preview:large, max-video-preview:-1\" \/>\n<link rel=\"canonical\" href=\"https:\/\/shop.bantam.ch\/fr\/produit\/glaciere-bo-camp-arctic-12-litres-12-v-coloris-noir\/\" \/>\n<meta property=\"og:locale\" content=\"fr_FR\" \/>\n<meta property=\"og:type\" content=\"article\" \/>\n<meta property=\"og:title\" content=\"Glaci\u00e8re Bo-Camp Arctic 12\u00a0litres, 12\u00a0V coloris noir - Bantam\" \/>\n<meta property=\"og:description\" content=\"Une glaci\u00e8re l\u00e9g\u00e8re et tr\u00e8s compacte avec une connexion 12 volts. Cette glaci\u00e8re a une taille compacte. Cela rend cette glaci\u00e8re id\u00e9ale derri\u00e8re le si\u00e8ge de la voiture, dans la sacoche du v\u00e9lo, \u00e0 la plage ou au parc. La poign\u00e9e est utilis\u00e9e pour bloquer le couvercle et fermer la glaci\u00e8re. Dimensions int\u00e9rieures : 37 [&hellip;]\" \/>\n<meta property=\"og:url\" content=\"https:\/\/shop.bantam.ch\/fr\/produit\/glaciere-bo-camp-arctic-12-litres-12-v-coloris-noir\/\" \/>\n<meta property=\"og:site_name\" content=\"Bantam\" \/>\n<meta property=\"article:modified_time\" content=\"2026-05-03T21:07:32+00:00\" \/>\n<meta property=\"og:image\" content=\"https:\/\/shop.bantam.ch\/wp-content\/uploads\/2024\/05\/Movera-L-9963334100.jpg\" \/>\n\t<meta property=\"og:image:width\" content=\"640\" \/>\n\t<meta property=\"og:image:height\" content=\"550\" \/>\n\t<meta property=\"og:image:type\" content=\"image\/jpeg\" \/>\n<meta name=\"twitter:card\" content=\"summary_large_image\" \/>\n<script type=\"application\/ld+json\" class=\"yoast-schema-graph\">{\"@context\":\"https:\\\/\\\/schema.org\",\"@graph\":[{\"@type\":\"WebPage\",\"@id\":\"https:\\\/\\\/shop.bantam.ch\\\/fr\\\/produit\\\/glaciere-bo-camp-arctic-12-litres-12-v-coloris-noir\\\/\",\"url\":\"https:\\\/\\\/shop.bantam.ch\\\/fr\\\/produit\\\/glaciere-bo-camp-arctic-12-litres-12-v-coloris-noir\\\/\",\"name\":\"Glaci\u00e8re Bo-Camp Arctic 12\u00a0litres, 12\u00a0V coloris noir - Bantam\",\"isPartOf\":{\"@id\":\"https:\\\/\\\/shop.bantam.ch\\\/fr\\\/#website\"},\"primaryImageOfPage\":{\"@id\":\"https:\\\/\\\/shop.bantam.ch\\\/fr\\\/produit\\\/glaciere-bo-camp-arctic-12-litres-12-v-coloris-noir\\\/#primaryimage\"},\"image\":{\"@id\":\"https:\\\/\\\/shop.bantam.ch\\\/fr\\\/produit\\\/glaciere-bo-camp-arctic-12-litres-12-v-coloris-noir\\\/#primaryimage\"},\"thumbnailUrl\":\"https:\\\/\\\/shop.bantam.ch\\\/wp-content\\\/uploads\\\/2024\\\/09\\\/Movera-L-9963334100.jpg\",\"datePublished\":\"2024-05-15T14:33:49+00:00\",\"dateModified\":\"2026-05-03T21:07:32+00:00\",\"breadcrumb\":{\"@id\":\"https:\\\/\\\/shop.bantam.ch\\\/fr\\\/produit\\\/glaciere-bo-camp-arctic-12-litres-12-v-coloris-noir\\\/#breadcrumb\"},\"inLanguage\":\"fr-FR\",\"potentialAction\":[{\"@type\":\"ReadAction\",\"target\":[\"https:\\\/\\\/shop.bantam.ch\\\/fr\\\/produit\\\/glaciere-bo-camp-arctic-12-litres-12-v-coloris-noir\\\/\"]}]},{\"@type\":\"ImageObject\",\"inLanguage\":\"fr-FR\",\"@id\":\"https:\\\/\\\/shop.bantam.ch\\\/fr\\\/produit\\\/glaciere-bo-camp-arctic-12-litres-12-v-coloris-noir\\\/#primaryimage\",\"url\":\"https:\\\/\\\/shop.bantam.ch\\\/wp-content\\\/uploads\\\/2024\\\/09\\\/Movera-L-9963334100.jpg\",\"contentUrl\":\"https:\\\/\\\/shop.bantam.ch\\\/wp-content\\\/uploads\\\/2024\\\/09\\\/Movera-L-9963334100.jpg\",\"width\":640,\"height\":550},{\"@type\":\"BreadcrumbList\",\"@id\":\"https:\\\/\\\/shop.bantam.ch\\\/fr\\\/produit\\\/glaciere-bo-camp-arctic-12-litres-12-v-coloris-noir\\\/#breadcrumb\",\"itemListElement\":[{\"@type\":\"ListItem\",\"position\":1,\"name\":\"Accueil\",\"item\":\"https:\\\/\\\/shop.bantam.ch\\\/fr\\\/\"},{\"@type\":\"ListItem\",\"position\":2,\"name\":\"Boutique\",\"item\":\"https:\\\/\\\/shop.bantam.ch\\\/fr\\\/boutique\\\/\"},{\"@type\":\"ListItem\",\"position\":3,\"name\":\"Glaci\u00e8re Bo-Camp Arctic 12\u00a0litres, 12\u00a0V coloris noir\"}]},{\"@type\":\"WebSite\",\"@id\":\"https:\\\/\\\/shop.bantam.ch\\\/fr\\\/#website\",\"url\":\"https:\\\/\\\/shop.bantam.ch\\\/fr\\\/\",\"name\":\"Bantam\",\"description\":\"\",\"publisher\":{\"@id\":\"https:\\\/\\\/shop.bantam.ch\\\/fr\\\/#organization\"},\"inLanguage\":\"fr-FR\"},{\"@type\":\"Organization\",\"@id\":\"https:\\\/\\\/shop.bantam.ch\\\/fr\\\/#organization\",\"name\":\"Bantam\",\"url\":\"https:\\\/\\\/shop.bantam.ch\\\/fr\\\/\",\"logo\":{\"@type\":\"ImageObject\",\"inLanguage\":\"fr-FR\",\"@id\":\"https:\\\/\\\/shop.bantam.ch\\\/fr\\\/#\\\/schema\\\/logo\\\/image\\\/\",\"url\":\"https:\\\/\\\/shop.bantam.ch\\\/wp-content\\\/uploads\\\/2022\\\/12\\\/bantam-logo.png\",\"contentUrl\":\"https:\\\/\\\/shop.bantam.ch\\\/wp-content\\\/uploads\\\/2022\\\/12\\\/bantam-logo.png\",\"width\":320,\"height\":71,\"caption\":\"Bantam\"},\"image\":{\"@id\":\"https:\\\/\\\/shop.bantam.ch\\\/fr\\\/#\\\/schema\\\/logo\\\/image\\\/\"}}]}<\/script>\n<!-- \/ Yoast SEO plugin. -->","yoast_head_json":{"title":"Glaci\u00e8re Bo-Camp Arctic 12\u00a0litres, 12\u00a0V coloris noir - Bantam","robots":{"index":"index","follow":"follow","max-snippet":"max-snippet:-1","max-image-preview":"max-image-preview:large","max-video-preview":"max-video-preview:-1"},"canonical":"https:\/\/shop.bantam.ch\/fr\/produit\/glaciere-bo-camp-arctic-12-litres-12-v-coloris-noir\/","og_locale":"fr_FR","og_type":"article","og_title":"Glaci\u00e8re Bo-Camp Arctic 12\u00a0litres, 12\u00a0V coloris noir - Bantam","og_description":"Une glaci\u00e8re l\u00e9g\u00e8re et tr\u00e8s compacte avec une connexion 12 volts. Cette glaci\u00e8re a une taille compacte. Cela rend cette glaci\u00e8re id\u00e9ale derri\u00e8re le si\u00e8ge de la voiture, dans la sacoche du v\u00e9lo, \u00e0 la plage ou au parc. La poign\u00e9e est utilis\u00e9e pour bloquer le couvercle et fermer la glaci\u00e8re. Dimensions int\u00e9rieures : 37 [&hellip;]","og_url":"https:\/\/shop.bantam.ch\/fr\/produit\/glaciere-bo-camp-arctic-12-litres-12-v-coloris-noir\/","og_site_name":"Bantam","article_modified_time":"2026-05-03T21:07:32+00:00","og_image":[{"width":640,"height":550,"url":"https:\/\/shop.bantam.ch\/wp-content\/uploads\/2024\/05\/Movera-L-9963334100.jpg","type":"image\/jpeg"}],"twitter_card":"summary_large_image","schema":{"@context":"https:\/\/schema.org","@graph":[{"@type":"WebPage","@id":"https:\/\/shop.bantam.ch\/fr\/produit\/glaciere-bo-camp-arctic-12-litres-12-v-coloris-noir\/","url":"https:\/\/shop.bantam.ch\/fr\/produit\/glaciere-bo-camp-arctic-12-litres-12-v-coloris-noir\/","name":"Glaci\u00e8re Bo-Camp Arctic 12\u00a0litres, 12\u00a0V coloris noir - Bantam","isPartOf":{"@id":"https:\/\/shop.bantam.ch\/fr\/#website"},"primaryImageOfPage":{"@id":"https:\/\/shop.bantam.ch\/fr\/produit\/glaciere-bo-camp-arctic-12-litres-12-v-coloris-noir\/#primaryimage"},"image":{"@id":"https:\/\/shop.bantam.ch\/fr\/produit\/glaciere-bo-camp-arctic-12-litres-12-v-coloris-noir\/#primaryimage"},"thumbnailUrl":"https:\/\/shop.bantam.ch\/wp-content\/uploads\/2024\/09\/Movera-L-9963334100.jpg","datePublished":"2024-05-15T14:33:49+00:00","dateModified":"2026-05-03T21:07:32+00:00","breadcrumb":{"@id":"https:\/\/shop.bantam.ch\/fr\/produit\/glaciere-bo-camp-arctic-12-litres-12-v-coloris-noir\/#breadcrumb"},"inLanguage":"fr-FR","potentialAction":[{"@type":"ReadAction","target":["https:\/\/shop.bantam.ch\/fr\/produit\/glaciere-bo-camp-arctic-12-litres-12-v-coloris-noir\/"]}]},{"@type":"ImageObject","inLanguage":"fr-FR","@id":"https:\/\/shop.bantam.ch\/fr\/produit\/glaciere-bo-camp-arctic-12-litres-12-v-coloris-noir\/#primaryimage","url":"https:\/\/shop.bantam.ch\/wp-content\/uploads\/2024\/09\/Movera-L-9963334100.jpg","contentUrl":"https:\/\/shop.bantam.ch\/wp-content\/uploads\/2024\/09\/Movera-L-9963334100.jpg","width":640,"height":550},{"@type":"BreadcrumbList","@id":"https:\/\/shop.bantam.ch\/fr\/produit\/glaciere-bo-camp-arctic-12-litres-12-v-coloris-noir\/#breadcrumb","itemListElement":[{"@type":"ListItem","position":1,"name":"Accueil","item":"https:\/\/shop.bantam.ch\/fr\/"},{"@type":"ListItem","position":2,"name":"Boutique","item":"https:\/\/shop.bantam.ch\/fr\/boutique\/"},{"@type":"ListItem","position":3,"name":"Glaci\u00e8re Bo-Camp Arctic 12\u00a0litres, 12\u00a0V coloris noir"}]},{"@type":"WebSite","@id":"https:\/\/shop.bantam.ch\/fr\/#website","url":"https:\/\/shop.bantam.ch\/fr\/","name":"Bantam","description":"","publisher":{"@id":"https:\/\/shop.bantam.ch\/fr\/#organization"},"inLanguage":"fr-FR"},{"@type":"Organization","@id":"https:\/\/shop.bantam.ch\/fr\/#organization","name":"Bantam","url":"https:\/\/shop.bantam.ch\/fr\/","logo":{"@type":"ImageObject","inLanguage":"fr-FR","@id":"https:\/\/shop.bantam.ch\/fr\/#\/schema\/logo\/image\/","url":"https:\/\/shop.bantam.ch\/wp-content\/uploads\/2022\/12\/bantam-logo.png","contentUrl":"https:\/\/shop.bantam.ch\/wp-content\/uploads\/2022\/12\/bantam-logo.png","width":320,"height":71,"caption":"Bantam"},"image":{"@id":"https:\/\/shop.bantam.ch\/fr\/#\/schema\/logo\/image\/"}}]}},"_links":{"self":[{"href":"https:\/\/shop.bantam.ch\/fr\/wp-json\/wp\/v2\/product\/197859","targetHints":{"allow":["GET"]}}],"collection":[{"href":"https:\/\/shop.bantam.ch\/fr\/wp-json\/wp\/v2\/product"}],"about":[{"href":"https:\/\/shop.bantam.ch\/fr\/wp-json\/wp\/v2\/types\/product"}],"wp:featuredmedia":[{"embeddable":true,"href":"https:\/\/shop.bantam.ch\/fr\/wp-json\/wp\/v2\/media\/207142"}],"wp:attachment":[{"href":"https:\/\/shop.bantam.ch\/fr\/wp-json\/wp\/v2\/media?parent=197859"}],"wp:term":[{"taxonomy":"product_featured_cat","embeddable":true,"href":"https:\/\/shop.bantam.ch\/fr\/wp-json\/wp\/v2\/product_featured_cat?post=197859"},{"taxonomy":"product_brand","embeddable":true,"href":"https:\/\/shop.bantam.ch\/fr\/wp-json\/wp\/v2\/product_brand?post=197859"},{"taxonomy":"product_cat","embeddable":true,"href":"https:\/\/shop.bantam.ch\/fr\/wp-json\/wp\/v2\/product_cat?post=197859"},{"taxonomy":"product_tag","embeddable":true,"href":"https:\/\/shop.bantam.ch\/fr\/wp-json\/wp\/v2\/product_tag?post=197859"}],"curies":[{"name":"wp","href":"https:\/\/api.w.org\/{rel}","templated":true}]}}