{"id":197829,"date":"2024-05-15T16:33:17","date_gmt":"2024-05-15T14:33:17","guid":{"rendered":"https:\/\/shop.bantam.ch\/produit\/lampe-anti-moust-eurotrail-chargeable\/"},"modified":"2026-04-18T23:12:42","modified_gmt":"2026-04-18T21:12:42","slug":"lampe-anti-moust-eurotrail-chargeable","status":"publish","type":"product","link":"https:\/\/shop.bantam.ch\/fr\/produit\/lampe-anti-moust-eurotrail-chargeable\/","title":{"rendered":"Lampe anti-moustique rechargeable, noir"},"content":{"rendered":"<p class=\"MsoNormal\">Lampe anti-moustique compacte mais tr\u00e8s efficace. Cette<br \/>\nlampe est rechargeable et apr\u00e8s une charge compl\u00e8te, la lampe fonctionne<br \/>\njusqu&rsquo;\u00e0 16 heures. La lampe \u00e9met une forte lumi\u00e8re ultraviolette qui attire les<br \/>\nmoustiques dans une large zone. Il y a une grille de tension \u00e0 l&rsquo;int\u00e9rieur qui<br \/>\n\u00e9limine les moustiques. Il y a un bac de collecte amovible en bas. Enti\u00e8rement<br \/>\nrechargeable avec le c\u00e2ble de chargement USB type C inclus. Mat\u00e9riel: ABS<br \/>\nDimensions : \u00f8 12 x 25 cm Source de lumi\u00e8re : tube LED UV-A Dur\u00e9e d&rsquo;utilisation<br \/>\n: 14 \u00e0 16 heures Temps de charge : 5 \u00e0 7 heures Batterie : 3,7 V 5 000 mAh<br \/>\nPoids : 550gr.<\/p>\n","protected":false},"excerpt":{"rendered":"<p>Lampe anti-moustique compacte mais tr\u00e8s efficace. Cette lampe est rechargeable et apr\u00e8s une charge compl\u00e8te, la lampe fonctionne jusqu&rsquo;\u00e0 16 heures. La lampe \u00e9met une forte lumi\u00e8re ultraviolette qui attire les moustiques dans une large zone. Il y a une grille de tension \u00e0 l&rsquo;int\u00e9rieur qui \u00e9limine les moustiques. Il y a un bac de [&hellip;]<\/p>\n","protected":false},"featured_media":207138,"template":"","meta":{"_acf_changed":false},"product_featured_cat":[3925,5296],"product_brand":[3074],"product_cat":[4933],"product_tag":[],"class_list":{"0":"post-197829","1":"product","2":"type-product","3":"status-publish","4":"has-post-thumbnail","6":"product_featured_cat-prix-bantam","7":"product_featured_cat-prix-bantam-hindelbank-fr","8":"product_brand-eurotrail","9":"product_cat-pieges-et-repulsifs-a-insectes","11":"first","12":"instock","13":"taxable","14":"shipping-taxable","15":"purchasable","16":"product-type-simple"},"acf":[],"yoast_head":"<!-- This site is optimized with the Yoast SEO plugin v27.4 - https:\/\/yoast.com\/product\/yoast-seo-wordpress\/ -->\n<title>Lampe anti-moustique rechargeable, noir - Bantam Wankm\u00fcller SA<\/title>\n<meta name=\"robots\" content=\"index, follow, max-snippet:-1, max-image-preview:large, max-video-preview:-1\" \/>\n<link rel=\"canonical\" href=\"https:\/\/shop.bantam.ch\/fr\/produit\/lampe-anti-moust-eurotrail-chargeable\/\" \/>\n<meta property=\"og:locale\" content=\"fr_FR\" \/>\n<meta property=\"og:type\" content=\"article\" \/>\n<meta property=\"og:title\" content=\"Lampe anti-moustique rechargeable, noir - Bantam Wankm\u00fcller SA\" \/>\n<meta property=\"og:description\" content=\"Lampe anti-moustique compacte mais tr\u00e8s efficace. Cette lampe est rechargeable et apr\u00e8s une charge compl\u00e8te, la lampe fonctionne jusqu&rsquo;\u00e0 16 heures. La lampe \u00e9met une forte lumi\u00e8re ultraviolette qui attire les moustiques dans une large zone. Il y a une grille de tension \u00e0 l&rsquo;int\u00e9rieur qui \u00e9limine les moustiques. Il y a un bac de [&hellip;]\" \/>\n<meta property=\"og:url\" content=\"https:\/\/shop.bantam.ch\/fr\/produit\/lampe-anti-moust-eurotrail-chargeable\/\" \/>\n<meta property=\"og:site_name\" content=\"Bantam Wankm\u00fcller SA\" \/>\n<meta property=\"article:modified_time\" content=\"2026-04-18T21:12:42+00:00\" \/>\n<meta property=\"og:image\" content=\"https:\/\/shop.bantam.ch\/wp-content\/uploads\/2024\/09\/Movera-L-9962194100.jpg\" \/>\n\t<meta property=\"og:image:width\" content=\"640\" \/>\n\t<meta property=\"og:image:height\" content=\"847\" \/>\n\t<meta property=\"og:image:type\" content=\"image\/jpeg\" \/>\n<meta name=\"twitter:card\" content=\"summary_large_image\" \/>\n<meta name=\"twitter:label1\" content=\"Dur\u00e9e de lecture estim\u00e9e\" \/>\n\t<meta name=\"twitter:data1\" content=\"1 minute\" \/>\n<script type=\"application\/ld+json\" class=\"yoast-schema-graph\">{\"@context\":\"https:\\\/\\\/schema.org\",\"@graph\":[{\"@type\":\"WebPage\",\"@id\":\"https:\\\/\\\/shop.bantam.ch\\\/fr\\\/produit\\\/lampe-anti-moust-eurotrail-chargeable\\\/\",\"url\":\"https:\\\/\\\/shop.bantam.ch\\\/fr\\\/produit\\\/lampe-anti-moust-eurotrail-chargeable\\\/\",\"name\":\"Lampe anti-moustique rechargeable, noir - Bantam Wankm\u00fcller SA\",\"isPartOf\":{\"@id\":\"https:\\\/\\\/shop.bantam.ch\\\/fr\\\/#website\"},\"primaryImageOfPage\":{\"@id\":\"https:\\\/\\\/shop.bantam.ch\\\/fr\\\/produit\\\/lampe-anti-moust-eurotrail-chargeable\\\/#primaryimage\"},\"image\":{\"@id\":\"https:\\\/\\\/shop.bantam.ch\\\/fr\\\/produit\\\/lampe-anti-moust-eurotrail-chargeable\\\/#primaryimage\"},\"thumbnailUrl\":\"https:\\\/\\\/shop.bantam.ch\\\/wp-content\\\/uploads\\\/2024\\\/09\\\/Movera-L-9962194100.jpg\",\"datePublished\":\"2024-05-15T14:33:17+00:00\",\"dateModified\":\"2026-04-18T21:12:42+00:00\",\"breadcrumb\":{\"@id\":\"https:\\\/\\\/shop.bantam.ch\\\/fr\\\/produit\\\/lampe-anti-moust-eurotrail-chargeable\\\/#breadcrumb\"},\"inLanguage\":\"fr-FR\",\"potentialAction\":[{\"@type\":\"ReadAction\",\"target\":[\"https:\\\/\\\/shop.bantam.ch\\\/fr\\\/produit\\\/lampe-anti-moust-eurotrail-chargeable\\\/\"]}]},{\"@type\":\"ImageObject\",\"inLanguage\":\"fr-FR\",\"@id\":\"https:\\\/\\\/shop.bantam.ch\\\/fr\\\/produit\\\/lampe-anti-moust-eurotrail-chargeable\\\/#primaryimage\",\"url\":\"https:\\\/\\\/shop.bantam.ch\\\/wp-content\\\/uploads\\\/2024\\\/09\\\/Movera-L-9962194100.jpg\",\"contentUrl\":\"https:\\\/\\\/shop.bantam.ch\\\/wp-content\\\/uploads\\\/2024\\\/09\\\/Movera-L-9962194100.jpg\",\"width\":640,\"height\":847},{\"@type\":\"BreadcrumbList\",\"@id\":\"https:\\\/\\\/shop.bantam.ch\\\/fr\\\/produit\\\/lampe-anti-moust-eurotrail-chargeable\\\/#breadcrumb\",\"itemListElement\":[{\"@type\":\"ListItem\",\"position\":1,\"name\":\"Accueil\",\"item\":\"https:\\\/\\\/shop.bantam.ch\\\/fr\\\/\"},{\"@type\":\"ListItem\",\"position\":2,\"name\":\"Boutique\",\"item\":\"https:\\\/\\\/shop.bantam.ch\\\/fr\\\/boutique\\\/\"},{\"@type\":\"ListItem\",\"position\":3,\"name\":\"Lampe anti-moustique rechargeable, noir\"}]},{\"@type\":\"WebSite\",\"@id\":\"https:\\\/\\\/shop.bantam.ch\\\/fr\\\/#website\",\"url\":\"https:\\\/\\\/shop.bantam.ch\\\/fr\\\/\",\"name\":\"Bantam Wankm\u00fcller SA\",\"description\":\"\",\"publisher\":{\"@id\":\"https:\\\/\\\/shop.bantam.ch\\\/fr\\\/#organization\"},\"inLanguage\":\"fr-FR\"},{\"@type\":\"Organization\",\"@id\":\"https:\\\/\\\/shop.bantam.ch\\\/fr\\\/#organization\",\"name\":\"Bantam Wankm\u00fcller SA\",\"url\":\"https:\\\/\\\/shop.bantam.ch\\\/fr\\\/\",\"logo\":{\"@type\":\"ImageObject\",\"inLanguage\":\"fr-FR\",\"@id\":\"https:\\\/\\\/shop.bantam.ch\\\/fr\\\/#\\\/schema\\\/logo\\\/image\\\/\",\"url\":\"https:\\\/\\\/shop.bantam.ch\\\/wp-content\\\/uploads\\\/2022\\\/12\\\/bantam-logo.png\",\"contentUrl\":\"https:\\\/\\\/shop.bantam.ch\\\/wp-content\\\/uploads\\\/2022\\\/12\\\/bantam-logo.png\",\"width\":320,\"height\":71,\"caption\":\"Bantam Wankm\u00fcller SA\"},\"image\":{\"@id\":\"https:\\\/\\\/shop.bantam.ch\\\/fr\\\/#\\\/schema\\\/logo\\\/image\\\/\"}}]}<\/script>\n<!-- \/ Yoast SEO plugin. -->","yoast_head_json":{"title":"Lampe anti-moustique rechargeable, noir - Bantam Wankm\u00fcller SA","robots":{"index":"index","follow":"follow","max-snippet":"max-snippet:-1","max-image-preview":"max-image-preview:large","max-video-preview":"max-video-preview:-1"},"canonical":"https:\/\/shop.bantam.ch\/fr\/produit\/lampe-anti-moust-eurotrail-chargeable\/","og_locale":"fr_FR","og_type":"article","og_title":"Lampe anti-moustique rechargeable, noir - Bantam Wankm\u00fcller SA","og_description":"Lampe anti-moustique compacte mais tr\u00e8s efficace. Cette lampe est rechargeable et apr\u00e8s une charge compl\u00e8te, la lampe fonctionne jusqu&rsquo;\u00e0 16 heures. La lampe \u00e9met une forte lumi\u00e8re ultraviolette qui attire les moustiques dans une large zone. Il y a une grille de tension \u00e0 l&rsquo;int\u00e9rieur qui \u00e9limine les moustiques. Il y a un bac de [&hellip;]","og_url":"https:\/\/shop.bantam.ch\/fr\/produit\/lampe-anti-moust-eurotrail-chargeable\/","og_site_name":"Bantam Wankm\u00fcller SA","article_modified_time":"2026-04-18T21:12:42+00:00","og_image":[{"width":640,"height":847,"url":"https:\/\/shop.bantam.ch\/wp-content\/uploads\/2024\/09\/Movera-L-9962194100.jpg","type":"image\/jpeg"}],"twitter_card":"summary_large_image","twitter_misc":{"Dur\u00e9e de lecture estim\u00e9e":"1 minute"},"schema":{"@context":"https:\/\/schema.org","@graph":[{"@type":"WebPage","@id":"https:\/\/shop.bantam.ch\/fr\/produit\/lampe-anti-moust-eurotrail-chargeable\/","url":"https:\/\/shop.bantam.ch\/fr\/produit\/lampe-anti-moust-eurotrail-chargeable\/","name":"Lampe anti-moustique rechargeable, noir - Bantam Wankm\u00fcller SA","isPartOf":{"@id":"https:\/\/shop.bantam.ch\/fr\/#website"},"primaryImageOfPage":{"@id":"https:\/\/shop.bantam.ch\/fr\/produit\/lampe-anti-moust-eurotrail-chargeable\/#primaryimage"},"image":{"@id":"https:\/\/shop.bantam.ch\/fr\/produit\/lampe-anti-moust-eurotrail-chargeable\/#primaryimage"},"thumbnailUrl":"https:\/\/shop.bantam.ch\/wp-content\/uploads\/2024\/09\/Movera-L-9962194100.jpg","datePublished":"2024-05-15T14:33:17+00:00","dateModified":"2026-04-18T21:12:42+00:00","breadcrumb":{"@id":"https:\/\/shop.bantam.ch\/fr\/produit\/lampe-anti-moust-eurotrail-chargeable\/#breadcrumb"},"inLanguage":"fr-FR","potentialAction":[{"@type":"ReadAction","target":["https:\/\/shop.bantam.ch\/fr\/produit\/lampe-anti-moust-eurotrail-chargeable\/"]}]},{"@type":"ImageObject","inLanguage":"fr-FR","@id":"https:\/\/shop.bantam.ch\/fr\/produit\/lampe-anti-moust-eurotrail-chargeable\/#primaryimage","url":"https:\/\/shop.bantam.ch\/wp-content\/uploads\/2024\/09\/Movera-L-9962194100.jpg","contentUrl":"https:\/\/shop.bantam.ch\/wp-content\/uploads\/2024\/09\/Movera-L-9962194100.jpg","width":640,"height":847},{"@type":"BreadcrumbList","@id":"https:\/\/shop.bantam.ch\/fr\/produit\/lampe-anti-moust-eurotrail-chargeable\/#breadcrumb","itemListElement":[{"@type":"ListItem","position":1,"name":"Accueil","item":"https:\/\/shop.bantam.ch\/fr\/"},{"@type":"ListItem","position":2,"name":"Boutique","item":"https:\/\/shop.bantam.ch\/fr\/boutique\/"},{"@type":"ListItem","position":3,"name":"Lampe anti-moustique rechargeable, noir"}]},{"@type":"WebSite","@id":"https:\/\/shop.bantam.ch\/fr\/#website","url":"https:\/\/shop.bantam.ch\/fr\/","name":"Bantam Wankm\u00fcller SA","description":"","publisher":{"@id":"https:\/\/shop.bantam.ch\/fr\/#organization"},"inLanguage":"fr-FR"},{"@type":"Organization","@id":"https:\/\/shop.bantam.ch\/fr\/#organization","name":"Bantam Wankm\u00fcller SA","url":"https:\/\/shop.bantam.ch\/fr\/","logo":{"@type":"ImageObject","inLanguage":"fr-FR","@id":"https:\/\/shop.bantam.ch\/fr\/#\/schema\/logo\/image\/","url":"https:\/\/shop.bantam.ch\/wp-content\/uploads\/2022\/12\/bantam-logo.png","contentUrl":"https:\/\/shop.bantam.ch\/wp-content\/uploads\/2022\/12\/bantam-logo.png","width":320,"height":71,"caption":"Bantam Wankm\u00fcller SA"},"image":{"@id":"https:\/\/shop.bantam.ch\/fr\/#\/schema\/logo\/image\/"}}]}},"_links":{"self":[{"href":"https:\/\/shop.bantam.ch\/fr\/wp-json\/wp\/v2\/product\/197829","targetHints":{"allow":["GET"]}}],"collection":[{"href":"https:\/\/shop.bantam.ch\/fr\/wp-json\/wp\/v2\/product"}],"about":[{"href":"https:\/\/shop.bantam.ch\/fr\/wp-json\/wp\/v2\/types\/product"}],"wp:featuredmedia":[{"embeddable":true,"href":"https:\/\/shop.bantam.ch\/fr\/wp-json\/wp\/v2\/media\/207138"}],"wp:attachment":[{"href":"https:\/\/shop.bantam.ch\/fr\/wp-json\/wp\/v2\/media?parent=197829"}],"wp:term":[{"taxonomy":"product_featured_cat","embeddable":true,"href":"https:\/\/shop.bantam.ch\/fr\/wp-json\/wp\/v2\/product_featured_cat?post=197829"},{"taxonomy":"product_brand","embeddable":true,"href":"https:\/\/shop.bantam.ch\/fr\/wp-json\/wp\/v2\/product_brand?post=197829"},{"taxonomy":"product_cat","embeddable":true,"href":"https:\/\/shop.bantam.ch\/fr\/wp-json\/wp\/v2\/product_cat?post=197829"},{"taxonomy":"product_tag","embeddable":true,"href":"https:\/\/shop.bantam.ch\/fr\/wp-json\/wp\/v2\/product_tag?post=197829"}],"curies":[{"name":"wp","href":"https:\/\/api.w.org\/{rel}","templated":true}]}}