{"id":197813,"date":"2024-05-15T16:32:51","date_gmt":"2024-05-15T14:32:51","guid":{"rendered":"https:\/\/shop.bantam.ch\/produit\/installation-sat-auto-megasat-campingman-compact-4-twin-autoskew\/"},"modified":"2026-05-09T23:10:09","modified_gmt":"2026-05-09T21:10:09","slug":"installation-sat-auto-megasat-campingman-compact-4-twin-autoskew","status":"publish","type":"product","link":"https:\/\/shop.bantam.ch\/fr\/produit\/installation-sat-auto-megasat-campingman-compact-4-twin-autoskew\/","title":{"rendered":"Installation sat. auto MEGASAT Campingman Compact 4 Twin AutoSkew"},"content":{"rendered":"<p>Le Campingman Kompakt 4 convient pour un montage fixe sur une caravane ou un camping-car et offre d\u00e9sormais un encombrement encore plus r\u00e9duit. Il suffit d&rsquo;appuyer sur un bouton pour que l&rsquo;antenne trouve le satellite choisi en un rien de temps. Meilleure r\u00e9ception dans le sud de l&rsquo;Europe (Croatie, Italie, Espagne, Portugal). Le syst\u00e8me Auto-Skew int\u00e9gr\u00e9 permet un r\u00e9glage correct de la polarisation du LNB et garantit ainsi une r\u00e9ception de premi\u00e8re classe dans la plupart des endroits d&rsquo;Europe. Gr\u00e2ce \u00e0 son \u00e9l\u00e9gant capot en plastique, l&rsquo;antenne est prot\u00e9g\u00e9e au mieux contre les intemp\u00e9ries et les dommages ext\u00e9rieurs. R\u00e9sistance aux temp\u00eates et r\u00e9ception par tous les vents. L&rsquo;antenne offre la meilleure protection contre l&rsquo;air salin. Cinq satellites sont d\u00e9j\u00e0 programm\u00e9s dans le mini-appareil de commande. Les futures mises \u00e0 jour des transpondeurs ne sont pas n\u00e9cessaires. L&rsquo;antenne satellite convient pour deux abonn\u00e9s et est reli\u00e9e \u00e0 l&rsquo;appareil de commande par un seul c\u00e2ble coaxial.<br \/>\nNombre de participants maximum 2. Alimentation en tension 12 V DC. Satellites pr\u00e9programm\u00e9s 5. Plage de temp\u00e9rature: -25\u00b0 C \u00e0 70\u00b0 C. Type d&rsquo;antenne: miroir off-set. Type de LNB : LNB universel. Bande de fr\u00e9quence : bande Ku. Gamme de fr\u00e9quences d&rsquo;entr\u00e9e : 10.7 GHz &#8211; 12.75 GHz. Polarisation : V\/H. Amplification du signal : 34,6 dBi @ 12,7 GHz. PIRE (zone d&rsquo;illumination) minimale : 47 dBW. \u00c9l\u00e9vation (inclinaison) : 15\u00b0 &#8211; 50\u00b0. Azimut (rotation) : 360\u00b0. Fonction auto-skew. Moteur DC \u00e0 2 axes.<\/p>\n<p>\u00c9quipement:<\/p>\n<ul>\n<li>Type d&rsquo;antenne: miroir off-set<\/li>\n<li>Type de LNB: LNB universel<\/li>\n<li>Nombre maximal de participants: 2<\/li>\n<li>Bande de fr\u00e9quence: bande Ku<\/li>\n<li>Gamme de fr\u00e9quences d&rsquo;entr\u00e9e: 10.7 GHz &#8211; 12.75 GHz<\/li>\n<li>Polarisation: V\/H<\/li>\n<li>Amplification du signal: 34,6 dBi @ 12,7 GHz<\/li>\n<li>PIRE minimale (zone de couverture) : 47 dBW<\/li>\n<li>\u00c9l\u00e9vation (inclinaison): 15\u00b0 &#8211; 50<\/li>\n<li>Azimut (rotation): 360\u00b0<\/li>\n<li>Fonction Auto-Skew<\/li>\n<li>Moteur DC \u00e0 2 axes<\/li>\n<li>Mini unit\u00e9 de contr\u00f4le avec 5 satellites programm\u00e9s (aucune mise \u00e0 jour future du transpondeur n\u00e9cessaire)<\/li>\n<li>Plage de temp\u00e9rature: -25\u00b0 C \u00e0 70\u00b0 C<\/li>\n<li>Alimentation \u00e9lectrique: DC 12 volts<\/li>\n<\/ul>\n<p>Satellites programm\u00e9s:<\/p>\n<ul>\n<li>Astra 1 (19,2\u00b0 Est)<\/li>\n<li>Astra 2 (28,2\u00b0 Est)<\/li>\n<li>Astra 3 (23,5\u00b0 Est)<\/li>\n<li>Hotbird (13\u00b0 Est)<\/li>\n<li>Thor (0,8\u00b0 Ouest)<\/li>\n<\/ul>\n","protected":false},"excerpt":{"rendered":"<p>Le Campingman Kompakt 4 convient pour un montage fixe sur une caravane ou un camping-car et offre d\u00e9sormais un encombrement encore plus r\u00e9duit. Il suffit d&rsquo;appuyer sur un bouton pour que l&rsquo;antenne trouve le satellite choisi en un rien de temps. Meilleure r\u00e9ception dans le sud de l&rsquo;Europe (Croatie, Italie, Espagne, Portugal). Le syst\u00e8me Auto-Skew [&hellip;]<\/p>\n","protected":false},"featured_media":207136,"template":"","meta":{"_acf_changed":false},"product_featured_cat":[],"product_brand":[3200],"product_cat":[4523],"product_tag":[],"class_list":{"0":"post-197813","1":"product","2":"type-product","3":"status-publish","4":"has-post-thumbnail","6":"product_brand-megasat","7":"product_cat-systemes-satellitaires","9":"first","10":"instock","11":"taxable","12":"shipping-taxable","13":"purchasable","14":"product-type-simple"},"acf":[],"yoast_head":"<!-- This site is optimized with the Yoast SEO plugin v27.5 - https:\/\/yoast.com\/product\/yoast-seo-wordpress\/ -->\n<title>Installation sat. auto MEGASAT Campingman Compact 4 Twin AutoSkew - Bantam<\/title>\n<meta name=\"robots\" content=\"index, follow, max-snippet:-1, max-image-preview:large, max-video-preview:-1\" \/>\n<link rel=\"canonical\" href=\"https:\/\/shop.bantam.ch\/fr\/produit\/installation-sat-auto-megasat-campingman-compact-4-twin-autoskew\/\" \/>\n<meta property=\"og:locale\" content=\"fr_FR\" \/>\n<meta property=\"og:type\" content=\"article\" \/>\n<meta property=\"og:title\" content=\"Installation sat. auto MEGASAT Campingman Compact 4 Twin AutoSkew - Bantam\" \/>\n<meta property=\"og:description\" content=\"Le Campingman Kompakt 4 convient pour un montage fixe sur une caravane ou un camping-car et offre d\u00e9sormais un encombrement encore plus r\u00e9duit. Il suffit d&rsquo;appuyer sur un bouton pour que l&rsquo;antenne trouve le satellite choisi en un rien de temps. Meilleure r\u00e9ception dans le sud de l&rsquo;Europe (Croatie, Italie, Espagne, Portugal). Le syst\u00e8me Auto-Skew [&hellip;]\" \/>\n<meta property=\"og:url\" content=\"https:\/\/shop.bantam.ch\/fr\/produit\/installation-sat-auto-megasat-campingman-compact-4-twin-autoskew\/\" \/>\n<meta property=\"og:site_name\" content=\"Bantam\" \/>\n<meta property=\"article:modified_time\" content=\"2026-05-09T21:10:09+00:00\" \/>\n<meta property=\"og:image\" content=\"https:\/\/shop.bantam.ch\/wp-content\/uploads\/2024\/05\/Movera-L-9963310100.jpg\" \/>\n\t<meta property=\"og:image:width\" content=\"640\" \/>\n\t<meta property=\"og:image:height\" content=\"481\" \/>\n\t<meta property=\"og:image:type\" content=\"image\/jpeg\" \/>\n<meta name=\"twitter:card\" content=\"summary_large_image\" \/>\n<meta name=\"twitter:label1\" content=\"Dur\u00e9e de lecture estim\u00e9e\" \/>\n\t<meta name=\"twitter:data1\" content=\"2 minutes\" \/>\n<script type=\"application\/ld+json\" class=\"yoast-schema-graph\">{\"@context\":\"https:\\\/\\\/schema.org\",\"@graph\":[{\"@type\":\"WebPage\",\"@id\":\"https:\\\/\\\/shop.bantam.ch\\\/fr\\\/produit\\\/installation-sat-auto-megasat-campingman-compact-4-twin-autoskew\\\/\",\"url\":\"https:\\\/\\\/shop.bantam.ch\\\/fr\\\/produit\\\/installation-sat-auto-megasat-campingman-compact-4-twin-autoskew\\\/\",\"name\":\"Installation sat. auto MEGASAT Campingman Compact 4 Twin AutoSkew - Bantam\",\"isPartOf\":{\"@id\":\"https:\\\/\\\/shop.bantam.ch\\\/fr\\\/#website\"},\"primaryImageOfPage\":{\"@id\":\"https:\\\/\\\/shop.bantam.ch\\\/fr\\\/produit\\\/installation-sat-auto-megasat-campingman-compact-4-twin-autoskew\\\/#primaryimage\"},\"image\":{\"@id\":\"https:\\\/\\\/shop.bantam.ch\\\/fr\\\/produit\\\/installation-sat-auto-megasat-campingman-compact-4-twin-autoskew\\\/#primaryimage\"},\"thumbnailUrl\":\"https:\\\/\\\/shop.bantam.ch\\\/wp-content\\\/uploads\\\/2024\\\/09\\\/Movera-L-9963310100.jpg\",\"datePublished\":\"2024-05-15T14:32:51+00:00\",\"dateModified\":\"2026-05-09T21:10:09+00:00\",\"breadcrumb\":{\"@id\":\"https:\\\/\\\/shop.bantam.ch\\\/fr\\\/produit\\\/installation-sat-auto-megasat-campingman-compact-4-twin-autoskew\\\/#breadcrumb\"},\"inLanguage\":\"fr-FR\",\"potentialAction\":[{\"@type\":\"ReadAction\",\"target\":[\"https:\\\/\\\/shop.bantam.ch\\\/fr\\\/produit\\\/installation-sat-auto-megasat-campingman-compact-4-twin-autoskew\\\/\"]}]},{\"@type\":\"ImageObject\",\"inLanguage\":\"fr-FR\",\"@id\":\"https:\\\/\\\/shop.bantam.ch\\\/fr\\\/produit\\\/installation-sat-auto-megasat-campingman-compact-4-twin-autoskew\\\/#primaryimage\",\"url\":\"https:\\\/\\\/shop.bantam.ch\\\/wp-content\\\/uploads\\\/2024\\\/09\\\/Movera-L-9963310100.jpg\",\"contentUrl\":\"https:\\\/\\\/shop.bantam.ch\\\/wp-content\\\/uploads\\\/2024\\\/09\\\/Movera-L-9963310100.jpg\",\"width\":640,\"height\":481},{\"@type\":\"BreadcrumbList\",\"@id\":\"https:\\\/\\\/shop.bantam.ch\\\/fr\\\/produit\\\/installation-sat-auto-megasat-campingman-compact-4-twin-autoskew\\\/#breadcrumb\",\"itemListElement\":[{\"@type\":\"ListItem\",\"position\":1,\"name\":\"Accueil\",\"item\":\"https:\\\/\\\/shop.bantam.ch\\\/fr\\\/\"},{\"@type\":\"ListItem\",\"position\":2,\"name\":\"Boutique\",\"item\":\"https:\\\/\\\/shop.bantam.ch\\\/fr\\\/boutique\\\/\"},{\"@type\":\"ListItem\",\"position\":3,\"name\":\"Installation sat. auto MEGASAT Campingman Compact 4 Twin AutoSkew\"}]},{\"@type\":\"WebSite\",\"@id\":\"https:\\\/\\\/shop.bantam.ch\\\/fr\\\/#website\",\"url\":\"https:\\\/\\\/shop.bantam.ch\\\/fr\\\/\",\"name\":\"Bantam\",\"description\":\"\",\"publisher\":{\"@id\":\"https:\\\/\\\/shop.bantam.ch\\\/fr\\\/#organization\"},\"inLanguage\":\"fr-FR\"},{\"@type\":\"Organization\",\"@id\":\"https:\\\/\\\/shop.bantam.ch\\\/fr\\\/#organization\",\"name\":\"Bantam\",\"url\":\"https:\\\/\\\/shop.bantam.ch\\\/fr\\\/\",\"logo\":{\"@type\":\"ImageObject\",\"inLanguage\":\"fr-FR\",\"@id\":\"https:\\\/\\\/shop.bantam.ch\\\/fr\\\/#\\\/schema\\\/logo\\\/image\\\/\",\"url\":\"https:\\\/\\\/shop.bantam.ch\\\/wp-content\\\/uploads\\\/2022\\\/12\\\/bantam-logo.png\",\"contentUrl\":\"https:\\\/\\\/shop.bantam.ch\\\/wp-content\\\/uploads\\\/2022\\\/12\\\/bantam-logo.png\",\"width\":320,\"height\":71,\"caption\":\"Bantam\"},\"image\":{\"@id\":\"https:\\\/\\\/shop.bantam.ch\\\/fr\\\/#\\\/schema\\\/logo\\\/image\\\/\"}}]}<\/script>\n<!-- \/ Yoast SEO plugin. -->","yoast_head_json":{"title":"Installation sat. auto MEGASAT Campingman Compact 4 Twin AutoSkew - Bantam","robots":{"index":"index","follow":"follow","max-snippet":"max-snippet:-1","max-image-preview":"max-image-preview:large","max-video-preview":"max-video-preview:-1"},"canonical":"https:\/\/shop.bantam.ch\/fr\/produit\/installation-sat-auto-megasat-campingman-compact-4-twin-autoskew\/","og_locale":"fr_FR","og_type":"article","og_title":"Installation sat. auto MEGASAT Campingman Compact 4 Twin AutoSkew - Bantam","og_description":"Le Campingman Kompakt 4 convient pour un montage fixe sur une caravane ou un camping-car et offre d\u00e9sormais un encombrement encore plus r\u00e9duit. Il suffit d&rsquo;appuyer sur un bouton pour que l&rsquo;antenne trouve le satellite choisi en un rien de temps. Meilleure r\u00e9ception dans le sud de l&rsquo;Europe (Croatie, Italie, Espagne, Portugal). Le syst\u00e8me Auto-Skew [&hellip;]","og_url":"https:\/\/shop.bantam.ch\/fr\/produit\/installation-sat-auto-megasat-campingman-compact-4-twin-autoskew\/","og_site_name":"Bantam","article_modified_time":"2026-05-09T21:10:09+00:00","og_image":[{"width":640,"height":481,"url":"https:\/\/shop.bantam.ch\/wp-content\/uploads\/2024\/05\/Movera-L-9963310100.jpg","type":"image\/jpeg"}],"twitter_card":"summary_large_image","twitter_misc":{"Dur\u00e9e de lecture estim\u00e9e":"2 minutes"},"schema":{"@context":"https:\/\/schema.org","@graph":[{"@type":"WebPage","@id":"https:\/\/shop.bantam.ch\/fr\/produit\/installation-sat-auto-megasat-campingman-compact-4-twin-autoskew\/","url":"https:\/\/shop.bantam.ch\/fr\/produit\/installation-sat-auto-megasat-campingman-compact-4-twin-autoskew\/","name":"Installation sat. auto MEGASAT Campingman Compact 4 Twin AutoSkew - Bantam","isPartOf":{"@id":"https:\/\/shop.bantam.ch\/fr\/#website"},"primaryImageOfPage":{"@id":"https:\/\/shop.bantam.ch\/fr\/produit\/installation-sat-auto-megasat-campingman-compact-4-twin-autoskew\/#primaryimage"},"image":{"@id":"https:\/\/shop.bantam.ch\/fr\/produit\/installation-sat-auto-megasat-campingman-compact-4-twin-autoskew\/#primaryimage"},"thumbnailUrl":"https:\/\/shop.bantam.ch\/wp-content\/uploads\/2024\/09\/Movera-L-9963310100.jpg","datePublished":"2024-05-15T14:32:51+00:00","dateModified":"2026-05-09T21:10:09+00:00","breadcrumb":{"@id":"https:\/\/shop.bantam.ch\/fr\/produit\/installation-sat-auto-megasat-campingman-compact-4-twin-autoskew\/#breadcrumb"},"inLanguage":"fr-FR","potentialAction":[{"@type":"ReadAction","target":["https:\/\/shop.bantam.ch\/fr\/produit\/installation-sat-auto-megasat-campingman-compact-4-twin-autoskew\/"]}]},{"@type":"ImageObject","inLanguage":"fr-FR","@id":"https:\/\/shop.bantam.ch\/fr\/produit\/installation-sat-auto-megasat-campingman-compact-4-twin-autoskew\/#primaryimage","url":"https:\/\/shop.bantam.ch\/wp-content\/uploads\/2024\/09\/Movera-L-9963310100.jpg","contentUrl":"https:\/\/shop.bantam.ch\/wp-content\/uploads\/2024\/09\/Movera-L-9963310100.jpg","width":640,"height":481},{"@type":"BreadcrumbList","@id":"https:\/\/shop.bantam.ch\/fr\/produit\/installation-sat-auto-megasat-campingman-compact-4-twin-autoskew\/#breadcrumb","itemListElement":[{"@type":"ListItem","position":1,"name":"Accueil","item":"https:\/\/shop.bantam.ch\/fr\/"},{"@type":"ListItem","position":2,"name":"Boutique","item":"https:\/\/shop.bantam.ch\/fr\/boutique\/"},{"@type":"ListItem","position":3,"name":"Installation sat. auto MEGASAT Campingman Compact 4 Twin AutoSkew"}]},{"@type":"WebSite","@id":"https:\/\/shop.bantam.ch\/fr\/#website","url":"https:\/\/shop.bantam.ch\/fr\/","name":"Bantam","description":"","publisher":{"@id":"https:\/\/shop.bantam.ch\/fr\/#organization"},"inLanguage":"fr-FR"},{"@type":"Organization","@id":"https:\/\/shop.bantam.ch\/fr\/#organization","name":"Bantam","url":"https:\/\/shop.bantam.ch\/fr\/","logo":{"@type":"ImageObject","inLanguage":"fr-FR","@id":"https:\/\/shop.bantam.ch\/fr\/#\/schema\/logo\/image\/","url":"https:\/\/shop.bantam.ch\/wp-content\/uploads\/2022\/12\/bantam-logo.png","contentUrl":"https:\/\/shop.bantam.ch\/wp-content\/uploads\/2022\/12\/bantam-logo.png","width":320,"height":71,"caption":"Bantam"},"image":{"@id":"https:\/\/shop.bantam.ch\/fr\/#\/schema\/logo\/image\/"}}]}},"_links":{"self":[{"href":"https:\/\/shop.bantam.ch\/fr\/wp-json\/wp\/v2\/product\/197813","targetHints":{"allow":["GET"]}}],"collection":[{"href":"https:\/\/shop.bantam.ch\/fr\/wp-json\/wp\/v2\/product"}],"about":[{"href":"https:\/\/shop.bantam.ch\/fr\/wp-json\/wp\/v2\/types\/product"}],"wp:featuredmedia":[{"embeddable":true,"href":"https:\/\/shop.bantam.ch\/fr\/wp-json\/wp\/v2\/media\/207136"}],"wp:attachment":[{"href":"https:\/\/shop.bantam.ch\/fr\/wp-json\/wp\/v2\/media?parent=197813"}],"wp:term":[{"taxonomy":"product_featured_cat","embeddable":true,"href":"https:\/\/shop.bantam.ch\/fr\/wp-json\/wp\/v2\/product_featured_cat?post=197813"},{"taxonomy":"product_brand","embeddable":true,"href":"https:\/\/shop.bantam.ch\/fr\/wp-json\/wp\/v2\/product_brand?post=197813"},{"taxonomy":"product_cat","embeddable":true,"href":"https:\/\/shop.bantam.ch\/fr\/wp-json\/wp\/v2\/product_cat?post=197813"},{"taxonomy":"product_tag","embeddable":true,"href":"https:\/\/shop.bantam.ch\/fr\/wp-json\/wp\/v2\/product_tag?post=197813"}],"curies":[{"name":"wp","href":"https:\/\/api.w.org\/{rel}","templated":true}]}}