{"id":197793,"date":"2024-05-15T16:32:11","date_gmt":"2024-05-15T14:32:11","guid":{"rendered":"https:\/\/shop.bantam.ch\/produit\/camera-de-recul-zenec-x-rvc290-mk2-pour-fiat-ducato-3\/"},"modified":"2026-04-17T23:09:27","modified_gmt":"2026-04-17T21:09:27","slug":"camera-de-recul-zenec-x-rvc290-mk2-pour-fiat-ducato-3","status":"publish","type":"product","link":"https:\/\/shop.bantam.ch\/fr\/produit\/camera-de-recul-zenec-x-rvc290-mk2-pour-fiat-ducato-3\/","title":{"rendered":"Cam\u00e9ra de recul ZENEC X-RVC290-MK2 pour Fiat Ducato 3"},"content":{"rendered":"<p>La cam\u00e9ra de recul X-RVC290-MK2 de XZENT a \u00e9t\u00e9 sp\u00e9cialement con\u00e7ue pour les camping-cars bas\u00e9s sur le ch\u00e2ssis FIAT Ducato III, y compris les autres variantes de ce type de v\u00e9hicule.<br \/>\nPour obtenir la meilleure vue possible derri\u00e8re le camping-car, la X-RVC290-MK2 offre un angle de vision horizontal de 125\u00f8. La particularit\u00e9 de cette cam\u00e9ra est l&rsquo;int\u00e9gration physique de la cam\u00e9ra dans le troisi\u00e8me feu stop des v\u00e9hicules Ducato.<br \/>\nLe X-RVC290-MK2 est compatible avec un grand nombre d&rsquo;autoradios et de syst\u00e8mes de navigation du march\u00e9 de la seconde monte ainsi qu&rsquo;avec les infotainers de la gamme XZENT.<\/p>\n<p>&nbsp;<\/p>\n<p>Principales caract\u00e9ristiques<\/p>\n<ul>\n<li>Cam\u00e9ra de recul avec feux stop haute r\u00e9solution sp\u00e9cifique au v\u00e9hicule pour les v\u00e9hicules FIAT Ducato III et les variantes de type analogues<\/li>\n<p>.<\/p>\n<li>Design du syst\u00e8me qui s&rsquo;int\u00e8gre dans le feu stop original du Ducato (conforme \u00e0 l&rsquo;homologation)<\/li>\n<li>Capteur d&rsquo;image CMOS de haute qualit\u00e9 avec une faible consommation d&rsquo;\u00e9nergie<\/li>\n<p>.<\/p>\n<li>Image d\u00e9taill\u00e9e et contrast\u00e9e, m\u00eame dans des conditions cr\u00e9pusculaires<\/li>\n<p>.<\/p>\n<li>Bo\u00eetier en plastique avec boulons de fixation et vis en acier inoxydable<\/li>\n<p>.<\/p>\n<li>C\u00e2ble syst\u00e8me s\u00e9parable de 0,30 m + 11 m de longueur<\/li>\n<p>.\n<\/ul>\n<p>&nbsp;<\/p>\n<p>SP\u00c9CIFICATIONS TECHNIQUES<\/p>\n<ul>\n<li>Syst\u00e8me de cam\u00e9ra Capteur CMOS PC4089 0,33 pouces \/ 8,38 mm<\/li>\n<li>Longueur focale de l&rsquo;objectif f2<\/li>\n<li>Syst\u00e8me TV NTSC \/ 60 fps<\/li>\n<li>Angle de vue 160\u00f8 (D) \/ 125\u00f8 (H) \/ 100\u00f8 (V)<\/li>\n<li>R\u00e9solution native du capteur 728 x 488 pixels (pixels SOC natifs 756 x 504 H x V)<\/li>\n<li>R\u00e9solution du signal de sortie &amp;gt ; 550 lignes TV<\/li>\n<li>Taux de rafra\u00eechissement 60 champs\/sec<\/li>\n<p>.<\/p>\n<li>Rapport signal\/bruit &amp;gt ; 46,5 dB<\/li>\n<li>Sensibilit\u00e9 \u00e0 la lumi\u00e8re 0,5 Lux\/IR On<\/li>\n<li>Sortie vid\u00e9o 1,0 Vp &#8211; p (+\/- 0,2 V), 75 Ohm, CVBS Cinch<\/li>\n<li>Calibrage des blancs automatique<\/li>\n<li>Compensation d&rsquo;exposition automatique<\/li>\n<li>Plage dynamique 60,7 dB<\/li>\n<li>Compensation de la luminosit\u00e9 automatique<\/li>\n<li>Synchronisation automatique<\/li>\n<li>Alimentation \u00e9lectrique DC12V (9-16 V DC)<\/li>\n<li>Consommation de courant 40 mA +\/- 10 mA (@ DC12V) \/ 480 mW<\/li>\n<li>Classe de protection IP68<\/li>\n<li>Temp\u00e9rature de fonctionnement -20\u00f8 \u00e0 +70\u00f8 C<\/li>\n<\/ul>\n","protected":false},"excerpt":{"rendered":"<p>La cam\u00e9ra de recul X-RVC290-MK2 de XZENT a \u00e9t\u00e9 sp\u00e9cialement con\u00e7ue pour les camping-cars bas\u00e9s sur le ch\u00e2ssis FIAT Ducato III, y compris les autres variantes de ce type de v\u00e9hicule. Pour obtenir la meilleure vue possible derri\u00e8re le camping-car, la X-RVC290-MK2 offre un angle de vision horizontal de 125\u00f8. La particularit\u00e9 de cette cam\u00e9ra [&hellip;]<\/p>\n","protected":false},"featured_media":207134,"template":"","meta":{"_acf_changed":false},"product_featured_cat":[],"product_brand":[3212],"product_cat":[5001],"product_tag":[],"class_list":{"0":"post-197793","1":"product","2":"type-product","3":"status-publish","4":"has-post-thumbnail","6":"product_brand-zenec","7":"product_cat-cameras","9":"first","10":"instock","11":"taxable","12":"shipping-taxable","13":"purchasable","14":"product-type-simple"},"acf":[],"yoast_head":"<!-- This site is optimized with the Yoast SEO plugin v27.4 - https:\/\/yoast.com\/product\/yoast-seo-wordpress\/ -->\n<title>Cam\u00e9ra de recul ZENEC X-RVC290-MK2 pour Fiat Ducato 3 - Bantam Wankm\u00fcller SA<\/title>\n<meta name=\"robots\" content=\"index, follow, max-snippet:-1, max-image-preview:large, max-video-preview:-1\" \/>\n<link rel=\"canonical\" href=\"https:\/\/shop.bantam.ch\/fr\/produit\/camera-de-recul-zenec-x-rvc290-mk2-pour-fiat-ducato-3\/\" \/>\n<meta property=\"og:locale\" content=\"fr_FR\" \/>\n<meta property=\"og:type\" content=\"article\" \/>\n<meta property=\"og:title\" content=\"Cam\u00e9ra de recul ZENEC X-RVC290-MK2 pour Fiat Ducato 3 - Bantam Wankm\u00fcller SA\" \/>\n<meta property=\"og:description\" content=\"La cam\u00e9ra de recul X-RVC290-MK2 de XZENT a \u00e9t\u00e9 sp\u00e9cialement con\u00e7ue pour les camping-cars bas\u00e9s sur le ch\u00e2ssis FIAT Ducato III, y compris les autres variantes de ce type de v\u00e9hicule. Pour obtenir la meilleure vue possible derri\u00e8re le camping-car, la X-RVC290-MK2 offre un angle de vision horizontal de 125\u00f8. La particularit\u00e9 de cette cam\u00e9ra [&hellip;]\" \/>\n<meta property=\"og:url\" content=\"https:\/\/shop.bantam.ch\/fr\/produit\/camera-de-recul-zenec-x-rvc290-mk2-pour-fiat-ducato-3\/\" \/>\n<meta property=\"og:site_name\" content=\"Bantam Wankm\u00fcller SA\" \/>\n<meta property=\"article:modified_time\" content=\"2026-04-17T21:09:27+00:00\" \/>\n<meta property=\"og:image\" content=\"https:\/\/shop.bantam.ch\/wp-content\/uploads\/2024\/05\/Movera-L-9963326100.jpg\" \/>\n\t<meta property=\"og:image:width\" content=\"640\" \/>\n\t<meta property=\"og:image:height\" content=\"269\" \/>\n\t<meta property=\"og:image:type\" content=\"image\/jpeg\" \/>\n<meta name=\"twitter:card\" content=\"summary_large_image\" \/>\n<meta name=\"twitter:label1\" content=\"Dur\u00e9e de lecture estim\u00e9e\" \/>\n\t<meta name=\"twitter:data1\" content=\"2 minutes\" \/>\n<script type=\"application\/ld+json\" class=\"yoast-schema-graph\">{\"@context\":\"https:\\\/\\\/schema.org\",\"@graph\":[{\"@type\":\"WebPage\",\"@id\":\"https:\\\/\\\/shop.bantam.ch\\\/fr\\\/produit\\\/camera-de-recul-zenec-x-rvc290-mk2-pour-fiat-ducato-3\\\/\",\"url\":\"https:\\\/\\\/shop.bantam.ch\\\/fr\\\/produit\\\/camera-de-recul-zenec-x-rvc290-mk2-pour-fiat-ducato-3\\\/\",\"name\":\"Cam\u00e9ra de recul ZENEC X-RVC290-MK2 pour Fiat Ducato 3 - Bantam Wankm\u00fcller SA\",\"isPartOf\":{\"@id\":\"https:\\\/\\\/shop.bantam.ch\\\/fr\\\/#website\"},\"primaryImageOfPage\":{\"@id\":\"https:\\\/\\\/shop.bantam.ch\\\/fr\\\/produit\\\/camera-de-recul-zenec-x-rvc290-mk2-pour-fiat-ducato-3\\\/#primaryimage\"},\"image\":{\"@id\":\"https:\\\/\\\/shop.bantam.ch\\\/fr\\\/produit\\\/camera-de-recul-zenec-x-rvc290-mk2-pour-fiat-ducato-3\\\/#primaryimage\"},\"thumbnailUrl\":\"https:\\\/\\\/shop.bantam.ch\\\/wp-content\\\/uploads\\\/2024\\\/09\\\/Movera-L-9963326100.jpg\",\"datePublished\":\"2024-05-15T14:32:11+00:00\",\"dateModified\":\"2026-04-17T21:09:27+00:00\",\"breadcrumb\":{\"@id\":\"https:\\\/\\\/shop.bantam.ch\\\/fr\\\/produit\\\/camera-de-recul-zenec-x-rvc290-mk2-pour-fiat-ducato-3\\\/#breadcrumb\"},\"inLanguage\":\"fr-FR\",\"potentialAction\":[{\"@type\":\"ReadAction\",\"target\":[\"https:\\\/\\\/shop.bantam.ch\\\/fr\\\/produit\\\/camera-de-recul-zenec-x-rvc290-mk2-pour-fiat-ducato-3\\\/\"]}]},{\"@type\":\"ImageObject\",\"inLanguage\":\"fr-FR\",\"@id\":\"https:\\\/\\\/shop.bantam.ch\\\/fr\\\/produit\\\/camera-de-recul-zenec-x-rvc290-mk2-pour-fiat-ducato-3\\\/#primaryimage\",\"url\":\"https:\\\/\\\/shop.bantam.ch\\\/wp-content\\\/uploads\\\/2024\\\/09\\\/Movera-L-9963326100.jpg\",\"contentUrl\":\"https:\\\/\\\/shop.bantam.ch\\\/wp-content\\\/uploads\\\/2024\\\/09\\\/Movera-L-9963326100.jpg\",\"width\":640,\"height\":269},{\"@type\":\"BreadcrumbList\",\"@id\":\"https:\\\/\\\/shop.bantam.ch\\\/fr\\\/produit\\\/camera-de-recul-zenec-x-rvc290-mk2-pour-fiat-ducato-3\\\/#breadcrumb\",\"itemListElement\":[{\"@type\":\"ListItem\",\"position\":1,\"name\":\"Accueil\",\"item\":\"https:\\\/\\\/shop.bantam.ch\\\/fr\\\/\"},{\"@type\":\"ListItem\",\"position\":2,\"name\":\"Boutique\",\"item\":\"https:\\\/\\\/shop.bantam.ch\\\/fr\\\/boutique\\\/\"},{\"@type\":\"ListItem\",\"position\":3,\"name\":\"Cam\u00e9ra de recul ZENEC X-RVC290-MK2 pour Fiat Ducato 3\"}]},{\"@type\":\"WebSite\",\"@id\":\"https:\\\/\\\/shop.bantam.ch\\\/fr\\\/#website\",\"url\":\"https:\\\/\\\/shop.bantam.ch\\\/fr\\\/\",\"name\":\"Bantam Wankm\u00fcller SA\",\"description\":\"\",\"publisher\":{\"@id\":\"https:\\\/\\\/shop.bantam.ch\\\/fr\\\/#organization\"},\"inLanguage\":\"fr-FR\"},{\"@type\":\"Organization\",\"@id\":\"https:\\\/\\\/shop.bantam.ch\\\/fr\\\/#organization\",\"name\":\"Bantam Wankm\u00fcller SA\",\"url\":\"https:\\\/\\\/shop.bantam.ch\\\/fr\\\/\",\"logo\":{\"@type\":\"ImageObject\",\"inLanguage\":\"fr-FR\",\"@id\":\"https:\\\/\\\/shop.bantam.ch\\\/fr\\\/#\\\/schema\\\/logo\\\/image\\\/\",\"url\":\"https:\\\/\\\/shop.bantam.ch\\\/wp-content\\\/uploads\\\/2022\\\/12\\\/bantam-logo.png\",\"contentUrl\":\"https:\\\/\\\/shop.bantam.ch\\\/wp-content\\\/uploads\\\/2022\\\/12\\\/bantam-logo.png\",\"width\":320,\"height\":71,\"caption\":\"Bantam Wankm\u00fcller SA\"},\"image\":{\"@id\":\"https:\\\/\\\/shop.bantam.ch\\\/fr\\\/#\\\/schema\\\/logo\\\/image\\\/\"}}]}<\/script>\n<!-- \/ Yoast SEO plugin. -->","yoast_head_json":{"title":"Cam\u00e9ra de recul ZENEC X-RVC290-MK2 pour Fiat Ducato 3 - Bantam Wankm\u00fcller SA","robots":{"index":"index","follow":"follow","max-snippet":"max-snippet:-1","max-image-preview":"max-image-preview:large","max-video-preview":"max-video-preview:-1"},"canonical":"https:\/\/shop.bantam.ch\/fr\/produit\/camera-de-recul-zenec-x-rvc290-mk2-pour-fiat-ducato-3\/","og_locale":"fr_FR","og_type":"article","og_title":"Cam\u00e9ra de recul ZENEC X-RVC290-MK2 pour Fiat Ducato 3 - Bantam Wankm\u00fcller SA","og_description":"La cam\u00e9ra de recul X-RVC290-MK2 de XZENT a \u00e9t\u00e9 sp\u00e9cialement con\u00e7ue pour les camping-cars bas\u00e9s sur le ch\u00e2ssis FIAT Ducato III, y compris les autres variantes de ce type de v\u00e9hicule. Pour obtenir la meilleure vue possible derri\u00e8re le camping-car, la X-RVC290-MK2 offre un angle de vision horizontal de 125\u00f8. La particularit\u00e9 de cette cam\u00e9ra [&hellip;]","og_url":"https:\/\/shop.bantam.ch\/fr\/produit\/camera-de-recul-zenec-x-rvc290-mk2-pour-fiat-ducato-3\/","og_site_name":"Bantam Wankm\u00fcller SA","article_modified_time":"2026-04-17T21:09:27+00:00","og_image":[{"width":640,"height":269,"url":"https:\/\/shop.bantam.ch\/wp-content\/uploads\/2024\/05\/Movera-L-9963326100.jpg","type":"image\/jpeg"}],"twitter_card":"summary_large_image","twitter_misc":{"Dur\u00e9e de lecture estim\u00e9e":"2 minutes"},"schema":{"@context":"https:\/\/schema.org","@graph":[{"@type":"WebPage","@id":"https:\/\/shop.bantam.ch\/fr\/produit\/camera-de-recul-zenec-x-rvc290-mk2-pour-fiat-ducato-3\/","url":"https:\/\/shop.bantam.ch\/fr\/produit\/camera-de-recul-zenec-x-rvc290-mk2-pour-fiat-ducato-3\/","name":"Cam\u00e9ra de recul ZENEC X-RVC290-MK2 pour Fiat Ducato 3 - Bantam Wankm\u00fcller SA","isPartOf":{"@id":"https:\/\/shop.bantam.ch\/fr\/#website"},"primaryImageOfPage":{"@id":"https:\/\/shop.bantam.ch\/fr\/produit\/camera-de-recul-zenec-x-rvc290-mk2-pour-fiat-ducato-3\/#primaryimage"},"image":{"@id":"https:\/\/shop.bantam.ch\/fr\/produit\/camera-de-recul-zenec-x-rvc290-mk2-pour-fiat-ducato-3\/#primaryimage"},"thumbnailUrl":"https:\/\/shop.bantam.ch\/wp-content\/uploads\/2024\/09\/Movera-L-9963326100.jpg","datePublished":"2024-05-15T14:32:11+00:00","dateModified":"2026-04-17T21:09:27+00:00","breadcrumb":{"@id":"https:\/\/shop.bantam.ch\/fr\/produit\/camera-de-recul-zenec-x-rvc290-mk2-pour-fiat-ducato-3\/#breadcrumb"},"inLanguage":"fr-FR","potentialAction":[{"@type":"ReadAction","target":["https:\/\/shop.bantam.ch\/fr\/produit\/camera-de-recul-zenec-x-rvc290-mk2-pour-fiat-ducato-3\/"]}]},{"@type":"ImageObject","inLanguage":"fr-FR","@id":"https:\/\/shop.bantam.ch\/fr\/produit\/camera-de-recul-zenec-x-rvc290-mk2-pour-fiat-ducato-3\/#primaryimage","url":"https:\/\/shop.bantam.ch\/wp-content\/uploads\/2024\/09\/Movera-L-9963326100.jpg","contentUrl":"https:\/\/shop.bantam.ch\/wp-content\/uploads\/2024\/09\/Movera-L-9963326100.jpg","width":640,"height":269},{"@type":"BreadcrumbList","@id":"https:\/\/shop.bantam.ch\/fr\/produit\/camera-de-recul-zenec-x-rvc290-mk2-pour-fiat-ducato-3\/#breadcrumb","itemListElement":[{"@type":"ListItem","position":1,"name":"Accueil","item":"https:\/\/shop.bantam.ch\/fr\/"},{"@type":"ListItem","position":2,"name":"Boutique","item":"https:\/\/shop.bantam.ch\/fr\/boutique\/"},{"@type":"ListItem","position":3,"name":"Cam\u00e9ra de recul ZENEC X-RVC290-MK2 pour Fiat Ducato 3"}]},{"@type":"WebSite","@id":"https:\/\/shop.bantam.ch\/fr\/#website","url":"https:\/\/shop.bantam.ch\/fr\/","name":"Bantam Wankm\u00fcller SA","description":"","publisher":{"@id":"https:\/\/shop.bantam.ch\/fr\/#organization"},"inLanguage":"fr-FR"},{"@type":"Organization","@id":"https:\/\/shop.bantam.ch\/fr\/#organization","name":"Bantam Wankm\u00fcller SA","url":"https:\/\/shop.bantam.ch\/fr\/","logo":{"@type":"ImageObject","inLanguage":"fr-FR","@id":"https:\/\/shop.bantam.ch\/fr\/#\/schema\/logo\/image\/","url":"https:\/\/shop.bantam.ch\/wp-content\/uploads\/2022\/12\/bantam-logo.png","contentUrl":"https:\/\/shop.bantam.ch\/wp-content\/uploads\/2022\/12\/bantam-logo.png","width":320,"height":71,"caption":"Bantam Wankm\u00fcller SA"},"image":{"@id":"https:\/\/shop.bantam.ch\/fr\/#\/schema\/logo\/image\/"}}]}},"_links":{"self":[{"href":"https:\/\/shop.bantam.ch\/fr\/wp-json\/wp\/v2\/product\/197793","targetHints":{"allow":["GET"]}}],"collection":[{"href":"https:\/\/shop.bantam.ch\/fr\/wp-json\/wp\/v2\/product"}],"about":[{"href":"https:\/\/shop.bantam.ch\/fr\/wp-json\/wp\/v2\/types\/product"}],"wp:featuredmedia":[{"embeddable":true,"href":"https:\/\/shop.bantam.ch\/fr\/wp-json\/wp\/v2\/media\/207134"}],"wp:attachment":[{"href":"https:\/\/shop.bantam.ch\/fr\/wp-json\/wp\/v2\/media?parent=197793"}],"wp:term":[{"taxonomy":"product_featured_cat","embeddable":true,"href":"https:\/\/shop.bantam.ch\/fr\/wp-json\/wp\/v2\/product_featured_cat?post=197793"},{"taxonomy":"product_brand","embeddable":true,"href":"https:\/\/shop.bantam.ch\/fr\/wp-json\/wp\/v2\/product_brand?post=197793"},{"taxonomy":"product_cat","embeddable":true,"href":"https:\/\/shop.bantam.ch\/fr\/wp-json\/wp\/v2\/product_cat?post=197793"},{"taxonomy":"product_tag","embeddable":true,"href":"https:\/\/shop.bantam.ch\/fr\/wp-json\/wp\/v2\/product_tag?post=197793"}],"curies":[{"name":"wp","href":"https:\/\/api.w.org\/{rel}","templated":true}]}}