{"id":197785,"date":"2024-05-15T16:31:58","date_gmt":"2024-05-15T14:31:58","guid":{"rendered":"https:\/\/shop.bantam.ch\/produit\/camera-de-recul-zenec-ze-rvc82mt\/"},"modified":"2026-04-18T23:12:34","modified_gmt":"2026-04-18T21:12:34","slug":"camera-de-recul-zenec-ze-rvc82mt","status":"publish","type":"product","link":"https:\/\/shop.bantam.ch\/fr\/produit\/camera-de-recul-zenec-ze-rvc82mt\/","title":{"rendered":"Cam\u00e9ra de recul ZENEC ZE-RVC82MT"},"content":{"rendered":"<p>ZENEC ZE-RVC82MT &#8211; cam\u00e9ra de recul compacte, aide au stationnement universelle pour les voitures et les camping-cars, t\u00eate de cam\u00e9ra pivotante, angle de vision 170\u00f8<br \/>\nLa cam\u00e9ra de recul ZE-RVC82MT de ZENEC est con\u00e7ue pour une utilisation universelle dans les voitures, les camping-cars ou les fourgonnettes de camping. La cam\u00e9ra est tr\u00e8s compacte, facile \u00e0 installer et compatible avec tous les moniteurs de cam\u00e9ra de recul, les infotainers 1-DIN et 2-DIN, ou les syst\u00e8mes multim\u00e9dias et de navigation qui disposent d&rsquo;une entr\u00e9e de cam\u00e9ra CVBS (Cinch).<br \/>\nLa cam\u00e9ra universelle de ZENEC utilise un capteur SONY de technologie CMOS, qui est tr\u00e8s sensible \u00e0 la lumi\u00e8re et dispose de valeurs de bruit tr\u00e8s faibles et d&rsquo;une large plage de temp\u00e9ratures de fonctionnement. La haute r\u00e9solution &#8211; 1305 x 977 pixels &#8211; et une grande sensibilit\u00e9 \u00e0 la lumi\u00e8re de 0,3 lux garantissent une image optimale m\u00eame dans des conditions d&rsquo;\u00e9clairage difficiles ou dans l&rsquo;obscurit\u00e9.<br \/>\nLe capteur d&rsquo;image peut pivoter verticalement (70\u00f8 vers le haut et vers le bas) dans le bo\u00eetier en aluminium moul\u00e9 sous pression certifi\u00e9 IP69K. Le champ de vision peut donc \u00eatre adapt\u00e9 de mani\u00e8re optimale aux diff\u00e9rents mod\u00e8les de v\u00e9hicules et aux besoins individuels des conducteurs. Le grand angle de vision diagonal de 170\u00f8 permet d&rsquo;avoir une bonne vue d&rsquo;ensemble de la zone situ\u00e9e derri\u00e8re le v\u00e9hicule, ce qui permet de reculer et de man\u0153uvrer en toute s\u00e9curit\u00e9.<br \/>\nLog\u00e9e dans un mini-bo\u00eetier, l&rsquo;aide \u00e0 la man\u0153uvre flexible peut \u00eatre mont\u00e9e discr\u00e8tement sur le hayon arri\u00e8re, sur le support de plaque d&rsquo;immatriculation ou sous le pare-chocs &#8211; selon le mod\u00e8le de v\u00e9hicule et le r\u00e9sultat souhait\u00e9. Le c\u00e2ble principal du syst\u00e8me ZE-RVC82MT, long de 10 m, est \u00e9quip\u00e9 de connecteurs mini 4 broches afin de r\u00e9duire au maximum le trou de passage du c\u00e2ble.<\/p>\n<p>&nbsp;<\/p>\n<p>Caract\u00e9ristiques :<\/p>\n<p>Cam\u00e9ra de recul universelle compacte \u00e0 haute r\u00e9solution<br \/>\nBo\u00eetier de cam\u00e9ra robuste en aluminium moul\u00e9 sous pression<br \/>\nCapteur Cam avec angle de vision diagonal de 170\u00f8 pour une large zone de surveillance derri\u00e8re le v\u00e9hicule<br \/>\nAjustement vertical de l&rsquo;image par rouleau de capteur rotatif, 0\u00f8 \u00e0 70\u00f8 vers le haut \/ 0\u00f8 \u00e0 70\u00f8 vers le bas<br \/>\nCapteur CMOS ultrasensible avec sensibilit\u00e9 \u00e0 la lumi\u00e8re de 0,3 lux pour une bonne vision nocturne<br \/>\nC\u00e2ble syst\u00e8me divisible de 10 m avec connecteurs mini 4-PIN<br \/>\nPer\u00e7age n\u00e9cessaire pour le passage du c\u00e2ble : 6,1 mm, fixation simple par vis \u00e0 filetage creux M6<br \/>\nCertifi\u00e9 IP69K<\/p>\n<p>\nSp\u00e9cifications techniques :<\/p>\n<p>Syst\u00e8me de cam\u00e9ra : capteur CMOS SONY IMX225LQR 6.09 mm<br \/>\nDistance focale de la lentille : f 1.8 &#8211; Syst\u00e8me TV : NTSC \/ 30 fps<br \/>\nAngle de vision : 170\u00f8 (D) x 135\u00f8 (H) x 90\u00f8 (V)<br \/>\nR\u00e9solution native du capteur : 1305 (H) x 977 (V) pixels<br \/>\nR\u00e9solution du signal de sortie : &gt; 420 lignes TV<br \/>\nRapport signal\/bruit : &gt; 48 dB<br \/>\nSensibilit\u00e9 \u00e0 la lumi\u00e8re : 0,3 lux<br \/>\nSortie vid\u00e9o : 1.0 Vp-p, 75 Ohm CVBS<br \/>\nCorrection gamma : 0,45<br \/>\nBalance des blancs, compensation d&rsquo;exposition, compensation de luminosit\u00e9, synchronisation : automatique<br \/>\nAlimentation \u00e9lectrique : DC 6 &#8211; 24 V<br \/>\nConsommation \u00e9lectrique : 70 mA @12 V DC, ? 480 mW<br \/>\nClasse de protection : IP69K<br \/>\nTemp\u00e9rature de fonctionnement : -30\u00f8 C \u00e0 env. +75\u00f8C, RH 95% max.<br \/>\nDimensions (H x L x P) : 44 x 23 x 29 mm<\/p>\n<p>\nContenu de la livraison :<\/p>\n<p>Cam\u00e9ra incluse<\/p>\n<p>C\u00e2ble d&rsquo;extension principal (10 m)<\/p>\n<p>Embout de c\u00e2ble pour les connexions c\u00f4t\u00e9 HU (0,7 m)<\/p>\n<p>Vis \u00e0 filetage creux M6<\/p>\n<p>Accessoires de montage<\/p>\n<p>Instructions de montage<\/p>\n","protected":false},"excerpt":{"rendered":"<p>ZENEC ZE-RVC82MT &#8211; cam\u00e9ra de recul compacte, aide au stationnement universelle pour les voitures et les camping-cars, t\u00eate de cam\u00e9ra pivotante, angle de vision 170\u00f8 La cam\u00e9ra de recul ZE-RVC82MT de ZENEC est con\u00e7ue pour une utilisation universelle dans les voitures, les camping-cars ou les fourgonnettes de camping. La cam\u00e9ra est tr\u00e8s compacte, facile \u00e0 [&hellip;]<\/p>\n","protected":false},"featured_media":207130,"template":"","meta":{"_acf_changed":false},"product_featured_cat":[],"product_brand":[3212],"product_cat":[5001],"product_tag":[],"class_list":{"0":"post-197785","1":"product","2":"type-product","3":"status-publish","4":"has-post-thumbnail","6":"product_brand-zenec","7":"product_cat-cameras","9":"first","10":"instock","11":"taxable","12":"shipping-taxable","13":"purchasable","14":"product-type-simple"},"acf":[],"yoast_head":"<!-- This site is optimized with the Yoast SEO plugin v27.4 - https:\/\/yoast.com\/product\/yoast-seo-wordpress\/ -->\n<title>Cam\u00e9ra de recul ZENEC ZE-RVC82MT - Bantam Wankm\u00fcller SA<\/title>\n<meta name=\"robots\" content=\"index, follow, max-snippet:-1, max-image-preview:large, max-video-preview:-1\" \/>\n<link rel=\"canonical\" href=\"https:\/\/shop.bantam.ch\/fr\/produit\/camera-de-recul-zenec-ze-rvc82mt\/\" \/>\n<meta property=\"og:locale\" content=\"fr_FR\" \/>\n<meta property=\"og:type\" content=\"article\" \/>\n<meta property=\"og:title\" content=\"Cam\u00e9ra de recul ZENEC ZE-RVC82MT - Bantam Wankm\u00fcller SA\" \/>\n<meta property=\"og:description\" content=\"ZENEC ZE-RVC82MT &#8211; cam\u00e9ra de recul compacte, aide au stationnement universelle pour les voitures et les camping-cars, t\u00eate de cam\u00e9ra pivotante, angle de vision 170\u00f8 La cam\u00e9ra de recul ZE-RVC82MT de ZENEC est con\u00e7ue pour une utilisation universelle dans les voitures, les camping-cars ou les fourgonnettes de camping. La cam\u00e9ra est tr\u00e8s compacte, facile \u00e0 [&hellip;]\" \/>\n<meta property=\"og:url\" content=\"https:\/\/shop.bantam.ch\/fr\/produit\/camera-de-recul-zenec-ze-rvc82mt\/\" \/>\n<meta property=\"og:site_name\" content=\"Bantam Wankm\u00fcller SA\" \/>\n<meta property=\"article:modified_time\" content=\"2026-04-18T21:12:34+00:00\" \/>\n<meta property=\"og:image\" content=\"https:\/\/shop.bantam.ch\/wp-content\/uploads\/2024\/05\/Movera-L-9963324100.jpg\" \/>\n\t<meta property=\"og:image:width\" content=\"640\" \/>\n\t<meta property=\"og:image:height\" content=\"473\" \/>\n\t<meta property=\"og:image:type\" content=\"image\/jpeg\" \/>\n<meta name=\"twitter:card\" content=\"summary_large_image\" \/>\n<meta name=\"twitter:label1\" content=\"Dur\u00e9e de lecture estim\u00e9e\" \/>\n\t<meta name=\"twitter:data1\" content=\"3 minutes\" \/>\n<script type=\"application\/ld+json\" class=\"yoast-schema-graph\">{\"@context\":\"https:\\\/\\\/schema.org\",\"@graph\":[{\"@type\":\"WebPage\",\"@id\":\"https:\\\/\\\/shop.bantam.ch\\\/fr\\\/produit\\\/camera-de-recul-zenec-ze-rvc82mt\\\/\",\"url\":\"https:\\\/\\\/shop.bantam.ch\\\/fr\\\/produit\\\/camera-de-recul-zenec-ze-rvc82mt\\\/\",\"name\":\"Cam\u00e9ra de recul ZENEC ZE-RVC82MT - Bantam Wankm\u00fcller SA\",\"isPartOf\":{\"@id\":\"https:\\\/\\\/shop.bantam.ch\\\/fr\\\/#website\"},\"primaryImageOfPage\":{\"@id\":\"https:\\\/\\\/shop.bantam.ch\\\/fr\\\/produit\\\/camera-de-recul-zenec-ze-rvc82mt\\\/#primaryimage\"},\"image\":{\"@id\":\"https:\\\/\\\/shop.bantam.ch\\\/fr\\\/produit\\\/camera-de-recul-zenec-ze-rvc82mt\\\/#primaryimage\"},\"thumbnailUrl\":\"https:\\\/\\\/shop.bantam.ch\\\/wp-content\\\/uploads\\\/2024\\\/09\\\/Movera-L-9963324100.jpg\",\"datePublished\":\"2024-05-15T14:31:58+00:00\",\"dateModified\":\"2026-04-18T21:12:34+00:00\",\"breadcrumb\":{\"@id\":\"https:\\\/\\\/shop.bantam.ch\\\/fr\\\/produit\\\/camera-de-recul-zenec-ze-rvc82mt\\\/#breadcrumb\"},\"inLanguage\":\"fr-FR\",\"potentialAction\":[{\"@type\":\"ReadAction\",\"target\":[\"https:\\\/\\\/shop.bantam.ch\\\/fr\\\/produit\\\/camera-de-recul-zenec-ze-rvc82mt\\\/\"]}]},{\"@type\":\"ImageObject\",\"inLanguage\":\"fr-FR\",\"@id\":\"https:\\\/\\\/shop.bantam.ch\\\/fr\\\/produit\\\/camera-de-recul-zenec-ze-rvc82mt\\\/#primaryimage\",\"url\":\"https:\\\/\\\/shop.bantam.ch\\\/wp-content\\\/uploads\\\/2024\\\/09\\\/Movera-L-9963324100.jpg\",\"contentUrl\":\"https:\\\/\\\/shop.bantam.ch\\\/wp-content\\\/uploads\\\/2024\\\/09\\\/Movera-L-9963324100.jpg\",\"width\":640,\"height\":473},{\"@type\":\"BreadcrumbList\",\"@id\":\"https:\\\/\\\/shop.bantam.ch\\\/fr\\\/produit\\\/camera-de-recul-zenec-ze-rvc82mt\\\/#breadcrumb\",\"itemListElement\":[{\"@type\":\"ListItem\",\"position\":1,\"name\":\"Accueil\",\"item\":\"https:\\\/\\\/shop.bantam.ch\\\/fr\\\/\"},{\"@type\":\"ListItem\",\"position\":2,\"name\":\"Boutique\",\"item\":\"https:\\\/\\\/shop.bantam.ch\\\/fr\\\/boutique\\\/\"},{\"@type\":\"ListItem\",\"position\":3,\"name\":\"Cam\u00e9ra de recul ZENEC ZE-RVC82MT\"}]},{\"@type\":\"WebSite\",\"@id\":\"https:\\\/\\\/shop.bantam.ch\\\/fr\\\/#website\",\"url\":\"https:\\\/\\\/shop.bantam.ch\\\/fr\\\/\",\"name\":\"Bantam Wankm\u00fcller SA\",\"description\":\"\",\"publisher\":{\"@id\":\"https:\\\/\\\/shop.bantam.ch\\\/fr\\\/#organization\"},\"inLanguage\":\"fr-FR\"},{\"@type\":\"Organization\",\"@id\":\"https:\\\/\\\/shop.bantam.ch\\\/fr\\\/#organization\",\"name\":\"Bantam Wankm\u00fcller SA\",\"url\":\"https:\\\/\\\/shop.bantam.ch\\\/fr\\\/\",\"logo\":{\"@type\":\"ImageObject\",\"inLanguage\":\"fr-FR\",\"@id\":\"https:\\\/\\\/shop.bantam.ch\\\/fr\\\/#\\\/schema\\\/logo\\\/image\\\/\",\"url\":\"https:\\\/\\\/shop.bantam.ch\\\/wp-content\\\/uploads\\\/2022\\\/12\\\/bantam-logo.png\",\"contentUrl\":\"https:\\\/\\\/shop.bantam.ch\\\/wp-content\\\/uploads\\\/2022\\\/12\\\/bantam-logo.png\",\"width\":320,\"height\":71,\"caption\":\"Bantam Wankm\u00fcller SA\"},\"image\":{\"@id\":\"https:\\\/\\\/shop.bantam.ch\\\/fr\\\/#\\\/schema\\\/logo\\\/image\\\/\"}}]}<\/script>\n<!-- \/ Yoast SEO plugin. -->","yoast_head_json":{"title":"Cam\u00e9ra de recul ZENEC ZE-RVC82MT - Bantam Wankm\u00fcller SA","robots":{"index":"index","follow":"follow","max-snippet":"max-snippet:-1","max-image-preview":"max-image-preview:large","max-video-preview":"max-video-preview:-1"},"canonical":"https:\/\/shop.bantam.ch\/fr\/produit\/camera-de-recul-zenec-ze-rvc82mt\/","og_locale":"fr_FR","og_type":"article","og_title":"Cam\u00e9ra de recul ZENEC ZE-RVC82MT - Bantam Wankm\u00fcller SA","og_description":"ZENEC ZE-RVC82MT &#8211; cam\u00e9ra de recul compacte, aide au stationnement universelle pour les voitures et les camping-cars, t\u00eate de cam\u00e9ra pivotante, angle de vision 170\u00f8 La cam\u00e9ra de recul ZE-RVC82MT de ZENEC est con\u00e7ue pour une utilisation universelle dans les voitures, les camping-cars ou les fourgonnettes de camping. La cam\u00e9ra est tr\u00e8s compacte, facile \u00e0 [&hellip;]","og_url":"https:\/\/shop.bantam.ch\/fr\/produit\/camera-de-recul-zenec-ze-rvc82mt\/","og_site_name":"Bantam Wankm\u00fcller SA","article_modified_time":"2026-04-18T21:12:34+00:00","og_image":[{"width":640,"height":473,"url":"https:\/\/shop.bantam.ch\/wp-content\/uploads\/2024\/05\/Movera-L-9963324100.jpg","type":"image\/jpeg"}],"twitter_card":"summary_large_image","twitter_misc":{"Dur\u00e9e de lecture estim\u00e9e":"3 minutes"},"schema":{"@context":"https:\/\/schema.org","@graph":[{"@type":"WebPage","@id":"https:\/\/shop.bantam.ch\/fr\/produit\/camera-de-recul-zenec-ze-rvc82mt\/","url":"https:\/\/shop.bantam.ch\/fr\/produit\/camera-de-recul-zenec-ze-rvc82mt\/","name":"Cam\u00e9ra de recul ZENEC ZE-RVC82MT - Bantam Wankm\u00fcller SA","isPartOf":{"@id":"https:\/\/shop.bantam.ch\/fr\/#website"},"primaryImageOfPage":{"@id":"https:\/\/shop.bantam.ch\/fr\/produit\/camera-de-recul-zenec-ze-rvc82mt\/#primaryimage"},"image":{"@id":"https:\/\/shop.bantam.ch\/fr\/produit\/camera-de-recul-zenec-ze-rvc82mt\/#primaryimage"},"thumbnailUrl":"https:\/\/shop.bantam.ch\/wp-content\/uploads\/2024\/09\/Movera-L-9963324100.jpg","datePublished":"2024-05-15T14:31:58+00:00","dateModified":"2026-04-18T21:12:34+00:00","breadcrumb":{"@id":"https:\/\/shop.bantam.ch\/fr\/produit\/camera-de-recul-zenec-ze-rvc82mt\/#breadcrumb"},"inLanguage":"fr-FR","potentialAction":[{"@type":"ReadAction","target":["https:\/\/shop.bantam.ch\/fr\/produit\/camera-de-recul-zenec-ze-rvc82mt\/"]}]},{"@type":"ImageObject","inLanguage":"fr-FR","@id":"https:\/\/shop.bantam.ch\/fr\/produit\/camera-de-recul-zenec-ze-rvc82mt\/#primaryimage","url":"https:\/\/shop.bantam.ch\/wp-content\/uploads\/2024\/09\/Movera-L-9963324100.jpg","contentUrl":"https:\/\/shop.bantam.ch\/wp-content\/uploads\/2024\/09\/Movera-L-9963324100.jpg","width":640,"height":473},{"@type":"BreadcrumbList","@id":"https:\/\/shop.bantam.ch\/fr\/produit\/camera-de-recul-zenec-ze-rvc82mt\/#breadcrumb","itemListElement":[{"@type":"ListItem","position":1,"name":"Accueil","item":"https:\/\/shop.bantam.ch\/fr\/"},{"@type":"ListItem","position":2,"name":"Boutique","item":"https:\/\/shop.bantam.ch\/fr\/boutique\/"},{"@type":"ListItem","position":3,"name":"Cam\u00e9ra de recul ZENEC ZE-RVC82MT"}]},{"@type":"WebSite","@id":"https:\/\/shop.bantam.ch\/fr\/#website","url":"https:\/\/shop.bantam.ch\/fr\/","name":"Bantam Wankm\u00fcller SA","description":"","publisher":{"@id":"https:\/\/shop.bantam.ch\/fr\/#organization"},"inLanguage":"fr-FR"},{"@type":"Organization","@id":"https:\/\/shop.bantam.ch\/fr\/#organization","name":"Bantam Wankm\u00fcller SA","url":"https:\/\/shop.bantam.ch\/fr\/","logo":{"@type":"ImageObject","inLanguage":"fr-FR","@id":"https:\/\/shop.bantam.ch\/fr\/#\/schema\/logo\/image\/","url":"https:\/\/shop.bantam.ch\/wp-content\/uploads\/2022\/12\/bantam-logo.png","contentUrl":"https:\/\/shop.bantam.ch\/wp-content\/uploads\/2022\/12\/bantam-logo.png","width":320,"height":71,"caption":"Bantam Wankm\u00fcller SA"},"image":{"@id":"https:\/\/shop.bantam.ch\/fr\/#\/schema\/logo\/image\/"}}]}},"_links":{"self":[{"href":"https:\/\/shop.bantam.ch\/fr\/wp-json\/wp\/v2\/product\/197785","targetHints":{"allow":["GET"]}}],"collection":[{"href":"https:\/\/shop.bantam.ch\/fr\/wp-json\/wp\/v2\/product"}],"about":[{"href":"https:\/\/shop.bantam.ch\/fr\/wp-json\/wp\/v2\/types\/product"}],"wp:featuredmedia":[{"embeddable":true,"href":"https:\/\/shop.bantam.ch\/fr\/wp-json\/wp\/v2\/media\/207130"}],"wp:attachment":[{"href":"https:\/\/shop.bantam.ch\/fr\/wp-json\/wp\/v2\/media?parent=197785"}],"wp:term":[{"taxonomy":"product_featured_cat","embeddable":true,"href":"https:\/\/shop.bantam.ch\/fr\/wp-json\/wp\/v2\/product_featured_cat?post=197785"},{"taxonomy":"product_brand","embeddable":true,"href":"https:\/\/shop.bantam.ch\/fr\/wp-json\/wp\/v2\/product_brand?post=197785"},{"taxonomy":"product_cat","embeddable":true,"href":"https:\/\/shop.bantam.ch\/fr\/wp-json\/wp\/v2\/product_cat?post=197785"},{"taxonomy":"product_tag","embeddable":true,"href":"https:\/\/shop.bantam.ch\/fr\/wp-json\/wp\/v2\/product_tag?post=197785"}],"curies":[{"name":"wp","href":"https:\/\/api.w.org\/{rel}","templated":true}]}}