{"id":197723,"date":"2024-05-15T16:30:50","date_gmt":"2024-05-15T14:30:50","guid":{"rendered":"https:\/\/shop.bantam.ch\/produit\/armoire-de-cuisine-brunner-kitchenette\/"},"modified":"2026-04-20T23:10:05","modified_gmt":"2026-04-20T21:10:05","slug":"armoire-de-cuisine-brunner-kitchenette","status":"publish","type":"product","link":"https:\/\/shop.bantam.ch\/fr\/produit\/armoire-de-cuisine-brunner-kitchenette\/","title":{"rendered":"Armoire de cuisine BRUNNER Kitchenette"},"content":{"rendered":"<p>Bo\u00eete de cuisson pliable compacte avec plan de travail r\u00e9sistant \u00e0 la chaleur, beaucoup d&rsquo;espace de rangement,<br \/>\npoches lat\u00e9rales pour ustensiles et protection pratique contre le vent et les \u00e9claboussures en m\u00e9tal.<br \/>\nId\u00e9al pour les petits auvents de caravane et de bus.<\/p>\n<p>Mat\u00e9riaux:<br \/>\nHousse 100 % polyester<br \/>\nStructure aluminium<\/p>\n<p>Contenu de la livraison:<br \/>\nSac de transport pratique inclus<\/p>\n","protected":false},"excerpt":{"rendered":"<p>Bo\u00eete de cuisson pliable compacte avec plan de travail r\u00e9sistant \u00e0 la chaleur, beaucoup d&rsquo;espace de rangement, poches lat\u00e9rales pour ustensiles et protection pratique contre le vent et les \u00e9claboussures en m\u00e9tal. Id\u00e9al pour les petits auvents de caravane et de bus. Mat\u00e9riaux: Housse 100 % polyester Structure aluminium Contenu de la livraison: Sac de [&hellip;]<\/p>\n","protected":false},"featured_media":207116,"template":"","meta":{"_acf_changed":false},"product_featured_cat":[],"product_brand":[3080],"product_cat":[4057],"product_tag":[],"class_list":{"0":"post-197723","1":"product","2":"type-product","3":"status-publish","4":"has-post-thumbnail","6":"product_brand-brunner","7":"product_cat-armoires-de-camping","9":"first","10":"instock","11":"taxable","12":"shipping-taxable","13":"purchasable","14":"product-type-simple"},"acf":[],"yoast_head":"<!-- This site is optimized with the Yoast SEO plugin v27.4 - https:\/\/yoast.com\/product\/yoast-seo-wordpress\/ -->\n<title>Armoire de cuisine BRUNNER Kitchenette - Bantam Wankm\u00fcller SA<\/title>\n<meta name=\"robots\" content=\"index, follow, max-snippet:-1, max-image-preview:large, max-video-preview:-1\" \/>\n<link rel=\"canonical\" href=\"https:\/\/shop.bantam.ch\/fr\/produit\/armoire-de-cuisine-brunner-kitchenette\/\" \/>\n<meta property=\"og:locale\" content=\"fr_FR\" \/>\n<meta property=\"og:type\" content=\"article\" \/>\n<meta property=\"og:title\" content=\"Armoire de cuisine BRUNNER Kitchenette - Bantam Wankm\u00fcller SA\" \/>\n<meta property=\"og:description\" content=\"Bo\u00eete de cuisson pliable compacte avec plan de travail r\u00e9sistant \u00e0 la chaleur, beaucoup d&rsquo;espace de rangement, poches lat\u00e9rales pour ustensiles et protection pratique contre le vent et les \u00e9claboussures en m\u00e9tal. Id\u00e9al pour les petits auvents de caravane et de bus. Mat\u00e9riaux: Housse 100 % polyester Structure aluminium Contenu de la livraison: Sac de [&hellip;]\" \/>\n<meta property=\"og:url\" content=\"https:\/\/shop.bantam.ch\/fr\/produit\/armoire-de-cuisine-brunner-kitchenette\/\" \/>\n<meta property=\"og:site_name\" content=\"Bantam Wankm\u00fcller SA\" \/>\n<meta property=\"article:modified_time\" content=\"2026-04-20T21:10:05+00:00\" \/>\n<meta property=\"og:image\" content=\"https:\/\/shop.bantam.ch\/wp-content\/uploads\/2024\/05\/Movera-L-9962181100.jpg\" \/>\n\t<meta property=\"og:image:width\" content=\"640\" \/>\n\t<meta property=\"og:image:height\" content=\"1058\" \/>\n\t<meta property=\"og:image:type\" content=\"image\/jpeg\" \/>\n<meta name=\"twitter:card\" content=\"summary_large_image\" \/>\n<script type=\"application\/ld+json\" class=\"yoast-schema-graph\">{\"@context\":\"https:\\\/\\\/schema.org\",\"@graph\":[{\"@type\":\"WebPage\",\"@id\":\"https:\\\/\\\/shop.bantam.ch\\\/fr\\\/produit\\\/armoire-de-cuisine-brunner-kitchenette\\\/\",\"url\":\"https:\\\/\\\/shop.bantam.ch\\\/fr\\\/produit\\\/armoire-de-cuisine-brunner-kitchenette\\\/\",\"name\":\"Armoire de cuisine BRUNNER Kitchenette - Bantam Wankm\u00fcller SA\",\"isPartOf\":{\"@id\":\"https:\\\/\\\/shop.bantam.ch\\\/fr\\\/#website\"},\"primaryImageOfPage\":{\"@id\":\"https:\\\/\\\/shop.bantam.ch\\\/fr\\\/produit\\\/armoire-de-cuisine-brunner-kitchenette\\\/#primaryimage\"},\"image\":{\"@id\":\"https:\\\/\\\/shop.bantam.ch\\\/fr\\\/produit\\\/armoire-de-cuisine-brunner-kitchenette\\\/#primaryimage\"},\"thumbnailUrl\":\"https:\\\/\\\/shop.bantam.ch\\\/wp-content\\\/uploads\\\/2024\\\/09\\\/Movera-L-9962181100.jpg\",\"datePublished\":\"2024-05-15T14:30:50+00:00\",\"dateModified\":\"2026-04-20T21:10:05+00:00\",\"breadcrumb\":{\"@id\":\"https:\\\/\\\/shop.bantam.ch\\\/fr\\\/produit\\\/armoire-de-cuisine-brunner-kitchenette\\\/#breadcrumb\"},\"inLanguage\":\"fr-FR\",\"potentialAction\":[{\"@type\":\"ReadAction\",\"target\":[\"https:\\\/\\\/shop.bantam.ch\\\/fr\\\/produit\\\/armoire-de-cuisine-brunner-kitchenette\\\/\"]}]},{\"@type\":\"ImageObject\",\"inLanguage\":\"fr-FR\",\"@id\":\"https:\\\/\\\/shop.bantam.ch\\\/fr\\\/produit\\\/armoire-de-cuisine-brunner-kitchenette\\\/#primaryimage\",\"url\":\"https:\\\/\\\/shop.bantam.ch\\\/wp-content\\\/uploads\\\/2024\\\/09\\\/Movera-L-9962181100.jpg\",\"contentUrl\":\"https:\\\/\\\/shop.bantam.ch\\\/wp-content\\\/uploads\\\/2024\\\/09\\\/Movera-L-9962181100.jpg\",\"width\":640,\"height\":1058},{\"@type\":\"BreadcrumbList\",\"@id\":\"https:\\\/\\\/shop.bantam.ch\\\/fr\\\/produit\\\/armoire-de-cuisine-brunner-kitchenette\\\/#breadcrumb\",\"itemListElement\":[{\"@type\":\"ListItem\",\"position\":1,\"name\":\"Accueil\",\"item\":\"https:\\\/\\\/shop.bantam.ch\\\/fr\\\/\"},{\"@type\":\"ListItem\",\"position\":2,\"name\":\"Boutique\",\"item\":\"https:\\\/\\\/shop.bantam.ch\\\/fr\\\/boutique\\\/\"},{\"@type\":\"ListItem\",\"position\":3,\"name\":\"Armoire de cuisine BRUNNER Kitchenette\"}]},{\"@type\":\"WebSite\",\"@id\":\"https:\\\/\\\/shop.bantam.ch\\\/fr\\\/#website\",\"url\":\"https:\\\/\\\/shop.bantam.ch\\\/fr\\\/\",\"name\":\"Bantam Wankm\u00fcller SA\",\"description\":\"\",\"publisher\":{\"@id\":\"https:\\\/\\\/shop.bantam.ch\\\/fr\\\/#organization\"},\"inLanguage\":\"fr-FR\"},{\"@type\":\"Organization\",\"@id\":\"https:\\\/\\\/shop.bantam.ch\\\/fr\\\/#organization\",\"name\":\"Bantam Wankm\u00fcller SA\",\"url\":\"https:\\\/\\\/shop.bantam.ch\\\/fr\\\/\",\"logo\":{\"@type\":\"ImageObject\",\"inLanguage\":\"fr-FR\",\"@id\":\"https:\\\/\\\/shop.bantam.ch\\\/fr\\\/#\\\/schema\\\/logo\\\/image\\\/\",\"url\":\"https:\\\/\\\/shop.bantam.ch\\\/wp-content\\\/uploads\\\/2022\\\/12\\\/bantam-logo.png\",\"contentUrl\":\"https:\\\/\\\/shop.bantam.ch\\\/wp-content\\\/uploads\\\/2022\\\/12\\\/bantam-logo.png\",\"width\":320,\"height\":71,\"caption\":\"Bantam Wankm\u00fcller SA\"},\"image\":{\"@id\":\"https:\\\/\\\/shop.bantam.ch\\\/fr\\\/#\\\/schema\\\/logo\\\/image\\\/\"}}]}<\/script>\n<!-- \/ Yoast SEO plugin. -->","yoast_head_json":{"title":"Armoire de cuisine BRUNNER Kitchenette - Bantam Wankm\u00fcller SA","robots":{"index":"index","follow":"follow","max-snippet":"max-snippet:-1","max-image-preview":"max-image-preview:large","max-video-preview":"max-video-preview:-1"},"canonical":"https:\/\/shop.bantam.ch\/fr\/produit\/armoire-de-cuisine-brunner-kitchenette\/","og_locale":"fr_FR","og_type":"article","og_title":"Armoire de cuisine BRUNNER Kitchenette - Bantam Wankm\u00fcller SA","og_description":"Bo\u00eete de cuisson pliable compacte avec plan de travail r\u00e9sistant \u00e0 la chaleur, beaucoup d&rsquo;espace de rangement, poches lat\u00e9rales pour ustensiles et protection pratique contre le vent et les \u00e9claboussures en m\u00e9tal. Id\u00e9al pour les petits auvents de caravane et de bus. Mat\u00e9riaux: Housse 100 % polyester Structure aluminium Contenu de la livraison: Sac de [&hellip;]","og_url":"https:\/\/shop.bantam.ch\/fr\/produit\/armoire-de-cuisine-brunner-kitchenette\/","og_site_name":"Bantam Wankm\u00fcller SA","article_modified_time":"2026-04-20T21:10:05+00:00","og_image":[{"width":640,"height":1058,"url":"https:\/\/shop.bantam.ch\/wp-content\/uploads\/2024\/05\/Movera-L-9962181100.jpg","type":"image\/jpeg"}],"twitter_card":"summary_large_image","schema":{"@context":"https:\/\/schema.org","@graph":[{"@type":"WebPage","@id":"https:\/\/shop.bantam.ch\/fr\/produit\/armoire-de-cuisine-brunner-kitchenette\/","url":"https:\/\/shop.bantam.ch\/fr\/produit\/armoire-de-cuisine-brunner-kitchenette\/","name":"Armoire de cuisine BRUNNER Kitchenette - Bantam Wankm\u00fcller SA","isPartOf":{"@id":"https:\/\/shop.bantam.ch\/fr\/#website"},"primaryImageOfPage":{"@id":"https:\/\/shop.bantam.ch\/fr\/produit\/armoire-de-cuisine-brunner-kitchenette\/#primaryimage"},"image":{"@id":"https:\/\/shop.bantam.ch\/fr\/produit\/armoire-de-cuisine-brunner-kitchenette\/#primaryimage"},"thumbnailUrl":"https:\/\/shop.bantam.ch\/wp-content\/uploads\/2024\/09\/Movera-L-9962181100.jpg","datePublished":"2024-05-15T14:30:50+00:00","dateModified":"2026-04-20T21:10:05+00:00","breadcrumb":{"@id":"https:\/\/shop.bantam.ch\/fr\/produit\/armoire-de-cuisine-brunner-kitchenette\/#breadcrumb"},"inLanguage":"fr-FR","potentialAction":[{"@type":"ReadAction","target":["https:\/\/shop.bantam.ch\/fr\/produit\/armoire-de-cuisine-brunner-kitchenette\/"]}]},{"@type":"ImageObject","inLanguage":"fr-FR","@id":"https:\/\/shop.bantam.ch\/fr\/produit\/armoire-de-cuisine-brunner-kitchenette\/#primaryimage","url":"https:\/\/shop.bantam.ch\/wp-content\/uploads\/2024\/09\/Movera-L-9962181100.jpg","contentUrl":"https:\/\/shop.bantam.ch\/wp-content\/uploads\/2024\/09\/Movera-L-9962181100.jpg","width":640,"height":1058},{"@type":"BreadcrumbList","@id":"https:\/\/shop.bantam.ch\/fr\/produit\/armoire-de-cuisine-brunner-kitchenette\/#breadcrumb","itemListElement":[{"@type":"ListItem","position":1,"name":"Accueil","item":"https:\/\/shop.bantam.ch\/fr\/"},{"@type":"ListItem","position":2,"name":"Boutique","item":"https:\/\/shop.bantam.ch\/fr\/boutique\/"},{"@type":"ListItem","position":3,"name":"Armoire de cuisine BRUNNER Kitchenette"}]},{"@type":"WebSite","@id":"https:\/\/shop.bantam.ch\/fr\/#website","url":"https:\/\/shop.bantam.ch\/fr\/","name":"Bantam Wankm\u00fcller SA","description":"","publisher":{"@id":"https:\/\/shop.bantam.ch\/fr\/#organization"},"inLanguage":"fr-FR"},{"@type":"Organization","@id":"https:\/\/shop.bantam.ch\/fr\/#organization","name":"Bantam Wankm\u00fcller SA","url":"https:\/\/shop.bantam.ch\/fr\/","logo":{"@type":"ImageObject","inLanguage":"fr-FR","@id":"https:\/\/shop.bantam.ch\/fr\/#\/schema\/logo\/image\/","url":"https:\/\/shop.bantam.ch\/wp-content\/uploads\/2022\/12\/bantam-logo.png","contentUrl":"https:\/\/shop.bantam.ch\/wp-content\/uploads\/2022\/12\/bantam-logo.png","width":320,"height":71,"caption":"Bantam Wankm\u00fcller SA"},"image":{"@id":"https:\/\/shop.bantam.ch\/fr\/#\/schema\/logo\/image\/"}}]}},"_links":{"self":[{"href":"https:\/\/shop.bantam.ch\/fr\/wp-json\/wp\/v2\/product\/197723","targetHints":{"allow":["GET"]}}],"collection":[{"href":"https:\/\/shop.bantam.ch\/fr\/wp-json\/wp\/v2\/product"}],"about":[{"href":"https:\/\/shop.bantam.ch\/fr\/wp-json\/wp\/v2\/types\/product"}],"wp:featuredmedia":[{"embeddable":true,"href":"https:\/\/shop.bantam.ch\/fr\/wp-json\/wp\/v2\/media\/207116"}],"wp:attachment":[{"href":"https:\/\/shop.bantam.ch\/fr\/wp-json\/wp\/v2\/media?parent=197723"}],"wp:term":[{"taxonomy":"product_featured_cat","embeddable":true,"href":"https:\/\/shop.bantam.ch\/fr\/wp-json\/wp\/v2\/product_featured_cat?post=197723"},{"taxonomy":"product_brand","embeddable":true,"href":"https:\/\/shop.bantam.ch\/fr\/wp-json\/wp\/v2\/product_brand?post=197723"},{"taxonomy":"product_cat","embeddable":true,"href":"https:\/\/shop.bantam.ch\/fr\/wp-json\/wp\/v2\/product_cat?post=197723"},{"taxonomy":"product_tag","embeddable":true,"href":"https:\/\/shop.bantam.ch\/fr\/wp-json\/wp\/v2\/product_tag?post=197723"}],"curies":[{"name":"wp","href":"https:\/\/api.w.org\/{rel}","templated":true}]}}