{"id":197601,"date":"2024-05-15T16:28:17","date_gmt":"2024-05-15T14:28:17","guid":{"rendered":"https:\/\/shop.bantam.ch\/produit\/tabouret-brunner-rebel-h2l-standalone\/"},"modified":"2026-04-19T23:14:51","modified_gmt":"2026-04-19T21:14:51","slug":"tabouret-brunner-rebel-h2l-standalone","status":"publish","type":"product","link":"https:\/\/shop.bantam.ch\/fr\/produit\/tabouret-brunner-rebel-h2l-standalone\/","title":{"rendered":"Tabouret BRUNNER Rebel H2L Standalone"},"content":{"rendered":"<p>Le repose-pieds ultime pour un maximum de confort et de commodit\u00e9 ! Notre repose-pieds autoportant est dot\u00e9 d&rsquo;un cadre en aluminium solide et pliable, facile \u00e0 ranger et \u00e0 transporter. Le support en filet pratique vous permet de d\u00e9guster vos snacks ou boissons pr\u00e9f\u00e9r\u00e9s sans quitter votre place confortable. Dites adieu aux positions inconfortables et d\u00e9tendez-vous gr\u00e2ce \u00e0 notre repose-pieds pratique.<\/p>\n<p>Mat\u00e9riaux:<br \/>\nHousse 100 % polyester<br \/>\nStructure en aluminium<\/p>\n","protected":false},"excerpt":{"rendered":"<p>Le repose-pieds ultime pour un maximum de confort et de commodit\u00e9 ! Notre repose-pieds autoportant est dot\u00e9 d&rsquo;un cadre en aluminium solide et pliable, facile \u00e0 ranger et \u00e0 transporter. Le support en filet pratique vous permet de d\u00e9guster vos snacks ou boissons pr\u00e9f\u00e9r\u00e9s sans quitter votre place confortable. Dites adieu aux positions inconfortables et [&hellip;]<\/p>\n","protected":false},"featured_media":207104,"template":"","meta":{"_acf_changed":false},"product_featured_cat":[],"product_brand":[3080],"product_cat":[4975],"product_tag":[],"class_list":{"0":"post-197601","1":"product","2":"type-product","3":"status-publish","4":"has-post-thumbnail","6":"product_brand-brunner","7":"product_cat-tabourets","9":"first","10":"instock","11":"taxable","12":"shipping-taxable","13":"purchasable","14":"product-type-simple"},"acf":[],"yoast_head":"<!-- This site is optimized with the Yoast SEO plugin v27.4 - https:\/\/yoast.com\/product\/yoast-seo-wordpress\/ -->\n<title>Tabouret BRUNNER Rebel H2L Standalone - Bantam Wankm\u00fcller SA<\/title>\n<meta name=\"robots\" content=\"index, follow, max-snippet:-1, max-image-preview:large, max-video-preview:-1\" \/>\n<link rel=\"canonical\" href=\"https:\/\/shop.bantam.ch\/fr\/produit\/tabouret-brunner-rebel-h2l-standalone\/\" \/>\n<meta property=\"og:locale\" content=\"fr_FR\" \/>\n<meta property=\"og:type\" content=\"article\" \/>\n<meta property=\"og:title\" content=\"Tabouret BRUNNER Rebel H2L Standalone - Bantam Wankm\u00fcller SA\" \/>\n<meta property=\"og:description\" content=\"Le repose-pieds ultime pour un maximum de confort et de commodit\u00e9 ! Notre repose-pieds autoportant est dot\u00e9 d&rsquo;un cadre en aluminium solide et pliable, facile \u00e0 ranger et \u00e0 transporter. Le support en filet pratique vous permet de d\u00e9guster vos snacks ou boissons pr\u00e9f\u00e9r\u00e9s sans quitter votre place confortable. Dites adieu aux positions inconfortables et [&hellip;]\" \/>\n<meta property=\"og:url\" content=\"https:\/\/shop.bantam.ch\/fr\/produit\/tabouret-brunner-rebel-h2l-standalone\/\" \/>\n<meta property=\"og:site_name\" content=\"Bantam Wankm\u00fcller SA\" \/>\n<meta property=\"article:modified_time\" content=\"2026-04-19T21:14:51+00:00\" \/>\n<meta property=\"og:image\" content=\"https:\/\/shop.bantam.ch\/wp-content\/uploads\/2024\/05\/Movera-L-9962175100.jpg\" \/>\n\t<meta property=\"og:image:width\" content=\"640\" \/>\n\t<meta property=\"og:image:height\" content=\"410\" \/>\n\t<meta property=\"og:image:type\" content=\"image\/jpeg\" \/>\n<meta name=\"twitter:card\" content=\"summary_large_image\" \/>\n<script type=\"application\/ld+json\" class=\"yoast-schema-graph\">{\"@context\":\"https:\\\/\\\/schema.org\",\"@graph\":[{\"@type\":\"WebPage\",\"@id\":\"https:\\\/\\\/shop.bantam.ch\\\/fr\\\/produit\\\/tabouret-brunner-rebel-h2l-standalone\\\/\",\"url\":\"https:\\\/\\\/shop.bantam.ch\\\/fr\\\/produit\\\/tabouret-brunner-rebel-h2l-standalone\\\/\",\"name\":\"Tabouret BRUNNER Rebel H2L Standalone - Bantam Wankm\u00fcller SA\",\"isPartOf\":{\"@id\":\"https:\\\/\\\/shop.bantam.ch\\\/fr\\\/#website\"},\"primaryImageOfPage\":{\"@id\":\"https:\\\/\\\/shop.bantam.ch\\\/fr\\\/produit\\\/tabouret-brunner-rebel-h2l-standalone\\\/#primaryimage\"},\"image\":{\"@id\":\"https:\\\/\\\/shop.bantam.ch\\\/fr\\\/produit\\\/tabouret-brunner-rebel-h2l-standalone\\\/#primaryimage\"},\"thumbnailUrl\":\"https:\\\/\\\/shop.bantam.ch\\\/wp-content\\\/uploads\\\/2024\\\/09\\\/Movera-L-9962175100.jpg\",\"datePublished\":\"2024-05-15T14:28:17+00:00\",\"dateModified\":\"2026-04-19T21:14:51+00:00\",\"breadcrumb\":{\"@id\":\"https:\\\/\\\/shop.bantam.ch\\\/fr\\\/produit\\\/tabouret-brunner-rebel-h2l-standalone\\\/#breadcrumb\"},\"inLanguage\":\"fr-FR\",\"potentialAction\":[{\"@type\":\"ReadAction\",\"target\":[\"https:\\\/\\\/shop.bantam.ch\\\/fr\\\/produit\\\/tabouret-brunner-rebel-h2l-standalone\\\/\"]}]},{\"@type\":\"ImageObject\",\"inLanguage\":\"fr-FR\",\"@id\":\"https:\\\/\\\/shop.bantam.ch\\\/fr\\\/produit\\\/tabouret-brunner-rebel-h2l-standalone\\\/#primaryimage\",\"url\":\"https:\\\/\\\/shop.bantam.ch\\\/wp-content\\\/uploads\\\/2024\\\/09\\\/Movera-L-9962175100.jpg\",\"contentUrl\":\"https:\\\/\\\/shop.bantam.ch\\\/wp-content\\\/uploads\\\/2024\\\/09\\\/Movera-L-9962175100.jpg\",\"width\":640,\"height\":410},{\"@type\":\"BreadcrumbList\",\"@id\":\"https:\\\/\\\/shop.bantam.ch\\\/fr\\\/produit\\\/tabouret-brunner-rebel-h2l-standalone\\\/#breadcrumb\",\"itemListElement\":[{\"@type\":\"ListItem\",\"position\":1,\"name\":\"Accueil\",\"item\":\"https:\\\/\\\/shop.bantam.ch\\\/fr\\\/\"},{\"@type\":\"ListItem\",\"position\":2,\"name\":\"Boutique\",\"item\":\"https:\\\/\\\/shop.bantam.ch\\\/fr\\\/boutique\\\/\"},{\"@type\":\"ListItem\",\"position\":3,\"name\":\"Tabouret BRUNNER Rebel H2L Standalone\"}]},{\"@type\":\"WebSite\",\"@id\":\"https:\\\/\\\/shop.bantam.ch\\\/fr\\\/#website\",\"url\":\"https:\\\/\\\/shop.bantam.ch\\\/fr\\\/\",\"name\":\"Bantam Wankm\u00fcller SA\",\"description\":\"\",\"publisher\":{\"@id\":\"https:\\\/\\\/shop.bantam.ch\\\/fr\\\/#organization\"},\"inLanguage\":\"fr-FR\"},{\"@type\":\"Organization\",\"@id\":\"https:\\\/\\\/shop.bantam.ch\\\/fr\\\/#organization\",\"name\":\"Bantam Wankm\u00fcller SA\",\"url\":\"https:\\\/\\\/shop.bantam.ch\\\/fr\\\/\",\"logo\":{\"@type\":\"ImageObject\",\"inLanguage\":\"fr-FR\",\"@id\":\"https:\\\/\\\/shop.bantam.ch\\\/fr\\\/#\\\/schema\\\/logo\\\/image\\\/\",\"url\":\"https:\\\/\\\/shop.bantam.ch\\\/wp-content\\\/uploads\\\/2022\\\/12\\\/bantam-logo.png\",\"contentUrl\":\"https:\\\/\\\/shop.bantam.ch\\\/wp-content\\\/uploads\\\/2022\\\/12\\\/bantam-logo.png\",\"width\":320,\"height\":71,\"caption\":\"Bantam Wankm\u00fcller SA\"},\"image\":{\"@id\":\"https:\\\/\\\/shop.bantam.ch\\\/fr\\\/#\\\/schema\\\/logo\\\/image\\\/\"}}]}<\/script>\n<!-- \/ Yoast SEO plugin. -->","yoast_head_json":{"title":"Tabouret BRUNNER Rebel H2L Standalone - Bantam Wankm\u00fcller SA","robots":{"index":"index","follow":"follow","max-snippet":"max-snippet:-1","max-image-preview":"max-image-preview:large","max-video-preview":"max-video-preview:-1"},"canonical":"https:\/\/shop.bantam.ch\/fr\/produit\/tabouret-brunner-rebel-h2l-standalone\/","og_locale":"fr_FR","og_type":"article","og_title":"Tabouret BRUNNER Rebel H2L Standalone - Bantam Wankm\u00fcller SA","og_description":"Le repose-pieds ultime pour un maximum de confort et de commodit\u00e9 ! Notre repose-pieds autoportant est dot\u00e9 d&rsquo;un cadre en aluminium solide et pliable, facile \u00e0 ranger et \u00e0 transporter. Le support en filet pratique vous permet de d\u00e9guster vos snacks ou boissons pr\u00e9f\u00e9r\u00e9s sans quitter votre place confortable. Dites adieu aux positions inconfortables et [&hellip;]","og_url":"https:\/\/shop.bantam.ch\/fr\/produit\/tabouret-brunner-rebel-h2l-standalone\/","og_site_name":"Bantam Wankm\u00fcller SA","article_modified_time":"2026-04-19T21:14:51+00:00","og_image":[{"width":640,"height":410,"url":"https:\/\/shop.bantam.ch\/wp-content\/uploads\/2024\/05\/Movera-L-9962175100.jpg","type":"image\/jpeg"}],"twitter_card":"summary_large_image","schema":{"@context":"https:\/\/schema.org","@graph":[{"@type":"WebPage","@id":"https:\/\/shop.bantam.ch\/fr\/produit\/tabouret-brunner-rebel-h2l-standalone\/","url":"https:\/\/shop.bantam.ch\/fr\/produit\/tabouret-brunner-rebel-h2l-standalone\/","name":"Tabouret BRUNNER Rebel H2L Standalone - Bantam Wankm\u00fcller SA","isPartOf":{"@id":"https:\/\/shop.bantam.ch\/fr\/#website"},"primaryImageOfPage":{"@id":"https:\/\/shop.bantam.ch\/fr\/produit\/tabouret-brunner-rebel-h2l-standalone\/#primaryimage"},"image":{"@id":"https:\/\/shop.bantam.ch\/fr\/produit\/tabouret-brunner-rebel-h2l-standalone\/#primaryimage"},"thumbnailUrl":"https:\/\/shop.bantam.ch\/wp-content\/uploads\/2024\/09\/Movera-L-9962175100.jpg","datePublished":"2024-05-15T14:28:17+00:00","dateModified":"2026-04-19T21:14:51+00:00","breadcrumb":{"@id":"https:\/\/shop.bantam.ch\/fr\/produit\/tabouret-brunner-rebel-h2l-standalone\/#breadcrumb"},"inLanguage":"fr-FR","potentialAction":[{"@type":"ReadAction","target":["https:\/\/shop.bantam.ch\/fr\/produit\/tabouret-brunner-rebel-h2l-standalone\/"]}]},{"@type":"ImageObject","inLanguage":"fr-FR","@id":"https:\/\/shop.bantam.ch\/fr\/produit\/tabouret-brunner-rebel-h2l-standalone\/#primaryimage","url":"https:\/\/shop.bantam.ch\/wp-content\/uploads\/2024\/09\/Movera-L-9962175100.jpg","contentUrl":"https:\/\/shop.bantam.ch\/wp-content\/uploads\/2024\/09\/Movera-L-9962175100.jpg","width":640,"height":410},{"@type":"BreadcrumbList","@id":"https:\/\/shop.bantam.ch\/fr\/produit\/tabouret-brunner-rebel-h2l-standalone\/#breadcrumb","itemListElement":[{"@type":"ListItem","position":1,"name":"Accueil","item":"https:\/\/shop.bantam.ch\/fr\/"},{"@type":"ListItem","position":2,"name":"Boutique","item":"https:\/\/shop.bantam.ch\/fr\/boutique\/"},{"@type":"ListItem","position":3,"name":"Tabouret BRUNNER Rebel H2L Standalone"}]},{"@type":"WebSite","@id":"https:\/\/shop.bantam.ch\/fr\/#website","url":"https:\/\/shop.bantam.ch\/fr\/","name":"Bantam Wankm\u00fcller SA","description":"","publisher":{"@id":"https:\/\/shop.bantam.ch\/fr\/#organization"},"inLanguage":"fr-FR"},{"@type":"Organization","@id":"https:\/\/shop.bantam.ch\/fr\/#organization","name":"Bantam Wankm\u00fcller SA","url":"https:\/\/shop.bantam.ch\/fr\/","logo":{"@type":"ImageObject","inLanguage":"fr-FR","@id":"https:\/\/shop.bantam.ch\/fr\/#\/schema\/logo\/image\/","url":"https:\/\/shop.bantam.ch\/wp-content\/uploads\/2022\/12\/bantam-logo.png","contentUrl":"https:\/\/shop.bantam.ch\/wp-content\/uploads\/2022\/12\/bantam-logo.png","width":320,"height":71,"caption":"Bantam Wankm\u00fcller SA"},"image":{"@id":"https:\/\/shop.bantam.ch\/fr\/#\/schema\/logo\/image\/"}}]}},"_links":{"self":[{"href":"https:\/\/shop.bantam.ch\/fr\/wp-json\/wp\/v2\/product\/197601","targetHints":{"allow":["GET"]}}],"collection":[{"href":"https:\/\/shop.bantam.ch\/fr\/wp-json\/wp\/v2\/product"}],"about":[{"href":"https:\/\/shop.bantam.ch\/fr\/wp-json\/wp\/v2\/types\/product"}],"wp:featuredmedia":[{"embeddable":true,"href":"https:\/\/shop.bantam.ch\/fr\/wp-json\/wp\/v2\/media\/207104"}],"wp:attachment":[{"href":"https:\/\/shop.bantam.ch\/fr\/wp-json\/wp\/v2\/media?parent=197601"}],"wp:term":[{"taxonomy":"product_featured_cat","embeddable":true,"href":"https:\/\/shop.bantam.ch\/fr\/wp-json\/wp\/v2\/product_featured_cat?post=197601"},{"taxonomy":"product_brand","embeddable":true,"href":"https:\/\/shop.bantam.ch\/fr\/wp-json\/wp\/v2\/product_brand?post=197601"},{"taxonomy":"product_cat","embeddable":true,"href":"https:\/\/shop.bantam.ch\/fr\/wp-json\/wp\/v2\/product_cat?post=197601"},{"taxonomy":"product_tag","embeddable":true,"href":"https:\/\/shop.bantam.ch\/fr\/wp-json\/wp\/v2\/product_tag?post=197601"}],"curies":[{"name":"wp","href":"https:\/\/api.w.org\/{rel}","templated":true}]}}