{"id":197595,"date":"2024-05-15T16:28:11","date_gmt":"2024-05-15T14:28:11","guid":{"rendered":"https:\/\/shop.bantam.ch\/produit\/chaise-de-camping-brunner-rebel-h2l\/"},"modified":"2026-04-18T23:12:13","modified_gmt":"2026-04-18T21:12:13","slug":"chaise-de-camping-brunner-rebel-h2l","status":"publish","type":"product","link":"https:\/\/shop.bantam.ch\/fr\/produit\/chaise-de-camping-brunner-rebel-h2l\/","title":{"rendered":"Chaise de camping BRUNNER Rebel H2L"},"content":{"rendered":"<p>Chaise haute confortable \u00e0 4 pieds avec un tout nouveau cadre peu encombrant, la solution parfaite pour ceux qui ne disposent pas de vastes espaces de rangement dans leur v\u00e9hicule. Gr\u00e2ce \u00e0 des articulations sp\u00e9cialement con\u00e7ues, il a \u00e9t\u00e9 possible de replier \u00e0 la fois le pied arri\u00e8re de la chaise et l&rsquo;appuie-t\u00eate, r\u00e9duisant ainsi consid\u00e9rablement la hauteur de la chaise en position ferm\u00e9e. Tout cela en conservant les qualit\u00e9s de confort et d&rsquo;\u00e9l\u00e9gance qui caract\u00e9risent tous les mod\u00e8les de la collection Rebel.<\/p>\n<ul>\n<li>&nbsp;&nbsp;&nbsp; Structure en profil trap\u00e9zo\u00efdal sp\u00e9cial en aluminium laqu\u00e9<\/li>\n<li>&nbsp;&nbsp;&nbsp; Assise et dossier en tissu 3Durafeel Pro<\/li>\n<li>&nbsp;&nbsp;&nbsp; Appuie-t\u00eate rabattable<\/li>\n<li>&nbsp;&nbsp;&nbsp; Pied arri\u00e8re rabattable<\/li>\n<li>&nbsp;&nbsp;&nbsp; Dossier r\u00e9glable (5 positions)<\/li>\n<li>&nbsp;&nbsp;&nbsp; Articulation centrale en acier<\/li>\n<li>&nbsp;&nbsp;&nbsp; Accoudoirs en plastique de haute qualit\u00e9 avec glissi\u00e8res m\u00e9talliques<\/li>\n<li>&nbsp;&nbsp;&nbsp; Dossier ergonomique avec soutien lombaire int\u00e9gr\u00e9<\/li>\n<li>&nbsp;&nbsp;&nbsp; Poche organiseur int\u00e9gr\u00e9e \u00e0 l&rsquo;arri\u00e8re du dossier<\/li>\n<li>&nbsp;&nbsp;&nbsp; Compatible avec les repose-pieds de la s\u00e9rie \u00ab\u00a0Rebel\u00a0\u00bb.<\/li>\n<\/ul>\n<p>Mat\u00e9riaux:<br \/>\nHousse 100 % polyester<br \/>\nStructure aluminium<\/p>\n","protected":false},"excerpt":{"rendered":"<p>Chaise haute confortable \u00e0 4 pieds avec un tout nouveau cadre peu encombrant, la solution parfaite pour ceux qui ne disposent pas de vastes espaces de rangement dans leur v\u00e9hicule. Gr\u00e2ce \u00e0 des articulations sp\u00e9cialement con\u00e7ues, il a \u00e9t\u00e9 possible de replier \u00e0 la fois le pied arri\u00e8re de la chaise et l&rsquo;appuie-t\u00eate, r\u00e9duisant ainsi [&hellip;]<\/p>\n","protected":false},"featured_media":207102,"template":"","meta":{"_acf_changed":false},"product_featured_cat":[],"product_brand":[3080],"product_cat":[4971],"product_tag":[],"class_list":{"0":"post-197595","1":"product","2":"type-product","3":"status-publish","4":"has-post-thumbnail","6":"product_brand-brunner","7":"product_cat-chaises-de-camping","9":"first","10":"instock","11":"taxable","12":"shipping-taxable","13":"purchasable","14":"product-type-simple"},"acf":[],"yoast_head":"<!-- This site is optimized with the Yoast SEO plugin v27.4 - https:\/\/yoast.com\/product\/yoast-seo-wordpress\/ -->\n<title>Chaise de camping BRUNNER Rebel H2L - Bantam Wankm\u00fcller SA<\/title>\n<meta name=\"robots\" content=\"index, follow, max-snippet:-1, max-image-preview:large, max-video-preview:-1\" \/>\n<link rel=\"canonical\" href=\"https:\/\/shop.bantam.ch\/fr\/produit\/chaise-de-camping-brunner-rebel-h2l\/\" \/>\n<meta property=\"og:locale\" content=\"fr_FR\" \/>\n<meta property=\"og:type\" content=\"article\" \/>\n<meta property=\"og:title\" content=\"Chaise de camping BRUNNER Rebel H2L - Bantam Wankm\u00fcller SA\" \/>\n<meta property=\"og:description\" content=\"Chaise haute confortable \u00e0 4 pieds avec un tout nouveau cadre peu encombrant, la solution parfaite pour ceux qui ne disposent pas de vastes espaces de rangement dans leur v\u00e9hicule. Gr\u00e2ce \u00e0 des articulations sp\u00e9cialement con\u00e7ues, il a \u00e9t\u00e9 possible de replier \u00e0 la fois le pied arri\u00e8re de la chaise et l&rsquo;appuie-t\u00eate, r\u00e9duisant ainsi [&hellip;]\" \/>\n<meta property=\"og:url\" content=\"https:\/\/shop.bantam.ch\/fr\/produit\/chaise-de-camping-brunner-rebel-h2l\/\" \/>\n<meta property=\"og:site_name\" content=\"Bantam Wankm\u00fcller SA\" \/>\n<meta property=\"article:modified_time\" content=\"2026-04-18T21:12:13+00:00\" \/>\n<meta property=\"og:image\" content=\"https:\/\/shop.bantam.ch\/wp-content\/uploads\/2024\/05\/Movera-L-9962174100.jpg\" \/>\n\t<meta property=\"og:image:width\" content=\"640\" \/>\n\t<meta property=\"og:image:height\" content=\"999\" \/>\n\t<meta property=\"og:image:type\" content=\"image\/jpeg\" \/>\n<meta name=\"twitter:card\" content=\"summary_large_image\" \/>\n<meta name=\"twitter:label1\" content=\"Dur\u00e9e de lecture estim\u00e9e\" \/>\n\t<meta name=\"twitter:data1\" content=\"1 minute\" \/>\n<script type=\"application\/ld+json\" class=\"yoast-schema-graph\">{\"@context\":\"https:\\\/\\\/schema.org\",\"@graph\":[{\"@type\":\"WebPage\",\"@id\":\"https:\\\/\\\/shop.bantam.ch\\\/fr\\\/produit\\\/chaise-de-camping-brunner-rebel-h2l\\\/\",\"url\":\"https:\\\/\\\/shop.bantam.ch\\\/fr\\\/produit\\\/chaise-de-camping-brunner-rebel-h2l\\\/\",\"name\":\"Chaise de camping BRUNNER Rebel H2L - Bantam Wankm\u00fcller SA\",\"isPartOf\":{\"@id\":\"https:\\\/\\\/shop.bantam.ch\\\/fr\\\/#website\"},\"primaryImageOfPage\":{\"@id\":\"https:\\\/\\\/shop.bantam.ch\\\/fr\\\/produit\\\/chaise-de-camping-brunner-rebel-h2l\\\/#primaryimage\"},\"image\":{\"@id\":\"https:\\\/\\\/shop.bantam.ch\\\/fr\\\/produit\\\/chaise-de-camping-brunner-rebel-h2l\\\/#primaryimage\"},\"thumbnailUrl\":\"https:\\\/\\\/shop.bantam.ch\\\/wp-content\\\/uploads\\\/2024\\\/09\\\/Movera-L-9962174100.jpg\",\"datePublished\":\"2024-05-15T14:28:11+00:00\",\"dateModified\":\"2026-04-18T21:12:13+00:00\",\"breadcrumb\":{\"@id\":\"https:\\\/\\\/shop.bantam.ch\\\/fr\\\/produit\\\/chaise-de-camping-brunner-rebel-h2l\\\/#breadcrumb\"},\"inLanguage\":\"fr-FR\",\"potentialAction\":[{\"@type\":\"ReadAction\",\"target\":[\"https:\\\/\\\/shop.bantam.ch\\\/fr\\\/produit\\\/chaise-de-camping-brunner-rebel-h2l\\\/\"]}]},{\"@type\":\"ImageObject\",\"inLanguage\":\"fr-FR\",\"@id\":\"https:\\\/\\\/shop.bantam.ch\\\/fr\\\/produit\\\/chaise-de-camping-brunner-rebel-h2l\\\/#primaryimage\",\"url\":\"https:\\\/\\\/shop.bantam.ch\\\/wp-content\\\/uploads\\\/2024\\\/09\\\/Movera-L-9962174100.jpg\",\"contentUrl\":\"https:\\\/\\\/shop.bantam.ch\\\/wp-content\\\/uploads\\\/2024\\\/09\\\/Movera-L-9962174100.jpg\",\"width\":640,\"height\":999},{\"@type\":\"BreadcrumbList\",\"@id\":\"https:\\\/\\\/shop.bantam.ch\\\/fr\\\/produit\\\/chaise-de-camping-brunner-rebel-h2l\\\/#breadcrumb\",\"itemListElement\":[{\"@type\":\"ListItem\",\"position\":1,\"name\":\"Accueil\",\"item\":\"https:\\\/\\\/shop.bantam.ch\\\/fr\\\/\"},{\"@type\":\"ListItem\",\"position\":2,\"name\":\"Boutique\",\"item\":\"https:\\\/\\\/shop.bantam.ch\\\/fr\\\/boutique\\\/\"},{\"@type\":\"ListItem\",\"position\":3,\"name\":\"Chaise de camping BRUNNER Rebel H2L\"}]},{\"@type\":\"WebSite\",\"@id\":\"https:\\\/\\\/shop.bantam.ch\\\/fr\\\/#website\",\"url\":\"https:\\\/\\\/shop.bantam.ch\\\/fr\\\/\",\"name\":\"Bantam Wankm\u00fcller SA\",\"description\":\"\",\"publisher\":{\"@id\":\"https:\\\/\\\/shop.bantam.ch\\\/fr\\\/#organization\"},\"inLanguage\":\"fr-FR\"},{\"@type\":\"Organization\",\"@id\":\"https:\\\/\\\/shop.bantam.ch\\\/fr\\\/#organization\",\"name\":\"Bantam Wankm\u00fcller SA\",\"url\":\"https:\\\/\\\/shop.bantam.ch\\\/fr\\\/\",\"logo\":{\"@type\":\"ImageObject\",\"inLanguage\":\"fr-FR\",\"@id\":\"https:\\\/\\\/shop.bantam.ch\\\/fr\\\/#\\\/schema\\\/logo\\\/image\\\/\",\"url\":\"https:\\\/\\\/shop.bantam.ch\\\/wp-content\\\/uploads\\\/2022\\\/12\\\/bantam-logo.png\",\"contentUrl\":\"https:\\\/\\\/shop.bantam.ch\\\/wp-content\\\/uploads\\\/2022\\\/12\\\/bantam-logo.png\",\"width\":320,\"height\":71,\"caption\":\"Bantam Wankm\u00fcller SA\"},\"image\":{\"@id\":\"https:\\\/\\\/shop.bantam.ch\\\/fr\\\/#\\\/schema\\\/logo\\\/image\\\/\"}}]}<\/script>\n<!-- \/ Yoast SEO plugin. -->","yoast_head_json":{"title":"Chaise de camping BRUNNER Rebel H2L - Bantam Wankm\u00fcller SA","robots":{"index":"index","follow":"follow","max-snippet":"max-snippet:-1","max-image-preview":"max-image-preview:large","max-video-preview":"max-video-preview:-1"},"canonical":"https:\/\/shop.bantam.ch\/fr\/produit\/chaise-de-camping-brunner-rebel-h2l\/","og_locale":"fr_FR","og_type":"article","og_title":"Chaise de camping BRUNNER Rebel H2L - Bantam Wankm\u00fcller SA","og_description":"Chaise haute confortable \u00e0 4 pieds avec un tout nouveau cadre peu encombrant, la solution parfaite pour ceux qui ne disposent pas de vastes espaces de rangement dans leur v\u00e9hicule. Gr\u00e2ce \u00e0 des articulations sp\u00e9cialement con\u00e7ues, il a \u00e9t\u00e9 possible de replier \u00e0 la fois le pied arri\u00e8re de la chaise et l&rsquo;appuie-t\u00eate, r\u00e9duisant ainsi [&hellip;]","og_url":"https:\/\/shop.bantam.ch\/fr\/produit\/chaise-de-camping-brunner-rebel-h2l\/","og_site_name":"Bantam Wankm\u00fcller SA","article_modified_time":"2026-04-18T21:12:13+00:00","og_image":[{"width":640,"height":999,"url":"https:\/\/shop.bantam.ch\/wp-content\/uploads\/2024\/05\/Movera-L-9962174100.jpg","type":"image\/jpeg"}],"twitter_card":"summary_large_image","twitter_misc":{"Dur\u00e9e de lecture estim\u00e9e":"1 minute"},"schema":{"@context":"https:\/\/schema.org","@graph":[{"@type":"WebPage","@id":"https:\/\/shop.bantam.ch\/fr\/produit\/chaise-de-camping-brunner-rebel-h2l\/","url":"https:\/\/shop.bantam.ch\/fr\/produit\/chaise-de-camping-brunner-rebel-h2l\/","name":"Chaise de camping BRUNNER Rebel H2L - Bantam Wankm\u00fcller SA","isPartOf":{"@id":"https:\/\/shop.bantam.ch\/fr\/#website"},"primaryImageOfPage":{"@id":"https:\/\/shop.bantam.ch\/fr\/produit\/chaise-de-camping-brunner-rebel-h2l\/#primaryimage"},"image":{"@id":"https:\/\/shop.bantam.ch\/fr\/produit\/chaise-de-camping-brunner-rebel-h2l\/#primaryimage"},"thumbnailUrl":"https:\/\/shop.bantam.ch\/wp-content\/uploads\/2024\/09\/Movera-L-9962174100.jpg","datePublished":"2024-05-15T14:28:11+00:00","dateModified":"2026-04-18T21:12:13+00:00","breadcrumb":{"@id":"https:\/\/shop.bantam.ch\/fr\/produit\/chaise-de-camping-brunner-rebel-h2l\/#breadcrumb"},"inLanguage":"fr-FR","potentialAction":[{"@type":"ReadAction","target":["https:\/\/shop.bantam.ch\/fr\/produit\/chaise-de-camping-brunner-rebel-h2l\/"]}]},{"@type":"ImageObject","inLanguage":"fr-FR","@id":"https:\/\/shop.bantam.ch\/fr\/produit\/chaise-de-camping-brunner-rebel-h2l\/#primaryimage","url":"https:\/\/shop.bantam.ch\/wp-content\/uploads\/2024\/09\/Movera-L-9962174100.jpg","contentUrl":"https:\/\/shop.bantam.ch\/wp-content\/uploads\/2024\/09\/Movera-L-9962174100.jpg","width":640,"height":999},{"@type":"BreadcrumbList","@id":"https:\/\/shop.bantam.ch\/fr\/produit\/chaise-de-camping-brunner-rebel-h2l\/#breadcrumb","itemListElement":[{"@type":"ListItem","position":1,"name":"Accueil","item":"https:\/\/shop.bantam.ch\/fr\/"},{"@type":"ListItem","position":2,"name":"Boutique","item":"https:\/\/shop.bantam.ch\/fr\/boutique\/"},{"@type":"ListItem","position":3,"name":"Chaise de camping BRUNNER Rebel H2L"}]},{"@type":"WebSite","@id":"https:\/\/shop.bantam.ch\/fr\/#website","url":"https:\/\/shop.bantam.ch\/fr\/","name":"Bantam Wankm\u00fcller SA","description":"","publisher":{"@id":"https:\/\/shop.bantam.ch\/fr\/#organization"},"inLanguage":"fr-FR"},{"@type":"Organization","@id":"https:\/\/shop.bantam.ch\/fr\/#organization","name":"Bantam Wankm\u00fcller SA","url":"https:\/\/shop.bantam.ch\/fr\/","logo":{"@type":"ImageObject","inLanguage":"fr-FR","@id":"https:\/\/shop.bantam.ch\/fr\/#\/schema\/logo\/image\/","url":"https:\/\/shop.bantam.ch\/wp-content\/uploads\/2022\/12\/bantam-logo.png","contentUrl":"https:\/\/shop.bantam.ch\/wp-content\/uploads\/2022\/12\/bantam-logo.png","width":320,"height":71,"caption":"Bantam Wankm\u00fcller SA"},"image":{"@id":"https:\/\/shop.bantam.ch\/fr\/#\/schema\/logo\/image\/"}}]}},"_links":{"self":[{"href":"https:\/\/shop.bantam.ch\/fr\/wp-json\/wp\/v2\/product\/197595","targetHints":{"allow":["GET"]}}],"collection":[{"href":"https:\/\/shop.bantam.ch\/fr\/wp-json\/wp\/v2\/product"}],"about":[{"href":"https:\/\/shop.bantam.ch\/fr\/wp-json\/wp\/v2\/types\/product"}],"wp:featuredmedia":[{"embeddable":true,"href":"https:\/\/shop.bantam.ch\/fr\/wp-json\/wp\/v2\/media\/207102"}],"wp:attachment":[{"href":"https:\/\/shop.bantam.ch\/fr\/wp-json\/wp\/v2\/media?parent=197595"}],"wp:term":[{"taxonomy":"product_featured_cat","embeddable":true,"href":"https:\/\/shop.bantam.ch\/fr\/wp-json\/wp\/v2\/product_featured_cat?post=197595"},{"taxonomy":"product_brand","embeddable":true,"href":"https:\/\/shop.bantam.ch\/fr\/wp-json\/wp\/v2\/product_brand?post=197595"},{"taxonomy":"product_cat","embeddable":true,"href":"https:\/\/shop.bantam.ch\/fr\/wp-json\/wp\/v2\/product_cat?post=197595"},{"taxonomy":"product_tag","embeddable":true,"href":"https:\/\/shop.bantam.ch\/fr\/wp-json\/wp\/v2\/product_tag?post=197595"}],"curies":[{"name":"wp","href":"https:\/\/api.w.org\/{rel}","templated":true}]}}