{"id":197577,"date":"2024-05-15T16:27:42","date_gmt":"2024-05-15T14:27:42","guid":{"rendered":"https:\/\/shop.bantam.ch\/produit\/tv-megasat-royal-line-premium\/"},"modified":"2026-05-10T01:13:57","modified_gmt":"2026-05-09T23:13:57","slug":"tv-megasat-royal-line-premium","status":"publish","type":"product","link":"https:\/\/shop.bantam.ch\/fr\/produit\/tv-megasat-royal-line-premium\/","title":{"rendered":"TV Megasat Royal Line Premium"},"content":{"rendered":"<p>La s\u00e9rie Royal Line Premium avec syst\u00e8me d&rsquo;exploitation WebOS int\u00e9gr\u00e9, offre une interface LAN et WLAN. Comme il s&rsquo;agit d&rsquo;un t\u00e9l\u00e9viseur intelligent, il dispose d&rsquo;un navigateur Internet et d&rsquo;applications pr\u00e9install\u00e9es ainsi que de l&rsquo;acc\u00e8s \u00e0 de nombreux portails multim\u00e9dia. De plus, de nombreuses autres applications peuvent \u00eatre install\u00e9es via l&rsquo;App-Store int\u00e9gr\u00e9. L&rsquo;exp\u00e9rience t\u00e9l\u00e9visuelle est compl\u00e9t\u00e9e par un affichage en qualit\u00e9 HD de premi\u00e8re classe qui r\u00e9pond \u00e0 tous les souhaits.<br \/>\nLe triple tuner assure la r\u00e9ception de la t\u00e9l\u00e9vision num\u00e9rique m\u00eame dans les pays europ\u00e9ens. D&rsquo;autres caract\u00e9ristiques sont le slot CI+ pour le d\u00e9cryptage des cha\u00eenes de t\u00e9l\u00e9vision payantes et les deux ports USB pour la lecture multim\u00e9dia de films, d&rsquo;images et de musique.<br \/>\nL&rsquo;interface Bluetooth\u00ae int\u00e9gr\u00e9e permet de transmettre sans fil la lecture audio \u00e0 un casque compatible Bluetooth\u00ae ou \u00e0 une barre de son. Les appareils sont sp\u00e9cialement con\u00e7us pour une utilisation en voiture. Une architecture int\u00e9rieure particuli\u00e8re prot\u00e8ge les composants des chocs pendant le trajet. Que ce soit pour un bateau, une caravane ou un camion, vous \u00eates bien \u00e9quip\u00e9 avec notre t\u00e9l\u00e9viseur de camping.<\/p>\n","protected":false},"excerpt":{"rendered":"<p>La s\u00e9rie Royal Line Premium avec syst\u00e8me d&rsquo;exploitation WebOS int\u00e9gr\u00e9, offre une interface LAN et WLAN. Comme il s&rsquo;agit d&rsquo;un t\u00e9l\u00e9viseur intelligent, il dispose d&rsquo;un navigateur Internet et d&rsquo;applications pr\u00e9install\u00e9es ainsi que de l&rsquo;acc\u00e8s \u00e0 de nombreux portails multim\u00e9dia. De plus, de nombreuses autres applications peuvent \u00eatre install\u00e9es via l&rsquo;App-Store int\u00e9gr\u00e9. L&rsquo;exp\u00e9rience t\u00e9l\u00e9visuelle est compl\u00e9t\u00e9e [&hellip;]<\/p>\n","protected":false},"featured_media":197575,"template":"","meta":{"_acf_changed":false},"product_featured_cat":[],"product_brand":[3200],"product_cat":[4505],"product_tag":[],"class_list":{"0":"post-197577","1":"product","2":"type-product","3":"status-publish","4":"has-post-thumbnail","6":"product_brand-megasat","7":"product_cat-televiseurs","9":"first","10":"instock","11":"taxable","12":"shipping-taxable","13":"purchasable","14":"product-type-variable"},"acf":[],"yoast_head":"<!-- This site is optimized with the Yoast SEO plugin v27.5 - https:\/\/yoast.com\/product\/yoast-seo-wordpress\/ -->\n<title>TV Megasat Royal Line Premium - Bantam<\/title>\n<meta name=\"robots\" content=\"index, follow, max-snippet:-1, max-image-preview:large, max-video-preview:-1\" \/>\n<link rel=\"canonical\" href=\"https:\/\/shop.bantam.ch\/fr\/produit\/tv-megasat-royal-line-premium\/\" \/>\n<meta property=\"og:locale\" content=\"fr_FR\" \/>\n<meta property=\"og:type\" content=\"article\" \/>\n<meta property=\"og:title\" content=\"TV Megasat Royal Line Premium - Bantam\" \/>\n<meta property=\"og:description\" content=\"La s\u00e9rie Royal Line Premium avec syst\u00e8me d&rsquo;exploitation WebOS int\u00e9gr\u00e9, offre une interface LAN et WLAN. Comme il s&rsquo;agit d&rsquo;un t\u00e9l\u00e9viseur intelligent, il dispose d&rsquo;un navigateur Internet et d&rsquo;applications pr\u00e9install\u00e9es ainsi que de l&rsquo;acc\u00e8s \u00e0 de nombreux portails multim\u00e9dia. De plus, de nombreuses autres applications peuvent \u00eatre install\u00e9es via l&rsquo;App-Store int\u00e9gr\u00e9. L&rsquo;exp\u00e9rience t\u00e9l\u00e9visuelle est compl\u00e9t\u00e9e [&hellip;]\" \/>\n<meta property=\"og:url\" content=\"https:\/\/shop.bantam.ch\/fr\/produit\/tv-megasat-royal-line-premium\/\" \/>\n<meta property=\"og:site_name\" content=\"Bantam\" \/>\n<meta property=\"article:modified_time\" content=\"2026-05-09T23:13:57+00:00\" \/>\n<meta property=\"og:image\" content=\"https:\/\/shop.bantam.ch\/wp-content\/uploads\/2024\/05\/Movera-L-0106744100.jpg\" \/>\n\t<meta property=\"og:image:width\" content=\"640\" \/>\n\t<meta property=\"og:image:height\" content=\"337\" \/>\n\t<meta property=\"og:image:type\" content=\"image\/jpeg\" \/>\n<meta name=\"twitter:card\" content=\"summary_large_image\" \/>\n<meta name=\"twitter:label1\" content=\"Dur\u00e9e de lecture estim\u00e9e\" \/>\n\t<meta name=\"twitter:data1\" content=\"1 minute\" \/>\n<script type=\"application\/ld+json\" class=\"yoast-schema-graph\">{\"@context\":\"https:\\\/\\\/schema.org\",\"@graph\":[{\"@type\":\"WebPage\",\"@id\":\"https:\\\/\\\/shop.bantam.ch\\\/fr\\\/produit\\\/tv-megasat-royal-line-premium\\\/\",\"url\":\"https:\\\/\\\/shop.bantam.ch\\\/fr\\\/produit\\\/tv-megasat-royal-line-premium\\\/\",\"name\":\"TV Megasat Royal Line Premium - Bantam\",\"isPartOf\":{\"@id\":\"https:\\\/\\\/shop.bantam.ch\\\/fr\\\/#website\"},\"primaryImageOfPage\":{\"@id\":\"https:\\\/\\\/shop.bantam.ch\\\/fr\\\/produit\\\/tv-megasat-royal-line-premium\\\/#primaryimage\"},\"image\":{\"@id\":\"https:\\\/\\\/shop.bantam.ch\\\/fr\\\/produit\\\/tv-megasat-royal-line-premium\\\/#primaryimage\"},\"thumbnailUrl\":\"https:\\\/\\\/shop.bantam.ch\\\/wp-content\\\/uploads\\\/2024\\\/05\\\/Movera-L-0106744100.jpg\",\"datePublished\":\"2024-05-15T14:27:42+00:00\",\"dateModified\":\"2026-05-09T23:13:57+00:00\",\"breadcrumb\":{\"@id\":\"https:\\\/\\\/shop.bantam.ch\\\/fr\\\/produit\\\/tv-megasat-royal-line-premium\\\/#breadcrumb\"},\"inLanguage\":\"fr-FR\",\"potentialAction\":[{\"@type\":\"ReadAction\",\"target\":[\"https:\\\/\\\/shop.bantam.ch\\\/fr\\\/produit\\\/tv-megasat-royal-line-premium\\\/\"]}]},{\"@type\":\"ImageObject\",\"inLanguage\":\"fr-FR\",\"@id\":\"https:\\\/\\\/shop.bantam.ch\\\/fr\\\/produit\\\/tv-megasat-royal-line-premium\\\/#primaryimage\",\"url\":\"https:\\\/\\\/shop.bantam.ch\\\/wp-content\\\/uploads\\\/2024\\\/05\\\/Movera-L-0106744100.jpg\",\"contentUrl\":\"https:\\\/\\\/shop.bantam.ch\\\/wp-content\\\/uploads\\\/2024\\\/05\\\/Movera-L-0106744100.jpg\",\"width\":640,\"height\":337},{\"@type\":\"BreadcrumbList\",\"@id\":\"https:\\\/\\\/shop.bantam.ch\\\/fr\\\/produit\\\/tv-megasat-royal-line-premium\\\/#breadcrumb\",\"itemListElement\":[{\"@type\":\"ListItem\",\"position\":1,\"name\":\"Accueil\",\"item\":\"https:\\\/\\\/shop.bantam.ch\\\/fr\\\/\"},{\"@type\":\"ListItem\",\"position\":2,\"name\":\"Boutique\",\"item\":\"https:\\\/\\\/shop.bantam.ch\\\/fr\\\/boutique\\\/\"},{\"@type\":\"ListItem\",\"position\":3,\"name\":\"TV Megasat Royal Line Premium\"}]},{\"@type\":\"WebSite\",\"@id\":\"https:\\\/\\\/shop.bantam.ch\\\/fr\\\/#website\",\"url\":\"https:\\\/\\\/shop.bantam.ch\\\/fr\\\/\",\"name\":\"Bantam\",\"description\":\"\",\"publisher\":{\"@id\":\"https:\\\/\\\/shop.bantam.ch\\\/fr\\\/#organization\"},\"inLanguage\":\"fr-FR\"},{\"@type\":\"Organization\",\"@id\":\"https:\\\/\\\/shop.bantam.ch\\\/fr\\\/#organization\",\"name\":\"Bantam\",\"url\":\"https:\\\/\\\/shop.bantam.ch\\\/fr\\\/\",\"logo\":{\"@type\":\"ImageObject\",\"inLanguage\":\"fr-FR\",\"@id\":\"https:\\\/\\\/shop.bantam.ch\\\/fr\\\/#\\\/schema\\\/logo\\\/image\\\/\",\"url\":\"https:\\\/\\\/shop.bantam.ch\\\/wp-content\\\/uploads\\\/2022\\\/12\\\/bantam-logo.png\",\"contentUrl\":\"https:\\\/\\\/shop.bantam.ch\\\/wp-content\\\/uploads\\\/2022\\\/12\\\/bantam-logo.png\",\"width\":320,\"height\":71,\"caption\":\"Bantam\"},\"image\":{\"@id\":\"https:\\\/\\\/shop.bantam.ch\\\/fr\\\/#\\\/schema\\\/logo\\\/image\\\/\"}}]}<\/script>\n<!-- \/ Yoast SEO plugin. -->","yoast_head_json":{"title":"TV Megasat Royal Line Premium - Bantam","robots":{"index":"index","follow":"follow","max-snippet":"max-snippet:-1","max-image-preview":"max-image-preview:large","max-video-preview":"max-video-preview:-1"},"canonical":"https:\/\/shop.bantam.ch\/fr\/produit\/tv-megasat-royal-line-premium\/","og_locale":"fr_FR","og_type":"article","og_title":"TV Megasat Royal Line Premium - Bantam","og_description":"La s\u00e9rie Royal Line Premium avec syst\u00e8me d&rsquo;exploitation WebOS int\u00e9gr\u00e9, offre une interface LAN et WLAN. Comme il s&rsquo;agit d&rsquo;un t\u00e9l\u00e9viseur intelligent, il dispose d&rsquo;un navigateur Internet et d&rsquo;applications pr\u00e9install\u00e9es ainsi que de l&rsquo;acc\u00e8s \u00e0 de nombreux portails multim\u00e9dia. De plus, de nombreuses autres applications peuvent \u00eatre install\u00e9es via l&rsquo;App-Store int\u00e9gr\u00e9. L&rsquo;exp\u00e9rience t\u00e9l\u00e9visuelle est compl\u00e9t\u00e9e [&hellip;]","og_url":"https:\/\/shop.bantam.ch\/fr\/produit\/tv-megasat-royal-line-premium\/","og_site_name":"Bantam","article_modified_time":"2026-05-09T23:13:57+00:00","og_image":[{"width":640,"height":337,"url":"https:\/\/shop.bantam.ch\/wp-content\/uploads\/2024\/05\/Movera-L-0106744100.jpg","type":"image\/jpeg"}],"twitter_card":"summary_large_image","twitter_misc":{"Dur\u00e9e de lecture estim\u00e9e":"1 minute"},"schema":{"@context":"https:\/\/schema.org","@graph":[{"@type":"WebPage","@id":"https:\/\/shop.bantam.ch\/fr\/produit\/tv-megasat-royal-line-premium\/","url":"https:\/\/shop.bantam.ch\/fr\/produit\/tv-megasat-royal-line-premium\/","name":"TV Megasat Royal Line Premium - Bantam","isPartOf":{"@id":"https:\/\/shop.bantam.ch\/fr\/#website"},"primaryImageOfPage":{"@id":"https:\/\/shop.bantam.ch\/fr\/produit\/tv-megasat-royal-line-premium\/#primaryimage"},"image":{"@id":"https:\/\/shop.bantam.ch\/fr\/produit\/tv-megasat-royal-line-premium\/#primaryimage"},"thumbnailUrl":"https:\/\/shop.bantam.ch\/wp-content\/uploads\/2024\/05\/Movera-L-0106744100.jpg","datePublished":"2024-05-15T14:27:42+00:00","dateModified":"2026-05-09T23:13:57+00:00","breadcrumb":{"@id":"https:\/\/shop.bantam.ch\/fr\/produit\/tv-megasat-royal-line-premium\/#breadcrumb"},"inLanguage":"fr-FR","potentialAction":[{"@type":"ReadAction","target":["https:\/\/shop.bantam.ch\/fr\/produit\/tv-megasat-royal-line-premium\/"]}]},{"@type":"ImageObject","inLanguage":"fr-FR","@id":"https:\/\/shop.bantam.ch\/fr\/produit\/tv-megasat-royal-line-premium\/#primaryimage","url":"https:\/\/shop.bantam.ch\/wp-content\/uploads\/2024\/05\/Movera-L-0106744100.jpg","contentUrl":"https:\/\/shop.bantam.ch\/wp-content\/uploads\/2024\/05\/Movera-L-0106744100.jpg","width":640,"height":337},{"@type":"BreadcrumbList","@id":"https:\/\/shop.bantam.ch\/fr\/produit\/tv-megasat-royal-line-premium\/#breadcrumb","itemListElement":[{"@type":"ListItem","position":1,"name":"Accueil","item":"https:\/\/shop.bantam.ch\/fr\/"},{"@type":"ListItem","position":2,"name":"Boutique","item":"https:\/\/shop.bantam.ch\/fr\/boutique\/"},{"@type":"ListItem","position":3,"name":"TV Megasat Royal Line Premium"}]},{"@type":"WebSite","@id":"https:\/\/shop.bantam.ch\/fr\/#website","url":"https:\/\/shop.bantam.ch\/fr\/","name":"Bantam","description":"","publisher":{"@id":"https:\/\/shop.bantam.ch\/fr\/#organization"},"inLanguage":"fr-FR"},{"@type":"Organization","@id":"https:\/\/shop.bantam.ch\/fr\/#organization","name":"Bantam","url":"https:\/\/shop.bantam.ch\/fr\/","logo":{"@type":"ImageObject","inLanguage":"fr-FR","@id":"https:\/\/shop.bantam.ch\/fr\/#\/schema\/logo\/image\/","url":"https:\/\/shop.bantam.ch\/wp-content\/uploads\/2022\/12\/bantam-logo.png","contentUrl":"https:\/\/shop.bantam.ch\/wp-content\/uploads\/2022\/12\/bantam-logo.png","width":320,"height":71,"caption":"Bantam"},"image":{"@id":"https:\/\/shop.bantam.ch\/fr\/#\/schema\/logo\/image\/"}}]}},"_links":{"self":[{"href":"https:\/\/shop.bantam.ch\/fr\/wp-json\/wp\/v2\/product\/197577","targetHints":{"allow":["GET"]}}],"collection":[{"href":"https:\/\/shop.bantam.ch\/fr\/wp-json\/wp\/v2\/product"}],"about":[{"href":"https:\/\/shop.bantam.ch\/fr\/wp-json\/wp\/v2\/types\/product"}],"wp:featuredmedia":[{"embeddable":true,"href":"https:\/\/shop.bantam.ch\/fr\/wp-json\/wp\/v2\/media\/197575"}],"wp:attachment":[{"href":"https:\/\/shop.bantam.ch\/fr\/wp-json\/wp\/v2\/media?parent=197577"}],"wp:term":[{"taxonomy":"product_featured_cat","embeddable":true,"href":"https:\/\/shop.bantam.ch\/fr\/wp-json\/wp\/v2\/product_featured_cat?post=197577"},{"taxonomy":"product_brand","embeddable":true,"href":"https:\/\/shop.bantam.ch\/fr\/wp-json\/wp\/v2\/product_brand?post=197577"},{"taxonomy":"product_cat","embeddable":true,"href":"https:\/\/shop.bantam.ch\/fr\/wp-json\/wp\/v2\/product_cat?post=197577"},{"taxonomy":"product_tag","embeddable":true,"href":"https:\/\/shop.bantam.ch\/fr\/wp-json\/wp\/v2\/product_tag?post=197577"}],"curies":[{"name":"wp","href":"https:\/\/api.w.org\/{rel}","templated":true}]}}