{"id":197543,"date":"2024-05-15T16:26:20","date_gmt":"2024-05-15T14:26:20","guid":{"rendered":"https:\/\/shop.bantam.ch\/produit\/antenne-internet-wifi-et-combo-tv-terrestre-lte-dvb-t2-roam-x-combo-2x2-4g-5g\/"},"modified":"2026-04-19T01:17:08","modified_gmt":"2026-04-18T23:17:08","slug":"antenne-internet-wifi-et-combo-tv-terrestre-lte-dvb-t2-roam-x-combo-2x2-4g-5g","status":"publish","type":"product","link":"https:\/\/shop.bantam.ch\/fr\/produit\/antenne-internet-wifi-et-combo-tv-terrestre-lte-dvb-t2-roam-x-combo-2x2-4g-5g\/","title":{"rendered":"Antenne Internet WiFi et Combo TV terrestre LTE \/ DVB-T2 Roam X COMBO 2&#215;2 4G \/ 5G"},"content":{"rendered":"<p>1 antenne &#8211; 2 applications!<br \/>\nInternet WLAN 4G\/5G et t\u00e9l\u00e9vision terrestre dans une solution compacte et a\u00e9rodynamique. Economise la surface du toit et le temps d&rsquo;installation.<br \/>\nRestez connect\u00e9 tout au long de votre voyage gr\u00e2ce \u00e0 notre derni\u00e8re antenne Roam- Combo Maxview. L&rsquo;antenne Roam-Combo offre une solution WLAN 4G\/5G et de t\u00e9l\u00e9vision terrestre puissante. Cette solution tout-en-un a \u00e9t\u00e9 con\u00e7ue pour offrir une connectivit\u00e9 Internet sans compromis ainsi que la t\u00e9l\u00e9vision terrestre gratuite.<\/p>\n<p>Caract\u00e9ristiques de l&rsquo;amplificateur TV:<\/p>\n<ul>\n<li>Con\u00e7u pour amplifier et distribuer les signaux num\u00e9riques terrestres, pour am\u00e9liorer l&rsquo;image et le son.<\/li>\n<li>Alimentation \u00e9lectrique 12\/24V<\/li>\n<li>L&rsquo;alimentation est assur\u00e9e par une ligne \u00e9lectrique de 12\/24 V. Le c\u00e2ble de raccordement 12\/24 V fourni dispose d&rsquo;un fusible suppl\u00e9mentaire.<\/li>\n<li>Contr\u00f4le du gain variable<\/li>\n<li>Le gain r\u00e9glable de 0 \u00e0 19 db permet \u00e0 l&rsquo;utilisateur d&rsquo;ajuster le gain en fonction de l&rsquo;endroit o\u00f9 il se trouve afin d&rsquo;avoir toujours une image impeccable.<\/li>\n<li>Sortie TWIN<\/li>\n<li>Permet de fournir le signal amplifi\u00e9 \u00e0 deux t\u00e9l\u00e9viseurs sans affecter la qualit\u00e9 du signal.<\/li>\n<li>Compatible 4G\/5G (filtre)<\/li>\n<li>Con\u00e7ue pour filtrer la bande 4G\/5G afin de garantir une r\u00e9ception maximale de la TNT.<\/li>\n<\/ul>\n<p>Caract\u00e9ristiques de l&rsquo;antenne:<\/p>\n<ul>\n<li>R\u00e9ception omnidirectionnelle sur 360\u00b0.<\/li>\n<li>Gr\u00e2ce \u00e0 la r\u00e9ception de signaux sur 360 degr\u00e9s, l&rsquo;antenne Roam Combo n&rsquo;a pas besoin d&rsquo;\u00eatre orient\u00e9e et est donc facile \u00e0 utiliser.<\/li>\n<li>Design de qualit\u00e9 et a\u00e9rodynamique<\/li>\n<li>Le design plat et a\u00e9rodynamique conf\u00e8re \u00e0 la Roam Combo non seulement une belle apparence, mais aussi d&rsquo;excellentes propri\u00e9t\u00e9s de r\u00e9ception, m\u00eame pendant la conduite.<\/li>\n<li>Taille compacte<\/li>\n<li>Le Roam Combo ne prend que peu de place sur le toit et peut donc \u00eatre install\u00e9 \u00e0 presque n&rsquo;importe quel endroit du toit.<\/li>\n<li>Installation flexible<\/li>\n<li>Le pied de montage unique peut \u00eatre coll\u00e9, par exemple, avec du Sikaflex-554. Le Roam Combo ne n\u00e9cessite qu&rsquo;un seul trou pour faire passer le c\u00e2ble coaxial et les<\/li>\n<li>deux c\u00e2bles SMA vers l&rsquo;int\u00e9rieur.<\/li>\n<li>Antenne 5G<\/li>\n<li>L&rsquo;antenne Roam Combo est une antenne 4G\/5G et dispose donc \u00e9galement de la gamme de fr\u00e9quences pour la 5G et peut \u00e9ventuellement \u00eatre utilis\u00e9e avec un routeur 5G.<\/li>\n<li>Antenne terrestre<\/li>\n<li>Re\u00e7oit toutes les cha\u00eenes de t\u00e9l\u00e9vision terrestres gratuites disponibles.<\/li>\n<li>Transmission fiable des donn\u00e9es<\/li>\n<li>2 x c\u00e2ble SMA 0,8 m avec connecteurs twist-on.<\/li>\n<li>1 x c\u00e2ble coaxial de 5 m avec connecteur \u00ab\u00a0F\u00a0\u00bb s\u00e9par\u00e9 (inclus).<\/li>\n<li>Gamme de fr\u00e9quences: 698 &#8211; 6000 MHz<\/li>\n<\/ul>\n","protected":false},"excerpt":{"rendered":"<p>1 antenne &#8211; 2 applications! Internet WLAN 4G\/5G et t\u00e9l\u00e9vision terrestre dans une solution compacte et a\u00e9rodynamique. Economise la surface du toit et le temps d&rsquo;installation. Restez connect\u00e9 tout au long de votre voyage gr\u00e2ce \u00e0 notre derni\u00e8re antenne Roam- Combo Maxview. L&rsquo;antenne Roam-Combo offre une solution WLAN 4G\/5G et de t\u00e9l\u00e9vision terrestre puissante. Cette [&hellip;]<\/p>\n","protected":false},"featured_media":197539,"template":"","meta":{"_acf_changed":false},"product_featured_cat":[],"product_brand":[3082],"product_cat":[5151],"product_tag":[],"class_list":{"0":"post-197543","1":"product","2":"type-product","3":"status-publish","4":"has-post-thumbnail","6":"product_brand-maxview","7":"product_cat-antennes-wlan-et-lte","9":"first","10":"instock","11":"taxable","12":"shipping-taxable","13":"purchasable","14":"product-type-variable"},"acf":[],"yoast_head":"<!-- This site is optimized with the Yoast SEO plugin v27.4 - https:\/\/yoast.com\/product\/yoast-seo-wordpress\/ -->\n<title>Antenne Internet WiFi et Combo TV terrestre LTE \/ DVB-T2 Roam X COMBO 2x2 4G \/ 5G - Bantam Wankm\u00fcller SA<\/title>\n<meta name=\"robots\" content=\"index, follow, max-snippet:-1, max-image-preview:large, max-video-preview:-1\" \/>\n<link rel=\"canonical\" href=\"https:\/\/shop.bantam.ch\/fr\/produit\/antenne-internet-wifi-et-combo-tv-terrestre-lte-dvb-t2-roam-x-combo-2x2-4g-5g\/\" \/>\n<meta property=\"og:locale\" content=\"fr_FR\" \/>\n<meta property=\"og:type\" content=\"article\" \/>\n<meta property=\"og:title\" content=\"Antenne Internet WiFi et Combo TV terrestre LTE \/ DVB-T2 Roam X COMBO 2x2 4G \/ 5G - Bantam Wankm\u00fcller SA\" \/>\n<meta property=\"og:description\" content=\"1 antenne &#8211; 2 applications! Internet WLAN 4G\/5G et t\u00e9l\u00e9vision terrestre dans une solution compacte et a\u00e9rodynamique. Economise la surface du toit et le temps d&rsquo;installation. Restez connect\u00e9 tout au long de votre voyage gr\u00e2ce \u00e0 notre derni\u00e8re antenne Roam- Combo Maxview. L&rsquo;antenne Roam-Combo offre une solution WLAN 4G\/5G et de t\u00e9l\u00e9vision terrestre puissante. Cette [&hellip;]\" \/>\n<meta property=\"og:url\" content=\"https:\/\/shop.bantam.ch\/fr\/produit\/antenne-internet-wifi-et-combo-tv-terrestre-lte-dvb-t2-roam-x-combo-2x2-4g-5g\/\" \/>\n<meta property=\"og:site_name\" content=\"Bantam Wankm\u00fcller SA\" \/>\n<meta property=\"article:modified_time\" content=\"2026-04-18T23:17:08+00:00\" \/>\n<meta property=\"og:image\" content=\"https:\/\/shop.bantam.ch\/wp-content\/uploads\/2024\/05\/Movera-L-9963279100.jpg\" \/>\n\t<meta property=\"og:image:width\" content=\"640\" \/>\n\t<meta property=\"og:image:height\" content=\"642\" \/>\n\t<meta property=\"og:image:type\" content=\"image\/jpeg\" \/>\n<meta name=\"twitter:card\" content=\"summary_large_image\" \/>\n<meta name=\"twitter:label1\" content=\"Dur\u00e9e de lecture estim\u00e9e\" \/>\n\t<meta name=\"twitter:data1\" content=\"2 minutes\" \/>\n<script type=\"application\/ld+json\" class=\"yoast-schema-graph\">{\"@context\":\"https:\\\/\\\/schema.org\",\"@graph\":[{\"@type\":\"WebPage\",\"@id\":\"https:\\\/\\\/shop.bantam.ch\\\/fr\\\/produit\\\/antenne-internet-wifi-et-combo-tv-terrestre-lte-dvb-t2-roam-x-combo-2x2-4g-5g\\\/\",\"url\":\"https:\\\/\\\/shop.bantam.ch\\\/fr\\\/produit\\\/antenne-internet-wifi-et-combo-tv-terrestre-lte-dvb-t2-roam-x-combo-2x2-4g-5g\\\/\",\"name\":\"Antenne Internet WiFi et Combo TV terrestre LTE \\\/ DVB-T2 Roam X COMBO 2x2 4G \\\/ 5G - Bantam Wankm\u00fcller SA\",\"isPartOf\":{\"@id\":\"https:\\\/\\\/shop.bantam.ch\\\/fr\\\/#website\"},\"primaryImageOfPage\":{\"@id\":\"https:\\\/\\\/shop.bantam.ch\\\/fr\\\/produit\\\/antenne-internet-wifi-et-combo-tv-terrestre-lte-dvb-t2-roam-x-combo-2x2-4g-5g\\\/#primaryimage\"},\"image\":{\"@id\":\"https:\\\/\\\/shop.bantam.ch\\\/fr\\\/produit\\\/antenne-internet-wifi-et-combo-tv-terrestre-lte-dvb-t2-roam-x-combo-2x2-4g-5g\\\/#primaryimage\"},\"thumbnailUrl\":\"https:\\\/\\\/shop.bantam.ch\\\/wp-content\\\/uploads\\\/2024\\\/05\\\/Movera-L-9963279100.jpg\",\"datePublished\":\"2024-05-15T14:26:20+00:00\",\"dateModified\":\"2026-04-18T23:17:08+00:00\",\"breadcrumb\":{\"@id\":\"https:\\\/\\\/shop.bantam.ch\\\/fr\\\/produit\\\/antenne-internet-wifi-et-combo-tv-terrestre-lte-dvb-t2-roam-x-combo-2x2-4g-5g\\\/#breadcrumb\"},\"inLanguage\":\"fr-FR\",\"potentialAction\":[{\"@type\":\"ReadAction\",\"target\":[\"https:\\\/\\\/shop.bantam.ch\\\/fr\\\/produit\\\/antenne-internet-wifi-et-combo-tv-terrestre-lte-dvb-t2-roam-x-combo-2x2-4g-5g\\\/\"]}]},{\"@type\":\"ImageObject\",\"inLanguage\":\"fr-FR\",\"@id\":\"https:\\\/\\\/shop.bantam.ch\\\/fr\\\/produit\\\/antenne-internet-wifi-et-combo-tv-terrestre-lte-dvb-t2-roam-x-combo-2x2-4g-5g\\\/#primaryimage\",\"url\":\"https:\\\/\\\/shop.bantam.ch\\\/wp-content\\\/uploads\\\/2024\\\/05\\\/Movera-L-9963279100.jpg\",\"contentUrl\":\"https:\\\/\\\/shop.bantam.ch\\\/wp-content\\\/uploads\\\/2024\\\/05\\\/Movera-L-9963279100.jpg\",\"width\":640,\"height\":642},{\"@type\":\"BreadcrumbList\",\"@id\":\"https:\\\/\\\/shop.bantam.ch\\\/fr\\\/produit\\\/antenne-internet-wifi-et-combo-tv-terrestre-lte-dvb-t2-roam-x-combo-2x2-4g-5g\\\/#breadcrumb\",\"itemListElement\":[{\"@type\":\"ListItem\",\"position\":1,\"name\":\"Accueil\",\"item\":\"https:\\\/\\\/shop.bantam.ch\\\/fr\\\/\"},{\"@type\":\"ListItem\",\"position\":2,\"name\":\"Boutique\",\"item\":\"https:\\\/\\\/shop.bantam.ch\\\/fr\\\/boutique\\\/\"},{\"@type\":\"ListItem\",\"position\":3,\"name\":\"Antenne Internet WiFi et Combo TV terrestre LTE \\\/ DVB-T2 Roam X COMBO 2&#215;2 4G \\\/ 5G\"}]},{\"@type\":\"WebSite\",\"@id\":\"https:\\\/\\\/shop.bantam.ch\\\/fr\\\/#website\",\"url\":\"https:\\\/\\\/shop.bantam.ch\\\/fr\\\/\",\"name\":\"Bantam Wankm\u00fcller SA\",\"description\":\"\",\"publisher\":{\"@id\":\"https:\\\/\\\/shop.bantam.ch\\\/fr\\\/#organization\"},\"inLanguage\":\"fr-FR\"},{\"@type\":\"Organization\",\"@id\":\"https:\\\/\\\/shop.bantam.ch\\\/fr\\\/#organization\",\"name\":\"Bantam Wankm\u00fcller SA\",\"url\":\"https:\\\/\\\/shop.bantam.ch\\\/fr\\\/\",\"logo\":{\"@type\":\"ImageObject\",\"inLanguage\":\"fr-FR\",\"@id\":\"https:\\\/\\\/shop.bantam.ch\\\/fr\\\/#\\\/schema\\\/logo\\\/image\\\/\",\"url\":\"https:\\\/\\\/shop.bantam.ch\\\/wp-content\\\/uploads\\\/2022\\\/12\\\/bantam-logo.png\",\"contentUrl\":\"https:\\\/\\\/shop.bantam.ch\\\/wp-content\\\/uploads\\\/2022\\\/12\\\/bantam-logo.png\",\"width\":320,\"height\":71,\"caption\":\"Bantam Wankm\u00fcller SA\"},\"image\":{\"@id\":\"https:\\\/\\\/shop.bantam.ch\\\/fr\\\/#\\\/schema\\\/logo\\\/image\\\/\"}}]}<\/script>\n<!-- \/ Yoast SEO plugin. -->","yoast_head_json":{"title":"Antenne Internet WiFi et Combo TV terrestre LTE \/ DVB-T2 Roam X COMBO 2x2 4G \/ 5G - Bantam Wankm\u00fcller SA","robots":{"index":"index","follow":"follow","max-snippet":"max-snippet:-1","max-image-preview":"max-image-preview:large","max-video-preview":"max-video-preview:-1"},"canonical":"https:\/\/shop.bantam.ch\/fr\/produit\/antenne-internet-wifi-et-combo-tv-terrestre-lte-dvb-t2-roam-x-combo-2x2-4g-5g\/","og_locale":"fr_FR","og_type":"article","og_title":"Antenne Internet WiFi et Combo TV terrestre LTE \/ DVB-T2 Roam X COMBO 2x2 4G \/ 5G - Bantam Wankm\u00fcller SA","og_description":"1 antenne &#8211; 2 applications! Internet WLAN 4G\/5G et t\u00e9l\u00e9vision terrestre dans une solution compacte et a\u00e9rodynamique. Economise la surface du toit et le temps d&rsquo;installation. Restez connect\u00e9 tout au long de votre voyage gr\u00e2ce \u00e0 notre derni\u00e8re antenne Roam- Combo Maxview. L&rsquo;antenne Roam-Combo offre une solution WLAN 4G\/5G et de t\u00e9l\u00e9vision terrestre puissante. Cette [&hellip;]","og_url":"https:\/\/shop.bantam.ch\/fr\/produit\/antenne-internet-wifi-et-combo-tv-terrestre-lte-dvb-t2-roam-x-combo-2x2-4g-5g\/","og_site_name":"Bantam Wankm\u00fcller SA","article_modified_time":"2026-04-18T23:17:08+00:00","og_image":[{"width":640,"height":642,"url":"https:\/\/shop.bantam.ch\/wp-content\/uploads\/2024\/05\/Movera-L-9963279100.jpg","type":"image\/jpeg"}],"twitter_card":"summary_large_image","twitter_misc":{"Dur\u00e9e de lecture estim\u00e9e":"2 minutes"},"schema":{"@context":"https:\/\/schema.org","@graph":[{"@type":"WebPage","@id":"https:\/\/shop.bantam.ch\/fr\/produit\/antenne-internet-wifi-et-combo-tv-terrestre-lte-dvb-t2-roam-x-combo-2x2-4g-5g\/","url":"https:\/\/shop.bantam.ch\/fr\/produit\/antenne-internet-wifi-et-combo-tv-terrestre-lte-dvb-t2-roam-x-combo-2x2-4g-5g\/","name":"Antenne Internet WiFi et Combo TV terrestre LTE \/ DVB-T2 Roam X COMBO 2x2 4G \/ 5G - Bantam Wankm\u00fcller SA","isPartOf":{"@id":"https:\/\/shop.bantam.ch\/fr\/#website"},"primaryImageOfPage":{"@id":"https:\/\/shop.bantam.ch\/fr\/produit\/antenne-internet-wifi-et-combo-tv-terrestre-lte-dvb-t2-roam-x-combo-2x2-4g-5g\/#primaryimage"},"image":{"@id":"https:\/\/shop.bantam.ch\/fr\/produit\/antenne-internet-wifi-et-combo-tv-terrestre-lte-dvb-t2-roam-x-combo-2x2-4g-5g\/#primaryimage"},"thumbnailUrl":"https:\/\/shop.bantam.ch\/wp-content\/uploads\/2024\/05\/Movera-L-9963279100.jpg","datePublished":"2024-05-15T14:26:20+00:00","dateModified":"2026-04-18T23:17:08+00:00","breadcrumb":{"@id":"https:\/\/shop.bantam.ch\/fr\/produit\/antenne-internet-wifi-et-combo-tv-terrestre-lte-dvb-t2-roam-x-combo-2x2-4g-5g\/#breadcrumb"},"inLanguage":"fr-FR","potentialAction":[{"@type":"ReadAction","target":["https:\/\/shop.bantam.ch\/fr\/produit\/antenne-internet-wifi-et-combo-tv-terrestre-lte-dvb-t2-roam-x-combo-2x2-4g-5g\/"]}]},{"@type":"ImageObject","inLanguage":"fr-FR","@id":"https:\/\/shop.bantam.ch\/fr\/produit\/antenne-internet-wifi-et-combo-tv-terrestre-lte-dvb-t2-roam-x-combo-2x2-4g-5g\/#primaryimage","url":"https:\/\/shop.bantam.ch\/wp-content\/uploads\/2024\/05\/Movera-L-9963279100.jpg","contentUrl":"https:\/\/shop.bantam.ch\/wp-content\/uploads\/2024\/05\/Movera-L-9963279100.jpg","width":640,"height":642},{"@type":"BreadcrumbList","@id":"https:\/\/shop.bantam.ch\/fr\/produit\/antenne-internet-wifi-et-combo-tv-terrestre-lte-dvb-t2-roam-x-combo-2x2-4g-5g\/#breadcrumb","itemListElement":[{"@type":"ListItem","position":1,"name":"Accueil","item":"https:\/\/shop.bantam.ch\/fr\/"},{"@type":"ListItem","position":2,"name":"Boutique","item":"https:\/\/shop.bantam.ch\/fr\/boutique\/"},{"@type":"ListItem","position":3,"name":"Antenne Internet WiFi et Combo TV terrestre LTE \/ DVB-T2 Roam X COMBO 2&#215;2 4G \/ 5G"}]},{"@type":"WebSite","@id":"https:\/\/shop.bantam.ch\/fr\/#website","url":"https:\/\/shop.bantam.ch\/fr\/","name":"Bantam Wankm\u00fcller SA","description":"","publisher":{"@id":"https:\/\/shop.bantam.ch\/fr\/#organization"},"inLanguage":"fr-FR"},{"@type":"Organization","@id":"https:\/\/shop.bantam.ch\/fr\/#organization","name":"Bantam Wankm\u00fcller SA","url":"https:\/\/shop.bantam.ch\/fr\/","logo":{"@type":"ImageObject","inLanguage":"fr-FR","@id":"https:\/\/shop.bantam.ch\/fr\/#\/schema\/logo\/image\/","url":"https:\/\/shop.bantam.ch\/wp-content\/uploads\/2022\/12\/bantam-logo.png","contentUrl":"https:\/\/shop.bantam.ch\/wp-content\/uploads\/2022\/12\/bantam-logo.png","width":320,"height":71,"caption":"Bantam Wankm\u00fcller SA"},"image":{"@id":"https:\/\/shop.bantam.ch\/fr\/#\/schema\/logo\/image\/"}}]}},"_links":{"self":[{"href":"https:\/\/shop.bantam.ch\/fr\/wp-json\/wp\/v2\/product\/197543","targetHints":{"allow":["GET"]}}],"collection":[{"href":"https:\/\/shop.bantam.ch\/fr\/wp-json\/wp\/v2\/product"}],"about":[{"href":"https:\/\/shop.bantam.ch\/fr\/wp-json\/wp\/v2\/types\/product"}],"wp:featuredmedia":[{"embeddable":true,"href":"https:\/\/shop.bantam.ch\/fr\/wp-json\/wp\/v2\/media\/197539"}],"wp:attachment":[{"href":"https:\/\/shop.bantam.ch\/fr\/wp-json\/wp\/v2\/media?parent=197543"}],"wp:term":[{"taxonomy":"product_featured_cat","embeddable":true,"href":"https:\/\/shop.bantam.ch\/fr\/wp-json\/wp\/v2\/product_featured_cat?post=197543"},{"taxonomy":"product_brand","embeddable":true,"href":"https:\/\/shop.bantam.ch\/fr\/wp-json\/wp\/v2\/product_brand?post=197543"},{"taxonomy":"product_cat","embeddable":true,"href":"https:\/\/shop.bantam.ch\/fr\/wp-json\/wp\/v2\/product_cat?post=197543"},{"taxonomy":"product_tag","embeddable":true,"href":"https:\/\/shop.bantam.ch\/fr\/wp-json\/wp\/v2\/product_tag?post=197543"}],"curies":[{"name":"wp","href":"https:\/\/api.w.org\/{rel}","templated":true}]}}