{"id":197495,"date":"2024-05-15T16:24:56","date_gmt":"2024-05-15T14:24:56","guid":{"rendered":"https:\/\/shop.bantam.ch\/produit\/antenne-lte-4x4-4g-5g-maxview\/"},"modified":"2026-04-19T01:16:35","modified_gmt":"2026-04-18T23:16:35","slug":"antenne-lte-4x4-4g-5g-maxview","status":"publish","type":"product","link":"https:\/\/shop.bantam.ch\/fr\/produit\/antenne-lte-4x4-4g-5g-maxview\/","title":{"rendered":"Antenne LTE 4&#215;4 4G\/5G Maxview"},"content":{"rendered":"<p>Maxview a plusieurs antennes Internet omnidirectionnelles dans son portefeuille de produits afin de pouvoir offrir une solution pour chaque utilisation. Pour ceux qui poss\u00e8dent d\u00e9j\u00e0 un routeur 4G\/5G ou pour ceux qui souhaitent cr\u00e9er leur propre configuration WLAN 4G\/5G unique pour un besoin sp\u00e9cifique. Nos antennes puissantes ont \u00e9t\u00e9 sp\u00e9cialement con\u00e7ues pour les v\u00e9hicules et optimis\u00e9es pour une utilisation dans les zones rurales et isol\u00e9es. Nos antennes couvrent toutes les fr\u00e9quences 5G, 4G et 3G jusqu&rsquo;\u00e0 6000 MHz avec un gain allant jusqu&rsquo;\u00e0 8,8 dBi.<br \/>\nDesign plat et a\u00e9rodynamique pour le montage sur le toit, prend peu de place sur le toit et permet une installation discr\u00e8te. Rapide \u00e0 installer avec un tampon autocollant 3M pr\u00e9mont\u00e9, tandis que la vis creuse interne assure une \u00e9tanch\u00e9it\u00e9 \u00e0 l&rsquo;eau. La transmission via 2 ou 4 c\u00e2bles SMA (selon le mod\u00e8le) et des connecteurs r\u00e9sistants aux vibrations en standard garantissent un transfert de donn\u00e9es fiable.<br \/>\nCompatible avec les routeurs 4G\/5G les plus courants, comme par exemple Teltonika, Huawei, Netgear, TP-Link, ZTE et bien d&rsquo;autres. Toutes les antennes sont livr\u00e9es en usine avec un adaptateur SMA vers TS9s afin de pouvoir connecter les c\u00e2bles SMA aux diff\u00e9rents routeurs. La gamme de produits Maxview MIMO dispose de trois types d&rsquo;antennes omnidirectionnelles. Choisissez les caract\u00e9ristiques de performance en fonction de vos besoins.<\/p>\n<p>Id\u00e9al pour les routeurs 4G et 5G puissants avec 4 connecteurs SMA. L&rsquo;antenne Maxview 4&#215;4 MIMO est le partenaire id\u00e9al pour votre routeur 5G.<\/p>\n","protected":false},"excerpt":{"rendered":"<p>Maxview a plusieurs antennes Internet omnidirectionnelles dans son portefeuille de produits afin de pouvoir offrir une solution pour chaque utilisation. Pour ceux qui poss\u00e8dent d\u00e9j\u00e0 un routeur 4G\/5G ou pour ceux qui souhaitent cr\u00e9er leur propre configuration WLAN 4G\/5G unique pour un besoin sp\u00e9cifique. Nos antennes puissantes ont \u00e9t\u00e9 sp\u00e9cialement con\u00e7ues pour les v\u00e9hicules et [&hellip;]<\/p>\n","protected":false},"featured_media":197489,"template":"","meta":{"_acf_changed":false},"product_featured_cat":[],"product_brand":[3082],"product_cat":[5151],"product_tag":[],"class_list":{"0":"post-197495","1":"product","2":"type-product","3":"status-publish","4":"has-post-thumbnail","6":"product_brand-maxview","7":"product_cat-antennes-wlan-et-lte","9":"first","10":"instock","11":"taxable","12":"shipping-taxable","13":"purchasable","14":"product-type-variable"},"acf":[],"yoast_head":"<!-- This site is optimized with the Yoast SEO plugin v27.4 - https:\/\/yoast.com\/product\/yoast-seo-wordpress\/ -->\n<title>Antenne LTE 4x4 4G\/5G Maxview - Bantam Wankm\u00fcller SA<\/title>\n<meta name=\"robots\" content=\"index, follow, max-snippet:-1, max-image-preview:large, max-video-preview:-1\" \/>\n<link rel=\"canonical\" href=\"https:\/\/shop.bantam.ch\/fr\/produit\/antenne-lte-4x4-4g-5g-maxview\/\" \/>\n<meta property=\"og:locale\" content=\"fr_FR\" \/>\n<meta property=\"og:type\" content=\"article\" \/>\n<meta property=\"og:title\" content=\"Antenne LTE 4x4 4G\/5G Maxview - Bantam Wankm\u00fcller SA\" \/>\n<meta property=\"og:description\" content=\"Maxview a plusieurs antennes Internet omnidirectionnelles dans son portefeuille de produits afin de pouvoir offrir une solution pour chaque utilisation. Pour ceux qui poss\u00e8dent d\u00e9j\u00e0 un routeur 4G\/5G ou pour ceux qui souhaitent cr\u00e9er leur propre configuration WLAN 4G\/5G unique pour un besoin sp\u00e9cifique. Nos antennes puissantes ont \u00e9t\u00e9 sp\u00e9cialement con\u00e7ues pour les v\u00e9hicules et [&hellip;]\" \/>\n<meta property=\"og:url\" content=\"https:\/\/shop.bantam.ch\/fr\/produit\/antenne-lte-4x4-4g-5g-maxview\/\" \/>\n<meta property=\"og:site_name\" content=\"Bantam Wankm\u00fcller SA\" \/>\n<meta property=\"article:modified_time\" content=\"2026-04-18T23:16:35+00:00\" \/>\n<meta property=\"og:image\" content=\"https:\/\/shop.bantam.ch\/wp-content\/uploads\/2024\/05\/Movera-L-9963271100.jpg\" \/>\n\t<meta property=\"og:image:width\" content=\"640\" \/>\n\t<meta property=\"og:image:height\" content=\"789\" \/>\n\t<meta property=\"og:image:type\" content=\"image\/jpeg\" \/>\n<meta name=\"twitter:card\" content=\"summary_large_image\" \/>\n<meta name=\"twitter:label1\" content=\"Dur\u00e9e de lecture estim\u00e9e\" \/>\n\t<meta name=\"twitter:data1\" content=\"1 minute\" \/>\n<script type=\"application\/ld+json\" class=\"yoast-schema-graph\">{\"@context\":\"https:\\\/\\\/schema.org\",\"@graph\":[{\"@type\":\"WebPage\",\"@id\":\"https:\\\/\\\/shop.bantam.ch\\\/fr\\\/produit\\\/antenne-lte-4x4-4g-5g-maxview\\\/\",\"url\":\"https:\\\/\\\/shop.bantam.ch\\\/fr\\\/produit\\\/antenne-lte-4x4-4g-5g-maxview\\\/\",\"name\":\"Antenne LTE 4x4 4G\\\/5G Maxview - Bantam Wankm\u00fcller SA\",\"isPartOf\":{\"@id\":\"https:\\\/\\\/shop.bantam.ch\\\/fr\\\/#website\"},\"primaryImageOfPage\":{\"@id\":\"https:\\\/\\\/shop.bantam.ch\\\/fr\\\/produit\\\/antenne-lte-4x4-4g-5g-maxview\\\/#primaryimage\"},\"image\":{\"@id\":\"https:\\\/\\\/shop.bantam.ch\\\/fr\\\/produit\\\/antenne-lte-4x4-4g-5g-maxview\\\/#primaryimage\"},\"thumbnailUrl\":\"https:\\\/\\\/shop.bantam.ch\\\/wp-content\\\/uploads\\\/2024\\\/05\\\/Movera-L-9963271100.jpg\",\"datePublished\":\"2024-05-15T14:24:56+00:00\",\"dateModified\":\"2026-04-18T23:16:35+00:00\",\"breadcrumb\":{\"@id\":\"https:\\\/\\\/shop.bantam.ch\\\/fr\\\/produit\\\/antenne-lte-4x4-4g-5g-maxview\\\/#breadcrumb\"},\"inLanguage\":\"fr-FR\",\"potentialAction\":[{\"@type\":\"ReadAction\",\"target\":[\"https:\\\/\\\/shop.bantam.ch\\\/fr\\\/produit\\\/antenne-lte-4x4-4g-5g-maxview\\\/\"]}]},{\"@type\":\"ImageObject\",\"inLanguage\":\"fr-FR\",\"@id\":\"https:\\\/\\\/shop.bantam.ch\\\/fr\\\/produit\\\/antenne-lte-4x4-4g-5g-maxview\\\/#primaryimage\",\"url\":\"https:\\\/\\\/shop.bantam.ch\\\/wp-content\\\/uploads\\\/2024\\\/05\\\/Movera-L-9963271100.jpg\",\"contentUrl\":\"https:\\\/\\\/shop.bantam.ch\\\/wp-content\\\/uploads\\\/2024\\\/05\\\/Movera-L-9963271100.jpg\",\"width\":640,\"height\":789},{\"@type\":\"BreadcrumbList\",\"@id\":\"https:\\\/\\\/shop.bantam.ch\\\/fr\\\/produit\\\/antenne-lte-4x4-4g-5g-maxview\\\/#breadcrumb\",\"itemListElement\":[{\"@type\":\"ListItem\",\"position\":1,\"name\":\"Accueil\",\"item\":\"https:\\\/\\\/shop.bantam.ch\\\/fr\\\/\"},{\"@type\":\"ListItem\",\"position\":2,\"name\":\"Boutique\",\"item\":\"https:\\\/\\\/shop.bantam.ch\\\/fr\\\/boutique\\\/\"},{\"@type\":\"ListItem\",\"position\":3,\"name\":\"Antenne LTE 4&#215;4 4G\\\/5G Maxview\"}]},{\"@type\":\"WebSite\",\"@id\":\"https:\\\/\\\/shop.bantam.ch\\\/fr\\\/#website\",\"url\":\"https:\\\/\\\/shop.bantam.ch\\\/fr\\\/\",\"name\":\"Bantam Wankm\u00fcller SA\",\"description\":\"\",\"publisher\":{\"@id\":\"https:\\\/\\\/shop.bantam.ch\\\/fr\\\/#organization\"},\"inLanguage\":\"fr-FR\"},{\"@type\":\"Organization\",\"@id\":\"https:\\\/\\\/shop.bantam.ch\\\/fr\\\/#organization\",\"name\":\"Bantam Wankm\u00fcller SA\",\"url\":\"https:\\\/\\\/shop.bantam.ch\\\/fr\\\/\",\"logo\":{\"@type\":\"ImageObject\",\"inLanguage\":\"fr-FR\",\"@id\":\"https:\\\/\\\/shop.bantam.ch\\\/fr\\\/#\\\/schema\\\/logo\\\/image\\\/\",\"url\":\"https:\\\/\\\/shop.bantam.ch\\\/wp-content\\\/uploads\\\/2022\\\/12\\\/bantam-logo.png\",\"contentUrl\":\"https:\\\/\\\/shop.bantam.ch\\\/wp-content\\\/uploads\\\/2022\\\/12\\\/bantam-logo.png\",\"width\":320,\"height\":71,\"caption\":\"Bantam Wankm\u00fcller SA\"},\"image\":{\"@id\":\"https:\\\/\\\/shop.bantam.ch\\\/fr\\\/#\\\/schema\\\/logo\\\/image\\\/\"}}]}<\/script>\n<!-- \/ Yoast SEO plugin. -->","yoast_head_json":{"title":"Antenne LTE 4x4 4G\/5G Maxview - Bantam Wankm\u00fcller SA","robots":{"index":"index","follow":"follow","max-snippet":"max-snippet:-1","max-image-preview":"max-image-preview:large","max-video-preview":"max-video-preview:-1"},"canonical":"https:\/\/shop.bantam.ch\/fr\/produit\/antenne-lte-4x4-4g-5g-maxview\/","og_locale":"fr_FR","og_type":"article","og_title":"Antenne LTE 4x4 4G\/5G Maxview - Bantam Wankm\u00fcller SA","og_description":"Maxview a plusieurs antennes Internet omnidirectionnelles dans son portefeuille de produits afin de pouvoir offrir une solution pour chaque utilisation. Pour ceux qui poss\u00e8dent d\u00e9j\u00e0 un routeur 4G\/5G ou pour ceux qui souhaitent cr\u00e9er leur propre configuration WLAN 4G\/5G unique pour un besoin sp\u00e9cifique. Nos antennes puissantes ont \u00e9t\u00e9 sp\u00e9cialement con\u00e7ues pour les v\u00e9hicules et [&hellip;]","og_url":"https:\/\/shop.bantam.ch\/fr\/produit\/antenne-lte-4x4-4g-5g-maxview\/","og_site_name":"Bantam Wankm\u00fcller SA","article_modified_time":"2026-04-18T23:16:35+00:00","og_image":[{"width":640,"height":789,"url":"https:\/\/shop.bantam.ch\/wp-content\/uploads\/2024\/05\/Movera-L-9963271100.jpg","type":"image\/jpeg"}],"twitter_card":"summary_large_image","twitter_misc":{"Dur\u00e9e de lecture estim\u00e9e":"1 minute"},"schema":{"@context":"https:\/\/schema.org","@graph":[{"@type":"WebPage","@id":"https:\/\/shop.bantam.ch\/fr\/produit\/antenne-lte-4x4-4g-5g-maxview\/","url":"https:\/\/shop.bantam.ch\/fr\/produit\/antenne-lte-4x4-4g-5g-maxview\/","name":"Antenne LTE 4x4 4G\/5G Maxview - Bantam Wankm\u00fcller SA","isPartOf":{"@id":"https:\/\/shop.bantam.ch\/fr\/#website"},"primaryImageOfPage":{"@id":"https:\/\/shop.bantam.ch\/fr\/produit\/antenne-lte-4x4-4g-5g-maxview\/#primaryimage"},"image":{"@id":"https:\/\/shop.bantam.ch\/fr\/produit\/antenne-lte-4x4-4g-5g-maxview\/#primaryimage"},"thumbnailUrl":"https:\/\/shop.bantam.ch\/wp-content\/uploads\/2024\/05\/Movera-L-9963271100.jpg","datePublished":"2024-05-15T14:24:56+00:00","dateModified":"2026-04-18T23:16:35+00:00","breadcrumb":{"@id":"https:\/\/shop.bantam.ch\/fr\/produit\/antenne-lte-4x4-4g-5g-maxview\/#breadcrumb"},"inLanguage":"fr-FR","potentialAction":[{"@type":"ReadAction","target":["https:\/\/shop.bantam.ch\/fr\/produit\/antenne-lte-4x4-4g-5g-maxview\/"]}]},{"@type":"ImageObject","inLanguage":"fr-FR","@id":"https:\/\/shop.bantam.ch\/fr\/produit\/antenne-lte-4x4-4g-5g-maxview\/#primaryimage","url":"https:\/\/shop.bantam.ch\/wp-content\/uploads\/2024\/05\/Movera-L-9963271100.jpg","contentUrl":"https:\/\/shop.bantam.ch\/wp-content\/uploads\/2024\/05\/Movera-L-9963271100.jpg","width":640,"height":789},{"@type":"BreadcrumbList","@id":"https:\/\/shop.bantam.ch\/fr\/produit\/antenne-lte-4x4-4g-5g-maxview\/#breadcrumb","itemListElement":[{"@type":"ListItem","position":1,"name":"Accueil","item":"https:\/\/shop.bantam.ch\/fr\/"},{"@type":"ListItem","position":2,"name":"Boutique","item":"https:\/\/shop.bantam.ch\/fr\/boutique\/"},{"@type":"ListItem","position":3,"name":"Antenne LTE 4&#215;4 4G\/5G Maxview"}]},{"@type":"WebSite","@id":"https:\/\/shop.bantam.ch\/fr\/#website","url":"https:\/\/shop.bantam.ch\/fr\/","name":"Bantam Wankm\u00fcller SA","description":"","publisher":{"@id":"https:\/\/shop.bantam.ch\/fr\/#organization"},"inLanguage":"fr-FR"},{"@type":"Organization","@id":"https:\/\/shop.bantam.ch\/fr\/#organization","name":"Bantam Wankm\u00fcller SA","url":"https:\/\/shop.bantam.ch\/fr\/","logo":{"@type":"ImageObject","inLanguage":"fr-FR","@id":"https:\/\/shop.bantam.ch\/fr\/#\/schema\/logo\/image\/","url":"https:\/\/shop.bantam.ch\/wp-content\/uploads\/2022\/12\/bantam-logo.png","contentUrl":"https:\/\/shop.bantam.ch\/wp-content\/uploads\/2022\/12\/bantam-logo.png","width":320,"height":71,"caption":"Bantam Wankm\u00fcller SA"},"image":{"@id":"https:\/\/shop.bantam.ch\/fr\/#\/schema\/logo\/image\/"}}]}},"_links":{"self":[{"href":"https:\/\/shop.bantam.ch\/fr\/wp-json\/wp\/v2\/product\/197495","targetHints":{"allow":["GET"]}}],"collection":[{"href":"https:\/\/shop.bantam.ch\/fr\/wp-json\/wp\/v2\/product"}],"about":[{"href":"https:\/\/shop.bantam.ch\/fr\/wp-json\/wp\/v2\/types\/product"}],"wp:featuredmedia":[{"embeddable":true,"href":"https:\/\/shop.bantam.ch\/fr\/wp-json\/wp\/v2\/media\/197489"}],"wp:attachment":[{"href":"https:\/\/shop.bantam.ch\/fr\/wp-json\/wp\/v2\/media?parent=197495"}],"wp:term":[{"taxonomy":"product_featured_cat","embeddable":true,"href":"https:\/\/shop.bantam.ch\/fr\/wp-json\/wp\/v2\/product_featured_cat?post=197495"},{"taxonomy":"product_brand","embeddable":true,"href":"https:\/\/shop.bantam.ch\/fr\/wp-json\/wp\/v2\/product_brand?post=197495"},{"taxonomy":"product_cat","embeddable":true,"href":"https:\/\/shop.bantam.ch\/fr\/wp-json\/wp\/v2\/product_cat?post=197495"},{"taxonomy":"product_tag","embeddable":true,"href":"https:\/\/shop.bantam.ch\/fr\/wp-json\/wp\/v2\/product_tag?post=197495"}],"curies":[{"name":"wp","href":"https:\/\/api.w.org\/{rel}","templated":true}]}}