{"id":197427,"date":"2024-05-15T16:23:34","date_gmt":"2024-05-15T14:23:34","guid":{"rendered":"https:\/\/shop.bantam.ch\/produit\/climatisation-fjx7-3000\/"},"modified":"2026-04-19T01:16:01","modified_gmt":"2026-04-18T23:16:01","slug":"climatisation-fjx7-3000","status":"publish","type":"product","link":"https:\/\/shop.bantam.ch\/fr\/produit\/climatisation-fjx7-3000\/","title":{"rendered":"Climatisation FJX7 3000"},"content":{"rendered":"<p>Ce climatiseur de toit de 3.000 watts est l&rsquo;un des plus cools que DOMETIC ait jamais construit. L&rsquo;\u00e9l\u00e9gante unit\u00e9 de toit blanche avec sa courbe d&rsquo;\u00e9clairage LED exclusive attire imm\u00e9diatement le regard. \u00c9quip\u00e9 de la derni\u00e8re technologie d&rsquo;inverseur \u00e0 vitesse variable, de compresseur et de pompe \u00e0 chaleur, il refroidit votre v\u00e9hicule plus rapidement, plus silencieusement et plus efficacement que n&rsquo;importe quel autre climatiseur de camping-car sur le march\u00e9. Et si n\u00e9cessaire, il dispose \u00e9galement d&rsquo;une fonction de chauffage.<\/p>\n<p>BIENVENUE DANS LA CLASSE PREMIUM!<br \/>\nCe climatiseur pour camping-car est l&rsquo;un des plus cools que nous ayons jamais construits. L&rsquo;\u00e9l\u00e9gante unit\u00e9 de toit blanche avec sa courbe d&rsquo;\u00e9clairage LED exclusive attire imm\u00e9diatement l&rsquo;attention sur la route et au camping. Avec une puissance de refroidissement de 3.000 watts, le Dometic FreshJet FJX7 3000 refroidit votre caravane ou votre camping-car en un temps record &#8211; plus rapidement, plus silencieusement et plus efficacement que n&rsquo;importe quel autre climatiseur pour camping-car sur le march\u00e9. Et si n\u00e9cessaire, il fournit \u00e9galement une puissance de chauffage de 2500 watts. Le syst\u00e8me CleanAir int\u00e9gr\u00e9 garantit en permanence un air frais et propre \u00e0 l&rsquo;int\u00e9rieur de votre v\u00e9hicule. intelligent<br \/>\nDes options de connexion vous offrent diff\u00e9rentes possibilit\u00e9s de commande pratiques : par t\u00e9l\u00e9commande, application smartphone, thermostat mural ou interface tactile intuitive sur le bo\u00eetier de distribution d&rsquo;air.<\/p>\n<p>Unit\u00e9 de toit a\u00e9rodynamique avec courbe d&rsquo;\u00e9clairage LED remarquable<br \/>\nGr\u00e2ce \u00e0 la technologie de l&rsquo;onduleur, votre camping-car, caravane ou bus est refroidi en un temps record.<br \/>\nGr\u00e2ce \u00e0 la vitesse de rotation variable du compresseur, le FJX7 est particuli\u00e8rement silencieux tout en maintenant la temp\u00e9rature souhait\u00e9e de mani\u00e8re fiable.<br \/>\nConsommation d&rsquo;\u00e9lectricit\u00e9 r\u00e9duite gr\u00e2ce \u00e0 la technologie moderne du compresseur et de la pompe \u00e0 chaleur \u00e0 vitesse variable<br \/>\nR\u00e9duit efficacement les bact\u00e9ries et les odeurs pour que votre camping-car sente le frais et le propre.<br \/>\nCe diffuseur d&rsquo;air \u00e9l\u00e9gant et particuli\u00e8rement plat s&rsquo;int\u00e8gre parfaitement \u00e0 l&rsquo;int\u00e9rieur des camping-cars modernes. Il d\u00e9place l&rsquo;air silencieusement et efficacement dans deux directions : vers l&rsquo;avant et vers l&rsquo;arri\u00e8re. Utilisez le panneau de commande tactile int\u00e9gr\u00e9 \u00e0 fleur de la surface de l&rsquo;appareil pour r\u00e9gler la temp\u00e9rature souhait\u00e9e et la vitesse de la soufflerie. Vous \u00eates ainsi assur\u00e9 de passer des moments inoubliables dans votre maison roulante. Les LED int\u00e9gr\u00e9es produisent une lumi\u00e8re ambiante chaude et douce.<\/p>\n","protected":false},"excerpt":{"rendered":"<p>Ce climatiseur de toit de 3.000 watts est l&rsquo;un des plus cools que DOMETIC ait jamais construit. L&rsquo;\u00e9l\u00e9gante unit\u00e9 de toit blanche avec sa courbe d&rsquo;\u00e9clairage LED exclusive attire imm\u00e9diatement le regard. \u00c9quip\u00e9 de la derni\u00e8re technologie d&rsquo;inverseur \u00e0 vitesse variable, de compresseur et de pompe \u00e0 chaleur, il refroidit votre v\u00e9hicule plus rapidement, plus [&hellip;]<\/p>\n","protected":false},"featured_media":197421,"template":"","meta":{"_acf_changed":false},"product_featured_cat":[],"product_brand":[3028],"product_cat":[4089],"product_tag":[],"class_list":{"0":"post-197427","1":"product","2":"type-product","3":"status-publish","4":"has-post-thumbnail","6":"product_brand-dometic","7":"product_cat-climatisations","9":"first","10":"instock","11":"taxable","12":"shipping-taxable","13":"purchasable","14":"product-type-variable"},"acf":[],"yoast_head":"<!-- This site is optimized with the Yoast SEO plugin v27.4 - https:\/\/yoast.com\/product\/yoast-seo-wordpress\/ -->\n<title>Climatisation FJX7 3000 - Bantam Wankm\u00fcller SA<\/title>\n<meta name=\"robots\" content=\"index, follow, max-snippet:-1, max-image-preview:large, max-video-preview:-1\" \/>\n<link rel=\"canonical\" href=\"https:\/\/shop.bantam.ch\/fr\/produit\/climatisation-fjx7-3000\/\" \/>\n<meta property=\"og:locale\" content=\"fr_FR\" \/>\n<meta property=\"og:type\" content=\"article\" \/>\n<meta property=\"og:title\" content=\"Climatisation FJX7 3000 - Bantam Wankm\u00fcller SA\" \/>\n<meta property=\"og:description\" content=\"Ce climatiseur de toit de 3.000 watts est l&rsquo;un des plus cools que DOMETIC ait jamais construit. L&rsquo;\u00e9l\u00e9gante unit\u00e9 de toit blanche avec sa courbe d&rsquo;\u00e9clairage LED exclusive attire imm\u00e9diatement le regard. \u00c9quip\u00e9 de la derni\u00e8re technologie d&rsquo;inverseur \u00e0 vitesse variable, de compresseur et de pompe \u00e0 chaleur, il refroidit votre v\u00e9hicule plus rapidement, plus [&hellip;]\" \/>\n<meta property=\"og:url\" content=\"https:\/\/shop.bantam.ch\/fr\/produit\/climatisation-fjx7-3000\/\" \/>\n<meta property=\"og:site_name\" content=\"Bantam Wankm\u00fcller SA\" \/>\n<meta property=\"article:modified_time\" content=\"2026-04-18T23:16:01+00:00\" \/>\n<meta property=\"og:image\" content=\"https:\/\/shop.bantam.ch\/wp-content\/uploads\/2024\/05\/Movera-L-9963261100.jpg\" \/>\n\t<meta property=\"og:image:width\" content=\"640\" \/>\n\t<meta property=\"og:image:height\" content=\"640\" \/>\n\t<meta property=\"og:image:type\" content=\"image\/jpeg\" \/>\n<meta name=\"twitter:card\" content=\"summary_large_image\" \/>\n<meta name=\"twitter:label1\" content=\"Dur\u00e9e de lecture estim\u00e9e\" \/>\n\t<meta name=\"twitter:data1\" content=\"2 minutes\" \/>\n<script type=\"application\/ld+json\" class=\"yoast-schema-graph\">{\"@context\":\"https:\\\/\\\/schema.org\",\"@graph\":[{\"@type\":\"WebPage\",\"@id\":\"https:\\\/\\\/shop.bantam.ch\\\/fr\\\/produit\\\/climatisation-fjx7-3000\\\/\",\"url\":\"https:\\\/\\\/shop.bantam.ch\\\/fr\\\/produit\\\/climatisation-fjx7-3000\\\/\",\"name\":\"Climatisation FJX7 3000 - Bantam Wankm\u00fcller SA\",\"isPartOf\":{\"@id\":\"https:\\\/\\\/shop.bantam.ch\\\/fr\\\/#website\"},\"primaryImageOfPage\":{\"@id\":\"https:\\\/\\\/shop.bantam.ch\\\/fr\\\/produit\\\/climatisation-fjx7-3000\\\/#primaryimage\"},\"image\":{\"@id\":\"https:\\\/\\\/shop.bantam.ch\\\/fr\\\/produit\\\/climatisation-fjx7-3000\\\/#primaryimage\"},\"thumbnailUrl\":\"https:\\\/\\\/shop.bantam.ch\\\/wp-content\\\/uploads\\\/2024\\\/05\\\/Movera-L-9963261100.jpg\",\"datePublished\":\"2024-05-15T14:23:34+00:00\",\"dateModified\":\"2026-04-18T23:16:01+00:00\",\"breadcrumb\":{\"@id\":\"https:\\\/\\\/shop.bantam.ch\\\/fr\\\/produit\\\/climatisation-fjx7-3000\\\/#breadcrumb\"},\"inLanguage\":\"fr-FR\",\"potentialAction\":[{\"@type\":\"ReadAction\",\"target\":[\"https:\\\/\\\/shop.bantam.ch\\\/fr\\\/produit\\\/climatisation-fjx7-3000\\\/\"]}]},{\"@type\":\"ImageObject\",\"inLanguage\":\"fr-FR\",\"@id\":\"https:\\\/\\\/shop.bantam.ch\\\/fr\\\/produit\\\/climatisation-fjx7-3000\\\/#primaryimage\",\"url\":\"https:\\\/\\\/shop.bantam.ch\\\/wp-content\\\/uploads\\\/2024\\\/05\\\/Movera-L-9963261100.jpg\",\"contentUrl\":\"https:\\\/\\\/shop.bantam.ch\\\/wp-content\\\/uploads\\\/2024\\\/05\\\/Movera-L-9963261100.jpg\",\"width\":640,\"height\":640},{\"@type\":\"BreadcrumbList\",\"@id\":\"https:\\\/\\\/shop.bantam.ch\\\/fr\\\/produit\\\/climatisation-fjx7-3000\\\/#breadcrumb\",\"itemListElement\":[{\"@type\":\"ListItem\",\"position\":1,\"name\":\"Accueil\",\"item\":\"https:\\\/\\\/shop.bantam.ch\\\/fr\\\/\"},{\"@type\":\"ListItem\",\"position\":2,\"name\":\"Boutique\",\"item\":\"https:\\\/\\\/shop.bantam.ch\\\/fr\\\/boutique\\\/\"},{\"@type\":\"ListItem\",\"position\":3,\"name\":\"Climatisation FJX7 3000\"}]},{\"@type\":\"WebSite\",\"@id\":\"https:\\\/\\\/shop.bantam.ch\\\/fr\\\/#website\",\"url\":\"https:\\\/\\\/shop.bantam.ch\\\/fr\\\/\",\"name\":\"Bantam Wankm\u00fcller SA\",\"description\":\"\",\"publisher\":{\"@id\":\"https:\\\/\\\/shop.bantam.ch\\\/fr\\\/#organization\"},\"inLanguage\":\"fr-FR\"},{\"@type\":\"Organization\",\"@id\":\"https:\\\/\\\/shop.bantam.ch\\\/fr\\\/#organization\",\"name\":\"Bantam Wankm\u00fcller SA\",\"url\":\"https:\\\/\\\/shop.bantam.ch\\\/fr\\\/\",\"logo\":{\"@type\":\"ImageObject\",\"inLanguage\":\"fr-FR\",\"@id\":\"https:\\\/\\\/shop.bantam.ch\\\/fr\\\/#\\\/schema\\\/logo\\\/image\\\/\",\"url\":\"https:\\\/\\\/shop.bantam.ch\\\/wp-content\\\/uploads\\\/2022\\\/12\\\/bantam-logo.png\",\"contentUrl\":\"https:\\\/\\\/shop.bantam.ch\\\/wp-content\\\/uploads\\\/2022\\\/12\\\/bantam-logo.png\",\"width\":320,\"height\":71,\"caption\":\"Bantam Wankm\u00fcller SA\"},\"image\":{\"@id\":\"https:\\\/\\\/shop.bantam.ch\\\/fr\\\/#\\\/schema\\\/logo\\\/image\\\/\"}}]}<\/script>\n<!-- \/ Yoast SEO plugin. -->","yoast_head_json":{"title":"Climatisation FJX7 3000 - Bantam Wankm\u00fcller SA","robots":{"index":"index","follow":"follow","max-snippet":"max-snippet:-1","max-image-preview":"max-image-preview:large","max-video-preview":"max-video-preview:-1"},"canonical":"https:\/\/shop.bantam.ch\/fr\/produit\/climatisation-fjx7-3000\/","og_locale":"fr_FR","og_type":"article","og_title":"Climatisation FJX7 3000 - Bantam Wankm\u00fcller SA","og_description":"Ce climatiseur de toit de 3.000 watts est l&rsquo;un des plus cools que DOMETIC ait jamais construit. L&rsquo;\u00e9l\u00e9gante unit\u00e9 de toit blanche avec sa courbe d&rsquo;\u00e9clairage LED exclusive attire imm\u00e9diatement le regard. \u00c9quip\u00e9 de la derni\u00e8re technologie d&rsquo;inverseur \u00e0 vitesse variable, de compresseur et de pompe \u00e0 chaleur, il refroidit votre v\u00e9hicule plus rapidement, plus [&hellip;]","og_url":"https:\/\/shop.bantam.ch\/fr\/produit\/climatisation-fjx7-3000\/","og_site_name":"Bantam Wankm\u00fcller SA","article_modified_time":"2026-04-18T23:16:01+00:00","og_image":[{"width":640,"height":640,"url":"https:\/\/shop.bantam.ch\/wp-content\/uploads\/2024\/05\/Movera-L-9963261100.jpg","type":"image\/jpeg"}],"twitter_card":"summary_large_image","twitter_misc":{"Dur\u00e9e de lecture estim\u00e9e":"2 minutes"},"schema":{"@context":"https:\/\/schema.org","@graph":[{"@type":"WebPage","@id":"https:\/\/shop.bantam.ch\/fr\/produit\/climatisation-fjx7-3000\/","url":"https:\/\/shop.bantam.ch\/fr\/produit\/climatisation-fjx7-3000\/","name":"Climatisation FJX7 3000 - Bantam Wankm\u00fcller SA","isPartOf":{"@id":"https:\/\/shop.bantam.ch\/fr\/#website"},"primaryImageOfPage":{"@id":"https:\/\/shop.bantam.ch\/fr\/produit\/climatisation-fjx7-3000\/#primaryimage"},"image":{"@id":"https:\/\/shop.bantam.ch\/fr\/produit\/climatisation-fjx7-3000\/#primaryimage"},"thumbnailUrl":"https:\/\/shop.bantam.ch\/wp-content\/uploads\/2024\/05\/Movera-L-9963261100.jpg","datePublished":"2024-05-15T14:23:34+00:00","dateModified":"2026-04-18T23:16:01+00:00","breadcrumb":{"@id":"https:\/\/shop.bantam.ch\/fr\/produit\/climatisation-fjx7-3000\/#breadcrumb"},"inLanguage":"fr-FR","potentialAction":[{"@type":"ReadAction","target":["https:\/\/shop.bantam.ch\/fr\/produit\/climatisation-fjx7-3000\/"]}]},{"@type":"ImageObject","inLanguage":"fr-FR","@id":"https:\/\/shop.bantam.ch\/fr\/produit\/climatisation-fjx7-3000\/#primaryimage","url":"https:\/\/shop.bantam.ch\/wp-content\/uploads\/2024\/05\/Movera-L-9963261100.jpg","contentUrl":"https:\/\/shop.bantam.ch\/wp-content\/uploads\/2024\/05\/Movera-L-9963261100.jpg","width":640,"height":640},{"@type":"BreadcrumbList","@id":"https:\/\/shop.bantam.ch\/fr\/produit\/climatisation-fjx7-3000\/#breadcrumb","itemListElement":[{"@type":"ListItem","position":1,"name":"Accueil","item":"https:\/\/shop.bantam.ch\/fr\/"},{"@type":"ListItem","position":2,"name":"Boutique","item":"https:\/\/shop.bantam.ch\/fr\/boutique\/"},{"@type":"ListItem","position":3,"name":"Climatisation FJX7 3000"}]},{"@type":"WebSite","@id":"https:\/\/shop.bantam.ch\/fr\/#website","url":"https:\/\/shop.bantam.ch\/fr\/","name":"Bantam Wankm\u00fcller SA","description":"","publisher":{"@id":"https:\/\/shop.bantam.ch\/fr\/#organization"},"inLanguage":"fr-FR"},{"@type":"Organization","@id":"https:\/\/shop.bantam.ch\/fr\/#organization","name":"Bantam Wankm\u00fcller SA","url":"https:\/\/shop.bantam.ch\/fr\/","logo":{"@type":"ImageObject","inLanguage":"fr-FR","@id":"https:\/\/shop.bantam.ch\/fr\/#\/schema\/logo\/image\/","url":"https:\/\/shop.bantam.ch\/wp-content\/uploads\/2022\/12\/bantam-logo.png","contentUrl":"https:\/\/shop.bantam.ch\/wp-content\/uploads\/2022\/12\/bantam-logo.png","width":320,"height":71,"caption":"Bantam Wankm\u00fcller SA"},"image":{"@id":"https:\/\/shop.bantam.ch\/fr\/#\/schema\/logo\/image\/"}}]}},"_links":{"self":[{"href":"https:\/\/shop.bantam.ch\/fr\/wp-json\/wp\/v2\/product\/197427","targetHints":{"allow":["GET"]}}],"collection":[{"href":"https:\/\/shop.bantam.ch\/fr\/wp-json\/wp\/v2\/product"}],"about":[{"href":"https:\/\/shop.bantam.ch\/fr\/wp-json\/wp\/v2\/types\/product"}],"wp:featuredmedia":[{"embeddable":true,"href":"https:\/\/shop.bantam.ch\/fr\/wp-json\/wp\/v2\/media\/197421"}],"wp:attachment":[{"href":"https:\/\/shop.bantam.ch\/fr\/wp-json\/wp\/v2\/media?parent=197427"}],"wp:term":[{"taxonomy":"product_featured_cat","embeddable":true,"href":"https:\/\/shop.bantam.ch\/fr\/wp-json\/wp\/v2\/product_featured_cat?post=197427"},{"taxonomy":"product_brand","embeddable":true,"href":"https:\/\/shop.bantam.ch\/fr\/wp-json\/wp\/v2\/product_brand?post=197427"},{"taxonomy":"product_cat","embeddable":true,"href":"https:\/\/shop.bantam.ch\/fr\/wp-json\/wp\/v2\/product_cat?post=197427"},{"taxonomy":"product_tag","embeddable":true,"href":"https:\/\/shop.bantam.ch\/fr\/wp-json\/wp\/v2\/product_tag?post=197427"}],"curies":[{"name":"wp","href":"https:\/\/api.w.org\/{rel}","templated":true}]}}