{"id":197337,"date":"2024-05-15T16:21:06","date_gmt":"2024-05-15T14:21:06","guid":{"rendered":"https:\/\/shop.bantam.ch\/produit\/sac-a-dos-ch-pliante-crespo-gris\/"},"modified":"2026-04-17T23:08:52","modified_gmt":"2026-04-17T21:08:52","slug":"sac-a-dos-ch-pliante-crespo-gris","status":"publish","type":"product","link":"https:\/\/shop.bantam.ch\/fr\/produit\/sac-a-dos-ch-pliante-crespo-gris\/","title":{"rendered":"Sac \u00e0 dos ch. pliante CRESPO gris"},"content":{"rendered":"<p>Un sac \u00e0 dos pour ranger la chaise pliante Crespo. Le sac \u00e0 dos est \u00e9quip\u00e9 de diff\u00e9rentes poches de rangement. Id\u00e9al pour porter la chaise sur le dos. Peut \u00e9galement \u00eatre utilis\u00e9 comme sac \u00e0 dos de jour.<\/p>\n<p>Mat\u00e9riau :<br \/>\nPolyester<\/p>\n","protected":false},"excerpt":{"rendered":"<p>Un sac \u00e0 dos pour ranger la chaise pliante Crespo. Le sac \u00e0 dos est \u00e9quip\u00e9 de diff\u00e9rentes poches de rangement. Id\u00e9al pour porter la chaise sur le dos. Peut \u00e9galement \u00eatre utilis\u00e9 comme sac \u00e0 dos de jour. Mat\u00e9riau : Polyester<\/p>\n","protected":false},"featured_media":207082,"template":"","meta":{"_acf_changed":false},"product_featured_cat":[],"product_brand":[3084],"product_cat":[4479],"product_tag":[],"class_list":{"0":"post-197337","1":"product","2":"type-product","3":"status-publish","4":"has-post-thumbnail","6":"product_brand-crespo","7":"product_cat-accessoires-pour-chaises-de-camping","9":"first","10":"instock","11":"taxable","12":"shipping-taxable","13":"purchasable","14":"product-type-simple"},"acf":[],"yoast_head":"<!-- This site is optimized with the Yoast SEO plugin v27.4 - https:\/\/yoast.com\/product\/yoast-seo-wordpress\/ -->\n<title>Sac \u00e0 dos ch. pliante CRESPO gris - Bantam Wankm\u00fcller SA<\/title>\n<meta name=\"robots\" content=\"index, follow, max-snippet:-1, max-image-preview:large, max-video-preview:-1\" \/>\n<link rel=\"canonical\" href=\"https:\/\/shop.bantam.ch\/fr\/produit\/sac-a-dos-ch-pliante-crespo-gris\/\" \/>\n<meta property=\"og:locale\" content=\"fr_FR\" \/>\n<meta property=\"og:type\" content=\"article\" \/>\n<meta property=\"og:title\" content=\"Sac \u00e0 dos ch. pliante CRESPO gris - Bantam Wankm\u00fcller SA\" \/>\n<meta property=\"og:description\" content=\"Un sac \u00e0 dos pour ranger la chaise pliante Crespo. Le sac \u00e0 dos est \u00e9quip\u00e9 de diff\u00e9rentes poches de rangement. Id\u00e9al pour porter la chaise sur le dos. Peut \u00e9galement \u00eatre utilis\u00e9 comme sac \u00e0 dos de jour. Mat\u00e9riau : Polyester\" \/>\n<meta property=\"og:url\" content=\"https:\/\/shop.bantam.ch\/fr\/produit\/sac-a-dos-ch-pliante-crespo-gris\/\" \/>\n<meta property=\"og:site_name\" content=\"Bantam Wankm\u00fcller SA\" \/>\n<meta property=\"article:modified_time\" content=\"2026-04-17T21:08:52+00:00\" \/>\n<meta property=\"og:image\" content=\"https:\/\/shop.bantam.ch\/wp-content\/uploads\/2024\/05\/Movera-L-9962167100.jpg\" \/>\n\t<meta property=\"og:image:width\" content=\"640\" \/>\n\t<meta property=\"og:image:height\" content=\"807\" \/>\n\t<meta property=\"og:image:type\" content=\"image\/jpeg\" \/>\n<meta name=\"twitter:card\" content=\"summary_large_image\" \/>\n<script type=\"application\/ld+json\" class=\"yoast-schema-graph\">{\"@context\":\"https:\\\/\\\/schema.org\",\"@graph\":[{\"@type\":\"WebPage\",\"@id\":\"https:\\\/\\\/shop.bantam.ch\\\/fr\\\/produit\\\/sac-a-dos-ch-pliante-crespo-gris\\\/\",\"url\":\"https:\\\/\\\/shop.bantam.ch\\\/fr\\\/produit\\\/sac-a-dos-ch-pliante-crespo-gris\\\/\",\"name\":\"Sac \u00e0 dos ch. pliante CRESPO gris - Bantam Wankm\u00fcller SA\",\"isPartOf\":{\"@id\":\"https:\\\/\\\/shop.bantam.ch\\\/fr\\\/#website\"},\"primaryImageOfPage\":{\"@id\":\"https:\\\/\\\/shop.bantam.ch\\\/fr\\\/produit\\\/sac-a-dos-ch-pliante-crespo-gris\\\/#primaryimage\"},\"image\":{\"@id\":\"https:\\\/\\\/shop.bantam.ch\\\/fr\\\/produit\\\/sac-a-dos-ch-pliante-crespo-gris\\\/#primaryimage\"},\"thumbnailUrl\":\"https:\\\/\\\/shop.bantam.ch\\\/wp-content\\\/uploads\\\/2024\\\/09\\\/Movera-L-9962167100.jpg\",\"datePublished\":\"2024-05-15T14:21:06+00:00\",\"dateModified\":\"2026-04-17T21:08:52+00:00\",\"breadcrumb\":{\"@id\":\"https:\\\/\\\/shop.bantam.ch\\\/fr\\\/produit\\\/sac-a-dos-ch-pliante-crespo-gris\\\/#breadcrumb\"},\"inLanguage\":\"fr-FR\",\"potentialAction\":[{\"@type\":\"ReadAction\",\"target\":[\"https:\\\/\\\/shop.bantam.ch\\\/fr\\\/produit\\\/sac-a-dos-ch-pliante-crespo-gris\\\/\"]}]},{\"@type\":\"ImageObject\",\"inLanguage\":\"fr-FR\",\"@id\":\"https:\\\/\\\/shop.bantam.ch\\\/fr\\\/produit\\\/sac-a-dos-ch-pliante-crespo-gris\\\/#primaryimage\",\"url\":\"https:\\\/\\\/shop.bantam.ch\\\/wp-content\\\/uploads\\\/2024\\\/09\\\/Movera-L-9962167100.jpg\",\"contentUrl\":\"https:\\\/\\\/shop.bantam.ch\\\/wp-content\\\/uploads\\\/2024\\\/09\\\/Movera-L-9962167100.jpg\",\"width\":640,\"height\":807},{\"@type\":\"BreadcrumbList\",\"@id\":\"https:\\\/\\\/shop.bantam.ch\\\/fr\\\/produit\\\/sac-a-dos-ch-pliante-crespo-gris\\\/#breadcrumb\",\"itemListElement\":[{\"@type\":\"ListItem\",\"position\":1,\"name\":\"Accueil\",\"item\":\"https:\\\/\\\/shop.bantam.ch\\\/fr\\\/\"},{\"@type\":\"ListItem\",\"position\":2,\"name\":\"Boutique\",\"item\":\"https:\\\/\\\/shop.bantam.ch\\\/fr\\\/boutique\\\/\"},{\"@type\":\"ListItem\",\"position\":3,\"name\":\"Sac \u00e0 dos ch. pliante CRESPO gris\"}]},{\"@type\":\"WebSite\",\"@id\":\"https:\\\/\\\/shop.bantam.ch\\\/fr\\\/#website\",\"url\":\"https:\\\/\\\/shop.bantam.ch\\\/fr\\\/\",\"name\":\"Bantam Wankm\u00fcller SA\",\"description\":\"\",\"publisher\":{\"@id\":\"https:\\\/\\\/shop.bantam.ch\\\/fr\\\/#organization\"},\"inLanguage\":\"fr-FR\"},{\"@type\":\"Organization\",\"@id\":\"https:\\\/\\\/shop.bantam.ch\\\/fr\\\/#organization\",\"name\":\"Bantam Wankm\u00fcller SA\",\"url\":\"https:\\\/\\\/shop.bantam.ch\\\/fr\\\/\",\"logo\":{\"@type\":\"ImageObject\",\"inLanguage\":\"fr-FR\",\"@id\":\"https:\\\/\\\/shop.bantam.ch\\\/fr\\\/#\\\/schema\\\/logo\\\/image\\\/\",\"url\":\"https:\\\/\\\/shop.bantam.ch\\\/wp-content\\\/uploads\\\/2022\\\/12\\\/bantam-logo.png\",\"contentUrl\":\"https:\\\/\\\/shop.bantam.ch\\\/wp-content\\\/uploads\\\/2022\\\/12\\\/bantam-logo.png\",\"width\":320,\"height\":71,\"caption\":\"Bantam Wankm\u00fcller SA\"},\"image\":{\"@id\":\"https:\\\/\\\/shop.bantam.ch\\\/fr\\\/#\\\/schema\\\/logo\\\/image\\\/\"}}]}<\/script>\n<!-- \/ Yoast SEO plugin. -->","yoast_head_json":{"title":"Sac \u00e0 dos ch. pliante CRESPO gris - Bantam Wankm\u00fcller SA","robots":{"index":"index","follow":"follow","max-snippet":"max-snippet:-1","max-image-preview":"max-image-preview:large","max-video-preview":"max-video-preview:-1"},"canonical":"https:\/\/shop.bantam.ch\/fr\/produit\/sac-a-dos-ch-pliante-crespo-gris\/","og_locale":"fr_FR","og_type":"article","og_title":"Sac \u00e0 dos ch. pliante CRESPO gris - Bantam Wankm\u00fcller SA","og_description":"Un sac \u00e0 dos pour ranger la chaise pliante Crespo. Le sac \u00e0 dos est \u00e9quip\u00e9 de diff\u00e9rentes poches de rangement. Id\u00e9al pour porter la chaise sur le dos. Peut \u00e9galement \u00eatre utilis\u00e9 comme sac \u00e0 dos de jour. Mat\u00e9riau : Polyester","og_url":"https:\/\/shop.bantam.ch\/fr\/produit\/sac-a-dos-ch-pliante-crespo-gris\/","og_site_name":"Bantam Wankm\u00fcller SA","article_modified_time":"2026-04-17T21:08:52+00:00","og_image":[{"width":640,"height":807,"url":"https:\/\/shop.bantam.ch\/wp-content\/uploads\/2024\/05\/Movera-L-9962167100.jpg","type":"image\/jpeg"}],"twitter_card":"summary_large_image","schema":{"@context":"https:\/\/schema.org","@graph":[{"@type":"WebPage","@id":"https:\/\/shop.bantam.ch\/fr\/produit\/sac-a-dos-ch-pliante-crespo-gris\/","url":"https:\/\/shop.bantam.ch\/fr\/produit\/sac-a-dos-ch-pliante-crespo-gris\/","name":"Sac \u00e0 dos ch. pliante CRESPO gris - Bantam Wankm\u00fcller SA","isPartOf":{"@id":"https:\/\/shop.bantam.ch\/fr\/#website"},"primaryImageOfPage":{"@id":"https:\/\/shop.bantam.ch\/fr\/produit\/sac-a-dos-ch-pliante-crespo-gris\/#primaryimage"},"image":{"@id":"https:\/\/shop.bantam.ch\/fr\/produit\/sac-a-dos-ch-pliante-crespo-gris\/#primaryimage"},"thumbnailUrl":"https:\/\/shop.bantam.ch\/wp-content\/uploads\/2024\/09\/Movera-L-9962167100.jpg","datePublished":"2024-05-15T14:21:06+00:00","dateModified":"2026-04-17T21:08:52+00:00","breadcrumb":{"@id":"https:\/\/shop.bantam.ch\/fr\/produit\/sac-a-dos-ch-pliante-crespo-gris\/#breadcrumb"},"inLanguage":"fr-FR","potentialAction":[{"@type":"ReadAction","target":["https:\/\/shop.bantam.ch\/fr\/produit\/sac-a-dos-ch-pliante-crespo-gris\/"]}]},{"@type":"ImageObject","inLanguage":"fr-FR","@id":"https:\/\/shop.bantam.ch\/fr\/produit\/sac-a-dos-ch-pliante-crespo-gris\/#primaryimage","url":"https:\/\/shop.bantam.ch\/wp-content\/uploads\/2024\/09\/Movera-L-9962167100.jpg","contentUrl":"https:\/\/shop.bantam.ch\/wp-content\/uploads\/2024\/09\/Movera-L-9962167100.jpg","width":640,"height":807},{"@type":"BreadcrumbList","@id":"https:\/\/shop.bantam.ch\/fr\/produit\/sac-a-dos-ch-pliante-crespo-gris\/#breadcrumb","itemListElement":[{"@type":"ListItem","position":1,"name":"Accueil","item":"https:\/\/shop.bantam.ch\/fr\/"},{"@type":"ListItem","position":2,"name":"Boutique","item":"https:\/\/shop.bantam.ch\/fr\/boutique\/"},{"@type":"ListItem","position":3,"name":"Sac \u00e0 dos ch. pliante CRESPO gris"}]},{"@type":"WebSite","@id":"https:\/\/shop.bantam.ch\/fr\/#website","url":"https:\/\/shop.bantam.ch\/fr\/","name":"Bantam Wankm\u00fcller SA","description":"","publisher":{"@id":"https:\/\/shop.bantam.ch\/fr\/#organization"},"inLanguage":"fr-FR"},{"@type":"Organization","@id":"https:\/\/shop.bantam.ch\/fr\/#organization","name":"Bantam Wankm\u00fcller SA","url":"https:\/\/shop.bantam.ch\/fr\/","logo":{"@type":"ImageObject","inLanguage":"fr-FR","@id":"https:\/\/shop.bantam.ch\/fr\/#\/schema\/logo\/image\/","url":"https:\/\/shop.bantam.ch\/wp-content\/uploads\/2022\/12\/bantam-logo.png","contentUrl":"https:\/\/shop.bantam.ch\/wp-content\/uploads\/2022\/12\/bantam-logo.png","width":320,"height":71,"caption":"Bantam Wankm\u00fcller SA"},"image":{"@id":"https:\/\/shop.bantam.ch\/fr\/#\/schema\/logo\/image\/"}}]}},"_links":{"self":[{"href":"https:\/\/shop.bantam.ch\/fr\/wp-json\/wp\/v2\/product\/197337","targetHints":{"allow":["GET"]}}],"collection":[{"href":"https:\/\/shop.bantam.ch\/fr\/wp-json\/wp\/v2\/product"}],"about":[{"href":"https:\/\/shop.bantam.ch\/fr\/wp-json\/wp\/v2\/types\/product"}],"wp:featuredmedia":[{"embeddable":true,"href":"https:\/\/shop.bantam.ch\/fr\/wp-json\/wp\/v2\/media\/207082"}],"wp:attachment":[{"href":"https:\/\/shop.bantam.ch\/fr\/wp-json\/wp\/v2\/media?parent=197337"}],"wp:term":[{"taxonomy":"product_featured_cat","embeddable":true,"href":"https:\/\/shop.bantam.ch\/fr\/wp-json\/wp\/v2\/product_featured_cat?post=197337"},{"taxonomy":"product_brand","embeddable":true,"href":"https:\/\/shop.bantam.ch\/fr\/wp-json\/wp\/v2\/product_brand?post=197337"},{"taxonomy":"product_cat","embeddable":true,"href":"https:\/\/shop.bantam.ch\/fr\/wp-json\/wp\/v2\/product_cat?post=197337"},{"taxonomy":"product_tag","embeddable":true,"href":"https:\/\/shop.bantam.ch\/fr\/wp-json\/wp\/v2\/product_tag?post=197337"}],"curies":[{"name":"wp","href":"https:\/\/api.w.org\/{rel}","templated":true}]}}