{"id":197281,"date":"2024-05-15T16:20:04","date_gmt":"2024-05-15T14:20:04","guid":{"rendered":"https:\/\/shop.bantam.ch\/produit\/table-de-camping-bo-camp-northgate-90-x-60-cm-gris\/"},"modified":"2026-04-18T23:12:00","modified_gmt":"2026-04-18T21:12:00","slug":"table-de-camping-bo-camp-northgate-90-x-60-cm-gris","status":"publish","type":"product","link":"https:\/\/shop.bantam.ch\/fr\/produit\/table-de-camping-bo-camp-northgate-90-x-60-cm-gris\/","title":{"rendered":"Table de camping Bo-Camp Northgate 90 x 60\u00a0cm, gris"},"content":{"rendered":"<p>Une table \u00e9l\u00e9gante en aluminium \u00e0 l&rsquo;aspect industriel et au plateau en b\u00e9ton. Gr\u00e2ce aux vis de r\u00e9glage, les pieds de la table peuvent \u00eatre adapt\u00e9s \u00e0 un sol irr\u00e9gulier. De plus, gr\u00e2ce aux pieds amovibles et \u00e0 un plateau divisible, la table se range de mani\u00e8re tr\u00e8s compacte comme un mod\u00e8le de valise. La table est \u00e9quip\u00e9e d&rsquo;un filet sous le plateau en MDF pour ranger des objets et d&rsquo;une poign\u00e9e pour faciliter le transport de la table. La table est r\u00e9glable en hauteur : 35\/50\/67\/81 cm. Dimensions pli\u00e9e 64 x 49 x 8 cm (L x H x P cm).<\/p>\n","protected":false},"excerpt":{"rendered":"<p>Une table \u00e9l\u00e9gante en aluminium \u00e0 l&rsquo;aspect industriel et au plateau en b\u00e9ton. Gr\u00e2ce aux vis de r\u00e9glage, les pieds de la table peuvent \u00eatre adapt\u00e9s \u00e0 un sol irr\u00e9gulier. De plus, gr\u00e2ce aux pieds amovibles et \u00e0 un plateau divisible, la table se range de mani\u00e8re tr\u00e8s compacte comme un mod\u00e8le de valise. La [&hellip;]<\/p>\n","protected":false},"featured_media":207078,"template":"","meta":{"_acf_changed":false},"product_featured_cat":[],"product_brand":[3430],"product_cat":[4053],"product_tag":[],"class_list":{"0":"post-197281","1":"product","2":"type-product","3":"status-publish","4":"has-post-thumbnail","6":"product_brand-bo-camp","7":"product_cat-tables-de-camping","9":"first","10":"instock","11":"taxable","12":"shipping-taxable","13":"purchasable","14":"product-type-simple"},"acf":[],"yoast_head":"<!-- This site is optimized with the Yoast SEO plugin v27.4 - https:\/\/yoast.com\/product\/yoast-seo-wordpress\/ -->\n<title>Table de camping Bo-Camp Northgate 90 x 60\u00a0cm, gris - Bantam Wankm\u00fcller SA<\/title>\n<meta name=\"robots\" content=\"index, follow, max-snippet:-1, max-image-preview:large, max-video-preview:-1\" \/>\n<link rel=\"canonical\" href=\"https:\/\/shop.bantam.ch\/fr\/produit\/table-de-camping-bo-camp-northgate-90-x-60-cm-gris\/\" \/>\n<meta property=\"og:locale\" content=\"fr_FR\" \/>\n<meta property=\"og:type\" content=\"article\" \/>\n<meta property=\"og:title\" content=\"Table de camping Bo-Camp Northgate 90 x 60\u00a0cm, gris - Bantam Wankm\u00fcller SA\" \/>\n<meta property=\"og:description\" content=\"Une table \u00e9l\u00e9gante en aluminium \u00e0 l&rsquo;aspect industriel et au plateau en b\u00e9ton. Gr\u00e2ce aux vis de r\u00e9glage, les pieds de la table peuvent \u00eatre adapt\u00e9s \u00e0 un sol irr\u00e9gulier. De plus, gr\u00e2ce aux pieds amovibles et \u00e0 un plateau divisible, la table se range de mani\u00e8re tr\u00e8s compacte comme un mod\u00e8le de valise. La [&hellip;]\" \/>\n<meta property=\"og:url\" content=\"https:\/\/shop.bantam.ch\/fr\/produit\/table-de-camping-bo-camp-northgate-90-x-60-cm-gris\/\" \/>\n<meta property=\"og:site_name\" content=\"Bantam Wankm\u00fcller SA\" \/>\n<meta property=\"article:modified_time\" content=\"2026-04-18T21:12:00+00:00\" \/>\n<meta property=\"og:image\" content=\"https:\/\/shop.bantam.ch\/wp-content\/uploads\/2024\/05\/Movera-L-9962159100.jpg\" \/>\n\t<meta property=\"og:image:width\" content=\"640\" \/>\n\t<meta property=\"og:image:height\" content=\"807\" \/>\n\t<meta property=\"og:image:type\" content=\"image\/jpeg\" \/>\n<meta name=\"twitter:card\" content=\"summary_large_image\" \/>\n<meta name=\"twitter:label1\" content=\"Dur\u00e9e de lecture estim\u00e9e\" \/>\n\t<meta name=\"twitter:data1\" content=\"1 minute\" \/>\n<script type=\"application\/ld+json\" class=\"yoast-schema-graph\">{\"@context\":\"https:\\\/\\\/schema.org\",\"@graph\":[{\"@type\":\"WebPage\",\"@id\":\"https:\\\/\\\/shop.bantam.ch\\\/fr\\\/produit\\\/table-de-camping-bo-camp-northgate-90-x-60-cm-gris\\\/\",\"url\":\"https:\\\/\\\/shop.bantam.ch\\\/fr\\\/produit\\\/table-de-camping-bo-camp-northgate-90-x-60-cm-gris\\\/\",\"name\":\"Table de camping Bo-Camp Northgate 90 x 60\u00a0cm, gris - Bantam Wankm\u00fcller SA\",\"isPartOf\":{\"@id\":\"https:\\\/\\\/shop.bantam.ch\\\/fr\\\/#website\"},\"primaryImageOfPage\":{\"@id\":\"https:\\\/\\\/shop.bantam.ch\\\/fr\\\/produit\\\/table-de-camping-bo-camp-northgate-90-x-60-cm-gris\\\/#primaryimage\"},\"image\":{\"@id\":\"https:\\\/\\\/shop.bantam.ch\\\/fr\\\/produit\\\/table-de-camping-bo-camp-northgate-90-x-60-cm-gris\\\/#primaryimage\"},\"thumbnailUrl\":\"https:\\\/\\\/shop.bantam.ch\\\/wp-content\\\/uploads\\\/2024\\\/09\\\/Movera-L-9962159100.jpg\",\"datePublished\":\"2024-05-15T14:20:04+00:00\",\"dateModified\":\"2026-04-18T21:12:00+00:00\",\"breadcrumb\":{\"@id\":\"https:\\\/\\\/shop.bantam.ch\\\/fr\\\/produit\\\/table-de-camping-bo-camp-northgate-90-x-60-cm-gris\\\/#breadcrumb\"},\"inLanguage\":\"fr-FR\",\"potentialAction\":[{\"@type\":\"ReadAction\",\"target\":[\"https:\\\/\\\/shop.bantam.ch\\\/fr\\\/produit\\\/table-de-camping-bo-camp-northgate-90-x-60-cm-gris\\\/\"]}]},{\"@type\":\"ImageObject\",\"inLanguage\":\"fr-FR\",\"@id\":\"https:\\\/\\\/shop.bantam.ch\\\/fr\\\/produit\\\/table-de-camping-bo-camp-northgate-90-x-60-cm-gris\\\/#primaryimage\",\"url\":\"https:\\\/\\\/shop.bantam.ch\\\/wp-content\\\/uploads\\\/2024\\\/09\\\/Movera-L-9962159100.jpg\",\"contentUrl\":\"https:\\\/\\\/shop.bantam.ch\\\/wp-content\\\/uploads\\\/2024\\\/09\\\/Movera-L-9962159100.jpg\",\"width\":640,\"height\":807},{\"@type\":\"BreadcrumbList\",\"@id\":\"https:\\\/\\\/shop.bantam.ch\\\/fr\\\/produit\\\/table-de-camping-bo-camp-northgate-90-x-60-cm-gris\\\/#breadcrumb\",\"itemListElement\":[{\"@type\":\"ListItem\",\"position\":1,\"name\":\"Accueil\",\"item\":\"https:\\\/\\\/shop.bantam.ch\\\/fr\\\/\"},{\"@type\":\"ListItem\",\"position\":2,\"name\":\"Boutique\",\"item\":\"https:\\\/\\\/shop.bantam.ch\\\/fr\\\/boutique\\\/\"},{\"@type\":\"ListItem\",\"position\":3,\"name\":\"Table de camping Bo-Camp Northgate 90 x 60\u00a0cm, gris\"}]},{\"@type\":\"WebSite\",\"@id\":\"https:\\\/\\\/shop.bantam.ch\\\/fr\\\/#website\",\"url\":\"https:\\\/\\\/shop.bantam.ch\\\/fr\\\/\",\"name\":\"Bantam Wankm\u00fcller SA\",\"description\":\"\",\"publisher\":{\"@id\":\"https:\\\/\\\/shop.bantam.ch\\\/fr\\\/#organization\"},\"inLanguage\":\"fr-FR\"},{\"@type\":\"Organization\",\"@id\":\"https:\\\/\\\/shop.bantam.ch\\\/fr\\\/#organization\",\"name\":\"Bantam Wankm\u00fcller SA\",\"url\":\"https:\\\/\\\/shop.bantam.ch\\\/fr\\\/\",\"logo\":{\"@type\":\"ImageObject\",\"inLanguage\":\"fr-FR\",\"@id\":\"https:\\\/\\\/shop.bantam.ch\\\/fr\\\/#\\\/schema\\\/logo\\\/image\\\/\",\"url\":\"https:\\\/\\\/shop.bantam.ch\\\/wp-content\\\/uploads\\\/2022\\\/12\\\/bantam-logo.png\",\"contentUrl\":\"https:\\\/\\\/shop.bantam.ch\\\/wp-content\\\/uploads\\\/2022\\\/12\\\/bantam-logo.png\",\"width\":320,\"height\":71,\"caption\":\"Bantam Wankm\u00fcller SA\"},\"image\":{\"@id\":\"https:\\\/\\\/shop.bantam.ch\\\/fr\\\/#\\\/schema\\\/logo\\\/image\\\/\"}}]}<\/script>\n<!-- \/ Yoast SEO plugin. -->","yoast_head_json":{"title":"Table de camping Bo-Camp Northgate 90 x 60\u00a0cm, gris - Bantam Wankm\u00fcller SA","robots":{"index":"index","follow":"follow","max-snippet":"max-snippet:-1","max-image-preview":"max-image-preview:large","max-video-preview":"max-video-preview:-1"},"canonical":"https:\/\/shop.bantam.ch\/fr\/produit\/table-de-camping-bo-camp-northgate-90-x-60-cm-gris\/","og_locale":"fr_FR","og_type":"article","og_title":"Table de camping Bo-Camp Northgate 90 x 60\u00a0cm, gris - Bantam Wankm\u00fcller SA","og_description":"Une table \u00e9l\u00e9gante en aluminium \u00e0 l&rsquo;aspect industriel et au plateau en b\u00e9ton. Gr\u00e2ce aux vis de r\u00e9glage, les pieds de la table peuvent \u00eatre adapt\u00e9s \u00e0 un sol irr\u00e9gulier. De plus, gr\u00e2ce aux pieds amovibles et \u00e0 un plateau divisible, la table se range de mani\u00e8re tr\u00e8s compacte comme un mod\u00e8le de valise. La [&hellip;]","og_url":"https:\/\/shop.bantam.ch\/fr\/produit\/table-de-camping-bo-camp-northgate-90-x-60-cm-gris\/","og_site_name":"Bantam Wankm\u00fcller SA","article_modified_time":"2026-04-18T21:12:00+00:00","og_image":[{"width":640,"height":807,"url":"https:\/\/shop.bantam.ch\/wp-content\/uploads\/2024\/05\/Movera-L-9962159100.jpg","type":"image\/jpeg"}],"twitter_card":"summary_large_image","twitter_misc":{"Dur\u00e9e de lecture estim\u00e9e":"1 minute"},"schema":{"@context":"https:\/\/schema.org","@graph":[{"@type":"WebPage","@id":"https:\/\/shop.bantam.ch\/fr\/produit\/table-de-camping-bo-camp-northgate-90-x-60-cm-gris\/","url":"https:\/\/shop.bantam.ch\/fr\/produit\/table-de-camping-bo-camp-northgate-90-x-60-cm-gris\/","name":"Table de camping Bo-Camp Northgate 90 x 60\u00a0cm, gris - Bantam Wankm\u00fcller SA","isPartOf":{"@id":"https:\/\/shop.bantam.ch\/fr\/#website"},"primaryImageOfPage":{"@id":"https:\/\/shop.bantam.ch\/fr\/produit\/table-de-camping-bo-camp-northgate-90-x-60-cm-gris\/#primaryimage"},"image":{"@id":"https:\/\/shop.bantam.ch\/fr\/produit\/table-de-camping-bo-camp-northgate-90-x-60-cm-gris\/#primaryimage"},"thumbnailUrl":"https:\/\/shop.bantam.ch\/wp-content\/uploads\/2024\/09\/Movera-L-9962159100.jpg","datePublished":"2024-05-15T14:20:04+00:00","dateModified":"2026-04-18T21:12:00+00:00","breadcrumb":{"@id":"https:\/\/shop.bantam.ch\/fr\/produit\/table-de-camping-bo-camp-northgate-90-x-60-cm-gris\/#breadcrumb"},"inLanguage":"fr-FR","potentialAction":[{"@type":"ReadAction","target":["https:\/\/shop.bantam.ch\/fr\/produit\/table-de-camping-bo-camp-northgate-90-x-60-cm-gris\/"]}]},{"@type":"ImageObject","inLanguage":"fr-FR","@id":"https:\/\/shop.bantam.ch\/fr\/produit\/table-de-camping-bo-camp-northgate-90-x-60-cm-gris\/#primaryimage","url":"https:\/\/shop.bantam.ch\/wp-content\/uploads\/2024\/09\/Movera-L-9962159100.jpg","contentUrl":"https:\/\/shop.bantam.ch\/wp-content\/uploads\/2024\/09\/Movera-L-9962159100.jpg","width":640,"height":807},{"@type":"BreadcrumbList","@id":"https:\/\/shop.bantam.ch\/fr\/produit\/table-de-camping-bo-camp-northgate-90-x-60-cm-gris\/#breadcrumb","itemListElement":[{"@type":"ListItem","position":1,"name":"Accueil","item":"https:\/\/shop.bantam.ch\/fr\/"},{"@type":"ListItem","position":2,"name":"Boutique","item":"https:\/\/shop.bantam.ch\/fr\/boutique\/"},{"@type":"ListItem","position":3,"name":"Table de camping Bo-Camp Northgate 90 x 60\u00a0cm, gris"}]},{"@type":"WebSite","@id":"https:\/\/shop.bantam.ch\/fr\/#website","url":"https:\/\/shop.bantam.ch\/fr\/","name":"Bantam Wankm\u00fcller SA","description":"","publisher":{"@id":"https:\/\/shop.bantam.ch\/fr\/#organization"},"inLanguage":"fr-FR"},{"@type":"Organization","@id":"https:\/\/shop.bantam.ch\/fr\/#organization","name":"Bantam Wankm\u00fcller SA","url":"https:\/\/shop.bantam.ch\/fr\/","logo":{"@type":"ImageObject","inLanguage":"fr-FR","@id":"https:\/\/shop.bantam.ch\/fr\/#\/schema\/logo\/image\/","url":"https:\/\/shop.bantam.ch\/wp-content\/uploads\/2022\/12\/bantam-logo.png","contentUrl":"https:\/\/shop.bantam.ch\/wp-content\/uploads\/2022\/12\/bantam-logo.png","width":320,"height":71,"caption":"Bantam Wankm\u00fcller SA"},"image":{"@id":"https:\/\/shop.bantam.ch\/fr\/#\/schema\/logo\/image\/"}}]}},"_links":{"self":[{"href":"https:\/\/shop.bantam.ch\/fr\/wp-json\/wp\/v2\/product\/197281","targetHints":{"allow":["GET"]}}],"collection":[{"href":"https:\/\/shop.bantam.ch\/fr\/wp-json\/wp\/v2\/product"}],"about":[{"href":"https:\/\/shop.bantam.ch\/fr\/wp-json\/wp\/v2\/types\/product"}],"wp:featuredmedia":[{"embeddable":true,"href":"https:\/\/shop.bantam.ch\/fr\/wp-json\/wp\/v2\/media\/207078"}],"wp:attachment":[{"href":"https:\/\/shop.bantam.ch\/fr\/wp-json\/wp\/v2\/media?parent=197281"}],"wp:term":[{"taxonomy":"product_featured_cat","embeddable":true,"href":"https:\/\/shop.bantam.ch\/fr\/wp-json\/wp\/v2\/product_featured_cat?post=197281"},{"taxonomy":"product_brand","embeddable":true,"href":"https:\/\/shop.bantam.ch\/fr\/wp-json\/wp\/v2\/product_brand?post=197281"},{"taxonomy":"product_cat","embeddable":true,"href":"https:\/\/shop.bantam.ch\/fr\/wp-json\/wp\/v2\/product_cat?post=197281"},{"taxonomy":"product_tag","embeddable":true,"href":"https:\/\/shop.bantam.ch\/fr\/wp-json\/wp\/v2\/product_tag?post=197281"}],"curies":[{"name":"wp","href":"https:\/\/api.w.org\/{rel}","templated":true}]}}