{"id":197091,"date":"2024-05-15T16:15:13","date_gmt":"2024-05-15T14:15:13","guid":{"rendered":"https:\/\/shop.bantam.ch\/produit\/yes-we-camp_-secret-campsites-_europa_-adac\/"},"modified":"2026-04-17T23:08:43","modified_gmt":"2026-04-17T21:08:43","slug":"yes-we-camp_-secret-campsites-_europa_-adac","status":"publish","type":"product","link":"https:\/\/shop.bantam.ch\/fr\/produit\/yes-we-camp_-secret-campsites-_europa_-adac\/","title":{"rendered":"Yes we camp_ Secret Campsites _Europa_, ADAC"},"content":{"rendered":"<p>Le premier guide des initi\u00e9s des petits campings m\u00e9connus et des plus beaux voyages \u00e0 travers l&rsquo;Europe.<\/p>\n<p>Petits endroits, grande libert\u00e9: camper dans les plus beaux endroits d&rsquo;Europe &#8211; mais sans l&rsquo;agitation de la c\u00f4te, avec une vue d\u00e9gag\u00e9e sur les montagnes du Mont\u00e9n\u00e9gro et les plus beaux lacs de Slov\u00e9nie. Apr\u00e8s le volume \u00e0 succ\u00e8s \u00abSECRET CAMPSITES\u00bb, qui a r\u00e9v\u00e9l\u00e9 les joyaux cach\u00e9s du camping en Allemagne, ce volume pr\u00e9sente des campings et des r\u00e9gions merveilleusement petits et m\u00e9connus. Et parce que vous \u00eates d\u00e9j\u00e0 en pleine nature sur place, les auteurs vous proposent des excursions adapt\u00e9es \u00e0 proximit\u00e9 des campings: des balades en VTT aux via ferratas en passant par les balades c\u00f4ti\u00e8res. En collaboration avec PiNCAMP, le portail du camping ADAC.<\/p>\n","protected":false},"excerpt":{"rendered":"<p>Le premier guide des initi\u00e9s des petits campings m\u00e9connus et des plus beaux voyages \u00e0 travers l&rsquo;Europe. Petits endroits, grande libert\u00e9: camper dans les plus beaux endroits d&rsquo;Europe &#8211; mais sans l&rsquo;agitation de la c\u00f4te, avec une vue d\u00e9gag\u00e9e sur les montagnes du Mont\u00e9n\u00e9gro et les plus beaux lacs de Slov\u00e9nie. Apr\u00e8s le volume \u00e0 [&hellip;]<\/p>\n","protected":false},"featured_media":207062,"template":"","meta":{"_acf_changed":false},"product_featured_cat":[],"product_brand":[3646],"product_cat":[4351],"product_tag":[],"class_list":{"0":"post-197091","1":"product","2":"type-product","3":"status-publish","4":"has-post-thumbnail","6":"product_brand-adac","7":"product_cat-guides-de-voyage","9":"first","10":"instock","11":"taxable","12":"shipping-taxable","13":"purchasable","14":"product-type-simple"},"acf":[],"yoast_head":"<!-- This site is optimized with the Yoast SEO plugin v27.4 - https:\/\/yoast.com\/product\/yoast-seo-wordpress\/ -->\n<title>Yes we camp_ Secret Campsites _Europa_, ADAC - Bantam Wankm\u00fcller SA<\/title>\n<meta name=\"robots\" content=\"index, follow, max-snippet:-1, max-image-preview:large, max-video-preview:-1\" \/>\n<link rel=\"canonical\" href=\"https:\/\/shop.bantam.ch\/fr\/produit\/yes-we-camp_-secret-campsites-_europa_-adac\/\" \/>\n<meta property=\"og:locale\" content=\"fr_FR\" \/>\n<meta property=\"og:type\" content=\"article\" \/>\n<meta property=\"og:title\" content=\"Yes we camp_ Secret Campsites _Europa_, ADAC - Bantam Wankm\u00fcller SA\" \/>\n<meta property=\"og:description\" content=\"Le premier guide des initi\u00e9s des petits campings m\u00e9connus et des plus beaux voyages \u00e0 travers l&rsquo;Europe. Petits endroits, grande libert\u00e9: camper dans les plus beaux endroits d&rsquo;Europe &#8211; mais sans l&rsquo;agitation de la c\u00f4te, avec une vue d\u00e9gag\u00e9e sur les montagnes du Mont\u00e9n\u00e9gro et les plus beaux lacs de Slov\u00e9nie. Apr\u00e8s le volume \u00e0 [&hellip;]\" \/>\n<meta property=\"og:url\" content=\"https:\/\/shop.bantam.ch\/fr\/produit\/yes-we-camp_-secret-campsites-_europa_-adac\/\" \/>\n<meta property=\"og:site_name\" content=\"Bantam Wankm\u00fcller SA\" \/>\n<meta property=\"article:modified_time\" content=\"2026-04-17T21:08:43+00:00\" \/>\n<meta property=\"og:image\" content=\"https:\/\/shop.bantam.ch\/wp-content\/uploads\/2024\/05\/Movera-L-9962115100.jpg\" \/>\n\t<meta property=\"og:image:width\" content=\"640\" \/>\n\t<meta property=\"og:image:height\" content=\"832\" \/>\n\t<meta property=\"og:image:type\" content=\"image\/jpeg\" \/>\n<meta name=\"twitter:card\" content=\"summary_large_image\" \/>\n<meta name=\"twitter:label1\" content=\"Dur\u00e9e de lecture estim\u00e9e\" \/>\n\t<meta name=\"twitter:data1\" content=\"1 minute\" \/>\n<script type=\"application\/ld+json\" class=\"yoast-schema-graph\">{\"@context\":\"https:\\\/\\\/schema.org\",\"@graph\":[{\"@type\":\"WebPage\",\"@id\":\"https:\\\/\\\/shop.bantam.ch\\\/fr\\\/produit\\\/yes-we-camp_-secret-campsites-_europa_-adac\\\/\",\"url\":\"https:\\\/\\\/shop.bantam.ch\\\/fr\\\/produit\\\/yes-we-camp_-secret-campsites-_europa_-adac\\\/\",\"name\":\"Yes we camp_ Secret Campsites _Europa_, ADAC - Bantam Wankm\u00fcller SA\",\"isPartOf\":{\"@id\":\"https:\\\/\\\/shop.bantam.ch\\\/fr\\\/#website\"},\"primaryImageOfPage\":{\"@id\":\"https:\\\/\\\/shop.bantam.ch\\\/fr\\\/produit\\\/yes-we-camp_-secret-campsites-_europa_-adac\\\/#primaryimage\"},\"image\":{\"@id\":\"https:\\\/\\\/shop.bantam.ch\\\/fr\\\/produit\\\/yes-we-camp_-secret-campsites-_europa_-adac\\\/#primaryimage\"},\"thumbnailUrl\":\"https:\\\/\\\/shop.bantam.ch\\\/wp-content\\\/uploads\\\/2024\\\/09\\\/Movera-L-9962115100.jpg\",\"datePublished\":\"2024-05-15T14:15:13+00:00\",\"dateModified\":\"2026-04-17T21:08:43+00:00\",\"breadcrumb\":{\"@id\":\"https:\\\/\\\/shop.bantam.ch\\\/fr\\\/produit\\\/yes-we-camp_-secret-campsites-_europa_-adac\\\/#breadcrumb\"},\"inLanguage\":\"fr-FR\",\"potentialAction\":[{\"@type\":\"ReadAction\",\"target\":[\"https:\\\/\\\/shop.bantam.ch\\\/fr\\\/produit\\\/yes-we-camp_-secret-campsites-_europa_-adac\\\/\"]}]},{\"@type\":\"ImageObject\",\"inLanguage\":\"fr-FR\",\"@id\":\"https:\\\/\\\/shop.bantam.ch\\\/fr\\\/produit\\\/yes-we-camp_-secret-campsites-_europa_-adac\\\/#primaryimage\",\"url\":\"https:\\\/\\\/shop.bantam.ch\\\/wp-content\\\/uploads\\\/2024\\\/09\\\/Movera-L-9962115100.jpg\",\"contentUrl\":\"https:\\\/\\\/shop.bantam.ch\\\/wp-content\\\/uploads\\\/2024\\\/09\\\/Movera-L-9962115100.jpg\",\"width\":640,\"height\":832},{\"@type\":\"BreadcrumbList\",\"@id\":\"https:\\\/\\\/shop.bantam.ch\\\/fr\\\/produit\\\/yes-we-camp_-secret-campsites-_europa_-adac\\\/#breadcrumb\",\"itemListElement\":[{\"@type\":\"ListItem\",\"position\":1,\"name\":\"Accueil\",\"item\":\"https:\\\/\\\/shop.bantam.ch\\\/fr\\\/\"},{\"@type\":\"ListItem\",\"position\":2,\"name\":\"Boutique\",\"item\":\"https:\\\/\\\/shop.bantam.ch\\\/fr\\\/boutique\\\/\"},{\"@type\":\"ListItem\",\"position\":3,\"name\":\"Yes we camp_ Secret Campsites _Europa_, ADAC\"}]},{\"@type\":\"WebSite\",\"@id\":\"https:\\\/\\\/shop.bantam.ch\\\/fr\\\/#website\",\"url\":\"https:\\\/\\\/shop.bantam.ch\\\/fr\\\/\",\"name\":\"Bantam Wankm\u00fcller SA\",\"description\":\"\",\"publisher\":{\"@id\":\"https:\\\/\\\/shop.bantam.ch\\\/fr\\\/#organization\"},\"inLanguage\":\"fr-FR\"},{\"@type\":\"Organization\",\"@id\":\"https:\\\/\\\/shop.bantam.ch\\\/fr\\\/#organization\",\"name\":\"Bantam Wankm\u00fcller SA\",\"url\":\"https:\\\/\\\/shop.bantam.ch\\\/fr\\\/\",\"logo\":{\"@type\":\"ImageObject\",\"inLanguage\":\"fr-FR\",\"@id\":\"https:\\\/\\\/shop.bantam.ch\\\/fr\\\/#\\\/schema\\\/logo\\\/image\\\/\",\"url\":\"https:\\\/\\\/shop.bantam.ch\\\/wp-content\\\/uploads\\\/2022\\\/12\\\/bantam-logo.png\",\"contentUrl\":\"https:\\\/\\\/shop.bantam.ch\\\/wp-content\\\/uploads\\\/2022\\\/12\\\/bantam-logo.png\",\"width\":320,\"height\":71,\"caption\":\"Bantam Wankm\u00fcller SA\"},\"image\":{\"@id\":\"https:\\\/\\\/shop.bantam.ch\\\/fr\\\/#\\\/schema\\\/logo\\\/image\\\/\"}}]}<\/script>\n<!-- \/ Yoast SEO plugin. -->","yoast_head_json":{"title":"Yes we camp_ Secret Campsites _Europa_, ADAC - Bantam Wankm\u00fcller SA","robots":{"index":"index","follow":"follow","max-snippet":"max-snippet:-1","max-image-preview":"max-image-preview:large","max-video-preview":"max-video-preview:-1"},"canonical":"https:\/\/shop.bantam.ch\/fr\/produit\/yes-we-camp_-secret-campsites-_europa_-adac\/","og_locale":"fr_FR","og_type":"article","og_title":"Yes we camp_ Secret Campsites _Europa_, ADAC - Bantam Wankm\u00fcller SA","og_description":"Le premier guide des initi\u00e9s des petits campings m\u00e9connus et des plus beaux voyages \u00e0 travers l&rsquo;Europe. Petits endroits, grande libert\u00e9: camper dans les plus beaux endroits d&rsquo;Europe &#8211; mais sans l&rsquo;agitation de la c\u00f4te, avec une vue d\u00e9gag\u00e9e sur les montagnes du Mont\u00e9n\u00e9gro et les plus beaux lacs de Slov\u00e9nie. Apr\u00e8s le volume \u00e0 [&hellip;]","og_url":"https:\/\/shop.bantam.ch\/fr\/produit\/yes-we-camp_-secret-campsites-_europa_-adac\/","og_site_name":"Bantam Wankm\u00fcller SA","article_modified_time":"2026-04-17T21:08:43+00:00","og_image":[{"width":640,"height":832,"url":"https:\/\/shop.bantam.ch\/wp-content\/uploads\/2024\/05\/Movera-L-9962115100.jpg","type":"image\/jpeg"}],"twitter_card":"summary_large_image","twitter_misc":{"Dur\u00e9e de lecture estim\u00e9e":"1 minute"},"schema":{"@context":"https:\/\/schema.org","@graph":[{"@type":"WebPage","@id":"https:\/\/shop.bantam.ch\/fr\/produit\/yes-we-camp_-secret-campsites-_europa_-adac\/","url":"https:\/\/shop.bantam.ch\/fr\/produit\/yes-we-camp_-secret-campsites-_europa_-adac\/","name":"Yes we camp_ Secret Campsites _Europa_, ADAC - Bantam Wankm\u00fcller SA","isPartOf":{"@id":"https:\/\/shop.bantam.ch\/fr\/#website"},"primaryImageOfPage":{"@id":"https:\/\/shop.bantam.ch\/fr\/produit\/yes-we-camp_-secret-campsites-_europa_-adac\/#primaryimage"},"image":{"@id":"https:\/\/shop.bantam.ch\/fr\/produit\/yes-we-camp_-secret-campsites-_europa_-adac\/#primaryimage"},"thumbnailUrl":"https:\/\/shop.bantam.ch\/wp-content\/uploads\/2024\/09\/Movera-L-9962115100.jpg","datePublished":"2024-05-15T14:15:13+00:00","dateModified":"2026-04-17T21:08:43+00:00","breadcrumb":{"@id":"https:\/\/shop.bantam.ch\/fr\/produit\/yes-we-camp_-secret-campsites-_europa_-adac\/#breadcrumb"},"inLanguage":"fr-FR","potentialAction":[{"@type":"ReadAction","target":["https:\/\/shop.bantam.ch\/fr\/produit\/yes-we-camp_-secret-campsites-_europa_-adac\/"]}]},{"@type":"ImageObject","inLanguage":"fr-FR","@id":"https:\/\/shop.bantam.ch\/fr\/produit\/yes-we-camp_-secret-campsites-_europa_-adac\/#primaryimage","url":"https:\/\/shop.bantam.ch\/wp-content\/uploads\/2024\/09\/Movera-L-9962115100.jpg","contentUrl":"https:\/\/shop.bantam.ch\/wp-content\/uploads\/2024\/09\/Movera-L-9962115100.jpg","width":640,"height":832},{"@type":"BreadcrumbList","@id":"https:\/\/shop.bantam.ch\/fr\/produit\/yes-we-camp_-secret-campsites-_europa_-adac\/#breadcrumb","itemListElement":[{"@type":"ListItem","position":1,"name":"Accueil","item":"https:\/\/shop.bantam.ch\/fr\/"},{"@type":"ListItem","position":2,"name":"Boutique","item":"https:\/\/shop.bantam.ch\/fr\/boutique\/"},{"@type":"ListItem","position":3,"name":"Yes we camp_ Secret Campsites _Europa_, ADAC"}]},{"@type":"WebSite","@id":"https:\/\/shop.bantam.ch\/fr\/#website","url":"https:\/\/shop.bantam.ch\/fr\/","name":"Bantam Wankm\u00fcller SA","description":"","publisher":{"@id":"https:\/\/shop.bantam.ch\/fr\/#organization"},"inLanguage":"fr-FR"},{"@type":"Organization","@id":"https:\/\/shop.bantam.ch\/fr\/#organization","name":"Bantam Wankm\u00fcller SA","url":"https:\/\/shop.bantam.ch\/fr\/","logo":{"@type":"ImageObject","inLanguage":"fr-FR","@id":"https:\/\/shop.bantam.ch\/fr\/#\/schema\/logo\/image\/","url":"https:\/\/shop.bantam.ch\/wp-content\/uploads\/2022\/12\/bantam-logo.png","contentUrl":"https:\/\/shop.bantam.ch\/wp-content\/uploads\/2022\/12\/bantam-logo.png","width":320,"height":71,"caption":"Bantam Wankm\u00fcller SA"},"image":{"@id":"https:\/\/shop.bantam.ch\/fr\/#\/schema\/logo\/image\/"}}]}},"_links":{"self":[{"href":"https:\/\/shop.bantam.ch\/fr\/wp-json\/wp\/v2\/product\/197091","targetHints":{"allow":["GET"]}}],"collection":[{"href":"https:\/\/shop.bantam.ch\/fr\/wp-json\/wp\/v2\/product"}],"about":[{"href":"https:\/\/shop.bantam.ch\/fr\/wp-json\/wp\/v2\/types\/product"}],"wp:featuredmedia":[{"embeddable":true,"href":"https:\/\/shop.bantam.ch\/fr\/wp-json\/wp\/v2\/media\/207062"}],"wp:attachment":[{"href":"https:\/\/shop.bantam.ch\/fr\/wp-json\/wp\/v2\/media?parent=197091"}],"wp:term":[{"taxonomy":"product_featured_cat","embeddable":true,"href":"https:\/\/shop.bantam.ch\/fr\/wp-json\/wp\/v2\/product_featured_cat?post=197091"},{"taxonomy":"product_brand","embeddable":true,"href":"https:\/\/shop.bantam.ch\/fr\/wp-json\/wp\/v2\/product_brand?post=197091"},{"taxonomy":"product_cat","embeddable":true,"href":"https:\/\/shop.bantam.ch\/fr\/wp-json\/wp\/v2\/product_cat?post=197091"},{"taxonomy":"product_tag","embeddable":true,"href":"https:\/\/shop.bantam.ch\/fr\/wp-json\/wp\/v2\/product_tag?post=197091"}],"curies":[{"name":"wp","href":"https:\/\/api.w.org\/{rel}","templated":true}]}}