{"id":197083,"date":"2024-05-15T16:15:00","date_gmt":"2024-05-15T14:15:00","guid":{"rendered":"https:\/\/shop.bantam.ch\/produit\/webers-dutch-oven-und-plancha-klassiker-und-uberraschende-gerichte-gu\/"},"modified":"2026-05-11T23:06:20","modified_gmt":"2026-05-11T21:06:20","slug":"webers-dutch-oven-und-plancha-klassiker-und-uberraschende-gerichte-gu","status":"publish","type":"product","link":"https:\/\/shop.bantam.ch\/fr\/produit\/webers-dutch-oven-und-plancha-klassiker-und-uberraschende-gerichte-gu\/","title":{"rendered":"Webers Dutch Oven und Plancha: Klassiker und \u00fcberraschende Gerichte, GU"},"content":{"rendered":"<p>Qu&rsquo;il s&rsquo;agisse de poisson, de viande et de l\u00e9gumes sur la plancha ou de soupes, de rago\u00fbts, de plats brais\u00e9s et de r\u00f4tis au faitout &#8211; ici, les cuisiniers inexp\u00e9riment\u00e9s et exp\u00e9riment\u00e9s sont assur\u00e9s de trouver la bonne recette pour cuisiner en plein air!<\/p>\n","protected":false},"excerpt":{"rendered":"<p>Qu&rsquo;il s&rsquo;agisse de poisson, de viande et de l\u00e9gumes sur la plancha ou de soupes, de rago\u00fbts, de plats brais\u00e9s et de r\u00f4tis au faitout &#8211; ici, les cuisiniers inexp\u00e9riment\u00e9s et exp\u00e9riment\u00e9s sont assur\u00e9s de trouver la bonne recette pour cuisiner en plein air!<\/p>\n","protected":false},"featured_media":207060,"template":"","meta":{"_acf_changed":false},"product_featured_cat":[],"product_brand":[3512],"product_cat":[4347],"product_tag":[],"class_list":{"0":"post-197083","1":"product","2":"type-product","3":"status-publish","4":"has-post-thumbnail","6":"product_brand-gu","7":"product_cat-livres-de-cuisine","9":"first","10":"instock","11":"taxable","12":"shipping-taxable","13":"purchasable","14":"product-type-simple"},"acf":[],"yoast_head":"<!-- This site is optimized with the Yoast SEO plugin v27.5 - https:\/\/yoast.com\/product\/yoast-seo-wordpress\/ -->\n<title>Webers Dutch Oven und Plancha: Klassiker und \u00fcberraschende Gerichte, GU - Bantam<\/title>\n<meta name=\"robots\" content=\"index, follow, max-snippet:-1, max-image-preview:large, max-video-preview:-1\" \/>\n<link rel=\"canonical\" href=\"https:\/\/shop.bantam.ch\/fr\/produit\/webers-dutch-oven-und-plancha-klassiker-und-uberraschende-gerichte-gu\/\" \/>\n<meta property=\"og:locale\" content=\"fr_FR\" \/>\n<meta property=\"og:type\" content=\"article\" \/>\n<meta property=\"og:title\" content=\"Webers Dutch Oven und Plancha: Klassiker und \u00fcberraschende Gerichte, GU - Bantam\" \/>\n<meta property=\"og:description\" content=\"Qu&rsquo;il s&rsquo;agisse de poisson, de viande et de l\u00e9gumes sur la plancha ou de soupes, de rago\u00fbts, de plats brais\u00e9s et de r\u00f4tis au faitout &#8211; ici, les cuisiniers inexp\u00e9riment\u00e9s et exp\u00e9riment\u00e9s sont assur\u00e9s de trouver la bonne recette pour cuisiner en plein air!\" \/>\n<meta property=\"og:url\" content=\"https:\/\/shop.bantam.ch\/fr\/produit\/webers-dutch-oven-und-plancha-klassiker-und-uberraschende-gerichte-gu\/\" \/>\n<meta property=\"og:site_name\" content=\"Bantam\" \/>\n<meta property=\"article:modified_time\" content=\"2026-05-11T21:06:20+00:00\" \/>\n<meta property=\"og:image\" content=\"https:\/\/shop.bantam.ch\/wp-content\/uploads\/2024\/05\/Movera-L-9962113100.jpg\" \/>\n\t<meta property=\"og:image:width\" content=\"640\" \/>\n\t<meta property=\"og:image:height\" content=\"837\" \/>\n\t<meta property=\"og:image:type\" content=\"image\/jpeg\" \/>\n<meta name=\"twitter:card\" content=\"summary_large_image\" \/>\n<script type=\"application\/ld+json\" class=\"yoast-schema-graph\">{\"@context\":\"https:\\\/\\\/schema.org\",\"@graph\":[{\"@type\":\"WebPage\",\"@id\":\"https:\\\/\\\/shop.bantam.ch\\\/fr\\\/produit\\\/webers-dutch-oven-und-plancha-klassiker-und-uberraschende-gerichte-gu\\\/\",\"url\":\"https:\\\/\\\/shop.bantam.ch\\\/fr\\\/produit\\\/webers-dutch-oven-und-plancha-klassiker-und-uberraschende-gerichte-gu\\\/\",\"name\":\"Webers Dutch Oven und Plancha: Klassiker und \u00fcberraschende Gerichte, GU - Bantam\",\"isPartOf\":{\"@id\":\"https:\\\/\\\/shop.bantam.ch\\\/fr\\\/#website\"},\"primaryImageOfPage\":{\"@id\":\"https:\\\/\\\/shop.bantam.ch\\\/fr\\\/produit\\\/webers-dutch-oven-und-plancha-klassiker-und-uberraschende-gerichte-gu\\\/#primaryimage\"},\"image\":{\"@id\":\"https:\\\/\\\/shop.bantam.ch\\\/fr\\\/produit\\\/webers-dutch-oven-und-plancha-klassiker-und-uberraschende-gerichte-gu\\\/#primaryimage\"},\"thumbnailUrl\":\"https:\\\/\\\/shop.bantam.ch\\\/wp-content\\\/uploads\\\/2024\\\/09\\\/Movera-L-9962113100.jpg\",\"datePublished\":\"2024-05-15T14:15:00+00:00\",\"dateModified\":\"2026-05-11T21:06:20+00:00\",\"breadcrumb\":{\"@id\":\"https:\\\/\\\/shop.bantam.ch\\\/fr\\\/produit\\\/webers-dutch-oven-und-plancha-klassiker-und-uberraschende-gerichte-gu\\\/#breadcrumb\"},\"inLanguage\":\"fr-FR\",\"potentialAction\":[{\"@type\":\"ReadAction\",\"target\":[\"https:\\\/\\\/shop.bantam.ch\\\/fr\\\/produit\\\/webers-dutch-oven-und-plancha-klassiker-und-uberraschende-gerichte-gu\\\/\"]}]},{\"@type\":\"ImageObject\",\"inLanguage\":\"fr-FR\",\"@id\":\"https:\\\/\\\/shop.bantam.ch\\\/fr\\\/produit\\\/webers-dutch-oven-und-plancha-klassiker-und-uberraschende-gerichte-gu\\\/#primaryimage\",\"url\":\"https:\\\/\\\/shop.bantam.ch\\\/wp-content\\\/uploads\\\/2024\\\/09\\\/Movera-L-9962113100.jpg\",\"contentUrl\":\"https:\\\/\\\/shop.bantam.ch\\\/wp-content\\\/uploads\\\/2024\\\/09\\\/Movera-L-9962113100.jpg\",\"width\":640,\"height\":837},{\"@type\":\"BreadcrumbList\",\"@id\":\"https:\\\/\\\/shop.bantam.ch\\\/fr\\\/produit\\\/webers-dutch-oven-und-plancha-klassiker-und-uberraschende-gerichte-gu\\\/#breadcrumb\",\"itemListElement\":[{\"@type\":\"ListItem\",\"position\":1,\"name\":\"Accueil\",\"item\":\"https:\\\/\\\/shop.bantam.ch\\\/fr\\\/\"},{\"@type\":\"ListItem\",\"position\":2,\"name\":\"Boutique\",\"item\":\"https:\\\/\\\/shop.bantam.ch\\\/fr\\\/boutique\\\/\"},{\"@type\":\"ListItem\",\"position\":3,\"name\":\"Webers Dutch Oven und Plancha: Klassiker und \u00fcberraschende Gerichte, GU\"}]},{\"@type\":\"WebSite\",\"@id\":\"https:\\\/\\\/shop.bantam.ch\\\/fr\\\/#website\",\"url\":\"https:\\\/\\\/shop.bantam.ch\\\/fr\\\/\",\"name\":\"Bantam\",\"description\":\"\",\"publisher\":{\"@id\":\"https:\\\/\\\/shop.bantam.ch\\\/fr\\\/#organization\"},\"inLanguage\":\"fr-FR\"},{\"@type\":\"Organization\",\"@id\":\"https:\\\/\\\/shop.bantam.ch\\\/fr\\\/#organization\",\"name\":\"Bantam\",\"url\":\"https:\\\/\\\/shop.bantam.ch\\\/fr\\\/\",\"logo\":{\"@type\":\"ImageObject\",\"inLanguage\":\"fr-FR\",\"@id\":\"https:\\\/\\\/shop.bantam.ch\\\/fr\\\/#\\\/schema\\\/logo\\\/image\\\/\",\"url\":\"https:\\\/\\\/shop.bantam.ch\\\/wp-content\\\/uploads\\\/2022\\\/12\\\/bantam-logo.png\",\"contentUrl\":\"https:\\\/\\\/shop.bantam.ch\\\/wp-content\\\/uploads\\\/2022\\\/12\\\/bantam-logo.png\",\"width\":320,\"height\":71,\"caption\":\"Bantam\"},\"image\":{\"@id\":\"https:\\\/\\\/shop.bantam.ch\\\/fr\\\/#\\\/schema\\\/logo\\\/image\\\/\"}}]}<\/script>\n<!-- \/ Yoast SEO plugin. -->","yoast_head_json":{"title":"Webers Dutch Oven und Plancha: Klassiker und \u00fcberraschende Gerichte, GU - Bantam","robots":{"index":"index","follow":"follow","max-snippet":"max-snippet:-1","max-image-preview":"max-image-preview:large","max-video-preview":"max-video-preview:-1"},"canonical":"https:\/\/shop.bantam.ch\/fr\/produit\/webers-dutch-oven-und-plancha-klassiker-und-uberraschende-gerichte-gu\/","og_locale":"fr_FR","og_type":"article","og_title":"Webers Dutch Oven und Plancha: Klassiker und \u00fcberraschende Gerichte, GU - Bantam","og_description":"Qu&rsquo;il s&rsquo;agisse de poisson, de viande et de l\u00e9gumes sur la plancha ou de soupes, de rago\u00fbts, de plats brais\u00e9s et de r\u00f4tis au faitout &#8211; ici, les cuisiniers inexp\u00e9riment\u00e9s et exp\u00e9riment\u00e9s sont assur\u00e9s de trouver la bonne recette pour cuisiner en plein air!","og_url":"https:\/\/shop.bantam.ch\/fr\/produit\/webers-dutch-oven-und-plancha-klassiker-und-uberraschende-gerichte-gu\/","og_site_name":"Bantam","article_modified_time":"2026-05-11T21:06:20+00:00","og_image":[{"width":640,"height":837,"url":"https:\/\/shop.bantam.ch\/wp-content\/uploads\/2024\/05\/Movera-L-9962113100.jpg","type":"image\/jpeg"}],"twitter_card":"summary_large_image","schema":{"@context":"https:\/\/schema.org","@graph":[{"@type":"WebPage","@id":"https:\/\/shop.bantam.ch\/fr\/produit\/webers-dutch-oven-und-plancha-klassiker-und-uberraschende-gerichte-gu\/","url":"https:\/\/shop.bantam.ch\/fr\/produit\/webers-dutch-oven-und-plancha-klassiker-und-uberraschende-gerichte-gu\/","name":"Webers Dutch Oven und Plancha: Klassiker und \u00fcberraschende Gerichte, GU - Bantam","isPartOf":{"@id":"https:\/\/shop.bantam.ch\/fr\/#website"},"primaryImageOfPage":{"@id":"https:\/\/shop.bantam.ch\/fr\/produit\/webers-dutch-oven-und-plancha-klassiker-und-uberraschende-gerichte-gu\/#primaryimage"},"image":{"@id":"https:\/\/shop.bantam.ch\/fr\/produit\/webers-dutch-oven-und-plancha-klassiker-und-uberraschende-gerichte-gu\/#primaryimage"},"thumbnailUrl":"https:\/\/shop.bantam.ch\/wp-content\/uploads\/2024\/09\/Movera-L-9962113100.jpg","datePublished":"2024-05-15T14:15:00+00:00","dateModified":"2026-05-11T21:06:20+00:00","breadcrumb":{"@id":"https:\/\/shop.bantam.ch\/fr\/produit\/webers-dutch-oven-und-plancha-klassiker-und-uberraschende-gerichte-gu\/#breadcrumb"},"inLanguage":"fr-FR","potentialAction":[{"@type":"ReadAction","target":["https:\/\/shop.bantam.ch\/fr\/produit\/webers-dutch-oven-und-plancha-klassiker-und-uberraschende-gerichte-gu\/"]}]},{"@type":"ImageObject","inLanguage":"fr-FR","@id":"https:\/\/shop.bantam.ch\/fr\/produit\/webers-dutch-oven-und-plancha-klassiker-und-uberraschende-gerichte-gu\/#primaryimage","url":"https:\/\/shop.bantam.ch\/wp-content\/uploads\/2024\/09\/Movera-L-9962113100.jpg","contentUrl":"https:\/\/shop.bantam.ch\/wp-content\/uploads\/2024\/09\/Movera-L-9962113100.jpg","width":640,"height":837},{"@type":"BreadcrumbList","@id":"https:\/\/shop.bantam.ch\/fr\/produit\/webers-dutch-oven-und-plancha-klassiker-und-uberraschende-gerichte-gu\/#breadcrumb","itemListElement":[{"@type":"ListItem","position":1,"name":"Accueil","item":"https:\/\/shop.bantam.ch\/fr\/"},{"@type":"ListItem","position":2,"name":"Boutique","item":"https:\/\/shop.bantam.ch\/fr\/boutique\/"},{"@type":"ListItem","position":3,"name":"Webers Dutch Oven und Plancha: Klassiker und \u00fcberraschende Gerichte, GU"}]},{"@type":"WebSite","@id":"https:\/\/shop.bantam.ch\/fr\/#website","url":"https:\/\/shop.bantam.ch\/fr\/","name":"Bantam","description":"","publisher":{"@id":"https:\/\/shop.bantam.ch\/fr\/#organization"},"inLanguage":"fr-FR"},{"@type":"Organization","@id":"https:\/\/shop.bantam.ch\/fr\/#organization","name":"Bantam","url":"https:\/\/shop.bantam.ch\/fr\/","logo":{"@type":"ImageObject","inLanguage":"fr-FR","@id":"https:\/\/shop.bantam.ch\/fr\/#\/schema\/logo\/image\/","url":"https:\/\/shop.bantam.ch\/wp-content\/uploads\/2022\/12\/bantam-logo.png","contentUrl":"https:\/\/shop.bantam.ch\/wp-content\/uploads\/2022\/12\/bantam-logo.png","width":320,"height":71,"caption":"Bantam"},"image":{"@id":"https:\/\/shop.bantam.ch\/fr\/#\/schema\/logo\/image\/"}}]}},"_links":{"self":[{"href":"https:\/\/shop.bantam.ch\/fr\/wp-json\/wp\/v2\/product\/197083","targetHints":{"allow":["GET"]}}],"collection":[{"href":"https:\/\/shop.bantam.ch\/fr\/wp-json\/wp\/v2\/product"}],"about":[{"href":"https:\/\/shop.bantam.ch\/fr\/wp-json\/wp\/v2\/types\/product"}],"wp:featuredmedia":[{"embeddable":true,"href":"https:\/\/shop.bantam.ch\/fr\/wp-json\/wp\/v2\/media\/207060"}],"wp:attachment":[{"href":"https:\/\/shop.bantam.ch\/fr\/wp-json\/wp\/v2\/media?parent=197083"}],"wp:term":[{"taxonomy":"product_featured_cat","embeddable":true,"href":"https:\/\/shop.bantam.ch\/fr\/wp-json\/wp\/v2\/product_featured_cat?post=197083"},{"taxonomy":"product_brand","embeddable":true,"href":"https:\/\/shop.bantam.ch\/fr\/wp-json\/wp\/v2\/product_brand?post=197083"},{"taxonomy":"product_cat","embeddable":true,"href":"https:\/\/shop.bantam.ch\/fr\/wp-json\/wp\/v2\/product_cat?post=197083"},{"taxonomy":"product_tag","embeddable":true,"href":"https:\/\/shop.bantam.ch\/fr\/wp-json\/wp\/v2\/product_tag?post=197083"}],"curies":[{"name":"wp","href":"https:\/\/api.w.org\/{rel}","templated":true}]}}