{"id":197071,"date":"2024-05-15T16:14:39","date_gmt":"2024-05-15T14:14:39","guid":{"rendered":"https:\/\/shop.bantam.ch\/produit\/der-verruckteste-reisefuhrer-deutschlands-riva\/"},"modified":"2026-05-11T23:06:13","modified_gmt":"2026-05-11T21:06:13","slug":"der-verruckteste-reisefuhrer-deutschlands-riva","status":"publish","type":"product","link":"https:\/\/shop.bantam.ch\/fr\/produit\/der-verruckteste-reisefuhrer-deutschlands-riva\/","title":{"rendered":"Der verr\u00fcckteste Reisef\u00fchrer Deutschlands, Riva"},"content":{"rendered":"<p>Ce guide est diff\u00e9rent. Il nous montre notre propre pays, mais loin de l&rsquo;Uckermark, des contreforts des Alpes et du Rhin. Il s\u2019agit des endroits les plus \u00e9tranges, les plus \u00e9tranges et les plus \u00e9tranges que l\u2019Allemagne ait \u00e0 offrir. Une empreinte laiss\u00e9e par le diable lui-m\u00eame, une ancienne station d&rsquo;espionnage, une tombe secr\u00e8te dans le pilier du pont et une grotte dans laquelle vivent des licornes : avec ce livre, les aventuriers, les curieux et les collectionneurs de curiosit\u00e9s en auront pour leur argent.<\/p>\n","protected":false},"excerpt":{"rendered":"<p>Ce guide est diff\u00e9rent. Il nous montre notre propre pays, mais loin de l&rsquo;Uckermark, des contreforts des Alpes et du Rhin. Il s\u2019agit des endroits les plus \u00e9tranges, les plus \u00e9tranges et les plus \u00e9tranges que l\u2019Allemagne ait \u00e0 offrir. Une empreinte laiss\u00e9e par le diable lui-m\u00eame, une ancienne station d&rsquo;espionnage, une tombe secr\u00e8te dans [&hellip;]<\/p>\n","protected":false},"featured_media":207054,"template":"","meta":{"_acf_changed":false},"product_featured_cat":[],"product_brand":[5253],"product_cat":[4351],"product_tag":[],"class_list":{"0":"post-197071","1":"product","2":"type-product","3":"status-publish","4":"has-post-thumbnail","6":"product_brand-riva","7":"product_cat-guides-de-voyage","9":"first","10":"instock","11":"taxable","12":"shipping-taxable","13":"purchasable","14":"product-type-simple"},"acf":[],"yoast_head":"<!-- This site is optimized with the Yoast SEO plugin v27.5 - https:\/\/yoast.com\/product\/yoast-seo-wordpress\/ -->\n<title>Der verr\u00fcckteste Reisef\u00fchrer Deutschlands, Riva - Bantam<\/title>\n<meta name=\"robots\" content=\"index, follow, max-snippet:-1, max-image-preview:large, max-video-preview:-1\" \/>\n<link rel=\"canonical\" href=\"https:\/\/shop.bantam.ch\/fr\/produit\/der-verruckteste-reisefuhrer-deutschlands-riva\/\" \/>\n<meta property=\"og:locale\" content=\"fr_FR\" \/>\n<meta property=\"og:type\" content=\"article\" \/>\n<meta property=\"og:title\" content=\"Der verr\u00fcckteste Reisef\u00fchrer Deutschlands, Riva - Bantam\" \/>\n<meta property=\"og:description\" content=\"Ce guide est diff\u00e9rent. Il nous montre notre propre pays, mais loin de l&rsquo;Uckermark, des contreforts des Alpes et du Rhin. Il s\u2019agit des endroits les plus \u00e9tranges, les plus \u00e9tranges et les plus \u00e9tranges que l\u2019Allemagne ait \u00e0 offrir. Une empreinte laiss\u00e9e par le diable lui-m\u00eame, une ancienne station d&rsquo;espionnage, une tombe secr\u00e8te dans [&hellip;]\" \/>\n<meta property=\"og:url\" content=\"https:\/\/shop.bantam.ch\/fr\/produit\/der-verruckteste-reisefuhrer-deutschlands-riva\/\" \/>\n<meta property=\"og:site_name\" content=\"Bantam\" \/>\n<meta property=\"article:modified_time\" content=\"2026-05-11T21:06:13+00:00\" \/>\n<meta property=\"og:image\" content=\"https:\/\/shop.bantam.ch\/wp-content\/uploads\/2024\/05\/Movera-L-9962110100.jpg\" \/>\n\t<meta property=\"og:image:width\" content=\"640\" \/>\n\t<meta property=\"og:image:height\" content=\"911\" \/>\n\t<meta property=\"og:image:type\" content=\"image\/jpeg\" \/>\n<meta name=\"twitter:card\" content=\"summary_large_image\" \/>\n<script type=\"application\/ld+json\" class=\"yoast-schema-graph\">{\"@context\":\"https:\\\/\\\/schema.org\",\"@graph\":[{\"@type\":\"WebPage\",\"@id\":\"https:\\\/\\\/shop.bantam.ch\\\/fr\\\/produit\\\/der-verruckteste-reisefuhrer-deutschlands-riva\\\/\",\"url\":\"https:\\\/\\\/shop.bantam.ch\\\/fr\\\/produit\\\/der-verruckteste-reisefuhrer-deutschlands-riva\\\/\",\"name\":\"Der verr\u00fcckteste Reisef\u00fchrer Deutschlands, Riva - Bantam\",\"isPartOf\":{\"@id\":\"https:\\\/\\\/shop.bantam.ch\\\/fr\\\/#website\"},\"primaryImageOfPage\":{\"@id\":\"https:\\\/\\\/shop.bantam.ch\\\/fr\\\/produit\\\/der-verruckteste-reisefuhrer-deutschlands-riva\\\/#primaryimage\"},\"image\":{\"@id\":\"https:\\\/\\\/shop.bantam.ch\\\/fr\\\/produit\\\/der-verruckteste-reisefuhrer-deutschlands-riva\\\/#primaryimage\"},\"thumbnailUrl\":\"https:\\\/\\\/shop.bantam.ch\\\/wp-content\\\/uploads\\\/2024\\\/09\\\/Movera-L-9962110100.jpg\",\"datePublished\":\"2024-05-15T14:14:39+00:00\",\"dateModified\":\"2026-05-11T21:06:13+00:00\",\"breadcrumb\":{\"@id\":\"https:\\\/\\\/shop.bantam.ch\\\/fr\\\/produit\\\/der-verruckteste-reisefuhrer-deutschlands-riva\\\/#breadcrumb\"},\"inLanguage\":\"fr-FR\",\"potentialAction\":[{\"@type\":\"ReadAction\",\"target\":[\"https:\\\/\\\/shop.bantam.ch\\\/fr\\\/produit\\\/der-verruckteste-reisefuhrer-deutschlands-riva\\\/\"]}]},{\"@type\":\"ImageObject\",\"inLanguage\":\"fr-FR\",\"@id\":\"https:\\\/\\\/shop.bantam.ch\\\/fr\\\/produit\\\/der-verruckteste-reisefuhrer-deutschlands-riva\\\/#primaryimage\",\"url\":\"https:\\\/\\\/shop.bantam.ch\\\/wp-content\\\/uploads\\\/2024\\\/09\\\/Movera-L-9962110100.jpg\",\"contentUrl\":\"https:\\\/\\\/shop.bantam.ch\\\/wp-content\\\/uploads\\\/2024\\\/09\\\/Movera-L-9962110100.jpg\",\"width\":640,\"height\":911},{\"@type\":\"BreadcrumbList\",\"@id\":\"https:\\\/\\\/shop.bantam.ch\\\/fr\\\/produit\\\/der-verruckteste-reisefuhrer-deutschlands-riva\\\/#breadcrumb\",\"itemListElement\":[{\"@type\":\"ListItem\",\"position\":1,\"name\":\"Accueil\",\"item\":\"https:\\\/\\\/shop.bantam.ch\\\/fr\\\/\"},{\"@type\":\"ListItem\",\"position\":2,\"name\":\"Boutique\",\"item\":\"https:\\\/\\\/shop.bantam.ch\\\/fr\\\/boutique\\\/\"},{\"@type\":\"ListItem\",\"position\":3,\"name\":\"Der verr\u00fcckteste Reisef\u00fchrer Deutschlands, Riva\"}]},{\"@type\":\"WebSite\",\"@id\":\"https:\\\/\\\/shop.bantam.ch\\\/fr\\\/#website\",\"url\":\"https:\\\/\\\/shop.bantam.ch\\\/fr\\\/\",\"name\":\"Bantam\",\"description\":\"\",\"publisher\":{\"@id\":\"https:\\\/\\\/shop.bantam.ch\\\/fr\\\/#organization\"},\"inLanguage\":\"fr-FR\"},{\"@type\":\"Organization\",\"@id\":\"https:\\\/\\\/shop.bantam.ch\\\/fr\\\/#organization\",\"name\":\"Bantam\",\"url\":\"https:\\\/\\\/shop.bantam.ch\\\/fr\\\/\",\"logo\":{\"@type\":\"ImageObject\",\"inLanguage\":\"fr-FR\",\"@id\":\"https:\\\/\\\/shop.bantam.ch\\\/fr\\\/#\\\/schema\\\/logo\\\/image\\\/\",\"url\":\"https:\\\/\\\/shop.bantam.ch\\\/wp-content\\\/uploads\\\/2022\\\/12\\\/bantam-logo.png\",\"contentUrl\":\"https:\\\/\\\/shop.bantam.ch\\\/wp-content\\\/uploads\\\/2022\\\/12\\\/bantam-logo.png\",\"width\":320,\"height\":71,\"caption\":\"Bantam\"},\"image\":{\"@id\":\"https:\\\/\\\/shop.bantam.ch\\\/fr\\\/#\\\/schema\\\/logo\\\/image\\\/\"}}]}<\/script>\n<!-- \/ Yoast SEO plugin. -->","yoast_head_json":{"title":"Der verr\u00fcckteste Reisef\u00fchrer Deutschlands, Riva - Bantam","robots":{"index":"index","follow":"follow","max-snippet":"max-snippet:-1","max-image-preview":"max-image-preview:large","max-video-preview":"max-video-preview:-1"},"canonical":"https:\/\/shop.bantam.ch\/fr\/produit\/der-verruckteste-reisefuhrer-deutschlands-riva\/","og_locale":"fr_FR","og_type":"article","og_title":"Der verr\u00fcckteste Reisef\u00fchrer Deutschlands, Riva - Bantam","og_description":"Ce guide est diff\u00e9rent. Il nous montre notre propre pays, mais loin de l&rsquo;Uckermark, des contreforts des Alpes et du Rhin. Il s\u2019agit des endroits les plus \u00e9tranges, les plus \u00e9tranges et les plus \u00e9tranges que l\u2019Allemagne ait \u00e0 offrir. Une empreinte laiss\u00e9e par le diable lui-m\u00eame, une ancienne station d&rsquo;espionnage, une tombe secr\u00e8te dans [&hellip;]","og_url":"https:\/\/shop.bantam.ch\/fr\/produit\/der-verruckteste-reisefuhrer-deutschlands-riva\/","og_site_name":"Bantam","article_modified_time":"2026-05-11T21:06:13+00:00","og_image":[{"width":640,"height":911,"url":"https:\/\/shop.bantam.ch\/wp-content\/uploads\/2024\/05\/Movera-L-9962110100.jpg","type":"image\/jpeg"}],"twitter_card":"summary_large_image","schema":{"@context":"https:\/\/schema.org","@graph":[{"@type":"WebPage","@id":"https:\/\/shop.bantam.ch\/fr\/produit\/der-verruckteste-reisefuhrer-deutschlands-riva\/","url":"https:\/\/shop.bantam.ch\/fr\/produit\/der-verruckteste-reisefuhrer-deutschlands-riva\/","name":"Der verr\u00fcckteste Reisef\u00fchrer Deutschlands, Riva - Bantam","isPartOf":{"@id":"https:\/\/shop.bantam.ch\/fr\/#website"},"primaryImageOfPage":{"@id":"https:\/\/shop.bantam.ch\/fr\/produit\/der-verruckteste-reisefuhrer-deutschlands-riva\/#primaryimage"},"image":{"@id":"https:\/\/shop.bantam.ch\/fr\/produit\/der-verruckteste-reisefuhrer-deutschlands-riva\/#primaryimage"},"thumbnailUrl":"https:\/\/shop.bantam.ch\/wp-content\/uploads\/2024\/09\/Movera-L-9962110100.jpg","datePublished":"2024-05-15T14:14:39+00:00","dateModified":"2026-05-11T21:06:13+00:00","breadcrumb":{"@id":"https:\/\/shop.bantam.ch\/fr\/produit\/der-verruckteste-reisefuhrer-deutschlands-riva\/#breadcrumb"},"inLanguage":"fr-FR","potentialAction":[{"@type":"ReadAction","target":["https:\/\/shop.bantam.ch\/fr\/produit\/der-verruckteste-reisefuhrer-deutschlands-riva\/"]}]},{"@type":"ImageObject","inLanguage":"fr-FR","@id":"https:\/\/shop.bantam.ch\/fr\/produit\/der-verruckteste-reisefuhrer-deutschlands-riva\/#primaryimage","url":"https:\/\/shop.bantam.ch\/wp-content\/uploads\/2024\/09\/Movera-L-9962110100.jpg","contentUrl":"https:\/\/shop.bantam.ch\/wp-content\/uploads\/2024\/09\/Movera-L-9962110100.jpg","width":640,"height":911},{"@type":"BreadcrumbList","@id":"https:\/\/shop.bantam.ch\/fr\/produit\/der-verruckteste-reisefuhrer-deutschlands-riva\/#breadcrumb","itemListElement":[{"@type":"ListItem","position":1,"name":"Accueil","item":"https:\/\/shop.bantam.ch\/fr\/"},{"@type":"ListItem","position":2,"name":"Boutique","item":"https:\/\/shop.bantam.ch\/fr\/boutique\/"},{"@type":"ListItem","position":3,"name":"Der verr\u00fcckteste Reisef\u00fchrer Deutschlands, Riva"}]},{"@type":"WebSite","@id":"https:\/\/shop.bantam.ch\/fr\/#website","url":"https:\/\/shop.bantam.ch\/fr\/","name":"Bantam","description":"","publisher":{"@id":"https:\/\/shop.bantam.ch\/fr\/#organization"},"inLanguage":"fr-FR"},{"@type":"Organization","@id":"https:\/\/shop.bantam.ch\/fr\/#organization","name":"Bantam","url":"https:\/\/shop.bantam.ch\/fr\/","logo":{"@type":"ImageObject","inLanguage":"fr-FR","@id":"https:\/\/shop.bantam.ch\/fr\/#\/schema\/logo\/image\/","url":"https:\/\/shop.bantam.ch\/wp-content\/uploads\/2022\/12\/bantam-logo.png","contentUrl":"https:\/\/shop.bantam.ch\/wp-content\/uploads\/2022\/12\/bantam-logo.png","width":320,"height":71,"caption":"Bantam"},"image":{"@id":"https:\/\/shop.bantam.ch\/fr\/#\/schema\/logo\/image\/"}}]}},"_links":{"self":[{"href":"https:\/\/shop.bantam.ch\/fr\/wp-json\/wp\/v2\/product\/197071","targetHints":{"allow":["GET"]}}],"collection":[{"href":"https:\/\/shop.bantam.ch\/fr\/wp-json\/wp\/v2\/product"}],"about":[{"href":"https:\/\/shop.bantam.ch\/fr\/wp-json\/wp\/v2\/types\/product"}],"wp:featuredmedia":[{"embeddable":true,"href":"https:\/\/shop.bantam.ch\/fr\/wp-json\/wp\/v2\/media\/207054"}],"wp:attachment":[{"href":"https:\/\/shop.bantam.ch\/fr\/wp-json\/wp\/v2\/media?parent=197071"}],"wp:term":[{"taxonomy":"product_featured_cat","embeddable":true,"href":"https:\/\/shop.bantam.ch\/fr\/wp-json\/wp\/v2\/product_featured_cat?post=197071"},{"taxonomy":"product_brand","embeddable":true,"href":"https:\/\/shop.bantam.ch\/fr\/wp-json\/wp\/v2\/product_brand?post=197071"},{"taxonomy":"product_cat","embeddable":true,"href":"https:\/\/shop.bantam.ch\/fr\/wp-json\/wp\/v2\/product_cat?post=197071"},{"taxonomy":"product_tag","embeddable":true,"href":"https:\/\/shop.bantam.ch\/fr\/wp-json\/wp\/v2\/product_tag?post=197071"}],"curies":[{"name":"wp","href":"https:\/\/api.w.org\/{rel}","templated":true}]}}