{"id":197051,"date":"2024-05-15T16:13:59","date_gmt":"2024-05-15T14:13:59","guid":{"rendered":"https:\/\/shop.bantam.ch\/produit\/mein-bullibusbuch-mit-klapp-turen-carlsen\/"},"modified":"2026-05-11T23:06:06","modified_gmt":"2026-05-11T21:06:06","slug":"mein-bullibusbuch-mit-klapp-turen-carlsen","status":"publish","type":"product","link":"https:\/\/shop.bantam.ch\/fr\/produit\/mein-bullibusbuch-mit-klapp-turen-carlsen\/","title":{"rendered":"Mein BulliBusBuch: Mit Klapp-T\u00fcren, Carlsen"},"content":{"rendered":"<p>Nous prenons le BulliBus pour gravir la montagne et rejoindre la rivi\u00e8re. Qui vient avec toi ? Sept animaux se succ\u00e8dent et commencent un voyage amusant en BulliBus.<\/p>\n<p>\u00c2ge de lecture : \u00e0 partir de 2 ans<\/p>\n","protected":false},"excerpt":{"rendered":"<p>Nous prenons le BulliBus pour gravir la montagne et rejoindre la rivi\u00e8re. Qui vient avec toi ? Sept animaux se succ\u00e8dent et commencent un voyage amusant en BulliBus. \u00c2ge de lecture : \u00e0 partir de 2 ans<\/p>\n","protected":false},"featured_media":207044,"template":"","meta":{"_acf_changed":false},"product_featured_cat":[],"product_brand":[5247],"product_cat":[4351],"product_tag":[],"class_list":{"0":"post-197051","1":"product","2":"type-product","3":"status-publish","4":"has-post-thumbnail","6":"product_brand-carlsen","7":"product_cat-guides-de-voyage","9":"first","10":"instock","11":"taxable","12":"shipping-taxable","13":"purchasable","14":"product-type-simple"},"acf":[],"yoast_head":"<!-- This site is optimized with the Yoast SEO plugin v27.5 - https:\/\/yoast.com\/product\/yoast-seo-wordpress\/ -->\n<title>Mein BulliBusBuch: Mit Klapp-T\u00fcren, Carlsen - Bantam<\/title>\n<meta name=\"robots\" content=\"index, follow, max-snippet:-1, max-image-preview:large, max-video-preview:-1\" \/>\n<link rel=\"canonical\" href=\"https:\/\/shop.bantam.ch\/fr\/produit\/mein-bullibusbuch-mit-klapp-turen-carlsen\/\" \/>\n<meta property=\"og:locale\" content=\"fr_FR\" \/>\n<meta property=\"og:type\" content=\"article\" \/>\n<meta property=\"og:title\" content=\"Mein BulliBusBuch: Mit Klapp-T\u00fcren, Carlsen - Bantam\" \/>\n<meta property=\"og:description\" content=\"Nous prenons le BulliBus pour gravir la montagne et rejoindre la rivi\u00e8re. Qui vient avec toi ? Sept animaux se succ\u00e8dent et commencent un voyage amusant en BulliBus. \u00c2ge de lecture : \u00e0 partir de 2 ans\" \/>\n<meta property=\"og:url\" content=\"https:\/\/shop.bantam.ch\/fr\/produit\/mein-bullibusbuch-mit-klapp-turen-carlsen\/\" \/>\n<meta property=\"og:site_name\" content=\"Bantam\" \/>\n<meta property=\"article:modified_time\" content=\"2026-05-11T21:06:06+00:00\" \/>\n<meta property=\"og:image\" content=\"https:\/\/shop.bantam.ch\/wp-content\/uploads\/2024\/05\/Movera-L-9962105100.jpg\" \/>\n\t<meta property=\"og:image:width\" content=\"640\" \/>\n\t<meta property=\"og:image:height\" content=\"387\" \/>\n\t<meta property=\"og:image:type\" content=\"image\/jpeg\" \/>\n<meta name=\"twitter:card\" content=\"summary_large_image\" \/>\n<script type=\"application\/ld+json\" class=\"yoast-schema-graph\">{\"@context\":\"https:\\\/\\\/schema.org\",\"@graph\":[{\"@type\":\"WebPage\",\"@id\":\"https:\\\/\\\/shop.bantam.ch\\\/fr\\\/produit\\\/mein-bullibusbuch-mit-klapp-turen-carlsen\\\/\",\"url\":\"https:\\\/\\\/shop.bantam.ch\\\/fr\\\/produit\\\/mein-bullibusbuch-mit-klapp-turen-carlsen\\\/\",\"name\":\"Mein BulliBusBuch: Mit Klapp-T\u00fcren, Carlsen - Bantam\",\"isPartOf\":{\"@id\":\"https:\\\/\\\/shop.bantam.ch\\\/fr\\\/#website\"},\"primaryImageOfPage\":{\"@id\":\"https:\\\/\\\/shop.bantam.ch\\\/fr\\\/produit\\\/mein-bullibusbuch-mit-klapp-turen-carlsen\\\/#primaryimage\"},\"image\":{\"@id\":\"https:\\\/\\\/shop.bantam.ch\\\/fr\\\/produit\\\/mein-bullibusbuch-mit-klapp-turen-carlsen\\\/#primaryimage\"},\"thumbnailUrl\":\"https:\\\/\\\/shop.bantam.ch\\\/wp-content\\\/uploads\\\/2024\\\/09\\\/Movera-L-9962105100.jpg\",\"datePublished\":\"2024-05-15T14:13:59+00:00\",\"dateModified\":\"2026-05-11T21:06:06+00:00\",\"breadcrumb\":{\"@id\":\"https:\\\/\\\/shop.bantam.ch\\\/fr\\\/produit\\\/mein-bullibusbuch-mit-klapp-turen-carlsen\\\/#breadcrumb\"},\"inLanguage\":\"fr-FR\",\"potentialAction\":[{\"@type\":\"ReadAction\",\"target\":[\"https:\\\/\\\/shop.bantam.ch\\\/fr\\\/produit\\\/mein-bullibusbuch-mit-klapp-turen-carlsen\\\/\"]}]},{\"@type\":\"ImageObject\",\"inLanguage\":\"fr-FR\",\"@id\":\"https:\\\/\\\/shop.bantam.ch\\\/fr\\\/produit\\\/mein-bullibusbuch-mit-klapp-turen-carlsen\\\/#primaryimage\",\"url\":\"https:\\\/\\\/shop.bantam.ch\\\/wp-content\\\/uploads\\\/2024\\\/09\\\/Movera-L-9962105100.jpg\",\"contentUrl\":\"https:\\\/\\\/shop.bantam.ch\\\/wp-content\\\/uploads\\\/2024\\\/09\\\/Movera-L-9962105100.jpg\",\"width\":640,\"height\":387},{\"@type\":\"BreadcrumbList\",\"@id\":\"https:\\\/\\\/shop.bantam.ch\\\/fr\\\/produit\\\/mein-bullibusbuch-mit-klapp-turen-carlsen\\\/#breadcrumb\",\"itemListElement\":[{\"@type\":\"ListItem\",\"position\":1,\"name\":\"Accueil\",\"item\":\"https:\\\/\\\/shop.bantam.ch\\\/fr\\\/\"},{\"@type\":\"ListItem\",\"position\":2,\"name\":\"Boutique\",\"item\":\"https:\\\/\\\/shop.bantam.ch\\\/fr\\\/boutique\\\/\"},{\"@type\":\"ListItem\",\"position\":3,\"name\":\"Mein BulliBusBuch: Mit Klapp-T\u00fcren, Carlsen\"}]},{\"@type\":\"WebSite\",\"@id\":\"https:\\\/\\\/shop.bantam.ch\\\/fr\\\/#website\",\"url\":\"https:\\\/\\\/shop.bantam.ch\\\/fr\\\/\",\"name\":\"Bantam\",\"description\":\"\",\"publisher\":{\"@id\":\"https:\\\/\\\/shop.bantam.ch\\\/fr\\\/#organization\"},\"inLanguage\":\"fr-FR\"},{\"@type\":\"Organization\",\"@id\":\"https:\\\/\\\/shop.bantam.ch\\\/fr\\\/#organization\",\"name\":\"Bantam\",\"url\":\"https:\\\/\\\/shop.bantam.ch\\\/fr\\\/\",\"logo\":{\"@type\":\"ImageObject\",\"inLanguage\":\"fr-FR\",\"@id\":\"https:\\\/\\\/shop.bantam.ch\\\/fr\\\/#\\\/schema\\\/logo\\\/image\\\/\",\"url\":\"https:\\\/\\\/shop.bantam.ch\\\/wp-content\\\/uploads\\\/2022\\\/12\\\/bantam-logo.png\",\"contentUrl\":\"https:\\\/\\\/shop.bantam.ch\\\/wp-content\\\/uploads\\\/2022\\\/12\\\/bantam-logo.png\",\"width\":320,\"height\":71,\"caption\":\"Bantam\"},\"image\":{\"@id\":\"https:\\\/\\\/shop.bantam.ch\\\/fr\\\/#\\\/schema\\\/logo\\\/image\\\/\"}}]}<\/script>\n<!-- \/ Yoast SEO plugin. -->","yoast_head_json":{"title":"Mein BulliBusBuch: Mit Klapp-T\u00fcren, Carlsen - Bantam","robots":{"index":"index","follow":"follow","max-snippet":"max-snippet:-1","max-image-preview":"max-image-preview:large","max-video-preview":"max-video-preview:-1"},"canonical":"https:\/\/shop.bantam.ch\/fr\/produit\/mein-bullibusbuch-mit-klapp-turen-carlsen\/","og_locale":"fr_FR","og_type":"article","og_title":"Mein BulliBusBuch: Mit Klapp-T\u00fcren, Carlsen - Bantam","og_description":"Nous prenons le BulliBus pour gravir la montagne et rejoindre la rivi\u00e8re. Qui vient avec toi ? Sept animaux se succ\u00e8dent et commencent un voyage amusant en BulliBus. \u00c2ge de lecture : \u00e0 partir de 2 ans","og_url":"https:\/\/shop.bantam.ch\/fr\/produit\/mein-bullibusbuch-mit-klapp-turen-carlsen\/","og_site_name":"Bantam","article_modified_time":"2026-05-11T21:06:06+00:00","og_image":[{"width":640,"height":387,"url":"https:\/\/shop.bantam.ch\/wp-content\/uploads\/2024\/05\/Movera-L-9962105100.jpg","type":"image\/jpeg"}],"twitter_card":"summary_large_image","schema":{"@context":"https:\/\/schema.org","@graph":[{"@type":"WebPage","@id":"https:\/\/shop.bantam.ch\/fr\/produit\/mein-bullibusbuch-mit-klapp-turen-carlsen\/","url":"https:\/\/shop.bantam.ch\/fr\/produit\/mein-bullibusbuch-mit-klapp-turen-carlsen\/","name":"Mein BulliBusBuch: Mit Klapp-T\u00fcren, Carlsen - Bantam","isPartOf":{"@id":"https:\/\/shop.bantam.ch\/fr\/#website"},"primaryImageOfPage":{"@id":"https:\/\/shop.bantam.ch\/fr\/produit\/mein-bullibusbuch-mit-klapp-turen-carlsen\/#primaryimage"},"image":{"@id":"https:\/\/shop.bantam.ch\/fr\/produit\/mein-bullibusbuch-mit-klapp-turen-carlsen\/#primaryimage"},"thumbnailUrl":"https:\/\/shop.bantam.ch\/wp-content\/uploads\/2024\/09\/Movera-L-9962105100.jpg","datePublished":"2024-05-15T14:13:59+00:00","dateModified":"2026-05-11T21:06:06+00:00","breadcrumb":{"@id":"https:\/\/shop.bantam.ch\/fr\/produit\/mein-bullibusbuch-mit-klapp-turen-carlsen\/#breadcrumb"},"inLanguage":"fr-FR","potentialAction":[{"@type":"ReadAction","target":["https:\/\/shop.bantam.ch\/fr\/produit\/mein-bullibusbuch-mit-klapp-turen-carlsen\/"]}]},{"@type":"ImageObject","inLanguage":"fr-FR","@id":"https:\/\/shop.bantam.ch\/fr\/produit\/mein-bullibusbuch-mit-klapp-turen-carlsen\/#primaryimage","url":"https:\/\/shop.bantam.ch\/wp-content\/uploads\/2024\/09\/Movera-L-9962105100.jpg","contentUrl":"https:\/\/shop.bantam.ch\/wp-content\/uploads\/2024\/09\/Movera-L-9962105100.jpg","width":640,"height":387},{"@type":"BreadcrumbList","@id":"https:\/\/shop.bantam.ch\/fr\/produit\/mein-bullibusbuch-mit-klapp-turen-carlsen\/#breadcrumb","itemListElement":[{"@type":"ListItem","position":1,"name":"Accueil","item":"https:\/\/shop.bantam.ch\/fr\/"},{"@type":"ListItem","position":2,"name":"Boutique","item":"https:\/\/shop.bantam.ch\/fr\/boutique\/"},{"@type":"ListItem","position":3,"name":"Mein BulliBusBuch: Mit Klapp-T\u00fcren, Carlsen"}]},{"@type":"WebSite","@id":"https:\/\/shop.bantam.ch\/fr\/#website","url":"https:\/\/shop.bantam.ch\/fr\/","name":"Bantam","description":"","publisher":{"@id":"https:\/\/shop.bantam.ch\/fr\/#organization"},"inLanguage":"fr-FR"},{"@type":"Organization","@id":"https:\/\/shop.bantam.ch\/fr\/#organization","name":"Bantam","url":"https:\/\/shop.bantam.ch\/fr\/","logo":{"@type":"ImageObject","inLanguage":"fr-FR","@id":"https:\/\/shop.bantam.ch\/fr\/#\/schema\/logo\/image\/","url":"https:\/\/shop.bantam.ch\/wp-content\/uploads\/2022\/12\/bantam-logo.png","contentUrl":"https:\/\/shop.bantam.ch\/wp-content\/uploads\/2022\/12\/bantam-logo.png","width":320,"height":71,"caption":"Bantam"},"image":{"@id":"https:\/\/shop.bantam.ch\/fr\/#\/schema\/logo\/image\/"}}]}},"_links":{"self":[{"href":"https:\/\/shop.bantam.ch\/fr\/wp-json\/wp\/v2\/product\/197051","targetHints":{"allow":["GET"]}}],"collection":[{"href":"https:\/\/shop.bantam.ch\/fr\/wp-json\/wp\/v2\/product"}],"about":[{"href":"https:\/\/shop.bantam.ch\/fr\/wp-json\/wp\/v2\/types\/product"}],"wp:featuredmedia":[{"embeddable":true,"href":"https:\/\/shop.bantam.ch\/fr\/wp-json\/wp\/v2\/media\/207044"}],"wp:attachment":[{"href":"https:\/\/shop.bantam.ch\/fr\/wp-json\/wp\/v2\/media?parent=197051"}],"wp:term":[{"taxonomy":"product_featured_cat","embeddable":true,"href":"https:\/\/shop.bantam.ch\/fr\/wp-json\/wp\/v2\/product_featured_cat?post=197051"},{"taxonomy":"product_brand","embeddable":true,"href":"https:\/\/shop.bantam.ch\/fr\/wp-json\/wp\/v2\/product_brand?post=197051"},{"taxonomy":"product_cat","embeddable":true,"href":"https:\/\/shop.bantam.ch\/fr\/wp-json\/wp\/v2\/product_cat?post=197051"},{"taxonomy":"product_tag","embeddable":true,"href":"https:\/\/shop.bantam.ch\/fr\/wp-json\/wp\/v2\/product_tag?post=197051"}],"curies":[{"name":"wp","href":"https:\/\/api.w.org\/{rel}","templated":true}]}}