{"id":197019,"date":"2024-05-15T16:13:05","date_gmt":"2024-05-15T14:13:05","guid":{"rendered":"https:\/\/shop.bantam.ch\/produit\/chaise-westfield-ourdoors-salina-compact-antra-grey\/"},"modified":"2026-04-18T23:11:31","modified_gmt":"2026-04-18T21:11:31","slug":"chaise-westfield-ourdoors-salina-compact-antra-grey","status":"publish","type":"product","link":"https:\/\/shop.bantam.ch\/fr\/produit\/chaise-westfield-ourdoors-salina-compact-antra-grey\/","title":{"rendered":"Chaise Westfield OURDOORS Salina Compact Antra Grey"},"content":{"rendered":"<p>Salina Compact, avec son poids et ses dimensions totales r\u00e9duits, convient particuli\u00e8rement aux campeurs avec de petits v\u00e9hicules de voyage. La construction en tube rond courb\u00e9 offre une stabilit\u00e9 et une tenue unique sur les sols mous, par rapport aux quadrup\u00e8des. Un accoudoir extra large soutient agr\u00e9ablement l&rsquo;utilisateur et poss\u00e8de cinq crans pour ajuster le dossier. Gr\u00e2ce \u00e0 son rev\u00eatement d&rsquo;assise en tissu 3D, la chaise offre un grand confort d&rsquo;assise et une excellente capacit\u00e9 de s\u00e9chage apr\u00e8s avoir \u00e9t\u00e9 mouill\u00e9e.<\/p>\n<p>Mat\u00e9riaux :<\/p>\n<p>Housse 100%polyester<\/p>\n<p>Structure Duralite\u00ae.<\/p>\n","protected":false},"excerpt":{"rendered":"<p>Salina Compact, avec son poids et ses dimensions totales r\u00e9duits, convient particuli\u00e8rement aux campeurs avec de petits v\u00e9hicules de voyage. La construction en tube rond courb\u00e9 offre une stabilit\u00e9 et une tenue unique sur les sols mous, par rapport aux quadrup\u00e8des. Un accoudoir extra large soutient agr\u00e9ablement l&rsquo;utilisateur et poss\u00e8de cinq crans pour ajuster le [&hellip;]<\/p>\n","protected":false},"featured_media":207028,"template":"","meta":{"_acf_changed":false},"product_featured_cat":[],"product_brand":[3092],"product_cat":[4971],"product_tag":[],"class_list":{"0":"post-197019","1":"product","2":"type-product","3":"status-publish","4":"has-post-thumbnail","6":"product_brand-westfield-outdoors","7":"product_cat-chaises-de-camping","9":"first","10":"instock","11":"taxable","12":"shipping-taxable","13":"purchasable","14":"product-type-simple"},"acf":[],"yoast_head":"<!-- This site is optimized with the Yoast SEO plugin v27.4 - https:\/\/yoast.com\/product\/yoast-seo-wordpress\/ -->\n<title>Chaise Westfield OURDOORS Salina Compact Antra Grey - Bantam Wankm\u00fcller SA<\/title>\n<meta name=\"robots\" content=\"index, follow, max-snippet:-1, max-image-preview:large, max-video-preview:-1\" \/>\n<link rel=\"canonical\" href=\"https:\/\/shop.bantam.ch\/fr\/produit\/chaise-westfield-ourdoors-salina-compact-antra-grey\/\" \/>\n<meta property=\"og:locale\" content=\"fr_FR\" \/>\n<meta property=\"og:type\" content=\"article\" \/>\n<meta property=\"og:title\" content=\"Chaise Westfield OURDOORS Salina Compact Antra Grey - Bantam Wankm\u00fcller SA\" \/>\n<meta property=\"og:description\" content=\"Salina Compact, avec son poids et ses dimensions totales r\u00e9duits, convient particuli\u00e8rement aux campeurs avec de petits v\u00e9hicules de voyage. La construction en tube rond courb\u00e9 offre une stabilit\u00e9 et une tenue unique sur les sols mous, par rapport aux quadrup\u00e8des. Un accoudoir extra large soutient agr\u00e9ablement l&rsquo;utilisateur et poss\u00e8de cinq crans pour ajuster le [&hellip;]\" \/>\n<meta property=\"og:url\" content=\"https:\/\/shop.bantam.ch\/fr\/produit\/chaise-westfield-ourdoors-salina-compact-antra-grey\/\" \/>\n<meta property=\"og:site_name\" content=\"Bantam Wankm\u00fcller SA\" \/>\n<meta property=\"article:modified_time\" content=\"2026-04-18T21:11:31+00:00\" \/>\n<meta property=\"og:image\" content=\"https:\/\/shop.bantam.ch\/wp-content\/uploads\/2024\/05\/Movera-L-9962126100.jpg\" \/>\n\t<meta property=\"og:image:width\" content=\"640\" \/>\n\t<meta property=\"og:image:height\" content=\"427\" \/>\n\t<meta property=\"og:image:type\" content=\"image\/jpeg\" \/>\n<meta name=\"twitter:card\" content=\"summary_large_image\" \/>\n<script type=\"application\/ld+json\" class=\"yoast-schema-graph\">{\"@context\":\"https:\\\/\\\/schema.org\",\"@graph\":[{\"@type\":\"WebPage\",\"@id\":\"https:\\\/\\\/shop.bantam.ch\\\/fr\\\/produit\\\/chaise-westfield-ourdoors-salina-compact-antra-grey\\\/\",\"url\":\"https:\\\/\\\/shop.bantam.ch\\\/fr\\\/produit\\\/chaise-westfield-ourdoors-salina-compact-antra-grey\\\/\",\"name\":\"Chaise Westfield OURDOORS Salina Compact Antra Grey - Bantam Wankm\u00fcller SA\",\"isPartOf\":{\"@id\":\"https:\\\/\\\/shop.bantam.ch\\\/fr\\\/#website\"},\"primaryImageOfPage\":{\"@id\":\"https:\\\/\\\/shop.bantam.ch\\\/fr\\\/produit\\\/chaise-westfield-ourdoors-salina-compact-antra-grey\\\/#primaryimage\"},\"image\":{\"@id\":\"https:\\\/\\\/shop.bantam.ch\\\/fr\\\/produit\\\/chaise-westfield-ourdoors-salina-compact-antra-grey\\\/#primaryimage\"},\"thumbnailUrl\":\"https:\\\/\\\/shop.bantam.ch\\\/wp-content\\\/uploads\\\/2024\\\/09\\\/Movera-L-9962126100.jpg\",\"datePublished\":\"2024-05-15T14:13:05+00:00\",\"dateModified\":\"2026-04-18T21:11:31+00:00\",\"breadcrumb\":{\"@id\":\"https:\\\/\\\/shop.bantam.ch\\\/fr\\\/produit\\\/chaise-westfield-ourdoors-salina-compact-antra-grey\\\/#breadcrumb\"},\"inLanguage\":\"fr-FR\",\"potentialAction\":[{\"@type\":\"ReadAction\",\"target\":[\"https:\\\/\\\/shop.bantam.ch\\\/fr\\\/produit\\\/chaise-westfield-ourdoors-salina-compact-antra-grey\\\/\"]}]},{\"@type\":\"ImageObject\",\"inLanguage\":\"fr-FR\",\"@id\":\"https:\\\/\\\/shop.bantam.ch\\\/fr\\\/produit\\\/chaise-westfield-ourdoors-salina-compact-antra-grey\\\/#primaryimage\",\"url\":\"https:\\\/\\\/shop.bantam.ch\\\/wp-content\\\/uploads\\\/2024\\\/09\\\/Movera-L-9962126100.jpg\",\"contentUrl\":\"https:\\\/\\\/shop.bantam.ch\\\/wp-content\\\/uploads\\\/2024\\\/09\\\/Movera-L-9962126100.jpg\",\"width\":640,\"height\":427},{\"@type\":\"BreadcrumbList\",\"@id\":\"https:\\\/\\\/shop.bantam.ch\\\/fr\\\/produit\\\/chaise-westfield-ourdoors-salina-compact-antra-grey\\\/#breadcrumb\",\"itemListElement\":[{\"@type\":\"ListItem\",\"position\":1,\"name\":\"Accueil\",\"item\":\"https:\\\/\\\/shop.bantam.ch\\\/fr\\\/\"},{\"@type\":\"ListItem\",\"position\":2,\"name\":\"Boutique\",\"item\":\"https:\\\/\\\/shop.bantam.ch\\\/fr\\\/boutique\\\/\"},{\"@type\":\"ListItem\",\"position\":3,\"name\":\"Chaise Westfield OURDOORS Salina Compact Antra Grey\"}]},{\"@type\":\"WebSite\",\"@id\":\"https:\\\/\\\/shop.bantam.ch\\\/fr\\\/#website\",\"url\":\"https:\\\/\\\/shop.bantam.ch\\\/fr\\\/\",\"name\":\"Bantam Wankm\u00fcller SA\",\"description\":\"\",\"publisher\":{\"@id\":\"https:\\\/\\\/shop.bantam.ch\\\/fr\\\/#organization\"},\"inLanguage\":\"fr-FR\"},{\"@type\":\"Organization\",\"@id\":\"https:\\\/\\\/shop.bantam.ch\\\/fr\\\/#organization\",\"name\":\"Bantam Wankm\u00fcller SA\",\"url\":\"https:\\\/\\\/shop.bantam.ch\\\/fr\\\/\",\"logo\":{\"@type\":\"ImageObject\",\"inLanguage\":\"fr-FR\",\"@id\":\"https:\\\/\\\/shop.bantam.ch\\\/fr\\\/#\\\/schema\\\/logo\\\/image\\\/\",\"url\":\"https:\\\/\\\/shop.bantam.ch\\\/wp-content\\\/uploads\\\/2022\\\/12\\\/bantam-logo.png\",\"contentUrl\":\"https:\\\/\\\/shop.bantam.ch\\\/wp-content\\\/uploads\\\/2022\\\/12\\\/bantam-logo.png\",\"width\":320,\"height\":71,\"caption\":\"Bantam Wankm\u00fcller SA\"},\"image\":{\"@id\":\"https:\\\/\\\/shop.bantam.ch\\\/fr\\\/#\\\/schema\\\/logo\\\/image\\\/\"}}]}<\/script>\n<!-- \/ Yoast SEO plugin. -->","yoast_head_json":{"title":"Chaise Westfield OURDOORS Salina Compact Antra Grey - Bantam Wankm\u00fcller SA","robots":{"index":"index","follow":"follow","max-snippet":"max-snippet:-1","max-image-preview":"max-image-preview:large","max-video-preview":"max-video-preview:-1"},"canonical":"https:\/\/shop.bantam.ch\/fr\/produit\/chaise-westfield-ourdoors-salina-compact-antra-grey\/","og_locale":"fr_FR","og_type":"article","og_title":"Chaise Westfield OURDOORS Salina Compact Antra Grey - Bantam Wankm\u00fcller SA","og_description":"Salina Compact, avec son poids et ses dimensions totales r\u00e9duits, convient particuli\u00e8rement aux campeurs avec de petits v\u00e9hicules de voyage. La construction en tube rond courb\u00e9 offre une stabilit\u00e9 et une tenue unique sur les sols mous, par rapport aux quadrup\u00e8des. Un accoudoir extra large soutient agr\u00e9ablement l&rsquo;utilisateur et poss\u00e8de cinq crans pour ajuster le [&hellip;]","og_url":"https:\/\/shop.bantam.ch\/fr\/produit\/chaise-westfield-ourdoors-salina-compact-antra-grey\/","og_site_name":"Bantam Wankm\u00fcller SA","article_modified_time":"2026-04-18T21:11:31+00:00","og_image":[{"width":640,"height":427,"url":"https:\/\/shop.bantam.ch\/wp-content\/uploads\/2024\/05\/Movera-L-9962126100.jpg","type":"image\/jpeg"}],"twitter_card":"summary_large_image","schema":{"@context":"https:\/\/schema.org","@graph":[{"@type":"WebPage","@id":"https:\/\/shop.bantam.ch\/fr\/produit\/chaise-westfield-ourdoors-salina-compact-antra-grey\/","url":"https:\/\/shop.bantam.ch\/fr\/produit\/chaise-westfield-ourdoors-salina-compact-antra-grey\/","name":"Chaise Westfield OURDOORS Salina Compact Antra Grey - Bantam Wankm\u00fcller SA","isPartOf":{"@id":"https:\/\/shop.bantam.ch\/fr\/#website"},"primaryImageOfPage":{"@id":"https:\/\/shop.bantam.ch\/fr\/produit\/chaise-westfield-ourdoors-salina-compact-antra-grey\/#primaryimage"},"image":{"@id":"https:\/\/shop.bantam.ch\/fr\/produit\/chaise-westfield-ourdoors-salina-compact-antra-grey\/#primaryimage"},"thumbnailUrl":"https:\/\/shop.bantam.ch\/wp-content\/uploads\/2024\/09\/Movera-L-9962126100.jpg","datePublished":"2024-05-15T14:13:05+00:00","dateModified":"2026-04-18T21:11:31+00:00","breadcrumb":{"@id":"https:\/\/shop.bantam.ch\/fr\/produit\/chaise-westfield-ourdoors-salina-compact-antra-grey\/#breadcrumb"},"inLanguage":"fr-FR","potentialAction":[{"@type":"ReadAction","target":["https:\/\/shop.bantam.ch\/fr\/produit\/chaise-westfield-ourdoors-salina-compact-antra-grey\/"]}]},{"@type":"ImageObject","inLanguage":"fr-FR","@id":"https:\/\/shop.bantam.ch\/fr\/produit\/chaise-westfield-ourdoors-salina-compact-antra-grey\/#primaryimage","url":"https:\/\/shop.bantam.ch\/wp-content\/uploads\/2024\/09\/Movera-L-9962126100.jpg","contentUrl":"https:\/\/shop.bantam.ch\/wp-content\/uploads\/2024\/09\/Movera-L-9962126100.jpg","width":640,"height":427},{"@type":"BreadcrumbList","@id":"https:\/\/shop.bantam.ch\/fr\/produit\/chaise-westfield-ourdoors-salina-compact-antra-grey\/#breadcrumb","itemListElement":[{"@type":"ListItem","position":1,"name":"Accueil","item":"https:\/\/shop.bantam.ch\/fr\/"},{"@type":"ListItem","position":2,"name":"Boutique","item":"https:\/\/shop.bantam.ch\/fr\/boutique\/"},{"@type":"ListItem","position":3,"name":"Chaise Westfield OURDOORS Salina Compact Antra Grey"}]},{"@type":"WebSite","@id":"https:\/\/shop.bantam.ch\/fr\/#website","url":"https:\/\/shop.bantam.ch\/fr\/","name":"Bantam Wankm\u00fcller SA","description":"","publisher":{"@id":"https:\/\/shop.bantam.ch\/fr\/#organization"},"inLanguage":"fr-FR"},{"@type":"Organization","@id":"https:\/\/shop.bantam.ch\/fr\/#organization","name":"Bantam Wankm\u00fcller SA","url":"https:\/\/shop.bantam.ch\/fr\/","logo":{"@type":"ImageObject","inLanguage":"fr-FR","@id":"https:\/\/shop.bantam.ch\/fr\/#\/schema\/logo\/image\/","url":"https:\/\/shop.bantam.ch\/wp-content\/uploads\/2022\/12\/bantam-logo.png","contentUrl":"https:\/\/shop.bantam.ch\/wp-content\/uploads\/2022\/12\/bantam-logo.png","width":320,"height":71,"caption":"Bantam Wankm\u00fcller SA"},"image":{"@id":"https:\/\/shop.bantam.ch\/fr\/#\/schema\/logo\/image\/"}}]}},"_links":{"self":[{"href":"https:\/\/shop.bantam.ch\/fr\/wp-json\/wp\/v2\/product\/197019","targetHints":{"allow":["GET"]}}],"collection":[{"href":"https:\/\/shop.bantam.ch\/fr\/wp-json\/wp\/v2\/product"}],"about":[{"href":"https:\/\/shop.bantam.ch\/fr\/wp-json\/wp\/v2\/types\/product"}],"wp:featuredmedia":[{"embeddable":true,"href":"https:\/\/shop.bantam.ch\/fr\/wp-json\/wp\/v2\/media\/207028"}],"wp:attachment":[{"href":"https:\/\/shop.bantam.ch\/fr\/wp-json\/wp\/v2\/media?parent=197019"}],"wp:term":[{"taxonomy":"product_featured_cat","embeddable":true,"href":"https:\/\/shop.bantam.ch\/fr\/wp-json\/wp\/v2\/product_featured_cat?post=197019"},{"taxonomy":"product_brand","embeddable":true,"href":"https:\/\/shop.bantam.ch\/fr\/wp-json\/wp\/v2\/product_brand?post=197019"},{"taxonomy":"product_cat","embeddable":true,"href":"https:\/\/shop.bantam.ch\/fr\/wp-json\/wp\/v2\/product_cat?post=197019"},{"taxonomy":"product_tag","embeddable":true,"href":"https:\/\/shop.bantam.ch\/fr\/wp-json\/wp\/v2\/product_tag?post=197019"}],"curies":[{"name":"wp","href":"https:\/\/api.w.org\/{rel}","templated":true}]}}