{"id":196977,"date":"2024-05-15T16:12:16","date_gmt":"2024-05-15T14:12:16","guid":{"rendered":"https:\/\/shop.bantam.ch\/produit\/kit-dinterface-zenec-can-pour-ford-transit-zlm-5401\/"},"modified":"2026-04-18T23:11:30","modified_gmt":"2026-04-18T21:11:30","slug":"kit-dinterface-zenec-can-pour-ford-transit-zlm-5401","status":"publish","type":"product","link":"https:\/\/shop.bantam.ch\/fr\/produit\/kit-dinterface-zenec-can-pour-ford-transit-zlm-5401\/","title":{"rendered":"Kit d&rsquo;interface ZENEC CAN pour Ford Transit ZLM-5401"},"content":{"rendered":"<p>Le kit ZLM-5401 permet de connecter les appareils 1-DIN ZENEC et XZENT actuels dans les v\u00e9hicules FORD Transit de 7\u00e8me g\u00e9n\u00e9ration \u00e0 partir de l&rsquo;ann\u00e9e mod\u00e8le 2019. L&rsquo;interface CAN incluse dans le kit connecte les fonctions audio et de touches t\u00e9l\u00e9phoniques du volant multifonctions du FORD Transit \u00e0 l&rsquo;appareil 1-DIN. Les touches de t\u00e9l\u00e9phone sont prises en charge par les touches de saut au volant*. Les signaux suivants sont \u00e9galement \u00e9mis : +12 V cl. 15 (ACC), Illumination, Reverse, Parking Brake. L&rsquo;interrupteur MARCHE\/ARR\u00caT sur le faisceau de c\u00e2bles permet de faire fonctionner la radio lorsque l&rsquo;allumage est coup\u00e9. L&rsquo;adaptateur USB fourni permet de continuer \u00e0 utiliser le port USB d&rsquo;origine dans le tableau de bord.<br \/>\n*D\u00e9pend de la version du logiciel de l&rsquo;appareil.<\/p>\n<p>\nKit de 5 pi\u00e8ces comprenant :<br \/>\n1 x faisceau de c\u00e2bles pour FORD Transit avec connexions ISO pour les haut-parleurs et l&rsquo;alimentation \u00e9lectrique avec interrupteur ON\/OFF pour ponter le signal d&rsquo;allumage ACC du v\u00e9hicule<br \/>\n1 x interface CAN-Bus pour l&rsquo;int\u00e9gration du FORD Transit, avec sortie de signal de commande IR pour l&rsquo;appareil<br \/>\n1 x c\u00e2ble IR-IN pour connecter l&rsquo;interface CAN \u00e0 la prise IR-IN de l&rsquo;appareil<br \/>\n1 x c\u00e2ble adaptateur USB-A pour connecter l&rsquo;appareil au port USB du tableau de bord<br \/>\n1 x adaptateur d&rsquo;antenne FM pour connexion FAKRA du v\u00e9hicule \u00e0 la prise DIN de l&rsquo;appareil<\/p>\n","protected":false},"excerpt":{"rendered":"<p>Le kit ZLM-5401 permet de connecter les appareils 1-DIN ZENEC et XZENT actuels dans les v\u00e9hicules FORD Transit de 7\u00e8me g\u00e9n\u00e9ration \u00e0 partir de l&rsquo;ann\u00e9e mod\u00e8le 2019. L&rsquo;interface CAN incluse dans le kit connecte les fonctions audio et de touches t\u00e9l\u00e9phoniques du volant multifonctions du FORD Transit \u00e0 l&rsquo;appareil 1-DIN. Les touches de t\u00e9l\u00e9phone sont [&hellip;]<\/p>\n","protected":false},"featured_media":207024,"template":"","meta":{"_acf_changed":false},"product_featured_cat":[],"product_brand":[3212],"product_cat":[4521],"product_tag":[],"class_list":{"0":"post-196977","1":"product","2":"type-product","3":"status-publish","4":"has-post-thumbnail","6":"product_brand-zenec","7":"product_cat-accessoires-pour-radios-et-moniceiver","9":"first","10":"instock","11":"taxable","12":"shipping-taxable","13":"purchasable","14":"product-type-simple"},"acf":[],"yoast_head":"<!-- This site is optimized with the Yoast SEO plugin v27.4 - https:\/\/yoast.com\/product\/yoast-seo-wordpress\/ -->\n<title>Kit d&#039;interface ZENEC CAN pour Ford Transit ZLM-5401 - Bantam Wankm\u00fcller SA<\/title>\n<meta name=\"robots\" content=\"index, follow, max-snippet:-1, max-image-preview:large, max-video-preview:-1\" \/>\n<link rel=\"canonical\" href=\"https:\/\/shop.bantam.ch\/fr\/produit\/kit-dinterface-zenec-can-pour-ford-transit-zlm-5401\/\" \/>\n<meta property=\"og:locale\" content=\"fr_FR\" \/>\n<meta property=\"og:type\" content=\"article\" \/>\n<meta property=\"og:title\" content=\"Kit d&#039;interface ZENEC CAN pour Ford Transit ZLM-5401 - Bantam Wankm\u00fcller SA\" \/>\n<meta property=\"og:description\" content=\"Le kit ZLM-5401 permet de connecter les appareils 1-DIN ZENEC et XZENT actuels dans les v\u00e9hicules FORD Transit de 7\u00e8me g\u00e9n\u00e9ration \u00e0 partir de l&rsquo;ann\u00e9e mod\u00e8le 2019. L&rsquo;interface CAN incluse dans le kit connecte les fonctions audio et de touches t\u00e9l\u00e9phoniques du volant multifonctions du FORD Transit \u00e0 l&rsquo;appareil 1-DIN. Les touches de t\u00e9l\u00e9phone sont [&hellip;]\" \/>\n<meta property=\"og:url\" content=\"https:\/\/shop.bantam.ch\/fr\/produit\/kit-dinterface-zenec-can-pour-ford-transit-zlm-5401\/\" \/>\n<meta property=\"og:site_name\" content=\"Bantam Wankm\u00fcller SA\" \/>\n<meta property=\"article:modified_time\" content=\"2026-04-18T21:11:30+00:00\" \/>\n<meta property=\"og:image\" content=\"https:\/\/shop.bantam.ch\/wp-content\/uploads\/2024\/05\/Movera-L-9963195100.jpg\" \/>\n\t<meta property=\"og:image:width\" content=\"640\" \/>\n\t<meta property=\"og:image:height\" content=\"266\" \/>\n\t<meta property=\"og:image:type\" content=\"image\/jpeg\" \/>\n<meta name=\"twitter:card\" content=\"summary_large_image\" \/>\n<meta name=\"twitter:label1\" content=\"Dur\u00e9e de lecture estim\u00e9e\" \/>\n\t<meta name=\"twitter:data1\" content=\"1 minute\" \/>\n<script type=\"application\/ld+json\" class=\"yoast-schema-graph\">{\"@context\":\"https:\\\/\\\/schema.org\",\"@graph\":[{\"@type\":\"WebPage\",\"@id\":\"https:\\\/\\\/shop.bantam.ch\\\/fr\\\/produit\\\/kit-dinterface-zenec-can-pour-ford-transit-zlm-5401\\\/\",\"url\":\"https:\\\/\\\/shop.bantam.ch\\\/fr\\\/produit\\\/kit-dinterface-zenec-can-pour-ford-transit-zlm-5401\\\/\",\"name\":\"Kit d'interface ZENEC CAN pour Ford Transit ZLM-5401 - Bantam Wankm\u00fcller SA\",\"isPartOf\":{\"@id\":\"https:\\\/\\\/shop.bantam.ch\\\/fr\\\/#website\"},\"primaryImageOfPage\":{\"@id\":\"https:\\\/\\\/shop.bantam.ch\\\/fr\\\/produit\\\/kit-dinterface-zenec-can-pour-ford-transit-zlm-5401\\\/#primaryimage\"},\"image\":{\"@id\":\"https:\\\/\\\/shop.bantam.ch\\\/fr\\\/produit\\\/kit-dinterface-zenec-can-pour-ford-transit-zlm-5401\\\/#primaryimage\"},\"thumbnailUrl\":\"https:\\\/\\\/shop.bantam.ch\\\/wp-content\\\/uploads\\\/2024\\\/09\\\/Movera-L-9963195100.jpg\",\"datePublished\":\"2024-05-15T14:12:16+00:00\",\"dateModified\":\"2026-04-18T21:11:30+00:00\",\"breadcrumb\":{\"@id\":\"https:\\\/\\\/shop.bantam.ch\\\/fr\\\/produit\\\/kit-dinterface-zenec-can-pour-ford-transit-zlm-5401\\\/#breadcrumb\"},\"inLanguage\":\"fr-FR\",\"potentialAction\":[{\"@type\":\"ReadAction\",\"target\":[\"https:\\\/\\\/shop.bantam.ch\\\/fr\\\/produit\\\/kit-dinterface-zenec-can-pour-ford-transit-zlm-5401\\\/\"]}]},{\"@type\":\"ImageObject\",\"inLanguage\":\"fr-FR\",\"@id\":\"https:\\\/\\\/shop.bantam.ch\\\/fr\\\/produit\\\/kit-dinterface-zenec-can-pour-ford-transit-zlm-5401\\\/#primaryimage\",\"url\":\"https:\\\/\\\/shop.bantam.ch\\\/wp-content\\\/uploads\\\/2024\\\/09\\\/Movera-L-9963195100.jpg\",\"contentUrl\":\"https:\\\/\\\/shop.bantam.ch\\\/wp-content\\\/uploads\\\/2024\\\/09\\\/Movera-L-9963195100.jpg\",\"width\":640,\"height\":266},{\"@type\":\"BreadcrumbList\",\"@id\":\"https:\\\/\\\/shop.bantam.ch\\\/fr\\\/produit\\\/kit-dinterface-zenec-can-pour-ford-transit-zlm-5401\\\/#breadcrumb\",\"itemListElement\":[{\"@type\":\"ListItem\",\"position\":1,\"name\":\"Accueil\",\"item\":\"https:\\\/\\\/shop.bantam.ch\\\/fr\\\/\"},{\"@type\":\"ListItem\",\"position\":2,\"name\":\"Boutique\",\"item\":\"https:\\\/\\\/shop.bantam.ch\\\/fr\\\/boutique\\\/\"},{\"@type\":\"ListItem\",\"position\":3,\"name\":\"Kit d&#8217;interface ZENEC CAN pour Ford Transit ZLM-5401\"}]},{\"@type\":\"WebSite\",\"@id\":\"https:\\\/\\\/shop.bantam.ch\\\/fr\\\/#website\",\"url\":\"https:\\\/\\\/shop.bantam.ch\\\/fr\\\/\",\"name\":\"Bantam Wankm\u00fcller SA\",\"description\":\"\",\"publisher\":{\"@id\":\"https:\\\/\\\/shop.bantam.ch\\\/fr\\\/#organization\"},\"inLanguage\":\"fr-FR\"},{\"@type\":\"Organization\",\"@id\":\"https:\\\/\\\/shop.bantam.ch\\\/fr\\\/#organization\",\"name\":\"Bantam Wankm\u00fcller SA\",\"url\":\"https:\\\/\\\/shop.bantam.ch\\\/fr\\\/\",\"logo\":{\"@type\":\"ImageObject\",\"inLanguage\":\"fr-FR\",\"@id\":\"https:\\\/\\\/shop.bantam.ch\\\/fr\\\/#\\\/schema\\\/logo\\\/image\\\/\",\"url\":\"https:\\\/\\\/shop.bantam.ch\\\/wp-content\\\/uploads\\\/2022\\\/12\\\/bantam-logo.png\",\"contentUrl\":\"https:\\\/\\\/shop.bantam.ch\\\/wp-content\\\/uploads\\\/2022\\\/12\\\/bantam-logo.png\",\"width\":320,\"height\":71,\"caption\":\"Bantam Wankm\u00fcller SA\"},\"image\":{\"@id\":\"https:\\\/\\\/shop.bantam.ch\\\/fr\\\/#\\\/schema\\\/logo\\\/image\\\/\"}}]}<\/script>\n<!-- \/ Yoast SEO plugin. -->","yoast_head_json":{"title":"Kit d'interface ZENEC CAN pour Ford Transit ZLM-5401 - Bantam Wankm\u00fcller SA","robots":{"index":"index","follow":"follow","max-snippet":"max-snippet:-1","max-image-preview":"max-image-preview:large","max-video-preview":"max-video-preview:-1"},"canonical":"https:\/\/shop.bantam.ch\/fr\/produit\/kit-dinterface-zenec-can-pour-ford-transit-zlm-5401\/","og_locale":"fr_FR","og_type":"article","og_title":"Kit d'interface ZENEC CAN pour Ford Transit ZLM-5401 - Bantam Wankm\u00fcller SA","og_description":"Le kit ZLM-5401 permet de connecter les appareils 1-DIN ZENEC et XZENT actuels dans les v\u00e9hicules FORD Transit de 7\u00e8me g\u00e9n\u00e9ration \u00e0 partir de l&rsquo;ann\u00e9e mod\u00e8le 2019. L&rsquo;interface CAN incluse dans le kit connecte les fonctions audio et de touches t\u00e9l\u00e9phoniques du volant multifonctions du FORD Transit \u00e0 l&rsquo;appareil 1-DIN. Les touches de t\u00e9l\u00e9phone sont [&hellip;]","og_url":"https:\/\/shop.bantam.ch\/fr\/produit\/kit-dinterface-zenec-can-pour-ford-transit-zlm-5401\/","og_site_name":"Bantam Wankm\u00fcller SA","article_modified_time":"2026-04-18T21:11:30+00:00","og_image":[{"width":640,"height":266,"url":"https:\/\/shop.bantam.ch\/wp-content\/uploads\/2024\/05\/Movera-L-9963195100.jpg","type":"image\/jpeg"}],"twitter_card":"summary_large_image","twitter_misc":{"Dur\u00e9e de lecture estim\u00e9e":"1 minute"},"schema":{"@context":"https:\/\/schema.org","@graph":[{"@type":"WebPage","@id":"https:\/\/shop.bantam.ch\/fr\/produit\/kit-dinterface-zenec-can-pour-ford-transit-zlm-5401\/","url":"https:\/\/shop.bantam.ch\/fr\/produit\/kit-dinterface-zenec-can-pour-ford-transit-zlm-5401\/","name":"Kit d'interface ZENEC CAN pour Ford Transit ZLM-5401 - Bantam Wankm\u00fcller SA","isPartOf":{"@id":"https:\/\/shop.bantam.ch\/fr\/#website"},"primaryImageOfPage":{"@id":"https:\/\/shop.bantam.ch\/fr\/produit\/kit-dinterface-zenec-can-pour-ford-transit-zlm-5401\/#primaryimage"},"image":{"@id":"https:\/\/shop.bantam.ch\/fr\/produit\/kit-dinterface-zenec-can-pour-ford-transit-zlm-5401\/#primaryimage"},"thumbnailUrl":"https:\/\/shop.bantam.ch\/wp-content\/uploads\/2024\/09\/Movera-L-9963195100.jpg","datePublished":"2024-05-15T14:12:16+00:00","dateModified":"2026-04-18T21:11:30+00:00","breadcrumb":{"@id":"https:\/\/shop.bantam.ch\/fr\/produit\/kit-dinterface-zenec-can-pour-ford-transit-zlm-5401\/#breadcrumb"},"inLanguage":"fr-FR","potentialAction":[{"@type":"ReadAction","target":["https:\/\/shop.bantam.ch\/fr\/produit\/kit-dinterface-zenec-can-pour-ford-transit-zlm-5401\/"]}]},{"@type":"ImageObject","inLanguage":"fr-FR","@id":"https:\/\/shop.bantam.ch\/fr\/produit\/kit-dinterface-zenec-can-pour-ford-transit-zlm-5401\/#primaryimage","url":"https:\/\/shop.bantam.ch\/wp-content\/uploads\/2024\/09\/Movera-L-9963195100.jpg","contentUrl":"https:\/\/shop.bantam.ch\/wp-content\/uploads\/2024\/09\/Movera-L-9963195100.jpg","width":640,"height":266},{"@type":"BreadcrumbList","@id":"https:\/\/shop.bantam.ch\/fr\/produit\/kit-dinterface-zenec-can-pour-ford-transit-zlm-5401\/#breadcrumb","itemListElement":[{"@type":"ListItem","position":1,"name":"Accueil","item":"https:\/\/shop.bantam.ch\/fr\/"},{"@type":"ListItem","position":2,"name":"Boutique","item":"https:\/\/shop.bantam.ch\/fr\/boutique\/"},{"@type":"ListItem","position":3,"name":"Kit d&#8217;interface ZENEC CAN pour Ford Transit ZLM-5401"}]},{"@type":"WebSite","@id":"https:\/\/shop.bantam.ch\/fr\/#website","url":"https:\/\/shop.bantam.ch\/fr\/","name":"Bantam Wankm\u00fcller SA","description":"","publisher":{"@id":"https:\/\/shop.bantam.ch\/fr\/#organization"},"inLanguage":"fr-FR"},{"@type":"Organization","@id":"https:\/\/shop.bantam.ch\/fr\/#organization","name":"Bantam Wankm\u00fcller SA","url":"https:\/\/shop.bantam.ch\/fr\/","logo":{"@type":"ImageObject","inLanguage":"fr-FR","@id":"https:\/\/shop.bantam.ch\/fr\/#\/schema\/logo\/image\/","url":"https:\/\/shop.bantam.ch\/wp-content\/uploads\/2022\/12\/bantam-logo.png","contentUrl":"https:\/\/shop.bantam.ch\/wp-content\/uploads\/2022\/12\/bantam-logo.png","width":320,"height":71,"caption":"Bantam Wankm\u00fcller SA"},"image":{"@id":"https:\/\/shop.bantam.ch\/fr\/#\/schema\/logo\/image\/"}}]}},"_links":{"self":[{"href":"https:\/\/shop.bantam.ch\/fr\/wp-json\/wp\/v2\/product\/196977","targetHints":{"allow":["GET"]}}],"collection":[{"href":"https:\/\/shop.bantam.ch\/fr\/wp-json\/wp\/v2\/product"}],"about":[{"href":"https:\/\/shop.bantam.ch\/fr\/wp-json\/wp\/v2\/types\/product"}],"wp:featuredmedia":[{"embeddable":true,"href":"https:\/\/shop.bantam.ch\/fr\/wp-json\/wp\/v2\/media\/207024"}],"wp:attachment":[{"href":"https:\/\/shop.bantam.ch\/fr\/wp-json\/wp\/v2\/media?parent=196977"}],"wp:term":[{"taxonomy":"product_featured_cat","embeddable":true,"href":"https:\/\/shop.bantam.ch\/fr\/wp-json\/wp\/v2\/product_featured_cat?post=196977"},{"taxonomy":"product_brand","embeddable":true,"href":"https:\/\/shop.bantam.ch\/fr\/wp-json\/wp\/v2\/product_brand?post=196977"},{"taxonomy":"product_cat","embeddable":true,"href":"https:\/\/shop.bantam.ch\/fr\/wp-json\/wp\/v2\/product_cat?post=196977"},{"taxonomy":"product_tag","embeddable":true,"href":"https:\/\/shop.bantam.ch\/fr\/wp-json\/wp\/v2\/product_tag?post=196977"}],"curies":[{"name":"wp","href":"https:\/\/api.w.org\/{rel}","templated":true}]}}