{"id":196973,"date":"2024-05-15T16:12:09","date_gmt":"2024-05-15T14:12:09","guid":{"rendered":"https:\/\/shop.bantam.ch\/produit\/cadre-radio-zenec-1-din-pour-ford-transit-zlm-4401\/"},"modified":"2026-04-18T23:11:25","modified_gmt":"2026-04-18T21:11:25","slug":"cadre-radio-zenec-1-din-pour-ford-transit-zlm-4401","status":"publish","type":"product","link":"https:\/\/shop.bantam.ch\/fr\/produit\/cadre-radio-zenec-1-din-pour-ford-transit-zlm-4401\/","title":{"rendered":"Cadre radio ZENEC 1 DIN pour Ford Transit ZLM-4401"},"content":{"rendered":"<p>Cadre de montage radio 1-DIN pour \u00e9quipement radio 1-DIN de FORD Transit 7\u00e8me g\u00e9n\u00e9ration v\u00e9hicules \u00e0 partir de 2019 Facelift, \u00e9quip\u00e9s d&rsquo;une radio Panasonic 1-DIN ou d&rsquo;un pr\u00e9\u00e9quipement radio d&rsquo;usine.<\/p>\n<p>FORD Transit, toutes les versions*.<\/p>\n<p>7 g\u00e9n\u00e9rations, 2019 Facelift<\/p>\n<p>* V\u00e9hicules utilitaires, fourgons, minibus et autres v\u00e9hicules bas\u00e9s sur la 7e g\u00e9n\u00e9ration de Transit, y compris les camping-cars, \u00e9quip\u00e9s d&rsquo;une radio 1-DIN ou d&rsquo;un pr\u00e9\u00e9quipement radio d\u00e9part usine.<\/p>\n","protected":false},"excerpt":{"rendered":"<p>Cadre de montage radio 1-DIN pour \u00e9quipement radio 1-DIN de FORD Transit 7\u00e8me g\u00e9n\u00e9ration v\u00e9hicules \u00e0 partir de 2019 Facelift, \u00e9quip\u00e9s d&rsquo;une radio Panasonic 1-DIN ou d&rsquo;un pr\u00e9\u00e9quipement radio d&rsquo;usine. FORD Transit, toutes les versions*. 7 g\u00e9n\u00e9rations, 2019 Facelift * V\u00e9hicules utilitaires, fourgons, minibus et autres v\u00e9hicules bas\u00e9s sur la 7e g\u00e9n\u00e9ration de Transit, y [&hellip;]<\/p>\n","protected":false},"featured_media":207022,"template":"","meta":{"_acf_changed":false},"product_featured_cat":[],"product_brand":[3212],"product_cat":[4521],"product_tag":[],"class_list":{"0":"post-196973","1":"product","2":"type-product","3":"status-publish","4":"has-post-thumbnail","6":"product_brand-zenec","7":"product_cat-accessoires-pour-radios-et-moniceiver","9":"first","10":"instock","11":"taxable","12":"shipping-taxable","13":"purchasable","14":"product-type-simple"},"acf":[],"yoast_head":"<!-- This site is optimized with the Yoast SEO plugin v27.4 - https:\/\/yoast.com\/product\/yoast-seo-wordpress\/ -->\n<title>Cadre radio ZENEC 1 DIN pour Ford Transit ZLM-4401 - Bantam Wankm\u00fcller SA<\/title>\n<meta name=\"robots\" content=\"index, follow, max-snippet:-1, max-image-preview:large, max-video-preview:-1\" \/>\n<link rel=\"canonical\" href=\"https:\/\/shop.bantam.ch\/fr\/produit\/cadre-radio-zenec-1-din-pour-ford-transit-zlm-4401\/\" \/>\n<meta property=\"og:locale\" content=\"fr_FR\" \/>\n<meta property=\"og:type\" content=\"article\" \/>\n<meta property=\"og:title\" content=\"Cadre radio ZENEC 1 DIN pour Ford Transit ZLM-4401 - Bantam Wankm\u00fcller SA\" \/>\n<meta property=\"og:description\" content=\"Cadre de montage radio 1-DIN pour \u00e9quipement radio 1-DIN de FORD Transit 7\u00e8me g\u00e9n\u00e9ration v\u00e9hicules \u00e0 partir de 2019 Facelift, \u00e9quip\u00e9s d&rsquo;une radio Panasonic 1-DIN ou d&rsquo;un pr\u00e9\u00e9quipement radio d&rsquo;usine. FORD Transit, toutes les versions*. 7 g\u00e9n\u00e9rations, 2019 Facelift * V\u00e9hicules utilitaires, fourgons, minibus et autres v\u00e9hicules bas\u00e9s sur la 7e g\u00e9n\u00e9ration de Transit, y [&hellip;]\" \/>\n<meta property=\"og:url\" content=\"https:\/\/shop.bantam.ch\/fr\/produit\/cadre-radio-zenec-1-din-pour-ford-transit-zlm-4401\/\" \/>\n<meta property=\"og:site_name\" content=\"Bantam Wankm\u00fcller SA\" \/>\n<meta property=\"article:modified_time\" content=\"2026-04-18T21:11:25+00:00\" \/>\n<meta property=\"og:image\" content=\"https:\/\/shop.bantam.ch\/wp-content\/uploads\/2024\/05\/Movera-L-9963193100.jpg\" \/>\n\t<meta property=\"og:image:width\" content=\"640\" \/>\n\t<meta property=\"og:image:height\" content=\"288\" \/>\n\t<meta property=\"og:image:type\" content=\"image\/jpeg\" \/>\n<meta name=\"twitter:card\" content=\"summary_large_image\" \/>\n<script type=\"application\/ld+json\" class=\"yoast-schema-graph\">{\"@context\":\"https:\\\/\\\/schema.org\",\"@graph\":[{\"@type\":\"WebPage\",\"@id\":\"https:\\\/\\\/shop.bantam.ch\\\/fr\\\/produit\\\/cadre-radio-zenec-1-din-pour-ford-transit-zlm-4401\\\/\",\"url\":\"https:\\\/\\\/shop.bantam.ch\\\/fr\\\/produit\\\/cadre-radio-zenec-1-din-pour-ford-transit-zlm-4401\\\/\",\"name\":\"Cadre radio ZENEC 1 DIN pour Ford Transit ZLM-4401 - Bantam Wankm\u00fcller SA\",\"isPartOf\":{\"@id\":\"https:\\\/\\\/shop.bantam.ch\\\/fr\\\/#website\"},\"primaryImageOfPage\":{\"@id\":\"https:\\\/\\\/shop.bantam.ch\\\/fr\\\/produit\\\/cadre-radio-zenec-1-din-pour-ford-transit-zlm-4401\\\/#primaryimage\"},\"image\":{\"@id\":\"https:\\\/\\\/shop.bantam.ch\\\/fr\\\/produit\\\/cadre-radio-zenec-1-din-pour-ford-transit-zlm-4401\\\/#primaryimage\"},\"thumbnailUrl\":\"https:\\\/\\\/shop.bantam.ch\\\/wp-content\\\/uploads\\\/2024\\\/09\\\/Movera-L-9963193100.jpg\",\"datePublished\":\"2024-05-15T14:12:09+00:00\",\"dateModified\":\"2026-04-18T21:11:25+00:00\",\"breadcrumb\":{\"@id\":\"https:\\\/\\\/shop.bantam.ch\\\/fr\\\/produit\\\/cadre-radio-zenec-1-din-pour-ford-transit-zlm-4401\\\/#breadcrumb\"},\"inLanguage\":\"fr-FR\",\"potentialAction\":[{\"@type\":\"ReadAction\",\"target\":[\"https:\\\/\\\/shop.bantam.ch\\\/fr\\\/produit\\\/cadre-radio-zenec-1-din-pour-ford-transit-zlm-4401\\\/\"]}]},{\"@type\":\"ImageObject\",\"inLanguage\":\"fr-FR\",\"@id\":\"https:\\\/\\\/shop.bantam.ch\\\/fr\\\/produit\\\/cadre-radio-zenec-1-din-pour-ford-transit-zlm-4401\\\/#primaryimage\",\"url\":\"https:\\\/\\\/shop.bantam.ch\\\/wp-content\\\/uploads\\\/2024\\\/09\\\/Movera-L-9963193100.jpg\",\"contentUrl\":\"https:\\\/\\\/shop.bantam.ch\\\/wp-content\\\/uploads\\\/2024\\\/09\\\/Movera-L-9963193100.jpg\",\"width\":640,\"height\":288},{\"@type\":\"BreadcrumbList\",\"@id\":\"https:\\\/\\\/shop.bantam.ch\\\/fr\\\/produit\\\/cadre-radio-zenec-1-din-pour-ford-transit-zlm-4401\\\/#breadcrumb\",\"itemListElement\":[{\"@type\":\"ListItem\",\"position\":1,\"name\":\"Accueil\",\"item\":\"https:\\\/\\\/shop.bantam.ch\\\/fr\\\/\"},{\"@type\":\"ListItem\",\"position\":2,\"name\":\"Boutique\",\"item\":\"https:\\\/\\\/shop.bantam.ch\\\/fr\\\/boutique\\\/\"},{\"@type\":\"ListItem\",\"position\":3,\"name\":\"Cadre radio ZENEC 1 DIN pour Ford Transit ZLM-4401\"}]},{\"@type\":\"WebSite\",\"@id\":\"https:\\\/\\\/shop.bantam.ch\\\/fr\\\/#website\",\"url\":\"https:\\\/\\\/shop.bantam.ch\\\/fr\\\/\",\"name\":\"Bantam Wankm\u00fcller SA\",\"description\":\"\",\"publisher\":{\"@id\":\"https:\\\/\\\/shop.bantam.ch\\\/fr\\\/#organization\"},\"inLanguage\":\"fr-FR\"},{\"@type\":\"Organization\",\"@id\":\"https:\\\/\\\/shop.bantam.ch\\\/fr\\\/#organization\",\"name\":\"Bantam Wankm\u00fcller SA\",\"url\":\"https:\\\/\\\/shop.bantam.ch\\\/fr\\\/\",\"logo\":{\"@type\":\"ImageObject\",\"inLanguage\":\"fr-FR\",\"@id\":\"https:\\\/\\\/shop.bantam.ch\\\/fr\\\/#\\\/schema\\\/logo\\\/image\\\/\",\"url\":\"https:\\\/\\\/shop.bantam.ch\\\/wp-content\\\/uploads\\\/2022\\\/12\\\/bantam-logo.png\",\"contentUrl\":\"https:\\\/\\\/shop.bantam.ch\\\/wp-content\\\/uploads\\\/2022\\\/12\\\/bantam-logo.png\",\"width\":320,\"height\":71,\"caption\":\"Bantam Wankm\u00fcller SA\"},\"image\":{\"@id\":\"https:\\\/\\\/shop.bantam.ch\\\/fr\\\/#\\\/schema\\\/logo\\\/image\\\/\"}}]}<\/script>\n<!-- \/ Yoast SEO plugin. -->","yoast_head_json":{"title":"Cadre radio ZENEC 1 DIN pour Ford Transit ZLM-4401 - Bantam Wankm\u00fcller SA","robots":{"index":"index","follow":"follow","max-snippet":"max-snippet:-1","max-image-preview":"max-image-preview:large","max-video-preview":"max-video-preview:-1"},"canonical":"https:\/\/shop.bantam.ch\/fr\/produit\/cadre-radio-zenec-1-din-pour-ford-transit-zlm-4401\/","og_locale":"fr_FR","og_type":"article","og_title":"Cadre radio ZENEC 1 DIN pour Ford Transit ZLM-4401 - Bantam Wankm\u00fcller SA","og_description":"Cadre de montage radio 1-DIN pour \u00e9quipement radio 1-DIN de FORD Transit 7\u00e8me g\u00e9n\u00e9ration v\u00e9hicules \u00e0 partir de 2019 Facelift, \u00e9quip\u00e9s d&rsquo;une radio Panasonic 1-DIN ou d&rsquo;un pr\u00e9\u00e9quipement radio d&rsquo;usine. FORD Transit, toutes les versions*. 7 g\u00e9n\u00e9rations, 2019 Facelift * V\u00e9hicules utilitaires, fourgons, minibus et autres v\u00e9hicules bas\u00e9s sur la 7e g\u00e9n\u00e9ration de Transit, y [&hellip;]","og_url":"https:\/\/shop.bantam.ch\/fr\/produit\/cadre-radio-zenec-1-din-pour-ford-transit-zlm-4401\/","og_site_name":"Bantam Wankm\u00fcller SA","article_modified_time":"2026-04-18T21:11:25+00:00","og_image":[{"width":640,"height":288,"url":"https:\/\/shop.bantam.ch\/wp-content\/uploads\/2024\/05\/Movera-L-9963193100.jpg","type":"image\/jpeg"}],"twitter_card":"summary_large_image","schema":{"@context":"https:\/\/schema.org","@graph":[{"@type":"WebPage","@id":"https:\/\/shop.bantam.ch\/fr\/produit\/cadre-radio-zenec-1-din-pour-ford-transit-zlm-4401\/","url":"https:\/\/shop.bantam.ch\/fr\/produit\/cadre-radio-zenec-1-din-pour-ford-transit-zlm-4401\/","name":"Cadre radio ZENEC 1 DIN pour Ford Transit ZLM-4401 - Bantam Wankm\u00fcller SA","isPartOf":{"@id":"https:\/\/shop.bantam.ch\/fr\/#website"},"primaryImageOfPage":{"@id":"https:\/\/shop.bantam.ch\/fr\/produit\/cadre-radio-zenec-1-din-pour-ford-transit-zlm-4401\/#primaryimage"},"image":{"@id":"https:\/\/shop.bantam.ch\/fr\/produit\/cadre-radio-zenec-1-din-pour-ford-transit-zlm-4401\/#primaryimage"},"thumbnailUrl":"https:\/\/shop.bantam.ch\/wp-content\/uploads\/2024\/09\/Movera-L-9963193100.jpg","datePublished":"2024-05-15T14:12:09+00:00","dateModified":"2026-04-18T21:11:25+00:00","breadcrumb":{"@id":"https:\/\/shop.bantam.ch\/fr\/produit\/cadre-radio-zenec-1-din-pour-ford-transit-zlm-4401\/#breadcrumb"},"inLanguage":"fr-FR","potentialAction":[{"@type":"ReadAction","target":["https:\/\/shop.bantam.ch\/fr\/produit\/cadre-radio-zenec-1-din-pour-ford-transit-zlm-4401\/"]}]},{"@type":"ImageObject","inLanguage":"fr-FR","@id":"https:\/\/shop.bantam.ch\/fr\/produit\/cadre-radio-zenec-1-din-pour-ford-transit-zlm-4401\/#primaryimage","url":"https:\/\/shop.bantam.ch\/wp-content\/uploads\/2024\/09\/Movera-L-9963193100.jpg","contentUrl":"https:\/\/shop.bantam.ch\/wp-content\/uploads\/2024\/09\/Movera-L-9963193100.jpg","width":640,"height":288},{"@type":"BreadcrumbList","@id":"https:\/\/shop.bantam.ch\/fr\/produit\/cadre-radio-zenec-1-din-pour-ford-transit-zlm-4401\/#breadcrumb","itemListElement":[{"@type":"ListItem","position":1,"name":"Accueil","item":"https:\/\/shop.bantam.ch\/fr\/"},{"@type":"ListItem","position":2,"name":"Boutique","item":"https:\/\/shop.bantam.ch\/fr\/boutique\/"},{"@type":"ListItem","position":3,"name":"Cadre radio ZENEC 1 DIN pour Ford Transit ZLM-4401"}]},{"@type":"WebSite","@id":"https:\/\/shop.bantam.ch\/fr\/#website","url":"https:\/\/shop.bantam.ch\/fr\/","name":"Bantam Wankm\u00fcller SA","description":"","publisher":{"@id":"https:\/\/shop.bantam.ch\/fr\/#organization"},"inLanguage":"fr-FR"},{"@type":"Organization","@id":"https:\/\/shop.bantam.ch\/fr\/#organization","name":"Bantam Wankm\u00fcller SA","url":"https:\/\/shop.bantam.ch\/fr\/","logo":{"@type":"ImageObject","inLanguage":"fr-FR","@id":"https:\/\/shop.bantam.ch\/fr\/#\/schema\/logo\/image\/","url":"https:\/\/shop.bantam.ch\/wp-content\/uploads\/2022\/12\/bantam-logo.png","contentUrl":"https:\/\/shop.bantam.ch\/wp-content\/uploads\/2022\/12\/bantam-logo.png","width":320,"height":71,"caption":"Bantam Wankm\u00fcller SA"},"image":{"@id":"https:\/\/shop.bantam.ch\/fr\/#\/schema\/logo\/image\/"}}]}},"_links":{"self":[{"href":"https:\/\/shop.bantam.ch\/fr\/wp-json\/wp\/v2\/product\/196973","targetHints":{"allow":["GET"]}}],"collection":[{"href":"https:\/\/shop.bantam.ch\/fr\/wp-json\/wp\/v2\/product"}],"about":[{"href":"https:\/\/shop.bantam.ch\/fr\/wp-json\/wp\/v2\/types\/product"}],"wp:featuredmedia":[{"embeddable":true,"href":"https:\/\/shop.bantam.ch\/fr\/wp-json\/wp\/v2\/media\/207022"}],"wp:attachment":[{"href":"https:\/\/shop.bantam.ch\/fr\/wp-json\/wp\/v2\/media?parent=196973"}],"wp:term":[{"taxonomy":"product_featured_cat","embeddable":true,"href":"https:\/\/shop.bantam.ch\/fr\/wp-json\/wp\/v2\/product_featured_cat?post=196973"},{"taxonomy":"product_brand","embeddable":true,"href":"https:\/\/shop.bantam.ch\/fr\/wp-json\/wp\/v2\/product_brand?post=196973"},{"taxonomy":"product_cat","embeddable":true,"href":"https:\/\/shop.bantam.ch\/fr\/wp-json\/wp\/v2\/product_cat?post=196973"},{"taxonomy":"product_tag","embeddable":true,"href":"https:\/\/shop.bantam.ch\/fr\/wp-json\/wp\/v2\/product_tag?post=196973"}],"curies":[{"name":"wp","href":"https:\/\/api.w.org\/{rel}","templated":true}]}}