{"id":196903,"date":"2024-05-15T16:10:21","date_gmt":"2024-05-15T14:10:21","guid":{"rendered":"https:\/\/shop.bantam.ch\/produit\/antenne-de-toit-internet-pour-campernet-evo\/"},"modified":"2026-04-18T01:11:45","modified_gmt":"2026-04-17T23:11:45","slug":"antenne-de-toit-internet-pour-campernet-evo","status":"publish","type":"product","link":"https:\/\/shop.bantam.ch\/fr\/produit\/antenne-de-toit-internet-pour-campernet-evo\/","title":{"rendered":"Antenne de toit Internet pour CamperNet Evo"},"content":{"rendered":"<p>campernet &#8211; Une antenne adapt\u00e9e \u00e0 chaque type de v\u00e9hicule<br \/>\nLa structure unique de l&rsquo;antenne, associ\u00e9e \u00e0 des \u00e9l\u00e9ments filtrants sp\u00e9ciaux, offre une port\u00e9e maximale, un d\u00e9bit de donn\u00e9es \u00e9lev\u00e9 et une r\u00e9ception optimale. Gr\u00e2ce \u00e0 la technologie d&rsquo;antenne brevet\u00e9e, vous avez encore du r\u00e9seau l\u00e0 o\u00f9 le t\u00e9l\u00e9phone portable est d\u00e9j\u00e0 en panne. Il existe une antenne pour chaque v\u00e9hicule l&rsquo;antenne qui convient, qu&rsquo;il s&rsquo;agisse d&rsquo;un fourgon, d&rsquo;une caravane ou d&rsquo;un camping-car. En raison du concept de montage sp\u00e9cial et de l&rsquo;identification m\u00e9canique des et de couleur, l&rsquo;installation est facile.<\/p>\n","protected":false},"excerpt":{"rendered":"<p>campernet &#8211; Une antenne adapt\u00e9e \u00e0 chaque type de v\u00e9hicule La structure unique de l&rsquo;antenne, associ\u00e9e \u00e0 des \u00e9l\u00e9ments filtrants sp\u00e9ciaux, offre une port\u00e9e maximale, un d\u00e9bit de donn\u00e9es \u00e9lev\u00e9 et une r\u00e9ception optimale. Gr\u00e2ce \u00e0 la technologie d&rsquo;antenne brevet\u00e9e, vous avez encore du r\u00e9seau l\u00e0 o\u00f9 le t\u00e9l\u00e9phone portable est d\u00e9j\u00e0 en panne. Il [&hellip;]<\/p>\n","protected":false},"featured_media":196901,"template":"","meta":{"_acf_changed":false},"product_featured_cat":[],"product_brand":[5241],"product_cat":[5151],"product_tag":[],"class_list":{"0":"post-196903","1":"product","2":"type-product","3":"status-publish","4":"has-post-thumbnail","6":"product_brand-campernet","7":"product_cat-antennes-wlan-et-lte","9":"first","10":"instock","11":"taxable","12":"shipping-taxable","13":"purchasable","14":"product-type-variable"},"acf":[],"yoast_head":"<!-- This site is optimized with the Yoast SEO plugin v27.4 - https:\/\/yoast.com\/product\/yoast-seo-wordpress\/ -->\n<title>Antenne de toit Internet pour CamperNet Evo - Bantam Wankm\u00fcller SA<\/title>\n<meta name=\"robots\" content=\"index, follow, max-snippet:-1, max-image-preview:large, max-video-preview:-1\" \/>\n<link rel=\"canonical\" href=\"https:\/\/shop.bantam.ch\/fr\/produit\/antenne-de-toit-internet-pour-campernet-evo\/\" \/>\n<meta property=\"og:locale\" content=\"fr_FR\" \/>\n<meta property=\"og:type\" content=\"article\" \/>\n<meta property=\"og:title\" content=\"Antenne de toit Internet pour CamperNet Evo - Bantam Wankm\u00fcller SA\" \/>\n<meta property=\"og:description\" content=\"campernet &#8211; Une antenne adapt\u00e9e \u00e0 chaque type de v\u00e9hicule La structure unique de l&rsquo;antenne, associ\u00e9e \u00e0 des \u00e9l\u00e9ments filtrants sp\u00e9ciaux, offre une port\u00e9e maximale, un d\u00e9bit de donn\u00e9es \u00e9lev\u00e9 et une r\u00e9ception optimale. Gr\u00e2ce \u00e0 la technologie d&rsquo;antenne brevet\u00e9e, vous avez encore du r\u00e9seau l\u00e0 o\u00f9 le t\u00e9l\u00e9phone portable est d\u00e9j\u00e0 en panne. Il [&hellip;]\" \/>\n<meta property=\"og:url\" content=\"https:\/\/shop.bantam.ch\/fr\/produit\/antenne-de-toit-internet-pour-campernet-evo\/\" \/>\n<meta property=\"og:site_name\" content=\"Bantam Wankm\u00fcller SA\" \/>\n<meta property=\"article:modified_time\" content=\"2026-04-17T23:11:45+00:00\" \/>\n<meta property=\"og:image\" content=\"https:\/\/shop.bantam.ch\/wp-content\/uploads\/2024\/05\/Movera-L-9963185100.jpg\" \/>\n\t<meta property=\"og:image:width\" content=\"640\" \/>\n\t<meta property=\"og:image:height\" content=\"640\" \/>\n\t<meta property=\"og:image:type\" content=\"image\/jpeg\" \/>\n<meta name=\"twitter:card\" content=\"summary_large_image\" \/>\n<meta name=\"twitter:label1\" content=\"Dur\u00e9e de lecture estim\u00e9e\" \/>\n\t<meta name=\"twitter:data1\" content=\"1 minute\" \/>\n<script type=\"application\/ld+json\" class=\"yoast-schema-graph\">{\"@context\":\"https:\\\/\\\/schema.org\",\"@graph\":[{\"@type\":\"WebPage\",\"@id\":\"https:\\\/\\\/shop.bantam.ch\\\/fr\\\/produit\\\/antenne-de-toit-internet-pour-campernet-evo\\\/\",\"url\":\"https:\\\/\\\/shop.bantam.ch\\\/fr\\\/produit\\\/antenne-de-toit-internet-pour-campernet-evo\\\/\",\"name\":\"Antenne de toit Internet pour CamperNet Evo - Bantam Wankm\u00fcller SA\",\"isPartOf\":{\"@id\":\"https:\\\/\\\/shop.bantam.ch\\\/fr\\\/#website\"},\"primaryImageOfPage\":{\"@id\":\"https:\\\/\\\/shop.bantam.ch\\\/fr\\\/produit\\\/antenne-de-toit-internet-pour-campernet-evo\\\/#primaryimage\"},\"image\":{\"@id\":\"https:\\\/\\\/shop.bantam.ch\\\/fr\\\/produit\\\/antenne-de-toit-internet-pour-campernet-evo\\\/#primaryimage\"},\"thumbnailUrl\":\"https:\\\/\\\/shop.bantam.ch\\\/wp-content\\\/uploads\\\/2024\\\/05\\\/Movera-L-9963185100.jpg\",\"datePublished\":\"2024-05-15T14:10:21+00:00\",\"dateModified\":\"2026-04-17T23:11:45+00:00\",\"breadcrumb\":{\"@id\":\"https:\\\/\\\/shop.bantam.ch\\\/fr\\\/produit\\\/antenne-de-toit-internet-pour-campernet-evo\\\/#breadcrumb\"},\"inLanguage\":\"fr-FR\",\"potentialAction\":[{\"@type\":\"ReadAction\",\"target\":[\"https:\\\/\\\/shop.bantam.ch\\\/fr\\\/produit\\\/antenne-de-toit-internet-pour-campernet-evo\\\/\"]}]},{\"@type\":\"ImageObject\",\"inLanguage\":\"fr-FR\",\"@id\":\"https:\\\/\\\/shop.bantam.ch\\\/fr\\\/produit\\\/antenne-de-toit-internet-pour-campernet-evo\\\/#primaryimage\",\"url\":\"https:\\\/\\\/shop.bantam.ch\\\/wp-content\\\/uploads\\\/2024\\\/05\\\/Movera-L-9963185100.jpg\",\"contentUrl\":\"https:\\\/\\\/shop.bantam.ch\\\/wp-content\\\/uploads\\\/2024\\\/05\\\/Movera-L-9963185100.jpg\",\"width\":640,\"height\":640},{\"@type\":\"BreadcrumbList\",\"@id\":\"https:\\\/\\\/shop.bantam.ch\\\/fr\\\/produit\\\/antenne-de-toit-internet-pour-campernet-evo\\\/#breadcrumb\",\"itemListElement\":[{\"@type\":\"ListItem\",\"position\":1,\"name\":\"Accueil\",\"item\":\"https:\\\/\\\/shop.bantam.ch\\\/fr\\\/\"},{\"@type\":\"ListItem\",\"position\":2,\"name\":\"Boutique\",\"item\":\"https:\\\/\\\/shop.bantam.ch\\\/fr\\\/boutique\\\/\"},{\"@type\":\"ListItem\",\"position\":3,\"name\":\"Antenne de toit Internet pour CamperNet Evo\"}]},{\"@type\":\"WebSite\",\"@id\":\"https:\\\/\\\/shop.bantam.ch\\\/fr\\\/#website\",\"url\":\"https:\\\/\\\/shop.bantam.ch\\\/fr\\\/\",\"name\":\"Bantam Wankm\u00fcller SA\",\"description\":\"\",\"publisher\":{\"@id\":\"https:\\\/\\\/shop.bantam.ch\\\/fr\\\/#organization\"},\"inLanguage\":\"fr-FR\"},{\"@type\":\"Organization\",\"@id\":\"https:\\\/\\\/shop.bantam.ch\\\/fr\\\/#organization\",\"name\":\"Bantam Wankm\u00fcller SA\",\"url\":\"https:\\\/\\\/shop.bantam.ch\\\/fr\\\/\",\"logo\":{\"@type\":\"ImageObject\",\"inLanguage\":\"fr-FR\",\"@id\":\"https:\\\/\\\/shop.bantam.ch\\\/fr\\\/#\\\/schema\\\/logo\\\/image\\\/\",\"url\":\"https:\\\/\\\/shop.bantam.ch\\\/wp-content\\\/uploads\\\/2022\\\/12\\\/bantam-logo.png\",\"contentUrl\":\"https:\\\/\\\/shop.bantam.ch\\\/wp-content\\\/uploads\\\/2022\\\/12\\\/bantam-logo.png\",\"width\":320,\"height\":71,\"caption\":\"Bantam Wankm\u00fcller SA\"},\"image\":{\"@id\":\"https:\\\/\\\/shop.bantam.ch\\\/fr\\\/#\\\/schema\\\/logo\\\/image\\\/\"}}]}<\/script>\n<!-- \/ Yoast SEO plugin. -->","yoast_head_json":{"title":"Antenne de toit Internet pour CamperNet Evo - Bantam Wankm\u00fcller SA","robots":{"index":"index","follow":"follow","max-snippet":"max-snippet:-1","max-image-preview":"max-image-preview:large","max-video-preview":"max-video-preview:-1"},"canonical":"https:\/\/shop.bantam.ch\/fr\/produit\/antenne-de-toit-internet-pour-campernet-evo\/","og_locale":"fr_FR","og_type":"article","og_title":"Antenne de toit Internet pour CamperNet Evo - Bantam Wankm\u00fcller SA","og_description":"campernet &#8211; Une antenne adapt\u00e9e \u00e0 chaque type de v\u00e9hicule La structure unique de l&rsquo;antenne, associ\u00e9e \u00e0 des \u00e9l\u00e9ments filtrants sp\u00e9ciaux, offre une port\u00e9e maximale, un d\u00e9bit de donn\u00e9es \u00e9lev\u00e9 et une r\u00e9ception optimale. Gr\u00e2ce \u00e0 la technologie d&rsquo;antenne brevet\u00e9e, vous avez encore du r\u00e9seau l\u00e0 o\u00f9 le t\u00e9l\u00e9phone portable est d\u00e9j\u00e0 en panne. Il [&hellip;]","og_url":"https:\/\/shop.bantam.ch\/fr\/produit\/antenne-de-toit-internet-pour-campernet-evo\/","og_site_name":"Bantam Wankm\u00fcller SA","article_modified_time":"2026-04-17T23:11:45+00:00","og_image":[{"width":640,"height":640,"url":"https:\/\/shop.bantam.ch\/wp-content\/uploads\/2024\/05\/Movera-L-9963185100.jpg","type":"image\/jpeg"}],"twitter_card":"summary_large_image","twitter_misc":{"Dur\u00e9e de lecture estim\u00e9e":"1 minute"},"schema":{"@context":"https:\/\/schema.org","@graph":[{"@type":"WebPage","@id":"https:\/\/shop.bantam.ch\/fr\/produit\/antenne-de-toit-internet-pour-campernet-evo\/","url":"https:\/\/shop.bantam.ch\/fr\/produit\/antenne-de-toit-internet-pour-campernet-evo\/","name":"Antenne de toit Internet pour CamperNet Evo - Bantam Wankm\u00fcller SA","isPartOf":{"@id":"https:\/\/shop.bantam.ch\/fr\/#website"},"primaryImageOfPage":{"@id":"https:\/\/shop.bantam.ch\/fr\/produit\/antenne-de-toit-internet-pour-campernet-evo\/#primaryimage"},"image":{"@id":"https:\/\/shop.bantam.ch\/fr\/produit\/antenne-de-toit-internet-pour-campernet-evo\/#primaryimage"},"thumbnailUrl":"https:\/\/shop.bantam.ch\/wp-content\/uploads\/2024\/05\/Movera-L-9963185100.jpg","datePublished":"2024-05-15T14:10:21+00:00","dateModified":"2026-04-17T23:11:45+00:00","breadcrumb":{"@id":"https:\/\/shop.bantam.ch\/fr\/produit\/antenne-de-toit-internet-pour-campernet-evo\/#breadcrumb"},"inLanguage":"fr-FR","potentialAction":[{"@type":"ReadAction","target":["https:\/\/shop.bantam.ch\/fr\/produit\/antenne-de-toit-internet-pour-campernet-evo\/"]}]},{"@type":"ImageObject","inLanguage":"fr-FR","@id":"https:\/\/shop.bantam.ch\/fr\/produit\/antenne-de-toit-internet-pour-campernet-evo\/#primaryimage","url":"https:\/\/shop.bantam.ch\/wp-content\/uploads\/2024\/05\/Movera-L-9963185100.jpg","contentUrl":"https:\/\/shop.bantam.ch\/wp-content\/uploads\/2024\/05\/Movera-L-9963185100.jpg","width":640,"height":640},{"@type":"BreadcrumbList","@id":"https:\/\/shop.bantam.ch\/fr\/produit\/antenne-de-toit-internet-pour-campernet-evo\/#breadcrumb","itemListElement":[{"@type":"ListItem","position":1,"name":"Accueil","item":"https:\/\/shop.bantam.ch\/fr\/"},{"@type":"ListItem","position":2,"name":"Boutique","item":"https:\/\/shop.bantam.ch\/fr\/boutique\/"},{"@type":"ListItem","position":3,"name":"Antenne de toit Internet pour CamperNet Evo"}]},{"@type":"WebSite","@id":"https:\/\/shop.bantam.ch\/fr\/#website","url":"https:\/\/shop.bantam.ch\/fr\/","name":"Bantam Wankm\u00fcller SA","description":"","publisher":{"@id":"https:\/\/shop.bantam.ch\/fr\/#organization"},"inLanguage":"fr-FR"},{"@type":"Organization","@id":"https:\/\/shop.bantam.ch\/fr\/#organization","name":"Bantam Wankm\u00fcller SA","url":"https:\/\/shop.bantam.ch\/fr\/","logo":{"@type":"ImageObject","inLanguage":"fr-FR","@id":"https:\/\/shop.bantam.ch\/fr\/#\/schema\/logo\/image\/","url":"https:\/\/shop.bantam.ch\/wp-content\/uploads\/2022\/12\/bantam-logo.png","contentUrl":"https:\/\/shop.bantam.ch\/wp-content\/uploads\/2022\/12\/bantam-logo.png","width":320,"height":71,"caption":"Bantam Wankm\u00fcller SA"},"image":{"@id":"https:\/\/shop.bantam.ch\/fr\/#\/schema\/logo\/image\/"}}]}},"_links":{"self":[{"href":"https:\/\/shop.bantam.ch\/fr\/wp-json\/wp\/v2\/product\/196903","targetHints":{"allow":["GET"]}}],"collection":[{"href":"https:\/\/shop.bantam.ch\/fr\/wp-json\/wp\/v2\/product"}],"about":[{"href":"https:\/\/shop.bantam.ch\/fr\/wp-json\/wp\/v2\/types\/product"}],"wp:featuredmedia":[{"embeddable":true,"href":"https:\/\/shop.bantam.ch\/fr\/wp-json\/wp\/v2\/media\/196901"}],"wp:attachment":[{"href":"https:\/\/shop.bantam.ch\/fr\/wp-json\/wp\/v2\/media?parent=196903"}],"wp:term":[{"taxonomy":"product_featured_cat","embeddable":true,"href":"https:\/\/shop.bantam.ch\/fr\/wp-json\/wp\/v2\/product_featured_cat?post=196903"},{"taxonomy":"product_brand","embeddable":true,"href":"https:\/\/shop.bantam.ch\/fr\/wp-json\/wp\/v2\/product_brand?post=196903"},{"taxonomy":"product_cat","embeddable":true,"href":"https:\/\/shop.bantam.ch\/fr\/wp-json\/wp\/v2\/product_cat?post=196903"},{"taxonomy":"product_tag","embeddable":true,"href":"https:\/\/shop.bantam.ch\/fr\/wp-json\/wp\/v2\/product_tag?post=196903"}],"curies":[{"name":"wp","href":"https:\/\/api.w.org\/{rel}","templated":true}]}}