{"id":196891,"date":"2024-05-15T16:10:03","date_gmt":"2024-05-15T14:10:03","guid":{"rendered":"https:\/\/shop.bantam.ch\/produit\/routeur-lte-campernet\/"},"modified":"2026-05-10T01:10:02","modified_gmt":"2026-05-09T23:10:02","slug":"routeur-lte-campernet","status":"publish","type":"product","link":"https:\/\/shop.bantam.ch\/fr\/produit\/routeur-lte-campernet\/","title":{"rendered":"Routeur LTE CamperNet"},"content":{"rendered":"<p>Que vous voyagiez \u00e0 titre priv\u00e9 ou professionnel &#8211; avec les routeurs CAMPERNET 2.0, le monde en ligne entre facilement dans votre camping-car :<br \/>\nSurfer sur le web en d\u00e9placement, diffuser de la musique, des vid\u00e9os et la t\u00e9l\u00e9vision ou acc\u00e9der au r\u00e9seau domestique ou professionnel &#8211; CAMPERNET 2.0 permet un acc\u00e8s rapide et stable \u00e0 Internet.<br \/>\nAvec le CAMPERNET 2.0 EVO (5G ready), vous disposez d&rsquo;un routeur LTE CAT12 performant avec WiFi6 et WPA3. Pour les utilisateurs plus exigeants, le CAMPERNET 2.0 PRO (5G) avec un modem 5G de pointe est le bon choix. Les deux routeurs sont sp\u00e9cialement con\u00e7us pour les camping-cars, faciles \u00e0 installer et \u00e0 utiliser via un smartphone. L&rsquo;insertion et la configuration des cartes SIM sont un jeu d&rsquo;enfant. Le concept d&rsquo;utilisation simple vous guide pas \u00e0 pas vers Internet.<br \/>\nParticularit\u00e9s de CAMPERNET<\/p>\n<ul>\n<li>Reconnaissance automatique des cartes SIM, alternativement APN manuel<\/li>\n<li>Commutation automatique lors du changement de SIM<\/li>\n<li>Les cartes SIM sont enregistr\u00e9es, aucune autre saisie de code PIN n&rsquo;est n\u00e9cessaire<\/li>\n<li>Fallback de FreeWiFi sur la derni\u00e8re SIM utilis\u00e9e, navigation sans interruption<\/li>\n<li>Supporte les connexions VPN \/ SSH<\/li>\n<\/ul>\n<p>WiFi6 \/ WPA3<br \/>\nLes deux puissants routeurs WiFi6 offrent un d\u00e9bit de 580 Mbps dans la bande de fr\u00e9quences de 2,4 GHz et un d\u00e9bit de 1200 Mbps dans la bande de fr\u00e9quences de 5 GHz. Un seul WLAN est visible pour vous &#8211; CAMPERNET se charge du reste de la gestion des utilisateurs. Gr\u00e2ce au WiFi6, jusqu&rsquo;\u00e0 1000 appareils peuvent \u00eatre connect\u00e9s aux routeurs, avec 4 flux parall\u00e8les possibles. La technique de cryptage la plus r\u00e9cente, WPA3, prot\u00e8ge tous vos appareils sur le r\u00e9seau.<\/p>\n<p>&nbsp;<\/p>\n<p>Utilisez les hotspots WLAN<br \/>\nAvec les routeurs CAMPERNET, vous pouvez vous connecter \u00e0 n&rsquo;importe quel WLAN de camping gratuit ou payant, \u00e0 des hotspots publics ainsi qu&rsquo;\u00e0 des r\u00e9seaux prot\u00e9g\u00e9s par mot de passe. Vous \u00eates alors automatiquement redirig\u00e9 vers la page de connexion de l&rsquo;op\u00e9rateur du hotspot (portail captif). Les routeurs disposent d\u00e9j\u00e0 d&rsquo;antennes WLAN int\u00e9gr\u00e9es pour une bonne couverture int\u00e9rieure. Pour renforcer le WLAN externe, CAMPERNET bascule automatiquement sur l&rsquo;antenne ext\u00e9rieure. Cela augmente la port\u00e9e et optimise le d\u00e9bit de donn\u00e9es.<\/p>\n<p>&nbsp;<\/p>\n<p>Fonction d&rsquo;\u00e9conomie de donn\u00e9es<br \/>\nAvec une connexion Internet rapide, les fournisseurs de streaming comme YouTube transmettent la r\u00e9solution la plus \u00e9lev\u00e9e possible. La consommation de donn\u00e9es augmente donc \u00e9norm\u00e9ment. Pour les t\u00e9l\u00e9viseurs de camping avec une diagonale d&rsquo;image r\u00e9duite, une r\u00e9solution \u00ab\u00a0normale\u00a0\u00bb est suffisante. La fonction d&rsquo;\u00e9conomie de donn\u00e9es permet de limiter le d\u00e9bit de donn\u00e9es pour l&rsquo;appareil concern\u00e9. Cela permet d&rsquo;\u00e9conomiser du volume de donn\u00e9es et surtout de l&rsquo;argent.<\/p>\n<p>&nbsp;<\/p>\n<p>Offrir le WLAN \u00e0 son voisin<br \/>\nAvec la fonction WLAN pour invit\u00e9s, vous offrez le WLAN \u00e0 votre voisin. Celui-ci est s\u00e9par\u00e9 de votre r\u00e9seau. Vous pouvez limiter la consommation de donn\u00e9es en fixant des limites. Cette fonction vous permet \u00e9galement de limiter la consommation d&rsquo;Internet de vos enfants et petits-enfants. Le WLAN interne de CAMPERNET pour vos appareils a toujours la priorit\u00e9 sur le WLAN invit\u00e9 en cas de faible d\u00e9bit de donn\u00e9es. CAMPERNET couvre toutes les bandes de t\u00e9l\u00e9phonie mobile de la r\u00e9gion EMEA (Europe, Moyen-Orient, Afrique).<\/p>\n<p>&nbsp;<\/p>\n<p>Caract\u00e9ristiques principales de CAMPERNET 2.0 EVO + 2.0 PRO<\/p>\n<ul>\n<li>2 slots Micro SIM pour cartes de t\u00e9l\u00e9phonie mobile<\/li>\n<li>Changement de carte sans outil (m\u00e9canisme push)<\/li>\n<li>Reconnaissance automatique de l&rsquo;APN (&gt; 180 op\u00e9rateurs)<\/li>\n<li>Utilisation simple comme un jeu d&rsquo;enfant via l&rsquo;interface utilisateur WebApp<\/li>\n<li>WLAN : WiFi6 \/ 2,4 GHz \/ 5 GHz \/ WPA3<\/li>\n<li>Connexion WLAN : 2 x 2 MIMO (FAKRA Code K)<\/li>\n<li>Antenne WLAN int\u00e9rieure int\u00e9gr\u00e9e : 2 x 2 MIMO<\/li>\n<li>R\u00e9p\u00e9tition WLAN pour les r\u00e9seaux WLAN publics avec support de la page de connexion (Captive Portal)<\/li>\n<li>Vitesse WLAN &#8211; 5 GHz : 2 x 2 MU-MIMO 1200 Mbit\/s, 2,4 GHz : 2 x 2 MU-MIMO 573,5 Mbit\/s<\/li>\n<li>WLAN invit\u00e9 : limite de donn\u00e9es r\u00e9glable<\/li>\n<li>Mode automatique : WLAN &lt;&gt; mobile<\/li>\n<li>Mode d&rsquo;\u00e9conomie de donn\u00e9es activable<\/li>\n<li>Prise en charge des connexions VPN et SSH s\u00e9curis\u00e9es<\/li>\n<li>Ports LAN Ethernet : 4 x 1 Gbit\/s (RJ45)<\/li>\n<li>Port WAN Ethernet : par ex. pour Starlink (RJ45)<\/li>\n<li>Voyant d&rsquo;\u00e9tat sur le dessus du bo\u00eetier<\/li>\n<li>Mises \u00e0 jour automatiques (Over-the-Air)<\/li>\n<li>Poids : 320 g \/ Dimensions : 176 x 134 x 35 mm (L x l x h)<\/li>\n<li>Tension d&rsquo;alimentation : 9 V \u00e0 30 V (syst\u00e8me 12 V \/ 24 V)<\/li>\n<\/ul>\n","protected":false},"excerpt":{"rendered":"<p>Que vous voyagiez \u00e0 titre priv\u00e9 ou professionnel &#8211; avec les routeurs CAMPERNET 2.0, le monde en ligne entre facilement dans votre camping-car : Surfer sur le web en d\u00e9placement, diffuser de la musique, des vid\u00e9os et la t\u00e9l\u00e9vision ou acc\u00e9der au r\u00e9seau domestique ou professionnel &#8211; CAMPERNET 2.0 permet un acc\u00e8s rapide et stable [&hellip;]<\/p>\n","protected":false},"featured_media":196887,"template":"","meta":{"_acf_changed":false},"product_featured_cat":[],"product_brand":[5241],"product_cat":[5151],"product_tag":[],"class_list":{"0":"post-196891","1":"product","2":"type-product","3":"status-publish","4":"has-post-thumbnail","6":"product_brand-campernet","7":"product_cat-antennes-wlan-et-lte","9":"first","10":"instock","11":"taxable","12":"shipping-taxable","13":"purchasable","14":"product-type-variable"},"acf":[],"yoast_head":"<!-- This site is optimized with the Yoast SEO plugin v27.5 - https:\/\/yoast.com\/product\/yoast-seo-wordpress\/ -->\n<title>Routeur LTE CamperNet - Bantam<\/title>\n<meta name=\"robots\" content=\"index, follow, max-snippet:-1, max-image-preview:large, max-video-preview:-1\" \/>\n<link rel=\"canonical\" href=\"https:\/\/shop.bantam.ch\/fr\/produit\/routeur-lte-campernet\/\" \/>\n<meta property=\"og:locale\" content=\"fr_FR\" \/>\n<meta property=\"og:type\" content=\"article\" \/>\n<meta property=\"og:title\" content=\"Routeur LTE CamperNet - Bantam\" \/>\n<meta property=\"og:description\" content=\"Que vous voyagiez \u00e0 titre priv\u00e9 ou professionnel &#8211; avec les routeurs CAMPERNET 2.0, le monde en ligne entre facilement dans votre camping-car : Surfer sur le web en d\u00e9placement, diffuser de la musique, des vid\u00e9os et la t\u00e9l\u00e9vision ou acc\u00e9der au r\u00e9seau domestique ou professionnel &#8211; CAMPERNET 2.0 permet un acc\u00e8s rapide et stable [&hellip;]\" \/>\n<meta property=\"og:url\" content=\"https:\/\/shop.bantam.ch\/fr\/produit\/routeur-lte-campernet\/\" \/>\n<meta property=\"og:site_name\" content=\"Bantam\" \/>\n<meta property=\"article:modified_time\" content=\"2026-05-09T23:10:02+00:00\" \/>\n<meta property=\"og:image\" content=\"https:\/\/shop.bantam.ch\/wp-content\/uploads\/2024\/05\/Movera-L-9963183100.jpg\" \/>\n\t<meta property=\"og:image:width\" content=\"640\" \/>\n\t<meta property=\"og:image:height\" content=\"640\" \/>\n\t<meta property=\"og:image:type\" content=\"image\/jpeg\" \/>\n<meta name=\"twitter:card\" content=\"summary_large_image\" \/>\n<meta name=\"twitter:label1\" content=\"Dur\u00e9e de lecture estim\u00e9e\" \/>\n\t<meta name=\"twitter:data1\" content=\"4 minutes\" \/>\n<script type=\"application\/ld+json\" class=\"yoast-schema-graph\">{\"@context\":\"https:\\\/\\\/schema.org\",\"@graph\":[{\"@type\":\"WebPage\",\"@id\":\"https:\\\/\\\/shop.bantam.ch\\\/fr\\\/produit\\\/routeur-lte-campernet\\\/\",\"url\":\"https:\\\/\\\/shop.bantam.ch\\\/fr\\\/produit\\\/routeur-lte-campernet\\\/\",\"name\":\"Routeur LTE CamperNet - Bantam\",\"isPartOf\":{\"@id\":\"https:\\\/\\\/shop.bantam.ch\\\/fr\\\/#website\"},\"primaryImageOfPage\":{\"@id\":\"https:\\\/\\\/shop.bantam.ch\\\/fr\\\/produit\\\/routeur-lte-campernet\\\/#primaryimage\"},\"image\":{\"@id\":\"https:\\\/\\\/shop.bantam.ch\\\/fr\\\/produit\\\/routeur-lte-campernet\\\/#primaryimage\"},\"thumbnailUrl\":\"https:\\\/\\\/shop.bantam.ch\\\/wp-content\\\/uploads\\\/2024\\\/05\\\/Movera-L-9963183100.jpg\",\"datePublished\":\"2024-05-15T14:10:03+00:00\",\"dateModified\":\"2026-05-09T23:10:02+00:00\",\"breadcrumb\":{\"@id\":\"https:\\\/\\\/shop.bantam.ch\\\/fr\\\/produit\\\/routeur-lte-campernet\\\/#breadcrumb\"},\"inLanguage\":\"fr-FR\",\"potentialAction\":[{\"@type\":\"ReadAction\",\"target\":[\"https:\\\/\\\/shop.bantam.ch\\\/fr\\\/produit\\\/routeur-lte-campernet\\\/\"]}]},{\"@type\":\"ImageObject\",\"inLanguage\":\"fr-FR\",\"@id\":\"https:\\\/\\\/shop.bantam.ch\\\/fr\\\/produit\\\/routeur-lte-campernet\\\/#primaryimage\",\"url\":\"https:\\\/\\\/shop.bantam.ch\\\/wp-content\\\/uploads\\\/2024\\\/05\\\/Movera-L-9963183100.jpg\",\"contentUrl\":\"https:\\\/\\\/shop.bantam.ch\\\/wp-content\\\/uploads\\\/2024\\\/05\\\/Movera-L-9963183100.jpg\",\"width\":640,\"height\":640},{\"@type\":\"BreadcrumbList\",\"@id\":\"https:\\\/\\\/shop.bantam.ch\\\/fr\\\/produit\\\/routeur-lte-campernet\\\/#breadcrumb\",\"itemListElement\":[{\"@type\":\"ListItem\",\"position\":1,\"name\":\"Accueil\",\"item\":\"https:\\\/\\\/shop.bantam.ch\\\/fr\\\/\"},{\"@type\":\"ListItem\",\"position\":2,\"name\":\"Boutique\",\"item\":\"https:\\\/\\\/shop.bantam.ch\\\/fr\\\/boutique\\\/\"},{\"@type\":\"ListItem\",\"position\":3,\"name\":\"Routeur LTE CamperNet\"}]},{\"@type\":\"WebSite\",\"@id\":\"https:\\\/\\\/shop.bantam.ch\\\/fr\\\/#website\",\"url\":\"https:\\\/\\\/shop.bantam.ch\\\/fr\\\/\",\"name\":\"Bantam\",\"description\":\"\",\"publisher\":{\"@id\":\"https:\\\/\\\/shop.bantam.ch\\\/fr\\\/#organization\"},\"inLanguage\":\"fr-FR\"},{\"@type\":\"Organization\",\"@id\":\"https:\\\/\\\/shop.bantam.ch\\\/fr\\\/#organization\",\"name\":\"Bantam\",\"url\":\"https:\\\/\\\/shop.bantam.ch\\\/fr\\\/\",\"logo\":{\"@type\":\"ImageObject\",\"inLanguage\":\"fr-FR\",\"@id\":\"https:\\\/\\\/shop.bantam.ch\\\/fr\\\/#\\\/schema\\\/logo\\\/image\\\/\",\"url\":\"https:\\\/\\\/shop.bantam.ch\\\/wp-content\\\/uploads\\\/2022\\\/12\\\/bantam-logo.png\",\"contentUrl\":\"https:\\\/\\\/shop.bantam.ch\\\/wp-content\\\/uploads\\\/2022\\\/12\\\/bantam-logo.png\",\"width\":320,\"height\":71,\"caption\":\"Bantam\"},\"image\":{\"@id\":\"https:\\\/\\\/shop.bantam.ch\\\/fr\\\/#\\\/schema\\\/logo\\\/image\\\/\"}}]}<\/script>\n<!-- \/ Yoast SEO plugin. -->","yoast_head_json":{"title":"Routeur LTE CamperNet - Bantam","robots":{"index":"index","follow":"follow","max-snippet":"max-snippet:-1","max-image-preview":"max-image-preview:large","max-video-preview":"max-video-preview:-1"},"canonical":"https:\/\/shop.bantam.ch\/fr\/produit\/routeur-lte-campernet\/","og_locale":"fr_FR","og_type":"article","og_title":"Routeur LTE CamperNet - Bantam","og_description":"Que vous voyagiez \u00e0 titre priv\u00e9 ou professionnel &#8211; avec les routeurs CAMPERNET 2.0, le monde en ligne entre facilement dans votre camping-car : Surfer sur le web en d\u00e9placement, diffuser de la musique, des vid\u00e9os et la t\u00e9l\u00e9vision ou acc\u00e9der au r\u00e9seau domestique ou professionnel &#8211; CAMPERNET 2.0 permet un acc\u00e8s rapide et stable [&hellip;]","og_url":"https:\/\/shop.bantam.ch\/fr\/produit\/routeur-lte-campernet\/","og_site_name":"Bantam","article_modified_time":"2026-05-09T23:10:02+00:00","og_image":[{"width":640,"height":640,"url":"https:\/\/shop.bantam.ch\/wp-content\/uploads\/2024\/05\/Movera-L-9963183100.jpg","type":"image\/jpeg"}],"twitter_card":"summary_large_image","twitter_misc":{"Dur\u00e9e de lecture estim\u00e9e":"4 minutes"},"schema":{"@context":"https:\/\/schema.org","@graph":[{"@type":"WebPage","@id":"https:\/\/shop.bantam.ch\/fr\/produit\/routeur-lte-campernet\/","url":"https:\/\/shop.bantam.ch\/fr\/produit\/routeur-lte-campernet\/","name":"Routeur LTE CamperNet - Bantam","isPartOf":{"@id":"https:\/\/shop.bantam.ch\/fr\/#website"},"primaryImageOfPage":{"@id":"https:\/\/shop.bantam.ch\/fr\/produit\/routeur-lte-campernet\/#primaryimage"},"image":{"@id":"https:\/\/shop.bantam.ch\/fr\/produit\/routeur-lte-campernet\/#primaryimage"},"thumbnailUrl":"https:\/\/shop.bantam.ch\/wp-content\/uploads\/2024\/05\/Movera-L-9963183100.jpg","datePublished":"2024-05-15T14:10:03+00:00","dateModified":"2026-05-09T23:10:02+00:00","breadcrumb":{"@id":"https:\/\/shop.bantam.ch\/fr\/produit\/routeur-lte-campernet\/#breadcrumb"},"inLanguage":"fr-FR","potentialAction":[{"@type":"ReadAction","target":["https:\/\/shop.bantam.ch\/fr\/produit\/routeur-lte-campernet\/"]}]},{"@type":"ImageObject","inLanguage":"fr-FR","@id":"https:\/\/shop.bantam.ch\/fr\/produit\/routeur-lte-campernet\/#primaryimage","url":"https:\/\/shop.bantam.ch\/wp-content\/uploads\/2024\/05\/Movera-L-9963183100.jpg","contentUrl":"https:\/\/shop.bantam.ch\/wp-content\/uploads\/2024\/05\/Movera-L-9963183100.jpg","width":640,"height":640},{"@type":"BreadcrumbList","@id":"https:\/\/shop.bantam.ch\/fr\/produit\/routeur-lte-campernet\/#breadcrumb","itemListElement":[{"@type":"ListItem","position":1,"name":"Accueil","item":"https:\/\/shop.bantam.ch\/fr\/"},{"@type":"ListItem","position":2,"name":"Boutique","item":"https:\/\/shop.bantam.ch\/fr\/boutique\/"},{"@type":"ListItem","position":3,"name":"Routeur LTE CamperNet"}]},{"@type":"WebSite","@id":"https:\/\/shop.bantam.ch\/fr\/#website","url":"https:\/\/shop.bantam.ch\/fr\/","name":"Bantam","description":"","publisher":{"@id":"https:\/\/shop.bantam.ch\/fr\/#organization"},"inLanguage":"fr-FR"},{"@type":"Organization","@id":"https:\/\/shop.bantam.ch\/fr\/#organization","name":"Bantam","url":"https:\/\/shop.bantam.ch\/fr\/","logo":{"@type":"ImageObject","inLanguage":"fr-FR","@id":"https:\/\/shop.bantam.ch\/fr\/#\/schema\/logo\/image\/","url":"https:\/\/shop.bantam.ch\/wp-content\/uploads\/2022\/12\/bantam-logo.png","contentUrl":"https:\/\/shop.bantam.ch\/wp-content\/uploads\/2022\/12\/bantam-logo.png","width":320,"height":71,"caption":"Bantam"},"image":{"@id":"https:\/\/shop.bantam.ch\/fr\/#\/schema\/logo\/image\/"}}]}},"_links":{"self":[{"href":"https:\/\/shop.bantam.ch\/fr\/wp-json\/wp\/v2\/product\/196891","targetHints":{"allow":["GET"]}}],"collection":[{"href":"https:\/\/shop.bantam.ch\/fr\/wp-json\/wp\/v2\/product"}],"about":[{"href":"https:\/\/shop.bantam.ch\/fr\/wp-json\/wp\/v2\/types\/product"}],"wp:featuredmedia":[{"embeddable":true,"href":"https:\/\/shop.bantam.ch\/fr\/wp-json\/wp\/v2\/media\/196887"}],"wp:attachment":[{"href":"https:\/\/shop.bantam.ch\/fr\/wp-json\/wp\/v2\/media?parent=196891"}],"wp:term":[{"taxonomy":"product_featured_cat","embeddable":true,"href":"https:\/\/shop.bantam.ch\/fr\/wp-json\/wp\/v2\/product_featured_cat?post=196891"},{"taxonomy":"product_brand","embeddable":true,"href":"https:\/\/shop.bantam.ch\/fr\/wp-json\/wp\/v2\/product_brand?post=196891"},{"taxonomy":"product_cat","embeddable":true,"href":"https:\/\/shop.bantam.ch\/fr\/wp-json\/wp\/v2\/product_cat?post=196891"},{"taxonomy":"product_tag","embeddable":true,"href":"https:\/\/shop.bantam.ch\/fr\/wp-json\/wp\/v2\/product_tag?post=196891"}],"curies":[{"name":"wp","href":"https:\/\/api.w.org\/{rel}","templated":true}]}}