{"id":196861,"date":"2024-05-15T16:09:22","date_gmt":"2024-05-15T14:09:22","guid":{"rendered":"https:\/\/shop.bantam.ch\/produit\/lampe-frontale-silva-scout-3xth\/"},"modified":"2026-04-19T23:13:59","modified_gmt":"2026-04-19T21:13:59","slug":"lampe-frontale-silva-scout-3xth","status":"publish","type":"product","link":"https:\/\/shop.bantam.ch\/fr\/produit\/lampe-frontale-silva-scout-3xth\/","title":{"rendered":"Lampe frontale silva Scout 3XTH"},"content":{"rendered":"<p>La Scout 3XTH est une lampe frontale l\u00e9g\u00e8re con\u00e7ue pour toutes vos aventures en plein air quelle que soit la saison. La lampe frontale est \u00e9quip\u00e9e d&rsquo;une lumi\u00e8re rouge pour maintenir votre vision nocturne, d&rsquo;un indicateur de niveau de batterie et d&rsquo;une forte luminosit\u00e9 de 350 lumens &#8211; contrairement \u00e0 la Scout 3XT, la Scout 3XTH est livr\u00e9e avec une batterie hybride (1,25 Ah \/ 4,6 Wh) incluse.<\/p>\n<p>Tous les mod\u00e8les de la s\u00e9rie Scout 3 sont dot\u00e9s de la technologie hybride, ce qui signifie que le compartiment \u00e0 piles peut accueillir \u00e0 la fois une batterie hybride rechargeable Silva et des piles AAA ordinaires. Il offre la possibilit\u00e9 de pratiquer diverses activit\u00e9s.<\/p>\n<p>OPTIMISE L&rsquo;IMAGE LUMINEUSE<br \/>\nLe Scout 3XTH est \u00e9quip\u00e9 de Silva Intelligent Light, qui optimise le mod\u00e8le de lumi\u00e8re gr\u00e2ce \u00e0 une combinaison unique de feux de route focalis\u00e9s qui brillent au loin et d&rsquo;une lumi\u00e8re grand angle qui brille pr\u00e8s de vous. Gr\u00e2ce \u00e0 Silva Intelligent Light\u00ae, vous obtenez une vision claire des obstacles possibles \u00e0 courte et longue distance sans avoir \u00e0 trop bouger la t\u00eate. Il vous offre un meilleur \u00e9quilibre et une meilleure s\u00e9curit\u00e9, vous permettant de maximiser votre vitesse et de mieux performer.<\/p>\n<p>C&rsquo;est une lampe frontale facile \u00e0 utiliser. Le gros bouton marche\/arr\u00eat facilite l&rsquo;utilisation de la lampe frontale, m\u00eame lorsqu&rsquo;il fait froid et humide dehors et que vous portez des gants. Gr\u00e2ce au poids l\u00e9ger de la lampe et au large bandeau partiellement caoutchout\u00e9, la lampe frontale tient bien et confortablement m\u00eame pendant de longues p\u00e9riodes d&rsquo;utilisation. L&rsquo;indicateur de niveau de batterie vous informe de la dur\u00e9e de vie restante de la batterie lorsque vous \u00e9teignez la lampe. Le Scout 3XTH est \u00e9galement \u00e9tanche selon la norme IPX5.<\/p>\n<p>Caract\u00e9ristiques:<br \/>\nMode Max: 350&nbsp;lm \/ 3&nbsp;h d&rsquo;autonomie \/ port\u00e9e lumineuse de 65&nbsp;m<br \/>\nMode Min: 50 lm \/ 25 h de dur\u00e9e de combustion \/ 30 m de port\u00e9e lumineuse<\/p>\n<p>Contenu de la livraison :<br \/>\nComprend une lampe frontale<br \/>\nBandeau<br \/>\nBatterie rechargeable hybride Silva 1,25 Ah (4,6 Wh)<br \/>\nC\u00e2ble de chargement USB<br \/>\nGuide de d\u00e9marrage rapide<\/p>\n","protected":false},"excerpt":{"rendered":"<p>La Scout 3XTH est une lampe frontale l\u00e9g\u00e8re con\u00e7ue pour toutes vos aventures en plein air quelle que soit la saison. La lampe frontale est \u00e9quip\u00e9e d&rsquo;une lumi\u00e8re rouge pour maintenir votre vision nocturne, d&rsquo;un indicateur de niveau de batterie et d&rsquo;une forte luminosit\u00e9 de 350 lumens &#8211; contrairement \u00e0 la Scout 3XT, la Scout [&hellip;]<\/p>\n","protected":false},"featured_media":207012,"template":"","meta":{"_acf_changed":false},"product_featured_cat":[],"product_brand":[5239],"product_cat":[4373],"product_tag":[],"class_list":{"0":"post-196861","1":"product","2":"type-product","3":"status-publish","4":"has-post-thumbnail","6":"product_brand-silva","7":"product_cat-lampes-frontales","9":"first","10":"instock","11":"taxable","12":"shipping-taxable","13":"purchasable","14":"product-type-simple"},"acf":[],"yoast_head":"<!-- This site is optimized with the Yoast SEO plugin v27.4 - https:\/\/yoast.com\/product\/yoast-seo-wordpress\/ -->\n<title>Lampe frontale silva Scout 3XTH - Bantam Wankm\u00fcller SA<\/title>\n<meta name=\"robots\" content=\"index, follow, max-snippet:-1, max-image-preview:large, max-video-preview:-1\" \/>\n<link rel=\"canonical\" href=\"https:\/\/shop.bantam.ch\/fr\/produit\/lampe-frontale-silva-scout-3xth\/\" \/>\n<meta property=\"og:locale\" content=\"fr_FR\" \/>\n<meta property=\"og:type\" content=\"article\" \/>\n<meta property=\"og:title\" content=\"Lampe frontale silva Scout 3XTH - Bantam Wankm\u00fcller SA\" \/>\n<meta property=\"og:description\" content=\"La Scout 3XTH est une lampe frontale l\u00e9g\u00e8re con\u00e7ue pour toutes vos aventures en plein air quelle que soit la saison. La lampe frontale est \u00e9quip\u00e9e d&rsquo;une lumi\u00e8re rouge pour maintenir votre vision nocturne, d&rsquo;un indicateur de niveau de batterie et d&rsquo;une forte luminosit\u00e9 de 350 lumens &#8211; contrairement \u00e0 la Scout 3XT, la Scout [&hellip;]\" \/>\n<meta property=\"og:url\" content=\"https:\/\/shop.bantam.ch\/fr\/produit\/lampe-frontale-silva-scout-3xth\/\" \/>\n<meta property=\"og:site_name\" content=\"Bantam Wankm\u00fcller SA\" \/>\n<meta property=\"article:modified_time\" content=\"2026-04-19T21:13:59+00:00\" \/>\n<meta property=\"og:image\" content=\"https:\/\/shop.bantam.ch\/wp-content\/uploads\/2024\/05\/Movera-L-9962095100.jpg\" \/>\n\t<meta property=\"og:image:width\" content=\"640\" \/>\n\t<meta property=\"og:image:height\" content=\"640\" \/>\n\t<meta property=\"og:image:type\" content=\"image\/jpeg\" \/>\n<meta name=\"twitter:card\" content=\"summary_large_image\" \/>\n<meta name=\"twitter:label1\" content=\"Dur\u00e9e de lecture estim\u00e9e\" \/>\n\t<meta name=\"twitter:data1\" content=\"2 minutes\" \/>\n<script type=\"application\/ld+json\" class=\"yoast-schema-graph\">{\"@context\":\"https:\\\/\\\/schema.org\",\"@graph\":[{\"@type\":\"WebPage\",\"@id\":\"https:\\\/\\\/shop.bantam.ch\\\/fr\\\/produit\\\/lampe-frontale-silva-scout-3xth\\\/\",\"url\":\"https:\\\/\\\/shop.bantam.ch\\\/fr\\\/produit\\\/lampe-frontale-silva-scout-3xth\\\/\",\"name\":\"Lampe frontale silva Scout 3XTH - Bantam Wankm\u00fcller SA\",\"isPartOf\":{\"@id\":\"https:\\\/\\\/shop.bantam.ch\\\/fr\\\/#website\"},\"primaryImageOfPage\":{\"@id\":\"https:\\\/\\\/shop.bantam.ch\\\/fr\\\/produit\\\/lampe-frontale-silva-scout-3xth\\\/#primaryimage\"},\"image\":{\"@id\":\"https:\\\/\\\/shop.bantam.ch\\\/fr\\\/produit\\\/lampe-frontale-silva-scout-3xth\\\/#primaryimage\"},\"thumbnailUrl\":\"https:\\\/\\\/shop.bantam.ch\\\/wp-content\\\/uploads\\\/2024\\\/09\\\/Movera-L-9962095100.jpg\",\"datePublished\":\"2024-05-15T14:09:22+00:00\",\"dateModified\":\"2026-04-19T21:13:59+00:00\",\"breadcrumb\":{\"@id\":\"https:\\\/\\\/shop.bantam.ch\\\/fr\\\/produit\\\/lampe-frontale-silva-scout-3xth\\\/#breadcrumb\"},\"inLanguage\":\"fr-FR\",\"potentialAction\":[{\"@type\":\"ReadAction\",\"target\":[\"https:\\\/\\\/shop.bantam.ch\\\/fr\\\/produit\\\/lampe-frontale-silva-scout-3xth\\\/\"]}]},{\"@type\":\"ImageObject\",\"inLanguage\":\"fr-FR\",\"@id\":\"https:\\\/\\\/shop.bantam.ch\\\/fr\\\/produit\\\/lampe-frontale-silva-scout-3xth\\\/#primaryimage\",\"url\":\"https:\\\/\\\/shop.bantam.ch\\\/wp-content\\\/uploads\\\/2024\\\/09\\\/Movera-L-9962095100.jpg\",\"contentUrl\":\"https:\\\/\\\/shop.bantam.ch\\\/wp-content\\\/uploads\\\/2024\\\/09\\\/Movera-L-9962095100.jpg\",\"width\":640,\"height\":640},{\"@type\":\"BreadcrumbList\",\"@id\":\"https:\\\/\\\/shop.bantam.ch\\\/fr\\\/produit\\\/lampe-frontale-silva-scout-3xth\\\/#breadcrumb\",\"itemListElement\":[{\"@type\":\"ListItem\",\"position\":1,\"name\":\"Accueil\",\"item\":\"https:\\\/\\\/shop.bantam.ch\\\/fr\\\/\"},{\"@type\":\"ListItem\",\"position\":2,\"name\":\"Boutique\",\"item\":\"https:\\\/\\\/shop.bantam.ch\\\/fr\\\/boutique\\\/\"},{\"@type\":\"ListItem\",\"position\":3,\"name\":\"Lampe frontale silva Scout 3XTH\"}]},{\"@type\":\"WebSite\",\"@id\":\"https:\\\/\\\/shop.bantam.ch\\\/fr\\\/#website\",\"url\":\"https:\\\/\\\/shop.bantam.ch\\\/fr\\\/\",\"name\":\"Bantam Wankm\u00fcller SA\",\"description\":\"\",\"publisher\":{\"@id\":\"https:\\\/\\\/shop.bantam.ch\\\/fr\\\/#organization\"},\"inLanguage\":\"fr-FR\"},{\"@type\":\"Organization\",\"@id\":\"https:\\\/\\\/shop.bantam.ch\\\/fr\\\/#organization\",\"name\":\"Bantam Wankm\u00fcller SA\",\"url\":\"https:\\\/\\\/shop.bantam.ch\\\/fr\\\/\",\"logo\":{\"@type\":\"ImageObject\",\"inLanguage\":\"fr-FR\",\"@id\":\"https:\\\/\\\/shop.bantam.ch\\\/fr\\\/#\\\/schema\\\/logo\\\/image\\\/\",\"url\":\"https:\\\/\\\/shop.bantam.ch\\\/wp-content\\\/uploads\\\/2022\\\/12\\\/bantam-logo.png\",\"contentUrl\":\"https:\\\/\\\/shop.bantam.ch\\\/wp-content\\\/uploads\\\/2022\\\/12\\\/bantam-logo.png\",\"width\":320,\"height\":71,\"caption\":\"Bantam Wankm\u00fcller SA\"},\"image\":{\"@id\":\"https:\\\/\\\/shop.bantam.ch\\\/fr\\\/#\\\/schema\\\/logo\\\/image\\\/\"}}]}<\/script>\n<!-- \/ Yoast SEO plugin. -->","yoast_head_json":{"title":"Lampe frontale silva Scout 3XTH - Bantam Wankm\u00fcller SA","robots":{"index":"index","follow":"follow","max-snippet":"max-snippet:-1","max-image-preview":"max-image-preview:large","max-video-preview":"max-video-preview:-1"},"canonical":"https:\/\/shop.bantam.ch\/fr\/produit\/lampe-frontale-silva-scout-3xth\/","og_locale":"fr_FR","og_type":"article","og_title":"Lampe frontale silva Scout 3XTH - Bantam Wankm\u00fcller SA","og_description":"La Scout 3XTH est une lampe frontale l\u00e9g\u00e8re con\u00e7ue pour toutes vos aventures en plein air quelle que soit la saison. La lampe frontale est \u00e9quip\u00e9e d&rsquo;une lumi\u00e8re rouge pour maintenir votre vision nocturne, d&rsquo;un indicateur de niveau de batterie et d&rsquo;une forte luminosit\u00e9 de 350 lumens &#8211; contrairement \u00e0 la Scout 3XT, la Scout [&hellip;]","og_url":"https:\/\/shop.bantam.ch\/fr\/produit\/lampe-frontale-silva-scout-3xth\/","og_site_name":"Bantam Wankm\u00fcller SA","article_modified_time":"2026-04-19T21:13:59+00:00","og_image":[{"width":640,"height":640,"url":"https:\/\/shop.bantam.ch\/wp-content\/uploads\/2024\/05\/Movera-L-9962095100.jpg","type":"image\/jpeg"}],"twitter_card":"summary_large_image","twitter_misc":{"Dur\u00e9e de lecture estim\u00e9e":"2 minutes"},"schema":{"@context":"https:\/\/schema.org","@graph":[{"@type":"WebPage","@id":"https:\/\/shop.bantam.ch\/fr\/produit\/lampe-frontale-silva-scout-3xth\/","url":"https:\/\/shop.bantam.ch\/fr\/produit\/lampe-frontale-silva-scout-3xth\/","name":"Lampe frontale silva Scout 3XTH - Bantam Wankm\u00fcller SA","isPartOf":{"@id":"https:\/\/shop.bantam.ch\/fr\/#website"},"primaryImageOfPage":{"@id":"https:\/\/shop.bantam.ch\/fr\/produit\/lampe-frontale-silva-scout-3xth\/#primaryimage"},"image":{"@id":"https:\/\/shop.bantam.ch\/fr\/produit\/lampe-frontale-silva-scout-3xth\/#primaryimage"},"thumbnailUrl":"https:\/\/shop.bantam.ch\/wp-content\/uploads\/2024\/09\/Movera-L-9962095100.jpg","datePublished":"2024-05-15T14:09:22+00:00","dateModified":"2026-04-19T21:13:59+00:00","breadcrumb":{"@id":"https:\/\/shop.bantam.ch\/fr\/produit\/lampe-frontale-silva-scout-3xth\/#breadcrumb"},"inLanguage":"fr-FR","potentialAction":[{"@type":"ReadAction","target":["https:\/\/shop.bantam.ch\/fr\/produit\/lampe-frontale-silva-scout-3xth\/"]}]},{"@type":"ImageObject","inLanguage":"fr-FR","@id":"https:\/\/shop.bantam.ch\/fr\/produit\/lampe-frontale-silva-scout-3xth\/#primaryimage","url":"https:\/\/shop.bantam.ch\/wp-content\/uploads\/2024\/09\/Movera-L-9962095100.jpg","contentUrl":"https:\/\/shop.bantam.ch\/wp-content\/uploads\/2024\/09\/Movera-L-9962095100.jpg","width":640,"height":640},{"@type":"BreadcrumbList","@id":"https:\/\/shop.bantam.ch\/fr\/produit\/lampe-frontale-silva-scout-3xth\/#breadcrumb","itemListElement":[{"@type":"ListItem","position":1,"name":"Accueil","item":"https:\/\/shop.bantam.ch\/fr\/"},{"@type":"ListItem","position":2,"name":"Boutique","item":"https:\/\/shop.bantam.ch\/fr\/boutique\/"},{"@type":"ListItem","position":3,"name":"Lampe frontale silva Scout 3XTH"}]},{"@type":"WebSite","@id":"https:\/\/shop.bantam.ch\/fr\/#website","url":"https:\/\/shop.bantam.ch\/fr\/","name":"Bantam Wankm\u00fcller SA","description":"","publisher":{"@id":"https:\/\/shop.bantam.ch\/fr\/#organization"},"inLanguage":"fr-FR"},{"@type":"Organization","@id":"https:\/\/shop.bantam.ch\/fr\/#organization","name":"Bantam Wankm\u00fcller SA","url":"https:\/\/shop.bantam.ch\/fr\/","logo":{"@type":"ImageObject","inLanguage":"fr-FR","@id":"https:\/\/shop.bantam.ch\/fr\/#\/schema\/logo\/image\/","url":"https:\/\/shop.bantam.ch\/wp-content\/uploads\/2022\/12\/bantam-logo.png","contentUrl":"https:\/\/shop.bantam.ch\/wp-content\/uploads\/2022\/12\/bantam-logo.png","width":320,"height":71,"caption":"Bantam Wankm\u00fcller SA"},"image":{"@id":"https:\/\/shop.bantam.ch\/fr\/#\/schema\/logo\/image\/"}}]}},"_links":{"self":[{"href":"https:\/\/shop.bantam.ch\/fr\/wp-json\/wp\/v2\/product\/196861","targetHints":{"allow":["GET"]}}],"collection":[{"href":"https:\/\/shop.bantam.ch\/fr\/wp-json\/wp\/v2\/product"}],"about":[{"href":"https:\/\/shop.bantam.ch\/fr\/wp-json\/wp\/v2\/types\/product"}],"wp:featuredmedia":[{"embeddable":true,"href":"https:\/\/shop.bantam.ch\/fr\/wp-json\/wp\/v2\/media\/207012"}],"wp:attachment":[{"href":"https:\/\/shop.bantam.ch\/fr\/wp-json\/wp\/v2\/media?parent=196861"}],"wp:term":[{"taxonomy":"product_featured_cat","embeddable":true,"href":"https:\/\/shop.bantam.ch\/fr\/wp-json\/wp\/v2\/product_featured_cat?post=196861"},{"taxonomy":"product_brand","embeddable":true,"href":"https:\/\/shop.bantam.ch\/fr\/wp-json\/wp\/v2\/product_brand?post=196861"},{"taxonomy":"product_cat","embeddable":true,"href":"https:\/\/shop.bantam.ch\/fr\/wp-json\/wp\/v2\/product_cat?post=196861"},{"taxonomy":"product_tag","embeddable":true,"href":"https:\/\/shop.bantam.ch\/fr\/wp-json\/wp\/v2\/product_tag?post=196861"}],"curies":[{"name":"wp","href":"https:\/\/api.w.org\/{rel}","templated":true}]}}