{"id":196849,"date":"2024-05-15T16:09:14","date_gmt":"2024-05-15T14:09:14","guid":{"rendered":"https:\/\/shop.bantam.ch\/produit\/lampe-frontale-silva-terra-scout-h\/"},"modified":"2026-04-19T23:13:58","modified_gmt":"2026-04-19T21:13:58","slug":"lampe-frontale-silva-terra-scout-h","status":"publish","type":"product","link":"https:\/\/shop.bantam.ch\/fr\/produit\/lampe-frontale-silva-terra-scout-h\/","title":{"rendered":"Lampe frontale silva Terra Scout H"},"content":{"rendered":"<p>Terra Scout H est fabriqu\u00e9e \u00e0 partir de chanvre et de plastique recycl\u00e9 : une lampe frontale durable, l\u00e9g\u00e8re et utile pour vos aventures quotidiennes en plein air. Terra Scout H dispose de 350 lumens, d&rsquo;un mode vision nocturne, d&rsquo;une \u00e9tanch\u00e9it\u00e9 IPX5, d&rsquo;un indicateur de batterie faible et d&rsquo;une technologie hybride, ce qui signifie que le compartiment \u00e0 piles peut accueillir \u00e0 la fois la batterie rechargeable Silva Hybrid (1,25 Ah\/4,6 Wh) et les piles AAA standard compatibles.<\/p>\n<p>MAT\u00c9RIAUX DURABLES<br \/>\nChoisissez un avenir meilleur avec la Terra Scout H, plus durable. Cette lampe frontale est fabriqu\u00e9e \u00e0 partir de fibres v\u00e9g\u00e9tales issues de chanvre et de plastique recycl\u00e9 &#8211; un mat\u00e9riau dont l&#8217;empreinte carbone est jusqu&rsquo;\u00e0 90 % inf\u00e9rieure \u00e0 celle des plastiques conventionnels.<\/p>\n<p>DEUX COULEURS DE LUMI\u00c8RE LED<br \/>\nTerra Scout H est dot\u00e9 de deux lumi\u00e8res LED, une blanche et une rouge. La lumi\u00e8re blanche est la lumi\u00e8re standard pour les activit\u00e9s de plein air, la lecture et l&rsquo;utilisation quotidienne, tandis que la lumi\u00e8re rouge aide \u00e0 maintenir votre vision nocturne.<\/p>\n<p>FACILE \u00c0 UTILISER<br \/>\nCette lampe frontale est facile \u00e0 utiliser. Le grand bouton marche\/arr\u00eat permet d&rsquo;utiliser la lampe m\u00eame avec des gants, et l&rsquo;indicateur de niveau de batterie fournit des informations sur l&rsquo;\u00e9tat de charge restant lorsqu&rsquo;elle est \u00e9teinte. De plus, Terra Scout H est \u00e9tanche selon la norme IPX5. Le faible poids de la lampe frontale et le large arceau assurent un haut niveau de confort m\u00eame lors de longues randonn\u00e9es et activit\u00e9s.<\/p>\n<p>TECHNOLOGIE HYRBIDE<br \/>\nLe compartiment \u00e0 piles de la s\u00e9rie Terra Scout est \u00e9quip\u00e9 \u00e0 la fois de piles AAA et de la batterie hybride Silva 1,25 Ah (4,6 Wh) incluse dans ce mod\u00e8le.<\/p>\n<p>SILVA TERRA \u2013 R\u00c9UTILISER, R\u00c9DUIRE, RECYCLER<br \/>\nTerra signifie terre et les produits labellis\u00e9s Silva Terra ont un impact environnemental moindre. Nous aspirons \u00e0 un avenir meilleur et Silva Terra est notre plan pour y parvenir. Notre strat\u00e9gie est facile \u00e0 comprendre et \u00e0 conna\u00eetre : r\u00e9utiliser, r\u00e9duire, recycler. Silva Terra est notre engagement et notre contribution \u00e0 l&rsquo;avenir. Pas \u00e0 pas, produit par produit.<\/p>\n<p>Caract\u00e9ristiques:<br \/>\nMode Max: 350&nbsp;lm \/ 3&nbsp;h d&rsquo;autonomie \/ port\u00e9e lumineuse de 65&nbsp;m<br \/>\nMode Min: 50 lm \/ 25 h de dur\u00e9e de combustion \/ 30 m de port\u00e9e lumineuse<\/p>\n<p>Contenu de la livraison:<br \/>\nLampe frontale incluse<br \/>\nBandeau<br \/>\nBatterie rechargeable hybride Silva 1,25 Ah (4,6 Wh)<br \/>\nC\u00e2ble de chargement USB<br \/>\nGuide de d\u00e9marrage rapide<\/p>\n","protected":false},"excerpt":{"rendered":"<p>Terra Scout H est fabriqu\u00e9e \u00e0 partir de chanvre et de plastique recycl\u00e9 : une lampe frontale durable, l\u00e9g\u00e8re et utile pour vos aventures quotidiennes en plein air. Terra Scout H dispose de 350 lumens, d&rsquo;un mode vision nocturne, d&rsquo;une \u00e9tanch\u00e9it\u00e9 IPX5, d&rsquo;un indicateur de batterie faible et d&rsquo;une technologie hybride, ce qui signifie que [&hellip;]<\/p>\n","protected":false},"featured_media":207010,"template":"","meta":{"_acf_changed":false},"product_featured_cat":[],"product_brand":[5239],"product_cat":[4373],"product_tag":[],"class_list":{"0":"post-196849","1":"product","2":"type-product","3":"status-publish","4":"has-post-thumbnail","6":"product_brand-silva","7":"product_cat-lampes-frontales","9":"first","10":"instock","11":"taxable","12":"shipping-taxable","13":"purchasable","14":"product-type-simple"},"acf":[],"yoast_head":"<!-- This site is optimized with the Yoast SEO plugin v27.4 - https:\/\/yoast.com\/product\/yoast-seo-wordpress\/ -->\n<title>Lampe frontale silva Terra Scout H - Bantam Wankm\u00fcller SA<\/title>\n<meta name=\"robots\" content=\"index, follow, max-snippet:-1, max-image-preview:large, max-video-preview:-1\" \/>\n<link rel=\"canonical\" href=\"https:\/\/shop.bantam.ch\/fr\/produit\/lampe-frontale-silva-terra-scout-h\/\" \/>\n<meta property=\"og:locale\" content=\"fr_FR\" \/>\n<meta property=\"og:type\" content=\"article\" \/>\n<meta property=\"og:title\" content=\"Lampe frontale silva Terra Scout H - Bantam Wankm\u00fcller SA\" \/>\n<meta property=\"og:description\" content=\"Terra Scout H est fabriqu\u00e9e \u00e0 partir de chanvre et de plastique recycl\u00e9 : une lampe frontale durable, l\u00e9g\u00e8re et utile pour vos aventures quotidiennes en plein air. Terra Scout H dispose de 350 lumens, d&rsquo;un mode vision nocturne, d&rsquo;une \u00e9tanch\u00e9it\u00e9 IPX5, d&rsquo;un indicateur de batterie faible et d&rsquo;une technologie hybride, ce qui signifie que [&hellip;]\" \/>\n<meta property=\"og:url\" content=\"https:\/\/shop.bantam.ch\/fr\/produit\/lampe-frontale-silva-terra-scout-h\/\" \/>\n<meta property=\"og:site_name\" content=\"Bantam Wankm\u00fcller SA\" \/>\n<meta property=\"article:modified_time\" content=\"2026-04-19T21:13:58+00:00\" \/>\n<meta property=\"og:image\" content=\"https:\/\/shop.bantam.ch\/wp-content\/uploads\/2024\/09\/Movera-L-9962094100.jpg\" \/>\n\t<meta property=\"og:image:width\" content=\"640\" \/>\n\t<meta property=\"og:image:height\" content=\"640\" \/>\n\t<meta property=\"og:image:type\" content=\"image\/jpeg\" \/>\n<meta name=\"twitter:card\" content=\"summary_large_image\" \/>\n<meta name=\"twitter:label1\" content=\"Dur\u00e9e de lecture estim\u00e9e\" \/>\n\t<meta name=\"twitter:data1\" content=\"2 minutes\" \/>\n<script type=\"application\/ld+json\" class=\"yoast-schema-graph\">{\"@context\":\"https:\\\/\\\/schema.org\",\"@graph\":[{\"@type\":\"WebPage\",\"@id\":\"https:\\\/\\\/shop.bantam.ch\\\/fr\\\/produit\\\/lampe-frontale-silva-terra-scout-h\\\/\",\"url\":\"https:\\\/\\\/shop.bantam.ch\\\/fr\\\/produit\\\/lampe-frontale-silva-terra-scout-h\\\/\",\"name\":\"Lampe frontale silva Terra Scout H - Bantam Wankm\u00fcller SA\",\"isPartOf\":{\"@id\":\"https:\\\/\\\/shop.bantam.ch\\\/fr\\\/#website\"},\"primaryImageOfPage\":{\"@id\":\"https:\\\/\\\/shop.bantam.ch\\\/fr\\\/produit\\\/lampe-frontale-silva-terra-scout-h\\\/#primaryimage\"},\"image\":{\"@id\":\"https:\\\/\\\/shop.bantam.ch\\\/fr\\\/produit\\\/lampe-frontale-silva-terra-scout-h\\\/#primaryimage\"},\"thumbnailUrl\":\"https:\\\/\\\/shop.bantam.ch\\\/wp-content\\\/uploads\\\/2024\\\/09\\\/Movera-L-9962094100.jpg\",\"datePublished\":\"2024-05-15T14:09:14+00:00\",\"dateModified\":\"2026-04-19T21:13:58+00:00\",\"breadcrumb\":{\"@id\":\"https:\\\/\\\/shop.bantam.ch\\\/fr\\\/produit\\\/lampe-frontale-silva-terra-scout-h\\\/#breadcrumb\"},\"inLanguage\":\"fr-FR\",\"potentialAction\":[{\"@type\":\"ReadAction\",\"target\":[\"https:\\\/\\\/shop.bantam.ch\\\/fr\\\/produit\\\/lampe-frontale-silva-terra-scout-h\\\/\"]}]},{\"@type\":\"ImageObject\",\"inLanguage\":\"fr-FR\",\"@id\":\"https:\\\/\\\/shop.bantam.ch\\\/fr\\\/produit\\\/lampe-frontale-silva-terra-scout-h\\\/#primaryimage\",\"url\":\"https:\\\/\\\/shop.bantam.ch\\\/wp-content\\\/uploads\\\/2024\\\/09\\\/Movera-L-9962094100.jpg\",\"contentUrl\":\"https:\\\/\\\/shop.bantam.ch\\\/wp-content\\\/uploads\\\/2024\\\/09\\\/Movera-L-9962094100.jpg\",\"width\":640,\"height\":640},{\"@type\":\"BreadcrumbList\",\"@id\":\"https:\\\/\\\/shop.bantam.ch\\\/fr\\\/produit\\\/lampe-frontale-silva-terra-scout-h\\\/#breadcrumb\",\"itemListElement\":[{\"@type\":\"ListItem\",\"position\":1,\"name\":\"Accueil\",\"item\":\"https:\\\/\\\/shop.bantam.ch\\\/fr\\\/\"},{\"@type\":\"ListItem\",\"position\":2,\"name\":\"Boutique\",\"item\":\"https:\\\/\\\/shop.bantam.ch\\\/fr\\\/boutique\\\/\"},{\"@type\":\"ListItem\",\"position\":3,\"name\":\"Lampe frontale silva Terra Scout H\"}]},{\"@type\":\"WebSite\",\"@id\":\"https:\\\/\\\/shop.bantam.ch\\\/fr\\\/#website\",\"url\":\"https:\\\/\\\/shop.bantam.ch\\\/fr\\\/\",\"name\":\"Bantam Wankm\u00fcller SA\",\"description\":\"\",\"publisher\":{\"@id\":\"https:\\\/\\\/shop.bantam.ch\\\/fr\\\/#organization\"},\"inLanguage\":\"fr-FR\"},{\"@type\":\"Organization\",\"@id\":\"https:\\\/\\\/shop.bantam.ch\\\/fr\\\/#organization\",\"name\":\"Bantam Wankm\u00fcller SA\",\"url\":\"https:\\\/\\\/shop.bantam.ch\\\/fr\\\/\",\"logo\":{\"@type\":\"ImageObject\",\"inLanguage\":\"fr-FR\",\"@id\":\"https:\\\/\\\/shop.bantam.ch\\\/fr\\\/#\\\/schema\\\/logo\\\/image\\\/\",\"url\":\"https:\\\/\\\/shop.bantam.ch\\\/wp-content\\\/uploads\\\/2022\\\/12\\\/bantam-logo.png\",\"contentUrl\":\"https:\\\/\\\/shop.bantam.ch\\\/wp-content\\\/uploads\\\/2022\\\/12\\\/bantam-logo.png\",\"width\":320,\"height\":71,\"caption\":\"Bantam Wankm\u00fcller SA\"},\"image\":{\"@id\":\"https:\\\/\\\/shop.bantam.ch\\\/fr\\\/#\\\/schema\\\/logo\\\/image\\\/\"}}]}<\/script>\n<!-- \/ Yoast SEO plugin. -->","yoast_head_json":{"title":"Lampe frontale silva Terra Scout H - Bantam Wankm\u00fcller SA","robots":{"index":"index","follow":"follow","max-snippet":"max-snippet:-1","max-image-preview":"max-image-preview:large","max-video-preview":"max-video-preview:-1"},"canonical":"https:\/\/shop.bantam.ch\/fr\/produit\/lampe-frontale-silva-terra-scout-h\/","og_locale":"fr_FR","og_type":"article","og_title":"Lampe frontale silva Terra Scout H - Bantam Wankm\u00fcller SA","og_description":"Terra Scout H est fabriqu\u00e9e \u00e0 partir de chanvre et de plastique recycl\u00e9 : une lampe frontale durable, l\u00e9g\u00e8re et utile pour vos aventures quotidiennes en plein air. Terra Scout H dispose de 350 lumens, d&rsquo;un mode vision nocturne, d&rsquo;une \u00e9tanch\u00e9it\u00e9 IPX5, d&rsquo;un indicateur de batterie faible et d&rsquo;une technologie hybride, ce qui signifie que [&hellip;]","og_url":"https:\/\/shop.bantam.ch\/fr\/produit\/lampe-frontale-silva-terra-scout-h\/","og_site_name":"Bantam Wankm\u00fcller SA","article_modified_time":"2026-04-19T21:13:58+00:00","og_image":[{"width":640,"height":640,"url":"https:\/\/shop.bantam.ch\/wp-content\/uploads\/2024\/09\/Movera-L-9962094100.jpg","type":"image\/jpeg"}],"twitter_card":"summary_large_image","twitter_misc":{"Dur\u00e9e de lecture estim\u00e9e":"2 minutes"},"schema":{"@context":"https:\/\/schema.org","@graph":[{"@type":"WebPage","@id":"https:\/\/shop.bantam.ch\/fr\/produit\/lampe-frontale-silva-terra-scout-h\/","url":"https:\/\/shop.bantam.ch\/fr\/produit\/lampe-frontale-silva-terra-scout-h\/","name":"Lampe frontale silva Terra Scout H - Bantam Wankm\u00fcller SA","isPartOf":{"@id":"https:\/\/shop.bantam.ch\/fr\/#website"},"primaryImageOfPage":{"@id":"https:\/\/shop.bantam.ch\/fr\/produit\/lampe-frontale-silva-terra-scout-h\/#primaryimage"},"image":{"@id":"https:\/\/shop.bantam.ch\/fr\/produit\/lampe-frontale-silva-terra-scout-h\/#primaryimage"},"thumbnailUrl":"https:\/\/shop.bantam.ch\/wp-content\/uploads\/2024\/09\/Movera-L-9962094100.jpg","datePublished":"2024-05-15T14:09:14+00:00","dateModified":"2026-04-19T21:13:58+00:00","breadcrumb":{"@id":"https:\/\/shop.bantam.ch\/fr\/produit\/lampe-frontale-silva-terra-scout-h\/#breadcrumb"},"inLanguage":"fr-FR","potentialAction":[{"@type":"ReadAction","target":["https:\/\/shop.bantam.ch\/fr\/produit\/lampe-frontale-silva-terra-scout-h\/"]}]},{"@type":"ImageObject","inLanguage":"fr-FR","@id":"https:\/\/shop.bantam.ch\/fr\/produit\/lampe-frontale-silva-terra-scout-h\/#primaryimage","url":"https:\/\/shop.bantam.ch\/wp-content\/uploads\/2024\/09\/Movera-L-9962094100.jpg","contentUrl":"https:\/\/shop.bantam.ch\/wp-content\/uploads\/2024\/09\/Movera-L-9962094100.jpg","width":640,"height":640},{"@type":"BreadcrumbList","@id":"https:\/\/shop.bantam.ch\/fr\/produit\/lampe-frontale-silva-terra-scout-h\/#breadcrumb","itemListElement":[{"@type":"ListItem","position":1,"name":"Accueil","item":"https:\/\/shop.bantam.ch\/fr\/"},{"@type":"ListItem","position":2,"name":"Boutique","item":"https:\/\/shop.bantam.ch\/fr\/boutique\/"},{"@type":"ListItem","position":3,"name":"Lampe frontale silva Terra Scout H"}]},{"@type":"WebSite","@id":"https:\/\/shop.bantam.ch\/fr\/#website","url":"https:\/\/shop.bantam.ch\/fr\/","name":"Bantam Wankm\u00fcller SA","description":"","publisher":{"@id":"https:\/\/shop.bantam.ch\/fr\/#organization"},"inLanguage":"fr-FR"},{"@type":"Organization","@id":"https:\/\/shop.bantam.ch\/fr\/#organization","name":"Bantam Wankm\u00fcller SA","url":"https:\/\/shop.bantam.ch\/fr\/","logo":{"@type":"ImageObject","inLanguage":"fr-FR","@id":"https:\/\/shop.bantam.ch\/fr\/#\/schema\/logo\/image\/","url":"https:\/\/shop.bantam.ch\/wp-content\/uploads\/2022\/12\/bantam-logo.png","contentUrl":"https:\/\/shop.bantam.ch\/wp-content\/uploads\/2022\/12\/bantam-logo.png","width":320,"height":71,"caption":"Bantam Wankm\u00fcller SA"},"image":{"@id":"https:\/\/shop.bantam.ch\/fr\/#\/schema\/logo\/image\/"}}]}},"_links":{"self":[{"href":"https:\/\/shop.bantam.ch\/fr\/wp-json\/wp\/v2\/product\/196849","targetHints":{"allow":["GET"]}}],"collection":[{"href":"https:\/\/shop.bantam.ch\/fr\/wp-json\/wp\/v2\/product"}],"about":[{"href":"https:\/\/shop.bantam.ch\/fr\/wp-json\/wp\/v2\/types\/product"}],"wp:featuredmedia":[{"embeddable":true,"href":"https:\/\/shop.bantam.ch\/fr\/wp-json\/wp\/v2\/media\/207010"}],"wp:attachment":[{"href":"https:\/\/shop.bantam.ch\/fr\/wp-json\/wp\/v2\/media?parent=196849"}],"wp:term":[{"taxonomy":"product_featured_cat","embeddable":true,"href":"https:\/\/shop.bantam.ch\/fr\/wp-json\/wp\/v2\/product_featured_cat?post=196849"},{"taxonomy":"product_brand","embeddable":true,"href":"https:\/\/shop.bantam.ch\/fr\/wp-json\/wp\/v2\/product_brand?post=196849"},{"taxonomy":"product_cat","embeddable":true,"href":"https:\/\/shop.bantam.ch\/fr\/wp-json\/wp\/v2\/product_cat?post=196849"},{"taxonomy":"product_tag","embeddable":true,"href":"https:\/\/shop.bantam.ch\/fr\/wp-json\/wp\/v2\/product_tag?post=196849"}],"curies":[{"name":"wp","href":"https:\/\/api.w.org\/{rel}","templated":true}]}}