{"id":196837,"date":"2024-05-15T16:09:06","date_gmt":"2024-05-15T14:09:06","guid":{"rendered":"https:\/\/shop.bantam.ch\/produit\/lampe-frontale-silv-explore-4rc\/"},"modified":"2026-05-10T23:07:39","modified_gmt":"2026-05-10T21:07:39","slug":"lampe-frontale-silv-explore-4rc","status":"publish","type":"product","link":"https:\/\/shop.bantam.ch\/fr\/produit\/lampe-frontale-silv-explore-4rc\/","title":{"rendered":"Lampe frontale silv Explore 4RC"},"content":{"rendered":"<p>Explore 4RC est une lampe frontale durable et enti\u00e8rement \u00e9tanche, parfaite pour les activit\u00e9s de plein air sur terre et sur l&rsquo;eau. L&rsquo;Explore 4RC a une luminosit\u00e9 de 400 lumens et une batterie LiPo 700 mAh rechargeable int\u00e9gr\u00e9e avec chargement USB. De plus, il dispose d&rsquo;options de montage flexibles, de trois couleurs de LED diff\u00e9rentes (blanc, orange et rouge) et d&rsquo;un signal clignotant SOS en cas d&rsquo;urgence. Explore est tout simplement un compagnon fiable pour l&rsquo;humidit\u00e9 et la s\u00e9cheresse.<\/p>\n<p>FONCTIONS D&rsquo;\u00c9CLAIRAGE WICHTIGE<br \/>\nVous aimez les activit\u00e9s de plein air comme la randonn\u00e9e, l&rsquo;escalade ou l&rsquo;alpinisme ? Ou du kayak ou de la voile ? Dann ist die die Strlampe f\u00fcr Sie. Explorez 4RC livr\u00e9 avec trois couleurs de LED diff\u00e9rentes&nbsp;; Wei\u00df, Rot et Orange, qui remplissent toutes les diff\u00e9rentes fonctions. La lumi\u00e8re blanche a une luminosit\u00e9 de 400 lumens et convient \u00e0 la plupart des activit\u00e9s o\u00f9 vous souhaitez voir ce qui vous entoure. Das rote Licht schont die Augen, bewahrt die Nachtsicht et eigent sich parfait, wenn Sie nachts aufstehen m\u00fcssen etere nicht st\u00f6ren m\u00f6chten, par exemple wenn Sie leben Sie Bergh\u00fctten ou \u00e0 Zelten. La lumi\u00e8re orange est id\u00e9ale pour les cartes de visite, pour les marques rouges, par exemple pour la navigation au bord de la mer.<br \/>\nLes lampes Explore ont 400 lumens de luminosit\u00e9 et trois modes d&rsquo;\u00e9clairage diff\u00e9rents, dont l&rsquo;un est ce qu&rsquo;on appelle le mode Super Low, avec seulement 10 lumens. Dieser Lichtmodus offre la possibilit\u00e9 d&rsquo;\u00e9conomiser la batterie, mais il est \u00e9galement parfait pour lire ou lorsque vous souhaitez travailler sur quelque chose \u00e0 proximit\u00e9 avec la lampe frontale. Lorsque vous utilisez une lampe de tente ou une lampe d&rsquo;amor\u00e7age, vous pouvez utiliser la lampe d&rsquo;\u00e9clairage vers les articles d&rsquo;\u00e9clairage mitgelieferten et les interrompre de mani\u00e8re \u00e0 ce qu&rsquo;elles soient correctement install\u00e9es. Si vous \u00eates au cours de votre voyage \u2013 si vous \u00eates un voyageur, un voyage, un voyage ou une lettre audacieuse \u2013 vous pourrez vous rendre \u00e0 cette lampe de poche de la route.<br \/>\nSollte es zu einem Fall kommen, Verf\u00fctt Explore \u00fcber un SOS-Blinklight int\u00e9gr\u00e9, the \u00fcber die Ein-\/Aus-Taste wird activitet. Ce signal est la norme internationale pour les choses et les choses.<\/p>\n<p>WASSERDICHT ET FLEXIBEL<br \/>\nExplorez le monde pour tous les int\u00e9r\u00eats, les activit\u00e9s des Abenteuer, le monde et le pays aussi auch auf dem Wasser. Elles sont 100% \u00e9tanches selon la norme IPX7, ce qui signifie que la lampe frontale, si vous la laissez tomber dans l&rsquo;eau, tiendra jusqu&rsquo;\u00e0 30 minutes dans l&rsquo;eau \u00e0 une profondeur de 1 m\u00e8tre. C&rsquo;est \u00e9galement un guide d&rsquo;aventure particuli\u00e8rement s\u00e9curisant pour les activit\u00e9s nautiques comme la p\u00eache \u00e0 la mouche, le kayak, le SUP ou la voile.<\/p>\n<p>Avec les mitgelieferten G\u00fcrtel-\/Helmhalterung vous pouvez avoir la lumi\u00e8re du bracelet et un casque, G\u00fcrtel ou votre sac \u00e0 dos.<br \/>\nChoisissez l&rsquo;Explore 4RC si vous souhaitez utiliser la lampe frontale fr\u00e9quemment et souhaitez une lampe frontale avec une batterie rechargeable.<\/p>\n<p>Propri\u00e9t\u00e9s propres&nbsp;:<br \/>\nMode maximum : 400 lm \/ 2 h 30 min Brenndauer \/ 85 m Leuchtweite<br \/>\nMode Mit : 200 lm \/ 3 h 30 min Brenndauer \/ 80 m Leuchtweite<br \/>\nMode min : 10 lm \/ 15 h Brenndauer \/ 8 m Leuchtweite<\/p>\n<p>Contenu de la livraison :<br \/>\nY compris lampe frontale<br \/>\nBande de Kopf<br \/>\nSac de rangement<br \/>\nHalt\u00e9rophilie<br \/>\n3M-Kl\u00e9ber<br \/>\nC\u00e2ble USB<br \/>\nManuel d&rsquo;utilisation<\/p>\n","protected":false},"excerpt":{"rendered":"<p>Explore 4RC est une lampe frontale durable et enti\u00e8rement \u00e9tanche, parfaite pour les activit\u00e9s de plein air sur terre et sur l&rsquo;eau. L&rsquo;Explore 4RC a une luminosit\u00e9 de 400 lumens et une batterie LiPo 700 mAh rechargeable int\u00e9gr\u00e9e avec chargement USB. De plus, il dispose d&rsquo;options de montage flexibles, de trois couleurs de LED diff\u00e9rentes [&hellip;]<\/p>\n","protected":false},"featured_media":207008,"template":"","meta":{"_acf_changed":false},"product_featured_cat":[],"product_brand":[5239],"product_cat":[4373],"product_tag":[],"class_list":{"0":"post-196837","1":"product","2":"type-product","3":"status-publish","4":"has-post-thumbnail","6":"product_brand-silva","7":"product_cat-lampes-frontales","9":"first","10":"instock","11":"taxable","12":"shipping-taxable","13":"purchasable","14":"product-type-simple"},"acf":[],"yoast_head":"<!-- This site is optimized with the Yoast SEO plugin v27.5 - https:\/\/yoast.com\/product\/yoast-seo-wordpress\/ -->\n<title>Lampe frontale silv Explore 4RC - Bantam<\/title>\n<meta name=\"robots\" content=\"index, follow, max-snippet:-1, max-image-preview:large, max-video-preview:-1\" \/>\n<link rel=\"canonical\" href=\"https:\/\/shop.bantam.ch\/fr\/produit\/lampe-frontale-silv-explore-4rc\/\" \/>\n<meta property=\"og:locale\" content=\"fr_FR\" \/>\n<meta property=\"og:type\" content=\"article\" \/>\n<meta property=\"og:title\" content=\"Lampe frontale silv Explore 4RC - Bantam\" \/>\n<meta property=\"og:description\" content=\"Explore 4RC est une lampe frontale durable et enti\u00e8rement \u00e9tanche, parfaite pour les activit\u00e9s de plein air sur terre et sur l&rsquo;eau. L&rsquo;Explore 4RC a une luminosit\u00e9 de 400 lumens et une batterie LiPo 700 mAh rechargeable int\u00e9gr\u00e9e avec chargement USB. De plus, il dispose d&rsquo;options de montage flexibles, de trois couleurs de LED diff\u00e9rentes [&hellip;]\" \/>\n<meta property=\"og:url\" content=\"https:\/\/shop.bantam.ch\/fr\/produit\/lampe-frontale-silv-explore-4rc\/\" \/>\n<meta property=\"og:site_name\" content=\"Bantam\" \/>\n<meta property=\"article:modified_time\" content=\"2026-05-10T21:07:39+00:00\" \/>\n<meta property=\"og:image\" content=\"https:\/\/shop.bantam.ch\/wp-content\/uploads\/2024\/09\/Movera-L-9962093100.jpg\" \/>\n\t<meta property=\"og:image:width\" content=\"640\" \/>\n\t<meta property=\"og:image:height\" content=\"640\" \/>\n\t<meta property=\"og:image:type\" content=\"image\/jpeg\" \/>\n<meta name=\"twitter:card\" content=\"summary_large_image\" \/>\n<meta name=\"twitter:label1\" content=\"Dur\u00e9e de lecture estim\u00e9e\" \/>\n\t<meta name=\"twitter:data1\" content=\"3 minutes\" \/>\n<script type=\"application\/ld+json\" class=\"yoast-schema-graph\">{\"@context\":\"https:\\\/\\\/schema.org\",\"@graph\":[{\"@type\":\"WebPage\",\"@id\":\"https:\\\/\\\/shop.bantam.ch\\\/fr\\\/produit\\\/lampe-frontale-silv-explore-4rc\\\/\",\"url\":\"https:\\\/\\\/shop.bantam.ch\\\/fr\\\/produit\\\/lampe-frontale-silv-explore-4rc\\\/\",\"name\":\"Lampe frontale silv Explore 4RC - Bantam\",\"isPartOf\":{\"@id\":\"https:\\\/\\\/shop.bantam.ch\\\/fr\\\/#website\"},\"primaryImageOfPage\":{\"@id\":\"https:\\\/\\\/shop.bantam.ch\\\/fr\\\/produit\\\/lampe-frontale-silv-explore-4rc\\\/#primaryimage\"},\"image\":{\"@id\":\"https:\\\/\\\/shop.bantam.ch\\\/fr\\\/produit\\\/lampe-frontale-silv-explore-4rc\\\/#primaryimage\"},\"thumbnailUrl\":\"https:\\\/\\\/shop.bantam.ch\\\/wp-content\\\/uploads\\\/2024\\\/09\\\/Movera-L-9962093100.jpg\",\"datePublished\":\"2024-05-15T14:09:06+00:00\",\"dateModified\":\"2026-05-10T21:07:39+00:00\",\"breadcrumb\":{\"@id\":\"https:\\\/\\\/shop.bantam.ch\\\/fr\\\/produit\\\/lampe-frontale-silv-explore-4rc\\\/#breadcrumb\"},\"inLanguage\":\"fr-FR\",\"potentialAction\":[{\"@type\":\"ReadAction\",\"target\":[\"https:\\\/\\\/shop.bantam.ch\\\/fr\\\/produit\\\/lampe-frontale-silv-explore-4rc\\\/\"]}]},{\"@type\":\"ImageObject\",\"inLanguage\":\"fr-FR\",\"@id\":\"https:\\\/\\\/shop.bantam.ch\\\/fr\\\/produit\\\/lampe-frontale-silv-explore-4rc\\\/#primaryimage\",\"url\":\"https:\\\/\\\/shop.bantam.ch\\\/wp-content\\\/uploads\\\/2024\\\/09\\\/Movera-L-9962093100.jpg\",\"contentUrl\":\"https:\\\/\\\/shop.bantam.ch\\\/wp-content\\\/uploads\\\/2024\\\/09\\\/Movera-L-9962093100.jpg\",\"width\":640,\"height\":640},{\"@type\":\"BreadcrumbList\",\"@id\":\"https:\\\/\\\/shop.bantam.ch\\\/fr\\\/produit\\\/lampe-frontale-silv-explore-4rc\\\/#breadcrumb\",\"itemListElement\":[{\"@type\":\"ListItem\",\"position\":1,\"name\":\"Accueil\",\"item\":\"https:\\\/\\\/shop.bantam.ch\\\/fr\\\/\"},{\"@type\":\"ListItem\",\"position\":2,\"name\":\"Boutique\",\"item\":\"https:\\\/\\\/shop.bantam.ch\\\/fr\\\/boutique\\\/\"},{\"@type\":\"ListItem\",\"position\":3,\"name\":\"Lampe frontale silv Explore 4RC\"}]},{\"@type\":\"WebSite\",\"@id\":\"https:\\\/\\\/shop.bantam.ch\\\/fr\\\/#website\",\"url\":\"https:\\\/\\\/shop.bantam.ch\\\/fr\\\/\",\"name\":\"Bantam\",\"description\":\"\",\"publisher\":{\"@id\":\"https:\\\/\\\/shop.bantam.ch\\\/fr\\\/#organization\"},\"inLanguage\":\"fr-FR\"},{\"@type\":\"Organization\",\"@id\":\"https:\\\/\\\/shop.bantam.ch\\\/fr\\\/#organization\",\"name\":\"Bantam\",\"url\":\"https:\\\/\\\/shop.bantam.ch\\\/fr\\\/\",\"logo\":{\"@type\":\"ImageObject\",\"inLanguage\":\"fr-FR\",\"@id\":\"https:\\\/\\\/shop.bantam.ch\\\/fr\\\/#\\\/schema\\\/logo\\\/image\\\/\",\"url\":\"https:\\\/\\\/shop.bantam.ch\\\/wp-content\\\/uploads\\\/2022\\\/12\\\/bantam-logo.png\",\"contentUrl\":\"https:\\\/\\\/shop.bantam.ch\\\/wp-content\\\/uploads\\\/2022\\\/12\\\/bantam-logo.png\",\"width\":320,\"height\":71,\"caption\":\"Bantam\"},\"image\":{\"@id\":\"https:\\\/\\\/shop.bantam.ch\\\/fr\\\/#\\\/schema\\\/logo\\\/image\\\/\"}}]}<\/script>\n<!-- \/ Yoast SEO plugin. -->","yoast_head_json":{"title":"Lampe frontale silv Explore 4RC - Bantam","robots":{"index":"index","follow":"follow","max-snippet":"max-snippet:-1","max-image-preview":"max-image-preview:large","max-video-preview":"max-video-preview:-1"},"canonical":"https:\/\/shop.bantam.ch\/fr\/produit\/lampe-frontale-silv-explore-4rc\/","og_locale":"fr_FR","og_type":"article","og_title":"Lampe frontale silv Explore 4RC - Bantam","og_description":"Explore 4RC est une lampe frontale durable et enti\u00e8rement \u00e9tanche, parfaite pour les activit\u00e9s de plein air sur terre et sur l&rsquo;eau. L&rsquo;Explore 4RC a une luminosit\u00e9 de 400 lumens et une batterie LiPo 700 mAh rechargeable int\u00e9gr\u00e9e avec chargement USB. De plus, il dispose d&rsquo;options de montage flexibles, de trois couleurs de LED diff\u00e9rentes [&hellip;]","og_url":"https:\/\/shop.bantam.ch\/fr\/produit\/lampe-frontale-silv-explore-4rc\/","og_site_name":"Bantam","article_modified_time":"2026-05-10T21:07:39+00:00","og_image":[{"width":640,"height":640,"url":"https:\/\/shop.bantam.ch\/wp-content\/uploads\/2024\/09\/Movera-L-9962093100.jpg","type":"image\/jpeg"}],"twitter_card":"summary_large_image","twitter_misc":{"Dur\u00e9e de lecture estim\u00e9e":"3 minutes"},"schema":{"@context":"https:\/\/schema.org","@graph":[{"@type":"WebPage","@id":"https:\/\/shop.bantam.ch\/fr\/produit\/lampe-frontale-silv-explore-4rc\/","url":"https:\/\/shop.bantam.ch\/fr\/produit\/lampe-frontale-silv-explore-4rc\/","name":"Lampe frontale silv Explore 4RC - Bantam","isPartOf":{"@id":"https:\/\/shop.bantam.ch\/fr\/#website"},"primaryImageOfPage":{"@id":"https:\/\/shop.bantam.ch\/fr\/produit\/lampe-frontale-silv-explore-4rc\/#primaryimage"},"image":{"@id":"https:\/\/shop.bantam.ch\/fr\/produit\/lampe-frontale-silv-explore-4rc\/#primaryimage"},"thumbnailUrl":"https:\/\/shop.bantam.ch\/wp-content\/uploads\/2024\/09\/Movera-L-9962093100.jpg","datePublished":"2024-05-15T14:09:06+00:00","dateModified":"2026-05-10T21:07:39+00:00","breadcrumb":{"@id":"https:\/\/shop.bantam.ch\/fr\/produit\/lampe-frontale-silv-explore-4rc\/#breadcrumb"},"inLanguage":"fr-FR","potentialAction":[{"@type":"ReadAction","target":["https:\/\/shop.bantam.ch\/fr\/produit\/lampe-frontale-silv-explore-4rc\/"]}]},{"@type":"ImageObject","inLanguage":"fr-FR","@id":"https:\/\/shop.bantam.ch\/fr\/produit\/lampe-frontale-silv-explore-4rc\/#primaryimage","url":"https:\/\/shop.bantam.ch\/wp-content\/uploads\/2024\/09\/Movera-L-9962093100.jpg","contentUrl":"https:\/\/shop.bantam.ch\/wp-content\/uploads\/2024\/09\/Movera-L-9962093100.jpg","width":640,"height":640},{"@type":"BreadcrumbList","@id":"https:\/\/shop.bantam.ch\/fr\/produit\/lampe-frontale-silv-explore-4rc\/#breadcrumb","itemListElement":[{"@type":"ListItem","position":1,"name":"Accueil","item":"https:\/\/shop.bantam.ch\/fr\/"},{"@type":"ListItem","position":2,"name":"Boutique","item":"https:\/\/shop.bantam.ch\/fr\/boutique\/"},{"@type":"ListItem","position":3,"name":"Lampe frontale silv Explore 4RC"}]},{"@type":"WebSite","@id":"https:\/\/shop.bantam.ch\/fr\/#website","url":"https:\/\/shop.bantam.ch\/fr\/","name":"Bantam","description":"","publisher":{"@id":"https:\/\/shop.bantam.ch\/fr\/#organization"},"inLanguage":"fr-FR"},{"@type":"Organization","@id":"https:\/\/shop.bantam.ch\/fr\/#organization","name":"Bantam","url":"https:\/\/shop.bantam.ch\/fr\/","logo":{"@type":"ImageObject","inLanguage":"fr-FR","@id":"https:\/\/shop.bantam.ch\/fr\/#\/schema\/logo\/image\/","url":"https:\/\/shop.bantam.ch\/wp-content\/uploads\/2022\/12\/bantam-logo.png","contentUrl":"https:\/\/shop.bantam.ch\/wp-content\/uploads\/2022\/12\/bantam-logo.png","width":320,"height":71,"caption":"Bantam"},"image":{"@id":"https:\/\/shop.bantam.ch\/fr\/#\/schema\/logo\/image\/"}}]}},"_links":{"self":[{"href":"https:\/\/shop.bantam.ch\/fr\/wp-json\/wp\/v2\/product\/196837","targetHints":{"allow":["GET"]}}],"collection":[{"href":"https:\/\/shop.bantam.ch\/fr\/wp-json\/wp\/v2\/product"}],"about":[{"href":"https:\/\/shop.bantam.ch\/fr\/wp-json\/wp\/v2\/types\/product"}],"wp:featuredmedia":[{"embeddable":true,"href":"https:\/\/shop.bantam.ch\/fr\/wp-json\/wp\/v2\/media\/207008"}],"wp:attachment":[{"href":"https:\/\/shop.bantam.ch\/fr\/wp-json\/wp\/v2\/media?parent=196837"}],"wp:term":[{"taxonomy":"product_featured_cat","embeddable":true,"href":"https:\/\/shop.bantam.ch\/fr\/wp-json\/wp\/v2\/product_featured_cat?post=196837"},{"taxonomy":"product_brand","embeddable":true,"href":"https:\/\/shop.bantam.ch\/fr\/wp-json\/wp\/v2\/product_brand?post=196837"},{"taxonomy":"product_cat","embeddable":true,"href":"https:\/\/shop.bantam.ch\/fr\/wp-json\/wp\/v2\/product_cat?post=196837"},{"taxonomy":"product_tag","embeddable":true,"href":"https:\/\/shop.bantam.ch\/fr\/wp-json\/wp\/v2\/product_tag?post=196837"}],"curies":[{"name":"wp","href":"https:\/\/api.w.org\/{rel}","templated":true}]}}