{"id":196779,"date":"2024-05-15T16:07:28","date_gmt":"2024-05-15T14:07:28","guid":{"rendered":"https:\/\/shop.bantam.ch\/produit\/sac-de-couchage-outwell-constellation-lux-double\/"},"modified":"2026-04-18T23:11:16","modified_gmt":"2026-04-18T21:11:16","slug":"sac-de-couchage-outwell-constellation-lux-double","status":"publish","type":"product","link":"https:\/\/shop.bantam.ch\/fr\/produit\/sac-de-couchage-outwell-constellation-lux-double\/","title":{"rendered":"Sac de couchage Outwell Constellation Lux Double"},"content":{"rendered":"<p>Un tissu ext\u00e9rieur bross\u00e9 r\u00e9sistant et ultra-doux, une doublure 100 % coton et un garnissage Isofill de qualit\u00e9 sup\u00e9rieure garantissent le meilleur confort de camping. Beaucoup d&rsquo;espace et la possibilit\u00e9 d&rsquo;ouvrir compl\u00e8tement la fermeture \u00e9clair pour former deux couettes.<\/p>\n<ul>\n<li>Protection du visage (Face Baffle)<\/li>\n<li>Se divise en deux poches individuelles \u00e0 l&rsquo;aide d&rsquo;une fermeture \u00e9clair (sans capuche).<\/li>\n<li>S&rsquo;ouvre compl\u00e8tement pour former deux couettes<\/li>\n<li>Sac de rangement carr\u00e9 avec possibilit\u00e9 de compression<\/li>\n<li>Capuche d\u00e9zippable<\/li>\n<li>Passants pour la fixation de la doublure int\u00e9rieure dans les coins<\/li>\n<li>Paroi de protection de la fermeture \u00e9clair sur toute la longueur<\/li>\n<li>Sans PFC<\/li>\n<\/ul>\n<p>Mat\u00e9riaux :<br \/>\nExt\u00e9rieur : 85 % polyester, 15 % nylon<br \/>\nRembourrage : 100 % polyester<br \/>\nInt\u00e9rieur : 100 % coton<\/p>\n","protected":false},"excerpt":{"rendered":"<p>Un tissu ext\u00e9rieur bross\u00e9 r\u00e9sistant et ultra-doux, une doublure 100 % coton et un garnissage Isofill de qualit\u00e9 sup\u00e9rieure garantissent le meilleur confort de camping. Beaucoup d&rsquo;espace et la possibilit\u00e9 d&rsquo;ouvrir compl\u00e8tement la fermeture \u00e9clair pour former deux couettes. Protection du visage (Face Baffle) Se divise en deux poches individuelles \u00e0 l&rsquo;aide d&rsquo;une fermeture \u00e9clair [&hellip;]<\/p>\n","protected":false},"featured_media":207002,"template":"","meta":{"_acf_changed":false},"product_featured_cat":[],"product_brand":[3296],"product_cat":[4453],"product_tag":[],"class_list":{"0":"post-196779","1":"product","2":"type-product","3":"status-publish","4":"has-post-thumbnail","6":"product_brand-outwell","7":"product_cat-sacs-de-couchage-couverture","9":"first","10":"instock","11":"taxable","12":"shipping-taxable","13":"purchasable","14":"product-type-simple"},"acf":[],"yoast_head":"<!-- This site is optimized with the Yoast SEO plugin v27.4 - https:\/\/yoast.com\/product\/yoast-seo-wordpress\/ -->\n<title>Sac de couchage Outwell Constellation Lux Double - Bantam Wankm\u00fcller SA<\/title>\n<meta name=\"robots\" content=\"index, follow, max-snippet:-1, max-image-preview:large, max-video-preview:-1\" \/>\n<link rel=\"canonical\" href=\"https:\/\/shop.bantam.ch\/fr\/produit\/sac-de-couchage-outwell-constellation-lux-double\/\" \/>\n<meta property=\"og:locale\" content=\"fr_FR\" \/>\n<meta property=\"og:type\" content=\"article\" \/>\n<meta property=\"og:title\" content=\"Sac de couchage Outwell Constellation Lux Double - Bantam Wankm\u00fcller SA\" \/>\n<meta property=\"og:description\" content=\"Un tissu ext\u00e9rieur bross\u00e9 r\u00e9sistant et ultra-doux, une doublure 100 % coton et un garnissage Isofill de qualit\u00e9 sup\u00e9rieure garantissent le meilleur confort de camping. Beaucoup d&rsquo;espace et la possibilit\u00e9 d&rsquo;ouvrir compl\u00e8tement la fermeture \u00e9clair pour former deux couettes. Protection du visage (Face Baffle) Se divise en deux poches individuelles \u00e0 l&rsquo;aide d&rsquo;une fermeture \u00e9clair [&hellip;]\" \/>\n<meta property=\"og:url\" content=\"https:\/\/shop.bantam.ch\/fr\/produit\/sac-de-couchage-outwell-constellation-lux-double\/\" \/>\n<meta property=\"og:site_name\" content=\"Bantam Wankm\u00fcller SA\" \/>\n<meta property=\"article:modified_time\" content=\"2026-04-18T21:11:16+00:00\" \/>\n<meta property=\"og:image\" content=\"https:\/\/shop.bantam.ch\/wp-content\/uploads\/2024\/05\/Movera-L-9962066100.jpg\" \/>\n\t<meta property=\"og:image:width\" content=\"640\" \/>\n\t<meta property=\"og:image:height\" content=\"360\" \/>\n\t<meta property=\"og:image:type\" content=\"image\/jpeg\" \/>\n<meta name=\"twitter:card\" content=\"summary_large_image\" \/>\n<meta name=\"twitter:label1\" content=\"Dur\u00e9e de lecture estim\u00e9e\" \/>\n\t<meta name=\"twitter:data1\" content=\"1 minute\" \/>\n<script type=\"application\/ld+json\" class=\"yoast-schema-graph\">{\"@context\":\"https:\\\/\\\/schema.org\",\"@graph\":[{\"@type\":\"WebPage\",\"@id\":\"https:\\\/\\\/shop.bantam.ch\\\/fr\\\/produit\\\/sac-de-couchage-outwell-constellation-lux-double\\\/\",\"url\":\"https:\\\/\\\/shop.bantam.ch\\\/fr\\\/produit\\\/sac-de-couchage-outwell-constellation-lux-double\\\/\",\"name\":\"Sac de couchage Outwell Constellation Lux Double - Bantam Wankm\u00fcller SA\",\"isPartOf\":{\"@id\":\"https:\\\/\\\/shop.bantam.ch\\\/fr\\\/#website\"},\"primaryImageOfPage\":{\"@id\":\"https:\\\/\\\/shop.bantam.ch\\\/fr\\\/produit\\\/sac-de-couchage-outwell-constellation-lux-double\\\/#primaryimage\"},\"image\":{\"@id\":\"https:\\\/\\\/shop.bantam.ch\\\/fr\\\/produit\\\/sac-de-couchage-outwell-constellation-lux-double\\\/#primaryimage\"},\"thumbnailUrl\":\"https:\\\/\\\/shop.bantam.ch\\\/wp-content\\\/uploads\\\/2024\\\/09\\\/Movera-L-9962066100.jpg\",\"datePublished\":\"2024-05-15T14:07:28+00:00\",\"dateModified\":\"2026-04-18T21:11:16+00:00\",\"breadcrumb\":{\"@id\":\"https:\\\/\\\/shop.bantam.ch\\\/fr\\\/produit\\\/sac-de-couchage-outwell-constellation-lux-double\\\/#breadcrumb\"},\"inLanguage\":\"fr-FR\",\"potentialAction\":[{\"@type\":\"ReadAction\",\"target\":[\"https:\\\/\\\/shop.bantam.ch\\\/fr\\\/produit\\\/sac-de-couchage-outwell-constellation-lux-double\\\/\"]}]},{\"@type\":\"ImageObject\",\"inLanguage\":\"fr-FR\",\"@id\":\"https:\\\/\\\/shop.bantam.ch\\\/fr\\\/produit\\\/sac-de-couchage-outwell-constellation-lux-double\\\/#primaryimage\",\"url\":\"https:\\\/\\\/shop.bantam.ch\\\/wp-content\\\/uploads\\\/2024\\\/09\\\/Movera-L-9962066100.jpg\",\"contentUrl\":\"https:\\\/\\\/shop.bantam.ch\\\/wp-content\\\/uploads\\\/2024\\\/09\\\/Movera-L-9962066100.jpg\",\"width\":640,\"height\":360},{\"@type\":\"BreadcrumbList\",\"@id\":\"https:\\\/\\\/shop.bantam.ch\\\/fr\\\/produit\\\/sac-de-couchage-outwell-constellation-lux-double\\\/#breadcrumb\",\"itemListElement\":[{\"@type\":\"ListItem\",\"position\":1,\"name\":\"Accueil\",\"item\":\"https:\\\/\\\/shop.bantam.ch\\\/fr\\\/\"},{\"@type\":\"ListItem\",\"position\":2,\"name\":\"Boutique\",\"item\":\"https:\\\/\\\/shop.bantam.ch\\\/fr\\\/boutique\\\/\"},{\"@type\":\"ListItem\",\"position\":3,\"name\":\"Sac de couchage Outwell Constellation Lux Double\"}]},{\"@type\":\"WebSite\",\"@id\":\"https:\\\/\\\/shop.bantam.ch\\\/fr\\\/#website\",\"url\":\"https:\\\/\\\/shop.bantam.ch\\\/fr\\\/\",\"name\":\"Bantam Wankm\u00fcller SA\",\"description\":\"\",\"publisher\":{\"@id\":\"https:\\\/\\\/shop.bantam.ch\\\/fr\\\/#organization\"},\"inLanguage\":\"fr-FR\"},{\"@type\":\"Organization\",\"@id\":\"https:\\\/\\\/shop.bantam.ch\\\/fr\\\/#organization\",\"name\":\"Bantam Wankm\u00fcller SA\",\"url\":\"https:\\\/\\\/shop.bantam.ch\\\/fr\\\/\",\"logo\":{\"@type\":\"ImageObject\",\"inLanguage\":\"fr-FR\",\"@id\":\"https:\\\/\\\/shop.bantam.ch\\\/fr\\\/#\\\/schema\\\/logo\\\/image\\\/\",\"url\":\"https:\\\/\\\/shop.bantam.ch\\\/wp-content\\\/uploads\\\/2022\\\/12\\\/bantam-logo.png\",\"contentUrl\":\"https:\\\/\\\/shop.bantam.ch\\\/wp-content\\\/uploads\\\/2022\\\/12\\\/bantam-logo.png\",\"width\":320,\"height\":71,\"caption\":\"Bantam Wankm\u00fcller SA\"},\"image\":{\"@id\":\"https:\\\/\\\/shop.bantam.ch\\\/fr\\\/#\\\/schema\\\/logo\\\/image\\\/\"}}]}<\/script>\n<!-- \/ Yoast SEO plugin. -->","yoast_head_json":{"title":"Sac de couchage Outwell Constellation Lux Double - Bantam Wankm\u00fcller SA","robots":{"index":"index","follow":"follow","max-snippet":"max-snippet:-1","max-image-preview":"max-image-preview:large","max-video-preview":"max-video-preview:-1"},"canonical":"https:\/\/shop.bantam.ch\/fr\/produit\/sac-de-couchage-outwell-constellation-lux-double\/","og_locale":"fr_FR","og_type":"article","og_title":"Sac de couchage Outwell Constellation Lux Double - Bantam Wankm\u00fcller SA","og_description":"Un tissu ext\u00e9rieur bross\u00e9 r\u00e9sistant et ultra-doux, une doublure 100 % coton et un garnissage Isofill de qualit\u00e9 sup\u00e9rieure garantissent le meilleur confort de camping. Beaucoup d&rsquo;espace et la possibilit\u00e9 d&rsquo;ouvrir compl\u00e8tement la fermeture \u00e9clair pour former deux couettes. Protection du visage (Face Baffle) Se divise en deux poches individuelles \u00e0 l&rsquo;aide d&rsquo;une fermeture \u00e9clair [&hellip;]","og_url":"https:\/\/shop.bantam.ch\/fr\/produit\/sac-de-couchage-outwell-constellation-lux-double\/","og_site_name":"Bantam Wankm\u00fcller SA","article_modified_time":"2026-04-18T21:11:16+00:00","og_image":[{"width":640,"height":360,"url":"https:\/\/shop.bantam.ch\/wp-content\/uploads\/2024\/05\/Movera-L-9962066100.jpg","type":"image\/jpeg"}],"twitter_card":"summary_large_image","twitter_misc":{"Dur\u00e9e de lecture estim\u00e9e":"1 minute"},"schema":{"@context":"https:\/\/schema.org","@graph":[{"@type":"WebPage","@id":"https:\/\/shop.bantam.ch\/fr\/produit\/sac-de-couchage-outwell-constellation-lux-double\/","url":"https:\/\/shop.bantam.ch\/fr\/produit\/sac-de-couchage-outwell-constellation-lux-double\/","name":"Sac de couchage Outwell Constellation Lux Double - Bantam Wankm\u00fcller SA","isPartOf":{"@id":"https:\/\/shop.bantam.ch\/fr\/#website"},"primaryImageOfPage":{"@id":"https:\/\/shop.bantam.ch\/fr\/produit\/sac-de-couchage-outwell-constellation-lux-double\/#primaryimage"},"image":{"@id":"https:\/\/shop.bantam.ch\/fr\/produit\/sac-de-couchage-outwell-constellation-lux-double\/#primaryimage"},"thumbnailUrl":"https:\/\/shop.bantam.ch\/wp-content\/uploads\/2024\/09\/Movera-L-9962066100.jpg","datePublished":"2024-05-15T14:07:28+00:00","dateModified":"2026-04-18T21:11:16+00:00","breadcrumb":{"@id":"https:\/\/shop.bantam.ch\/fr\/produit\/sac-de-couchage-outwell-constellation-lux-double\/#breadcrumb"},"inLanguage":"fr-FR","potentialAction":[{"@type":"ReadAction","target":["https:\/\/shop.bantam.ch\/fr\/produit\/sac-de-couchage-outwell-constellation-lux-double\/"]}]},{"@type":"ImageObject","inLanguage":"fr-FR","@id":"https:\/\/shop.bantam.ch\/fr\/produit\/sac-de-couchage-outwell-constellation-lux-double\/#primaryimage","url":"https:\/\/shop.bantam.ch\/wp-content\/uploads\/2024\/09\/Movera-L-9962066100.jpg","contentUrl":"https:\/\/shop.bantam.ch\/wp-content\/uploads\/2024\/09\/Movera-L-9962066100.jpg","width":640,"height":360},{"@type":"BreadcrumbList","@id":"https:\/\/shop.bantam.ch\/fr\/produit\/sac-de-couchage-outwell-constellation-lux-double\/#breadcrumb","itemListElement":[{"@type":"ListItem","position":1,"name":"Accueil","item":"https:\/\/shop.bantam.ch\/fr\/"},{"@type":"ListItem","position":2,"name":"Boutique","item":"https:\/\/shop.bantam.ch\/fr\/boutique\/"},{"@type":"ListItem","position":3,"name":"Sac de couchage Outwell Constellation Lux Double"}]},{"@type":"WebSite","@id":"https:\/\/shop.bantam.ch\/fr\/#website","url":"https:\/\/shop.bantam.ch\/fr\/","name":"Bantam Wankm\u00fcller SA","description":"","publisher":{"@id":"https:\/\/shop.bantam.ch\/fr\/#organization"},"inLanguage":"fr-FR"},{"@type":"Organization","@id":"https:\/\/shop.bantam.ch\/fr\/#organization","name":"Bantam Wankm\u00fcller SA","url":"https:\/\/shop.bantam.ch\/fr\/","logo":{"@type":"ImageObject","inLanguage":"fr-FR","@id":"https:\/\/shop.bantam.ch\/fr\/#\/schema\/logo\/image\/","url":"https:\/\/shop.bantam.ch\/wp-content\/uploads\/2022\/12\/bantam-logo.png","contentUrl":"https:\/\/shop.bantam.ch\/wp-content\/uploads\/2022\/12\/bantam-logo.png","width":320,"height":71,"caption":"Bantam Wankm\u00fcller SA"},"image":{"@id":"https:\/\/shop.bantam.ch\/fr\/#\/schema\/logo\/image\/"}}]}},"_links":{"self":[{"href":"https:\/\/shop.bantam.ch\/fr\/wp-json\/wp\/v2\/product\/196779","targetHints":{"allow":["GET"]}}],"collection":[{"href":"https:\/\/shop.bantam.ch\/fr\/wp-json\/wp\/v2\/product"}],"about":[{"href":"https:\/\/shop.bantam.ch\/fr\/wp-json\/wp\/v2\/types\/product"}],"wp:featuredmedia":[{"embeddable":true,"href":"https:\/\/shop.bantam.ch\/fr\/wp-json\/wp\/v2\/media\/207002"}],"wp:attachment":[{"href":"https:\/\/shop.bantam.ch\/fr\/wp-json\/wp\/v2\/media?parent=196779"}],"wp:term":[{"taxonomy":"product_featured_cat","embeddable":true,"href":"https:\/\/shop.bantam.ch\/fr\/wp-json\/wp\/v2\/product_featured_cat?post=196779"},{"taxonomy":"product_brand","embeddable":true,"href":"https:\/\/shop.bantam.ch\/fr\/wp-json\/wp\/v2\/product_brand?post=196779"},{"taxonomy":"product_cat","embeddable":true,"href":"https:\/\/shop.bantam.ch\/fr\/wp-json\/wp\/v2\/product_cat?post=196779"},{"taxonomy":"product_tag","embeddable":true,"href":"https:\/\/shop.bantam.ch\/fr\/wp-json\/wp\/v2\/product_tag?post=196779"}],"curies":[{"name":"wp","href":"https:\/\/api.w.org\/{rel}","templated":true}]}}