{"id":196751,"date":"2024-05-15T16:06:58","date_gmt":"2024-05-15T14:06:58","guid":{"rendered":"https:\/\/shop.bantam.ch\/produit\/chaise-pliante-outwell-lomond\/"},"modified":"2026-04-18T23:11:16","modified_gmt":"2026-04-18T21:11:16","slug":"chaise-pliante-outwell-lomond","status":"publish","type":"product","link":"https:\/\/shop.bantam.ch\/fr\/produit\/chaise-pliante-outwell-lomond\/","title":{"rendered":"Chaise pliante Outwell Lomond"},"content":{"rendered":"<p>Assise enti\u00e8rement rembourr\u00e9e avec dossier haut \u00e0 3 positions pour un confort parfait pour manger et se d\u00e9tendre, soutenue par un cadre en acier durable, tr\u00e8s r\u00e9sistant et rev\u00eatu par poudre, avec de larges bras en plastique. Avec porte-gobelet et petite taille de rangement.<\/p>\n<ul>\n<li>Gr\u00e2ce aux positions r\u00e9glables, la chaise convient aussi bien pour manger que pour se d\u00e9tendre.<\/li>\n<li>Aucun montage n\u00e9cessaire<\/li>\n<li>L\u00e9g\u00e8re et facile \u00e0 transporter<\/li>\n<li>Acier \u00e0 haute r\u00e9sistance et longue dur\u00e9e de vie<\/li>\n<li>Sac de transport inclus pour un rangement et une portabilit\u00e9 faciles<\/li>\n<li>Assise et appui-t\u00eate rembourr\u00e9s pour un confort d&rsquo;assise optimal<\/li>\n<li>Dimensions de rangement exceptionnellement petites<\/li>\n<li>R\u00e9glable en 3 positions diff\u00e9rentes<\/li>\n<li>Accoudoirs larges et soutenus<\/li>\n<li>Dossier haut pour un soutien optimal de la nuque<\/li>\n<li>Fonction de verrouillage permettant de fixer le cadre lorsqu&rsquo;il est d\u00e9pli\u00e9<\/li>\n<li>Porte-gobelet qui peut \u00eatre rabattu sous le si\u00e8ge lorsqu&rsquo;il n&rsquo;est pas utilis\u00e9<\/li>\n<li>S&rsquo;ouvre et se plie en quelques secondes<\/li>\n<\/ul>\n<p>Mat\u00e9riaux:<br \/>\nHousse: 100% polyester<br \/>\nStructure: acier rev\u00eatu par poudre<\/p>\n<p>Inclus dans la livraison:<br \/>\nSac de transport inclus.<\/p>\n","protected":false},"excerpt":{"rendered":"<p>Assise enti\u00e8rement rembourr\u00e9e avec dossier haut \u00e0 3 positions pour un confort parfait pour manger et se d\u00e9tendre, soutenue par un cadre en acier durable, tr\u00e8s r\u00e9sistant et rev\u00eatu par poudre, avec de larges bras en plastique. Avec porte-gobelet et petite taille de rangement. Gr\u00e2ce aux positions r\u00e9glables, la chaise convient aussi bien pour manger [&hellip;]<\/p>\n","protected":false},"featured_media":207000,"template":"","meta":{"_acf_changed":false},"product_featured_cat":[],"product_brand":[3296],"product_cat":[4971],"product_tag":[],"class_list":{"0":"post-196751","1":"product","2":"type-product","3":"status-publish","4":"has-post-thumbnail","6":"product_brand-outwell","7":"product_cat-chaises-de-camping","9":"first","10":"instock","11":"taxable","12":"shipping-taxable","13":"purchasable","14":"product-type-simple"},"acf":[],"yoast_head":"<!-- This site is optimized with the Yoast SEO plugin v27.4 - https:\/\/yoast.com\/product\/yoast-seo-wordpress\/ -->\n<title>Chaise pliante Outwell Lomond - Bantam Wankm\u00fcller SA<\/title>\n<meta name=\"robots\" content=\"index, follow, max-snippet:-1, max-image-preview:large, max-video-preview:-1\" \/>\n<link rel=\"canonical\" href=\"https:\/\/shop.bantam.ch\/fr\/produit\/chaise-pliante-outwell-lomond\/\" \/>\n<meta property=\"og:locale\" content=\"fr_FR\" \/>\n<meta property=\"og:type\" content=\"article\" \/>\n<meta property=\"og:title\" content=\"Chaise pliante Outwell Lomond - Bantam Wankm\u00fcller SA\" \/>\n<meta property=\"og:description\" content=\"Assise enti\u00e8rement rembourr\u00e9e avec dossier haut \u00e0 3 positions pour un confort parfait pour manger et se d\u00e9tendre, soutenue par un cadre en acier durable, tr\u00e8s r\u00e9sistant et rev\u00eatu par poudre, avec de larges bras en plastique. Avec porte-gobelet et petite taille de rangement. Gr\u00e2ce aux positions r\u00e9glables, la chaise convient aussi bien pour manger [&hellip;]\" \/>\n<meta property=\"og:url\" content=\"https:\/\/shop.bantam.ch\/fr\/produit\/chaise-pliante-outwell-lomond\/\" \/>\n<meta property=\"og:site_name\" content=\"Bantam Wankm\u00fcller SA\" \/>\n<meta property=\"article:modified_time\" content=\"2026-04-18T21:11:16+00:00\" \/>\n<meta property=\"og:image\" content=\"https:\/\/shop.bantam.ch\/wp-content\/uploads\/2024\/05\/Movera-L-9962063100.jpg\" \/>\n\t<meta property=\"og:image:width\" content=\"640\" \/>\n\t<meta property=\"og:image:height\" content=\"360\" \/>\n\t<meta property=\"og:image:type\" content=\"image\/jpeg\" \/>\n<meta name=\"twitter:card\" content=\"summary_large_image\" \/>\n<meta name=\"twitter:label1\" content=\"Dur\u00e9e de lecture estim\u00e9e\" \/>\n\t<meta name=\"twitter:data1\" content=\"1 minute\" \/>\n<script type=\"application\/ld+json\" class=\"yoast-schema-graph\">{\"@context\":\"https:\\\/\\\/schema.org\",\"@graph\":[{\"@type\":\"WebPage\",\"@id\":\"https:\\\/\\\/shop.bantam.ch\\\/fr\\\/produit\\\/chaise-pliante-outwell-lomond\\\/\",\"url\":\"https:\\\/\\\/shop.bantam.ch\\\/fr\\\/produit\\\/chaise-pliante-outwell-lomond\\\/\",\"name\":\"Chaise pliante Outwell Lomond - Bantam Wankm\u00fcller SA\",\"isPartOf\":{\"@id\":\"https:\\\/\\\/shop.bantam.ch\\\/fr\\\/#website\"},\"primaryImageOfPage\":{\"@id\":\"https:\\\/\\\/shop.bantam.ch\\\/fr\\\/produit\\\/chaise-pliante-outwell-lomond\\\/#primaryimage\"},\"image\":{\"@id\":\"https:\\\/\\\/shop.bantam.ch\\\/fr\\\/produit\\\/chaise-pliante-outwell-lomond\\\/#primaryimage\"},\"thumbnailUrl\":\"https:\\\/\\\/shop.bantam.ch\\\/wp-content\\\/uploads\\\/2024\\\/09\\\/Movera-L-9962063100.jpg\",\"datePublished\":\"2024-05-15T14:06:58+00:00\",\"dateModified\":\"2026-04-18T21:11:16+00:00\",\"breadcrumb\":{\"@id\":\"https:\\\/\\\/shop.bantam.ch\\\/fr\\\/produit\\\/chaise-pliante-outwell-lomond\\\/#breadcrumb\"},\"inLanguage\":\"fr-FR\",\"potentialAction\":[{\"@type\":\"ReadAction\",\"target\":[\"https:\\\/\\\/shop.bantam.ch\\\/fr\\\/produit\\\/chaise-pliante-outwell-lomond\\\/\"]}]},{\"@type\":\"ImageObject\",\"inLanguage\":\"fr-FR\",\"@id\":\"https:\\\/\\\/shop.bantam.ch\\\/fr\\\/produit\\\/chaise-pliante-outwell-lomond\\\/#primaryimage\",\"url\":\"https:\\\/\\\/shop.bantam.ch\\\/wp-content\\\/uploads\\\/2024\\\/09\\\/Movera-L-9962063100.jpg\",\"contentUrl\":\"https:\\\/\\\/shop.bantam.ch\\\/wp-content\\\/uploads\\\/2024\\\/09\\\/Movera-L-9962063100.jpg\",\"width\":640,\"height\":360},{\"@type\":\"BreadcrumbList\",\"@id\":\"https:\\\/\\\/shop.bantam.ch\\\/fr\\\/produit\\\/chaise-pliante-outwell-lomond\\\/#breadcrumb\",\"itemListElement\":[{\"@type\":\"ListItem\",\"position\":1,\"name\":\"Accueil\",\"item\":\"https:\\\/\\\/shop.bantam.ch\\\/fr\\\/\"},{\"@type\":\"ListItem\",\"position\":2,\"name\":\"Boutique\",\"item\":\"https:\\\/\\\/shop.bantam.ch\\\/fr\\\/boutique\\\/\"},{\"@type\":\"ListItem\",\"position\":3,\"name\":\"Chaise pliante Outwell Lomond\"}]},{\"@type\":\"WebSite\",\"@id\":\"https:\\\/\\\/shop.bantam.ch\\\/fr\\\/#website\",\"url\":\"https:\\\/\\\/shop.bantam.ch\\\/fr\\\/\",\"name\":\"Bantam Wankm\u00fcller SA\",\"description\":\"\",\"publisher\":{\"@id\":\"https:\\\/\\\/shop.bantam.ch\\\/fr\\\/#organization\"},\"inLanguage\":\"fr-FR\"},{\"@type\":\"Organization\",\"@id\":\"https:\\\/\\\/shop.bantam.ch\\\/fr\\\/#organization\",\"name\":\"Bantam Wankm\u00fcller SA\",\"url\":\"https:\\\/\\\/shop.bantam.ch\\\/fr\\\/\",\"logo\":{\"@type\":\"ImageObject\",\"inLanguage\":\"fr-FR\",\"@id\":\"https:\\\/\\\/shop.bantam.ch\\\/fr\\\/#\\\/schema\\\/logo\\\/image\\\/\",\"url\":\"https:\\\/\\\/shop.bantam.ch\\\/wp-content\\\/uploads\\\/2022\\\/12\\\/bantam-logo.png\",\"contentUrl\":\"https:\\\/\\\/shop.bantam.ch\\\/wp-content\\\/uploads\\\/2022\\\/12\\\/bantam-logo.png\",\"width\":320,\"height\":71,\"caption\":\"Bantam Wankm\u00fcller SA\"},\"image\":{\"@id\":\"https:\\\/\\\/shop.bantam.ch\\\/fr\\\/#\\\/schema\\\/logo\\\/image\\\/\"}}]}<\/script>\n<!-- \/ Yoast SEO plugin. -->","yoast_head_json":{"title":"Chaise pliante Outwell Lomond - Bantam Wankm\u00fcller SA","robots":{"index":"index","follow":"follow","max-snippet":"max-snippet:-1","max-image-preview":"max-image-preview:large","max-video-preview":"max-video-preview:-1"},"canonical":"https:\/\/shop.bantam.ch\/fr\/produit\/chaise-pliante-outwell-lomond\/","og_locale":"fr_FR","og_type":"article","og_title":"Chaise pliante Outwell Lomond - Bantam Wankm\u00fcller SA","og_description":"Assise enti\u00e8rement rembourr\u00e9e avec dossier haut \u00e0 3 positions pour un confort parfait pour manger et se d\u00e9tendre, soutenue par un cadre en acier durable, tr\u00e8s r\u00e9sistant et rev\u00eatu par poudre, avec de larges bras en plastique. Avec porte-gobelet et petite taille de rangement. Gr\u00e2ce aux positions r\u00e9glables, la chaise convient aussi bien pour manger [&hellip;]","og_url":"https:\/\/shop.bantam.ch\/fr\/produit\/chaise-pliante-outwell-lomond\/","og_site_name":"Bantam Wankm\u00fcller SA","article_modified_time":"2026-04-18T21:11:16+00:00","og_image":[{"width":640,"height":360,"url":"https:\/\/shop.bantam.ch\/wp-content\/uploads\/2024\/05\/Movera-L-9962063100.jpg","type":"image\/jpeg"}],"twitter_card":"summary_large_image","twitter_misc":{"Dur\u00e9e de lecture estim\u00e9e":"1 minute"},"schema":{"@context":"https:\/\/schema.org","@graph":[{"@type":"WebPage","@id":"https:\/\/shop.bantam.ch\/fr\/produit\/chaise-pliante-outwell-lomond\/","url":"https:\/\/shop.bantam.ch\/fr\/produit\/chaise-pliante-outwell-lomond\/","name":"Chaise pliante Outwell Lomond - Bantam Wankm\u00fcller SA","isPartOf":{"@id":"https:\/\/shop.bantam.ch\/fr\/#website"},"primaryImageOfPage":{"@id":"https:\/\/shop.bantam.ch\/fr\/produit\/chaise-pliante-outwell-lomond\/#primaryimage"},"image":{"@id":"https:\/\/shop.bantam.ch\/fr\/produit\/chaise-pliante-outwell-lomond\/#primaryimage"},"thumbnailUrl":"https:\/\/shop.bantam.ch\/wp-content\/uploads\/2024\/09\/Movera-L-9962063100.jpg","datePublished":"2024-05-15T14:06:58+00:00","dateModified":"2026-04-18T21:11:16+00:00","breadcrumb":{"@id":"https:\/\/shop.bantam.ch\/fr\/produit\/chaise-pliante-outwell-lomond\/#breadcrumb"},"inLanguage":"fr-FR","potentialAction":[{"@type":"ReadAction","target":["https:\/\/shop.bantam.ch\/fr\/produit\/chaise-pliante-outwell-lomond\/"]}]},{"@type":"ImageObject","inLanguage":"fr-FR","@id":"https:\/\/shop.bantam.ch\/fr\/produit\/chaise-pliante-outwell-lomond\/#primaryimage","url":"https:\/\/shop.bantam.ch\/wp-content\/uploads\/2024\/09\/Movera-L-9962063100.jpg","contentUrl":"https:\/\/shop.bantam.ch\/wp-content\/uploads\/2024\/09\/Movera-L-9962063100.jpg","width":640,"height":360},{"@type":"BreadcrumbList","@id":"https:\/\/shop.bantam.ch\/fr\/produit\/chaise-pliante-outwell-lomond\/#breadcrumb","itemListElement":[{"@type":"ListItem","position":1,"name":"Accueil","item":"https:\/\/shop.bantam.ch\/fr\/"},{"@type":"ListItem","position":2,"name":"Boutique","item":"https:\/\/shop.bantam.ch\/fr\/boutique\/"},{"@type":"ListItem","position":3,"name":"Chaise pliante Outwell Lomond"}]},{"@type":"WebSite","@id":"https:\/\/shop.bantam.ch\/fr\/#website","url":"https:\/\/shop.bantam.ch\/fr\/","name":"Bantam Wankm\u00fcller SA","description":"","publisher":{"@id":"https:\/\/shop.bantam.ch\/fr\/#organization"},"inLanguage":"fr-FR"},{"@type":"Organization","@id":"https:\/\/shop.bantam.ch\/fr\/#organization","name":"Bantam Wankm\u00fcller SA","url":"https:\/\/shop.bantam.ch\/fr\/","logo":{"@type":"ImageObject","inLanguage":"fr-FR","@id":"https:\/\/shop.bantam.ch\/fr\/#\/schema\/logo\/image\/","url":"https:\/\/shop.bantam.ch\/wp-content\/uploads\/2022\/12\/bantam-logo.png","contentUrl":"https:\/\/shop.bantam.ch\/wp-content\/uploads\/2022\/12\/bantam-logo.png","width":320,"height":71,"caption":"Bantam Wankm\u00fcller SA"},"image":{"@id":"https:\/\/shop.bantam.ch\/fr\/#\/schema\/logo\/image\/"}}]}},"_links":{"self":[{"href":"https:\/\/shop.bantam.ch\/fr\/wp-json\/wp\/v2\/product\/196751","targetHints":{"allow":["GET"]}}],"collection":[{"href":"https:\/\/shop.bantam.ch\/fr\/wp-json\/wp\/v2\/product"}],"about":[{"href":"https:\/\/shop.bantam.ch\/fr\/wp-json\/wp\/v2\/types\/product"}],"wp:featuredmedia":[{"embeddable":true,"href":"https:\/\/shop.bantam.ch\/fr\/wp-json\/wp\/v2\/media\/207000"}],"wp:attachment":[{"href":"https:\/\/shop.bantam.ch\/fr\/wp-json\/wp\/v2\/media?parent=196751"}],"wp:term":[{"taxonomy":"product_featured_cat","embeddable":true,"href":"https:\/\/shop.bantam.ch\/fr\/wp-json\/wp\/v2\/product_featured_cat?post=196751"},{"taxonomy":"product_brand","embeddable":true,"href":"https:\/\/shop.bantam.ch\/fr\/wp-json\/wp\/v2\/product_brand?post=196751"},{"taxonomy":"product_cat","embeddable":true,"href":"https:\/\/shop.bantam.ch\/fr\/wp-json\/wp\/v2\/product_cat?post=196751"},{"taxonomy":"product_tag","embeddable":true,"href":"https:\/\/shop.bantam.ch\/fr\/wp-json\/wp\/v2\/product_tag?post=196751"}],"curies":[{"name":"wp","href":"https:\/\/api.w.org\/{rel}","templated":true}]}}