{"id":196699,"date":"2024-05-15T16:06:09","date_gmt":"2024-05-15T14:06:09","guid":{"rendered":"https:\/\/shop.bantam.ch\/produit\/glaciere-outwell-ecocool-24-12v-230v-couleur-lite-dark-blue\/"},"modified":"2026-05-05T23:05:11","modified_gmt":"2026-05-05T21:05:11","slug":"glaciere-outwell-ecocool-24-12v-230v-couleur-lite-dark-blue","status":"publish","type":"product","link":"https:\/\/shop.bantam.ch\/fr\/produit\/glaciere-outwell-ecocool-24-12v-230v-couleur-lite-dark-blue\/","title":{"rendered":"Glaci\u00e8re Outwell ECOcool 24 12V\/230V Couleur Lite Dark Blue"},"content":{"rendered":"<p>Cette glaci\u00e8re polyvalente donne une touche de couleur \u00e0 vos sorties en camping et \u00e0 vos pique-niques et peut \u00eatre utilis\u00e9e avec des prises de voiture et des prises standard. Gr\u00e2ce \u00e0 sa poign\u00e9e astucieuse et conviviale et \u00e0 son mat\u00e9riau l\u00e9ger, elle se transporte sans effort. L&rsquo;int\u00e9rieur offre beaucoup de place pour les aliments et les boissons. Gr\u00e2ce \u00e0 la cloison de s\u00e9paration \u00e0 l&rsquo;int\u00e9rieur et \u00e0 la fonction de chauffage et de refroidissement, elle est \u00e9galement extr\u00eamement pratique.<\/p>\n<ul>\n<li>R\u00e9duit la temp\u00e9rature \u00e0 18\u00b0 C en dessous de la temp\u00e9rature ext\u00e9rieure.<\/li>\n<li>Peut \u00eatre utilis\u00e9 pour 12V et 230V<\/li>\n<li>La poign\u00e9e n&rsquo;est pas g\u00ean\u00e9e par le c\u00e2ble<\/li>\n<li>Mousse haute densit\u00e9 pour une meilleure isolation<\/li>\n<li>Fonction de refroidissement et de maintien au chaud-<\/li>\n<li>R\u00e9chauffe \u00e0 50\u00b0C<\/li>\n<li>Cloison int\u00e9rieure<\/li>\n<li>Capacit\u00e9 de ventilation optimale<\/li>\n<li>L\u00e9ger et compact<\/li>\n<li>Convient pour les bouteilles de 1,75<\/li>\n<\/ul>\n","protected":false},"excerpt":{"rendered":"<p>Cette glaci\u00e8re polyvalente donne une touche de couleur \u00e0 vos sorties en camping et \u00e0 vos pique-niques et peut \u00eatre utilis\u00e9e avec des prises de voiture et des prises standard. Gr\u00e2ce \u00e0 sa poign\u00e9e astucieuse et conviviale et \u00e0 son mat\u00e9riau l\u00e9ger, elle se transporte sans effort. L&rsquo;int\u00e9rieur offre beaucoup de place pour les aliments [&hellip;]<\/p>\n","protected":false},"featured_media":206986,"template":"","meta":{"_acf_changed":false},"product_featured_cat":[],"product_brand":[3296],"product_cat":[4543],"product_tag":[],"class_list":{"0":"post-196699","1":"product","2":"type-product","3":"status-publish","4":"has-post-thumbnail","6":"product_brand-outwell","7":"product_cat-glacieres-thermoelectriques","9":"first","10":"instock","11":"taxable","12":"shipping-taxable","13":"purchasable","14":"product-type-simple"},"acf":[],"yoast_head":"<!-- This site is optimized with the Yoast SEO plugin v27.5 - https:\/\/yoast.com\/product\/yoast-seo-wordpress\/ -->\n<title>Glaci\u00e8re Outwell ECOcool 24 12V\/230V Couleur Lite Dark Blue - Bantam<\/title>\n<meta name=\"robots\" content=\"index, follow, max-snippet:-1, max-image-preview:large, max-video-preview:-1\" \/>\n<link rel=\"canonical\" href=\"https:\/\/shop.bantam.ch\/fr\/produit\/glaciere-outwell-ecocool-24-12v-230v-couleur-lite-dark-blue\/\" \/>\n<meta property=\"og:locale\" content=\"fr_FR\" \/>\n<meta property=\"og:type\" content=\"article\" \/>\n<meta property=\"og:title\" content=\"Glaci\u00e8re Outwell ECOcool 24 12V\/230V Couleur Lite Dark Blue - Bantam\" \/>\n<meta property=\"og:description\" content=\"Cette glaci\u00e8re polyvalente donne une touche de couleur \u00e0 vos sorties en camping et \u00e0 vos pique-niques et peut \u00eatre utilis\u00e9e avec des prises de voiture et des prises standard. Gr\u00e2ce \u00e0 sa poign\u00e9e astucieuse et conviviale et \u00e0 son mat\u00e9riau l\u00e9ger, elle se transporte sans effort. L&rsquo;int\u00e9rieur offre beaucoup de place pour les aliments [&hellip;]\" \/>\n<meta property=\"og:url\" content=\"https:\/\/shop.bantam.ch\/fr\/produit\/glaciere-outwell-ecocool-24-12v-230v-couleur-lite-dark-blue\/\" \/>\n<meta property=\"og:site_name\" content=\"Bantam\" \/>\n<meta property=\"article:modified_time\" content=\"2026-05-05T21:05:11+00:00\" \/>\n<meta property=\"og:image\" content=\"https:\/\/shop.bantam.ch\/wp-content\/uploads\/2024\/05\/Movera-L-9962028100.jpg\" \/>\n\t<meta property=\"og:image:width\" content=\"640\" \/>\n\t<meta property=\"og:image:height\" content=\"360\" \/>\n\t<meta property=\"og:image:type\" content=\"image\/jpeg\" \/>\n<meta name=\"twitter:card\" content=\"summary_large_image\" \/>\n<meta name=\"twitter:label1\" content=\"Dur\u00e9e de lecture estim\u00e9e\" \/>\n\t<meta name=\"twitter:data1\" content=\"1 minute\" \/>\n<script type=\"application\/ld+json\" class=\"yoast-schema-graph\">{\"@context\":\"https:\\\/\\\/schema.org\",\"@graph\":[{\"@type\":\"WebPage\",\"@id\":\"https:\\\/\\\/shop.bantam.ch\\\/fr\\\/produit\\\/glaciere-outwell-ecocool-24-12v-230v-couleur-lite-dark-blue\\\/\",\"url\":\"https:\\\/\\\/shop.bantam.ch\\\/fr\\\/produit\\\/glaciere-outwell-ecocool-24-12v-230v-couleur-lite-dark-blue\\\/\",\"name\":\"Glaci\u00e8re Outwell ECOcool 24 12V\\\/230V Couleur Lite Dark Blue - Bantam\",\"isPartOf\":{\"@id\":\"https:\\\/\\\/shop.bantam.ch\\\/fr\\\/#website\"},\"primaryImageOfPage\":{\"@id\":\"https:\\\/\\\/shop.bantam.ch\\\/fr\\\/produit\\\/glaciere-outwell-ecocool-24-12v-230v-couleur-lite-dark-blue\\\/#primaryimage\"},\"image\":{\"@id\":\"https:\\\/\\\/shop.bantam.ch\\\/fr\\\/produit\\\/glaciere-outwell-ecocool-24-12v-230v-couleur-lite-dark-blue\\\/#primaryimage\"},\"thumbnailUrl\":\"https:\\\/\\\/shop.bantam.ch\\\/wp-content\\\/uploads\\\/2024\\\/09\\\/Movera-L-9962028100.jpg\",\"datePublished\":\"2024-05-15T14:06:09+00:00\",\"dateModified\":\"2026-05-05T21:05:11+00:00\",\"breadcrumb\":{\"@id\":\"https:\\\/\\\/shop.bantam.ch\\\/fr\\\/produit\\\/glaciere-outwell-ecocool-24-12v-230v-couleur-lite-dark-blue\\\/#breadcrumb\"},\"inLanguage\":\"fr-FR\",\"potentialAction\":[{\"@type\":\"ReadAction\",\"target\":[\"https:\\\/\\\/shop.bantam.ch\\\/fr\\\/produit\\\/glaciere-outwell-ecocool-24-12v-230v-couleur-lite-dark-blue\\\/\"]}]},{\"@type\":\"ImageObject\",\"inLanguage\":\"fr-FR\",\"@id\":\"https:\\\/\\\/shop.bantam.ch\\\/fr\\\/produit\\\/glaciere-outwell-ecocool-24-12v-230v-couleur-lite-dark-blue\\\/#primaryimage\",\"url\":\"https:\\\/\\\/shop.bantam.ch\\\/wp-content\\\/uploads\\\/2024\\\/09\\\/Movera-L-9962028100.jpg\",\"contentUrl\":\"https:\\\/\\\/shop.bantam.ch\\\/wp-content\\\/uploads\\\/2024\\\/09\\\/Movera-L-9962028100.jpg\",\"width\":640,\"height\":360},{\"@type\":\"BreadcrumbList\",\"@id\":\"https:\\\/\\\/shop.bantam.ch\\\/fr\\\/produit\\\/glaciere-outwell-ecocool-24-12v-230v-couleur-lite-dark-blue\\\/#breadcrumb\",\"itemListElement\":[{\"@type\":\"ListItem\",\"position\":1,\"name\":\"Accueil\",\"item\":\"https:\\\/\\\/shop.bantam.ch\\\/fr\\\/\"},{\"@type\":\"ListItem\",\"position\":2,\"name\":\"Boutique\",\"item\":\"https:\\\/\\\/shop.bantam.ch\\\/fr\\\/boutique\\\/\"},{\"@type\":\"ListItem\",\"position\":3,\"name\":\"Glaci\u00e8re Outwell ECOcool 24 12V\\\/230V Couleur Lite Dark Blue\"}]},{\"@type\":\"WebSite\",\"@id\":\"https:\\\/\\\/shop.bantam.ch\\\/fr\\\/#website\",\"url\":\"https:\\\/\\\/shop.bantam.ch\\\/fr\\\/\",\"name\":\"Bantam\",\"description\":\"\",\"publisher\":{\"@id\":\"https:\\\/\\\/shop.bantam.ch\\\/fr\\\/#organization\"},\"inLanguage\":\"fr-FR\"},{\"@type\":\"Organization\",\"@id\":\"https:\\\/\\\/shop.bantam.ch\\\/fr\\\/#organization\",\"name\":\"Bantam\",\"url\":\"https:\\\/\\\/shop.bantam.ch\\\/fr\\\/\",\"logo\":{\"@type\":\"ImageObject\",\"inLanguage\":\"fr-FR\",\"@id\":\"https:\\\/\\\/shop.bantam.ch\\\/fr\\\/#\\\/schema\\\/logo\\\/image\\\/\",\"url\":\"https:\\\/\\\/shop.bantam.ch\\\/wp-content\\\/uploads\\\/2022\\\/12\\\/bantam-logo.png\",\"contentUrl\":\"https:\\\/\\\/shop.bantam.ch\\\/wp-content\\\/uploads\\\/2022\\\/12\\\/bantam-logo.png\",\"width\":320,\"height\":71,\"caption\":\"Bantam\"},\"image\":{\"@id\":\"https:\\\/\\\/shop.bantam.ch\\\/fr\\\/#\\\/schema\\\/logo\\\/image\\\/\"}}]}<\/script>\n<!-- \/ Yoast SEO plugin. -->","yoast_head_json":{"title":"Glaci\u00e8re Outwell ECOcool 24 12V\/230V Couleur Lite Dark Blue - Bantam","robots":{"index":"index","follow":"follow","max-snippet":"max-snippet:-1","max-image-preview":"max-image-preview:large","max-video-preview":"max-video-preview:-1"},"canonical":"https:\/\/shop.bantam.ch\/fr\/produit\/glaciere-outwell-ecocool-24-12v-230v-couleur-lite-dark-blue\/","og_locale":"fr_FR","og_type":"article","og_title":"Glaci\u00e8re Outwell ECOcool 24 12V\/230V Couleur Lite Dark Blue - Bantam","og_description":"Cette glaci\u00e8re polyvalente donne une touche de couleur \u00e0 vos sorties en camping et \u00e0 vos pique-niques et peut \u00eatre utilis\u00e9e avec des prises de voiture et des prises standard. Gr\u00e2ce \u00e0 sa poign\u00e9e astucieuse et conviviale et \u00e0 son mat\u00e9riau l\u00e9ger, elle se transporte sans effort. L&rsquo;int\u00e9rieur offre beaucoup de place pour les aliments [&hellip;]","og_url":"https:\/\/shop.bantam.ch\/fr\/produit\/glaciere-outwell-ecocool-24-12v-230v-couleur-lite-dark-blue\/","og_site_name":"Bantam","article_modified_time":"2026-05-05T21:05:11+00:00","og_image":[{"width":640,"height":360,"url":"https:\/\/shop.bantam.ch\/wp-content\/uploads\/2024\/05\/Movera-L-9962028100.jpg","type":"image\/jpeg"}],"twitter_card":"summary_large_image","twitter_misc":{"Dur\u00e9e de lecture estim\u00e9e":"1 minute"},"schema":{"@context":"https:\/\/schema.org","@graph":[{"@type":"WebPage","@id":"https:\/\/shop.bantam.ch\/fr\/produit\/glaciere-outwell-ecocool-24-12v-230v-couleur-lite-dark-blue\/","url":"https:\/\/shop.bantam.ch\/fr\/produit\/glaciere-outwell-ecocool-24-12v-230v-couleur-lite-dark-blue\/","name":"Glaci\u00e8re Outwell ECOcool 24 12V\/230V Couleur Lite Dark Blue - Bantam","isPartOf":{"@id":"https:\/\/shop.bantam.ch\/fr\/#website"},"primaryImageOfPage":{"@id":"https:\/\/shop.bantam.ch\/fr\/produit\/glaciere-outwell-ecocool-24-12v-230v-couleur-lite-dark-blue\/#primaryimage"},"image":{"@id":"https:\/\/shop.bantam.ch\/fr\/produit\/glaciere-outwell-ecocool-24-12v-230v-couleur-lite-dark-blue\/#primaryimage"},"thumbnailUrl":"https:\/\/shop.bantam.ch\/wp-content\/uploads\/2024\/09\/Movera-L-9962028100.jpg","datePublished":"2024-05-15T14:06:09+00:00","dateModified":"2026-05-05T21:05:11+00:00","breadcrumb":{"@id":"https:\/\/shop.bantam.ch\/fr\/produit\/glaciere-outwell-ecocool-24-12v-230v-couleur-lite-dark-blue\/#breadcrumb"},"inLanguage":"fr-FR","potentialAction":[{"@type":"ReadAction","target":["https:\/\/shop.bantam.ch\/fr\/produit\/glaciere-outwell-ecocool-24-12v-230v-couleur-lite-dark-blue\/"]}]},{"@type":"ImageObject","inLanguage":"fr-FR","@id":"https:\/\/shop.bantam.ch\/fr\/produit\/glaciere-outwell-ecocool-24-12v-230v-couleur-lite-dark-blue\/#primaryimage","url":"https:\/\/shop.bantam.ch\/wp-content\/uploads\/2024\/09\/Movera-L-9962028100.jpg","contentUrl":"https:\/\/shop.bantam.ch\/wp-content\/uploads\/2024\/09\/Movera-L-9962028100.jpg","width":640,"height":360},{"@type":"BreadcrumbList","@id":"https:\/\/shop.bantam.ch\/fr\/produit\/glaciere-outwell-ecocool-24-12v-230v-couleur-lite-dark-blue\/#breadcrumb","itemListElement":[{"@type":"ListItem","position":1,"name":"Accueil","item":"https:\/\/shop.bantam.ch\/fr\/"},{"@type":"ListItem","position":2,"name":"Boutique","item":"https:\/\/shop.bantam.ch\/fr\/boutique\/"},{"@type":"ListItem","position":3,"name":"Glaci\u00e8re Outwell ECOcool 24 12V\/230V Couleur Lite Dark Blue"}]},{"@type":"WebSite","@id":"https:\/\/shop.bantam.ch\/fr\/#website","url":"https:\/\/shop.bantam.ch\/fr\/","name":"Bantam","description":"","publisher":{"@id":"https:\/\/shop.bantam.ch\/fr\/#organization"},"inLanguage":"fr-FR"},{"@type":"Organization","@id":"https:\/\/shop.bantam.ch\/fr\/#organization","name":"Bantam","url":"https:\/\/shop.bantam.ch\/fr\/","logo":{"@type":"ImageObject","inLanguage":"fr-FR","@id":"https:\/\/shop.bantam.ch\/fr\/#\/schema\/logo\/image\/","url":"https:\/\/shop.bantam.ch\/wp-content\/uploads\/2022\/12\/bantam-logo.png","contentUrl":"https:\/\/shop.bantam.ch\/wp-content\/uploads\/2022\/12\/bantam-logo.png","width":320,"height":71,"caption":"Bantam"},"image":{"@id":"https:\/\/shop.bantam.ch\/fr\/#\/schema\/logo\/image\/"}}]}},"_links":{"self":[{"href":"https:\/\/shop.bantam.ch\/fr\/wp-json\/wp\/v2\/product\/196699","targetHints":{"allow":["GET"]}}],"collection":[{"href":"https:\/\/shop.bantam.ch\/fr\/wp-json\/wp\/v2\/product"}],"about":[{"href":"https:\/\/shop.bantam.ch\/fr\/wp-json\/wp\/v2\/types\/product"}],"wp:featuredmedia":[{"embeddable":true,"href":"https:\/\/shop.bantam.ch\/fr\/wp-json\/wp\/v2\/media\/206986"}],"wp:attachment":[{"href":"https:\/\/shop.bantam.ch\/fr\/wp-json\/wp\/v2\/media?parent=196699"}],"wp:term":[{"taxonomy":"product_featured_cat","embeddable":true,"href":"https:\/\/shop.bantam.ch\/fr\/wp-json\/wp\/v2\/product_featured_cat?post=196699"},{"taxonomy":"product_brand","embeddable":true,"href":"https:\/\/shop.bantam.ch\/fr\/wp-json\/wp\/v2\/product_brand?post=196699"},{"taxonomy":"product_cat","embeddable":true,"href":"https:\/\/shop.bantam.ch\/fr\/wp-json\/wp\/v2\/product_cat?post=196699"},{"taxonomy":"product_tag","embeddable":true,"href":"https:\/\/shop.bantam.ch\/fr\/wp-json\/wp\/v2\/product_tag?post=196699"}],"curies":[{"name":"wp","href":"https:\/\/api.w.org\/{rel}","templated":true}]}}