{"id":196677,"date":"2024-05-15T16:05:40","date_gmt":"2024-05-15T14:05:40","guid":{"rendered":"https:\/\/shop.bantam.ch\/produit\/systeme-video-de-recul-caratec-safety-csv7010t\/"},"modified":"2026-04-17T23:07:53","modified_gmt":"2026-04-17T21:07:53","slug":"systeme-video-de-recul-caratec-safety-csv7010t","status":"publish","type":"product","link":"https:\/\/shop.bantam.ch\/fr\/produit\/systeme-video-de-recul-caratec-safety-csv7010t\/","title":{"rendered":"Syst\u00e8me vid\u00e9o de recul Caratec Safety CSV7010T"},"content":{"rendered":"<p>D\u00e9couvrez la s\u00e9curit\u00e9 ultime et une visibilit\u00e9 panoramique parfaite avec notre ensemble exceptionnel, compos\u00e9 d&rsquo;un moniteur de recul haute r\u00e9solution de 7 pouces pour camping-car et d&rsquo;une cam\u00e9ra de recul double avec projecteur infrarouge.<\/p>\n<p>Le moniteur de recul g\u00e9n\u00e9reux de 7 pouces vous offre une qualit\u00e9 d&rsquo;image impressionnante et un champ d&rsquo;affichage clair, ce qui vous permet de man\u0153uvrer sans effort et avec pr\u00e9cision. Gr\u00e2ce \u00e0 son \u00e9cran \u00e0 grande \u00e9chelle, vous avez toujours une vue d&rsquo;ensemble compl\u00e8te de ce qui se passe derri\u00e8re votre camping-car afin d&rsquo;\u00e9viter les obstacles en toute s\u00e9curit\u00e9.<\/p>\n<p>La commutation entre la fonction cam\u00e9ra de recul et la fonction r\u00e9troviseur s&rsquo;effectue automatiquement lorsque la marche arri\u00e8re est enclench\u00e9e, mais peut \u00e9galement se faire manuellement sur le moniteur ou par t\u00e9l\u00e9commande si n\u00e9cessaire.<\/p>\n<p>La double cam\u00e9ra de recul est \u00e9quip\u00e9e d&rsquo;un projecteur infrarouge sur les deux objectifs de la cam\u00e9ra. Il vous offre une fonction de vision nocturne exceptionnelle &#8211; m\u00eame dans l&rsquo;obscurit\u00e9 absolue. Vous serez \u00e9tonn\u00e9 par la clart\u00e9 et le d\u00e9tail de l&rsquo;image que l&rsquo;appareil photo vous donne. Gr\u00e2ce aux deux objectifs de la cam\u00e9ra, vous avez \u00e9galement une vue parfaite de c\u00f4t\u00e9 pour voir tous les obstacles possibles.<\/p>\n<p>Cet ensemble est non seulement un gain pour votre s\u00e9curit\u00e9, mais aussi pour votre confort de conduite gr\u00e2ce \u00e0 la fonction replay.<\/p>\n<p>Les composants sont sp\u00e9cialement optimis\u00e9s pour les camping-cars, ce qui signifie que vous pouvez b\u00e9n\u00e9ficier d&rsquo;une s\u00e9curit\u00e9 accrue et d&rsquo;un confort suppl\u00e9mentaire sans trop d&rsquo;effort.<\/p>\n<p>Vivez un voyage sans souci avec notre moniteur de recul haute r\u00e9solution de 7 pouces et notre double cam\u00e9ra de recul avec projecteur infrarouge pour camping-car. Investissez dans une technologie de pointe et profitez d&rsquo;un maximum de s\u00e9curit\u00e9 et de confort de conduite tout en explorant les rues.<\/p>\n<p>Contenu de la livraison&nbsp;:<br \/>\nAvec moniteur CSM7010, cam\u00e9ra de recul CS100T avec adaptateur en Y, c\u00e2ble de raccordement MCA29004 (20 m), t\u00e9l\u00e9commande pour le moniteur, faisceau de c\u00e2bles universel et support de moniteur compact<\/p>\n","protected":false},"excerpt":{"rendered":"<p>D\u00e9couvrez la s\u00e9curit\u00e9 ultime et une visibilit\u00e9 panoramique parfaite avec notre ensemble exceptionnel, compos\u00e9 d&rsquo;un moniteur de recul haute r\u00e9solution de 7 pouces pour camping-car et d&rsquo;une cam\u00e9ra de recul double avec projecteur infrarouge. Le moniteur de recul g\u00e9n\u00e9reux de 7 pouces vous offre une qualit\u00e9 d&rsquo;image impressionnante et un champ d&rsquo;affichage clair, ce qui [&hellip;]<\/p>\n","protected":false},"featured_media":206978,"template":"","meta":{"_acf_changed":false},"product_featured_cat":[],"product_brand":[3070],"product_cat":[5153],"product_tag":[],"class_list":{"0":"post-196677","1":"product","2":"type-product","3":"status-publish","4":"has-post-thumbnail","6":"product_brand-caratec","7":"product_cat-ensembles-de-systemes-videos-inversees","9":"first","10":"instock","11":"taxable","12":"shipping-taxable","13":"purchasable","14":"product-type-simple"},"acf":[],"yoast_head":"<!-- This site is optimized with the Yoast SEO plugin v27.4 - https:\/\/yoast.com\/product\/yoast-seo-wordpress\/ -->\n<title>Syst\u00e8me vid\u00e9o de recul Caratec Safety CSV7010T - Bantam Wankm\u00fcller SA<\/title>\n<meta name=\"robots\" content=\"index, follow, max-snippet:-1, max-image-preview:large, max-video-preview:-1\" \/>\n<link rel=\"canonical\" href=\"https:\/\/shop.bantam.ch\/fr\/produit\/systeme-video-de-recul-caratec-safety-csv7010t\/\" \/>\n<meta property=\"og:locale\" content=\"fr_FR\" \/>\n<meta property=\"og:type\" content=\"article\" \/>\n<meta property=\"og:title\" content=\"Syst\u00e8me vid\u00e9o de recul Caratec Safety CSV7010T - Bantam Wankm\u00fcller SA\" \/>\n<meta property=\"og:description\" content=\"D\u00e9couvrez la s\u00e9curit\u00e9 ultime et une visibilit\u00e9 panoramique parfaite avec notre ensemble exceptionnel, compos\u00e9 d&rsquo;un moniteur de recul haute r\u00e9solution de 7 pouces pour camping-car et d&rsquo;une cam\u00e9ra de recul double avec projecteur infrarouge. Le moniteur de recul g\u00e9n\u00e9reux de 7 pouces vous offre une qualit\u00e9 d&rsquo;image impressionnante et un champ d&rsquo;affichage clair, ce qui [&hellip;]\" \/>\n<meta property=\"og:url\" content=\"https:\/\/shop.bantam.ch\/fr\/produit\/systeme-video-de-recul-caratec-safety-csv7010t\/\" \/>\n<meta property=\"og:site_name\" content=\"Bantam Wankm\u00fcller SA\" \/>\n<meta property=\"article:modified_time\" content=\"2026-04-17T21:07:53+00:00\" \/>\n<meta property=\"og:image\" content=\"https:\/\/shop.bantam.ch\/wp-content\/uploads\/2024\/05\/Movera-L-9962051100.jpg\" \/>\n\t<meta property=\"og:image:width\" content=\"640\" \/>\n\t<meta property=\"og:image:height\" content=\"640\" \/>\n\t<meta property=\"og:image:type\" content=\"image\/jpeg\" \/>\n<meta name=\"twitter:card\" content=\"summary_large_image\" \/>\n<meta name=\"twitter:label1\" content=\"Dur\u00e9e de lecture estim\u00e9e\" \/>\n\t<meta name=\"twitter:data1\" content=\"2 minutes\" \/>\n<script type=\"application\/ld+json\" class=\"yoast-schema-graph\">{\"@context\":\"https:\\\/\\\/schema.org\",\"@graph\":[{\"@type\":\"WebPage\",\"@id\":\"https:\\\/\\\/shop.bantam.ch\\\/fr\\\/produit\\\/systeme-video-de-recul-caratec-safety-csv7010t\\\/\",\"url\":\"https:\\\/\\\/shop.bantam.ch\\\/fr\\\/produit\\\/systeme-video-de-recul-caratec-safety-csv7010t\\\/\",\"name\":\"Syst\u00e8me vid\u00e9o de recul Caratec Safety CSV7010T - Bantam Wankm\u00fcller SA\",\"isPartOf\":{\"@id\":\"https:\\\/\\\/shop.bantam.ch\\\/fr\\\/#website\"},\"primaryImageOfPage\":{\"@id\":\"https:\\\/\\\/shop.bantam.ch\\\/fr\\\/produit\\\/systeme-video-de-recul-caratec-safety-csv7010t\\\/#primaryimage\"},\"image\":{\"@id\":\"https:\\\/\\\/shop.bantam.ch\\\/fr\\\/produit\\\/systeme-video-de-recul-caratec-safety-csv7010t\\\/#primaryimage\"},\"thumbnailUrl\":\"https:\\\/\\\/shop.bantam.ch\\\/wp-content\\\/uploads\\\/2024\\\/09\\\/Movera-L-9962051100.jpg\",\"datePublished\":\"2024-05-15T14:05:40+00:00\",\"dateModified\":\"2026-04-17T21:07:53+00:00\",\"breadcrumb\":{\"@id\":\"https:\\\/\\\/shop.bantam.ch\\\/fr\\\/produit\\\/systeme-video-de-recul-caratec-safety-csv7010t\\\/#breadcrumb\"},\"inLanguage\":\"fr-FR\",\"potentialAction\":[{\"@type\":\"ReadAction\",\"target\":[\"https:\\\/\\\/shop.bantam.ch\\\/fr\\\/produit\\\/systeme-video-de-recul-caratec-safety-csv7010t\\\/\"]}]},{\"@type\":\"ImageObject\",\"inLanguage\":\"fr-FR\",\"@id\":\"https:\\\/\\\/shop.bantam.ch\\\/fr\\\/produit\\\/systeme-video-de-recul-caratec-safety-csv7010t\\\/#primaryimage\",\"url\":\"https:\\\/\\\/shop.bantam.ch\\\/wp-content\\\/uploads\\\/2024\\\/09\\\/Movera-L-9962051100.jpg\",\"contentUrl\":\"https:\\\/\\\/shop.bantam.ch\\\/wp-content\\\/uploads\\\/2024\\\/09\\\/Movera-L-9962051100.jpg\",\"width\":640,\"height\":640},{\"@type\":\"BreadcrumbList\",\"@id\":\"https:\\\/\\\/shop.bantam.ch\\\/fr\\\/produit\\\/systeme-video-de-recul-caratec-safety-csv7010t\\\/#breadcrumb\",\"itemListElement\":[{\"@type\":\"ListItem\",\"position\":1,\"name\":\"Accueil\",\"item\":\"https:\\\/\\\/shop.bantam.ch\\\/fr\\\/\"},{\"@type\":\"ListItem\",\"position\":2,\"name\":\"Boutique\",\"item\":\"https:\\\/\\\/shop.bantam.ch\\\/fr\\\/boutique\\\/\"},{\"@type\":\"ListItem\",\"position\":3,\"name\":\"Syst\u00e8me vid\u00e9o de recul Caratec Safety CSV7010T\"}]},{\"@type\":\"WebSite\",\"@id\":\"https:\\\/\\\/shop.bantam.ch\\\/fr\\\/#website\",\"url\":\"https:\\\/\\\/shop.bantam.ch\\\/fr\\\/\",\"name\":\"Bantam Wankm\u00fcller SA\",\"description\":\"\",\"publisher\":{\"@id\":\"https:\\\/\\\/shop.bantam.ch\\\/fr\\\/#organization\"},\"inLanguage\":\"fr-FR\"},{\"@type\":\"Organization\",\"@id\":\"https:\\\/\\\/shop.bantam.ch\\\/fr\\\/#organization\",\"name\":\"Bantam Wankm\u00fcller SA\",\"url\":\"https:\\\/\\\/shop.bantam.ch\\\/fr\\\/\",\"logo\":{\"@type\":\"ImageObject\",\"inLanguage\":\"fr-FR\",\"@id\":\"https:\\\/\\\/shop.bantam.ch\\\/fr\\\/#\\\/schema\\\/logo\\\/image\\\/\",\"url\":\"https:\\\/\\\/shop.bantam.ch\\\/wp-content\\\/uploads\\\/2022\\\/12\\\/bantam-logo.png\",\"contentUrl\":\"https:\\\/\\\/shop.bantam.ch\\\/wp-content\\\/uploads\\\/2022\\\/12\\\/bantam-logo.png\",\"width\":320,\"height\":71,\"caption\":\"Bantam Wankm\u00fcller SA\"},\"image\":{\"@id\":\"https:\\\/\\\/shop.bantam.ch\\\/fr\\\/#\\\/schema\\\/logo\\\/image\\\/\"}}]}<\/script>\n<!-- \/ Yoast SEO plugin. -->","yoast_head_json":{"title":"Syst\u00e8me vid\u00e9o de recul Caratec Safety CSV7010T - Bantam Wankm\u00fcller SA","robots":{"index":"index","follow":"follow","max-snippet":"max-snippet:-1","max-image-preview":"max-image-preview:large","max-video-preview":"max-video-preview:-1"},"canonical":"https:\/\/shop.bantam.ch\/fr\/produit\/systeme-video-de-recul-caratec-safety-csv7010t\/","og_locale":"fr_FR","og_type":"article","og_title":"Syst\u00e8me vid\u00e9o de recul Caratec Safety CSV7010T - Bantam Wankm\u00fcller SA","og_description":"D\u00e9couvrez la s\u00e9curit\u00e9 ultime et une visibilit\u00e9 panoramique parfaite avec notre ensemble exceptionnel, compos\u00e9 d&rsquo;un moniteur de recul haute r\u00e9solution de 7 pouces pour camping-car et d&rsquo;une cam\u00e9ra de recul double avec projecteur infrarouge. Le moniteur de recul g\u00e9n\u00e9reux de 7 pouces vous offre une qualit\u00e9 d&rsquo;image impressionnante et un champ d&rsquo;affichage clair, ce qui [&hellip;]","og_url":"https:\/\/shop.bantam.ch\/fr\/produit\/systeme-video-de-recul-caratec-safety-csv7010t\/","og_site_name":"Bantam Wankm\u00fcller SA","article_modified_time":"2026-04-17T21:07:53+00:00","og_image":[{"width":640,"height":640,"url":"https:\/\/shop.bantam.ch\/wp-content\/uploads\/2024\/05\/Movera-L-9962051100.jpg","type":"image\/jpeg"}],"twitter_card":"summary_large_image","twitter_misc":{"Dur\u00e9e de lecture estim\u00e9e":"2 minutes"},"schema":{"@context":"https:\/\/schema.org","@graph":[{"@type":"WebPage","@id":"https:\/\/shop.bantam.ch\/fr\/produit\/systeme-video-de-recul-caratec-safety-csv7010t\/","url":"https:\/\/shop.bantam.ch\/fr\/produit\/systeme-video-de-recul-caratec-safety-csv7010t\/","name":"Syst\u00e8me vid\u00e9o de recul Caratec Safety CSV7010T - Bantam Wankm\u00fcller SA","isPartOf":{"@id":"https:\/\/shop.bantam.ch\/fr\/#website"},"primaryImageOfPage":{"@id":"https:\/\/shop.bantam.ch\/fr\/produit\/systeme-video-de-recul-caratec-safety-csv7010t\/#primaryimage"},"image":{"@id":"https:\/\/shop.bantam.ch\/fr\/produit\/systeme-video-de-recul-caratec-safety-csv7010t\/#primaryimage"},"thumbnailUrl":"https:\/\/shop.bantam.ch\/wp-content\/uploads\/2024\/09\/Movera-L-9962051100.jpg","datePublished":"2024-05-15T14:05:40+00:00","dateModified":"2026-04-17T21:07:53+00:00","breadcrumb":{"@id":"https:\/\/shop.bantam.ch\/fr\/produit\/systeme-video-de-recul-caratec-safety-csv7010t\/#breadcrumb"},"inLanguage":"fr-FR","potentialAction":[{"@type":"ReadAction","target":["https:\/\/shop.bantam.ch\/fr\/produit\/systeme-video-de-recul-caratec-safety-csv7010t\/"]}]},{"@type":"ImageObject","inLanguage":"fr-FR","@id":"https:\/\/shop.bantam.ch\/fr\/produit\/systeme-video-de-recul-caratec-safety-csv7010t\/#primaryimage","url":"https:\/\/shop.bantam.ch\/wp-content\/uploads\/2024\/09\/Movera-L-9962051100.jpg","contentUrl":"https:\/\/shop.bantam.ch\/wp-content\/uploads\/2024\/09\/Movera-L-9962051100.jpg","width":640,"height":640},{"@type":"BreadcrumbList","@id":"https:\/\/shop.bantam.ch\/fr\/produit\/systeme-video-de-recul-caratec-safety-csv7010t\/#breadcrumb","itemListElement":[{"@type":"ListItem","position":1,"name":"Accueil","item":"https:\/\/shop.bantam.ch\/fr\/"},{"@type":"ListItem","position":2,"name":"Boutique","item":"https:\/\/shop.bantam.ch\/fr\/boutique\/"},{"@type":"ListItem","position":3,"name":"Syst\u00e8me vid\u00e9o de recul Caratec Safety CSV7010T"}]},{"@type":"WebSite","@id":"https:\/\/shop.bantam.ch\/fr\/#website","url":"https:\/\/shop.bantam.ch\/fr\/","name":"Bantam Wankm\u00fcller SA","description":"","publisher":{"@id":"https:\/\/shop.bantam.ch\/fr\/#organization"},"inLanguage":"fr-FR"},{"@type":"Organization","@id":"https:\/\/shop.bantam.ch\/fr\/#organization","name":"Bantam Wankm\u00fcller SA","url":"https:\/\/shop.bantam.ch\/fr\/","logo":{"@type":"ImageObject","inLanguage":"fr-FR","@id":"https:\/\/shop.bantam.ch\/fr\/#\/schema\/logo\/image\/","url":"https:\/\/shop.bantam.ch\/wp-content\/uploads\/2022\/12\/bantam-logo.png","contentUrl":"https:\/\/shop.bantam.ch\/wp-content\/uploads\/2022\/12\/bantam-logo.png","width":320,"height":71,"caption":"Bantam Wankm\u00fcller SA"},"image":{"@id":"https:\/\/shop.bantam.ch\/fr\/#\/schema\/logo\/image\/"}}]}},"_links":{"self":[{"href":"https:\/\/shop.bantam.ch\/fr\/wp-json\/wp\/v2\/product\/196677","targetHints":{"allow":["GET"]}}],"collection":[{"href":"https:\/\/shop.bantam.ch\/fr\/wp-json\/wp\/v2\/product"}],"about":[{"href":"https:\/\/shop.bantam.ch\/fr\/wp-json\/wp\/v2\/types\/product"}],"wp:featuredmedia":[{"embeddable":true,"href":"https:\/\/shop.bantam.ch\/fr\/wp-json\/wp\/v2\/media\/206978"}],"wp:attachment":[{"href":"https:\/\/shop.bantam.ch\/fr\/wp-json\/wp\/v2\/media?parent=196677"}],"wp:term":[{"taxonomy":"product_featured_cat","embeddable":true,"href":"https:\/\/shop.bantam.ch\/fr\/wp-json\/wp\/v2\/product_featured_cat?post=196677"},{"taxonomy":"product_brand","embeddable":true,"href":"https:\/\/shop.bantam.ch\/fr\/wp-json\/wp\/v2\/product_brand?post=196677"},{"taxonomy":"product_cat","embeddable":true,"href":"https:\/\/shop.bantam.ch\/fr\/wp-json\/wp\/v2\/product_cat?post=196677"},{"taxonomy":"product_tag","embeddable":true,"href":"https:\/\/shop.bantam.ch\/fr\/wp-json\/wp\/v2\/product_tag?post=196677"}],"curies":[{"name":"wp","href":"https:\/\/api.w.org\/{rel}","templated":true}]}}