{"id":196673,"date":"2024-05-15T16:05:30","date_gmt":"2024-05-15T14:05:30","guid":{"rendered":"https:\/\/shop.bantam.ch\/produit\/antenne-wifi-oyster-connect-global\/"},"modified":"2026-05-11T23:05:27","modified_gmt":"2026-05-11T21:05:27","slug":"antenne-wifi-oyster-connect-global","status":"publish","type":"product","link":"https:\/\/shop.bantam.ch\/fr\/produit\/antenne-wifi-oyster-connect-global\/","title":{"rendered":"Antenne Wifi Oyster Connect Global"},"content":{"rendered":"<p>Qu&rsquo;il s&rsquo;agisse d&rsquo;un smartphone, d&rsquo;une tablette, d&rsquo;un ordinateur portable ou d&rsquo;une Smart TV &#8211; une fois connect\u00e9s au r\u00e9seau domestique, tous les appareils restent connect\u00e9s \u00e0 Internet et rien ne s&rsquo;oppose \u00e0 une navigation s\u00e9curis\u00e9e et rapide.<br \/>\nEn voyage, cependant, les campeurs doivent souvent r\u00e9duire leur consommation d&rsquo;Internet : une r\u00e9ception instable ou des r\u00e9seaux WLAN\/LTE surcharg\u00e9s dans les campings ne sont pas rares. La soci\u00e9t\u00e9 ten Haaft offre la solution, en particulier pour les voyageurs qui d\u00e9pendent d&rsquo;une r\u00e9ception fiable pour travailler lorsqu&rsquo;ils sont sur la route ou qui ne veulent pas se passer d&rsquo;un Internet fonctionnel lorsqu&rsquo;ils sont en vacances.<br \/>\nVoyagez confortablement dans le \u00ab\u00a0r\u00e9seau de maisons mobiles\u00a0\u00bb<br \/>\nInternet mobile comme \u00e0 la maison \u2013 m\u00eame en conduisant<br \/>\nAvec l&rsquo;Oyster\u00ae Connect, les ing\u00e9nieurs du fabricant haut de gamme de technologie mobile par satellite du Bade-Wurtemberg ont d\u00e9velopp\u00e9 un syst\u00e8me d&rsquo;antenne sp\u00e9cial pour les exigences \u00e9lev\u00e9es : le point d&rsquo;acc\u00e8s mobile garantit un signal stable &#8211; m\u00eame pendant la conduite.<br \/>\nVous pouvez surfer sur le Web en toute tranquillit\u00e9 dans votre mobil-home, camping-car ou caravane &#8211; et profiter \u00e9galement de tous les avantages d&rsquo;un \u00ab\u00a0r\u00e9seau de mobil-homes\u00a0\u00bb.<br \/>\nLa connexion est maintenue quel que soit l&#8217;emplacement, quel que soit le r\u00e9seau d&rsquo;o\u00f9 provient le signal externe &#8211; les terminaux enregistr\u00e9s se connectent automatiquement \u00e0 leur propre point d&rsquo;acc\u00e8s.<br \/>\nAu sommet \u2013 Oyster\u00ae Connect<br \/>\nL&rsquo;un des principaux avantages de ce syst\u00e8me d&rsquo;antenne sp\u00e9cial avec sa connexion HF directe aux modules d&rsquo;\u00e9mission et de r\u00e9ception est que l&rsquo;unit\u00e9 ext\u00e9rieure est install\u00e9e sur le toit du v\u00e9hicule, ce qui permet une puissance d&rsquo;\u00e9mission et de r\u00e9ception maximale.<br \/>\nL&rsquo;Oyster\u00ae Connect est donc largement sup\u00e9rieur \u00e0 la r\u00e9ception smartphone classique et aux produits actuellement disponibles sur le march\u00e9, puisque l&rsquo;att\u00e9nuation des signaux par la structure du v\u00e9hicule (vitrage athermique \/ carrosserie m\u00e9tallique) et la longueur du c\u00e2ble d&rsquo;antenne ne joue plus un r\u00f4le.<\/p>\n<p>Les avantages en un coup d&rsquo;\u0153il<\/p>\n<ul>\n<li>Le montage de l&rsquo;\u00e9metteur et du r\u00e9cepteur sur le toit du v\u00e9hicule emp\u00eache la perte d&rsquo;att\u00e9nuation<\/li>\n<li>Antennes WLAN puissantes (2&#215;2 MIMO)<\/li>\n<li>Antennes de diversit\u00e9 LTE ITU Region 1-3 pour une r\u00e9ception mondiale<\/li>\n<li>Configuration simple et unique du \u00ab&nbsp;r\u00e9seau de maison mobile&nbsp;\u00bb<\/li>\n<li>Libre choix de 2,4 GHz \/ 5 GHz dans le r\u00e9seau WLAN pour l&rsquo;unit\u00e9 int\u00e9rieure et l&rsquo;unit\u00e9 ext\u00e9rieure<\/li>\n<li>Pour toutes les bandes LTE de 698 MHz \u00e0 3800 MHz<\/li>\n<li>Le r\u00e9seau LAN priv\u00e9 permet de soulager le r\u00e9seau WLAN, toutes les Smart TV ne sont pas compatibles WLAN<\/li>\n<li>Conception a\u00e9rodynamique<\/li>\n<li>Assemblage facile et conception peu encombrante<\/li>\n<li>r\u00e9sistant aux intemp\u00e9ries<\/li>\n<li>Fonctionnement pratique<\/li>\n<li>Garantie 3 ans<\/li>\n<\/ul>\n<p>Remarque sur la carte SIM&nbsp;:<br \/>\nUne carte SIM est n\u00e9cessaire pour le fonctionnement LTE, qui n&rsquo;est pas inclus dans la livraison. Les frais de connexion encourus ici, ainsi que les param\u00e8tres Internet (download \/ upload, int. roaming) d\u00e9pendent de l&rsquo;op\u00e9rateur de r\u00e9seau respectif et doivent \u00eatre v\u00e9rifi\u00e9s par le client lui-m\u00eame.<\/p>\n","protected":false},"excerpt":{"rendered":"<p>Qu&rsquo;il s&rsquo;agisse d&rsquo;un smartphone, d&rsquo;une tablette, d&rsquo;un ordinateur portable ou d&rsquo;une Smart TV &#8211; une fois connect\u00e9s au r\u00e9seau domestique, tous les appareils restent connect\u00e9s \u00e0 Internet et rien ne s&rsquo;oppose \u00e0 une navigation s\u00e9curis\u00e9e et rapide. En voyage, cependant, les campeurs doivent souvent r\u00e9duire leur consommation d&rsquo;Internet : une r\u00e9ception instable ou des r\u00e9seaux [&hellip;]<\/p>\n","protected":false},"featured_media":206976,"template":"","meta":{"_acf_changed":false},"product_featured_cat":[],"product_brand":[3126],"product_cat":[5151],"product_tag":[],"class_list":{"0":"post-196673","1":"product","2":"type-product","3":"status-publish","4":"has-post-thumbnail","6":"product_brand-oyster","7":"product_cat-antennes-wlan-et-lte","9":"first","10":"instock","11":"taxable","12":"shipping-taxable","13":"purchasable","14":"product-type-simple"},"acf":[],"yoast_head":"<!-- This site is optimized with the Yoast SEO plugin v27.5 - https:\/\/yoast.com\/product\/yoast-seo-wordpress\/ -->\n<title>Antenne Wifi Oyster Connect Global - Bantam<\/title>\n<meta name=\"robots\" content=\"index, follow, max-snippet:-1, max-image-preview:large, max-video-preview:-1\" \/>\n<link rel=\"canonical\" href=\"https:\/\/shop.bantam.ch\/fr\/produit\/antenne-wifi-oyster-connect-global\/\" \/>\n<meta property=\"og:locale\" content=\"fr_FR\" \/>\n<meta property=\"og:type\" content=\"article\" \/>\n<meta property=\"og:title\" content=\"Antenne Wifi Oyster Connect Global - Bantam\" \/>\n<meta property=\"og:description\" content=\"Qu&rsquo;il s&rsquo;agisse d&rsquo;un smartphone, d&rsquo;une tablette, d&rsquo;un ordinateur portable ou d&rsquo;une Smart TV &#8211; une fois connect\u00e9s au r\u00e9seau domestique, tous les appareils restent connect\u00e9s \u00e0 Internet et rien ne s&rsquo;oppose \u00e0 une navigation s\u00e9curis\u00e9e et rapide. En voyage, cependant, les campeurs doivent souvent r\u00e9duire leur consommation d&rsquo;Internet : une r\u00e9ception instable ou des r\u00e9seaux [&hellip;]\" \/>\n<meta property=\"og:url\" content=\"https:\/\/shop.bantam.ch\/fr\/produit\/antenne-wifi-oyster-connect-global\/\" \/>\n<meta property=\"og:site_name\" content=\"Bantam\" \/>\n<meta property=\"article:modified_time\" content=\"2026-05-11T21:05:27+00:00\" \/>\n<meta property=\"og:image\" content=\"https:\/\/shop.bantam.ch\/wp-content\/uploads\/2024\/05\/Movera-L-9962046100.jpg\" \/>\n\t<meta property=\"og:image:width\" content=\"640\" \/>\n\t<meta property=\"og:image:height\" content=\"434\" \/>\n\t<meta property=\"og:image:type\" content=\"image\/jpeg\" \/>\n<meta name=\"twitter:card\" content=\"summary_large_image\" \/>\n<meta name=\"twitter:label1\" content=\"Dur\u00e9e de lecture estim\u00e9e\" \/>\n\t<meta name=\"twitter:data1\" content=\"3 minutes\" \/>\n<script type=\"application\/ld+json\" class=\"yoast-schema-graph\">{\"@context\":\"https:\\\/\\\/schema.org\",\"@graph\":[{\"@type\":\"WebPage\",\"@id\":\"https:\\\/\\\/shop.bantam.ch\\\/fr\\\/produit\\\/antenne-wifi-oyster-connect-global\\\/\",\"url\":\"https:\\\/\\\/shop.bantam.ch\\\/fr\\\/produit\\\/antenne-wifi-oyster-connect-global\\\/\",\"name\":\"Antenne Wifi Oyster Connect Global - Bantam\",\"isPartOf\":{\"@id\":\"https:\\\/\\\/shop.bantam.ch\\\/fr\\\/#website\"},\"primaryImageOfPage\":{\"@id\":\"https:\\\/\\\/shop.bantam.ch\\\/fr\\\/produit\\\/antenne-wifi-oyster-connect-global\\\/#primaryimage\"},\"image\":{\"@id\":\"https:\\\/\\\/shop.bantam.ch\\\/fr\\\/produit\\\/antenne-wifi-oyster-connect-global\\\/#primaryimage\"},\"thumbnailUrl\":\"https:\\\/\\\/shop.bantam.ch\\\/wp-content\\\/uploads\\\/2024\\\/09\\\/Movera-L-9962046100.jpg\",\"datePublished\":\"2024-05-15T14:05:30+00:00\",\"dateModified\":\"2026-05-11T21:05:27+00:00\",\"breadcrumb\":{\"@id\":\"https:\\\/\\\/shop.bantam.ch\\\/fr\\\/produit\\\/antenne-wifi-oyster-connect-global\\\/#breadcrumb\"},\"inLanguage\":\"fr-FR\",\"potentialAction\":[{\"@type\":\"ReadAction\",\"target\":[\"https:\\\/\\\/shop.bantam.ch\\\/fr\\\/produit\\\/antenne-wifi-oyster-connect-global\\\/\"]}]},{\"@type\":\"ImageObject\",\"inLanguage\":\"fr-FR\",\"@id\":\"https:\\\/\\\/shop.bantam.ch\\\/fr\\\/produit\\\/antenne-wifi-oyster-connect-global\\\/#primaryimage\",\"url\":\"https:\\\/\\\/shop.bantam.ch\\\/wp-content\\\/uploads\\\/2024\\\/09\\\/Movera-L-9962046100.jpg\",\"contentUrl\":\"https:\\\/\\\/shop.bantam.ch\\\/wp-content\\\/uploads\\\/2024\\\/09\\\/Movera-L-9962046100.jpg\",\"width\":640,\"height\":434},{\"@type\":\"BreadcrumbList\",\"@id\":\"https:\\\/\\\/shop.bantam.ch\\\/fr\\\/produit\\\/antenne-wifi-oyster-connect-global\\\/#breadcrumb\",\"itemListElement\":[{\"@type\":\"ListItem\",\"position\":1,\"name\":\"Accueil\",\"item\":\"https:\\\/\\\/shop.bantam.ch\\\/fr\\\/\"},{\"@type\":\"ListItem\",\"position\":2,\"name\":\"Boutique\",\"item\":\"https:\\\/\\\/shop.bantam.ch\\\/fr\\\/boutique\\\/\"},{\"@type\":\"ListItem\",\"position\":3,\"name\":\"Antenne Wifi Oyster Connect Global\"}]},{\"@type\":\"WebSite\",\"@id\":\"https:\\\/\\\/shop.bantam.ch\\\/fr\\\/#website\",\"url\":\"https:\\\/\\\/shop.bantam.ch\\\/fr\\\/\",\"name\":\"Bantam\",\"description\":\"\",\"publisher\":{\"@id\":\"https:\\\/\\\/shop.bantam.ch\\\/fr\\\/#organization\"},\"inLanguage\":\"fr-FR\"},{\"@type\":\"Organization\",\"@id\":\"https:\\\/\\\/shop.bantam.ch\\\/fr\\\/#organization\",\"name\":\"Bantam\",\"url\":\"https:\\\/\\\/shop.bantam.ch\\\/fr\\\/\",\"logo\":{\"@type\":\"ImageObject\",\"inLanguage\":\"fr-FR\",\"@id\":\"https:\\\/\\\/shop.bantam.ch\\\/fr\\\/#\\\/schema\\\/logo\\\/image\\\/\",\"url\":\"https:\\\/\\\/shop.bantam.ch\\\/wp-content\\\/uploads\\\/2022\\\/12\\\/bantam-logo.png\",\"contentUrl\":\"https:\\\/\\\/shop.bantam.ch\\\/wp-content\\\/uploads\\\/2022\\\/12\\\/bantam-logo.png\",\"width\":320,\"height\":71,\"caption\":\"Bantam\"},\"image\":{\"@id\":\"https:\\\/\\\/shop.bantam.ch\\\/fr\\\/#\\\/schema\\\/logo\\\/image\\\/\"}}]}<\/script>\n<!-- \/ Yoast SEO plugin. -->","yoast_head_json":{"title":"Antenne Wifi Oyster Connect Global - Bantam","robots":{"index":"index","follow":"follow","max-snippet":"max-snippet:-1","max-image-preview":"max-image-preview:large","max-video-preview":"max-video-preview:-1"},"canonical":"https:\/\/shop.bantam.ch\/fr\/produit\/antenne-wifi-oyster-connect-global\/","og_locale":"fr_FR","og_type":"article","og_title":"Antenne Wifi Oyster Connect Global - Bantam","og_description":"Qu&rsquo;il s&rsquo;agisse d&rsquo;un smartphone, d&rsquo;une tablette, d&rsquo;un ordinateur portable ou d&rsquo;une Smart TV &#8211; une fois connect\u00e9s au r\u00e9seau domestique, tous les appareils restent connect\u00e9s \u00e0 Internet et rien ne s&rsquo;oppose \u00e0 une navigation s\u00e9curis\u00e9e et rapide. En voyage, cependant, les campeurs doivent souvent r\u00e9duire leur consommation d&rsquo;Internet : une r\u00e9ception instable ou des r\u00e9seaux [&hellip;]","og_url":"https:\/\/shop.bantam.ch\/fr\/produit\/antenne-wifi-oyster-connect-global\/","og_site_name":"Bantam","article_modified_time":"2026-05-11T21:05:27+00:00","og_image":[{"width":640,"height":434,"url":"https:\/\/shop.bantam.ch\/wp-content\/uploads\/2024\/05\/Movera-L-9962046100.jpg","type":"image\/jpeg"}],"twitter_card":"summary_large_image","twitter_misc":{"Dur\u00e9e de lecture estim\u00e9e":"3 minutes"},"schema":{"@context":"https:\/\/schema.org","@graph":[{"@type":"WebPage","@id":"https:\/\/shop.bantam.ch\/fr\/produit\/antenne-wifi-oyster-connect-global\/","url":"https:\/\/shop.bantam.ch\/fr\/produit\/antenne-wifi-oyster-connect-global\/","name":"Antenne Wifi Oyster Connect Global - Bantam","isPartOf":{"@id":"https:\/\/shop.bantam.ch\/fr\/#website"},"primaryImageOfPage":{"@id":"https:\/\/shop.bantam.ch\/fr\/produit\/antenne-wifi-oyster-connect-global\/#primaryimage"},"image":{"@id":"https:\/\/shop.bantam.ch\/fr\/produit\/antenne-wifi-oyster-connect-global\/#primaryimage"},"thumbnailUrl":"https:\/\/shop.bantam.ch\/wp-content\/uploads\/2024\/09\/Movera-L-9962046100.jpg","datePublished":"2024-05-15T14:05:30+00:00","dateModified":"2026-05-11T21:05:27+00:00","breadcrumb":{"@id":"https:\/\/shop.bantam.ch\/fr\/produit\/antenne-wifi-oyster-connect-global\/#breadcrumb"},"inLanguage":"fr-FR","potentialAction":[{"@type":"ReadAction","target":["https:\/\/shop.bantam.ch\/fr\/produit\/antenne-wifi-oyster-connect-global\/"]}]},{"@type":"ImageObject","inLanguage":"fr-FR","@id":"https:\/\/shop.bantam.ch\/fr\/produit\/antenne-wifi-oyster-connect-global\/#primaryimage","url":"https:\/\/shop.bantam.ch\/wp-content\/uploads\/2024\/09\/Movera-L-9962046100.jpg","contentUrl":"https:\/\/shop.bantam.ch\/wp-content\/uploads\/2024\/09\/Movera-L-9962046100.jpg","width":640,"height":434},{"@type":"BreadcrumbList","@id":"https:\/\/shop.bantam.ch\/fr\/produit\/antenne-wifi-oyster-connect-global\/#breadcrumb","itemListElement":[{"@type":"ListItem","position":1,"name":"Accueil","item":"https:\/\/shop.bantam.ch\/fr\/"},{"@type":"ListItem","position":2,"name":"Boutique","item":"https:\/\/shop.bantam.ch\/fr\/boutique\/"},{"@type":"ListItem","position":3,"name":"Antenne Wifi Oyster Connect Global"}]},{"@type":"WebSite","@id":"https:\/\/shop.bantam.ch\/fr\/#website","url":"https:\/\/shop.bantam.ch\/fr\/","name":"Bantam","description":"","publisher":{"@id":"https:\/\/shop.bantam.ch\/fr\/#organization"},"inLanguage":"fr-FR"},{"@type":"Organization","@id":"https:\/\/shop.bantam.ch\/fr\/#organization","name":"Bantam","url":"https:\/\/shop.bantam.ch\/fr\/","logo":{"@type":"ImageObject","inLanguage":"fr-FR","@id":"https:\/\/shop.bantam.ch\/fr\/#\/schema\/logo\/image\/","url":"https:\/\/shop.bantam.ch\/wp-content\/uploads\/2022\/12\/bantam-logo.png","contentUrl":"https:\/\/shop.bantam.ch\/wp-content\/uploads\/2022\/12\/bantam-logo.png","width":320,"height":71,"caption":"Bantam"},"image":{"@id":"https:\/\/shop.bantam.ch\/fr\/#\/schema\/logo\/image\/"}}]}},"_links":{"self":[{"href":"https:\/\/shop.bantam.ch\/fr\/wp-json\/wp\/v2\/product\/196673","targetHints":{"allow":["GET"]}}],"collection":[{"href":"https:\/\/shop.bantam.ch\/fr\/wp-json\/wp\/v2\/product"}],"about":[{"href":"https:\/\/shop.bantam.ch\/fr\/wp-json\/wp\/v2\/types\/product"}],"wp:featuredmedia":[{"embeddable":true,"href":"https:\/\/shop.bantam.ch\/fr\/wp-json\/wp\/v2\/media\/206976"}],"wp:attachment":[{"href":"https:\/\/shop.bantam.ch\/fr\/wp-json\/wp\/v2\/media?parent=196673"}],"wp:term":[{"taxonomy":"product_featured_cat","embeddable":true,"href":"https:\/\/shop.bantam.ch\/fr\/wp-json\/wp\/v2\/product_featured_cat?post=196673"},{"taxonomy":"product_brand","embeddable":true,"href":"https:\/\/shop.bantam.ch\/fr\/wp-json\/wp\/v2\/product_brand?post=196673"},{"taxonomy":"product_cat","embeddable":true,"href":"https:\/\/shop.bantam.ch\/fr\/wp-json\/wp\/v2\/product_cat?post=196673"},{"taxonomy":"product_tag","embeddable":true,"href":"https:\/\/shop.bantam.ch\/fr\/wp-json\/wp\/v2\/product_tag?post=196673"}],"curies":[{"name":"wp","href":"https:\/\/api.w.org\/{rel}","templated":true}]}}