{"id":196665,"date":"2024-05-15T16:05:18","date_gmt":"2024-05-15T14:05:18","guid":{"rendered":"https:\/\/shop.bantam.ch\/produit\/camera-de-recul-zenec-lentille-double-ze-rvsc200-mk2\/"},"modified":"2026-04-18T23:10:55","modified_gmt":"2026-04-18T21:10:55","slug":"camera-de-recul-zenec-lentille-double-ze-rvsc200-mk2","status":"publish","type":"product","link":"https:\/\/shop.bantam.ch\/fr\/produit\/camera-de-recul-zenec-lentille-double-ze-rvsc200-mk2\/","title":{"rendered":"Cam\u00e9ra de recul Zenec Lentille double ZE-RVSC200-MK2"},"content":{"rendered":"<p>ZENEC ZE-RVSC200-MK2 Cam\u00e9ra de recul \u00e0 double objectif pour camping-cars, cam\u00e9ra pour camping-cars avec LED de vision nocturne et microphone.<\/p>\n<p>&nbsp;<\/p>\n<p>PRINCIPALES CARACT\u00c9RISTIQUES<\/p>\n<ul>\n<li>Cam\u00e9ra de recul compacte et \u00e9l\u00e9gante \u00e0 double objectif<\/li>\n<li>Fixation par clic Fast-Mount de l&rsquo;unit\u00e9 principale de la cam\u00e9ra sur la plaque de fixation<\/li>\n<li>Capteur Cam1 avec angle de vision horizontal de 50\u00f8 et capteur Cam2 avec angle de vision horizontal de 95\u00f8<\/li>\n<li>Les sections d&rsquo;image verticales et horizontales de Cam1 et Cam2 sont r\u00e9glables manuellement sur le bo\u00eetier de la cam\u00e9ra-<\/li>\n<li>Syst\u00e8me d&rsquo;\u00e9clairage nocturne IR-LED pour Cam2 avec contr\u00f4le dynamique de la luminosit\u00e9 LDR<\/li>\n<li>Microphone int\u00e9gr\u00e9 (Cam2)<\/li>\n<li>C\u00e2ble syst\u00e8me en 3 parties avec une longueur de c\u00e2ble principal de 17 m<\/li>\n<li>Adaptation au c\u00e2ble principal Waeco pos\u00e9 en usine dans le kit<\/li>\n<\/ul>\n<p>DONN\u00c9ES TECHNIQUES<\/p>\n<ul>\n<li>Capteur d&rsquo;image Cam1 + Cam2 : 6,09 mm SONY IMX225LQR CMOS capteur<\/li>\n<li>Distance focale lentille Cam1\/Cam2 : f3.5 \/ f2.3<\/li>\n<li>Syst\u00e8me TV : NTSC \/ 30 fps<\/li>\n<li>Angle de vision Cam1\/Cam2 : 90\u00f8 (D) x 50\u00f8 (H) x 45\u00f8 (V) \/ 130\u00f8 (D) x 95\u00f8(H) x 75\u00f8 (V)<\/li>\n<li>R\u00e9solution native du capteur : 1305 (H) x 977 (V) pixels<\/li>\n<li>R\u00e9solution du signal de sortie : &gt; 420 lignes TV<\/li>\n<li>Taux de rafra\u00eechissement : 30 champs\/sec.<\/li>\n<li>Rapport signal\/bruit : &gt; 48 dB<\/li>\n<li>Sensibilit\u00e9 \u00e0 la lumi\u00e8re : 0,3 lux<\/li>\n<li>Sortie vid\u00e9o : 1.0 Vp-p, 75 Ohm CVBS<\/li>\n<li>Correction gamma : 0,45<\/li>\n<li>Balance des blancs, compensation d&rsquo;exposition, compensation de luminosit\u00e9, synchronisation : automatique<\/li>\n<li>Alimentation \u00e9lectrique : DC 12 V<\/li>\n<li>Consommation \u00e9lectrique : 70 mA \/ 100 mA 12 V DC, 2040 mW<\/li>\n<li>Classe de protection : IP69K<\/li>\n<li>Temp\u00e9rature de fonctionnement : -30\u00f8 C \u00e0 +75\u00f8 C environ, RH 95 % max.<\/li>\n<\/ul>\n<p>Contenu de la livraison :<br \/>\nCam\u00e9ra de recul incluse, c\u00e2ble d&rsquo;extension principal en 3 parties (17 m), embout de c\u00e2ble pour les connexions c\u00f4t\u00e9 HU (0,7 m), c\u00e2ble adaptateur en 2 parties pour le c\u00e2ble principal WAECO pos\u00e9 en usine, mat\u00e9riel de montage et instructions de montage<\/p>\n","protected":false},"excerpt":{"rendered":"<p>ZENEC ZE-RVSC200-MK2 Cam\u00e9ra de recul \u00e0 double objectif pour camping-cars, cam\u00e9ra pour camping-cars avec LED de vision nocturne et microphone. &nbsp; PRINCIPALES CARACT\u00c9RISTIQUES Cam\u00e9ra de recul compacte et \u00e9l\u00e9gante \u00e0 double objectif Fixation par clic Fast-Mount de l&rsquo;unit\u00e9 principale de la cam\u00e9ra sur la plaque de fixation Capteur Cam1 avec angle de vision horizontal de [&hellip;]<\/p>\n","protected":false},"featured_media":206972,"template":"","meta":{"_acf_changed":false},"product_featured_cat":[],"product_brand":[3212],"product_cat":[5001],"product_tag":[],"class_list":{"0":"post-196665","1":"product","2":"type-product","3":"status-publish","4":"has-post-thumbnail","6":"product_brand-zenec","7":"product_cat-cameras","9":"first","10":"instock","11":"taxable","12":"shipping-taxable","13":"purchasable","14":"product-type-simple"},"acf":[],"yoast_head":"<!-- This site is optimized with the Yoast SEO plugin v27.4 - https:\/\/yoast.com\/product\/yoast-seo-wordpress\/ -->\n<title>Cam\u00e9ra de recul Zenec Lentille double ZE-RVSC200-MK2 - Bantam Wankm\u00fcller SA<\/title>\n<meta name=\"robots\" content=\"index, follow, max-snippet:-1, max-image-preview:large, max-video-preview:-1\" \/>\n<link rel=\"canonical\" href=\"https:\/\/shop.bantam.ch\/fr\/produit\/camera-de-recul-zenec-lentille-double-ze-rvsc200-mk2\/\" \/>\n<meta property=\"og:locale\" content=\"fr_FR\" \/>\n<meta property=\"og:type\" content=\"article\" \/>\n<meta property=\"og:title\" content=\"Cam\u00e9ra de recul Zenec Lentille double ZE-RVSC200-MK2 - Bantam Wankm\u00fcller SA\" \/>\n<meta property=\"og:description\" content=\"ZENEC ZE-RVSC200-MK2 Cam\u00e9ra de recul \u00e0 double objectif pour camping-cars, cam\u00e9ra pour camping-cars avec LED de vision nocturne et microphone. &nbsp; PRINCIPALES CARACT\u00c9RISTIQUES Cam\u00e9ra de recul compacte et \u00e9l\u00e9gante \u00e0 double objectif Fixation par clic Fast-Mount de l&rsquo;unit\u00e9 principale de la cam\u00e9ra sur la plaque de fixation Capteur Cam1 avec angle de vision horizontal de [&hellip;]\" \/>\n<meta property=\"og:url\" content=\"https:\/\/shop.bantam.ch\/fr\/produit\/camera-de-recul-zenec-lentille-double-ze-rvsc200-mk2\/\" \/>\n<meta property=\"og:site_name\" content=\"Bantam Wankm\u00fcller SA\" \/>\n<meta property=\"article:modified_time\" content=\"2026-04-18T21:10:55+00:00\" \/>\n<meta property=\"og:image\" content=\"https:\/\/shop.bantam.ch\/wp-content\/uploads\/2024\/05\/Movera-L-9962044100.jpg\" \/>\n\t<meta property=\"og:image:width\" content=\"640\" \/>\n\t<meta property=\"og:image:height\" content=\"380\" \/>\n\t<meta property=\"og:image:type\" content=\"image\/jpeg\" \/>\n<meta name=\"twitter:card\" content=\"summary_large_image\" \/>\n<meta name=\"twitter:label1\" content=\"Dur\u00e9e de lecture estim\u00e9e\" \/>\n\t<meta name=\"twitter:data1\" content=\"2 minutes\" \/>\n<script type=\"application\/ld+json\" class=\"yoast-schema-graph\">{\"@context\":\"https:\\\/\\\/schema.org\",\"@graph\":[{\"@type\":\"WebPage\",\"@id\":\"https:\\\/\\\/shop.bantam.ch\\\/fr\\\/produit\\\/camera-de-recul-zenec-lentille-double-ze-rvsc200-mk2\\\/\",\"url\":\"https:\\\/\\\/shop.bantam.ch\\\/fr\\\/produit\\\/camera-de-recul-zenec-lentille-double-ze-rvsc200-mk2\\\/\",\"name\":\"Cam\u00e9ra de recul Zenec Lentille double ZE-RVSC200-MK2 - Bantam Wankm\u00fcller SA\",\"isPartOf\":{\"@id\":\"https:\\\/\\\/shop.bantam.ch\\\/fr\\\/#website\"},\"primaryImageOfPage\":{\"@id\":\"https:\\\/\\\/shop.bantam.ch\\\/fr\\\/produit\\\/camera-de-recul-zenec-lentille-double-ze-rvsc200-mk2\\\/#primaryimage\"},\"image\":{\"@id\":\"https:\\\/\\\/shop.bantam.ch\\\/fr\\\/produit\\\/camera-de-recul-zenec-lentille-double-ze-rvsc200-mk2\\\/#primaryimage\"},\"thumbnailUrl\":\"https:\\\/\\\/shop.bantam.ch\\\/wp-content\\\/uploads\\\/2024\\\/09\\\/Movera-L-9962044100.jpg\",\"datePublished\":\"2024-05-15T14:05:18+00:00\",\"dateModified\":\"2026-04-18T21:10:55+00:00\",\"breadcrumb\":{\"@id\":\"https:\\\/\\\/shop.bantam.ch\\\/fr\\\/produit\\\/camera-de-recul-zenec-lentille-double-ze-rvsc200-mk2\\\/#breadcrumb\"},\"inLanguage\":\"fr-FR\",\"potentialAction\":[{\"@type\":\"ReadAction\",\"target\":[\"https:\\\/\\\/shop.bantam.ch\\\/fr\\\/produit\\\/camera-de-recul-zenec-lentille-double-ze-rvsc200-mk2\\\/\"]}]},{\"@type\":\"ImageObject\",\"inLanguage\":\"fr-FR\",\"@id\":\"https:\\\/\\\/shop.bantam.ch\\\/fr\\\/produit\\\/camera-de-recul-zenec-lentille-double-ze-rvsc200-mk2\\\/#primaryimage\",\"url\":\"https:\\\/\\\/shop.bantam.ch\\\/wp-content\\\/uploads\\\/2024\\\/09\\\/Movera-L-9962044100.jpg\",\"contentUrl\":\"https:\\\/\\\/shop.bantam.ch\\\/wp-content\\\/uploads\\\/2024\\\/09\\\/Movera-L-9962044100.jpg\",\"width\":640,\"height\":380},{\"@type\":\"BreadcrumbList\",\"@id\":\"https:\\\/\\\/shop.bantam.ch\\\/fr\\\/produit\\\/camera-de-recul-zenec-lentille-double-ze-rvsc200-mk2\\\/#breadcrumb\",\"itemListElement\":[{\"@type\":\"ListItem\",\"position\":1,\"name\":\"Accueil\",\"item\":\"https:\\\/\\\/shop.bantam.ch\\\/fr\\\/\"},{\"@type\":\"ListItem\",\"position\":2,\"name\":\"Boutique\",\"item\":\"https:\\\/\\\/shop.bantam.ch\\\/fr\\\/boutique\\\/\"},{\"@type\":\"ListItem\",\"position\":3,\"name\":\"Cam\u00e9ra de recul Zenec Lentille double ZE-RVSC200-MK2\"}]},{\"@type\":\"WebSite\",\"@id\":\"https:\\\/\\\/shop.bantam.ch\\\/fr\\\/#website\",\"url\":\"https:\\\/\\\/shop.bantam.ch\\\/fr\\\/\",\"name\":\"Bantam Wankm\u00fcller SA\",\"description\":\"\",\"publisher\":{\"@id\":\"https:\\\/\\\/shop.bantam.ch\\\/fr\\\/#organization\"},\"inLanguage\":\"fr-FR\"},{\"@type\":\"Organization\",\"@id\":\"https:\\\/\\\/shop.bantam.ch\\\/fr\\\/#organization\",\"name\":\"Bantam Wankm\u00fcller SA\",\"url\":\"https:\\\/\\\/shop.bantam.ch\\\/fr\\\/\",\"logo\":{\"@type\":\"ImageObject\",\"inLanguage\":\"fr-FR\",\"@id\":\"https:\\\/\\\/shop.bantam.ch\\\/fr\\\/#\\\/schema\\\/logo\\\/image\\\/\",\"url\":\"https:\\\/\\\/shop.bantam.ch\\\/wp-content\\\/uploads\\\/2022\\\/12\\\/bantam-logo.png\",\"contentUrl\":\"https:\\\/\\\/shop.bantam.ch\\\/wp-content\\\/uploads\\\/2022\\\/12\\\/bantam-logo.png\",\"width\":320,\"height\":71,\"caption\":\"Bantam Wankm\u00fcller SA\"},\"image\":{\"@id\":\"https:\\\/\\\/shop.bantam.ch\\\/fr\\\/#\\\/schema\\\/logo\\\/image\\\/\"}}]}<\/script>\n<!-- \/ Yoast SEO plugin. -->","yoast_head_json":{"title":"Cam\u00e9ra de recul Zenec Lentille double ZE-RVSC200-MK2 - Bantam Wankm\u00fcller SA","robots":{"index":"index","follow":"follow","max-snippet":"max-snippet:-1","max-image-preview":"max-image-preview:large","max-video-preview":"max-video-preview:-1"},"canonical":"https:\/\/shop.bantam.ch\/fr\/produit\/camera-de-recul-zenec-lentille-double-ze-rvsc200-mk2\/","og_locale":"fr_FR","og_type":"article","og_title":"Cam\u00e9ra de recul Zenec Lentille double ZE-RVSC200-MK2 - Bantam Wankm\u00fcller SA","og_description":"ZENEC ZE-RVSC200-MK2 Cam\u00e9ra de recul \u00e0 double objectif pour camping-cars, cam\u00e9ra pour camping-cars avec LED de vision nocturne et microphone. &nbsp; PRINCIPALES CARACT\u00c9RISTIQUES Cam\u00e9ra de recul compacte et \u00e9l\u00e9gante \u00e0 double objectif Fixation par clic Fast-Mount de l&rsquo;unit\u00e9 principale de la cam\u00e9ra sur la plaque de fixation Capteur Cam1 avec angle de vision horizontal de [&hellip;]","og_url":"https:\/\/shop.bantam.ch\/fr\/produit\/camera-de-recul-zenec-lentille-double-ze-rvsc200-mk2\/","og_site_name":"Bantam Wankm\u00fcller SA","article_modified_time":"2026-04-18T21:10:55+00:00","og_image":[{"width":640,"height":380,"url":"https:\/\/shop.bantam.ch\/wp-content\/uploads\/2024\/05\/Movera-L-9962044100.jpg","type":"image\/jpeg"}],"twitter_card":"summary_large_image","twitter_misc":{"Dur\u00e9e de lecture estim\u00e9e":"2 minutes"},"schema":{"@context":"https:\/\/schema.org","@graph":[{"@type":"WebPage","@id":"https:\/\/shop.bantam.ch\/fr\/produit\/camera-de-recul-zenec-lentille-double-ze-rvsc200-mk2\/","url":"https:\/\/shop.bantam.ch\/fr\/produit\/camera-de-recul-zenec-lentille-double-ze-rvsc200-mk2\/","name":"Cam\u00e9ra de recul Zenec Lentille double ZE-RVSC200-MK2 - Bantam Wankm\u00fcller SA","isPartOf":{"@id":"https:\/\/shop.bantam.ch\/fr\/#website"},"primaryImageOfPage":{"@id":"https:\/\/shop.bantam.ch\/fr\/produit\/camera-de-recul-zenec-lentille-double-ze-rvsc200-mk2\/#primaryimage"},"image":{"@id":"https:\/\/shop.bantam.ch\/fr\/produit\/camera-de-recul-zenec-lentille-double-ze-rvsc200-mk2\/#primaryimage"},"thumbnailUrl":"https:\/\/shop.bantam.ch\/wp-content\/uploads\/2024\/09\/Movera-L-9962044100.jpg","datePublished":"2024-05-15T14:05:18+00:00","dateModified":"2026-04-18T21:10:55+00:00","breadcrumb":{"@id":"https:\/\/shop.bantam.ch\/fr\/produit\/camera-de-recul-zenec-lentille-double-ze-rvsc200-mk2\/#breadcrumb"},"inLanguage":"fr-FR","potentialAction":[{"@type":"ReadAction","target":["https:\/\/shop.bantam.ch\/fr\/produit\/camera-de-recul-zenec-lentille-double-ze-rvsc200-mk2\/"]}]},{"@type":"ImageObject","inLanguage":"fr-FR","@id":"https:\/\/shop.bantam.ch\/fr\/produit\/camera-de-recul-zenec-lentille-double-ze-rvsc200-mk2\/#primaryimage","url":"https:\/\/shop.bantam.ch\/wp-content\/uploads\/2024\/09\/Movera-L-9962044100.jpg","contentUrl":"https:\/\/shop.bantam.ch\/wp-content\/uploads\/2024\/09\/Movera-L-9962044100.jpg","width":640,"height":380},{"@type":"BreadcrumbList","@id":"https:\/\/shop.bantam.ch\/fr\/produit\/camera-de-recul-zenec-lentille-double-ze-rvsc200-mk2\/#breadcrumb","itemListElement":[{"@type":"ListItem","position":1,"name":"Accueil","item":"https:\/\/shop.bantam.ch\/fr\/"},{"@type":"ListItem","position":2,"name":"Boutique","item":"https:\/\/shop.bantam.ch\/fr\/boutique\/"},{"@type":"ListItem","position":3,"name":"Cam\u00e9ra de recul Zenec Lentille double ZE-RVSC200-MK2"}]},{"@type":"WebSite","@id":"https:\/\/shop.bantam.ch\/fr\/#website","url":"https:\/\/shop.bantam.ch\/fr\/","name":"Bantam Wankm\u00fcller SA","description":"","publisher":{"@id":"https:\/\/shop.bantam.ch\/fr\/#organization"},"inLanguage":"fr-FR"},{"@type":"Organization","@id":"https:\/\/shop.bantam.ch\/fr\/#organization","name":"Bantam Wankm\u00fcller SA","url":"https:\/\/shop.bantam.ch\/fr\/","logo":{"@type":"ImageObject","inLanguage":"fr-FR","@id":"https:\/\/shop.bantam.ch\/fr\/#\/schema\/logo\/image\/","url":"https:\/\/shop.bantam.ch\/wp-content\/uploads\/2022\/12\/bantam-logo.png","contentUrl":"https:\/\/shop.bantam.ch\/wp-content\/uploads\/2022\/12\/bantam-logo.png","width":320,"height":71,"caption":"Bantam Wankm\u00fcller SA"},"image":{"@id":"https:\/\/shop.bantam.ch\/fr\/#\/schema\/logo\/image\/"}}]}},"_links":{"self":[{"href":"https:\/\/shop.bantam.ch\/fr\/wp-json\/wp\/v2\/product\/196665","targetHints":{"allow":["GET"]}}],"collection":[{"href":"https:\/\/shop.bantam.ch\/fr\/wp-json\/wp\/v2\/product"}],"about":[{"href":"https:\/\/shop.bantam.ch\/fr\/wp-json\/wp\/v2\/types\/product"}],"wp:featuredmedia":[{"embeddable":true,"href":"https:\/\/shop.bantam.ch\/fr\/wp-json\/wp\/v2\/media\/206972"}],"wp:attachment":[{"href":"https:\/\/shop.bantam.ch\/fr\/wp-json\/wp\/v2\/media?parent=196665"}],"wp:term":[{"taxonomy":"product_featured_cat","embeddable":true,"href":"https:\/\/shop.bantam.ch\/fr\/wp-json\/wp\/v2\/product_featured_cat?post=196665"},{"taxonomy":"product_brand","embeddable":true,"href":"https:\/\/shop.bantam.ch\/fr\/wp-json\/wp\/v2\/product_brand?post=196665"},{"taxonomy":"product_cat","embeddable":true,"href":"https:\/\/shop.bantam.ch\/fr\/wp-json\/wp\/v2\/product_cat?post=196665"},{"taxonomy":"product_tag","embeddable":true,"href":"https:\/\/shop.bantam.ch\/fr\/wp-json\/wp\/v2\/product_tag?post=196665"}],"curies":[{"name":"wp","href":"https:\/\/api.w.org\/{rel}","templated":true}]}}