{"id":196655,"date":"2024-05-15T16:04:57","date_gmt":"2024-05-15T14:04:57","guid":{"rendered":"https:\/\/shop.bantam.ch\/produit\/guide-touristique-du-camping-car-voyage-know-how-normandie\/"},"modified":"2026-04-18T23:10:55","modified_gmt":"2026-04-18T21:10:55","slug":"guide-touristique-du-camping-car-voyage-know-how-normandie","status":"publish","type":"product","link":"https:\/\/shop.bantam.ch\/fr\/produit\/guide-touristique-du-camping-car-voyage-know-how-normandie\/","title":{"rendered":"Guide touristique du camping-car Voyage Know-How Normandie"},"content":{"rendered":"<p>Ce guide touristique pour camping-cars est le compagnon id\u00e9al pour d\u00e9couvrir les plus belles r\u00e9gions et les plus beaux sites de Normandie. Dix descriptions d&rsquo;itin\u00e9raires d\u00e9taill\u00e9es &#8211; plus de 300 descriptions de campings et d&#8217;emplacements, de parkings et d&rsquo;aires de pique-nique, y compris les donn\u00e9es GPS et l&rsquo;acc\u00e8s &#8211; plus de 30 pages d&rsquo;atlas des itin\u00e9raires &#8211; des points forts des paysages, des villes remarquables, des villages charmants et des kilom\u00e8tres de plages &#8211; de pr\u00e9cieux conseils pour les sorties au restaurant et l&rsquo;achat de produits locaux. En plus : application web gratuite pour smartphone, tablette et PC avec la situation des campings et des emplacements, y compris les vues satellites, le guidage routier pour s&rsquo;y rendre et les actualit\u00e9s et corrections li\u00e9es aux pages apr\u00e8s la cl\u00f4ture de la r\u00e9daction, directement accessible via le code QR sur la page de garde du livre. Donn\u00e9es GPS \u00e0 t\u00e9l\u00e9charger. Camping-cariste passionn\u00e9 ou d\u00e9butant, jeune famille ou senior : avec ce livre, chacun trouvera son paradis de vacances id\u00e9al. Ici, de magnifiques et vastes plages de sable \u00e0 l&rsquo;ouest alternent avec les hautes falaises de craie de la c\u00f4te d&rsquo;Alb\u00e2tre. Un charmant paysage de collines avec des lacs, des rivi\u00e8res et des for\u00eats est la patrie du calvados, du cidre et des fromages normands. Gaby G\u00f6lz, journaliste de voyage et vid\u00e9aste exp\u00e9riment\u00e9e, guide le lecteur sur dix itin\u00e9raires reli\u00e9s entre eux vers des plages paradisiaques, des paysages charmants, des villes riches en traditions et des villages romantiques.&nbsp;Au sommaire : Dix propositions d&rsquo;itin\u00e9raires \u00e9labor\u00e9es en d\u00e9tail et pouvant \u00eatre combin\u00e9es Itin\u00e9raires avantageux au d\u00e9part de l&rsquo;Allemagne, de l&rsquo;Autriche et de la Suisse Parcs, campings et emplacements avec tous les d\u00e9tails Visites de villes avec emplacements et parkings appropri\u00e9s Curiosit\u00e9s, restaurants recommand\u00e9s, d\u00e9gustations et possibilit\u00e9s int\u00e9ressantes d&rsquo;achat de produits r\u00e9gionaux Conseils pour des excursions, des randonn\u00e9es et d&rsquo;autres activit\u00e9s 17 plans de ville clairs, coordonn\u00e9s avec le texte Les plus belles plages de la Manche Plus de 30 pages d&rsquo;atlas des itin\u00e9raires avec emplacements de camping et de stationnement Donn\u00e9es GPS continues Points d&rsquo;approvisionnement et d&rsquo;\u00e9limination des d\u00e9chets le long des itin\u00e9raires Conseils pour la s\u00e9curit\u00e9 et le d\u00e9pannage Br\u00e8ves digressions divertissantes sur des th\u00e8mes historiques et culturels Conseils pratiques importants pour voyager en France Liste de mots allemand-fran\u00e7ais avec vocabulaire sp\u00e9cial pour les camping-cars Guide touristique pour camping-cars &#8211; les livres de bord actuels de Reise Know-How sur les r\u00e9gions les plus populaires d&rsquo;Europe pour les camping-cars. Fond\u00e9, clair, pratique. Avec des cartes routi\u00e8res et des plans de ville pr\u00e9cis, des photos d&rsquo;ambiance, une reliure r\u00e9sistante, des donn\u00e9es sur les emplacements GPS \u00e0 t\u00e9l\u00e9charger &#8230;<\/p>\n","protected":false},"excerpt":{"rendered":"<p>Ce guide touristique pour camping-cars est le compagnon id\u00e9al pour d\u00e9couvrir les plus belles r\u00e9gions et les plus beaux sites de Normandie. Dix descriptions d&rsquo;itin\u00e9raires d\u00e9taill\u00e9es &#8211; plus de 300 descriptions de campings et d&#8217;emplacements, de parkings et d&rsquo;aires de pique-nique, y compris les donn\u00e9es GPS et l&rsquo;acc\u00e8s &#8211; plus de 30 pages d&rsquo;atlas des [&hellip;]<\/p>\n","protected":false},"featured_media":206970,"template":"","meta":{"_acf_changed":false},"product_featured_cat":[],"product_brand":[5237],"product_cat":[4351],"product_tag":[],"class_list":{"0":"post-196655","1":"product","2":"type-product","3":"status-publish","4":"has-post-thumbnail","6":"product_brand-reise-know-how-2","7":"product_cat-guides-de-voyage","9":"first","10":"instock","11":"taxable","12":"shipping-taxable","13":"purchasable","14":"product-type-simple"},"acf":[],"yoast_head":"<!-- This site is optimized with the Yoast SEO plugin v27.4 - https:\/\/yoast.com\/product\/yoast-seo-wordpress\/ -->\n<title>Guide touristique du camping-car Voyage Know-How Normandie - Bantam Wankm\u00fcller SA<\/title>\n<meta name=\"robots\" content=\"index, follow, max-snippet:-1, max-image-preview:large, max-video-preview:-1\" \/>\n<link rel=\"canonical\" href=\"https:\/\/shop.bantam.ch\/fr\/produit\/guide-touristique-du-camping-car-voyage-know-how-normandie\/\" \/>\n<meta property=\"og:locale\" content=\"fr_FR\" \/>\n<meta property=\"og:type\" content=\"article\" \/>\n<meta property=\"og:title\" content=\"Guide touristique du camping-car Voyage Know-How Normandie - Bantam Wankm\u00fcller SA\" \/>\n<meta property=\"og:description\" content=\"Ce guide touristique pour camping-cars est le compagnon id\u00e9al pour d\u00e9couvrir les plus belles r\u00e9gions et les plus beaux sites de Normandie. Dix descriptions d&rsquo;itin\u00e9raires d\u00e9taill\u00e9es &#8211; plus de 300 descriptions de campings et d&#8217;emplacements, de parkings et d&rsquo;aires de pique-nique, y compris les donn\u00e9es GPS et l&rsquo;acc\u00e8s &#8211; plus de 30 pages d&rsquo;atlas des [&hellip;]\" \/>\n<meta property=\"og:url\" content=\"https:\/\/shop.bantam.ch\/fr\/produit\/guide-touristique-du-camping-car-voyage-know-how-normandie\/\" \/>\n<meta property=\"og:site_name\" content=\"Bantam Wankm\u00fcller SA\" \/>\n<meta property=\"article:modified_time\" content=\"2026-04-18T21:10:55+00:00\" \/>\n<meta property=\"og:image\" content=\"https:\/\/shop.bantam.ch\/wp-content\/uploads\/2024\/05\/Movera-L-9962041100.jpg\" \/>\n\t<meta property=\"og:image:width\" content=\"640\" \/>\n\t<meta property=\"og:image:height\" content=\"941\" \/>\n\t<meta property=\"og:image:type\" content=\"image\/jpeg\" \/>\n<meta name=\"twitter:card\" content=\"summary_large_image\" \/>\n<meta name=\"twitter:label1\" content=\"Dur\u00e9e de lecture estim\u00e9e\" \/>\n\t<meta name=\"twitter:data1\" content=\"2 minutes\" \/>\n<script type=\"application\/ld+json\" class=\"yoast-schema-graph\">{\"@context\":\"https:\\\/\\\/schema.org\",\"@graph\":[{\"@type\":\"WebPage\",\"@id\":\"https:\\\/\\\/shop.bantam.ch\\\/fr\\\/produit\\\/guide-touristique-du-camping-car-voyage-know-how-normandie\\\/\",\"url\":\"https:\\\/\\\/shop.bantam.ch\\\/fr\\\/produit\\\/guide-touristique-du-camping-car-voyage-know-how-normandie\\\/\",\"name\":\"Guide touristique du camping-car Voyage Know-How Normandie - Bantam Wankm\u00fcller SA\",\"isPartOf\":{\"@id\":\"https:\\\/\\\/shop.bantam.ch\\\/fr\\\/#website\"},\"primaryImageOfPage\":{\"@id\":\"https:\\\/\\\/shop.bantam.ch\\\/fr\\\/produit\\\/guide-touristique-du-camping-car-voyage-know-how-normandie\\\/#primaryimage\"},\"image\":{\"@id\":\"https:\\\/\\\/shop.bantam.ch\\\/fr\\\/produit\\\/guide-touristique-du-camping-car-voyage-know-how-normandie\\\/#primaryimage\"},\"thumbnailUrl\":\"https:\\\/\\\/shop.bantam.ch\\\/wp-content\\\/uploads\\\/2024\\\/09\\\/Movera-L-9962041100.jpg\",\"datePublished\":\"2024-05-15T14:04:57+00:00\",\"dateModified\":\"2026-04-18T21:10:55+00:00\",\"breadcrumb\":{\"@id\":\"https:\\\/\\\/shop.bantam.ch\\\/fr\\\/produit\\\/guide-touristique-du-camping-car-voyage-know-how-normandie\\\/#breadcrumb\"},\"inLanguage\":\"fr-FR\",\"potentialAction\":[{\"@type\":\"ReadAction\",\"target\":[\"https:\\\/\\\/shop.bantam.ch\\\/fr\\\/produit\\\/guide-touristique-du-camping-car-voyage-know-how-normandie\\\/\"]}]},{\"@type\":\"ImageObject\",\"inLanguage\":\"fr-FR\",\"@id\":\"https:\\\/\\\/shop.bantam.ch\\\/fr\\\/produit\\\/guide-touristique-du-camping-car-voyage-know-how-normandie\\\/#primaryimage\",\"url\":\"https:\\\/\\\/shop.bantam.ch\\\/wp-content\\\/uploads\\\/2024\\\/09\\\/Movera-L-9962041100.jpg\",\"contentUrl\":\"https:\\\/\\\/shop.bantam.ch\\\/wp-content\\\/uploads\\\/2024\\\/09\\\/Movera-L-9962041100.jpg\",\"width\":640,\"height\":941},{\"@type\":\"BreadcrumbList\",\"@id\":\"https:\\\/\\\/shop.bantam.ch\\\/fr\\\/produit\\\/guide-touristique-du-camping-car-voyage-know-how-normandie\\\/#breadcrumb\",\"itemListElement\":[{\"@type\":\"ListItem\",\"position\":1,\"name\":\"Accueil\",\"item\":\"https:\\\/\\\/shop.bantam.ch\\\/fr\\\/\"},{\"@type\":\"ListItem\",\"position\":2,\"name\":\"Boutique\",\"item\":\"https:\\\/\\\/shop.bantam.ch\\\/fr\\\/boutique\\\/\"},{\"@type\":\"ListItem\",\"position\":3,\"name\":\"Guide touristique du camping-car Voyage Know-How Normandie\"}]},{\"@type\":\"WebSite\",\"@id\":\"https:\\\/\\\/shop.bantam.ch\\\/fr\\\/#website\",\"url\":\"https:\\\/\\\/shop.bantam.ch\\\/fr\\\/\",\"name\":\"Bantam Wankm\u00fcller SA\",\"description\":\"\",\"publisher\":{\"@id\":\"https:\\\/\\\/shop.bantam.ch\\\/fr\\\/#organization\"},\"inLanguage\":\"fr-FR\"},{\"@type\":\"Organization\",\"@id\":\"https:\\\/\\\/shop.bantam.ch\\\/fr\\\/#organization\",\"name\":\"Bantam Wankm\u00fcller SA\",\"url\":\"https:\\\/\\\/shop.bantam.ch\\\/fr\\\/\",\"logo\":{\"@type\":\"ImageObject\",\"inLanguage\":\"fr-FR\",\"@id\":\"https:\\\/\\\/shop.bantam.ch\\\/fr\\\/#\\\/schema\\\/logo\\\/image\\\/\",\"url\":\"https:\\\/\\\/shop.bantam.ch\\\/wp-content\\\/uploads\\\/2022\\\/12\\\/bantam-logo.png\",\"contentUrl\":\"https:\\\/\\\/shop.bantam.ch\\\/wp-content\\\/uploads\\\/2022\\\/12\\\/bantam-logo.png\",\"width\":320,\"height\":71,\"caption\":\"Bantam Wankm\u00fcller SA\"},\"image\":{\"@id\":\"https:\\\/\\\/shop.bantam.ch\\\/fr\\\/#\\\/schema\\\/logo\\\/image\\\/\"}}]}<\/script>\n<!-- \/ Yoast SEO plugin. -->","yoast_head_json":{"title":"Guide touristique du camping-car Voyage Know-How Normandie - Bantam Wankm\u00fcller SA","robots":{"index":"index","follow":"follow","max-snippet":"max-snippet:-1","max-image-preview":"max-image-preview:large","max-video-preview":"max-video-preview:-1"},"canonical":"https:\/\/shop.bantam.ch\/fr\/produit\/guide-touristique-du-camping-car-voyage-know-how-normandie\/","og_locale":"fr_FR","og_type":"article","og_title":"Guide touristique du camping-car Voyage Know-How Normandie - Bantam Wankm\u00fcller SA","og_description":"Ce guide touristique pour camping-cars est le compagnon id\u00e9al pour d\u00e9couvrir les plus belles r\u00e9gions et les plus beaux sites de Normandie. Dix descriptions d&rsquo;itin\u00e9raires d\u00e9taill\u00e9es &#8211; plus de 300 descriptions de campings et d&#8217;emplacements, de parkings et d&rsquo;aires de pique-nique, y compris les donn\u00e9es GPS et l&rsquo;acc\u00e8s &#8211; plus de 30 pages d&rsquo;atlas des [&hellip;]","og_url":"https:\/\/shop.bantam.ch\/fr\/produit\/guide-touristique-du-camping-car-voyage-know-how-normandie\/","og_site_name":"Bantam Wankm\u00fcller SA","article_modified_time":"2026-04-18T21:10:55+00:00","og_image":[{"width":640,"height":941,"url":"https:\/\/shop.bantam.ch\/wp-content\/uploads\/2024\/05\/Movera-L-9962041100.jpg","type":"image\/jpeg"}],"twitter_card":"summary_large_image","twitter_misc":{"Dur\u00e9e de lecture estim\u00e9e":"2 minutes"},"schema":{"@context":"https:\/\/schema.org","@graph":[{"@type":"WebPage","@id":"https:\/\/shop.bantam.ch\/fr\/produit\/guide-touristique-du-camping-car-voyage-know-how-normandie\/","url":"https:\/\/shop.bantam.ch\/fr\/produit\/guide-touristique-du-camping-car-voyage-know-how-normandie\/","name":"Guide touristique du camping-car Voyage Know-How Normandie - Bantam Wankm\u00fcller SA","isPartOf":{"@id":"https:\/\/shop.bantam.ch\/fr\/#website"},"primaryImageOfPage":{"@id":"https:\/\/shop.bantam.ch\/fr\/produit\/guide-touristique-du-camping-car-voyage-know-how-normandie\/#primaryimage"},"image":{"@id":"https:\/\/shop.bantam.ch\/fr\/produit\/guide-touristique-du-camping-car-voyage-know-how-normandie\/#primaryimage"},"thumbnailUrl":"https:\/\/shop.bantam.ch\/wp-content\/uploads\/2024\/09\/Movera-L-9962041100.jpg","datePublished":"2024-05-15T14:04:57+00:00","dateModified":"2026-04-18T21:10:55+00:00","breadcrumb":{"@id":"https:\/\/shop.bantam.ch\/fr\/produit\/guide-touristique-du-camping-car-voyage-know-how-normandie\/#breadcrumb"},"inLanguage":"fr-FR","potentialAction":[{"@type":"ReadAction","target":["https:\/\/shop.bantam.ch\/fr\/produit\/guide-touristique-du-camping-car-voyage-know-how-normandie\/"]}]},{"@type":"ImageObject","inLanguage":"fr-FR","@id":"https:\/\/shop.bantam.ch\/fr\/produit\/guide-touristique-du-camping-car-voyage-know-how-normandie\/#primaryimage","url":"https:\/\/shop.bantam.ch\/wp-content\/uploads\/2024\/09\/Movera-L-9962041100.jpg","contentUrl":"https:\/\/shop.bantam.ch\/wp-content\/uploads\/2024\/09\/Movera-L-9962041100.jpg","width":640,"height":941},{"@type":"BreadcrumbList","@id":"https:\/\/shop.bantam.ch\/fr\/produit\/guide-touristique-du-camping-car-voyage-know-how-normandie\/#breadcrumb","itemListElement":[{"@type":"ListItem","position":1,"name":"Accueil","item":"https:\/\/shop.bantam.ch\/fr\/"},{"@type":"ListItem","position":2,"name":"Boutique","item":"https:\/\/shop.bantam.ch\/fr\/boutique\/"},{"@type":"ListItem","position":3,"name":"Guide touristique du camping-car Voyage Know-How Normandie"}]},{"@type":"WebSite","@id":"https:\/\/shop.bantam.ch\/fr\/#website","url":"https:\/\/shop.bantam.ch\/fr\/","name":"Bantam Wankm\u00fcller SA","description":"","publisher":{"@id":"https:\/\/shop.bantam.ch\/fr\/#organization"},"inLanguage":"fr-FR"},{"@type":"Organization","@id":"https:\/\/shop.bantam.ch\/fr\/#organization","name":"Bantam Wankm\u00fcller SA","url":"https:\/\/shop.bantam.ch\/fr\/","logo":{"@type":"ImageObject","inLanguage":"fr-FR","@id":"https:\/\/shop.bantam.ch\/fr\/#\/schema\/logo\/image\/","url":"https:\/\/shop.bantam.ch\/wp-content\/uploads\/2022\/12\/bantam-logo.png","contentUrl":"https:\/\/shop.bantam.ch\/wp-content\/uploads\/2022\/12\/bantam-logo.png","width":320,"height":71,"caption":"Bantam Wankm\u00fcller SA"},"image":{"@id":"https:\/\/shop.bantam.ch\/fr\/#\/schema\/logo\/image\/"}}]}},"_links":{"self":[{"href":"https:\/\/shop.bantam.ch\/fr\/wp-json\/wp\/v2\/product\/196655","targetHints":{"allow":["GET"]}}],"collection":[{"href":"https:\/\/shop.bantam.ch\/fr\/wp-json\/wp\/v2\/product"}],"about":[{"href":"https:\/\/shop.bantam.ch\/fr\/wp-json\/wp\/v2\/types\/product"}],"wp:featuredmedia":[{"embeddable":true,"href":"https:\/\/shop.bantam.ch\/fr\/wp-json\/wp\/v2\/media\/206970"}],"wp:attachment":[{"href":"https:\/\/shop.bantam.ch\/fr\/wp-json\/wp\/v2\/media?parent=196655"}],"wp:term":[{"taxonomy":"product_featured_cat","embeddable":true,"href":"https:\/\/shop.bantam.ch\/fr\/wp-json\/wp\/v2\/product_featured_cat?post=196655"},{"taxonomy":"product_brand","embeddable":true,"href":"https:\/\/shop.bantam.ch\/fr\/wp-json\/wp\/v2\/product_brand?post=196655"},{"taxonomy":"product_cat","embeddable":true,"href":"https:\/\/shop.bantam.ch\/fr\/wp-json\/wp\/v2\/product_cat?post=196655"},{"taxonomy":"product_tag","embeddable":true,"href":"https:\/\/shop.bantam.ch\/fr\/wp-json\/wp\/v2\/product_tag?post=196655"}],"curies":[{"name":"wp","href":"https:\/\/api.w.org\/{rel}","templated":true}]}}