{"id":196543,"date":"2024-05-15T16:02:30","date_gmt":"2024-05-15T14:02:30","guid":{"rendered":"https:\/\/shop.bantam.ch\/produit\/carnet-de-voyage-womo-bretagne\/"},"modified":"2026-04-18T23:10:48","modified_gmt":"2026-04-18T21:10:48","slug":"carnet-de-voyage-womo-bretagne","status":"publish","type":"product","link":"https:\/\/shop.bantam.ch\/fr\/produit\/carnet-de-voyage-womo-bretagne\/","title":{"rendered":"Carnet de voyage Womo Bretagne"},"content":{"rendered":"<p>Cartes des circuits<br \/>\nPlus de 3500 km en 18 circuits \u00e0 travers la Bretagne, le long de la c\u00f4te et \u00e0 l&rsquo;int\u00e9rieur des terres. Pour chaque circuit, une carte g\u00e9n\u00e9rale indique l&rsquo;itin\u00e9raire vers les sites touristiques et les emplacements d\u00e9crits.<\/p>\n<p>Vivre la nature, randonn\u00e9e<br \/>\nLes formations rocheuses bizarres de la c\u00f4te de granit rose, les falaises abruptes et les phares dans l&rsquo;Atlantique sauvage ainsi que les sentiers enchant\u00e9s de Broc\u00e9liande offrent un d\u00e9cor parfait pour des randonn\u00e9es de r\u00eave et des tours \u00e0 v\u00e9lo adapt\u00e9s aux familles ou plus exigeants.<\/p>\n<p>Tr\u00e9sors culturels, villes<br \/>\nDes maisons \u00e0 colombages \u00e0 l&rsquo;abri du vent et des ruelles sinueuses dans des villages pittoresques. Menhirs, dolmens et cercles de pierres qui m\u00e8nent aux origines de l&rsquo;humanit\u00e9. Des cath\u00e9drales v\u00e9n\u00e9rables, des ch\u00e2teaux imposants et des paroisses encercl\u00e9es qui impressionnent.<\/p>\n<p>Se baigner, regarder et profiter<br \/>\nRuisseaux calmes et rivi\u00e8res tumultueuses, jeu fascinant des mar\u00e9es, eaux turquoises scintillantes devant des kilom\u00e8tres de plages de sable blanc, pointes abruptes et falaises offrant des vues \u00e0 couper le souffle au bout du monde, Finis Terrae.<\/p>\n<p>Service WOMO<br \/>\nDescriptions pr\u00e9cises de l&rsquo;itin\u00e9raire et donn\u00e9es GPS pour les parkings \u00e0 la journ\u00e9e et 366 aires de stationnement, de baignade, de pique-nique et de randonn\u00e9e libres et officielles, ainsi que pour les campings et les stations de service (\u00e9lectricit\u00e9, alimentation et \u00e9vacuation).<\/p>\n","protected":false},"excerpt":{"rendered":"<p>Cartes des circuits Plus de 3500 km en 18 circuits \u00e0 travers la Bretagne, le long de la c\u00f4te et \u00e0 l&rsquo;int\u00e9rieur des terres. Pour chaque circuit, une carte g\u00e9n\u00e9rale indique l&rsquo;itin\u00e9raire vers les sites touristiques et les emplacements d\u00e9crits. Vivre la nature, randonn\u00e9e Les formations rocheuses bizarres de la c\u00f4te de granit rose, les [&hellip;]<\/p>\n","protected":false},"featured_media":206962,"template":"","meta":{"_acf_changed":false},"product_featured_cat":[],"product_brand":[3124],"product_cat":[4351],"product_tag":[],"class_list":{"0":"post-196543","1":"product","2":"type-product","3":"status-publish","4":"has-post-thumbnail","6":"product_brand-womo","7":"product_cat-guides-de-voyage","9":"first","10":"instock","11":"taxable","12":"shipping-taxable","13":"purchasable","14":"product-type-simple"},"acf":[],"yoast_head":"<!-- This site is optimized with the Yoast SEO plugin v27.4 - https:\/\/yoast.com\/product\/yoast-seo-wordpress\/ -->\n<title>Carnet de voyage Womo Bretagne - Bantam Wankm\u00fcller SA<\/title>\n<meta name=\"robots\" content=\"index, follow, max-snippet:-1, max-image-preview:large, max-video-preview:-1\" \/>\n<link rel=\"canonical\" href=\"https:\/\/shop.bantam.ch\/fr\/produit\/carnet-de-voyage-womo-bretagne\/\" \/>\n<meta property=\"og:locale\" content=\"fr_FR\" \/>\n<meta property=\"og:type\" content=\"article\" \/>\n<meta property=\"og:title\" content=\"Carnet de voyage Womo Bretagne - Bantam Wankm\u00fcller SA\" \/>\n<meta property=\"og:description\" content=\"Cartes des circuits Plus de 3500 km en 18 circuits \u00e0 travers la Bretagne, le long de la c\u00f4te et \u00e0 l&rsquo;int\u00e9rieur des terres. Pour chaque circuit, une carte g\u00e9n\u00e9rale indique l&rsquo;itin\u00e9raire vers les sites touristiques et les emplacements d\u00e9crits. Vivre la nature, randonn\u00e9e Les formations rocheuses bizarres de la c\u00f4te de granit rose, les [&hellip;]\" \/>\n<meta property=\"og:url\" content=\"https:\/\/shop.bantam.ch\/fr\/produit\/carnet-de-voyage-womo-bretagne\/\" \/>\n<meta property=\"og:site_name\" content=\"Bantam Wankm\u00fcller SA\" \/>\n<meta property=\"article:modified_time\" content=\"2026-04-18T21:10:48+00:00\" \/>\n<meta property=\"og:image\" content=\"https:\/\/shop.bantam.ch\/wp-content\/uploads\/2024\/05\/Movera-L-9962009100.jpg\" \/>\n\t<meta property=\"og:image:width\" content=\"640\" \/>\n\t<meta property=\"og:image:height\" content=\"1225\" \/>\n\t<meta property=\"og:image:type\" content=\"image\/jpeg\" \/>\n<meta name=\"twitter:card\" content=\"summary_large_image\" \/>\n<meta name=\"twitter:label1\" content=\"Dur\u00e9e de lecture estim\u00e9e\" \/>\n\t<meta name=\"twitter:data1\" content=\"1 minute\" \/>\n<script type=\"application\/ld+json\" class=\"yoast-schema-graph\">{\"@context\":\"https:\\\/\\\/schema.org\",\"@graph\":[{\"@type\":\"WebPage\",\"@id\":\"https:\\\/\\\/shop.bantam.ch\\\/fr\\\/produit\\\/carnet-de-voyage-womo-bretagne\\\/\",\"url\":\"https:\\\/\\\/shop.bantam.ch\\\/fr\\\/produit\\\/carnet-de-voyage-womo-bretagne\\\/\",\"name\":\"Carnet de voyage Womo Bretagne - Bantam Wankm\u00fcller SA\",\"isPartOf\":{\"@id\":\"https:\\\/\\\/shop.bantam.ch\\\/fr\\\/#website\"},\"primaryImageOfPage\":{\"@id\":\"https:\\\/\\\/shop.bantam.ch\\\/fr\\\/produit\\\/carnet-de-voyage-womo-bretagne\\\/#primaryimage\"},\"image\":{\"@id\":\"https:\\\/\\\/shop.bantam.ch\\\/fr\\\/produit\\\/carnet-de-voyage-womo-bretagne\\\/#primaryimage\"},\"thumbnailUrl\":\"https:\\\/\\\/shop.bantam.ch\\\/wp-content\\\/uploads\\\/2024\\\/09\\\/Movera-L-9962009100.jpg\",\"datePublished\":\"2024-05-15T14:02:30+00:00\",\"dateModified\":\"2026-04-18T21:10:48+00:00\",\"breadcrumb\":{\"@id\":\"https:\\\/\\\/shop.bantam.ch\\\/fr\\\/produit\\\/carnet-de-voyage-womo-bretagne\\\/#breadcrumb\"},\"inLanguage\":\"fr-FR\",\"potentialAction\":[{\"@type\":\"ReadAction\",\"target\":[\"https:\\\/\\\/shop.bantam.ch\\\/fr\\\/produit\\\/carnet-de-voyage-womo-bretagne\\\/\"]}]},{\"@type\":\"ImageObject\",\"inLanguage\":\"fr-FR\",\"@id\":\"https:\\\/\\\/shop.bantam.ch\\\/fr\\\/produit\\\/carnet-de-voyage-womo-bretagne\\\/#primaryimage\",\"url\":\"https:\\\/\\\/shop.bantam.ch\\\/wp-content\\\/uploads\\\/2024\\\/09\\\/Movera-L-9962009100.jpg\",\"contentUrl\":\"https:\\\/\\\/shop.bantam.ch\\\/wp-content\\\/uploads\\\/2024\\\/09\\\/Movera-L-9962009100.jpg\",\"width\":640,\"height\":1225},{\"@type\":\"BreadcrumbList\",\"@id\":\"https:\\\/\\\/shop.bantam.ch\\\/fr\\\/produit\\\/carnet-de-voyage-womo-bretagne\\\/#breadcrumb\",\"itemListElement\":[{\"@type\":\"ListItem\",\"position\":1,\"name\":\"Accueil\",\"item\":\"https:\\\/\\\/shop.bantam.ch\\\/fr\\\/\"},{\"@type\":\"ListItem\",\"position\":2,\"name\":\"Boutique\",\"item\":\"https:\\\/\\\/shop.bantam.ch\\\/fr\\\/boutique\\\/\"},{\"@type\":\"ListItem\",\"position\":3,\"name\":\"Carnet de voyage Womo Bretagne\"}]},{\"@type\":\"WebSite\",\"@id\":\"https:\\\/\\\/shop.bantam.ch\\\/fr\\\/#website\",\"url\":\"https:\\\/\\\/shop.bantam.ch\\\/fr\\\/\",\"name\":\"Bantam Wankm\u00fcller SA\",\"description\":\"\",\"publisher\":{\"@id\":\"https:\\\/\\\/shop.bantam.ch\\\/fr\\\/#organization\"},\"inLanguage\":\"fr-FR\"},{\"@type\":\"Organization\",\"@id\":\"https:\\\/\\\/shop.bantam.ch\\\/fr\\\/#organization\",\"name\":\"Bantam Wankm\u00fcller SA\",\"url\":\"https:\\\/\\\/shop.bantam.ch\\\/fr\\\/\",\"logo\":{\"@type\":\"ImageObject\",\"inLanguage\":\"fr-FR\",\"@id\":\"https:\\\/\\\/shop.bantam.ch\\\/fr\\\/#\\\/schema\\\/logo\\\/image\\\/\",\"url\":\"https:\\\/\\\/shop.bantam.ch\\\/wp-content\\\/uploads\\\/2022\\\/12\\\/bantam-logo.png\",\"contentUrl\":\"https:\\\/\\\/shop.bantam.ch\\\/wp-content\\\/uploads\\\/2022\\\/12\\\/bantam-logo.png\",\"width\":320,\"height\":71,\"caption\":\"Bantam Wankm\u00fcller SA\"},\"image\":{\"@id\":\"https:\\\/\\\/shop.bantam.ch\\\/fr\\\/#\\\/schema\\\/logo\\\/image\\\/\"}}]}<\/script>\n<!-- \/ Yoast SEO plugin. -->","yoast_head_json":{"title":"Carnet de voyage Womo Bretagne - Bantam Wankm\u00fcller SA","robots":{"index":"index","follow":"follow","max-snippet":"max-snippet:-1","max-image-preview":"max-image-preview:large","max-video-preview":"max-video-preview:-1"},"canonical":"https:\/\/shop.bantam.ch\/fr\/produit\/carnet-de-voyage-womo-bretagne\/","og_locale":"fr_FR","og_type":"article","og_title":"Carnet de voyage Womo Bretagne - Bantam Wankm\u00fcller SA","og_description":"Cartes des circuits Plus de 3500 km en 18 circuits \u00e0 travers la Bretagne, le long de la c\u00f4te et \u00e0 l&rsquo;int\u00e9rieur des terres. Pour chaque circuit, une carte g\u00e9n\u00e9rale indique l&rsquo;itin\u00e9raire vers les sites touristiques et les emplacements d\u00e9crits. Vivre la nature, randonn\u00e9e Les formations rocheuses bizarres de la c\u00f4te de granit rose, les [&hellip;]","og_url":"https:\/\/shop.bantam.ch\/fr\/produit\/carnet-de-voyage-womo-bretagne\/","og_site_name":"Bantam Wankm\u00fcller SA","article_modified_time":"2026-04-18T21:10:48+00:00","og_image":[{"width":640,"height":1225,"url":"https:\/\/shop.bantam.ch\/wp-content\/uploads\/2024\/05\/Movera-L-9962009100.jpg","type":"image\/jpeg"}],"twitter_card":"summary_large_image","twitter_misc":{"Dur\u00e9e de lecture estim\u00e9e":"1 minute"},"schema":{"@context":"https:\/\/schema.org","@graph":[{"@type":"WebPage","@id":"https:\/\/shop.bantam.ch\/fr\/produit\/carnet-de-voyage-womo-bretagne\/","url":"https:\/\/shop.bantam.ch\/fr\/produit\/carnet-de-voyage-womo-bretagne\/","name":"Carnet de voyage Womo Bretagne - Bantam Wankm\u00fcller SA","isPartOf":{"@id":"https:\/\/shop.bantam.ch\/fr\/#website"},"primaryImageOfPage":{"@id":"https:\/\/shop.bantam.ch\/fr\/produit\/carnet-de-voyage-womo-bretagne\/#primaryimage"},"image":{"@id":"https:\/\/shop.bantam.ch\/fr\/produit\/carnet-de-voyage-womo-bretagne\/#primaryimage"},"thumbnailUrl":"https:\/\/shop.bantam.ch\/wp-content\/uploads\/2024\/09\/Movera-L-9962009100.jpg","datePublished":"2024-05-15T14:02:30+00:00","dateModified":"2026-04-18T21:10:48+00:00","breadcrumb":{"@id":"https:\/\/shop.bantam.ch\/fr\/produit\/carnet-de-voyage-womo-bretagne\/#breadcrumb"},"inLanguage":"fr-FR","potentialAction":[{"@type":"ReadAction","target":["https:\/\/shop.bantam.ch\/fr\/produit\/carnet-de-voyage-womo-bretagne\/"]}]},{"@type":"ImageObject","inLanguage":"fr-FR","@id":"https:\/\/shop.bantam.ch\/fr\/produit\/carnet-de-voyage-womo-bretagne\/#primaryimage","url":"https:\/\/shop.bantam.ch\/wp-content\/uploads\/2024\/09\/Movera-L-9962009100.jpg","contentUrl":"https:\/\/shop.bantam.ch\/wp-content\/uploads\/2024\/09\/Movera-L-9962009100.jpg","width":640,"height":1225},{"@type":"BreadcrumbList","@id":"https:\/\/shop.bantam.ch\/fr\/produit\/carnet-de-voyage-womo-bretagne\/#breadcrumb","itemListElement":[{"@type":"ListItem","position":1,"name":"Accueil","item":"https:\/\/shop.bantam.ch\/fr\/"},{"@type":"ListItem","position":2,"name":"Boutique","item":"https:\/\/shop.bantam.ch\/fr\/boutique\/"},{"@type":"ListItem","position":3,"name":"Carnet de voyage Womo Bretagne"}]},{"@type":"WebSite","@id":"https:\/\/shop.bantam.ch\/fr\/#website","url":"https:\/\/shop.bantam.ch\/fr\/","name":"Bantam Wankm\u00fcller SA","description":"","publisher":{"@id":"https:\/\/shop.bantam.ch\/fr\/#organization"},"inLanguage":"fr-FR"},{"@type":"Organization","@id":"https:\/\/shop.bantam.ch\/fr\/#organization","name":"Bantam Wankm\u00fcller SA","url":"https:\/\/shop.bantam.ch\/fr\/","logo":{"@type":"ImageObject","inLanguage":"fr-FR","@id":"https:\/\/shop.bantam.ch\/fr\/#\/schema\/logo\/image\/","url":"https:\/\/shop.bantam.ch\/wp-content\/uploads\/2022\/12\/bantam-logo.png","contentUrl":"https:\/\/shop.bantam.ch\/wp-content\/uploads\/2022\/12\/bantam-logo.png","width":320,"height":71,"caption":"Bantam Wankm\u00fcller SA"},"image":{"@id":"https:\/\/shop.bantam.ch\/fr\/#\/schema\/logo\/image\/"}}]}},"_links":{"self":[{"href":"https:\/\/shop.bantam.ch\/fr\/wp-json\/wp\/v2\/product\/196543","targetHints":{"allow":["GET"]}}],"collection":[{"href":"https:\/\/shop.bantam.ch\/fr\/wp-json\/wp\/v2\/product"}],"about":[{"href":"https:\/\/shop.bantam.ch\/fr\/wp-json\/wp\/v2\/types\/product"}],"wp:featuredmedia":[{"embeddable":true,"href":"https:\/\/shop.bantam.ch\/fr\/wp-json\/wp\/v2\/media\/206962"}],"wp:attachment":[{"href":"https:\/\/shop.bantam.ch\/fr\/wp-json\/wp\/v2\/media?parent=196543"}],"wp:term":[{"taxonomy":"product_featured_cat","embeddable":true,"href":"https:\/\/shop.bantam.ch\/fr\/wp-json\/wp\/v2\/product_featured_cat?post=196543"},{"taxonomy":"product_brand","embeddable":true,"href":"https:\/\/shop.bantam.ch\/fr\/wp-json\/wp\/v2\/product_brand?post=196543"},{"taxonomy":"product_cat","embeddable":true,"href":"https:\/\/shop.bantam.ch\/fr\/wp-json\/wp\/v2\/product_cat?post=196543"},{"taxonomy":"product_tag","embeddable":true,"href":"https:\/\/shop.bantam.ch\/fr\/wp-json\/wp\/v2\/product_tag?post=196543"}],"curies":[{"name":"wp","href":"https:\/\/api.w.org\/{rel}","templated":true}]}}