{"id":196483,"date":"2024-05-15T16:01:04","date_gmt":"2024-05-15T14:01:04","guid":{"rendered":"https:\/\/shop.bantam.ch\/produit\/cache-radio-acr-1-din-pour-fiat-ducato-iii-serie-8-n-xfduc8-1d\/"},"modified":"2026-04-18T23:10:32","modified_gmt":"2026-04-18T21:10:32","slug":"cache-radio-acr-1-din-pour-fiat-ducato-iii-serie-8-n-xfduc8-1d","status":"publish","type":"product","link":"https:\/\/shop.bantam.ch\/fr\/produit\/cache-radio-acr-1-din-pour-fiat-ducato-iii-serie-8-n-xfduc8-1d\/","title":{"rendered":"Cache radio ACR 1-DIN pour Fiat Ducato III S\u00e9rie 8, N-XFDUC8-1D"},"content":{"rendered":"<p>Cache-radio pour le montage de mod\u00e8les d&rsquo;appareils 1-DIN dans les v\u00e9hicules FIAT Ducato III, s\u00e9rie 8 avec pr\u00e9paration radio \u00e0 partir de l&rsquo;ann\u00e9e de construction Q3 2021. Le compartiment de rangement enfichable peut \u00eatre tourn\u00e9 et donc utilis\u00e9 en position de montage sup\u00e9rieure ou inf\u00e9rieure. Les cadres m\u00e9talliques 1-DIN d&rsquo;origine de l&rsquo;appareil peuvent \u00eatre utilis\u00e9s pour l&rsquo;installation de la radio.<\/p>\n<p>Compatible avec XZENT + ZENEC Moni- &amp; Naviceiver.<\/p>\n","protected":false},"excerpt":{"rendered":"<p>Cache-radio pour le montage de mod\u00e8les d&rsquo;appareils 1-DIN dans les v\u00e9hicules FIAT Ducato III, s\u00e9rie 8 avec pr\u00e9paration radio \u00e0 partir de l&rsquo;ann\u00e9e de construction Q3 2021. Le compartiment de rangement enfichable peut \u00eatre tourn\u00e9 et donc utilis\u00e9 en position de montage sup\u00e9rieure ou inf\u00e9rieure. Les cadres m\u00e9talliques 1-DIN d&rsquo;origine de l&rsquo;appareil peuvent \u00eatre utilis\u00e9s [&hellip;]<\/p>\n","protected":false},"featured_media":206932,"template":"","meta":{"_acf_changed":false},"product_featured_cat":[],"product_brand":[3480],"product_cat":[5005],"product_tag":[],"class_list":{"0":"post-196483","1":"product","2":"type-product","3":"status-publish","4":"has-post-thumbnail","6":"product_brand-xzent","7":"product_cat-auto-radios","9":"first","10":"instock","11":"taxable","12":"shipping-taxable","13":"purchasable","14":"product-type-simple"},"acf":[],"yoast_head":"<!-- This site is optimized with the Yoast SEO plugin v27.4 - https:\/\/yoast.com\/product\/yoast-seo-wordpress\/ -->\n<title>Cache radio ACR 1-DIN pour Fiat Ducato III S\u00e9rie 8, N-XFDUC8-1D - Bantam Wankm\u00fcller SA<\/title>\n<meta name=\"robots\" content=\"index, follow, max-snippet:-1, max-image-preview:large, max-video-preview:-1\" \/>\n<link rel=\"canonical\" href=\"https:\/\/shop.bantam.ch\/fr\/produit\/cache-radio-acr-1-din-pour-fiat-ducato-iii-serie-8-n-xfduc8-1d\/\" \/>\n<meta property=\"og:locale\" content=\"fr_FR\" \/>\n<meta property=\"og:type\" content=\"article\" \/>\n<meta property=\"og:title\" content=\"Cache radio ACR 1-DIN pour Fiat Ducato III S\u00e9rie 8, N-XFDUC8-1D - Bantam Wankm\u00fcller SA\" \/>\n<meta property=\"og:description\" content=\"Cache-radio pour le montage de mod\u00e8les d&rsquo;appareils 1-DIN dans les v\u00e9hicules FIAT Ducato III, s\u00e9rie 8 avec pr\u00e9paration radio \u00e0 partir de l&rsquo;ann\u00e9e de construction Q3 2021. Le compartiment de rangement enfichable peut \u00eatre tourn\u00e9 et donc utilis\u00e9 en position de montage sup\u00e9rieure ou inf\u00e9rieure. Les cadres m\u00e9talliques 1-DIN d&rsquo;origine de l&rsquo;appareil peuvent \u00eatre utilis\u00e9s [&hellip;]\" \/>\n<meta property=\"og:url\" content=\"https:\/\/shop.bantam.ch\/fr\/produit\/cache-radio-acr-1-din-pour-fiat-ducato-iii-serie-8-n-xfduc8-1d\/\" \/>\n<meta property=\"og:site_name\" content=\"Bantam Wankm\u00fcller SA\" \/>\n<meta property=\"article:modified_time\" content=\"2026-04-18T21:10:32+00:00\" \/>\n<meta property=\"og:image\" content=\"https:\/\/shop.bantam.ch\/wp-content\/uploads\/2024\/05\/Movera-L-9961999100.jpg\" \/>\n\t<meta property=\"og:image:width\" content=\"520\" \/>\n\t<meta property=\"og:image:height\" content=\"366\" \/>\n\t<meta property=\"og:image:type\" content=\"image\/jpeg\" \/>\n<meta name=\"twitter:card\" content=\"summary_large_image\" \/>\n<script type=\"application\/ld+json\" class=\"yoast-schema-graph\">{\"@context\":\"https:\\\/\\\/schema.org\",\"@graph\":[{\"@type\":\"WebPage\",\"@id\":\"https:\\\/\\\/shop.bantam.ch\\\/fr\\\/produit\\\/cache-radio-acr-1-din-pour-fiat-ducato-iii-serie-8-n-xfduc8-1d\\\/\",\"url\":\"https:\\\/\\\/shop.bantam.ch\\\/fr\\\/produit\\\/cache-radio-acr-1-din-pour-fiat-ducato-iii-serie-8-n-xfduc8-1d\\\/\",\"name\":\"Cache radio ACR 1-DIN pour Fiat Ducato III S\u00e9rie 8, N-XFDUC8-1D - Bantam Wankm\u00fcller SA\",\"isPartOf\":{\"@id\":\"https:\\\/\\\/shop.bantam.ch\\\/fr\\\/#website\"},\"primaryImageOfPage\":{\"@id\":\"https:\\\/\\\/shop.bantam.ch\\\/fr\\\/produit\\\/cache-radio-acr-1-din-pour-fiat-ducato-iii-serie-8-n-xfduc8-1d\\\/#primaryimage\"},\"image\":{\"@id\":\"https:\\\/\\\/shop.bantam.ch\\\/fr\\\/produit\\\/cache-radio-acr-1-din-pour-fiat-ducato-iii-serie-8-n-xfduc8-1d\\\/#primaryimage\"},\"thumbnailUrl\":\"https:\\\/\\\/shop.bantam.ch\\\/wp-content\\\/uploads\\\/2024\\\/09\\\/Movera-L-9961999100.jpg\",\"datePublished\":\"2024-05-15T14:01:04+00:00\",\"dateModified\":\"2026-04-18T21:10:32+00:00\",\"breadcrumb\":{\"@id\":\"https:\\\/\\\/shop.bantam.ch\\\/fr\\\/produit\\\/cache-radio-acr-1-din-pour-fiat-ducato-iii-serie-8-n-xfduc8-1d\\\/#breadcrumb\"},\"inLanguage\":\"fr-FR\",\"potentialAction\":[{\"@type\":\"ReadAction\",\"target\":[\"https:\\\/\\\/shop.bantam.ch\\\/fr\\\/produit\\\/cache-radio-acr-1-din-pour-fiat-ducato-iii-serie-8-n-xfduc8-1d\\\/\"]}]},{\"@type\":\"ImageObject\",\"inLanguage\":\"fr-FR\",\"@id\":\"https:\\\/\\\/shop.bantam.ch\\\/fr\\\/produit\\\/cache-radio-acr-1-din-pour-fiat-ducato-iii-serie-8-n-xfduc8-1d\\\/#primaryimage\",\"url\":\"https:\\\/\\\/shop.bantam.ch\\\/wp-content\\\/uploads\\\/2024\\\/09\\\/Movera-L-9961999100.jpg\",\"contentUrl\":\"https:\\\/\\\/shop.bantam.ch\\\/wp-content\\\/uploads\\\/2024\\\/09\\\/Movera-L-9961999100.jpg\",\"width\":520,\"height\":366},{\"@type\":\"BreadcrumbList\",\"@id\":\"https:\\\/\\\/shop.bantam.ch\\\/fr\\\/produit\\\/cache-radio-acr-1-din-pour-fiat-ducato-iii-serie-8-n-xfduc8-1d\\\/#breadcrumb\",\"itemListElement\":[{\"@type\":\"ListItem\",\"position\":1,\"name\":\"Accueil\",\"item\":\"https:\\\/\\\/shop.bantam.ch\\\/fr\\\/\"},{\"@type\":\"ListItem\",\"position\":2,\"name\":\"Boutique\",\"item\":\"https:\\\/\\\/shop.bantam.ch\\\/fr\\\/boutique\\\/\"},{\"@type\":\"ListItem\",\"position\":3,\"name\":\"Cache radio ACR 1-DIN pour Fiat Ducato III S\u00e9rie 8, N-XFDUC8-1D\"}]},{\"@type\":\"WebSite\",\"@id\":\"https:\\\/\\\/shop.bantam.ch\\\/fr\\\/#website\",\"url\":\"https:\\\/\\\/shop.bantam.ch\\\/fr\\\/\",\"name\":\"Bantam Wankm\u00fcller SA\",\"description\":\"\",\"publisher\":{\"@id\":\"https:\\\/\\\/shop.bantam.ch\\\/fr\\\/#organization\"},\"inLanguage\":\"fr-FR\"},{\"@type\":\"Organization\",\"@id\":\"https:\\\/\\\/shop.bantam.ch\\\/fr\\\/#organization\",\"name\":\"Bantam Wankm\u00fcller SA\",\"url\":\"https:\\\/\\\/shop.bantam.ch\\\/fr\\\/\",\"logo\":{\"@type\":\"ImageObject\",\"inLanguage\":\"fr-FR\",\"@id\":\"https:\\\/\\\/shop.bantam.ch\\\/fr\\\/#\\\/schema\\\/logo\\\/image\\\/\",\"url\":\"https:\\\/\\\/shop.bantam.ch\\\/wp-content\\\/uploads\\\/2022\\\/12\\\/bantam-logo.png\",\"contentUrl\":\"https:\\\/\\\/shop.bantam.ch\\\/wp-content\\\/uploads\\\/2022\\\/12\\\/bantam-logo.png\",\"width\":320,\"height\":71,\"caption\":\"Bantam Wankm\u00fcller SA\"},\"image\":{\"@id\":\"https:\\\/\\\/shop.bantam.ch\\\/fr\\\/#\\\/schema\\\/logo\\\/image\\\/\"}}]}<\/script>\n<!-- \/ Yoast SEO plugin. -->","yoast_head_json":{"title":"Cache radio ACR 1-DIN pour Fiat Ducato III S\u00e9rie 8, N-XFDUC8-1D - Bantam Wankm\u00fcller SA","robots":{"index":"index","follow":"follow","max-snippet":"max-snippet:-1","max-image-preview":"max-image-preview:large","max-video-preview":"max-video-preview:-1"},"canonical":"https:\/\/shop.bantam.ch\/fr\/produit\/cache-radio-acr-1-din-pour-fiat-ducato-iii-serie-8-n-xfduc8-1d\/","og_locale":"fr_FR","og_type":"article","og_title":"Cache radio ACR 1-DIN pour Fiat Ducato III S\u00e9rie 8, N-XFDUC8-1D - Bantam Wankm\u00fcller SA","og_description":"Cache-radio pour le montage de mod\u00e8les d&rsquo;appareils 1-DIN dans les v\u00e9hicules FIAT Ducato III, s\u00e9rie 8 avec pr\u00e9paration radio \u00e0 partir de l&rsquo;ann\u00e9e de construction Q3 2021. Le compartiment de rangement enfichable peut \u00eatre tourn\u00e9 et donc utilis\u00e9 en position de montage sup\u00e9rieure ou inf\u00e9rieure. Les cadres m\u00e9talliques 1-DIN d&rsquo;origine de l&rsquo;appareil peuvent \u00eatre utilis\u00e9s [&hellip;]","og_url":"https:\/\/shop.bantam.ch\/fr\/produit\/cache-radio-acr-1-din-pour-fiat-ducato-iii-serie-8-n-xfduc8-1d\/","og_site_name":"Bantam Wankm\u00fcller SA","article_modified_time":"2026-04-18T21:10:32+00:00","og_image":[{"width":520,"height":366,"url":"https:\/\/shop.bantam.ch\/wp-content\/uploads\/2024\/05\/Movera-L-9961999100.jpg","type":"image\/jpeg"}],"twitter_card":"summary_large_image","schema":{"@context":"https:\/\/schema.org","@graph":[{"@type":"WebPage","@id":"https:\/\/shop.bantam.ch\/fr\/produit\/cache-radio-acr-1-din-pour-fiat-ducato-iii-serie-8-n-xfduc8-1d\/","url":"https:\/\/shop.bantam.ch\/fr\/produit\/cache-radio-acr-1-din-pour-fiat-ducato-iii-serie-8-n-xfduc8-1d\/","name":"Cache radio ACR 1-DIN pour Fiat Ducato III S\u00e9rie 8, N-XFDUC8-1D - Bantam Wankm\u00fcller SA","isPartOf":{"@id":"https:\/\/shop.bantam.ch\/fr\/#website"},"primaryImageOfPage":{"@id":"https:\/\/shop.bantam.ch\/fr\/produit\/cache-radio-acr-1-din-pour-fiat-ducato-iii-serie-8-n-xfduc8-1d\/#primaryimage"},"image":{"@id":"https:\/\/shop.bantam.ch\/fr\/produit\/cache-radio-acr-1-din-pour-fiat-ducato-iii-serie-8-n-xfduc8-1d\/#primaryimage"},"thumbnailUrl":"https:\/\/shop.bantam.ch\/wp-content\/uploads\/2024\/09\/Movera-L-9961999100.jpg","datePublished":"2024-05-15T14:01:04+00:00","dateModified":"2026-04-18T21:10:32+00:00","breadcrumb":{"@id":"https:\/\/shop.bantam.ch\/fr\/produit\/cache-radio-acr-1-din-pour-fiat-ducato-iii-serie-8-n-xfduc8-1d\/#breadcrumb"},"inLanguage":"fr-FR","potentialAction":[{"@type":"ReadAction","target":["https:\/\/shop.bantam.ch\/fr\/produit\/cache-radio-acr-1-din-pour-fiat-ducato-iii-serie-8-n-xfduc8-1d\/"]}]},{"@type":"ImageObject","inLanguage":"fr-FR","@id":"https:\/\/shop.bantam.ch\/fr\/produit\/cache-radio-acr-1-din-pour-fiat-ducato-iii-serie-8-n-xfduc8-1d\/#primaryimage","url":"https:\/\/shop.bantam.ch\/wp-content\/uploads\/2024\/09\/Movera-L-9961999100.jpg","contentUrl":"https:\/\/shop.bantam.ch\/wp-content\/uploads\/2024\/09\/Movera-L-9961999100.jpg","width":520,"height":366},{"@type":"BreadcrumbList","@id":"https:\/\/shop.bantam.ch\/fr\/produit\/cache-radio-acr-1-din-pour-fiat-ducato-iii-serie-8-n-xfduc8-1d\/#breadcrumb","itemListElement":[{"@type":"ListItem","position":1,"name":"Accueil","item":"https:\/\/shop.bantam.ch\/fr\/"},{"@type":"ListItem","position":2,"name":"Boutique","item":"https:\/\/shop.bantam.ch\/fr\/boutique\/"},{"@type":"ListItem","position":3,"name":"Cache radio ACR 1-DIN pour Fiat Ducato III S\u00e9rie 8, N-XFDUC8-1D"}]},{"@type":"WebSite","@id":"https:\/\/shop.bantam.ch\/fr\/#website","url":"https:\/\/shop.bantam.ch\/fr\/","name":"Bantam Wankm\u00fcller SA","description":"","publisher":{"@id":"https:\/\/shop.bantam.ch\/fr\/#organization"},"inLanguage":"fr-FR"},{"@type":"Organization","@id":"https:\/\/shop.bantam.ch\/fr\/#organization","name":"Bantam Wankm\u00fcller SA","url":"https:\/\/shop.bantam.ch\/fr\/","logo":{"@type":"ImageObject","inLanguage":"fr-FR","@id":"https:\/\/shop.bantam.ch\/fr\/#\/schema\/logo\/image\/","url":"https:\/\/shop.bantam.ch\/wp-content\/uploads\/2022\/12\/bantam-logo.png","contentUrl":"https:\/\/shop.bantam.ch\/wp-content\/uploads\/2022\/12\/bantam-logo.png","width":320,"height":71,"caption":"Bantam Wankm\u00fcller SA"},"image":{"@id":"https:\/\/shop.bantam.ch\/fr\/#\/schema\/logo\/image\/"}}]}},"_links":{"self":[{"href":"https:\/\/shop.bantam.ch\/fr\/wp-json\/wp\/v2\/product\/196483","targetHints":{"allow":["GET"]}}],"collection":[{"href":"https:\/\/shop.bantam.ch\/fr\/wp-json\/wp\/v2\/product"}],"about":[{"href":"https:\/\/shop.bantam.ch\/fr\/wp-json\/wp\/v2\/types\/product"}],"wp:featuredmedia":[{"embeddable":true,"href":"https:\/\/shop.bantam.ch\/fr\/wp-json\/wp\/v2\/media\/206932"}],"wp:attachment":[{"href":"https:\/\/shop.bantam.ch\/fr\/wp-json\/wp\/v2\/media?parent=196483"}],"wp:term":[{"taxonomy":"product_featured_cat","embeddable":true,"href":"https:\/\/shop.bantam.ch\/fr\/wp-json\/wp\/v2\/product_featured_cat?post=196483"},{"taxonomy":"product_brand","embeddable":true,"href":"https:\/\/shop.bantam.ch\/fr\/wp-json\/wp\/v2\/product_brand?post=196483"},{"taxonomy":"product_cat","embeddable":true,"href":"https:\/\/shop.bantam.ch\/fr\/wp-json\/wp\/v2\/product_cat?post=196483"},{"taxonomy":"product_tag","embeddable":true,"href":"https:\/\/shop.bantam.ch\/fr\/wp-json\/wp\/v2\/product_tag?post=196483"}],"curies":[{"name":"wp","href":"https:\/\/api.w.org\/{rel}","templated":true}]}}